{"id":999,"date":"2022-04-03T20:25:46","date_gmt":"2022-04-03T20:25:46","guid":{"rendered":"https:\/\/herbetwa-com-842510.hostingersite.com\/product\/sage\/"},"modified":"2022-05-17T14:57:23","modified_gmt":"2022-05-17T11:57:23","slug":"adacayi","status":"publish","type":"product","link":"https:\/\/herbetwa.net\/tr\/product\/adacayi\/","title":{"rendered":"Ada\u00c7ay\u0131"},"content":{"rendered":"\n<p>Ada\u00e7ay\u0131n\u0131n bir\u00e7ok t\u0131bbi \u00f6zelli\u011fi oldu\u011fu bilinmektedir. Binlerce y\u0131ld\u0131r solunum problemlerinden sindirim sorunlar\u0131na kadar uzanan rahats\u0131zl\u0131klar\u0131 tedavi etmek i\u00e7in kullan\u0131lm\u0131\u015ft\u0131r. Ayr\u0131ca stresi, kayg\u0131y\u0131, depresyonu, uykusuzlu\u011fu, ba\u015f a\u011fr\u0131lar\u0131n\u0131, migreni, artriti ve hatta kanseri hafifletmeye yard\u0131mc\u0131 oldu\u011fu bilinmektedir!<\/p>\n\n\n\n<p> O nane ailesinden (Lamiaceae) gelir ve kokusundan sorumlu olan u\u00e7ucu ya\u011flar i\u00e7erir. Bu ya\u011flar thujone, pinen, kafur, mentol, mirsen, sineole ve limoneni i\u00e7erir. Thujone, bitkinin karakteristik kokusundan sorumlu olan birincil kimyasald\u0131r.<\/p>\n\n\n\n<p>Bug\u00fcn yayg\u0131n olarak sat\u0131lan iki t\u00fcr ada\u00e7ay\u0131 vard\u0131r: Ada\u00e7ay\u0131 (Salvia officinalis) ve Yunan Ada\u00e7ay\u0131 (Salvia fruticosa). Her iki t\u00fcr de benzer miktarlarda thujone i\u00e7erir, ancak Yunan ada\u00e7ay\u0131 ayr\u0131ca \u00f6jenol, linalool ve metil chavicol gibi y\u00fcksek d\u00fczeyde ba\u015fka kimyasallar i\u00e7erir.<\/p>\n\n\n\n<p>Ortak Ada\u00e7ay\u0131, Avrupa ve Asya&#8217;ya \u00f6zg\u00fcd\u00fcr, Yunan Ada\u00e7ay\u0131 ise Yunanistan ve T\u00fcrkiye&#8217;ye \u00f6zg\u00fcd\u00fcr. Her ikisinin de benzer kullan\u0131mlar\u0131 ve etkileri vard\u0131r, ancak k\u00f6kenlerine ba\u011fl\u0131 olarak biraz de\u011fi\u015febilirler.<\/p>\n\n\n\n<p>Yunan Ada\u00e7ay\u0131 genellikle \u00e7ay, tent\u00fcrler, merhemler ve merhemler yapmak i\u00e7in kullan\u0131l\u0131r. Ayr\u0131ca yiyecek ve i\u00e7eceklere tat vermek i\u00e7in de kullan\u0131l\u0131r. Baz\u0131 insanlar sabun yapmak i\u00e7in kullan\u0131r. Ayr\u0131ca bazen banyo \u00fcr\u00fcnlerine ve kozmetiklere eklenir.<\/p>\n\n\n\n<p>Ada\u00e7ay\u0131 genellikle kullan\u0131lmadan \u00f6nce kurutulur ve toz haline getirilir. \u00c7aylar, \u015furuplar ve merhemler olu\u015fturmak i\u00e7in genellikle bal veya \u015fekerle kar\u0131\u015ft\u0131r\u0131l\u0131r. Ayr\u0131ca yemek pi\u015firmede ve f\u0131r\u0131nlamada kullan\u0131l\u0131r. Alkolden ka\u00e7\u0131nmak isteyen ki\u015filer bunun yerine bu t\u00fcr ada\u00e7ay\u0131 kullanmay\u0131 tercih edebilirler.<\/p>\n\n\n\n<p><strong>Ad\u0131: <\/strong>Ada\u00e7ay\u0131, mutfak ada\u00e7ay\u0131, Dalma\u00e7yal\u0131 ada\u00e7ay\u0131, bah\u00e7e ada\u00e7ay\u0131, mutfak ada\u00e7ay\u0131, ger\u00e7ek ada\u00e7ay\u0131, \u00e7ay\u0131r ada\u00e7ay\u0131<\/p>\n\n\n\n<p><strong>Botanik<\/strong> <strong>Ad\u0131: <\/strong>Salvia officinalis Ailesi: Lamiaceae (nane)<\/p>\n\n\n\n<p><strong>Form: <\/strong>Kuru Yapraklar<\/p>\n\n\n\n<p><strong>Kalite: <\/strong>1. S\u0131n\u0131f<\/p>\n\n\n\n<p><strong>Paket: <\/strong>20 kg PP Torbalar<\/p>\n\n\n\n<p><strong>Bulunabilirlik: <\/strong>Mahsul haziranda ba\u015flar ve t\u00fcm y\u0131l stoklar\u0131m\u0131zda mevcuttur.<\/p>\n\n\n\n<p><strong>Bu \u00fcr\u00fcn farkl\u0131 bi\u00e7imlerde de mevcuttur:<\/strong><\/p>\n\n\n\n<p>\u00b7 Temizlenmi\u015f b\u00fct\u00fcn&nbsp;<\/p>\n\n\n\n<p>\u00b7 Standart kesim Biberiye&nbsp;<\/p>\n\n\n\n<p>\u00b7 B\u00fcy\u00fck kesim Biberiye&nbsp;<\/p>\n\n\n\n<p>\u00b7 Toz<\/p>\n\n\n\n<p>\u00b7 \u0130nce do\u011franm\u0131\u015f<\/p>\n\n\n\n<p><strong>Familyas\u0131: <\/strong>Lamiace<\/p>\n\n\n\n<p><strong>Kullan\u0131lan K\u0131sm\u0131: <\/strong>Yapraklar\u0131, saplar\u0131 ve \u00e7i\u00e7ekleri<\/p>\n\n\n\n<p><strong>Men\u015fei:<\/strong> M\u0131s\u0131r<\/p>\n\n\n\n<p><\/p>\n\n\n\n<figure class=\"wp-block-gallery has-nested-images columns-default is-cropped wp-block-gallery-1 is-layout-flex wp-block-gallery-is-layout-flex\">\n<figure class=\"wp-block-image size-large\"><img loading=\"lazy\" decoding=\"async\" width=\"1024\" height=\"1024\" data-id=\"772\" src=\"https:\/\/herbetwa-com-842510.hostingersite.com\/wp-content\/uploads\/2022\/04\/13-ince-dogranmis-ada-cayi-misir-herb-etwa.jpg\" alt=\"ithal ada\u00e7ay\u0131 G\u0131da maddesi olarak kullan\u0131l\u0131r, Toptan sat\u0131\u015f yap\u0131l\u0131r.\" class=\"wp-image-772\" srcset=\"https:\/\/herbetwa.net\/wp-content\/uploads\/2022\/04\/13-ince-dogranmis-ada-cayi-misir-herb-etwa.jpg 1024w, https:\/\/herbetwa.net\/wp-content\/uploads\/2022\/04\/13-ince-dogranmis-ada-cayi-misir-herb-etwa-300x300.jpg 300w, https:\/\/herbetwa.net\/wp-content\/uploads\/2022\/04\/13-ince-dogranmis-ada-cayi-misir-herb-etwa-150x150.jpg 150w, https:\/\/herbetwa.net\/wp-content\/uploads\/2022\/04\/13-ince-dogranmis-ada-cayi-misir-herb-etwa-768x768.jpg 768w\" sizes=\"auto, (max-width: 1024px) 100vw, 1024px\" \/><\/figure>\n\n\n\n<figure class=\"wp-block-image size-large\"><img loading=\"lazy\" decoding=\"async\" width=\"1024\" height=\"1024\" data-id=\"775\" src=\"https:\/\/herbetwa-com-842510.hostingersite.com\/wp-content\/uploads\/2022\/04\/13-toz-ada-cayi-misir-herb-etwa2.jpg\" alt=\"ithal Tozu ada\u00e7ay\u0131 Toptanc\u0131lar i\u00e7in\" class=\"wp-image-775\" srcset=\"https:\/\/herbetwa.net\/wp-content\/uploads\/2022\/04\/13-toz-ada-cayi-misir-herb-etwa2.jpg 1024w, https:\/\/herbetwa.net\/wp-content\/uploads\/2022\/04\/13-toz-ada-cayi-misir-herb-etwa2-300x300.jpg 300w, https:\/\/herbetwa.net\/wp-content\/uploads\/2022\/04\/13-toz-ada-cayi-misir-herb-etwa2-150x150.jpg 150w, https:\/\/herbetwa.net\/wp-content\/uploads\/2022\/04\/13-toz-ada-cayi-misir-herb-etwa2-768x768.jpg 768w\" sizes=\"auto, (max-width: 1024px) 100vw, 1024px\" \/><\/figure>\n\n\n\n<figure class=\"wp-block-image size-large\"><img loading=\"lazy\" decoding=\"async\" width=\"1024\" height=\"1024\" data-id=\"778\" src=\"https:\/\/herbetwa-com-842510.hostingersite.com\/wp-content\/uploads\/2022\/04\/13-toz-ada-cayi-misir-herb-etwa6.jpg\" alt=\"\u0130thal Tozu Ada \u00c7ay\u0131\" class=\"wp-image-778\" srcset=\"https:\/\/herbetwa.net\/wp-content\/uploads\/2022\/04\/13-toz-ada-cayi-misir-herb-etwa6.jpg 1024w, https:\/\/herbetwa.net\/wp-content\/uploads\/2022\/04\/13-toz-ada-cayi-misir-herb-etwa6-300x300.jpg 300w, https:\/\/herbetwa.net\/wp-content\/uploads\/2022\/04\/13-toz-ada-cayi-misir-herb-etwa6-150x150.jpg 150w, https:\/\/herbetwa.net\/wp-content\/uploads\/2022\/04\/13-toz-ada-cayi-misir-herb-etwa6-768x768.jpg 768w\" sizes=\"auto, (max-width: 1024px) 100vw, 1024px\" \/><\/figure>\n<\/figure>\n","protected":false},"featured_media":772,"template":"","product-category":[23],"class_list":["post-999","product","type-product","status-publish","has-post-thumbnail","hentry","product-category-otlarotlar"],"yoast_head":"<!-- This site is optimized with the Yoast SEO Premium plugin v16.6 (Yoast SEO v27.4) - https:\/\/yoast.com\/product\/yoast-seo-premium-wordpress\/ -->\n<title>Toptan Ada\u00c7ay\u0131 tedarik\u00e7isi | Herb Etwa | Hemen fiyat teklifi<\/title>\n<meta name=\"description\" content=\"Ada\u00e7ay\u0131 g\u00fcvenilir tedarik\u00e7isi. Bitkisel \u00fcr\u00fcn toptanc\u0131lar\u0131 ve distrib\u00fct\u00f6rleri i\u00e7in toplu sat\u0131\u015flar yap\u0131l\u0131r. \u00dcCRETS\u0130Z NUMUNE TALEB\u0130\" \/>\n<meta name=\"robots\" content=\"index, follow, max-snippet:-1, max-image-preview:large, max-video-preview:-1\" \/>\n<link rel=\"canonical\" href=\"https:\/\/herbetwa.net\/tr\/product\/adacayi\/\" \/>\n<meta property=\"og:locale\" content=\"tr_TR\" \/>\n<meta property=\"og:type\" content=\"article\" \/>\n<meta property=\"og:title\" content=\"Ada\u00c7ay\u0131\" \/>\n<meta property=\"og:description\" content=\"Ada\u00e7ay\u0131 g\u00fcvenilir tedarik\u00e7isi. Bitkisel \u00fcr\u00fcn toptanc\u0131lar\u0131 ve distrib\u00fct\u00f6rleri i\u00e7in toplu sat\u0131\u015flar yap\u0131l\u0131r. \u00dcCRETS\u0130Z NUMUNE TALEB\u0130\" \/>\n<meta property=\"og:url\" content=\"https:\/\/herbetwa.net\/tr\/product\/adacayi\/\" \/>\n<meta property=\"og:site_name\" content=\"Herb Etwa\" \/>\n<meta property=\"article:modified_time\" content=\"2022-05-17T11:57:23+00:00\" \/>\n<meta property=\"og:image\" content=\"https:\/\/herbetwa.net\/wp-content\/uploads\/2022\/04\/13-ince-dogranmis-ada-cayi-misir-herb-etwa.jpg\" \/>\n\t<meta property=\"og:image:width\" content=\"1024\" \/>\n\t<meta property=\"og:image:height\" content=\"1024\" \/>\n\t<meta property=\"og:image:type\" content=\"image\/jpeg\" \/>\n<meta name=\"twitter:card\" content=\"summary_large_image\" \/>\n<meta name=\"twitter:label1\" content=\"Tahmini okuma s\u00fcresi\" \/>\n\t<meta name=\"twitter:data1\" content=\"2 dakika\" \/>\n<script type=\"application\/ld+json\" class=\"yoast-schema-graph\">{\"@context\":\"https:\\\/\\\/schema.org\",\"@graph\":[{\"@type\":\"WebPage\",\"@id\":\"https:\\\/\\\/herbetwa.net\\\/tr\\\/product\\\/adacayi\\\/\",\"url\":\"https:\\\/\\\/herbetwa.net\\\/tr\\\/product\\\/adacayi\\\/\",\"name\":\"Toptan Ada\u00c7ay\u0131 tedarik\u00e7isi | Herb Etwa | Hemen fiyat teklifi\",\"isPartOf\":{\"@id\":\"https:\\\/\\\/herbetwa.net\\\/en\\\/#website\"},\"primaryImageOfPage\":{\"@id\":\"https:\\\/\\\/herbetwa.net\\\/tr\\\/product\\\/adacayi\\\/#primaryimage\"},\"image\":{\"@id\":\"https:\\\/\\\/herbetwa.net\\\/tr\\\/product\\\/adacayi\\\/#primaryimage\"},\"thumbnailUrl\":\"https:\\\/\\\/herbetwa.net\\\/wp-content\\\/uploads\\\/2022\\\/04\\\/13-ince-dogranmis-ada-cayi-misir-herb-etwa.jpg\",\"datePublished\":\"2022-04-03T20:25:46+00:00\",\"dateModified\":\"2022-05-17T11:57:23+00:00\",\"description\":\"Ada\u00e7ay\u0131 g\u00fcvenilir tedarik\u00e7isi. Bitkisel \u00fcr\u00fcn toptanc\u0131lar\u0131 ve distrib\u00fct\u00f6rleri i\u00e7in toplu sat\u0131\u015flar yap\u0131l\u0131r. \u00dcCRETS\u0130Z NUMUNE TALEB\u0130\",\"breadcrumb\":{\"@id\":\"https:\\\/\\\/herbetwa.net\\\/tr\\\/product\\\/adacayi\\\/#breadcrumb\"},\"inLanguage\":\"tr\",\"potentialAction\":[{\"@type\":\"ReadAction\",\"target\":[\"https:\\\/\\\/herbetwa.net\\\/tr\\\/product\\\/adacayi\\\/\"]}]},{\"@type\":\"ImageObject\",\"inLanguage\":\"tr\",\"@id\":\"https:\\\/\\\/herbetwa.net\\\/tr\\\/product\\\/adacayi\\\/#primaryimage\",\"url\":\"https:\\\/\\\/herbetwa.net\\\/wp-content\\\/uploads\\\/2022\\\/04\\\/13-ince-dogranmis-ada-cayi-misir-herb-etwa.jpg\",\"contentUrl\":\"https:\\\/\\\/herbetwa.net\\\/wp-content\\\/uploads\\\/2022\\\/04\\\/13-ince-dogranmis-ada-cayi-misir-herb-etwa.jpg\",\"width\":1024,\"height\":1024,\"caption\":\"ithal ada\u00e7ay\u0131 G\u0131da maddesi olarak kullan\u0131l\u0131r, Toptan sat\u0131\u015f yap\u0131l\u0131r.\"},{\"@type\":\"BreadcrumbList\",\"@id\":\"https:\\\/\\\/herbetwa.net\\\/tr\\\/product\\\/adacayi\\\/#breadcrumb\",\"itemListElement\":[{\"@type\":\"ListItem\",\"position\":1,\"name\":\"Home\",\"item\":\"https:\\\/\\\/www.herbetwa.net\\\/tr\\\/\"},{\"@type\":\"ListItem\",\"position\":2,\"name\":\"Ada\u00c7ay\u0131\"}]},{\"@type\":\"WebSite\",\"@id\":\"https:\\\/\\\/herbetwa.net\\\/en\\\/#website\",\"url\":\"https:\\\/\\\/herbetwa.net\\\/en\\\/\",\"name\":\"Herb Etwa\",\"description\":\"Herbs and Spices From Middle East\",\"potentialAction\":[{\"@type\":\"SearchAction\",\"target\":{\"@type\":\"EntryPoint\",\"urlTemplate\":\"https:\\\/\\\/herbetwa.net\\\/en\\\/?s={search_term_string}\"},\"query-input\":{\"@type\":\"PropertyValueSpecification\",\"valueRequired\":true,\"valueName\":\"search_term_string\"}}],\"inLanguage\":\"tr\"}]}<\/script>\n<!-- \/ Yoast SEO Premium plugin. -->","yoast_head_json":{"title":"Toptan Ada\u00c7ay\u0131 tedarik\u00e7isi | Herb Etwa | Hemen fiyat teklifi","description":"Ada\u00e7ay\u0131 g\u00fcvenilir tedarik\u00e7isi. Bitkisel \u00fcr\u00fcn toptanc\u0131lar\u0131 ve distrib\u00fct\u00f6rleri i\u00e7in toplu sat\u0131\u015flar yap\u0131l\u0131r. \u00dcCRETS\u0130Z NUMUNE TALEB\u0130","robots":{"index":"index","follow":"follow","max-snippet":"max-snippet:-1","max-image-preview":"max-image-preview:large","max-video-preview":"max-video-preview:-1"},"canonical":"https:\/\/herbetwa.net\/tr\/product\/adacayi\/","og_locale":"tr_TR","og_type":"article","og_title":"Ada\u00c7ay\u0131","og_description":"Ada\u00e7ay\u0131 g\u00fcvenilir tedarik\u00e7isi. Bitkisel \u00fcr\u00fcn toptanc\u0131lar\u0131 ve distrib\u00fct\u00f6rleri i\u00e7in toplu sat\u0131\u015flar yap\u0131l\u0131r. \u00dcCRETS\u0130Z NUMUNE TALEB\u0130","og_url":"https:\/\/herbetwa.net\/tr\/product\/adacayi\/","og_site_name":"Herb Etwa","article_modified_time":"2022-05-17T11:57:23+00:00","og_image":[{"width":1024,"height":1024,"url":"https:\/\/herbetwa.net\/wp-content\/uploads\/2022\/04\/13-ince-dogranmis-ada-cayi-misir-herb-etwa.jpg","type":"image\/jpeg"}],"twitter_card":"summary_large_image","twitter_misc":{"Tahmini okuma s\u00fcresi":"2 dakika"},"schema":{"@context":"https:\/\/schema.org","@graph":[{"@type":"WebPage","@id":"https:\/\/herbetwa.net\/tr\/product\/adacayi\/","url":"https:\/\/herbetwa.net\/tr\/product\/adacayi\/","name":"Toptan Ada\u00c7ay\u0131 tedarik\u00e7isi | Herb Etwa | Hemen fiyat teklifi","isPartOf":{"@id":"https:\/\/herbetwa.net\/en\/#website"},"primaryImageOfPage":{"@id":"https:\/\/herbetwa.net\/tr\/product\/adacayi\/#primaryimage"},"image":{"@id":"https:\/\/herbetwa.net\/tr\/product\/adacayi\/#primaryimage"},"thumbnailUrl":"https:\/\/herbetwa.net\/wp-content\/uploads\/2022\/04\/13-ince-dogranmis-ada-cayi-misir-herb-etwa.jpg","datePublished":"2022-04-03T20:25:46+00:00","dateModified":"2022-05-17T11:57:23+00:00","description":"Ada\u00e7ay\u0131 g\u00fcvenilir tedarik\u00e7isi. Bitkisel \u00fcr\u00fcn toptanc\u0131lar\u0131 ve distrib\u00fct\u00f6rleri i\u00e7in toplu sat\u0131\u015flar yap\u0131l\u0131r. \u00dcCRETS\u0130Z NUMUNE TALEB\u0130","breadcrumb":{"@id":"https:\/\/herbetwa.net\/tr\/product\/adacayi\/#breadcrumb"},"inLanguage":"tr","potentialAction":[{"@type":"ReadAction","target":["https:\/\/herbetwa.net\/tr\/product\/adacayi\/"]}]},{"@type":"ImageObject","inLanguage":"tr","@id":"https:\/\/herbetwa.net\/tr\/product\/adacayi\/#primaryimage","url":"https:\/\/herbetwa.net\/wp-content\/uploads\/2022\/04\/13-ince-dogranmis-ada-cayi-misir-herb-etwa.jpg","contentUrl":"https:\/\/herbetwa.net\/wp-content\/uploads\/2022\/04\/13-ince-dogranmis-ada-cayi-misir-herb-etwa.jpg","width":1024,"height":1024,"caption":"ithal ada\u00e7ay\u0131 G\u0131da maddesi olarak kullan\u0131l\u0131r, Toptan sat\u0131\u015f yap\u0131l\u0131r."},{"@type":"BreadcrumbList","@id":"https:\/\/herbetwa.net\/tr\/product\/adacayi\/#breadcrumb","itemListElement":[{"@type":"ListItem","position":1,"name":"Home","item":"https:\/\/www.herbetwa.net\/tr\/"},{"@type":"ListItem","position":2,"name":"Ada\u00c7ay\u0131"}]},{"@type":"WebSite","@id":"https:\/\/herbetwa.net\/en\/#website","url":"https:\/\/herbetwa.net\/en\/","name":"Herb Etwa","description":"Herbs and Spices From Middle East","potentialAction":[{"@type":"SearchAction","target":{"@type":"EntryPoint","urlTemplate":"https:\/\/herbetwa.net\/en\/?s={search_term_string}"},"query-input":{"@type":"PropertyValueSpecification","valueRequired":true,"valueName":"search_term_string"}}],"inLanguage":"tr"}]}},"_links":{"self":[{"href":"https:\/\/herbetwa.net\/tr\/wp-json\/wp\/v2\/product\/999","targetHints":{"allow":["GET"]}}],"collection":[{"href":"https:\/\/herbetwa.net\/tr\/wp-json\/wp\/v2\/product"}],"about":[{"href":"https:\/\/herbetwa.net\/tr\/wp-json\/wp\/v2\/types\/product"}],"wp:featuredmedia":[{"embeddable":true,"href":"https:\/\/herbetwa.net\/tr\/wp-json\/wp\/v2\/media\/772"}],"wp:attachment":[{"href":"https:\/\/herbetwa.net\/tr\/wp-json\/wp\/v2\/media?parent=999"}],"wp:term":[{"taxonomy":"product-category","embeddable":true,"href":"https:\/\/herbetwa.net\/tr\/wp-json\/wp\/v2\/product-category?post=999"}],"curies":[{"name":"wp","href":"https:\/\/api.w.org\/{rel}","templated":true}]}}