{"id":989,"date":"2022-04-03T20:23:00","date_gmt":"2022-04-03T20:23:00","guid":{"rendered":"https:\/\/herbetwa-com-842510.hostingersite.com\/product\/calendula-petals\/"},"modified":"2022-05-20T15:42:10","modified_gmt":"2022-05-20T12:42:10","slug":"aynisefa-yapragi","status":"publish","type":"product","link":"https:\/\/herbetwa.net\/tr\/product\/aynisefa-yapragi\/","title":{"rendered":"Ayn\u0131sefa Yapra\u011f\u0131"},"content":{"rendered":"\n<p>Sar\u0131 ve turuncu renklerinden dolay\u0131 Portakal Nergisi, Alt\u0131nc\u0131k, Gecesefas\u0131 olarak da bilinir.<\/p>\n\n\n\n<p>\u0130lgili yasa ve y\u00f6netmelikler gere\u011fi bitkisel destek \u00fcr\u00fcnleri ile ilgili hastal\u0131k ad\u0131 veya endikasyon belirterek tan\u0131t\u0131m yap\u0131lmamaktad\u0131r. \u00dcr\u00fcnlerimiz ila\u00e7 de\u011fil; bitkisel takviye niteli\u011findedir.Hamilelerin \u00e7ay olarak kullanmas\u0131 sak\u0131ncal\u0131d\u0131r.<\/p>\n\n\n\n<p><strong>Ad\u0131: <\/strong>Ayn\u0131sefa Yapra\u011f\u0131<\/p>\n\n\n\n<p><strong>Botanik<\/strong> <strong>Ad\u0131: <\/strong>Calendula Officinalis Alternatif isimler Pot Marigold<\/p>\n\n\n\n<p><strong>Form: <\/strong>Ayn\u0131sefa Yapraklar\u0131<\/p>\n\n\n\n<p><strong>Kalite: <\/strong>1. S\u0131n\u0131f<\/p>\n\n\n\n<p><strong>Paket: <\/strong>10 kg karton kutular ve PP torbalar<\/p>\n\n\n\n<p><strong>Bulunabilirlik: <\/strong>Mahsul Nisan ay\u0131nda ba\u015flar ve t\u00fcm y\u0131l stoklar\u0131m\u0131zda mevcuttur.<\/p>\n\n\n\n<p><strong>&nbsp;Men\u015fei:<\/strong> M\u0131s\u0131r<\/p>\n\n\n\n<figure class=\"wp-block-gallery has-nested-images columns-default is-cropped wp-block-gallery-1 is-layout-flex wp-block-gallery-is-layout-flex\">\n<figure class=\"wp-block-image size-large\"><img loading=\"lazy\" decoding=\"async\" width=\"1024\" height=\"1024\" data-id=\"757\" src=\"https:\/\/herbetwa-com-842510.hostingersite.com\/wp-content\/uploads\/2022\/04\/11-ayni-sefa-yapragi-misir-herb-etwa2.jpg\" alt=\"\u0130thal Ayn\u0131safa \u00c7i\u00e7e\u011fi Toptan Sat\u0131\u015f yap\u0131l\u0131r\" class=\"wp-image-757\" srcset=\"https:\/\/herbetwa.net\/wp-content\/uploads\/2022\/04\/11-ayni-sefa-yapragi-misir-herb-etwa2.jpg 1024w, https:\/\/herbetwa.net\/wp-content\/uploads\/2022\/04\/11-ayni-sefa-yapragi-misir-herb-etwa2-300x300.jpg 300w, https:\/\/herbetwa.net\/wp-content\/uploads\/2022\/04\/11-ayni-sefa-yapragi-misir-herb-etwa2-150x150.jpg 150w, https:\/\/herbetwa.net\/wp-content\/uploads\/2022\/04\/11-ayni-sefa-yapragi-misir-herb-etwa2-768x768.jpg 768w\" sizes=\"auto, (max-width: 1024px) 100vw, 1024px\" \/><\/figure>\n\n\n\n<figure class=\"wp-block-image size-large\"><img loading=\"lazy\" decoding=\"async\" width=\"743\" height=\"514\" data-id=\"760\" src=\"https:\/\/herbetwa-com-842510.hostingersite.com\/wp-content\/uploads\/2022\/04\/11-ayni-sefa-yapragi-misir-herb-etwa3.png\" alt=\"\u0130thal Kadife \u00e7i\u00e7e\u011fi Toptan Sat\u0131\u015f yap\u0131l\u0131r.\" class=\"wp-image-760\" srcset=\"https:\/\/herbetwa.net\/wp-content\/uploads\/2022\/04\/11-ayni-sefa-yapragi-misir-herb-etwa3.png 743w, https:\/\/herbetwa.net\/wp-content\/uploads\/2022\/04\/11-ayni-sefa-yapragi-misir-herb-etwa3-300x208.png 300w\" sizes=\"auto, (max-width: 743px) 100vw, 743px\" \/><\/figure>\n<\/figure>\n","protected":false},"featured_media":754,"template":"","product-category":[23],"class_list":["post-989","product","type-product","status-publish","has-post-thumbnail","hentry","product-category-otlarotlar"],"yoast_head":"<!-- This site is optimized with the Yoast SEO Premium plugin v16.6 (Yoast SEO v27.4) - https:\/\/yoast.com\/product\/yoast-seo-premium-wordpress\/ -->\n<title>Toptan Ayn\u0131sefa yapra\u011f\u0131 tedari\u011fi |Herb Etwa| Hemen fiyat teklifi<\/title>\n<meta name=\"description\" content=\"Ayn\u0131sefa yapra\u011f\u0131n\u0131n g\u00fcvenilir tedarik\u00e7isi. Bitkisel \u00fcr\u00fcn toptanc\u0131lar\u0131 ve distrib\u00fct\u00f6rleri i\u00e7in toplu sat\u0131\u015flar yap\u0131l\u0131r. \u00dcCRETS\u0130Z NUMUNE TALEB\u0130\" \/>\n<meta name=\"robots\" content=\"index, follow, max-snippet:-1, max-image-preview:large, max-video-preview:-1\" \/>\n<link rel=\"canonical\" href=\"https:\/\/herbetwa.net\/tr\/product\/aynisefa-yapragi\/\" \/>\n<meta property=\"og:locale\" content=\"tr_TR\" \/>\n<meta property=\"og:type\" content=\"article\" \/>\n<meta property=\"og:title\" content=\"Ayn\u0131sefa Yapra\u011f\u0131\" \/>\n<meta property=\"og:description\" content=\"Ayn\u0131sefa yapra\u011f\u0131n\u0131n g\u00fcvenilir tedarik\u00e7isi. Bitkisel \u00fcr\u00fcn toptanc\u0131lar\u0131 ve distrib\u00fct\u00f6rleri i\u00e7in toplu sat\u0131\u015flar yap\u0131l\u0131r. \u00dcCRETS\u0130Z NUMUNE TALEB\u0130\" \/>\n<meta property=\"og:url\" content=\"https:\/\/herbetwa.net\/tr\/product\/aynisefa-yapragi\/\" \/>\n<meta property=\"og:site_name\" content=\"Herb Etwa\" \/>\n<meta property=\"article:modified_time\" content=\"2022-05-20T12:42:10+00:00\" \/>\n<meta property=\"og:image\" content=\"https:\/\/herbetwa.net\/wp-content\/uploads\/2022\/04\/11-ayni-sefa-yapragi-misir-herb-etwa1.jpg\" \/>\n\t<meta property=\"og:image:width\" content=\"1024\" \/>\n\t<meta property=\"og:image:height\" content=\"1024\" \/>\n\t<meta property=\"og:image:type\" content=\"image\/jpeg\" \/>\n<meta name=\"twitter:card\" content=\"summary_large_image\" \/>\n<meta name=\"twitter:label1\" content=\"Tahmini okuma s\u00fcresi\" \/>\n\t<meta name=\"twitter:data1\" content=\"1 dakika\" \/>\n<script type=\"application\/ld+json\" class=\"yoast-schema-graph\">{\"@context\":\"https:\\\/\\\/schema.org\",\"@graph\":[{\"@type\":\"WebPage\",\"@id\":\"https:\\\/\\\/herbetwa.net\\\/tr\\\/product\\\/aynisefa-yapragi\\\/\",\"url\":\"https:\\\/\\\/herbetwa.net\\\/tr\\\/product\\\/aynisefa-yapragi\\\/\",\"name\":\"Toptan Ayn\u0131sefa yapra\u011f\u0131 tedari\u011fi |Herb Etwa| Hemen fiyat teklifi\",\"isPartOf\":{\"@id\":\"https:\\\/\\\/herbetwa.net\\\/en\\\/#website\"},\"primaryImageOfPage\":{\"@id\":\"https:\\\/\\\/herbetwa.net\\\/tr\\\/product\\\/aynisefa-yapragi\\\/#primaryimage\"},\"image\":{\"@id\":\"https:\\\/\\\/herbetwa.net\\\/tr\\\/product\\\/aynisefa-yapragi\\\/#primaryimage\"},\"thumbnailUrl\":\"https:\\\/\\\/herbetwa.net\\\/wp-content\\\/uploads\\\/2022\\\/04\\\/11-ayni-sefa-yapragi-misir-herb-etwa1.jpg\",\"datePublished\":\"2022-04-03T20:23:00+00:00\",\"dateModified\":\"2022-05-20T12:42:10+00:00\",\"description\":\"Ayn\u0131sefa yapra\u011f\u0131n\u0131n g\u00fcvenilir tedarik\u00e7isi. Bitkisel \u00fcr\u00fcn toptanc\u0131lar\u0131 ve distrib\u00fct\u00f6rleri i\u00e7in toplu sat\u0131\u015flar yap\u0131l\u0131r. \u00dcCRETS\u0130Z NUMUNE TALEB\u0130\",\"breadcrumb\":{\"@id\":\"https:\\\/\\\/herbetwa.net\\\/tr\\\/product\\\/aynisefa-yapragi\\\/#breadcrumb\"},\"inLanguage\":\"tr\",\"potentialAction\":[{\"@type\":\"ReadAction\",\"target\":[\"https:\\\/\\\/herbetwa.net\\\/tr\\\/product\\\/aynisefa-yapragi\\\/\"]}]},{\"@type\":\"ImageObject\",\"inLanguage\":\"tr\",\"@id\":\"https:\\\/\\\/herbetwa.net\\\/tr\\\/product\\\/aynisefa-yapragi\\\/#primaryimage\",\"url\":\"https:\\\/\\\/herbetwa.net\\\/wp-content\\\/uploads\\\/2022\\\/04\\\/11-ayni-sefa-yapragi-misir-herb-etwa1.jpg\",\"contentUrl\":\"https:\\\/\\\/herbetwa.net\\\/wp-content\\\/uploads\\\/2022\\\/04\\\/11-ayni-sefa-yapragi-misir-herb-etwa1.jpg\",\"width\":1024,\"height\":1024,\"caption\":\"\u0130thal Ayn\u0131safa \u00c7i\u00e7e\u011fi veya Kadife \u00e7i\u00e7e\u011fi, \u00c7i\u00e7ekleri Cilt i\u00e7in Ya\u011f \u00d6z\u00fc ve Krem Yap\u0131m\u0131nda Kullan\u0131l\u0131r, Toptan Sat\u0131\u015f yap\u0131l\u0131r.\"},{\"@type\":\"BreadcrumbList\",\"@id\":\"https:\\\/\\\/herbetwa.net\\\/tr\\\/product\\\/aynisefa-yapragi\\\/#breadcrumb\",\"itemListElement\":[{\"@type\":\"ListItem\",\"position\":1,\"name\":\"Home\",\"item\":\"https:\\\/\\\/www.herbetwa.net\\\/tr\\\/\"},{\"@type\":\"ListItem\",\"position\":2,\"name\":\"Ayn\u0131sefa Yapra\u011f\u0131\"}]},{\"@type\":\"WebSite\",\"@id\":\"https:\\\/\\\/herbetwa.net\\\/en\\\/#website\",\"url\":\"https:\\\/\\\/herbetwa.net\\\/en\\\/\",\"name\":\"Herb Etwa\",\"description\":\"Herbs and Spices From Middle East\",\"potentialAction\":[{\"@type\":\"SearchAction\",\"target\":{\"@type\":\"EntryPoint\",\"urlTemplate\":\"https:\\\/\\\/herbetwa.net\\\/en\\\/?s={search_term_string}\"},\"query-input\":{\"@type\":\"PropertyValueSpecification\",\"valueRequired\":true,\"valueName\":\"search_term_string\"}}],\"inLanguage\":\"tr\"}]}<\/script>\n<!-- \/ Yoast SEO Premium plugin. -->","yoast_head_json":{"title":"Toptan Ayn\u0131sefa yapra\u011f\u0131 tedari\u011fi |Herb Etwa| Hemen fiyat teklifi","description":"Ayn\u0131sefa yapra\u011f\u0131n\u0131n g\u00fcvenilir tedarik\u00e7isi. Bitkisel \u00fcr\u00fcn toptanc\u0131lar\u0131 ve distrib\u00fct\u00f6rleri i\u00e7in toplu sat\u0131\u015flar yap\u0131l\u0131r. \u00dcCRETS\u0130Z NUMUNE TALEB\u0130","robots":{"index":"index","follow":"follow","max-snippet":"max-snippet:-1","max-image-preview":"max-image-preview:large","max-video-preview":"max-video-preview:-1"},"canonical":"https:\/\/herbetwa.net\/tr\/product\/aynisefa-yapragi\/","og_locale":"tr_TR","og_type":"article","og_title":"Ayn\u0131sefa Yapra\u011f\u0131","og_description":"Ayn\u0131sefa yapra\u011f\u0131n\u0131n g\u00fcvenilir tedarik\u00e7isi. Bitkisel \u00fcr\u00fcn toptanc\u0131lar\u0131 ve distrib\u00fct\u00f6rleri i\u00e7in toplu sat\u0131\u015flar yap\u0131l\u0131r. \u00dcCRETS\u0130Z NUMUNE TALEB\u0130","og_url":"https:\/\/herbetwa.net\/tr\/product\/aynisefa-yapragi\/","og_site_name":"Herb Etwa","article_modified_time":"2022-05-20T12:42:10+00:00","og_image":[{"width":1024,"height":1024,"url":"https:\/\/herbetwa.net\/wp-content\/uploads\/2022\/04\/11-ayni-sefa-yapragi-misir-herb-etwa1.jpg","type":"image\/jpeg"}],"twitter_card":"summary_large_image","twitter_misc":{"Tahmini okuma s\u00fcresi":"1 dakika"},"schema":{"@context":"https:\/\/schema.org","@graph":[{"@type":"WebPage","@id":"https:\/\/herbetwa.net\/tr\/product\/aynisefa-yapragi\/","url":"https:\/\/herbetwa.net\/tr\/product\/aynisefa-yapragi\/","name":"Toptan Ayn\u0131sefa yapra\u011f\u0131 tedari\u011fi |Herb Etwa| Hemen fiyat teklifi","isPartOf":{"@id":"https:\/\/herbetwa.net\/en\/#website"},"primaryImageOfPage":{"@id":"https:\/\/herbetwa.net\/tr\/product\/aynisefa-yapragi\/#primaryimage"},"image":{"@id":"https:\/\/herbetwa.net\/tr\/product\/aynisefa-yapragi\/#primaryimage"},"thumbnailUrl":"https:\/\/herbetwa.net\/wp-content\/uploads\/2022\/04\/11-ayni-sefa-yapragi-misir-herb-etwa1.jpg","datePublished":"2022-04-03T20:23:00+00:00","dateModified":"2022-05-20T12:42:10+00:00","description":"Ayn\u0131sefa yapra\u011f\u0131n\u0131n g\u00fcvenilir tedarik\u00e7isi. Bitkisel \u00fcr\u00fcn toptanc\u0131lar\u0131 ve distrib\u00fct\u00f6rleri i\u00e7in toplu sat\u0131\u015flar yap\u0131l\u0131r. \u00dcCRETS\u0130Z NUMUNE TALEB\u0130","breadcrumb":{"@id":"https:\/\/herbetwa.net\/tr\/product\/aynisefa-yapragi\/#breadcrumb"},"inLanguage":"tr","potentialAction":[{"@type":"ReadAction","target":["https:\/\/herbetwa.net\/tr\/product\/aynisefa-yapragi\/"]}]},{"@type":"ImageObject","inLanguage":"tr","@id":"https:\/\/herbetwa.net\/tr\/product\/aynisefa-yapragi\/#primaryimage","url":"https:\/\/herbetwa.net\/wp-content\/uploads\/2022\/04\/11-ayni-sefa-yapragi-misir-herb-etwa1.jpg","contentUrl":"https:\/\/herbetwa.net\/wp-content\/uploads\/2022\/04\/11-ayni-sefa-yapragi-misir-herb-etwa1.jpg","width":1024,"height":1024,"caption":"\u0130thal Ayn\u0131safa \u00c7i\u00e7e\u011fi veya Kadife \u00e7i\u00e7e\u011fi, \u00c7i\u00e7ekleri Cilt i\u00e7in Ya\u011f \u00d6z\u00fc ve Krem Yap\u0131m\u0131nda Kullan\u0131l\u0131r, Toptan Sat\u0131\u015f yap\u0131l\u0131r."},{"@type":"BreadcrumbList","@id":"https:\/\/herbetwa.net\/tr\/product\/aynisefa-yapragi\/#breadcrumb","itemListElement":[{"@type":"ListItem","position":1,"name":"Home","item":"https:\/\/www.herbetwa.net\/tr\/"},{"@type":"ListItem","position":2,"name":"Ayn\u0131sefa Yapra\u011f\u0131"}]},{"@type":"WebSite","@id":"https:\/\/herbetwa.net\/en\/#website","url":"https:\/\/herbetwa.net\/en\/","name":"Herb Etwa","description":"Herbs and Spices From Middle East","potentialAction":[{"@type":"SearchAction","target":{"@type":"EntryPoint","urlTemplate":"https:\/\/herbetwa.net\/en\/?s={search_term_string}"},"query-input":{"@type":"PropertyValueSpecification","valueRequired":true,"valueName":"search_term_string"}}],"inLanguage":"tr"}]}},"_links":{"self":[{"href":"https:\/\/herbetwa.net\/tr\/wp-json\/wp\/v2\/product\/989","targetHints":{"allow":["GET"]}}],"collection":[{"href":"https:\/\/herbetwa.net\/tr\/wp-json\/wp\/v2\/product"}],"about":[{"href":"https:\/\/herbetwa.net\/tr\/wp-json\/wp\/v2\/types\/product"}],"wp:featuredmedia":[{"embeddable":true,"href":"https:\/\/herbetwa.net\/tr\/wp-json\/wp\/v2\/media\/754"}],"wp:attachment":[{"href":"https:\/\/herbetwa.net\/tr\/wp-json\/wp\/v2\/media?parent=989"}],"wp:term":[{"taxonomy":"product-category","embeddable":true,"href":"https:\/\/herbetwa.net\/tr\/wp-json\/wp\/v2\/product-category?post=989"}],"curies":[{"name":"wp","href":"https:\/\/api.w.org\/{rel}","templated":true}]}}