{"id":985,"date":"2022-04-03T20:21:14","date_gmt":"2022-04-03T20:21:14","guid":{"rendered":"https:\/\/herbetwa-com-842510.hostingersite.com\/product\/calendula-flower\/"},"modified":"2022-05-20T15:49:51","modified_gmt":"2022-05-20T12:49:51","slug":"aynisefa-cicegi","status":"publish","type":"product","link":"https:\/\/herbetwa.net\/tr\/product\/aynisefa-cicegi\/","title":{"rendered":"Ayn\u0131sefa \u00c7i\u00e7e\u011fi"},"content":{"rendered":"\n<p>Ayn\u0131sefa \u00e7i\u00e7e\u011fi eski zamanlardan beri t\u0131bbi ama\u00e7lar i\u00e7in kullan\u0131lm\u0131\u015ft\u0131r. M\u0131s\u0131rl\u0131lar bu bitkiyi yaralar\u0131 ve yan\u0131klar\u0131, kesikleri, \u00e7\u00fcr\u00fckleri, b\u00f6cek \u0131s\u0131r\u0131klar\u0131n\u0131 ve di\u011fer k\u00fc\u00e7\u00fck yaralanmalar\u0131 tedavi etmek i\u00e7in kulland\u0131lar. Hem bitkinin t\u00fcm k\u0131s\u0131mlar\u0131 hem de \u00e7i\u00e7ekleri bitkisel tedavi amac\u0131yla kullan\u0131l\u0131r. Kurutulmu\u015f \u00e7i\u00e7ek dizileri ya da \u00e7i\u00e7ek ba\u015flar\u0131 renklendirme amac\u0131yla kullan\u0131l\u0131r; ayn\u0131 zamanda ac\u0131-tatl\u0131 tad\u0131 sayesinde \u00e7e\u015fni olarak da mutfaklarda yerini al\u0131r. Bitkinin tamam\u0131 tent\u00fcr ve ekstre yap\u0131m\u0131 i\u00e7in taze olarak hasat edilir. Genellikle kurutulmu\u015f \u00e7i\u00e7ek ba\u015flar\u0131 \u00e7ay yap\u0131m\u0131nda kullan\u0131l\u0131r.<\/p>\n\n\n\n<p>Bu bitki aslen mercank\u00f6\u015fk olarak bilinen eski M\u0131s\u0131r&#8217;da yeti\u015ftirildi. \u00c7i\u00e7ekleri ezerek macun haline getirir ve do\u011frudan etkilenen b\u00f6lgeye uygularlard\u0131. Bug\u00fcn ayn\u0131safa hala Avrupa ve Kuzey Amerika&#8217;da yayg\u0131n olarak yeti\u015ftirilmektedir.<\/p>\n\n\n\n<p>Ayn\u0131sefa \u00e7i\u00e7ekleri genellikle k\u00fc\u00e7\u00fck kesikleri ve s\u0131yr\u0131klar\u0131 iyile\u015ftirmeye yard\u0131mc\u0131 olan kremlerde kullan\u0131l\u0131r. G\u00fcne\u015f yan\u0131klar\u0131 ve b\u00f6cek \u0131s\u0131r\u0131klar\u0131 i\u00e7in yat\u0131\u015ft\u0131r\u0131c\u0131 bir merhem yapmak i\u00e7in de kullan\u0131labilirler.<\/p>\n\n\n\n<p>Ayn\u0131sefa ya\u011f\u0131, kadife \u00e7i\u00e7e\u011fi bitkisinin ta\u00e7 yapraklar\u0131ndan elde edilir. Ya\u011f, A, C, D, E, B6 vitaminleri, beta-karoten, kalsiyum, magnezyum, demir, \u00e7inko, manganez, bak\u0131r, iyot ve selenyum gibi bir\u00e7ok faydal\u0131 bile\u015fik i\u00e7erir.<\/p>\n\n\n\n<p>Ayn\u0131sefa ya\u011f\u0131, anti-inflamatuar \u00f6zelliklere sahiptir ve \u015fi\u015flik ve a\u011fr\u0131y\u0131 azaltmaya yard\u0131mc\u0131 olur. Zehirli sarma\u015f\u0131k, zehirli me\u015fe ve zehirli sumak kaynakl\u0131 ka\u015f\u0131nt\u0131lar\u0131 gidermek i\u00e7in de kullan\u0131labilir.<\/p>\n\n\n\n<p>Ayn\u0131sefa ya\u011f\u0131 do\u011frudan cilde uygulanabilir veya losyonlara ve kremlere kar\u0131\u015ft\u0131r\u0131labilir. \u0130yile\u015fmeyi desteklemek i\u00e7in banyo suyuna da eklenebilir.<\/p>\n\n\n\n<p><strong>Ad\u0131: <\/strong>Ayn\u0131sefa \u00c7i\u00e7e\u011fi<\/p>\n\n\n\n<p><strong>Botanik<\/strong> <strong>Ad\u0131: <\/strong>Calendula Officinalis, Pot Marigold<\/p>\n\n\n\n<p><strong>Form: <\/strong>B\u00fct\u00fcn \u00c7i\u00e7ekler<\/p>\n\n\n\n<p><strong>Kalite: <\/strong>1. S\u0131n\u0131f<\/p>\n\n\n\n<p>Paket :12,5 kg karton ve PP Torbalar<\/p>\n\n\n\n<p><strong>Bulunabilirlik: <\/strong>Mahsul Nisan ay\u0131nda ba\u015flar ve t\u00fcm y\u0131l stoklar\u0131m\u0131zda mevcuttur.<\/p>\n\n\n\n<p><strong>Men\u015fei:<\/strong> M\u0131s\u0131r<\/p>\n","protected":false},"featured_media":742,"template":"","product-category":[23],"class_list":["post-985","product","type-product","status-publish","has-post-thumbnail","hentry","product-category-otlarotlar"],"yoast_head":"<!-- This site is optimized with the Yoast SEO Premium plugin v16.6 (Yoast SEO v27.4) - https:\/\/yoast.com\/product\/yoast-seo-premium-wordpress\/ -->\n<title>Toptan Ayn\u0131sefa \u00c7i\u00e7e\u011fi tedarik\u00e7isi |Herb Etwa| Hemen fiyat teklifi<\/title>\n<meta name=\"description\" content=\"Ayn\u0131sefa \u00e7i\u00e7eklerinin g\u00fcvenilir tedarik\u00e7isi. Bitkisel \u00fcr\u00fcn toptanc\u0131lar\u0131 ve distrib\u00fct\u00f6rleri i\u00e7in toplu sat\u0131\u015flar yap\u0131l\u0131r. \u00dcCRETS\u0130Z NUMUNE TALEB\u0130\" \/>\n<meta name=\"robots\" content=\"index, follow, max-snippet:-1, max-image-preview:large, max-video-preview:-1\" \/>\n<link rel=\"canonical\" href=\"https:\/\/herbetwa.net\/tr\/product\/aynisefa-cicegi\/\" \/>\n<meta property=\"og:locale\" content=\"tr_TR\" \/>\n<meta property=\"og:type\" content=\"article\" \/>\n<meta property=\"og:title\" content=\"Ayn\u0131sefa \u00c7i\u00e7e\u011fi\" \/>\n<meta property=\"og:description\" content=\"Ayn\u0131sefa \u00e7i\u00e7eklerinin g\u00fcvenilir tedarik\u00e7isi. Bitkisel \u00fcr\u00fcn toptanc\u0131lar\u0131 ve distrib\u00fct\u00f6rleri i\u00e7in toplu sat\u0131\u015flar yap\u0131l\u0131r. \u00dcCRETS\u0130Z NUMUNE TALEB\u0130\" \/>\n<meta property=\"og:url\" content=\"https:\/\/herbetwa.net\/tr\/product\/aynisefa-cicegi\/\" \/>\n<meta property=\"og:site_name\" content=\"Herb Etwa\" \/>\n<meta property=\"article:modified_time\" content=\"2022-05-20T12:49:51+00:00\" \/>\n<meta property=\"og:image\" content=\"https:\/\/herbetwa.net\/wp-content\/uploads\/2022\/04\/10-ayni-sefa-cicegi-misir-herb-etwa3.png\" \/>\n\t<meta property=\"og:image:width\" content=\"800\" \/>\n\t<meta property=\"og:image:height\" content=\"800\" \/>\n\t<meta property=\"og:image:type\" content=\"image\/png\" \/>\n<meta name=\"twitter:card\" content=\"summary_large_image\" \/>\n<meta name=\"twitter:label1\" content=\"Tahmini okuma s\u00fcresi\" \/>\n\t<meta name=\"twitter:data1\" content=\"2 dakika\" \/>\n<script type=\"application\/ld+json\" class=\"yoast-schema-graph\">{\"@context\":\"https:\\\/\\\/schema.org\",\"@graph\":[{\"@type\":\"WebPage\",\"@id\":\"https:\\\/\\\/herbetwa.net\\\/tr\\\/product\\\/aynisefa-cicegi\\\/\",\"url\":\"https:\\\/\\\/herbetwa.net\\\/tr\\\/product\\\/aynisefa-cicegi\\\/\",\"name\":\"Toptan Ayn\u0131sefa \u00c7i\u00e7e\u011fi tedarik\u00e7isi |Herb Etwa| Hemen fiyat teklifi\",\"isPartOf\":{\"@id\":\"https:\\\/\\\/herbetwa.net\\\/en\\\/#website\"},\"primaryImageOfPage\":{\"@id\":\"https:\\\/\\\/herbetwa.net\\\/tr\\\/product\\\/aynisefa-cicegi\\\/#primaryimage\"},\"image\":{\"@id\":\"https:\\\/\\\/herbetwa.net\\\/tr\\\/product\\\/aynisefa-cicegi\\\/#primaryimage\"},\"thumbnailUrl\":\"https:\\\/\\\/herbetwa.net\\\/wp-content\\\/uploads\\\/2022\\\/04\\\/10-ayni-sefa-cicegi-misir-herb-etwa3.png\",\"datePublished\":\"2022-04-03T20:21:14+00:00\",\"dateModified\":\"2022-05-20T12:49:51+00:00\",\"description\":\"Ayn\u0131sefa \u00e7i\u00e7eklerinin g\u00fcvenilir tedarik\u00e7isi. Bitkisel \u00fcr\u00fcn toptanc\u0131lar\u0131 ve distrib\u00fct\u00f6rleri i\u00e7in toplu sat\u0131\u015flar yap\u0131l\u0131r. \u00dcCRETS\u0130Z NUMUNE TALEB\u0130\",\"breadcrumb\":{\"@id\":\"https:\\\/\\\/herbetwa.net\\\/tr\\\/product\\\/aynisefa-cicegi\\\/#breadcrumb\"},\"inLanguage\":\"tr\",\"potentialAction\":[{\"@type\":\"ReadAction\",\"target\":[\"https:\\\/\\\/herbetwa.net\\\/tr\\\/product\\\/aynisefa-cicegi\\\/\"]}]},{\"@type\":\"ImageObject\",\"inLanguage\":\"tr\",\"@id\":\"https:\\\/\\\/herbetwa.net\\\/tr\\\/product\\\/aynisefa-cicegi\\\/#primaryimage\",\"url\":\"https:\\\/\\\/herbetwa.net\\\/wp-content\\\/uploads\\\/2022\\\/04\\\/10-ayni-sefa-cicegi-misir-herb-etwa3.png\",\"contentUrl\":\"https:\\\/\\\/herbetwa.net\\\/wp-content\\\/uploads\\\/2022\\\/04\\\/10-ayni-sefa-cicegi-misir-herb-etwa3.png\",\"width\":800,\"height\":800,\"caption\":\"\u0130thal Ayn\u0131safa \u00c7i\u00e7e\u011fi veya Kadife \u00e7i\u00e7e\u011fi, \u00c7i\u00e7ekleri\"},{\"@type\":\"BreadcrumbList\",\"@id\":\"https:\\\/\\\/herbetwa.net\\\/tr\\\/product\\\/aynisefa-cicegi\\\/#breadcrumb\",\"itemListElement\":[{\"@type\":\"ListItem\",\"position\":1,\"name\":\"Home\",\"item\":\"https:\\\/\\\/www.herbetwa.net\\\/tr\\\/\"},{\"@type\":\"ListItem\",\"position\":2,\"name\":\"Ayn\u0131sefa \u00c7i\u00e7e\u011fi\"}]},{\"@type\":\"WebSite\",\"@id\":\"https:\\\/\\\/herbetwa.net\\\/en\\\/#website\",\"url\":\"https:\\\/\\\/herbetwa.net\\\/en\\\/\",\"name\":\"Herb Etwa\",\"description\":\"Herbs and Spices From Middle East\",\"potentialAction\":[{\"@type\":\"SearchAction\",\"target\":{\"@type\":\"EntryPoint\",\"urlTemplate\":\"https:\\\/\\\/herbetwa.net\\\/en\\\/?s={search_term_string}\"},\"query-input\":{\"@type\":\"PropertyValueSpecification\",\"valueRequired\":true,\"valueName\":\"search_term_string\"}}],\"inLanguage\":\"tr\"}]}<\/script>\n<!-- \/ Yoast SEO Premium plugin. -->","yoast_head_json":{"title":"Toptan Ayn\u0131sefa \u00c7i\u00e7e\u011fi tedarik\u00e7isi |Herb Etwa| Hemen fiyat teklifi","description":"Ayn\u0131sefa \u00e7i\u00e7eklerinin g\u00fcvenilir tedarik\u00e7isi. Bitkisel \u00fcr\u00fcn toptanc\u0131lar\u0131 ve distrib\u00fct\u00f6rleri i\u00e7in toplu sat\u0131\u015flar yap\u0131l\u0131r. \u00dcCRETS\u0130Z NUMUNE TALEB\u0130","robots":{"index":"index","follow":"follow","max-snippet":"max-snippet:-1","max-image-preview":"max-image-preview:large","max-video-preview":"max-video-preview:-1"},"canonical":"https:\/\/herbetwa.net\/tr\/product\/aynisefa-cicegi\/","og_locale":"tr_TR","og_type":"article","og_title":"Ayn\u0131sefa \u00c7i\u00e7e\u011fi","og_description":"Ayn\u0131sefa \u00e7i\u00e7eklerinin g\u00fcvenilir tedarik\u00e7isi. Bitkisel \u00fcr\u00fcn toptanc\u0131lar\u0131 ve distrib\u00fct\u00f6rleri i\u00e7in toplu sat\u0131\u015flar yap\u0131l\u0131r. \u00dcCRETS\u0130Z NUMUNE TALEB\u0130","og_url":"https:\/\/herbetwa.net\/tr\/product\/aynisefa-cicegi\/","og_site_name":"Herb Etwa","article_modified_time":"2022-05-20T12:49:51+00:00","og_image":[{"width":800,"height":800,"url":"https:\/\/herbetwa.net\/wp-content\/uploads\/2022\/04\/10-ayni-sefa-cicegi-misir-herb-etwa3.png","type":"image\/png"}],"twitter_card":"summary_large_image","twitter_misc":{"Tahmini okuma s\u00fcresi":"2 dakika"},"schema":{"@context":"https:\/\/schema.org","@graph":[{"@type":"WebPage","@id":"https:\/\/herbetwa.net\/tr\/product\/aynisefa-cicegi\/","url":"https:\/\/herbetwa.net\/tr\/product\/aynisefa-cicegi\/","name":"Toptan Ayn\u0131sefa \u00c7i\u00e7e\u011fi tedarik\u00e7isi |Herb Etwa| Hemen fiyat teklifi","isPartOf":{"@id":"https:\/\/herbetwa.net\/en\/#website"},"primaryImageOfPage":{"@id":"https:\/\/herbetwa.net\/tr\/product\/aynisefa-cicegi\/#primaryimage"},"image":{"@id":"https:\/\/herbetwa.net\/tr\/product\/aynisefa-cicegi\/#primaryimage"},"thumbnailUrl":"https:\/\/herbetwa.net\/wp-content\/uploads\/2022\/04\/10-ayni-sefa-cicegi-misir-herb-etwa3.png","datePublished":"2022-04-03T20:21:14+00:00","dateModified":"2022-05-20T12:49:51+00:00","description":"Ayn\u0131sefa \u00e7i\u00e7eklerinin g\u00fcvenilir tedarik\u00e7isi. Bitkisel \u00fcr\u00fcn toptanc\u0131lar\u0131 ve distrib\u00fct\u00f6rleri i\u00e7in toplu sat\u0131\u015flar yap\u0131l\u0131r. \u00dcCRETS\u0130Z NUMUNE TALEB\u0130","breadcrumb":{"@id":"https:\/\/herbetwa.net\/tr\/product\/aynisefa-cicegi\/#breadcrumb"},"inLanguage":"tr","potentialAction":[{"@type":"ReadAction","target":["https:\/\/herbetwa.net\/tr\/product\/aynisefa-cicegi\/"]}]},{"@type":"ImageObject","inLanguage":"tr","@id":"https:\/\/herbetwa.net\/tr\/product\/aynisefa-cicegi\/#primaryimage","url":"https:\/\/herbetwa.net\/wp-content\/uploads\/2022\/04\/10-ayni-sefa-cicegi-misir-herb-etwa3.png","contentUrl":"https:\/\/herbetwa.net\/wp-content\/uploads\/2022\/04\/10-ayni-sefa-cicegi-misir-herb-etwa3.png","width":800,"height":800,"caption":"\u0130thal Ayn\u0131safa \u00c7i\u00e7e\u011fi veya Kadife \u00e7i\u00e7e\u011fi, \u00c7i\u00e7ekleri"},{"@type":"BreadcrumbList","@id":"https:\/\/herbetwa.net\/tr\/product\/aynisefa-cicegi\/#breadcrumb","itemListElement":[{"@type":"ListItem","position":1,"name":"Home","item":"https:\/\/www.herbetwa.net\/tr\/"},{"@type":"ListItem","position":2,"name":"Ayn\u0131sefa \u00c7i\u00e7e\u011fi"}]},{"@type":"WebSite","@id":"https:\/\/herbetwa.net\/en\/#website","url":"https:\/\/herbetwa.net\/en\/","name":"Herb Etwa","description":"Herbs and Spices From Middle East","potentialAction":[{"@type":"SearchAction","target":{"@type":"EntryPoint","urlTemplate":"https:\/\/herbetwa.net\/en\/?s={search_term_string}"},"query-input":{"@type":"PropertyValueSpecification","valueRequired":true,"valueName":"search_term_string"}}],"inLanguage":"tr"}]}},"_links":{"self":[{"href":"https:\/\/herbetwa.net\/tr\/wp-json\/wp\/v2\/product\/985","targetHints":{"allow":["GET"]}}],"collection":[{"href":"https:\/\/herbetwa.net\/tr\/wp-json\/wp\/v2\/product"}],"about":[{"href":"https:\/\/herbetwa.net\/tr\/wp-json\/wp\/v2\/types\/product"}],"wp:featuredmedia":[{"embeddable":true,"href":"https:\/\/herbetwa.net\/tr\/wp-json\/wp\/v2\/media\/742"}],"wp:attachment":[{"href":"https:\/\/herbetwa.net\/tr\/wp-json\/wp\/v2\/media?parent=985"}],"wp:term":[{"taxonomy":"product-category","embeddable":true,"href":"https:\/\/herbetwa.net\/tr\/wp-json\/wp\/v2\/product-category?post=985"}],"curies":[{"name":"wp","href":"https:\/\/api.w.org\/{rel}","templated":true}]}}