{"id":976,"date":"2022-04-01T15:24:37","date_gmt":"2022-04-01T15:24:37","guid":{"rendered":"https:\/\/herbetwa-com-842510.hostingersite.com\/product\/spearmint\/"},"modified":"2022-05-20T15:43:04","modified_gmt":"2022-05-20T12:43:04","slug":"nane","status":"publish","type":"product","link":"https:\/\/herbetwa.net\/tr\/product\/nane\/","title":{"rendered":"Nane"},"content":{"rendered":"\n<p>Nane, eski \u00e7a\u011flardan beri yeti\u015ftirilen bir bitkidir. Ad\u0131, nane anlam\u0131na gelen Latince &#8220;spearum&#8221; kelimesinden gelir. \u0130lk olarak 16. y\u00fczy\u0131lda Avrupa&#8217;ya tan\u0131t\u0131ld\u0131. Bug\u00fcn, nane t\u00fcm d\u00fcnyada yeti\u015ftirilmektedir.<\/p>\n\n\n\n<p>Nil Nehri boyunca yabani olarak yeti\u015fti\u011fi M\u0131s\u0131r&#8217;a \u00f6zg\u00fcd\u00fcr. Pop\u00fcler bir mutfak bitkisi haline geldi\u011fi Yunanistan ve Roma&#8217;ya getirildi.<\/p>\n\n\n\n<p>Nane t\u0131bbi \u00f6zellikleri ile bilinir. Sindirim bozukluklar\u0131, so\u011fuk alg\u0131nl\u0131\u011f\u0131, \u00f6ks\u00fcr\u00fck ve ba\u015f a\u011fr\u0131lar\u0131n\u0131 tedavi etmek i\u00e7in kullan\u0131l\u0131r. Ayr\u0131ca stres ve kayg\u0131y\u0131 hafifletmeye yard\u0131mc\u0131 olabilir.<\/p>\n\n\n\n<p>Nane y\u00fcksek oranda mentol i\u00e7erikli u\u00e7ucu ya\u011f, tanen, ac\u0131 maddeler, flavon i\u00e7erir.Nane bir\u00e7ok farkl\u0131 \u015fekilde kullan\u0131lmaktad\u0131r. Esans\u0131 g\u00fcn\u00fcm\u00fczde sak\u0131z, \u015feker, di\u015f macunu, parf\u00fcm gibi bir\u00e7ok maddeye g\u00fczel bir tat ve koku vermek amac\u0131yla kat\u0131l\u0131r.<\/p>\n\n\n\n<p>\u00c7ay\u0131n\u0131zda taze olarak kullanabilir, sabununuza katabilir, hatta ondan parf\u00fcm yapabilirsiniz. Hem kurutulmu\u015f hem de taze olarak sat\u0131lmaktad\u0131r. Kuru nane genellikle kurabiye, kek ve dondurma gibi yiyecekleri tatland\u0131rmak i\u00e7in kullan\u0131l\u0131r. Taze nane genellikle salatalara ve sandvi\u00e7lere eklenir. Nane C vitamini, kalsiyum, demir, magnezyum ve \u00e7inko bak\u0131m\u0131ndan y\u00fcksektir.<\/p>\n\n\n\n<p><strong>Ad\u0131: <\/strong>Ye\u015fil<strong> <\/strong>Nane<\/p>\n\n\n\n<p><strong>Botanik<\/strong> <strong>Ad\u0131: <\/strong>Mentha Spicata<\/p>\n\n\n\n<p><strong>Form: <\/strong>&nbsp;3-3,5 mm ezilmi\u015f yapraklar<\/p>\n\n\n\n<p><strong>Kalite: <\/strong>1. s\u0131n\u0131f<\/p>\n\n\n\n<p><strong>Paket: <\/strong>10 kg veya 20 kg pp veya ka\u011f\u0131t torba (m\u00fc\u015fteri talebine g\u00f6re paket yap\u0131labilir)<\/p>\n\n\n\n<p><strong>Bulunabilirlik: <\/strong>Mahsul Nisan ay\u0131nda ba\u015flar ve t\u00fcm y\u0131l stoklar\u0131m\u0131zda mevcuttur.<\/p>\n\n\n\n<p><strong>Men\u015fei:<\/strong>\u00a0M\u0131s\u0131r<\/p>\n\n\n\n<figure class=\"wp-block-gallery has-nested-images columns-default is-cropped wp-block-gallery-1 is-layout-flex wp-block-gallery-is-layout-flex\">\n<figure class=\"wp-block-image size-large\"><img loading=\"lazy\" decoding=\"async\" width=\"1024\" height=\"1024\" data-id=\"736\" src=\"https:\/\/herbetwa-com-842510.hostingersite.com\/wp-content\/uploads\/2022\/04\/09-kuru-nane-misir-herb-etwa-ince-dogranmis-1024x1024.jpg\" alt=\"\u0130thal ye\u015fil Nane bitki \u00e7aylar\u0131nda tatland\u0131r\u0131c\u0131, sabunlarda koku ve kozmetik \u00fcr\u00fcnlerinde kullan\u0131l\u0131r,toptan sat\u0131\u015f yap\u0131l\u0131r.\" class=\"wp-image-736\" srcset=\"https:\/\/herbetwa.net\/wp-content\/uploads\/2022\/04\/09-kuru-nane-misir-herb-etwa-ince-dogranmis.jpg 1024w, https:\/\/herbetwa.net\/wp-content\/uploads\/2022\/04\/09-kuru-nane-misir-herb-etwa-ince-dogranmis-300x300.jpg 300w, https:\/\/herbetwa.net\/wp-content\/uploads\/2022\/04\/09-kuru-nane-misir-herb-etwa-ince-dogranmis-150x150.jpg 150w, https:\/\/herbetwa.net\/wp-content\/uploads\/2022\/04\/09-kuru-nane-misir-herb-etwa-ince-dogranmis-768x768.jpg 768w\" sizes=\"auto, (max-width: 1024px) 100vw, 1024px\" \/><\/figure>\n<\/figure>\n","protected":false},"featured_media":736,"template":"","product-category":[20],"class_list":["post-976","product","type-product","status-publish","has-post-thumbnail","hentry","product-category-bitki-cayi"],"yoast_head":"<!-- This site is optimized with the Yoast SEO Premium plugin v16.6 (Yoast SEO v27.4) - https:\/\/yoast.com\/product\/yoast-seo-premium-wordpress\/ -->\n<title>Toptan Nane tedarik\u00e7isi | Herb Etwa | Hemen fiyat teklifi<\/title>\n<meta name=\"description\" content=\"Nane g\u00fcvenilir tedarik\u00e7isi. Bitkisel \u00fcr\u00fcn toptanc\u0131lar\u0131 ve distrib\u00fct\u00f6rleri i\u00e7in toplu sat\u0131\u015flar yap\u0131l\u0131r. \u00dcCRETS\u0130Z NUMUNE TALEB\u0130\" \/>\n<meta name=\"robots\" content=\"index, follow, max-snippet:-1, max-image-preview:large, max-video-preview:-1\" \/>\n<link rel=\"canonical\" href=\"https:\/\/herbetwa.net\/tr\/product\/nane\/\" \/>\n<meta property=\"og:locale\" content=\"tr_TR\" \/>\n<meta property=\"og:type\" content=\"article\" \/>\n<meta property=\"og:title\" content=\"Nane\" \/>\n<meta property=\"og:description\" content=\"Nane g\u00fcvenilir tedarik\u00e7isi. Bitkisel \u00fcr\u00fcn toptanc\u0131lar\u0131 ve distrib\u00fct\u00f6rleri i\u00e7in toplu sat\u0131\u015flar yap\u0131l\u0131r. \u00dcCRETS\u0130Z NUMUNE TALEB\u0130\" \/>\n<meta property=\"og:url\" content=\"https:\/\/herbetwa.net\/tr\/product\/nane\/\" \/>\n<meta property=\"og:site_name\" content=\"Herb Etwa\" \/>\n<meta property=\"article:modified_time\" content=\"2022-05-20T12:43:04+00:00\" \/>\n<meta property=\"og:image\" content=\"https:\/\/herbetwa.net\/wp-content\/uploads\/2022\/04\/09-kuru-nane-misir-herb-etwa-ince-dogranmis.jpg\" \/>\n\t<meta property=\"og:image:width\" content=\"1024\" \/>\n\t<meta property=\"og:image:height\" content=\"1024\" \/>\n\t<meta property=\"og:image:type\" content=\"image\/jpeg\" \/>\n<meta name=\"twitter:card\" content=\"summary_large_image\" \/>\n<meta name=\"twitter:label1\" content=\"Tahmini okuma s\u00fcresi\" \/>\n\t<meta name=\"twitter:data1\" content=\"2 dakika\" \/>\n<script type=\"application\/ld+json\" class=\"yoast-schema-graph\">{\"@context\":\"https:\\\/\\\/schema.org\",\"@graph\":[{\"@type\":\"WebPage\",\"@id\":\"https:\\\/\\\/herbetwa.net\\\/tr\\\/product\\\/nane\\\/\",\"url\":\"https:\\\/\\\/herbetwa.net\\\/tr\\\/product\\\/nane\\\/\",\"name\":\"Toptan Nane tedarik\u00e7isi | Herb Etwa | Hemen fiyat teklifi\",\"isPartOf\":{\"@id\":\"https:\\\/\\\/herbetwa.net\\\/en\\\/#website\"},\"primaryImageOfPage\":{\"@id\":\"https:\\\/\\\/herbetwa.net\\\/tr\\\/product\\\/nane\\\/#primaryimage\"},\"image\":{\"@id\":\"https:\\\/\\\/herbetwa.net\\\/tr\\\/product\\\/nane\\\/#primaryimage\"},\"thumbnailUrl\":\"https:\\\/\\\/herbetwa.net\\\/wp-content\\\/uploads\\\/2022\\\/04\\\/09-kuru-nane-misir-herb-etwa-ince-dogranmis.jpg\",\"datePublished\":\"2022-04-01T15:24:37+00:00\",\"dateModified\":\"2022-05-20T12:43:04+00:00\",\"description\":\"Nane g\u00fcvenilir tedarik\u00e7isi. Bitkisel \u00fcr\u00fcn toptanc\u0131lar\u0131 ve distrib\u00fct\u00f6rleri i\u00e7in toplu sat\u0131\u015flar yap\u0131l\u0131r. \u00dcCRETS\u0130Z NUMUNE TALEB\u0130\",\"breadcrumb\":{\"@id\":\"https:\\\/\\\/herbetwa.net\\\/tr\\\/product\\\/nane\\\/#breadcrumb\"},\"inLanguage\":\"tr\",\"potentialAction\":[{\"@type\":\"ReadAction\",\"target\":[\"https:\\\/\\\/herbetwa.net\\\/tr\\\/product\\\/nane\\\/\"]}]},{\"@type\":\"ImageObject\",\"inLanguage\":\"tr\",\"@id\":\"https:\\\/\\\/herbetwa.net\\\/tr\\\/product\\\/nane\\\/#primaryimage\",\"url\":\"https:\\\/\\\/herbetwa.net\\\/wp-content\\\/uploads\\\/2022\\\/04\\\/09-kuru-nane-misir-herb-etwa-ince-dogranmis.jpg\",\"contentUrl\":\"https:\\\/\\\/herbetwa.net\\\/wp-content\\\/uploads\\\/2022\\\/04\\\/09-kuru-nane-misir-herb-etwa-ince-dogranmis.jpg\",\"width\":1024,\"height\":1024,\"caption\":\"\u0130thal ye\u015fil Nane bitki \u00e7aylar\u0131nda tatland\u0131r\u0131c\u0131, sabunlarda koku ve kozmetik \u00fcr\u00fcnlerinde kullan\u0131l\u0131r,toptan sat\u0131\u015f yap\u0131l\u0131r.\"},{\"@type\":\"BreadcrumbList\",\"@id\":\"https:\\\/\\\/herbetwa.net\\\/tr\\\/product\\\/nane\\\/#breadcrumb\",\"itemListElement\":[{\"@type\":\"ListItem\",\"position\":1,\"name\":\"Home\",\"item\":\"https:\\\/\\\/www.herbetwa.net\\\/tr\\\/\"},{\"@type\":\"ListItem\",\"position\":2,\"name\":\"Nane\"}]},{\"@type\":\"WebSite\",\"@id\":\"https:\\\/\\\/herbetwa.net\\\/en\\\/#website\",\"url\":\"https:\\\/\\\/herbetwa.net\\\/en\\\/\",\"name\":\"Herb Etwa\",\"description\":\"Herbs and Spices From Middle East\",\"potentialAction\":[{\"@type\":\"SearchAction\",\"target\":{\"@type\":\"EntryPoint\",\"urlTemplate\":\"https:\\\/\\\/herbetwa.net\\\/en\\\/?s={search_term_string}\"},\"query-input\":{\"@type\":\"PropertyValueSpecification\",\"valueRequired\":true,\"valueName\":\"search_term_string\"}}],\"inLanguage\":\"tr\"}]}<\/script>\n<!-- \/ Yoast SEO Premium plugin. -->","yoast_head_json":{"title":"Toptan Nane tedarik\u00e7isi | Herb Etwa | Hemen fiyat teklifi","description":"Nane g\u00fcvenilir tedarik\u00e7isi. Bitkisel \u00fcr\u00fcn toptanc\u0131lar\u0131 ve distrib\u00fct\u00f6rleri i\u00e7in toplu sat\u0131\u015flar yap\u0131l\u0131r. \u00dcCRETS\u0130Z NUMUNE TALEB\u0130","robots":{"index":"index","follow":"follow","max-snippet":"max-snippet:-1","max-image-preview":"max-image-preview:large","max-video-preview":"max-video-preview:-1"},"canonical":"https:\/\/herbetwa.net\/tr\/product\/nane\/","og_locale":"tr_TR","og_type":"article","og_title":"Nane","og_description":"Nane g\u00fcvenilir tedarik\u00e7isi. Bitkisel \u00fcr\u00fcn toptanc\u0131lar\u0131 ve distrib\u00fct\u00f6rleri i\u00e7in toplu sat\u0131\u015flar yap\u0131l\u0131r. \u00dcCRETS\u0130Z NUMUNE TALEB\u0130","og_url":"https:\/\/herbetwa.net\/tr\/product\/nane\/","og_site_name":"Herb Etwa","article_modified_time":"2022-05-20T12:43:04+00:00","og_image":[{"width":1024,"height":1024,"url":"https:\/\/herbetwa.net\/wp-content\/uploads\/2022\/04\/09-kuru-nane-misir-herb-etwa-ince-dogranmis.jpg","type":"image\/jpeg"}],"twitter_card":"summary_large_image","twitter_misc":{"Tahmini okuma s\u00fcresi":"2 dakika"},"schema":{"@context":"https:\/\/schema.org","@graph":[{"@type":"WebPage","@id":"https:\/\/herbetwa.net\/tr\/product\/nane\/","url":"https:\/\/herbetwa.net\/tr\/product\/nane\/","name":"Toptan Nane tedarik\u00e7isi | Herb Etwa | Hemen fiyat teklifi","isPartOf":{"@id":"https:\/\/herbetwa.net\/en\/#website"},"primaryImageOfPage":{"@id":"https:\/\/herbetwa.net\/tr\/product\/nane\/#primaryimage"},"image":{"@id":"https:\/\/herbetwa.net\/tr\/product\/nane\/#primaryimage"},"thumbnailUrl":"https:\/\/herbetwa.net\/wp-content\/uploads\/2022\/04\/09-kuru-nane-misir-herb-etwa-ince-dogranmis.jpg","datePublished":"2022-04-01T15:24:37+00:00","dateModified":"2022-05-20T12:43:04+00:00","description":"Nane g\u00fcvenilir tedarik\u00e7isi. Bitkisel \u00fcr\u00fcn toptanc\u0131lar\u0131 ve distrib\u00fct\u00f6rleri i\u00e7in toplu sat\u0131\u015flar yap\u0131l\u0131r. \u00dcCRETS\u0130Z NUMUNE TALEB\u0130","breadcrumb":{"@id":"https:\/\/herbetwa.net\/tr\/product\/nane\/#breadcrumb"},"inLanguage":"tr","potentialAction":[{"@type":"ReadAction","target":["https:\/\/herbetwa.net\/tr\/product\/nane\/"]}]},{"@type":"ImageObject","inLanguage":"tr","@id":"https:\/\/herbetwa.net\/tr\/product\/nane\/#primaryimage","url":"https:\/\/herbetwa.net\/wp-content\/uploads\/2022\/04\/09-kuru-nane-misir-herb-etwa-ince-dogranmis.jpg","contentUrl":"https:\/\/herbetwa.net\/wp-content\/uploads\/2022\/04\/09-kuru-nane-misir-herb-etwa-ince-dogranmis.jpg","width":1024,"height":1024,"caption":"\u0130thal ye\u015fil Nane bitki \u00e7aylar\u0131nda tatland\u0131r\u0131c\u0131, sabunlarda koku ve kozmetik \u00fcr\u00fcnlerinde kullan\u0131l\u0131r,toptan sat\u0131\u015f yap\u0131l\u0131r."},{"@type":"BreadcrumbList","@id":"https:\/\/herbetwa.net\/tr\/product\/nane\/#breadcrumb","itemListElement":[{"@type":"ListItem","position":1,"name":"Home","item":"https:\/\/www.herbetwa.net\/tr\/"},{"@type":"ListItem","position":2,"name":"Nane"}]},{"@type":"WebSite","@id":"https:\/\/herbetwa.net\/en\/#website","url":"https:\/\/herbetwa.net\/en\/","name":"Herb Etwa","description":"Herbs and Spices From Middle East","potentialAction":[{"@type":"SearchAction","target":{"@type":"EntryPoint","urlTemplate":"https:\/\/herbetwa.net\/en\/?s={search_term_string}"},"query-input":{"@type":"PropertyValueSpecification","valueRequired":true,"valueName":"search_term_string"}}],"inLanguage":"tr"}]}},"_links":{"self":[{"href":"https:\/\/herbetwa.net\/tr\/wp-json\/wp\/v2\/product\/976","targetHints":{"allow":["GET"]}}],"collection":[{"href":"https:\/\/herbetwa.net\/tr\/wp-json\/wp\/v2\/product"}],"about":[{"href":"https:\/\/herbetwa.net\/tr\/wp-json\/wp\/v2\/types\/product"}],"wp:featuredmedia":[{"embeddable":true,"href":"https:\/\/herbetwa.net\/tr\/wp-json\/wp\/v2\/media\/736"}],"wp:attachment":[{"href":"https:\/\/herbetwa.net\/tr\/wp-json\/wp\/v2\/media?parent=976"}],"wp:term":[{"taxonomy":"product-category","embeddable":true,"href":"https:\/\/herbetwa.net\/tr\/wp-json\/wp\/v2\/product-category?post=976"}],"curies":[{"name":"wp","href":"https:\/\/api.w.org\/{rel}","templated":true}]}}