{"id":973,"date":"2022-04-01T15:23:13","date_gmt":"2022-04-01T15:23:13","guid":{"rendered":"https:\/\/herbetwa-com-842510.hostingersite.com\/product\/peppermint\/"},"modified":"2022-05-20T15:43:44","modified_gmt":"2022-05-20T12:43:44","slug":"bahce-nane","status":"publish","type":"product","link":"https:\/\/herbetwa.net\/tr\/product\/bahce-nane\/","title":{"rendered":"Bah\u00e7e Nane"},"content":{"rendered":"\n<p>Herb Etwa, 2010&#8217;dan beri organik Bah\u00e7e Nane satmaktad\u0131r. \u00dcr\u00fcnlerimiz %100 do\u011fald\u0131r ve herhangi bir sentetik i\u00e7erik i\u00e7ermez. \u00dcr\u00fcn\u00fcm\u00fcz kesinlikle pestisitler, b\u00f6cek \u00f6ld\u00fcr\u00fcc\u00fcler, mantar \u00f6ld\u00fcr\u00fcc\u00fcler, herbisitler, kimyasal g\u00fcbreler ve GDO&#8217;lar i\u00e7ermez.<\/p>\n\n\n\n<p>Toptan fiyatlarla toplu miktarlarda sat\u0131yoruz, b\u00fcy\u00fck sipari\u015fler i\u00e7in indirimler sunuyoruz ve d\u00fcnya \u00e7ap\u0131nda g\u00f6nderiyoruz.<\/p>\n\n\n\n<p>Sadece en kaliteli bitkileri kulland\u0131\u011f\u0131m\u0131z\u0131 garanti ediyoruz.<\/p>\n\n\n\n<p>Bah\u00e7e Nane \u00c7i\u00e7eklerinin farkl\u0131 kullan\u0131m alanlar\u0131 vard\u0131r, \u00f6rne\u011fin bu bitkinin yapraklar\u0131 nane ya\u011f\u0131 elde etmek i\u00e7in buharla dam\u0131t\u0131l\u0131r. Bu ya\u011f, eski zamanlardan beri sindirim sorunlar\u0131, ba\u015f a\u011fr\u0131lar\u0131, so\u011fuk alg\u0131nl\u0131\u011f\u0131 ve di\u015f a\u011fr\u0131lar\u0131 i\u00e7in do\u011fal bir \u00e7are olarak kullan\u0131lmaktad\u0131r. Ayr\u0131ca yiyecek ve i\u00e7eceklerde aroma katk\u0131 maddesi olarak da kullan\u0131l\u0131r.Limon ile kaynat\u0131l\u0131p mide rahats\u0131zl\u0131klar\u0131nda kullan\u0131labilir.<\/p>\n\n\n\n<p>Bu bitki ayn\u0131 zamanda nane olarak da bilinir. Mide a\u011fr\u0131lar\u0131n\u0131 hafifletmeye yard\u0131mc\u0131 olabilecek ferahlat\u0131c\u0131 bir i\u00e7ecek yapmak i\u00e7in yapraklar\u0131 buharda pi\u015firilir ve kurutulur.<\/p>\n\n\n\n<p>Bir\u00e7ok sabun t\u00fcr\u00fcnde pop\u00fcler bir bile\u015fendir. Cildinizi temizlemeye ve nefesinizi tazelemeye yard\u0131mc\u0131 olur.<\/p>\n\n\n\n<p><strong>Ad\u0131: <\/strong>Bah\u00e7e Nane<\/p>\n\n\n\n<p><strong>BotaNik<\/strong> <strong>Ad\u0131: <\/strong>Menthae piperitae<\/p>\n\n\n\n<p><strong>Form: <\/strong>B\u00fct\u00fcn yapraklar, ovu\u015fturulmu\u015f 3-3,5 mm\u00a0<\/p>\n\n\n\n<p><strong>Kalite: <\/strong>1. S\u0131n\u0131f<\/p>\n\n\n\n<p><strong>Paket: <\/strong>15kg ka\u011f\u0131t torba veya 20kg polipropilen torba<\/p>\n\n\n\n<p><strong>Formlar:<\/strong> B\u00fct\u00fcn Yapraklar ve Ezilmi\u015f (M\u00fc\u015fteri talebine g\u00f6re paket yap\u0131labilir)<\/p>\n\n\n\n<p><strong>Bulunabilirlik: <\/strong>Mahsul Mart ay\u0131nda ba\u015flar ve t\u00fcm y\u0131l stoklar\u0131m\u0131zda mevcuttur.<\/p>\n\n\n\n<p><strong>Familyas\u0131: <\/strong>Labiatae<\/p>\n\n\n\n<p><strong>Men\u015fei:<\/strong>\u00a0M\u0131s\u0131r<\/p>\n\n\n\n<figure class=\"wp-block-image size-full\"><img loading=\"lazy\" decoding=\"async\" width=\"800\" height=\"572\" src=\"https:\/\/herbetwa-com-842510.hostingersite.com\/wp-content\/uploads\/2022\/04\/08-bahce-nane-misir-herb-etwa3-4.png\" alt=\"\u0130thal Bah\u00e7e Nane bitki \u00e7aylar\u0131nda tatland\u0131r\u0131c\u0131, sabunlarda koku verici ve kozmetik \u00fcr\u00fcnlerinde kullan\u0131l\u0131r,toptan sat\u0131\u015f yap\u0131l\u0131r.\" class=\"wp-image-730\" srcset=\"https:\/\/herbetwa.net\/wp-content\/uploads\/2022\/04\/08-bahce-nane-misir-herb-etwa3-4.png 800w, https:\/\/herbetwa.net\/wp-content\/uploads\/2022\/04\/08-bahce-nane-misir-herb-etwa3-4-300x215.png 300w, https:\/\/herbetwa.net\/wp-content\/uploads\/2022\/04\/08-bahce-nane-misir-herb-etwa3-4-768x549.png 768w\" sizes=\"auto, (max-width: 800px) 100vw, 800px\" \/><\/figure>\n","protected":false},"featured_media":721,"template":"","product-category":[20],"class_list":["post-973","product","type-product","status-publish","has-post-thumbnail","hentry","product-category-bitki-cayi"],"yoast_head":"<!-- This site is optimized with the Yoast SEO Premium plugin v16.6 (Yoast SEO v27.4) - https:\/\/yoast.com\/product\/yoast-seo-premium-wordpress\/ -->\n<title>Toptan Bah\u00e7e Nane tedarik\u00e7isi | Herb Etwa | Hemen fiyat teklifi<\/title>\n<meta name=\"description\" content=\"Bah\u00e7e Nane g\u00fcvenilir tedarik\u00e7isi. Bitkisel \u00fcr\u00fcn toptanc\u0131lar\u0131 ve distrib\u00fct\u00f6rleri i\u00e7in toplu sat\u0131\u015flar yap\u0131l\u0131r. \u00dcCRETS\u0130Z NUMUNE TALEB\u0130\" \/>\n<meta name=\"robots\" content=\"index, follow, max-snippet:-1, max-image-preview:large, max-video-preview:-1\" \/>\n<link rel=\"canonical\" href=\"https:\/\/herbetwa.net\/tr\/product\/bahce-nane\/\" \/>\n<meta property=\"og:locale\" content=\"tr_TR\" \/>\n<meta property=\"og:type\" content=\"article\" \/>\n<meta property=\"og:title\" content=\"Bah\u00e7e Nane\" \/>\n<meta property=\"og:description\" content=\"Bah\u00e7e Nane g\u00fcvenilir tedarik\u00e7isi. Bitkisel \u00fcr\u00fcn toptanc\u0131lar\u0131 ve distrib\u00fct\u00f6rleri i\u00e7in toplu sat\u0131\u015flar yap\u0131l\u0131r. \u00dcCRETS\u0130Z NUMUNE TALEB\u0130\" \/>\n<meta property=\"og:url\" content=\"https:\/\/herbetwa.net\/tr\/product\/bahce-nane\/\" \/>\n<meta property=\"og:site_name\" content=\"Herb Etwa\" \/>\n<meta property=\"article:modified_time\" content=\"2022-05-20T12:43:44+00:00\" \/>\n<meta property=\"og:image\" content=\"https:\/\/herbetwa.net\/wp-content\/uploads\/2022\/04\/08-bahce-nane-misir-herb-etwa3-2.jpg\" \/>\n\t<meta property=\"og:image:width\" content=\"1024\" \/>\n\t<meta property=\"og:image:height\" content=\"1024\" \/>\n\t<meta property=\"og:image:type\" content=\"image\/jpeg\" \/>\n<meta name=\"twitter:card\" content=\"summary_large_image\" \/>\n<meta name=\"twitter:label1\" content=\"Tahmini okuma s\u00fcresi\" \/>\n\t<meta name=\"twitter:data1\" content=\"2 dakika\" \/>\n<script type=\"application\/ld+json\" class=\"yoast-schema-graph\">{\"@context\":\"https:\\\/\\\/schema.org\",\"@graph\":[{\"@type\":\"WebPage\",\"@id\":\"https:\\\/\\\/herbetwa.net\\\/tr\\\/product\\\/bahce-nane\\\/\",\"url\":\"https:\\\/\\\/herbetwa.net\\\/tr\\\/product\\\/bahce-nane\\\/\",\"name\":\"Toptan Bah\u00e7e Nane tedarik\u00e7isi | Herb Etwa | Hemen fiyat teklifi\",\"isPartOf\":{\"@id\":\"https:\\\/\\\/herbetwa.net\\\/en\\\/#website\"},\"primaryImageOfPage\":{\"@id\":\"https:\\\/\\\/herbetwa.net\\\/tr\\\/product\\\/bahce-nane\\\/#primaryimage\"},\"image\":{\"@id\":\"https:\\\/\\\/herbetwa.net\\\/tr\\\/product\\\/bahce-nane\\\/#primaryimage\"},\"thumbnailUrl\":\"https:\\\/\\\/herbetwa.net\\\/wp-content\\\/uploads\\\/2022\\\/04\\\/08-bahce-nane-misir-herb-etwa3-2.jpg\",\"datePublished\":\"2022-04-01T15:23:13+00:00\",\"dateModified\":\"2022-05-20T12:43:44+00:00\",\"description\":\"Bah\u00e7e Nane g\u00fcvenilir tedarik\u00e7isi. Bitkisel \u00fcr\u00fcn toptanc\u0131lar\u0131 ve distrib\u00fct\u00f6rleri i\u00e7in toplu sat\u0131\u015flar yap\u0131l\u0131r. \u00dcCRETS\u0130Z NUMUNE TALEB\u0130\",\"breadcrumb\":{\"@id\":\"https:\\\/\\\/herbetwa.net\\\/tr\\\/product\\\/bahce-nane\\\/#breadcrumb\"},\"inLanguage\":\"tr\",\"potentialAction\":[{\"@type\":\"ReadAction\",\"target\":[\"https:\\\/\\\/herbetwa.net\\\/tr\\\/product\\\/bahce-nane\\\/\"]}]},{\"@type\":\"ImageObject\",\"inLanguage\":\"tr\",\"@id\":\"https:\\\/\\\/herbetwa.net\\\/tr\\\/product\\\/bahce-nane\\\/#primaryimage\",\"url\":\"https:\\\/\\\/herbetwa.net\\\/wp-content\\\/uploads\\\/2022\\\/04\\\/08-bahce-nane-misir-herb-etwa3-2.jpg\",\"contentUrl\":\"https:\\\/\\\/herbetwa.net\\\/wp-content\\\/uploads\\\/2022\\\/04\\\/08-bahce-nane-misir-herb-etwa3-2.jpg\",\"width\":1024,\"height\":1024,\"caption\":\"\u0130thal Bah\u00e7e Nane\"},{\"@type\":\"BreadcrumbList\",\"@id\":\"https:\\\/\\\/herbetwa.net\\\/tr\\\/product\\\/bahce-nane\\\/#breadcrumb\",\"itemListElement\":[{\"@type\":\"ListItem\",\"position\":1,\"name\":\"Home\",\"item\":\"https:\\\/\\\/www.herbetwa.net\\\/tr\\\/\"},{\"@type\":\"ListItem\",\"position\":2,\"name\":\"Bah\u00e7e Nane\"}]},{\"@type\":\"WebSite\",\"@id\":\"https:\\\/\\\/herbetwa.net\\\/en\\\/#website\",\"url\":\"https:\\\/\\\/herbetwa.net\\\/en\\\/\",\"name\":\"Herb Etwa\",\"description\":\"Herbs and Spices From Middle East\",\"potentialAction\":[{\"@type\":\"SearchAction\",\"target\":{\"@type\":\"EntryPoint\",\"urlTemplate\":\"https:\\\/\\\/herbetwa.net\\\/en\\\/?s={search_term_string}\"},\"query-input\":{\"@type\":\"PropertyValueSpecification\",\"valueRequired\":true,\"valueName\":\"search_term_string\"}}],\"inLanguage\":\"tr\"}]}<\/script>\n<!-- \/ Yoast SEO Premium plugin. -->","yoast_head_json":{"title":"Toptan Bah\u00e7e Nane tedarik\u00e7isi | Herb Etwa | Hemen fiyat teklifi","description":"Bah\u00e7e Nane g\u00fcvenilir tedarik\u00e7isi. Bitkisel \u00fcr\u00fcn toptanc\u0131lar\u0131 ve distrib\u00fct\u00f6rleri i\u00e7in toplu sat\u0131\u015flar yap\u0131l\u0131r. \u00dcCRETS\u0130Z NUMUNE TALEB\u0130","robots":{"index":"index","follow":"follow","max-snippet":"max-snippet:-1","max-image-preview":"max-image-preview:large","max-video-preview":"max-video-preview:-1"},"canonical":"https:\/\/herbetwa.net\/tr\/product\/bahce-nane\/","og_locale":"tr_TR","og_type":"article","og_title":"Bah\u00e7e Nane","og_description":"Bah\u00e7e Nane g\u00fcvenilir tedarik\u00e7isi. Bitkisel \u00fcr\u00fcn toptanc\u0131lar\u0131 ve distrib\u00fct\u00f6rleri i\u00e7in toplu sat\u0131\u015flar yap\u0131l\u0131r. \u00dcCRETS\u0130Z NUMUNE TALEB\u0130","og_url":"https:\/\/herbetwa.net\/tr\/product\/bahce-nane\/","og_site_name":"Herb Etwa","article_modified_time":"2022-05-20T12:43:44+00:00","og_image":[{"width":1024,"height":1024,"url":"https:\/\/herbetwa.net\/wp-content\/uploads\/2022\/04\/08-bahce-nane-misir-herb-etwa3-2.jpg","type":"image\/jpeg"}],"twitter_card":"summary_large_image","twitter_misc":{"Tahmini okuma s\u00fcresi":"2 dakika"},"schema":{"@context":"https:\/\/schema.org","@graph":[{"@type":"WebPage","@id":"https:\/\/herbetwa.net\/tr\/product\/bahce-nane\/","url":"https:\/\/herbetwa.net\/tr\/product\/bahce-nane\/","name":"Toptan Bah\u00e7e Nane tedarik\u00e7isi | Herb Etwa | Hemen fiyat teklifi","isPartOf":{"@id":"https:\/\/herbetwa.net\/en\/#website"},"primaryImageOfPage":{"@id":"https:\/\/herbetwa.net\/tr\/product\/bahce-nane\/#primaryimage"},"image":{"@id":"https:\/\/herbetwa.net\/tr\/product\/bahce-nane\/#primaryimage"},"thumbnailUrl":"https:\/\/herbetwa.net\/wp-content\/uploads\/2022\/04\/08-bahce-nane-misir-herb-etwa3-2.jpg","datePublished":"2022-04-01T15:23:13+00:00","dateModified":"2022-05-20T12:43:44+00:00","description":"Bah\u00e7e Nane g\u00fcvenilir tedarik\u00e7isi. Bitkisel \u00fcr\u00fcn toptanc\u0131lar\u0131 ve distrib\u00fct\u00f6rleri i\u00e7in toplu sat\u0131\u015flar yap\u0131l\u0131r. \u00dcCRETS\u0130Z NUMUNE TALEB\u0130","breadcrumb":{"@id":"https:\/\/herbetwa.net\/tr\/product\/bahce-nane\/#breadcrumb"},"inLanguage":"tr","potentialAction":[{"@type":"ReadAction","target":["https:\/\/herbetwa.net\/tr\/product\/bahce-nane\/"]}]},{"@type":"ImageObject","inLanguage":"tr","@id":"https:\/\/herbetwa.net\/tr\/product\/bahce-nane\/#primaryimage","url":"https:\/\/herbetwa.net\/wp-content\/uploads\/2022\/04\/08-bahce-nane-misir-herb-etwa3-2.jpg","contentUrl":"https:\/\/herbetwa.net\/wp-content\/uploads\/2022\/04\/08-bahce-nane-misir-herb-etwa3-2.jpg","width":1024,"height":1024,"caption":"\u0130thal Bah\u00e7e Nane"},{"@type":"BreadcrumbList","@id":"https:\/\/herbetwa.net\/tr\/product\/bahce-nane\/#breadcrumb","itemListElement":[{"@type":"ListItem","position":1,"name":"Home","item":"https:\/\/www.herbetwa.net\/tr\/"},{"@type":"ListItem","position":2,"name":"Bah\u00e7e Nane"}]},{"@type":"WebSite","@id":"https:\/\/herbetwa.net\/en\/#website","url":"https:\/\/herbetwa.net\/en\/","name":"Herb Etwa","description":"Herbs and Spices From Middle East","potentialAction":[{"@type":"SearchAction","target":{"@type":"EntryPoint","urlTemplate":"https:\/\/herbetwa.net\/en\/?s={search_term_string}"},"query-input":{"@type":"PropertyValueSpecification","valueRequired":true,"valueName":"search_term_string"}}],"inLanguage":"tr"}]}},"_links":{"self":[{"href":"https:\/\/herbetwa.net\/tr\/wp-json\/wp\/v2\/product\/973","targetHints":{"allow":["GET"]}}],"collection":[{"href":"https:\/\/herbetwa.net\/tr\/wp-json\/wp\/v2\/product"}],"about":[{"href":"https:\/\/herbetwa.net\/tr\/wp-json\/wp\/v2\/types\/product"}],"wp:featuredmedia":[{"embeddable":true,"href":"https:\/\/herbetwa.net\/tr\/wp-json\/wp\/v2\/media\/721"}],"wp:attachment":[{"href":"https:\/\/herbetwa.net\/tr\/wp-json\/wp\/v2\/media?parent=973"}],"wp:term":[{"taxonomy":"product-category","embeddable":true,"href":"https:\/\/herbetwa.net\/tr\/wp-json\/wp\/v2\/product-category?post=973"}],"curies":[{"name":"wp","href":"https:\/\/api.w.org\/{rel}","templated":true}]}}