{"id":970,"date":"2022-04-01T15:21:25","date_gmt":"2022-04-01T15:21:25","guid":{"rendered":"https:\/\/herbetwa-com-842510.hostingersite.com\/product\/lemon-grass\/"},"modified":"2022-05-20T15:44:19","modified_gmt":"2022-05-20T12:44:19","slug":"limon-otu","status":"publish","type":"product","link":"https:\/\/herbetwa.net\/tr\/product\/limon-otu\/","title":{"rendered":"Limon Otu"},"content":{"rendered":"\n<p>Limon otu, y\u00fczy\u0131llard\u0131r \u00e7e\u015fitli sa\u011fl\u0131k sorunlar\u0131 i\u00e7in do\u011fal bir \u00e7are olarak kullan\u0131lmaktad\u0131r. A, B6, C, E vitaminleri, kalsiyum, magnezyum, demir, \u00e7inko, bak\u0131r, manganez, lif, protein, karbonhidratlar, ya\u011flar ve di\u011fer bir\u00e7ok mineral a\u00e7\u0131s\u0131ndan zengindir.<\/p>\n\n\n\n<p>O sindirim, ba\u011f\u0131\u015f\u0131kl\u0131k sistemi, cilt bak\u0131m\u0131, sa\u00e7 bak\u0131m\u0131 i\u00e7in harika bir bitkidir ve hatta kilo vermeye yard\u0131mc\u0131 olur.<\/p>\n\n\n\n<p>Bu bitki taze veya kurutulmu\u015f olarak kullan\u0131labilir. Bu bitkiyi \u00e7ay, meyve suyu, \u00e7orba, salata sosu, tavada k\u0131zartma, k\u00f6ri, \u00e7orba, smoothie, tatl\u0131, ekmek, kek, kurabiye, dondurma, i\u00e7ecek vb.<\/p>\n\n\n\n<p>Organik limon otu uygun fiyatlarla sat\u0131yoruz. Toplu olarak sat\u0131n al\u0131nabilecek farkl\u0131 organik limon otu \u00e7e\u015fitlerimiz var. Organik limon otumuz %100 saft\u0131r ve b\u00f6cek ilac\u0131, mantar ilac\u0131, herbisit, kimyasal g\u00fcbre ve GDO i\u00e7ermez.<\/p>\n\n\n\n<p>\u00dcr\u00fcnlerimiz do\u011frudan M\u0131s\u0131r&#8217;daki \u00e7iftli\u011fimizden sevk edilmektedir. \u00dcr\u00fcn\u00fcm\u00fcz\u00fcn kalitesini garanti ediyoruz ve piyasadaki en iyi fiyat\u0131 sunuyoruz.<\/p>\n\n\n\n<p><strong>Botanik<\/strong> <strong>Ad\u0131: <\/strong>Cymbopogon citratus<\/p>\n\n\n\n<p><strong>Form: <\/strong>Farkl\u0131 boyutlarda 1.5-2.5cm 12.5-3.5 cm \/ 4-5cm ve Zemini kesin<\/p>\n\n\n\n<p><strong>Kalite: <\/strong>1. S\u0131n\u0131f<\/p>\n\n\n\n<p><strong>Paket: <\/strong>15kg ka\u011f\u0131t veya 20kg PP torbalar<\/p>\n\n\n\n<p><strong>Bulunabilirlik: <\/strong>T\u00fcm y\u0131l boyunca stoklar\u0131m\u0131zda mevcuttur.<\/p>\n\n\n\n<p><strong>Men\u015fei:<\/strong>\u00a0M\u0131s\u0131r<\/p>\n\n\n\n<figure class=\"wp-block-gallery has-nested-images columns-4 wp-block-gallery-1 is-layout-flex wp-block-gallery-is-layout-flex\">\n<figure class=\"wp-block-image size-medium\"><a href=\"https:\/\/herbetwa-com-842510.hostingersite.com\/wp-content\/uploads\/2022\/04\/07-limon-otu-misir-herb-etwa4.png\"><img loading=\"lazy\" decoding=\"async\" width=\"589\" height=\"1000\" data-id=\"718\" src=\"https:\/\/herbetwa-com-842510.hostingersite.com\/wp-content\/uploads\/2022\/04\/07-limon-otu-misir-herb-etwa4.png\" alt=\"\u0130thal limon otu bitki \u00e7aylar\u0131nda, aromalarda, sabunlarda ve kozmetikte kullan\u0131l\u0131r, toptan sat\u0131\u015f yap\u0131l\u0131r\" class=\"wp-image-718\" srcset=\"https:\/\/herbetwa.net\/wp-content\/uploads\/2022\/04\/07-limon-otu-misir-herb-etwa4.png 589w, https:\/\/herbetwa.net\/wp-content\/uploads\/2022\/04\/07-limon-otu-misir-herb-etwa4-177x300.png 177w\" sizes=\"auto, (max-width: 589px) 100vw, 589px\" \/><\/a><\/figure>\n\n\n\n<figure class=\"wp-block-image size-medium\"><a href=\"https:\/\/herbetwa-com-842510.hostingersite.com\/wp-content\/uploads\/2022\/04\/07-limon-otu-misir-herb-etwa1.jpg\"><img loading=\"lazy\" decoding=\"async\" width=\"1024\" height=\"1024\" data-id=\"709\" src=\"https:\/\/herbetwa-com-842510.hostingersite.com\/wp-content\/uploads\/2022\/04\/07-limon-otu-misir-herb-etwa1.jpg\" alt=\"\u0130thal limon otu bitki \u00e7aylar\u0131nda, aromalarda, sabunlarda ve kozmetikte kullan\u0131l\u0131r, toptan sat\u0131\u015f yap\u0131l\u0131r\" class=\"wp-image-709\" srcset=\"https:\/\/herbetwa.net\/wp-content\/uploads\/2022\/04\/07-limon-otu-misir-herb-etwa1.jpg 1024w, https:\/\/herbetwa.net\/wp-content\/uploads\/2022\/04\/07-limon-otu-misir-herb-etwa1-300x300.jpg 300w, https:\/\/herbetwa.net\/wp-content\/uploads\/2022\/04\/07-limon-otu-misir-herb-etwa1-150x150.jpg 150w, https:\/\/herbetwa.net\/wp-content\/uploads\/2022\/04\/07-limon-otu-misir-herb-etwa1-768x768.jpg 768w\" sizes=\"auto, (max-width: 1024px) 100vw, 1024px\" \/><\/a><\/figure>\n\n\n\n<figure class=\"wp-block-image size-medium\"><a href=\"https:\/\/herbetwa-com-842510.hostingersite.com\/wp-content\/uploads\/2022\/04\/07-limon-otu-misir-herb-etwa2.jpg\"><img loading=\"lazy\" decoding=\"async\" width=\"1024\" height=\"1024\" data-id=\"712\" src=\"https:\/\/herbetwa-com-842510.hostingersite.com\/wp-content\/uploads\/2022\/04\/07-limon-otu-misir-herb-etwa2.jpg\" alt=\"\u0130thal limon otu bitki \u00e7aylar\u0131nda, aromalarda, sabunlarda ve kozmetikte kullan\u0131l\u0131r, toptan sat\u0131\u015f yap\u0131l\u0131r\" class=\"wp-image-712\" srcset=\"https:\/\/herbetwa.net\/wp-content\/uploads\/2022\/04\/07-limon-otu-misir-herb-etwa2.jpg 1024w, https:\/\/herbetwa.net\/wp-content\/uploads\/2022\/04\/07-limon-otu-misir-herb-etwa2-300x300.jpg 300w, https:\/\/herbetwa.net\/wp-content\/uploads\/2022\/04\/07-limon-otu-misir-herb-etwa2-150x150.jpg 150w, https:\/\/herbetwa.net\/wp-content\/uploads\/2022\/04\/07-limon-otu-misir-herb-etwa2-768x768.jpg 768w\" sizes=\"auto, (max-width: 1024px) 100vw, 1024px\" \/><\/a><\/figure>\n<\/figure>\n","protected":false},"featured_media":715,"template":"","product-category":[20],"class_list":["post-970","product","type-product","status-publish","has-post-thumbnail","hentry","product-category-bitki-cayi"],"yoast_head":"<!-- This site is optimized with the Yoast SEO Premium plugin v16.6 (Yoast SEO v27.4) - https:\/\/yoast.com\/product\/yoast-seo-premium-wordpress\/ -->\n<title>Toptan Limon Otu tedarik\u00e7isi | Herb Etwa | Hemen fiyat teklifi<\/title>\n<meta name=\"description\" content=\"limon otunun g\u00fcvenilir tedarik\u00e7isi. Bitkisel \u00fcr\u00fcn toptanc\u0131lar\u0131 ve distrib\u00fct\u00f6rleri i\u00e7in toplu sat\u0131\u015flar yap\u0131l\u0131r. \u00dcCRETS\u0130Z NUMUNE TALEB\u0130\" \/>\n<meta name=\"robots\" content=\"index, follow, max-snippet:-1, max-image-preview:large, max-video-preview:-1\" \/>\n<link rel=\"canonical\" href=\"https:\/\/www.herbetwa.net\/tr\/product\/limon-otu\/\" \/>\n<meta property=\"og:locale\" content=\"tr_TR\" \/>\n<meta property=\"og:type\" content=\"article\" \/>\n<meta property=\"og:title\" content=\"Limon Otu\" \/>\n<meta property=\"og:description\" content=\"limon otunun g\u00fcvenilir tedarik\u00e7isi. Bitkisel \u00fcr\u00fcn toptanc\u0131lar\u0131 ve distrib\u00fct\u00f6rleri i\u00e7in toplu sat\u0131\u015flar yap\u0131l\u0131r. \u00dcCRETS\u0130Z NUMUNE TALEB\u0130\" \/>\n<meta property=\"og:url\" content=\"https:\/\/www.herbetwa.net\/tr\/product\/limon-otu\/\" \/>\n<meta property=\"og:site_name\" content=\"Herb Etwa\" \/>\n<meta property=\"article:modified_time\" content=\"2022-05-20T12:44:19+00:00\" \/>\n<meta property=\"og:image\" content=\"https:\/\/www.herbetwa.net\/wp-content\/uploads\/2022\/04\/07-limon-otu-misir-herb-etwa3.jpg\" \/>\n\t<meta property=\"og:image:width\" content=\"1024\" \/>\n\t<meta property=\"og:image:height\" content=\"1024\" \/>\n\t<meta property=\"og:image:type\" content=\"image\/jpeg\" \/>\n<meta name=\"twitter:card\" content=\"summary_large_image\" \/>\n<meta name=\"twitter:label1\" content=\"Tahmini okuma s\u00fcresi\" \/>\n\t<meta name=\"twitter:data1\" content=\"2 dakika\" \/>\n<script type=\"application\/ld+json\" class=\"yoast-schema-graph\">{\"@context\":\"https:\\\/\\\/schema.org\",\"@graph\":[{\"@type\":\"WebPage\",\"@id\":\"https:\\\/\\\/www.herbetwa.net\\\/tr\\\/product\\\/limon-otu\\\/\",\"url\":\"https:\\\/\\\/www.herbetwa.net\\\/tr\\\/product\\\/limon-otu\\\/\",\"name\":\"Toptan Limon Otu tedarik\u00e7isi | Herb Etwa | Hemen fiyat teklifi\",\"isPartOf\":{\"@id\":\"https:\\\/\\\/herbetwa.net\\\/en\\\/#website\"},\"primaryImageOfPage\":{\"@id\":\"https:\\\/\\\/www.herbetwa.net\\\/tr\\\/product\\\/limon-otu\\\/#primaryimage\"},\"image\":{\"@id\":\"https:\\\/\\\/www.herbetwa.net\\\/tr\\\/product\\\/limon-otu\\\/#primaryimage\"},\"thumbnailUrl\":\"https:\\\/\\\/herbetwa.net\\\/wp-content\\\/uploads\\\/2022\\\/04\\\/07-limon-otu-misir-herb-etwa3.jpg\",\"datePublished\":\"2022-04-01T15:21:25+00:00\",\"dateModified\":\"2022-05-20T12:44:19+00:00\",\"description\":\"limon otunun g\u00fcvenilir tedarik\u00e7isi. Bitkisel \u00fcr\u00fcn toptanc\u0131lar\u0131 ve distrib\u00fct\u00f6rleri i\u00e7in toplu sat\u0131\u015flar yap\u0131l\u0131r. \u00dcCRETS\u0130Z NUMUNE TALEB\u0130\",\"breadcrumb\":{\"@id\":\"https:\\\/\\\/www.herbetwa.net\\\/tr\\\/product\\\/limon-otu\\\/#breadcrumb\"},\"inLanguage\":\"tr\",\"potentialAction\":[{\"@type\":\"ReadAction\",\"target\":[\"https:\\\/\\\/www.herbetwa.net\\\/tr\\\/product\\\/limon-otu\\\/\"]}]},{\"@type\":\"ImageObject\",\"inLanguage\":\"tr\",\"@id\":\"https:\\\/\\\/www.herbetwa.net\\\/tr\\\/product\\\/limon-otu\\\/#primaryimage\",\"url\":\"https:\\\/\\\/herbetwa.net\\\/wp-content\\\/uploads\\\/2022\\\/04\\\/07-limon-otu-misir-herb-etwa3.jpg\",\"contentUrl\":\"https:\\\/\\\/herbetwa.net\\\/wp-content\\\/uploads\\\/2022\\\/04\\\/07-limon-otu-misir-herb-etwa3.jpg\",\"width\":1024,\"height\":1024,\"caption\":\"\u0130thal limon otu bitki \u00e7aylar\u0131nda, aromalarda, sabunlarda ve kozmetikte kullan\u0131l\u0131r, toptan sat\u0131\u015f yap\u0131l\u0131r\"},{\"@type\":\"BreadcrumbList\",\"@id\":\"https:\\\/\\\/www.herbetwa.net\\\/tr\\\/product\\\/limon-otu\\\/#breadcrumb\",\"itemListElement\":[{\"@type\":\"ListItem\",\"position\":1,\"name\":\"Home\",\"item\":\"https:\\\/\\\/www.herbetwa.net\\\/tr\\\/\"},{\"@type\":\"ListItem\",\"position\":2,\"name\":\"Limon Otu\"}]},{\"@type\":\"WebSite\",\"@id\":\"https:\\\/\\\/herbetwa.net\\\/en\\\/#website\",\"url\":\"https:\\\/\\\/herbetwa.net\\\/en\\\/\",\"name\":\"Herb Etwa\",\"description\":\"Herbs and Spices From Middle East\",\"potentialAction\":[{\"@type\":\"SearchAction\",\"target\":{\"@type\":\"EntryPoint\",\"urlTemplate\":\"https:\\\/\\\/herbetwa.net\\\/en\\\/?s={search_term_string}\"},\"query-input\":{\"@type\":\"PropertyValueSpecification\",\"valueRequired\":true,\"valueName\":\"search_term_string\"}}],\"inLanguage\":\"tr\"}]}<\/script>\n<!-- \/ Yoast SEO Premium plugin. -->","yoast_head_json":{"title":"Toptan Limon Otu tedarik\u00e7isi | Herb Etwa | Hemen fiyat teklifi","description":"limon otunun g\u00fcvenilir tedarik\u00e7isi. Bitkisel \u00fcr\u00fcn toptanc\u0131lar\u0131 ve distrib\u00fct\u00f6rleri i\u00e7in toplu sat\u0131\u015flar yap\u0131l\u0131r. \u00dcCRETS\u0130Z NUMUNE TALEB\u0130","robots":{"index":"index","follow":"follow","max-snippet":"max-snippet:-1","max-image-preview":"max-image-preview:large","max-video-preview":"max-video-preview:-1"},"canonical":"https:\/\/www.herbetwa.net\/tr\/product\/limon-otu\/","og_locale":"tr_TR","og_type":"article","og_title":"Limon Otu","og_description":"limon otunun g\u00fcvenilir tedarik\u00e7isi. Bitkisel \u00fcr\u00fcn toptanc\u0131lar\u0131 ve distrib\u00fct\u00f6rleri i\u00e7in toplu sat\u0131\u015flar yap\u0131l\u0131r. \u00dcCRETS\u0130Z NUMUNE TALEB\u0130","og_url":"https:\/\/www.herbetwa.net\/tr\/product\/limon-otu\/","og_site_name":"Herb Etwa","article_modified_time":"2022-05-20T12:44:19+00:00","og_image":[{"width":1024,"height":1024,"url":"https:\/\/www.herbetwa.net\/wp-content\/uploads\/2022\/04\/07-limon-otu-misir-herb-etwa3.jpg","type":"image\/jpeg"}],"twitter_card":"summary_large_image","twitter_misc":{"Tahmini okuma s\u00fcresi":"2 dakika"},"schema":{"@context":"https:\/\/schema.org","@graph":[{"@type":"WebPage","@id":"https:\/\/www.herbetwa.net\/tr\/product\/limon-otu\/","url":"https:\/\/www.herbetwa.net\/tr\/product\/limon-otu\/","name":"Toptan Limon Otu tedarik\u00e7isi | Herb Etwa | Hemen fiyat teklifi","isPartOf":{"@id":"https:\/\/herbetwa.net\/en\/#website"},"primaryImageOfPage":{"@id":"https:\/\/www.herbetwa.net\/tr\/product\/limon-otu\/#primaryimage"},"image":{"@id":"https:\/\/www.herbetwa.net\/tr\/product\/limon-otu\/#primaryimage"},"thumbnailUrl":"https:\/\/herbetwa.net\/wp-content\/uploads\/2022\/04\/07-limon-otu-misir-herb-etwa3.jpg","datePublished":"2022-04-01T15:21:25+00:00","dateModified":"2022-05-20T12:44:19+00:00","description":"limon otunun g\u00fcvenilir tedarik\u00e7isi. Bitkisel \u00fcr\u00fcn toptanc\u0131lar\u0131 ve distrib\u00fct\u00f6rleri i\u00e7in toplu sat\u0131\u015flar yap\u0131l\u0131r. \u00dcCRETS\u0130Z NUMUNE TALEB\u0130","breadcrumb":{"@id":"https:\/\/www.herbetwa.net\/tr\/product\/limon-otu\/#breadcrumb"},"inLanguage":"tr","potentialAction":[{"@type":"ReadAction","target":["https:\/\/www.herbetwa.net\/tr\/product\/limon-otu\/"]}]},{"@type":"ImageObject","inLanguage":"tr","@id":"https:\/\/www.herbetwa.net\/tr\/product\/limon-otu\/#primaryimage","url":"https:\/\/herbetwa.net\/wp-content\/uploads\/2022\/04\/07-limon-otu-misir-herb-etwa3.jpg","contentUrl":"https:\/\/herbetwa.net\/wp-content\/uploads\/2022\/04\/07-limon-otu-misir-herb-etwa3.jpg","width":1024,"height":1024,"caption":"\u0130thal limon otu bitki \u00e7aylar\u0131nda, aromalarda, sabunlarda ve kozmetikte kullan\u0131l\u0131r, toptan sat\u0131\u015f yap\u0131l\u0131r"},{"@type":"BreadcrumbList","@id":"https:\/\/www.herbetwa.net\/tr\/product\/limon-otu\/#breadcrumb","itemListElement":[{"@type":"ListItem","position":1,"name":"Home","item":"https:\/\/www.herbetwa.net\/tr\/"},{"@type":"ListItem","position":2,"name":"Limon Otu"}]},{"@type":"WebSite","@id":"https:\/\/herbetwa.net\/en\/#website","url":"https:\/\/herbetwa.net\/en\/","name":"Herb Etwa","description":"Herbs and Spices From Middle East","potentialAction":[{"@type":"SearchAction","target":{"@type":"EntryPoint","urlTemplate":"https:\/\/herbetwa.net\/en\/?s={search_term_string}"},"query-input":{"@type":"PropertyValueSpecification","valueRequired":true,"valueName":"search_term_string"}}],"inLanguage":"tr"}]}},"_links":{"self":[{"href":"https:\/\/herbetwa.net\/tr\/wp-json\/wp\/v2\/product\/970","targetHints":{"allow":["GET"]}}],"collection":[{"href":"https:\/\/herbetwa.net\/tr\/wp-json\/wp\/v2\/product"}],"about":[{"href":"https:\/\/herbetwa.net\/tr\/wp-json\/wp\/v2\/types\/product"}],"wp:featuredmedia":[{"embeddable":true,"href":"https:\/\/herbetwa.net\/tr\/wp-json\/wp\/v2\/media\/715"}],"wp:attachment":[{"href":"https:\/\/herbetwa.net\/tr\/wp-json\/wp\/v2\/media?parent=970"}],"wp:term":[{"taxonomy":"product-category","embeddable":true,"href":"https:\/\/herbetwa.net\/tr\/wp-json\/wp\/v2\/product-category?post=970"}],"curies":[{"name":"wp","href":"https:\/\/api.w.org\/{rel}","templated":true}]}}