{"id":954,"date":"2022-04-01T15:14:15","date_gmt":"2022-04-01T15:14:15","guid":{"rendered":"https:\/\/herbetwa-com-842510.hostingersite.com\/product\/hibiscus-flowers\/"},"modified":"2022-05-20T15:44:56","modified_gmt":"2022-05-20T12:44:56","slug":"hibiskus-cicegi","status":"publish","type":"product","link":"https:\/\/herbetwa.net\/tr\/product\/hibiskus-cicegi\/","title":{"rendered":"Hibiskus \u00c7i\u00e7e\u011fi"},"content":{"rendered":"\n<p>Hibiskus \u00e7i\u00e7ekleri t\u0131bbi \u00f6zellikleri ile bilinir ve y\u00fczy\u0131llard\u0131r \u00e7e\u015fitli sa\u011fl\u0131k durumlar\u0131n\u0131 tedavi etmek i\u00e7in kullan\u0131lm\u0131\u015ft\u0131r. Genel sa\u011fl\u0131\u011f\u0131n\u0131z\u0131 iyile\u015ftirmeye yard\u0131mc\u0131 olabilecek antioksidanlar, vitaminler, mineraller ve di\u011fer faydal\u0131 bile\u015fikler a\u00e7\u0131s\u0131ndan zengindirler.<\/p>\n\n\n\n<p>Hibiskus \u00e7i\u00e7e\u011fi, geleneksel olarak ate\u015f, so\u011fuk alg\u0131nl\u0131\u011f\u0131, grip, kar\u0131n a\u011fr\u0131s\u0131, ishal, haz\u0131ms\u0131zl\u0131k, \u00fclser ve di\u011fer bir\u00e7ok rahats\u0131zl\u0131\u011f\u0131 tedavi etmek i\u00e7in kullan\u0131lm\u0131\u015ft\u0131r. Ayn\u0131 zamanda stres seviyelerini azaltmaya ve rahatlamay\u0131 te\u015fvik etmeye yard\u0131mc\u0131 olur.G\u00f6z kurulu\u011fu i\u00e7in hibiskus \u00e7ay\u0131 tedavisi kullan\u0131l\u0131yor. Akci\u011ferlerde balgam toplanmas\u0131, \u00f6ks\u00fcr\u00fck ve bron\u015fit, ses k\u0131s\u0131kl\u0131\u011f\u0131 tedavisinde kullan\u0131l\u0131r.\u0130\u00e7eri\u011findeki malvin ve malvidin dolay\u0131s\u0131 ile di\u015f etleri i\u00e7in plak \u00f6nleyici ve a\u011f\u0131zdaki bakterilere kar\u015f\u0131 prooksidan \u00f6zelli\u011fe sahip oluyor. Ayak \u015fi\u015fliklerinde, k\u0131r\u0131k ve \u00e7\u0131k\u0131klardan ileri gelen \u015fi\u015fkinliklerde banyo tedavisi etkili olur.&nbsp;<\/p>\n\n\n\n<p>Hibiskus \u00e7i\u00e7e\u011fi y\u00fcksek miktarda C vitamini, kalsiyum, demir, magnezyum, manganez, bak\u0131r, \u00e7inko ve lif i\u00e7erir. Ayr\u0131ca flavonoidler, alkaloidler, tanenler, saponinler, glikozitler, fenolik bile\u015fikler ve antosiyanin ile doludur. Bu fitokimyasallar, ebeg\u00fcmeci \u00e7i\u00e7eklerini serbest radikallere, kansere, kalp hastal\u0131\u011f\u0131na ve diyabete kar\u015f\u0131 koruyabilen g\u00fc\u00e7l\u00fc bir antioksidan yapar.<\/p>\n\n\n\n<p>Hibiscum sabdariffa (yayg\u0131n olarak roselle olarak adland\u0131r\u0131l\u0131r), Afrika ve Asya&#8217;ya \u00f6zg\u00fc tropikal bir \u00e7al\u0131d\u0131r. Yapraklar\u0131 antrakinonlar, polifenoller, flavonoidler ve triterpenler dahil olmak \u00fczere \u00e7e\u015fitli biyoaktif bile\u015fikler i\u00e7erir. Ayr\u0131ca A, B6, C, E, K vitaminleri, folat, pantotenik asit, biotin, niasin, riboflavin, tiamin ve piridoksin a\u00e7\u0131s\u0131ndan da zengindir.<\/p>\n\n\n\n<p>Hibiscuss \u00e7i\u00e7ekleri bug\u00fcn d\u00fcnya \u00e7ap\u0131nda yayg\u0131n olarak yeti\u015ftirilmektedir. Asl\u0131nda, d\u00fcnya \u00e7ap\u0131nda 30&#8217;dan fazla \u00fclkede ticari olarak yeti\u015ftirilmektedirler.<\/p>\n\n\n\n<p><strong>Ad\u0131: <\/strong>Hibiskus \u00c7i\u00e7e\u011fi<\/p>\n\n\n\n<p><strong>Botanik<\/strong> <strong>Ad\u0131: <\/strong>Hibiscus sabdariffa<\/p>\n\n\n\n<p><strong>Form: <\/strong>\u00c7i\u00e7ekler<\/p>\n\n\n\n<p><strong>Kalite: <\/strong>1. s\u0131n\u0131f<\/p>\n\n\n\n<p><strong>Ambalaj: <\/strong>10 kg veya 20 kg P.P &amp; Ka\u011f\u0131t torbalar veya karton kutular<\/p>\n\n\n\n<p><strong>\u00d6zellikler:<\/strong><\/p>\n\n\n\n<p>Safl\u0131k %99,5 &#8211; Kuru, %5 Nem<\/p>\n\n\n\n<p><strong>Bulunabilirlik: <\/strong>Mahsul Aral\u0131k ay\u0131nda ba\u015flar ve t\u00fcm y\u0131l stoklar\u0131m\u0131zda mevcuttur.<\/p>\n\n\n\n<p><strong>Men\u015fei: <\/strong>M\u0131s\u0131r<\/p>\n\n\n\n<figure class=\"wp-block-gallery has-nested-images columns-default is-cropped wp-block-gallery-1 is-layout-flex wp-block-gallery-is-layout-flex\">\n<figure class=\"wp-block-image size-full\"><img loading=\"lazy\" decoding=\"async\" width=\"1000\" height=\"1000\" data-id=\"694\" src=\"https:\/\/herbetwa-com-842510.hostingersite.com\/wp-content\/uploads\/2022\/04\/04-hibiskus-cicegi-misir-herb-etwa2.png\" alt=\"\u0130thal Hibiskus \u00c7i\u00e7e\u011fi \u00c7ay ve G\u0131da maddesi olarak kullan\u0131l\u0131r, Toptan Sat\u0131\u015f yap\u0131l\u0131r.\" class=\"wp-image-694\" srcset=\"https:\/\/herbetwa.net\/wp-content\/uploads\/2022\/04\/04-hibiskus-cicegi-misir-herb-etwa2.png 1000w, https:\/\/herbetwa.net\/wp-content\/uploads\/2022\/04\/04-hibiskus-cicegi-misir-herb-etwa2-300x300.png 300w, https:\/\/herbetwa.net\/wp-content\/uploads\/2022\/04\/04-hibiskus-cicegi-misir-herb-etwa2-150x150.png 150w, https:\/\/herbetwa.net\/wp-content\/uploads\/2022\/04\/04-hibiskus-cicegi-misir-herb-etwa2-768x768.png 768w\" sizes=\"auto, (max-width: 1000px) 100vw, 1000px\" \/><\/figure>\n<\/figure>\n","protected":false},"featured_media":697,"template":"","product-category":[20],"class_list":["post-954","product","type-product","status-publish","has-post-thumbnail","hentry","product-category-bitki-cayi"],"yoast_head":"<!-- This site is optimized with the Yoast SEO Premium plugin v16.6 (Yoast SEO v27.4) - https:\/\/yoast.com\/product\/yoast-seo-premium-wordpress\/ -->\n<title>Toptan Hibiskus \u00c7i\u00e7e\u011fi tedari\u011fi | Herb Etwa| Hemen fiyat teklifi<\/title>\n<meta name=\"description\" content=\"Hibiskus \u00e7i\u00e7e\u011finin g\u00fcvenilir tedarik\u00e7isi. Bitkisel \u00fcr\u00fcn toptanc\u0131lar\u0131 ve distrib\u00fct\u00f6rleri i\u00e7in toplu sat\u0131\u015flar yap\u0131l\u0131r. \u00dcCRETS\u0130Z NUMUNE TALEB\u0130\" \/>\n<meta name=\"robots\" content=\"index, follow, max-snippet:-1, max-image-preview:large, max-video-preview:-1\" \/>\n<link rel=\"canonical\" href=\"https:\/\/herbetwa.net\/tr\/product\/hibiskus-cicegi\/\" \/>\n<meta property=\"og:locale\" content=\"tr_TR\" \/>\n<meta property=\"og:type\" content=\"article\" \/>\n<meta property=\"og:title\" content=\"Hibiskus \u00c7i\u00e7e\u011fi\" \/>\n<meta property=\"og:description\" content=\"Hibiskus \u00e7i\u00e7e\u011finin g\u00fcvenilir tedarik\u00e7isi. Bitkisel \u00fcr\u00fcn toptanc\u0131lar\u0131 ve distrib\u00fct\u00f6rleri i\u00e7in toplu sat\u0131\u015flar yap\u0131l\u0131r. \u00dcCRETS\u0130Z NUMUNE TALEB\u0130\" \/>\n<meta property=\"og:url\" content=\"https:\/\/herbetwa.net\/tr\/product\/hibiskus-cicegi\/\" \/>\n<meta property=\"og:site_name\" content=\"Herb Etwa\" \/>\n<meta property=\"article:modified_time\" content=\"2022-05-20T12:44:56+00:00\" \/>\n<meta property=\"og:image\" content=\"https:\/\/herbetwa.net\/wp-content\/uploads\/2022\/04\/04-hibiskus-cicegi-misir-herb-etwa3.png\" \/>\n\t<meta property=\"og:image:width\" content=\"1378\" \/>\n\t<meta property=\"og:image:height\" content=\"1129\" \/>\n\t<meta property=\"og:image:type\" content=\"image\/png\" \/>\n<meta name=\"twitter:card\" content=\"summary_large_image\" \/>\n<meta name=\"twitter:label1\" content=\"Tahmini okuma s\u00fcresi\" \/>\n\t<meta name=\"twitter:data1\" content=\"2 dakika\" \/>\n<script type=\"application\/ld+json\" class=\"yoast-schema-graph\">{\"@context\":\"https:\\\/\\\/schema.org\",\"@graph\":[{\"@type\":\"WebPage\",\"@id\":\"https:\\\/\\\/herbetwa.net\\\/tr\\\/product\\\/hibiskus-cicegi\\\/\",\"url\":\"https:\\\/\\\/herbetwa.net\\\/tr\\\/product\\\/hibiskus-cicegi\\\/\",\"name\":\"Toptan Hibiskus \u00c7i\u00e7e\u011fi tedari\u011fi | Herb Etwa| Hemen fiyat teklifi\",\"isPartOf\":{\"@id\":\"https:\\\/\\\/herbetwa.net\\\/en\\\/#website\"},\"primaryImageOfPage\":{\"@id\":\"https:\\\/\\\/herbetwa.net\\\/tr\\\/product\\\/hibiskus-cicegi\\\/#primaryimage\"},\"image\":{\"@id\":\"https:\\\/\\\/herbetwa.net\\\/tr\\\/product\\\/hibiskus-cicegi\\\/#primaryimage\"},\"thumbnailUrl\":\"https:\\\/\\\/herbetwa.net\\\/wp-content\\\/uploads\\\/2022\\\/04\\\/04-hibiskus-cicegi-misir-herb-etwa3.png\",\"datePublished\":\"2022-04-01T15:14:15+00:00\",\"dateModified\":\"2022-05-20T12:44:56+00:00\",\"description\":\"Hibiskus \u00e7i\u00e7e\u011finin g\u00fcvenilir tedarik\u00e7isi. Bitkisel \u00fcr\u00fcn toptanc\u0131lar\u0131 ve distrib\u00fct\u00f6rleri i\u00e7in toplu sat\u0131\u015flar yap\u0131l\u0131r. \u00dcCRETS\u0130Z NUMUNE TALEB\u0130\",\"breadcrumb\":{\"@id\":\"https:\\\/\\\/herbetwa.net\\\/tr\\\/product\\\/hibiskus-cicegi\\\/#breadcrumb\"},\"inLanguage\":\"tr\",\"potentialAction\":[{\"@type\":\"ReadAction\",\"target\":[\"https:\\\/\\\/herbetwa.net\\\/tr\\\/product\\\/hibiskus-cicegi\\\/\"]}]},{\"@type\":\"ImageObject\",\"inLanguage\":\"tr\",\"@id\":\"https:\\\/\\\/herbetwa.net\\\/tr\\\/product\\\/hibiskus-cicegi\\\/#primaryimage\",\"url\":\"https:\\\/\\\/herbetwa.net\\\/wp-content\\\/uploads\\\/2022\\\/04\\\/04-hibiskus-cicegi-misir-herb-etwa3.png\",\"contentUrl\":\"https:\\\/\\\/herbetwa.net\\\/wp-content\\\/uploads\\\/2022\\\/04\\\/04-hibiskus-cicegi-misir-herb-etwa3.png\",\"width\":1378,\"height\":1129,\"caption\":\"\u0130thal Hibiskus \u00c7i\u00e7e\u011fi \u00c7ay ve G\u0131da maddesi olarak kullan\u0131l\u0131r, Toptan Sat\u0131\u015f yap\u0131l\u0131r.\"},{\"@type\":\"BreadcrumbList\",\"@id\":\"https:\\\/\\\/herbetwa.net\\\/tr\\\/product\\\/hibiskus-cicegi\\\/#breadcrumb\",\"itemListElement\":[{\"@type\":\"ListItem\",\"position\":1,\"name\":\"Home\",\"item\":\"https:\\\/\\\/www.herbetwa.net\\\/tr\\\/\"},{\"@type\":\"ListItem\",\"position\":2,\"name\":\"Hibiskus \u00c7i\u00e7e\u011fi\"}]},{\"@type\":\"WebSite\",\"@id\":\"https:\\\/\\\/herbetwa.net\\\/en\\\/#website\",\"url\":\"https:\\\/\\\/herbetwa.net\\\/en\\\/\",\"name\":\"Herb Etwa\",\"description\":\"Herbs and Spices From Middle East\",\"potentialAction\":[{\"@type\":\"SearchAction\",\"target\":{\"@type\":\"EntryPoint\",\"urlTemplate\":\"https:\\\/\\\/herbetwa.net\\\/en\\\/?s={search_term_string}\"},\"query-input\":{\"@type\":\"PropertyValueSpecification\",\"valueRequired\":true,\"valueName\":\"search_term_string\"}}],\"inLanguage\":\"tr\"}]}<\/script>\n<!-- \/ Yoast SEO Premium plugin. -->","yoast_head_json":{"title":"Toptan Hibiskus \u00c7i\u00e7e\u011fi tedari\u011fi | Herb Etwa| Hemen fiyat teklifi","description":"Hibiskus \u00e7i\u00e7e\u011finin g\u00fcvenilir tedarik\u00e7isi. Bitkisel \u00fcr\u00fcn toptanc\u0131lar\u0131 ve distrib\u00fct\u00f6rleri i\u00e7in toplu sat\u0131\u015flar yap\u0131l\u0131r. \u00dcCRETS\u0130Z NUMUNE TALEB\u0130","robots":{"index":"index","follow":"follow","max-snippet":"max-snippet:-1","max-image-preview":"max-image-preview:large","max-video-preview":"max-video-preview:-1"},"canonical":"https:\/\/herbetwa.net\/tr\/product\/hibiskus-cicegi\/","og_locale":"tr_TR","og_type":"article","og_title":"Hibiskus \u00c7i\u00e7e\u011fi","og_description":"Hibiskus \u00e7i\u00e7e\u011finin g\u00fcvenilir tedarik\u00e7isi. Bitkisel \u00fcr\u00fcn toptanc\u0131lar\u0131 ve distrib\u00fct\u00f6rleri i\u00e7in toplu sat\u0131\u015flar yap\u0131l\u0131r. \u00dcCRETS\u0130Z NUMUNE TALEB\u0130","og_url":"https:\/\/herbetwa.net\/tr\/product\/hibiskus-cicegi\/","og_site_name":"Herb Etwa","article_modified_time":"2022-05-20T12:44:56+00:00","og_image":[{"width":1378,"height":1129,"url":"https:\/\/herbetwa.net\/wp-content\/uploads\/2022\/04\/04-hibiskus-cicegi-misir-herb-etwa3.png","type":"image\/png"}],"twitter_card":"summary_large_image","twitter_misc":{"Tahmini okuma s\u00fcresi":"2 dakika"},"schema":{"@context":"https:\/\/schema.org","@graph":[{"@type":"WebPage","@id":"https:\/\/herbetwa.net\/tr\/product\/hibiskus-cicegi\/","url":"https:\/\/herbetwa.net\/tr\/product\/hibiskus-cicegi\/","name":"Toptan Hibiskus \u00c7i\u00e7e\u011fi tedari\u011fi | Herb Etwa| Hemen fiyat teklifi","isPartOf":{"@id":"https:\/\/herbetwa.net\/en\/#website"},"primaryImageOfPage":{"@id":"https:\/\/herbetwa.net\/tr\/product\/hibiskus-cicegi\/#primaryimage"},"image":{"@id":"https:\/\/herbetwa.net\/tr\/product\/hibiskus-cicegi\/#primaryimage"},"thumbnailUrl":"https:\/\/herbetwa.net\/wp-content\/uploads\/2022\/04\/04-hibiskus-cicegi-misir-herb-etwa3.png","datePublished":"2022-04-01T15:14:15+00:00","dateModified":"2022-05-20T12:44:56+00:00","description":"Hibiskus \u00e7i\u00e7e\u011finin g\u00fcvenilir tedarik\u00e7isi. Bitkisel \u00fcr\u00fcn toptanc\u0131lar\u0131 ve distrib\u00fct\u00f6rleri i\u00e7in toplu sat\u0131\u015flar yap\u0131l\u0131r. \u00dcCRETS\u0130Z NUMUNE TALEB\u0130","breadcrumb":{"@id":"https:\/\/herbetwa.net\/tr\/product\/hibiskus-cicegi\/#breadcrumb"},"inLanguage":"tr","potentialAction":[{"@type":"ReadAction","target":["https:\/\/herbetwa.net\/tr\/product\/hibiskus-cicegi\/"]}]},{"@type":"ImageObject","inLanguage":"tr","@id":"https:\/\/herbetwa.net\/tr\/product\/hibiskus-cicegi\/#primaryimage","url":"https:\/\/herbetwa.net\/wp-content\/uploads\/2022\/04\/04-hibiskus-cicegi-misir-herb-etwa3.png","contentUrl":"https:\/\/herbetwa.net\/wp-content\/uploads\/2022\/04\/04-hibiskus-cicegi-misir-herb-etwa3.png","width":1378,"height":1129,"caption":"\u0130thal Hibiskus \u00c7i\u00e7e\u011fi \u00c7ay ve G\u0131da maddesi olarak kullan\u0131l\u0131r, Toptan Sat\u0131\u015f yap\u0131l\u0131r."},{"@type":"BreadcrumbList","@id":"https:\/\/herbetwa.net\/tr\/product\/hibiskus-cicegi\/#breadcrumb","itemListElement":[{"@type":"ListItem","position":1,"name":"Home","item":"https:\/\/www.herbetwa.net\/tr\/"},{"@type":"ListItem","position":2,"name":"Hibiskus \u00c7i\u00e7e\u011fi"}]},{"@type":"WebSite","@id":"https:\/\/herbetwa.net\/en\/#website","url":"https:\/\/herbetwa.net\/en\/","name":"Herb Etwa","description":"Herbs and Spices From Middle East","potentialAction":[{"@type":"SearchAction","target":{"@type":"EntryPoint","urlTemplate":"https:\/\/herbetwa.net\/en\/?s={search_term_string}"},"query-input":{"@type":"PropertyValueSpecification","valueRequired":true,"valueName":"search_term_string"}}],"inLanguage":"tr"}]}},"_links":{"self":[{"href":"https:\/\/herbetwa.net\/tr\/wp-json\/wp\/v2\/product\/954","targetHints":{"allow":["GET"]}}],"collection":[{"href":"https:\/\/herbetwa.net\/tr\/wp-json\/wp\/v2\/product"}],"about":[{"href":"https:\/\/herbetwa.net\/tr\/wp-json\/wp\/v2\/types\/product"}],"wp:featuredmedia":[{"embeddable":true,"href":"https:\/\/herbetwa.net\/tr\/wp-json\/wp\/v2\/media\/697"}],"wp:attachment":[{"href":"https:\/\/herbetwa.net\/tr\/wp-json\/wp\/v2\/media?parent=954"}],"wp:term":[{"taxonomy":"product-category","embeddable":true,"href":"https:\/\/herbetwa.net\/tr\/wp-json\/wp\/v2\/product-category?post=954"}],"curies":[{"name":"wp","href":"https:\/\/api.w.org\/{rel}","templated":true}]}}