{"id":950,"date":"2022-04-01T15:12:49","date_gmt":"2022-04-01T15:12:49","guid":{"rendered":"https:\/\/herbetwa-com-842510.hostingersite.com\/product\/parsley-leaves\/"},"modified":"2022-04-09T09:55:24","modified_gmt":"2022-04-09T09:55:24","slug":"maydanoz-yapragi","status":"publish","type":"product","link":"https:\/\/herbetwa.net\/tr\/product\/maydanoz-yapragi\/","title":{"rendered":"Maydanoz Yapra\u011f\u0131"},"content":{"rendered":"\n<p>Organik maydanoz yapraklar\u0131 t\u0131bbi ama\u00e7lar i\u00e7in kullan\u0131l\u0131r. A, B6, C, E, K vitaminleri, kalsiyum, demir, magnezyum, manganez, \u00e7inko, bak\u0131r, lif, protein, omega-3 ya\u011f asitleri ve antioksidanlar bak\u0131m\u0131ndan zengindirler. Bu yapraklar bitki \u00e7ay\u0131, \u00e7orba, salata ve garnit\u00fcr yemeklerinde kullan\u0131labilir.<\/p>\n\n\n\n<p>Maydanoz yapraklar\u0131 y\u00fczy\u0131llard\u0131r geleneksel t\u0131pta so\u011fuk alg\u0131nl\u0131\u011f\u0131, grip, ate\u015f, haz\u0131ms\u0131zl\u0131k ve mide problemlerini tedavi etmek i\u00e7in kullan\u0131lm\u0131\u015ft\u0131r. Anti-inflamatuar \u00f6zelliklere sahip flavonoidler i\u00e7erir. Flavonoider, \u015fi\u015fli\u011fi ve iltihab\u0131 azaltmaya yard\u0131mc\u0131 olur ve hatta kanser h\u00fccrelerinin \u00e7o\u011falmas\u0131n\u0131 \u00f6nleyebilirler.<\/p>\n\n\n\n<p>B\u00f6bre\u011fi temizler ve g\u00fc\u00e7lendirir ve hatta b\u00f6brek ta\u015flar\u0131n\u0131n k\u0131r\u0131lmas\u0131na yard\u0131mc\u0131 olabilir. Eklem a\u011fr\u0131s\u0131n\u0131 ve sertli\u011fini azaltan bir anti-inflamatuar g\u00f6revi g\u00f6r\u00fcr. Maydanozda bulunan kalsiyum ve flor kemikleri ve di\u015fleri g\u00fc\u00e7lendirebilir.<\/p>\n\n\n\n<p>Kurutulmu\u015f maydanoz, taze maydanoz kullan\u0131larak \u00fcretilen ve \u00fcretim sonucunda elde edilen kurutulmu\u015f \u00fcr\u00fcnd\u00fcr.Taze maydanoz kurutulmadan \u00f6nce yakla\u015f\u0131k %83-88 civar\u0131nda su i\u00e7erir. Kurutma ile kurutulan taze \u00fcr\u00fcndeki su oran\u0131 \u00e7ok d\u00fc\u015f\u00fck de\u011ferlere indirilir.<\/p>\n\n\n\n<p><strong>Ad\u0131: <\/strong>Maydanoz Yapra\u011f\u0131 Kurusu<\/p>\n\n\n\n<p><strong>Botanik<\/strong> <strong>ad\u0131: <\/strong>:Petroselinum Crispum<\/p>\n\n\n\n<p><strong>\u00dcr\u00fcn Formlar\u0131:<\/strong><\/p>\n\n\n\n<p>\u00b7 Yapraklar (Pul)<\/p>\n\n\n\n<p>\u00b7 Maydanoz ezilmi\u015f yapraklar 2-4mm<\/p>\n\n\n\n<p>\u00b7 Maydanoz 30 Mesh<\/p>\n\n\n\n<p>\u00b7 Maydanoz \u0130nce k\u0131y\u0131lm\u0131\u015f<\/p>\n\n\n\n<p>&nbsp;<strong>Bulunabilirlik: <\/strong>Y\u0131l Boyunca<\/p>\n\n\n\n<p><strong>Ambalaj: <\/strong>Ezilmi\u015f veya sipari\u015fe g\u00f6re yapraklar:<\/p>\n\n\n\n<p>\u00b7 Karton kutular<\/p>\n\n\n\n<p>\u00b7 15kg ka\u011f\u0131t torba veya<\/p>\n\n\n\n<p>\u00b7 20kg PP torbalar<\/p>\n\n\n\n<p><strong>\u00d6zellikler: <\/strong>%99 safl\u0131k, Kar\u0131\u015f\u0131m %1, %5 nem<\/p>\n\n\n\n<p><strong>Mahsul S\u00fcreci: <\/strong>\u00c7iftliklerden toplan\u0131r, g\u00fcne\u015fte kurutulur veya %8 nemde makinede kurutulur.<\/p>\n\n\n\n<p><strong>Konteyner Kapasitesi:<\/strong><\/p>\n\n\n\n<p>20 FCL konteyner 6 Metrik Ton<\/p>\n\n\n\n<p>40 FCL konteyner<\/p>\n\n\n\n<p>&nbsp;13 Metrik Ton<\/p>\n\n\n\n<p><strong>Besin De\u011ferleri<\/strong> :100 Gr \u0130\u00e7in<\/p>\n\n\n\n<p>Kalori:292 kcal<\/p>\n\n\n\n<p>Karbonhidrat :50.64 g<\/p>\n\n\n\n<p>Lif :26.7 g<\/p>\n\n\n\n<p>Protein:26.63 g<\/p>\n\n\n\n<p><strong>Men\u015fei:<\/strong> M\u0131s\u0131r<\/p>\n\n\n\n<figure class=\"wp-block-gallery has-nested-images columns-4 is-cropped wp-block-gallery-1 is-layout-flex wp-block-gallery-is-layout-flex\">\n<figure class=\"wp-block-image size-large\"><a href=\"https:\/\/herbetwa-com-842510.hostingersite.com\/wp-content\/uploads\/2022\/04\/03-maydanoz-yapragi-ince-dogranmis-misir-herb-etwa-3.jpg\" target=\"_blank\" rel=\"noopener\"><img loading=\"lazy\" decoding=\"async\" width=\"1024\" height=\"1024\" data-id=\"682\" src=\"https:\/\/herbetwa-com-842510.hostingersite.com\/wp-content\/uploads\/2022\/04\/03-maydanoz-yapragi-ince-dogranmis-misir-herb-etwa-3-1024x1024.jpg\" alt=\"\u0130thal kurutulmu\u015f maydanoz yapra\u011f\u0131 toptan sat\u0131\u015f yap\u0131l\u0131r.\" class=\"wp-image-682\" srcset=\"https:\/\/herbetwa.net\/wp-content\/uploads\/2022\/04\/03-maydanoz-yapragi-ince-dogranmis-misir-herb-etwa-3.jpg 1024w, https:\/\/herbetwa.net\/wp-content\/uploads\/2022\/04\/03-maydanoz-yapragi-ince-dogranmis-misir-herb-etwa-3-300x300.jpg 300w, https:\/\/herbetwa.net\/wp-content\/uploads\/2022\/04\/03-maydanoz-yapragi-ince-dogranmis-misir-herb-etwa-3-150x150.jpg 150w, https:\/\/herbetwa.net\/wp-content\/uploads\/2022\/04\/03-maydanoz-yapragi-ince-dogranmis-misir-herb-etwa-3-768x768.jpg 768w\" sizes=\"auto, (max-width: 1024px) 100vw, 1024px\" \/><\/a><\/figure>\n<\/figure>\n","protected":false},"featured_media":321,"template":"","product-category":[20],"class_list":["post-950","product","type-product","status-publish","has-post-thumbnail","hentry","product-category-bitki-cayi"],"yoast_head":"<!-- This site is optimized with the Yoast SEO Premium plugin v16.6 (Yoast SEO v27.4) - https:\/\/yoast.com\/product\/yoast-seo-premium-wordpress\/ -->\n<title>Toptan Maydanoz yapra\u011f\u0131 tedari\u011fi |Herb Etwa| Hemen fiyat teklifi<\/title>\n<meta name=\"description\" content=\"Kurutulmu\u015f maydanoz yapraklar\u0131n\u0131n g\u00fcvenilir tedarik\u00e7isi. Bitkisel \u00fcr\u00fcn toptanc\u0131la\u0131r ve distrib\u00fct\u00f6rleri i\u00e7in toplu sat\u0131\u015flar yap\u0131l\u0131r. \u00dcCRETS\u0130Z NUMUNE TALEB\u0130\" \/>\n<meta name=\"robots\" content=\"index, follow, max-snippet:-1, max-image-preview:large, max-video-preview:-1\" \/>\n<link rel=\"canonical\" href=\"https:\/\/www.herbetwa.net\/tr\/product\/maydanoz-yapragi\/\" \/>\n<meta property=\"og:locale\" content=\"tr_TR\" \/>\n<meta property=\"og:type\" content=\"article\" \/>\n<meta property=\"og:title\" content=\"Maydanoz Yapra\u011f\u0131\" \/>\n<meta property=\"og:description\" content=\"Kurutulmu\u015f maydanoz yapraklar\u0131n\u0131n g\u00fcvenilir tedarik\u00e7isi. Bitkisel \u00fcr\u00fcn toptanc\u0131la\u0131r ve distrib\u00fct\u00f6rleri i\u00e7in toplu sat\u0131\u015flar yap\u0131l\u0131r. \u00dcCRETS\u0130Z NUMUNE TALEB\u0130\" \/>\n<meta property=\"og:url\" content=\"https:\/\/www.herbetwa.net\/tr\/product\/maydanoz-yapragi\/\" \/>\n<meta property=\"og:site_name\" content=\"Herb Etwa\" \/>\n<meta property=\"article:modified_time\" content=\"2022-04-09T09:55:24+00:00\" \/>\n<meta property=\"og:image\" content=\"https:\/\/www.herbetwa.net\/wp-content\/uploads\/2022\/04\/3-parsley-fine-cut-egypt-herb-etwa3.jpg\" \/>\n\t<meta property=\"og:image:width\" content=\"1024\" \/>\n\t<meta property=\"og:image:height\" content=\"1024\" \/>\n\t<meta property=\"og:image:type\" content=\"image\/jpeg\" \/>\n<meta name=\"twitter:card\" content=\"summary_large_image\" \/>\n<meta name=\"twitter:label1\" content=\"Tahmini okuma s\u00fcresi\" \/>\n\t<meta name=\"twitter:data1\" content=\"2 dakika\" \/>\n<script type=\"application\/ld+json\" class=\"yoast-schema-graph\">{\"@context\":\"https:\\\/\\\/schema.org\",\"@graph\":[{\"@type\":\"WebPage\",\"@id\":\"https:\\\/\\\/www.herbetwa.net\\\/tr\\\/product\\\/maydanoz-yapragi\\\/\",\"url\":\"https:\\\/\\\/www.herbetwa.net\\\/tr\\\/product\\\/maydanoz-yapragi\\\/\",\"name\":\"Toptan Maydanoz yapra\u011f\u0131 tedari\u011fi |Herb Etwa| Hemen fiyat teklifi\",\"isPartOf\":{\"@id\":\"https:\\\/\\\/herbetwa.net\\\/en\\\/#website\"},\"primaryImageOfPage\":{\"@id\":\"https:\\\/\\\/www.herbetwa.net\\\/tr\\\/product\\\/maydanoz-yapragi\\\/#primaryimage\"},\"image\":{\"@id\":\"https:\\\/\\\/www.herbetwa.net\\\/tr\\\/product\\\/maydanoz-yapragi\\\/#primaryimage\"},\"thumbnailUrl\":\"https:\\\/\\\/herbetwa.net\\\/wp-content\\\/uploads\\\/2022\\\/04\\\/3-parsley-fine-cut-egypt-herb-etwa3.jpg\",\"datePublished\":\"2022-04-01T15:12:49+00:00\",\"dateModified\":\"2022-04-09T09:55:24+00:00\",\"description\":\"Kurutulmu\u015f maydanoz yapraklar\u0131n\u0131n g\u00fcvenilir tedarik\u00e7isi. Bitkisel \u00fcr\u00fcn toptanc\u0131la\u0131r ve distrib\u00fct\u00f6rleri i\u00e7in toplu sat\u0131\u015flar yap\u0131l\u0131r. \u00dcCRETS\u0130Z NUMUNE TALEB\u0130\",\"breadcrumb\":{\"@id\":\"https:\\\/\\\/www.herbetwa.net\\\/tr\\\/product\\\/maydanoz-yapragi\\\/#breadcrumb\"},\"inLanguage\":\"tr\",\"potentialAction\":[{\"@type\":\"ReadAction\",\"target\":[\"https:\\\/\\\/www.herbetwa.net\\\/tr\\\/product\\\/maydanoz-yapragi\\\/\"]}]},{\"@type\":\"ImageObject\",\"inLanguage\":\"tr\",\"@id\":\"https:\\\/\\\/www.herbetwa.net\\\/tr\\\/product\\\/maydanoz-yapragi\\\/#primaryimage\",\"url\":\"https:\\\/\\\/herbetwa.net\\\/wp-content\\\/uploads\\\/2022\\\/04\\\/3-parsley-fine-cut-egypt-herb-etwa3.jpg\",\"contentUrl\":\"https:\\\/\\\/herbetwa.net\\\/wp-content\\\/uploads\\\/2022\\\/04\\\/3-parsley-fine-cut-egypt-herb-etwa3.jpg\",\"width\":1024,\"height\":1024},{\"@type\":\"BreadcrumbList\",\"@id\":\"https:\\\/\\\/www.herbetwa.net\\\/tr\\\/product\\\/maydanoz-yapragi\\\/#breadcrumb\",\"itemListElement\":[{\"@type\":\"ListItem\",\"position\":1,\"name\":\"Home\",\"item\":\"https:\\\/\\\/www.herbetwa.net\\\/tr\\\/\"},{\"@type\":\"ListItem\",\"position\":2,\"name\":\"Maydanoz Yapra\u011f\u0131\"}]},{\"@type\":\"WebSite\",\"@id\":\"https:\\\/\\\/herbetwa.net\\\/en\\\/#website\",\"url\":\"https:\\\/\\\/herbetwa.net\\\/en\\\/\",\"name\":\"Herb Etwa\",\"description\":\"Herbs and Spices From Middle East\",\"potentialAction\":[{\"@type\":\"SearchAction\",\"target\":{\"@type\":\"EntryPoint\",\"urlTemplate\":\"https:\\\/\\\/herbetwa.net\\\/en\\\/?s={search_term_string}\"},\"query-input\":{\"@type\":\"PropertyValueSpecification\",\"valueRequired\":true,\"valueName\":\"search_term_string\"}}],\"inLanguage\":\"tr\"}]}<\/script>\n<!-- \/ Yoast SEO Premium plugin. -->","yoast_head_json":{"title":"Toptan Maydanoz yapra\u011f\u0131 tedari\u011fi |Herb Etwa| Hemen fiyat teklifi","description":"Kurutulmu\u015f maydanoz yapraklar\u0131n\u0131n g\u00fcvenilir tedarik\u00e7isi. Bitkisel \u00fcr\u00fcn toptanc\u0131la\u0131r ve distrib\u00fct\u00f6rleri i\u00e7in toplu sat\u0131\u015flar yap\u0131l\u0131r. \u00dcCRETS\u0130Z NUMUNE TALEB\u0130","robots":{"index":"index","follow":"follow","max-snippet":"max-snippet:-1","max-image-preview":"max-image-preview:large","max-video-preview":"max-video-preview:-1"},"canonical":"https:\/\/www.herbetwa.net\/tr\/product\/maydanoz-yapragi\/","og_locale":"tr_TR","og_type":"article","og_title":"Maydanoz Yapra\u011f\u0131","og_description":"Kurutulmu\u015f maydanoz yapraklar\u0131n\u0131n g\u00fcvenilir tedarik\u00e7isi. Bitkisel \u00fcr\u00fcn toptanc\u0131la\u0131r ve distrib\u00fct\u00f6rleri i\u00e7in toplu sat\u0131\u015flar yap\u0131l\u0131r. \u00dcCRETS\u0130Z NUMUNE TALEB\u0130","og_url":"https:\/\/www.herbetwa.net\/tr\/product\/maydanoz-yapragi\/","og_site_name":"Herb Etwa","article_modified_time":"2022-04-09T09:55:24+00:00","og_image":[{"width":1024,"height":1024,"url":"https:\/\/www.herbetwa.net\/wp-content\/uploads\/2022\/04\/3-parsley-fine-cut-egypt-herb-etwa3.jpg","type":"image\/jpeg"}],"twitter_card":"summary_large_image","twitter_misc":{"Tahmini okuma s\u00fcresi":"2 dakika"},"schema":{"@context":"https:\/\/schema.org","@graph":[{"@type":"WebPage","@id":"https:\/\/www.herbetwa.net\/tr\/product\/maydanoz-yapragi\/","url":"https:\/\/www.herbetwa.net\/tr\/product\/maydanoz-yapragi\/","name":"Toptan Maydanoz yapra\u011f\u0131 tedari\u011fi |Herb Etwa| Hemen fiyat teklifi","isPartOf":{"@id":"https:\/\/herbetwa.net\/en\/#website"},"primaryImageOfPage":{"@id":"https:\/\/www.herbetwa.net\/tr\/product\/maydanoz-yapragi\/#primaryimage"},"image":{"@id":"https:\/\/www.herbetwa.net\/tr\/product\/maydanoz-yapragi\/#primaryimage"},"thumbnailUrl":"https:\/\/herbetwa.net\/wp-content\/uploads\/2022\/04\/3-parsley-fine-cut-egypt-herb-etwa3.jpg","datePublished":"2022-04-01T15:12:49+00:00","dateModified":"2022-04-09T09:55:24+00:00","description":"Kurutulmu\u015f maydanoz yapraklar\u0131n\u0131n g\u00fcvenilir tedarik\u00e7isi. Bitkisel \u00fcr\u00fcn toptanc\u0131la\u0131r ve distrib\u00fct\u00f6rleri i\u00e7in toplu sat\u0131\u015flar yap\u0131l\u0131r. \u00dcCRETS\u0130Z NUMUNE TALEB\u0130","breadcrumb":{"@id":"https:\/\/www.herbetwa.net\/tr\/product\/maydanoz-yapragi\/#breadcrumb"},"inLanguage":"tr","potentialAction":[{"@type":"ReadAction","target":["https:\/\/www.herbetwa.net\/tr\/product\/maydanoz-yapragi\/"]}]},{"@type":"ImageObject","inLanguage":"tr","@id":"https:\/\/www.herbetwa.net\/tr\/product\/maydanoz-yapragi\/#primaryimage","url":"https:\/\/herbetwa.net\/wp-content\/uploads\/2022\/04\/3-parsley-fine-cut-egypt-herb-etwa3.jpg","contentUrl":"https:\/\/herbetwa.net\/wp-content\/uploads\/2022\/04\/3-parsley-fine-cut-egypt-herb-etwa3.jpg","width":1024,"height":1024},{"@type":"BreadcrumbList","@id":"https:\/\/www.herbetwa.net\/tr\/product\/maydanoz-yapragi\/#breadcrumb","itemListElement":[{"@type":"ListItem","position":1,"name":"Home","item":"https:\/\/www.herbetwa.net\/tr\/"},{"@type":"ListItem","position":2,"name":"Maydanoz Yapra\u011f\u0131"}]},{"@type":"WebSite","@id":"https:\/\/herbetwa.net\/en\/#website","url":"https:\/\/herbetwa.net\/en\/","name":"Herb Etwa","description":"Herbs and Spices From Middle East","potentialAction":[{"@type":"SearchAction","target":{"@type":"EntryPoint","urlTemplate":"https:\/\/herbetwa.net\/en\/?s={search_term_string}"},"query-input":{"@type":"PropertyValueSpecification","valueRequired":true,"valueName":"search_term_string"}}],"inLanguage":"tr"}]}},"_links":{"self":[{"href":"https:\/\/herbetwa.net\/tr\/wp-json\/wp\/v2\/product\/950","targetHints":{"allow":["GET"]}}],"collection":[{"href":"https:\/\/herbetwa.net\/tr\/wp-json\/wp\/v2\/product"}],"about":[{"href":"https:\/\/herbetwa.net\/tr\/wp-json\/wp\/v2\/types\/product"}],"wp:featuredmedia":[{"embeddable":true,"href":"https:\/\/herbetwa.net\/tr\/wp-json\/wp\/v2\/media\/321"}],"wp:attachment":[{"href":"https:\/\/herbetwa.net\/tr\/wp-json\/wp\/v2\/media?parent=950"}],"wp:term":[{"taxonomy":"product-category","embeddable":true,"href":"https:\/\/herbetwa.net\/tr\/wp-json\/wp\/v2\/product-category?post=950"}],"curies":[{"name":"wp","href":"https:\/\/api.w.org\/{rel}","templated":true}]}}