{"id":946,"date":"2022-04-01T15:09:52","date_gmt":"2022-04-01T15:09:52","guid":{"rendered":"https:\/\/herbetwa-com-842510.hostingersite.com\/product\/chamomile-ground\/"},"modified":"2022-05-20T15:46:18","modified_gmt":"2022-05-20T12:46:18","slug":"papatya-tozu","status":"publish","type":"product","link":"https:\/\/herbetwa.net\/tr\/product\/papatya-tozu\/","title":{"rendered":"Papatya Tozu"},"content":{"rendered":"\n<p>Papatya \u00e7i\u00e7e\u011fi tozumuz t\u00fcm Matricaria recutita&nbsp; \u00e7i\u00e7eklerinden \u00f6\u011f\u00fct\u00fclm\u00fc\u015ft\u00fcr. Papatya bir\u00e7ok cilt ve sa\u00e7 bak\u0131m\u0131 tarifinde yer almaktad\u0131r. Genellikle k\u0131na kar\u0131\u015f\u0131mlar\u0131nda bulunur, baz\u0131 sa\u00e7 renklerini ayd\u0131nlatabilir. \u00dcr\u00fcn\u00fcm\u00fcz, renklendirici ve koruyucu madde i\u00e7ermez<\/p>\n\n\n\n<p><strong>Ad\u0131: <\/strong>Sar\u0131<strong> <\/strong>Papatya Tozu<\/p>\n\n\n\n<p><strong>Botanik<\/strong> <strong>Ad\u0131:<\/strong> Matricaria Chamomilla T.B.C.<\/p>\n\n\n\n<p><strong>Form: <\/strong>Papatya T.B.C \u0130nce Kesim 11.5mm \/ 1.5-2 mm&nbsp;<\/p>\n\n\n\n<p><strong>Kalite: <\/strong>&nbsp;1. Derece<\/p>\n\n\n\n<p><strong>Paket: <\/strong>20 KG P.P veya Ka\u011f\u0131t torbalar(M\u00fc\u015fteri talebine g\u00f6re paket)<\/p>\n\n\n\n<p><strong>Bulunabilirlik: <\/strong>Mahsul Ocak ay\u0131nda ba\u015flar ve t\u00fcm y\u0131l stoklar\u0131m\u0131zda mevcuttur.<\/p>\n\n\n\n<p><strong>\u00d6zellikler: <\/strong>Safl\u0131k %99,5 &#8211; Kuru, %5 Nem<\/p>\n\n\n\n<p><strong>Men\u015fei:<\/strong> M\u0131s\u0131r<\/p>\n\n\n\n<figure class=\"wp-block-gallery has-nested-images columns-default is-cropped wp-block-gallery-1 is-layout-flex wp-block-gallery-is-layout-flex\">\n<figure class=\"wp-block-image size-large is-style-default\"><img loading=\"lazy\" decoding=\"async\" width=\"1024\" height=\"1024\" data-id=\"676\" src=\"https:\/\/herbetwa-com-842510.hostingersite.com\/wp-content\/uploads\/2022\/04\/02-papatya-tozu-misir-herb-etwa-1024x1024.jpg\" alt=\"\u0130thal kurutulmu\u015f papatya tozu ve g\u0131da maddesi olarak i\u015flenmi\u015f papatya ya\u011f\u0131 Toptan sat\u0131\u015f yap\u0131l\u0131r.\" class=\"wp-image-676\" srcset=\"https:\/\/herbetwa.net\/wp-content\/uploads\/2022\/04\/02-papatya-tozu-misir-herb-etwa.jpg 1024w, https:\/\/herbetwa.net\/wp-content\/uploads\/2022\/04\/02-papatya-tozu-misir-herb-etwa-300x300.jpg 300w, https:\/\/herbetwa.net\/wp-content\/uploads\/2022\/04\/02-papatya-tozu-misir-herb-etwa-150x150.jpg 150w, https:\/\/herbetwa.net\/wp-content\/uploads\/2022\/04\/02-papatya-tozu-misir-herb-etwa-768x768.jpg 768w\" sizes=\"auto, (max-width: 1024px) 100vw, 1024px\" \/><\/figure>\n<\/figure>\n\n\n\n<p><\/p>\n","protected":false},"featured_media":676,"template":"","product-category":[20],"class_list":["post-946","product","type-product","status-publish","has-post-thumbnail","hentry","product-category-bitki-cayi"],"yoast_head":"<!-- This site is optimized with the Yoast SEO Premium plugin v16.6 (Yoast SEO v27.4) - https:\/\/yoast.com\/product\/yoast-seo-premium-wordpress\/ -->\n<title>Toptan Papatya Tozu tedarik\u00e7isi |Herb Etwa| Hemen fiyat teklifi<\/title>\n<meta name=\"description\" content=\"\u00d6\u011f\u00fct\u00fclm\u00fc\u015f papatya \u00e7i\u00e7e\u011finin g\u00fcvenilir tedarik\u00e7isi. Bitkisel \u00fcr\u00fcn toptanc\u0131lar\u0131 ve distrib\u00fct\u00f6rleri i\u00e7in toptan sat\u0131\u015f yap\u0131l\u0131r. \u00dcCRETS\u0130Z NUMUNE TALEB\u0130\" \/>\n<meta name=\"robots\" content=\"index, follow, max-snippet:-1, max-image-preview:large, max-video-preview:-1\" \/>\n<link rel=\"canonical\" href=\"https:\/\/herbetwa.net\/tr\/product\/papatya-tozu\/\" \/>\n<meta property=\"og:locale\" content=\"tr_TR\" \/>\n<meta property=\"og:type\" content=\"article\" \/>\n<meta property=\"og:title\" content=\"Papatya Tozu\" \/>\n<meta property=\"og:description\" content=\"\u00d6\u011f\u00fct\u00fclm\u00fc\u015f papatya \u00e7i\u00e7e\u011finin g\u00fcvenilir tedarik\u00e7isi. Bitkisel \u00fcr\u00fcn toptanc\u0131lar\u0131 ve distrib\u00fct\u00f6rleri i\u00e7in toptan sat\u0131\u015f yap\u0131l\u0131r. \u00dcCRETS\u0130Z NUMUNE TALEB\u0130\" \/>\n<meta property=\"og:url\" content=\"https:\/\/herbetwa.net\/tr\/product\/papatya-tozu\/\" \/>\n<meta property=\"og:site_name\" content=\"Herb Etwa\" \/>\n<meta property=\"article:modified_time\" content=\"2022-05-20T12:46:18+00:00\" \/>\n<meta property=\"og:image\" content=\"https:\/\/herbetwa.net\/wp-content\/uploads\/2022\/04\/02-papatya-tozu-misir-herb-etwa.jpg\" \/>\n\t<meta property=\"og:image:width\" content=\"1024\" \/>\n\t<meta property=\"og:image:height\" content=\"1024\" \/>\n\t<meta property=\"og:image:type\" content=\"image\/jpeg\" \/>\n<meta name=\"twitter:card\" content=\"summary_large_image\" \/>\n<meta name=\"twitter:label1\" content=\"Tahmini okuma s\u00fcresi\" \/>\n\t<meta name=\"twitter:data1\" content=\"1 dakika\" \/>\n<script type=\"application\/ld+json\" class=\"yoast-schema-graph\">{\"@context\":\"https:\\\/\\\/schema.org\",\"@graph\":[{\"@type\":\"WebPage\",\"@id\":\"https:\\\/\\\/herbetwa.net\\\/tr\\\/product\\\/papatya-tozu\\\/\",\"url\":\"https:\\\/\\\/herbetwa.net\\\/tr\\\/product\\\/papatya-tozu\\\/\",\"name\":\"Toptan Papatya Tozu tedarik\u00e7isi |Herb Etwa| Hemen fiyat teklifi\",\"isPartOf\":{\"@id\":\"https:\\\/\\\/herbetwa.net\\\/en\\\/#website\"},\"primaryImageOfPage\":{\"@id\":\"https:\\\/\\\/herbetwa.net\\\/tr\\\/product\\\/papatya-tozu\\\/#primaryimage\"},\"image\":{\"@id\":\"https:\\\/\\\/herbetwa.net\\\/tr\\\/product\\\/papatya-tozu\\\/#primaryimage\"},\"thumbnailUrl\":\"https:\\\/\\\/herbetwa.net\\\/wp-content\\\/uploads\\\/2022\\\/04\\\/02-papatya-tozu-misir-herb-etwa.jpg\",\"datePublished\":\"2022-04-01T15:09:52+00:00\",\"dateModified\":\"2022-05-20T12:46:18+00:00\",\"description\":\"\u00d6\u011f\u00fct\u00fclm\u00fc\u015f papatya \u00e7i\u00e7e\u011finin g\u00fcvenilir tedarik\u00e7isi. Bitkisel \u00fcr\u00fcn toptanc\u0131lar\u0131 ve distrib\u00fct\u00f6rleri i\u00e7in toptan sat\u0131\u015f yap\u0131l\u0131r. \u00dcCRETS\u0130Z NUMUNE TALEB\u0130\",\"breadcrumb\":{\"@id\":\"https:\\\/\\\/herbetwa.net\\\/tr\\\/product\\\/papatya-tozu\\\/#breadcrumb\"},\"inLanguage\":\"tr\",\"potentialAction\":[{\"@type\":\"ReadAction\",\"target\":[\"https:\\\/\\\/herbetwa.net\\\/tr\\\/product\\\/papatya-tozu\\\/\"]}]},{\"@type\":\"ImageObject\",\"inLanguage\":\"tr\",\"@id\":\"https:\\\/\\\/herbetwa.net\\\/tr\\\/product\\\/papatya-tozu\\\/#primaryimage\",\"url\":\"https:\\\/\\\/herbetwa.net\\\/wp-content\\\/uploads\\\/2022\\\/04\\\/02-papatya-tozu-misir-herb-etwa.jpg\",\"contentUrl\":\"https:\\\/\\\/herbetwa.net\\\/wp-content\\\/uploads\\\/2022\\\/04\\\/02-papatya-tozu-misir-herb-etwa.jpg\",\"width\":1024,\"height\":1024,\"caption\":\"\u0130thal kurutulmu\u015f papatya tozu ve g\u0131da maddesi olarak i\u015flenmi\u015f papatya ya\u011f\u0131 Toptan sat\u0131\u015f yap\u0131l\u0131r.\"},{\"@type\":\"BreadcrumbList\",\"@id\":\"https:\\\/\\\/herbetwa.net\\\/tr\\\/product\\\/papatya-tozu\\\/#breadcrumb\",\"itemListElement\":[{\"@type\":\"ListItem\",\"position\":1,\"name\":\"Home\",\"item\":\"https:\\\/\\\/www.herbetwa.net\\\/tr\\\/\"},{\"@type\":\"ListItem\",\"position\":2,\"name\":\"Papatya Tozu\"}]},{\"@type\":\"WebSite\",\"@id\":\"https:\\\/\\\/herbetwa.net\\\/en\\\/#website\",\"url\":\"https:\\\/\\\/herbetwa.net\\\/en\\\/\",\"name\":\"Herb Etwa\",\"description\":\"Herbs and Spices From Middle East\",\"potentialAction\":[{\"@type\":\"SearchAction\",\"target\":{\"@type\":\"EntryPoint\",\"urlTemplate\":\"https:\\\/\\\/herbetwa.net\\\/en\\\/?s={search_term_string}\"},\"query-input\":{\"@type\":\"PropertyValueSpecification\",\"valueRequired\":true,\"valueName\":\"search_term_string\"}}],\"inLanguage\":\"tr\"}]}<\/script>\n<!-- \/ Yoast SEO Premium plugin. -->","yoast_head_json":{"title":"Toptan Papatya Tozu tedarik\u00e7isi |Herb Etwa| Hemen fiyat teklifi","description":"\u00d6\u011f\u00fct\u00fclm\u00fc\u015f papatya \u00e7i\u00e7e\u011finin g\u00fcvenilir tedarik\u00e7isi. Bitkisel \u00fcr\u00fcn toptanc\u0131lar\u0131 ve distrib\u00fct\u00f6rleri i\u00e7in toptan sat\u0131\u015f yap\u0131l\u0131r. \u00dcCRETS\u0130Z NUMUNE TALEB\u0130","robots":{"index":"index","follow":"follow","max-snippet":"max-snippet:-1","max-image-preview":"max-image-preview:large","max-video-preview":"max-video-preview:-1"},"canonical":"https:\/\/herbetwa.net\/tr\/product\/papatya-tozu\/","og_locale":"tr_TR","og_type":"article","og_title":"Papatya Tozu","og_description":"\u00d6\u011f\u00fct\u00fclm\u00fc\u015f papatya \u00e7i\u00e7e\u011finin g\u00fcvenilir tedarik\u00e7isi. Bitkisel \u00fcr\u00fcn toptanc\u0131lar\u0131 ve distrib\u00fct\u00f6rleri i\u00e7in toptan sat\u0131\u015f yap\u0131l\u0131r. \u00dcCRETS\u0130Z NUMUNE TALEB\u0130","og_url":"https:\/\/herbetwa.net\/tr\/product\/papatya-tozu\/","og_site_name":"Herb Etwa","article_modified_time":"2022-05-20T12:46:18+00:00","og_image":[{"width":1024,"height":1024,"url":"https:\/\/herbetwa.net\/wp-content\/uploads\/2022\/04\/02-papatya-tozu-misir-herb-etwa.jpg","type":"image\/jpeg"}],"twitter_card":"summary_large_image","twitter_misc":{"Tahmini okuma s\u00fcresi":"1 dakika"},"schema":{"@context":"https:\/\/schema.org","@graph":[{"@type":"WebPage","@id":"https:\/\/herbetwa.net\/tr\/product\/papatya-tozu\/","url":"https:\/\/herbetwa.net\/tr\/product\/papatya-tozu\/","name":"Toptan Papatya Tozu tedarik\u00e7isi |Herb Etwa| Hemen fiyat teklifi","isPartOf":{"@id":"https:\/\/herbetwa.net\/en\/#website"},"primaryImageOfPage":{"@id":"https:\/\/herbetwa.net\/tr\/product\/papatya-tozu\/#primaryimage"},"image":{"@id":"https:\/\/herbetwa.net\/tr\/product\/papatya-tozu\/#primaryimage"},"thumbnailUrl":"https:\/\/herbetwa.net\/wp-content\/uploads\/2022\/04\/02-papatya-tozu-misir-herb-etwa.jpg","datePublished":"2022-04-01T15:09:52+00:00","dateModified":"2022-05-20T12:46:18+00:00","description":"\u00d6\u011f\u00fct\u00fclm\u00fc\u015f papatya \u00e7i\u00e7e\u011finin g\u00fcvenilir tedarik\u00e7isi. Bitkisel \u00fcr\u00fcn toptanc\u0131lar\u0131 ve distrib\u00fct\u00f6rleri i\u00e7in toptan sat\u0131\u015f yap\u0131l\u0131r. \u00dcCRETS\u0130Z NUMUNE TALEB\u0130","breadcrumb":{"@id":"https:\/\/herbetwa.net\/tr\/product\/papatya-tozu\/#breadcrumb"},"inLanguage":"tr","potentialAction":[{"@type":"ReadAction","target":["https:\/\/herbetwa.net\/tr\/product\/papatya-tozu\/"]}]},{"@type":"ImageObject","inLanguage":"tr","@id":"https:\/\/herbetwa.net\/tr\/product\/papatya-tozu\/#primaryimage","url":"https:\/\/herbetwa.net\/wp-content\/uploads\/2022\/04\/02-papatya-tozu-misir-herb-etwa.jpg","contentUrl":"https:\/\/herbetwa.net\/wp-content\/uploads\/2022\/04\/02-papatya-tozu-misir-herb-etwa.jpg","width":1024,"height":1024,"caption":"\u0130thal kurutulmu\u015f papatya tozu ve g\u0131da maddesi olarak i\u015flenmi\u015f papatya ya\u011f\u0131 Toptan sat\u0131\u015f yap\u0131l\u0131r."},{"@type":"BreadcrumbList","@id":"https:\/\/herbetwa.net\/tr\/product\/papatya-tozu\/#breadcrumb","itemListElement":[{"@type":"ListItem","position":1,"name":"Home","item":"https:\/\/www.herbetwa.net\/tr\/"},{"@type":"ListItem","position":2,"name":"Papatya Tozu"}]},{"@type":"WebSite","@id":"https:\/\/herbetwa.net\/en\/#website","url":"https:\/\/herbetwa.net\/en\/","name":"Herb Etwa","description":"Herbs and Spices From Middle East","potentialAction":[{"@type":"SearchAction","target":{"@type":"EntryPoint","urlTemplate":"https:\/\/herbetwa.net\/en\/?s={search_term_string}"},"query-input":{"@type":"PropertyValueSpecification","valueRequired":true,"valueName":"search_term_string"}}],"inLanguage":"tr"}]}},"_links":{"self":[{"href":"https:\/\/herbetwa.net\/tr\/wp-json\/wp\/v2\/product\/946","targetHints":{"allow":["GET"]}}],"collection":[{"href":"https:\/\/herbetwa.net\/tr\/wp-json\/wp\/v2\/product"}],"about":[{"href":"https:\/\/herbetwa.net\/tr\/wp-json\/wp\/v2\/types\/product"}],"wp:featuredmedia":[{"embeddable":true,"href":"https:\/\/herbetwa.net\/tr\/wp-json\/wp\/v2\/media\/676"}],"wp:attachment":[{"href":"https:\/\/herbetwa.net\/tr\/wp-json\/wp\/v2\/media?parent=946"}],"wp:term":[{"taxonomy":"product-category","embeddable":true,"href":"https:\/\/herbetwa.net\/tr\/wp-json\/wp\/v2\/product-category?post=946"}],"curies":[{"name":"wp","href":"https:\/\/api.w.org\/{rel}","templated":true}]}}