{"id":23,"date":"2022-03-29T12:38:02","date_gmt":"2022-03-29T12:38:02","guid":{"rendered":"https:\/\/herbetwa-com-842510.hostingersite.com\/?post_type=product&#038;p=23"},"modified":"2022-04-08T23:59:01","modified_gmt":"2022-04-08T23:59:01","slug":"kurutulmus-papatya-cicegi","status":"publish","type":"product","link":"https:\/\/herbetwa.net\/tr\/product\/kurutulmus-papatya-cicegi\/","title":{"rendered":"Kurutulmu\u015f Papatya \u00c7i\u00e7ekleri"},"content":{"rendered":"\n<p>Herb Etwa, 2010 y\u0131l\u0131ndan beri organik Kurutulmu\u015f Papatya \u00c7i\u00e7e\u011fi satmaktad\u0131r. \u00dcr\u00fcnlerimiz %100 do\u011fald\u0131r ve herhangi bir sentetik i\u00e7erik i\u00e7ermez. \u00dcr\u00fcnlerimizde kesinlikle Pestisitler, b\u00f6cek \u00f6ld\u00fcr\u00fcc\u00fcler, mantar \u00f6ld\u00fcr\u00fcc\u00fcler, herbisitler, kimyasal g\u00fcbreler ve GDO&#8217;lar yoktur.<\/p>\n\n\n\n<p>Toptan fiyatlarla toplu miktarlarda sat\u0131\u015flar yap\u0131yoruz, b\u00fcy\u00fck sipari\u015fler i\u00e7in indirimler sunuyor ve d\u00fcnyan\u0131n her yerine \u00fcr\u00fcn g\u00f6nderebiliyoruz.<\/p>\n\n\n\n<p>Sadece en kaliteli bitkileri kulland\u0131\u011f\u0131m\u0131z\u0131 garanti ediyoruz.<\/p>\n\n\n\n<p>Sar\u0131 g\u00f6vdesi ve beyaz yapraklar\u0131 ile do\u011fadaki en g\u00fczel \u00e7i\u00e7eklerden biri olan papatya, ayn\u0131 zamanda sa\u011fl\u0131k \u00fczerinde de bir\u00e7ok olumlu etkiye sahiptir.Papatya, d\u00fcnyan\u0131n \u00e7o\u011fu yerinde bilinen ve y\u00fczy\u0131llard\u0131r s\u00fcrekli olarak kullan\u0131lan yumu\u015fak bir bitkidir. Genellikle sakinle\u015ftirmek ve sindirim sistemini rahatlatmak i\u00e7in \u00e7ay olarak al\u0131n\u0131r ve bebeklere uygulanacak kadar hafiftir. Papatya cildi yat\u0131\u015ft\u0131r\u0131r ve genellikle losyonlarda ve sa\u00e7 \u00fcr\u00fcnlerinde bulunur. Ticarette Matricaria recutita&nbsp; ve e\u015fanlaml\u0131s\u0131&nbsp; Matricaria chamomilla olarak bilinir&nbsp; . Yayg\u0131n isimler aras\u0131nda Alman papatyas\u0131, Macar papatyas\u0131, mayweed, tatl\u0131 sahte papatya ve ger\u00e7ek papatya bulunur.Papatya \u00e7i\u00e7e\u011fi, v\u00fccut \u00fczerindeki sakinle\u015ftirici etkisiyle bilinir. Tarih boyunca uykusuzluk, kayg\u0131, depresyon ve di\u011fer zihinsel sa\u011fl\u0131k sorunlar\u0131n\u0131 tedavi etmek i\u00e7in kullan\u0131lm\u0131\u015ft\u0131r. Ayr\u0131ca stres ve gerginli\u011fi azaltmak i\u00e7in yayg\u0131n olarak kullan\u0131l\u0131r.<\/p>\n\n\n\n<p>Kurutulmu\u015f Papatya \u00c7i\u00e7e\u011fi, Asteraceae familyas\u0131n\u0131n bir \u00fcyesidir. Bu, ay\u00e7i\u00e7e\u011fi ailesine ait oldu\u011fu anlam\u0131na gelir. Avrupa ve Asya&#8217;ya \u00f6zg\u00fcd\u00fcr, ancak \u015fimdi d\u00fcnya \u00e7ap\u0131nda yeti\u015ftirilebilir.<\/p>\n\n\n\n<p>Papatya \u00e7i\u00e7e\u011fi flavonoidler, terpenler, vitaminler, mineraller ve antioksidanlar dahil olmak \u00fczere bir\u00e7ok faydal\u0131 bile\u015fik i\u00e7erir.<\/p>\n\n\n\n<p>Kurutulmu\u015f Papatya \u00c7i\u00e7e\u011fi tanecikleri genellikle \u00e7ay \u015feklinde kullan\u0131l\u0131r. Kuru papatya \u00e7i\u00e7eklerini s\u0131cak suda demleyerek kendi papatya \u00e7ay\u0131n\u0131z\u0131 yapabilirsiniz. Ayr\u0131ca yerel ma\u011fazalardan \u00f6nceden haz\u0131rlanm\u0131\u015f papatya \u00e7aylar\u0131 sat\u0131n alabilirsiniz. Papatya \u00c7i\u00e7ekleri en iyi ilkbahar\u0131n sonundan sonbahar\u0131n ba\u015flar\u0131na kadar hasat edilir. \u00c7ok erken hasat etmek, \u00e7i\u00e7eklerin tam olarak geli\u015fmeden solmas\u0131na neden olabilir.<\/p>\n\n\n\n<p>Papatya yeti\u015ftirmek kolayd\u0131r. Tam g\u00fcne\u015f \u0131\u015f\u0131\u011f\u0131 ve iyi drene edilmi\u015f toprak gerektirir. Nemli bir iklimde ya\u015f\u0131yorsan\u0131z, i\u00e7 mekanda papatya dikmeyi d\u00fc\u015f\u00fcnmelisiniz.<\/p>\n\n\n\n<p><strong>Ad\u0131: <\/strong>Papatya \u00c7ay\u0131<\/p>\n\n\n\n<p><strong>Botanik<\/strong> <strong>Ad\u0131: <\/strong>Matricaria Chamomilla<\/p>\n\n\n\n<p><strong>Mevcut Form: <\/strong>B\u00fct\u00fcn\u00fcyle \u00fcst\u00fcn kaliteli Papatya \u00c7i\u00e7e\u011fi<\/p>\n\n\n\n<p><strong>Paket: <\/strong>Karton kutular 12,5 kg net a\u011f\u0131rl\u0131k (m\u00fc\u015fteri talebine g\u00f6re paket yap\u0131labilir)<\/p>\n\n\n\n<p><strong>Bulunabilirlik: <\/strong>Mahsul Ocak ay\u0131nda ba\u015flar ve t\u00fcm y\u0131l stoklar\u0131m\u0131zda mevcuttur.<\/p>\n\n\n\n<p><strong>\u00d6zellikler: <\/strong>Safl\u0131k %99,5 &#8211; Kuru, %5 Nem<\/p>\n\n\n\n<p><strong>Men\u015fei:<\/strong> M\u0131s\u0131r<\/p>\n\n\n\n<p><\/p>\n\n\n\n<figure class=\"wp-block-image size-full\"><img loading=\"lazy\" decoding=\"async\" width=\"600\" height=\"600\" src=\"https:\/\/herbetwa-com-842510.hostingersite.com\/wp-content\/uploads\/2022\/04\/01-papatya-cicegi-misir-herb-etwa5.jpg\" alt=\"\u0130thal k\u00f6kenli Kurutulmu\u015f papatya \u00e7i\u00e7ekleri \u00e7aylar,kremler ve papatya ya\u011f\u0131 yap\u0131m\u0131nda kullan\u0131l\u0131r ve toptan sat\u0131\u015f yap\u0131l\u0131r\" class=\"wp-image-674\" srcset=\"https:\/\/herbetwa.net\/wp-content\/uploads\/2022\/04\/01-papatya-cicegi-misir-herb-etwa5.jpg 600w, https:\/\/herbetwa.net\/wp-content\/uploads\/2022\/04\/01-papatya-cicegi-misir-herb-etwa5-300x300.jpg 300w, https:\/\/herbetwa.net\/wp-content\/uploads\/2022\/04\/01-papatya-cicegi-misir-herb-etwa5-150x150.jpg 150w\" sizes=\"auto, (max-width: 600px) 100vw, 600px\" \/><\/figure>\n","protected":false},"featured_media":673,"template":"","product-category":[20],"class_list":["post-23","product","type-product","status-publish","has-post-thumbnail","hentry","product-category-bitki-cayi"],"yoast_head":"<!-- This site is optimized with the Yoast SEO Premium plugin v16.6 (Yoast SEO v27.4) - https:\/\/yoast.com\/product\/yoast-seo-premium-wordpress\/ -->\n<title>Toptan Kurutulmu\u015f Papatya \u00c7i\u00e7e\u011fi tedarik\u00e7isi | Hemen fiyat teklifi<\/title>\n<meta name=\"description\" content=\"Kurutulmu\u015f papatya \u00e7i\u00e7e\u011fi g\u00fcvenilir tedarik\u00e7isi. Bitkisel \u00fcr\u00fcn toptanc\u0131lar\u0131 ve distrib\u00fct\u00f6rleri i\u00e7in toptan sat\u0131\u015f yap\u0131l\u0131r \u00dcCRETS\u0130Z NUMUNE TALEB\u0130\" \/>\n<meta name=\"robots\" content=\"index, follow, max-snippet:-1, max-image-preview:large, max-video-preview:-1\" \/>\n<link rel=\"canonical\" href=\"https:\/\/www.herbetwa.net\/tr\/product\/kurutulmus-papatya-cicegi\/\" \/>\n<meta property=\"og:locale\" content=\"tr_TR\" \/>\n<meta property=\"og:type\" content=\"article\" \/>\n<meta property=\"og:title\" content=\"Kurutulmu\u015f Papatya \u00c7i\u00e7ekleri\" \/>\n<meta property=\"og:description\" content=\"Kurutulmu\u015f papatya \u00e7i\u00e7e\u011fi g\u00fcvenilir tedarik\u00e7isi. Bitkisel \u00fcr\u00fcn toptanc\u0131lar\u0131 ve distrib\u00fct\u00f6rleri i\u00e7in toptan sat\u0131\u015f yap\u0131l\u0131r \u00dcCRETS\u0130Z NUMUNE TALEB\u0130\" \/>\n<meta property=\"og:url\" content=\"https:\/\/www.herbetwa.net\/tr\/product\/kurutulmus-papatya-cicegi\/\" \/>\n<meta property=\"og:site_name\" content=\"Herb Etwa\" \/>\n<meta property=\"article:modified_time\" content=\"2022-04-08T23:59:01+00:00\" \/>\n<meta property=\"og:image\" content=\"https:\/\/www.herbetwa.net\/wp-content\/uploads\/2022\/04\/01-papatya-cicegi-misir-herb-etwa5.jpg\" \/>\n\t<meta property=\"og:image:width\" content=\"600\" \/>\n\t<meta property=\"og:image:height\" content=\"600\" \/>\n\t<meta property=\"og:image:type\" content=\"image\/jpeg\" \/>\n<meta name=\"twitter:card\" content=\"summary_large_image\" \/>\n<meta name=\"twitter:label1\" content=\"Tahmini okuma s\u00fcresi\" \/>\n\t<meta name=\"twitter:data1\" content=\"2 dakika\" \/>\n<script type=\"application\/ld+json\" class=\"yoast-schema-graph\">{\"@context\":\"https:\\\/\\\/schema.org\",\"@graph\":[{\"@type\":\"WebPage\",\"@id\":\"https:\\\/\\\/www.herbetwa.net\\\/tr\\\/product\\\/kurutulmus-papatya-cicegi\\\/\",\"url\":\"https:\\\/\\\/www.herbetwa.net\\\/tr\\\/product\\\/kurutulmus-papatya-cicegi\\\/\",\"name\":\"Toptan Kurutulmu\u015f Papatya \u00c7i\u00e7e\u011fi tedarik\u00e7isi | Hemen fiyat teklifi\",\"isPartOf\":{\"@id\":\"https:\\\/\\\/herbetwa.net\\\/en\\\/#website\"},\"primaryImageOfPage\":{\"@id\":\"https:\\\/\\\/www.herbetwa.net\\\/tr\\\/product\\\/kurutulmus-papatya-cicegi\\\/#primaryimage\"},\"image\":{\"@id\":\"https:\\\/\\\/www.herbetwa.net\\\/tr\\\/product\\\/kurutulmus-papatya-cicegi\\\/#primaryimage\"},\"thumbnailUrl\":\"https:\\\/\\\/herbetwa.net\\\/wp-content\\\/uploads\\\/2022\\\/04\\\/01-papatya-cicegi-misir-herb-etwa5.jpg\",\"datePublished\":\"2022-03-29T12:38:02+00:00\",\"dateModified\":\"2022-04-08T23:59:01+00:00\",\"description\":\"Kurutulmu\u015f papatya \u00e7i\u00e7e\u011fi g\u00fcvenilir tedarik\u00e7isi. Bitkisel \u00fcr\u00fcn toptanc\u0131lar\u0131 ve distrib\u00fct\u00f6rleri i\u00e7in toptan sat\u0131\u015f yap\u0131l\u0131r \u00dcCRETS\u0130Z NUMUNE TALEB\u0130\",\"breadcrumb\":{\"@id\":\"https:\\\/\\\/www.herbetwa.net\\\/tr\\\/product\\\/kurutulmus-papatya-cicegi\\\/#breadcrumb\"},\"inLanguage\":\"tr\",\"potentialAction\":[{\"@type\":\"ReadAction\",\"target\":[\"https:\\\/\\\/www.herbetwa.net\\\/tr\\\/product\\\/kurutulmus-papatya-cicegi\\\/\"]}]},{\"@type\":\"ImageObject\",\"inLanguage\":\"tr\",\"@id\":\"https:\\\/\\\/www.herbetwa.net\\\/tr\\\/product\\\/kurutulmus-papatya-cicegi\\\/#primaryimage\",\"url\":\"https:\\\/\\\/herbetwa.net\\\/wp-content\\\/uploads\\\/2022\\\/04\\\/01-papatya-cicegi-misir-herb-etwa5.jpg\",\"contentUrl\":\"https:\\\/\\\/herbetwa.net\\\/wp-content\\\/uploads\\\/2022\\\/04\\\/01-papatya-cicegi-misir-herb-etwa5.jpg\",\"width\":600,\"height\":600,\"caption\":\"\u0130thal k\u00f6kenli Kurutulmu\u015f papatya \u00e7i\u00e7ekleri \u00e7aylar,kremler ve papatya ya\u011f\u0131 yap\u0131m\u0131nda kullan\u0131l\u0131r ve toptan sat\u0131\u015f yap\u0131l\u0131r\"},{\"@type\":\"BreadcrumbList\",\"@id\":\"https:\\\/\\\/www.herbetwa.net\\\/tr\\\/product\\\/kurutulmus-papatya-cicegi\\\/#breadcrumb\",\"itemListElement\":[{\"@type\":\"ListItem\",\"position\":1,\"name\":\"Home\",\"item\":\"https:\\\/\\\/www.herbetwa.net\\\/tr\\\/\"},{\"@type\":\"ListItem\",\"position\":2,\"name\":\"Kurutulmu\u015f Papatya \u00c7i\u00e7ekleri\"}]},{\"@type\":\"WebSite\",\"@id\":\"https:\\\/\\\/herbetwa.net\\\/en\\\/#website\",\"url\":\"https:\\\/\\\/herbetwa.net\\\/en\\\/\",\"name\":\"Herb Etwa\",\"description\":\"Herbs and Spices From Middle East\",\"potentialAction\":[{\"@type\":\"SearchAction\",\"target\":{\"@type\":\"EntryPoint\",\"urlTemplate\":\"https:\\\/\\\/herbetwa.net\\\/en\\\/?s={search_term_string}\"},\"query-input\":{\"@type\":\"PropertyValueSpecification\",\"valueRequired\":true,\"valueName\":\"search_term_string\"}}],\"inLanguage\":\"tr\"}]}<\/script>\n<!-- \/ Yoast SEO Premium plugin. -->","yoast_head_json":{"title":"Toptan Kurutulmu\u015f Papatya \u00c7i\u00e7e\u011fi tedarik\u00e7isi | Hemen fiyat teklifi","description":"Kurutulmu\u015f papatya \u00e7i\u00e7e\u011fi g\u00fcvenilir tedarik\u00e7isi. Bitkisel \u00fcr\u00fcn toptanc\u0131lar\u0131 ve distrib\u00fct\u00f6rleri i\u00e7in toptan sat\u0131\u015f yap\u0131l\u0131r \u00dcCRETS\u0130Z NUMUNE TALEB\u0130","robots":{"index":"index","follow":"follow","max-snippet":"max-snippet:-1","max-image-preview":"max-image-preview:large","max-video-preview":"max-video-preview:-1"},"canonical":"https:\/\/www.herbetwa.net\/tr\/product\/kurutulmus-papatya-cicegi\/","og_locale":"tr_TR","og_type":"article","og_title":"Kurutulmu\u015f Papatya \u00c7i\u00e7ekleri","og_description":"Kurutulmu\u015f papatya \u00e7i\u00e7e\u011fi g\u00fcvenilir tedarik\u00e7isi. Bitkisel \u00fcr\u00fcn toptanc\u0131lar\u0131 ve distrib\u00fct\u00f6rleri i\u00e7in toptan sat\u0131\u015f yap\u0131l\u0131r \u00dcCRETS\u0130Z NUMUNE TALEB\u0130","og_url":"https:\/\/www.herbetwa.net\/tr\/product\/kurutulmus-papatya-cicegi\/","og_site_name":"Herb Etwa","article_modified_time":"2022-04-08T23:59:01+00:00","og_image":[{"width":600,"height":600,"url":"https:\/\/www.herbetwa.net\/wp-content\/uploads\/2022\/04\/01-papatya-cicegi-misir-herb-etwa5.jpg","type":"image\/jpeg"}],"twitter_card":"summary_large_image","twitter_misc":{"Tahmini okuma s\u00fcresi":"2 dakika"},"schema":{"@context":"https:\/\/schema.org","@graph":[{"@type":"WebPage","@id":"https:\/\/www.herbetwa.net\/tr\/product\/kurutulmus-papatya-cicegi\/","url":"https:\/\/www.herbetwa.net\/tr\/product\/kurutulmus-papatya-cicegi\/","name":"Toptan Kurutulmu\u015f Papatya \u00c7i\u00e7e\u011fi tedarik\u00e7isi | Hemen fiyat teklifi","isPartOf":{"@id":"https:\/\/herbetwa.net\/en\/#website"},"primaryImageOfPage":{"@id":"https:\/\/www.herbetwa.net\/tr\/product\/kurutulmus-papatya-cicegi\/#primaryimage"},"image":{"@id":"https:\/\/www.herbetwa.net\/tr\/product\/kurutulmus-papatya-cicegi\/#primaryimage"},"thumbnailUrl":"https:\/\/herbetwa.net\/wp-content\/uploads\/2022\/04\/01-papatya-cicegi-misir-herb-etwa5.jpg","datePublished":"2022-03-29T12:38:02+00:00","dateModified":"2022-04-08T23:59:01+00:00","description":"Kurutulmu\u015f papatya \u00e7i\u00e7e\u011fi g\u00fcvenilir tedarik\u00e7isi. Bitkisel \u00fcr\u00fcn toptanc\u0131lar\u0131 ve distrib\u00fct\u00f6rleri i\u00e7in toptan sat\u0131\u015f yap\u0131l\u0131r \u00dcCRETS\u0130Z NUMUNE TALEB\u0130","breadcrumb":{"@id":"https:\/\/www.herbetwa.net\/tr\/product\/kurutulmus-papatya-cicegi\/#breadcrumb"},"inLanguage":"tr","potentialAction":[{"@type":"ReadAction","target":["https:\/\/www.herbetwa.net\/tr\/product\/kurutulmus-papatya-cicegi\/"]}]},{"@type":"ImageObject","inLanguage":"tr","@id":"https:\/\/www.herbetwa.net\/tr\/product\/kurutulmus-papatya-cicegi\/#primaryimage","url":"https:\/\/herbetwa.net\/wp-content\/uploads\/2022\/04\/01-papatya-cicegi-misir-herb-etwa5.jpg","contentUrl":"https:\/\/herbetwa.net\/wp-content\/uploads\/2022\/04\/01-papatya-cicegi-misir-herb-etwa5.jpg","width":600,"height":600,"caption":"\u0130thal k\u00f6kenli Kurutulmu\u015f papatya \u00e7i\u00e7ekleri \u00e7aylar,kremler ve papatya ya\u011f\u0131 yap\u0131m\u0131nda kullan\u0131l\u0131r ve toptan sat\u0131\u015f yap\u0131l\u0131r"},{"@type":"BreadcrumbList","@id":"https:\/\/www.herbetwa.net\/tr\/product\/kurutulmus-papatya-cicegi\/#breadcrumb","itemListElement":[{"@type":"ListItem","position":1,"name":"Home","item":"https:\/\/www.herbetwa.net\/tr\/"},{"@type":"ListItem","position":2,"name":"Kurutulmu\u015f Papatya \u00c7i\u00e7ekleri"}]},{"@type":"WebSite","@id":"https:\/\/herbetwa.net\/en\/#website","url":"https:\/\/herbetwa.net\/en\/","name":"Herb Etwa","description":"Herbs and Spices From Middle East","potentialAction":[{"@type":"SearchAction","target":{"@type":"EntryPoint","urlTemplate":"https:\/\/herbetwa.net\/en\/?s={search_term_string}"},"query-input":{"@type":"PropertyValueSpecification","valueRequired":true,"valueName":"search_term_string"}}],"inLanguage":"tr"}]}},"_links":{"self":[{"href":"https:\/\/herbetwa.net\/tr\/wp-json\/wp\/v2\/product\/23","targetHints":{"allow":["GET"]}}],"collection":[{"href":"https:\/\/herbetwa.net\/tr\/wp-json\/wp\/v2\/product"}],"about":[{"href":"https:\/\/herbetwa.net\/tr\/wp-json\/wp\/v2\/types\/product"}],"wp:featuredmedia":[{"embeddable":true,"href":"https:\/\/herbetwa.net\/tr\/wp-json\/wp\/v2\/media\/673"}],"wp:attachment":[{"href":"https:\/\/herbetwa.net\/tr\/wp-json\/wp\/v2\/media?parent=23"}],"wp:term":[{"taxonomy":"product-category","embeddable":true,"href":"https:\/\/herbetwa.net\/tr\/wp-json\/wp\/v2\/product-category?post=23"}],"curies":[{"name":"wp","href":"https:\/\/api.w.org\/{rel}","templated":true}]}}