{"id":1083,"date":"2022-04-03T20:50:40","date_gmt":"2022-04-03T17:50:40","guid":{"rendered":"https:\/\/herbetwa-com-842510.hostingersite.com\/product\/basil-seeds\/"},"modified":"2022-05-17T17:30:45","modified_gmt":"2022-05-17T14:30:45","slug":"feslegen-tohumu","status":"publish","type":"product","link":"https:\/\/herbetwa.net\/tr\/product\/feslegen-tohumu\/","title":{"rendered":"Fesle\u011fen Tohumu"},"content":{"rendered":"\n<p>Fesle\u011fen tohumu y\u00fczy\u0131llard\u0131r mutfakta baharat ve ila\u00e7 olarak kullan\u0131lan bir bitkidir. Bu bitki, Akdeniz b\u00f6lgesi ve Asya&#8217;ya \u00f6zg\u00fcd\u00fcr ancak Avrupa ve Kuzey Amerika&#8217;da do\u011falla\u015ft\u0131r\u0131lm\u0131\u015ft\u0131r. Bu bitkinin tatl\u0131 fesle\u011fen, limonlu fesle\u011fen, mor fesle\u011fen, Tay fesle\u011feni ve kutsal fesle\u011fen gibi bir\u00e7ok \u00e7e\u015fidi vard\u0131r.<\/p>\n\n\n\n<p>M\u0131s\u0131r&#8217;da M\u0131s\u0131rl\u0131lar binlerce y\u0131ld\u0131r fesle\u011fen yapraklar\u0131n\u0131 yemeklerini tatland\u0131rmak i\u00e7in kullanm\u0131\u015flard\u0131r. Yapraklar\u0131 taze veya kurutulmu\u015f olarak kullan\u0131rlar ve \u00e7orbalara, yahnilere, salatalara ve hatta tatl\u0131lara eklenebilirler. M\u0131s\u0131rl\u0131lar ayr\u0131ca ate\u015fi d\u00fc\u015f\u00fcrmeye yard\u0131mc\u0131 oldu\u011funa inan\u0131lan yapraklardan \u00e7ay yaparlar.Her t\u00fcrl\u00fc soslu sebze ve et yemeklerinde (tas kebab\u0131, gula\u015f, b\u00f6f strogonof ) \u00e7orba, domatesli sos, kuzu, dana, bal\u0131k etleri, lahanal\u0131 yemekler, ye\u015fil salata t\u00fcrl\u00fc, \u00e7e\u015fitli \u00e7erezlerde ve omletlerde kullan\u0131l\u0131r. Fesle\u011fen gerekirse keki\u011fin yerine kullan\u0131labilir.<\/p>\n\n\n\n<p><strong>Ad\u0131: <\/strong>Fesle\u011fen Tohumu<\/p>\n\n\n\n<p><strong>Botanik<\/strong> <strong>Ad\u0131: <\/strong>Ocimum basilicum<\/p>\n\n\n\n<p><strong>Kalite:<\/strong> Premium &#8211; K\u0131r\u0131k &#8211; Toz<\/p>\n\n\n\n<p><strong>Ambalaj: <\/strong>25 PP torba<\/p>\n\n\n\n<p><strong>Bulunabilirlik: <\/strong>T\u00fcm y\u0131l boyunca kullan\u0131labilir.<\/p>\n\n\n\n<p><strong>Men\u015fei: <\/strong>M\u0131s\u0131r<\/p>\n","protected":false},"featured_media":461,"template":"","product-category":[27],"class_list":["post-1083","product","type-product","status-publish","has-post-thumbnail","hentry","product-category-tohum"],"yoast_head":"<!-- This site is optimized with the Yoast SEO Premium plugin v16.6 (Yoast SEO v27.4) - https:\/\/yoast.com\/product\/yoast-seo-premium-wordpress\/ -->\n<title>Toptan Fesle\u011fen tohumu tedarik\u00e7isi |Herb Etwa| Hemen fiyat teklifi<\/title>\n<meta name=\"description\" content=\"Fesle\u011fen tohumu g\u00fcvenilir tedarik\u00e7isi. Bitkisel \u00fcr\u00fcn toptanc\u0131lar\u0131 ve distrib\u00fct\u00f6rleri i\u00e7in toplu sat\u0131\u015flar yap\u0131l\u0131r. \u00dcCRETS\u0130Z NUMUNE TALEB\u0130\" \/>\n<meta name=\"robots\" content=\"index, follow, max-snippet:-1, max-image-preview:large, max-video-preview:-1\" \/>\n<link rel=\"canonical\" href=\"https:\/\/herbetwa.net\/tr\/product\/feslegen-tohumu\/\" \/>\n<meta property=\"og:locale\" content=\"tr_TR\" \/>\n<meta property=\"og:type\" content=\"article\" \/>\n<meta property=\"og:title\" content=\"Fesle\u011fen Tohumu\" \/>\n<meta property=\"og:description\" content=\"Fesle\u011fen tohumu g\u00fcvenilir tedarik\u00e7isi. Bitkisel \u00fcr\u00fcn toptanc\u0131lar\u0131 ve distrib\u00fct\u00f6rleri i\u00e7in toplu sat\u0131\u015flar yap\u0131l\u0131r. \u00dcCRETS\u0130Z NUMUNE TALEB\u0130\" \/>\n<meta property=\"og:url\" content=\"https:\/\/herbetwa.net\/tr\/product\/feslegen-tohumu\/\" \/>\n<meta property=\"og:site_name\" content=\"Herb Etwa\" \/>\n<meta property=\"article:modified_time\" content=\"2022-05-17T14:30:45+00:00\" \/>\n<meta property=\"og:image\" content=\"https:\/\/herbetwa.net\/wp-content\/uploads\/2022\/04\/32-basil-seeds-egypt-herb-etwa.png\" \/>\n\t<meta property=\"og:image:width\" content=\"385\" \/>\n\t<meta property=\"og:image:height\" content=\"225\" \/>\n\t<meta property=\"og:image:type\" content=\"image\/png\" \/>\n<meta name=\"twitter:card\" content=\"summary_large_image\" \/>\n<meta name=\"twitter:label1\" content=\"Tahmini okuma s\u00fcresi\" \/>\n\t<meta name=\"twitter:data1\" content=\"1 dakika\" \/>\n<script type=\"application\/ld+json\" class=\"yoast-schema-graph\">{\"@context\":\"https:\\\/\\\/schema.org\",\"@graph\":[{\"@type\":\"WebPage\",\"@id\":\"https:\\\/\\\/herbetwa.net\\\/tr\\\/product\\\/feslegen-tohumu\\\/\",\"url\":\"https:\\\/\\\/herbetwa.net\\\/tr\\\/product\\\/feslegen-tohumu\\\/\",\"name\":\"Toptan Fesle\u011fen tohumu tedarik\u00e7isi |Herb Etwa| Hemen fiyat teklifi\",\"isPartOf\":{\"@id\":\"https:\\\/\\\/herbetwa.net\\\/en\\\/#website\"},\"primaryImageOfPage\":{\"@id\":\"https:\\\/\\\/herbetwa.net\\\/tr\\\/product\\\/feslegen-tohumu\\\/#primaryimage\"},\"image\":{\"@id\":\"https:\\\/\\\/herbetwa.net\\\/tr\\\/product\\\/feslegen-tohumu\\\/#primaryimage\"},\"thumbnailUrl\":\"https:\\\/\\\/herbetwa.net\\\/wp-content\\\/uploads\\\/2022\\\/04\\\/32-basil-seeds-egypt-herb-etwa.png\",\"datePublished\":\"2022-04-03T17:50:40+00:00\",\"dateModified\":\"2022-05-17T14:30:45+00:00\",\"description\":\"Fesle\u011fen tohumu g\u00fcvenilir tedarik\u00e7isi. Bitkisel \u00fcr\u00fcn toptanc\u0131lar\u0131 ve distrib\u00fct\u00f6rleri i\u00e7in toplu sat\u0131\u015flar yap\u0131l\u0131r. \u00dcCRETS\u0130Z NUMUNE TALEB\u0130\",\"breadcrumb\":{\"@id\":\"https:\\\/\\\/herbetwa.net\\\/tr\\\/product\\\/feslegen-tohumu\\\/#breadcrumb\"},\"inLanguage\":\"tr\",\"potentialAction\":[{\"@type\":\"ReadAction\",\"target\":[\"https:\\\/\\\/herbetwa.net\\\/tr\\\/product\\\/feslegen-tohumu\\\/\"]}]},{\"@type\":\"ImageObject\",\"inLanguage\":\"tr\",\"@id\":\"https:\\\/\\\/herbetwa.net\\\/tr\\\/product\\\/feslegen-tohumu\\\/#primaryimage\",\"url\":\"https:\\\/\\\/herbetwa.net\\\/wp-content\\\/uploads\\\/2022\\\/04\\\/32-basil-seeds-egypt-herb-etwa.png\",\"contentUrl\":\"https:\\\/\\\/herbetwa.net\\\/wp-content\\\/uploads\\\/2022\\\/04\\\/32-basil-seeds-egypt-herb-etwa.png\",\"width\":385,\"height\":225,\"caption\":\"Basil seeds of Egyptian Selling In bulk\"},{\"@type\":\"BreadcrumbList\",\"@id\":\"https:\\\/\\\/herbetwa.net\\\/tr\\\/product\\\/feslegen-tohumu\\\/#breadcrumb\",\"itemListElement\":[{\"@type\":\"ListItem\",\"position\":1,\"name\":\"Home\",\"item\":\"https:\\\/\\\/www.herbetwa.net\\\/tr\\\/\"},{\"@type\":\"ListItem\",\"position\":2,\"name\":\"Fesle\u011fen Tohumu\"}]},{\"@type\":\"WebSite\",\"@id\":\"https:\\\/\\\/herbetwa.net\\\/en\\\/#website\",\"url\":\"https:\\\/\\\/herbetwa.net\\\/en\\\/\",\"name\":\"Herb Etwa\",\"description\":\"Herbs and Spices From Middle East\",\"potentialAction\":[{\"@type\":\"SearchAction\",\"target\":{\"@type\":\"EntryPoint\",\"urlTemplate\":\"https:\\\/\\\/herbetwa.net\\\/en\\\/?s={search_term_string}\"},\"query-input\":{\"@type\":\"PropertyValueSpecification\",\"valueRequired\":true,\"valueName\":\"search_term_string\"}}],\"inLanguage\":\"tr\"}]}<\/script>\n<!-- \/ Yoast SEO Premium plugin. -->","yoast_head_json":{"title":"Toptan Fesle\u011fen tohumu tedarik\u00e7isi |Herb Etwa| Hemen fiyat teklifi","description":"Fesle\u011fen tohumu g\u00fcvenilir tedarik\u00e7isi. Bitkisel \u00fcr\u00fcn toptanc\u0131lar\u0131 ve distrib\u00fct\u00f6rleri i\u00e7in toplu sat\u0131\u015flar yap\u0131l\u0131r. \u00dcCRETS\u0130Z NUMUNE TALEB\u0130","robots":{"index":"index","follow":"follow","max-snippet":"max-snippet:-1","max-image-preview":"max-image-preview:large","max-video-preview":"max-video-preview:-1"},"canonical":"https:\/\/herbetwa.net\/tr\/product\/feslegen-tohumu\/","og_locale":"tr_TR","og_type":"article","og_title":"Fesle\u011fen Tohumu","og_description":"Fesle\u011fen tohumu g\u00fcvenilir tedarik\u00e7isi. Bitkisel \u00fcr\u00fcn toptanc\u0131lar\u0131 ve distrib\u00fct\u00f6rleri i\u00e7in toplu sat\u0131\u015flar yap\u0131l\u0131r. \u00dcCRETS\u0130Z NUMUNE TALEB\u0130","og_url":"https:\/\/herbetwa.net\/tr\/product\/feslegen-tohumu\/","og_site_name":"Herb Etwa","article_modified_time":"2022-05-17T14:30:45+00:00","og_image":[{"width":385,"height":225,"url":"https:\/\/herbetwa.net\/wp-content\/uploads\/2022\/04\/32-basil-seeds-egypt-herb-etwa.png","type":"image\/png"}],"twitter_card":"summary_large_image","twitter_misc":{"Tahmini okuma s\u00fcresi":"1 dakika"},"schema":{"@context":"https:\/\/schema.org","@graph":[{"@type":"WebPage","@id":"https:\/\/herbetwa.net\/tr\/product\/feslegen-tohumu\/","url":"https:\/\/herbetwa.net\/tr\/product\/feslegen-tohumu\/","name":"Toptan Fesle\u011fen tohumu tedarik\u00e7isi |Herb Etwa| Hemen fiyat teklifi","isPartOf":{"@id":"https:\/\/herbetwa.net\/en\/#website"},"primaryImageOfPage":{"@id":"https:\/\/herbetwa.net\/tr\/product\/feslegen-tohumu\/#primaryimage"},"image":{"@id":"https:\/\/herbetwa.net\/tr\/product\/feslegen-tohumu\/#primaryimage"},"thumbnailUrl":"https:\/\/herbetwa.net\/wp-content\/uploads\/2022\/04\/32-basil-seeds-egypt-herb-etwa.png","datePublished":"2022-04-03T17:50:40+00:00","dateModified":"2022-05-17T14:30:45+00:00","description":"Fesle\u011fen tohumu g\u00fcvenilir tedarik\u00e7isi. Bitkisel \u00fcr\u00fcn toptanc\u0131lar\u0131 ve distrib\u00fct\u00f6rleri i\u00e7in toplu sat\u0131\u015flar yap\u0131l\u0131r. \u00dcCRETS\u0130Z NUMUNE TALEB\u0130","breadcrumb":{"@id":"https:\/\/herbetwa.net\/tr\/product\/feslegen-tohumu\/#breadcrumb"},"inLanguage":"tr","potentialAction":[{"@type":"ReadAction","target":["https:\/\/herbetwa.net\/tr\/product\/feslegen-tohumu\/"]}]},{"@type":"ImageObject","inLanguage":"tr","@id":"https:\/\/herbetwa.net\/tr\/product\/feslegen-tohumu\/#primaryimage","url":"https:\/\/herbetwa.net\/wp-content\/uploads\/2022\/04\/32-basil-seeds-egypt-herb-etwa.png","contentUrl":"https:\/\/herbetwa.net\/wp-content\/uploads\/2022\/04\/32-basil-seeds-egypt-herb-etwa.png","width":385,"height":225,"caption":"Basil seeds of Egyptian Selling In bulk"},{"@type":"BreadcrumbList","@id":"https:\/\/herbetwa.net\/tr\/product\/feslegen-tohumu\/#breadcrumb","itemListElement":[{"@type":"ListItem","position":1,"name":"Home","item":"https:\/\/www.herbetwa.net\/tr\/"},{"@type":"ListItem","position":2,"name":"Fesle\u011fen Tohumu"}]},{"@type":"WebSite","@id":"https:\/\/herbetwa.net\/en\/#website","url":"https:\/\/herbetwa.net\/en\/","name":"Herb Etwa","description":"Herbs and Spices From Middle East","potentialAction":[{"@type":"SearchAction","target":{"@type":"EntryPoint","urlTemplate":"https:\/\/herbetwa.net\/en\/?s={search_term_string}"},"query-input":{"@type":"PropertyValueSpecification","valueRequired":true,"valueName":"search_term_string"}}],"inLanguage":"tr"}]}},"_links":{"self":[{"href":"https:\/\/herbetwa.net\/tr\/wp-json\/wp\/v2\/product\/1083","targetHints":{"allow":["GET"]}}],"collection":[{"href":"https:\/\/herbetwa.net\/tr\/wp-json\/wp\/v2\/product"}],"about":[{"href":"https:\/\/herbetwa.net\/tr\/wp-json\/wp\/v2\/types\/product"}],"wp:featuredmedia":[{"embeddable":true,"href":"https:\/\/herbetwa.net\/tr\/wp-json\/wp\/v2\/media\/461"}],"wp:attachment":[{"href":"https:\/\/herbetwa.net\/tr\/wp-json\/wp\/v2\/media?parent=1083"}],"wp:term":[{"taxonomy":"product-category","embeddable":true,"href":"https:\/\/herbetwa.net\/tr\/wp-json\/wp\/v2\/product-category?post=1083"}],"curies":[{"name":"wp","href":"https:\/\/api.w.org\/{rel}","templated":true}]}}