{"id":1079,"date":"2022-04-03T20:50:02","date_gmt":"2022-04-03T17:50:02","guid":{"rendered":"https:\/\/herbetwa-com-842510.hostingersite.com\/product\/cumin\/"},"modified":"2022-05-17T17:30:42","modified_gmt":"2022-05-17T14:30:42","slug":"kimyon","status":"publish","type":"product","link":"https:\/\/herbetwa.net\/tr\/product\/kimyon\/","title":{"rendered":"Kimyon"},"content":{"rendered":"\n<p>Kimyon bitkisi eski \u00e7a\u011flardan beri t\u0131bbi ama\u00e7lar i\u00e7in kullan\u0131lm\u0131\u015ft\u0131r. \u0130lk olarak M\u0131s\u0131r&#8217;da yeti\u015ftirildi ve daha sonra Orta Do\u011fu ve Avrupa&#8217;ya yay\u0131ld\u0131. Bug\u00fcn, bu baharat d\u00fcnya \u00e7ap\u0131nda bir\u00e7ok farkl\u0131 yemekte bulunabilir. K\u00f6ftelerde, \u0131zgaralarda, etli yemeklerde, dolmalarda, baz\u0131 \u00e7orbalarda kullan\u0131l\u0131r. Havu\u00e7, domates, biber salatalar\u0131n\u0131n soslar\u0131nda, f\u0131r\u0131nda, bal\u0131k (biberiye, defne yapra\u011f\u0131, fesle\u011fen ile), lahana, patl\u0131can mercimek gibi sebzelerde kullan\u0131l\u0131r. Beyaz peynire ve patatesli yemeklere de kullan\u0131labilir. Her t\u00fcr etli k\u00f6fteye, \u00e7orbalara, soslara, lahanal\u0131 yemeklere; sosis, av eti, ton gibi sindirimi zor olan bal\u0131klara, beyaz peynire, patatesli yemeklere vb. ilave edilebilir.<\/p>\n\n\n\n<p><strong>Botanik<\/strong> <strong>Ad\u0131: <\/strong>Cominum cyminum<\/p>\n\n\n\n<p><strong>Form: <\/strong>Kimyon Tohumlar\u0131 %99 safl\u0131k, Kimyon Tozu<\/p>\n\n\n\n<p><strong>Ambalaj: <\/strong>25 PP torba<\/p>\n\n\n\n<p><strong>Bulunabilirlik: <\/strong>T\u00fcm y\u0131l boyunca kullan\u0131labilir.<\/p>\n\n\n\n<p><strong>Men\u015fei:&nbsp;<\/strong>M\u0131s\u0131r<\/p>\n\n\n\n<figure class=\"wp-block-gallery has-nested-images columns-default is-cropped wp-block-gallery-1 is-layout-flex wp-block-gallery-is-layout-flex\">\n<figure class=\"wp-block-image size-large\"><img loading=\"lazy\" decoding=\"async\" width=\"1024\" height=\"1024\" data-id=\"892\" src=\"https:\/\/herbetwa-com-842510.hostingersite.com\/wp-content\/uploads\/2022\/04\/31-kimyon-tohumu-misir-herb-etwa.jpg\" alt=\"kimyon Toptan Sat\u0131\u015f yap\u0131l\u0131r\" class=\"wp-image-892\" srcset=\"https:\/\/herbetwa.net\/wp-content\/uploads\/2022\/04\/31-kimyon-tohumu-misir-herb-etwa.jpg 1024w, https:\/\/herbetwa.net\/wp-content\/uploads\/2022\/04\/31-kimyon-tohumu-misir-herb-etwa-300x300.jpg 300w, https:\/\/herbetwa.net\/wp-content\/uploads\/2022\/04\/31-kimyon-tohumu-misir-herb-etwa-150x150.jpg 150w, https:\/\/herbetwa.net\/wp-content\/uploads\/2022\/04\/31-kimyon-tohumu-misir-herb-etwa-768x768.jpg 768w\" sizes=\"auto, (max-width: 1024px) 100vw, 1024px\" \/><\/figure>\n\n\n\n<figure class=\"wp-block-image size-large\"><img loading=\"lazy\" decoding=\"async\" width=\"1024\" height=\"1024\" data-id=\"895\" src=\"https:\/\/herbetwa-com-842510.hostingersite.com\/wp-content\/uploads\/2022\/04\/31-toz-kimyon-misir-herb-etwa.jpg\" alt=\"kimyon Tozu Toptan Sat\u0131\u015f yap\u0131l\u0131r\" class=\"wp-image-895\" srcset=\"https:\/\/herbetwa.net\/wp-content\/uploads\/2022\/04\/31-toz-kimyon-misir-herb-etwa.jpg 1024w, https:\/\/herbetwa.net\/wp-content\/uploads\/2022\/04\/31-toz-kimyon-misir-herb-etwa-300x300.jpg 300w, https:\/\/herbetwa.net\/wp-content\/uploads\/2022\/04\/31-toz-kimyon-misir-herb-etwa-150x150.jpg 150w, https:\/\/herbetwa.net\/wp-content\/uploads\/2022\/04\/31-toz-kimyon-misir-herb-etwa-768x768.jpg 768w\" sizes=\"auto, (max-width: 1024px) 100vw, 1024px\" \/><\/figure>\n<\/figure>\n","protected":false},"featured_media":892,"template":"","product-category":[27],"class_list":["post-1079","product","type-product","status-publish","has-post-thumbnail","hentry","product-category-tohum"],"yoast_head":"<!-- This site is optimized with the Yoast SEO Premium plugin v16.6 (Yoast SEO v27.4) - https:\/\/yoast.com\/product\/yoast-seo-premium-wordpress\/ -->\n<title>Toptan Kimyon Tedarik\u00e7isi | Herb Etwa | Hemen Fiyat Teklifi<\/title>\n<meta name=\"description\" content=\"G\u00fcvenilir Kimyon tedarik\u00e7isi. Bitkisel \u00fcr\u00fcn toptanc\u0131lar\u0131 ve distrib\u00fct\u00f6rleri i\u00e7in toplu sat\u0131\u015flar yap\u0131l\u0131r. \u00dcCRETS\u0130Z NUMUNE TALEB\u0130\" \/>\n<meta name=\"robots\" content=\"index, follow, max-snippet:-1, max-image-preview:large, max-video-preview:-1\" \/>\n<link rel=\"canonical\" href=\"https:\/\/www.herbetwa.net\/tr\/product\/kimyon\/\" \/>\n<meta property=\"og:locale\" content=\"tr_TR\" \/>\n<meta property=\"og:type\" content=\"article\" \/>\n<meta property=\"og:title\" content=\"Kimyon\" \/>\n<meta property=\"og:description\" content=\"G\u00fcvenilir Kimyon tedarik\u00e7isi. Bitkisel \u00fcr\u00fcn toptanc\u0131lar\u0131 ve distrib\u00fct\u00f6rleri i\u00e7in toplu sat\u0131\u015flar yap\u0131l\u0131r. \u00dcCRETS\u0130Z NUMUNE TALEB\u0130\" \/>\n<meta property=\"og:url\" content=\"https:\/\/www.herbetwa.net\/tr\/product\/kimyon\/\" \/>\n<meta property=\"og:site_name\" content=\"Herb Etwa\" \/>\n<meta property=\"article:modified_time\" content=\"2022-05-17T14:30:42+00:00\" \/>\n<meta property=\"og:image\" content=\"https:\/\/www.herbetwa.net\/wp-content\/uploads\/2022\/04\/31-kimyon-tohumu-misir-herb-etwa.jpg\" \/>\n\t<meta property=\"og:image:width\" content=\"1024\" \/>\n\t<meta property=\"og:image:height\" content=\"1024\" \/>\n\t<meta property=\"og:image:type\" content=\"image\/jpeg\" \/>\n<meta name=\"twitter:card\" content=\"summary_large_image\" \/>\n<meta name=\"twitter:label1\" content=\"Tahmini okuma s\u00fcresi\" \/>\n\t<meta name=\"twitter:data1\" content=\"1 dakika\" \/>\n<script type=\"application\/ld+json\" class=\"yoast-schema-graph\">{\"@context\":\"https:\\\/\\\/schema.org\",\"@graph\":[{\"@type\":\"WebPage\",\"@id\":\"https:\\\/\\\/www.herbetwa.net\\\/tr\\\/product\\\/kimyon\\\/\",\"url\":\"https:\\\/\\\/www.herbetwa.net\\\/tr\\\/product\\\/kimyon\\\/\",\"name\":\"Toptan Kimyon Tedarik\u00e7isi | Herb Etwa | Hemen Fiyat Teklifi\",\"isPartOf\":{\"@id\":\"https:\\\/\\\/herbetwa.net\\\/en\\\/#website\"},\"primaryImageOfPage\":{\"@id\":\"https:\\\/\\\/www.herbetwa.net\\\/tr\\\/product\\\/kimyon\\\/#primaryimage\"},\"image\":{\"@id\":\"https:\\\/\\\/www.herbetwa.net\\\/tr\\\/product\\\/kimyon\\\/#primaryimage\"},\"thumbnailUrl\":\"https:\\\/\\\/herbetwa.net\\\/wp-content\\\/uploads\\\/2022\\\/04\\\/31-kimyon-tohumu-misir-herb-etwa.jpg\",\"datePublished\":\"2022-04-03T17:50:02+00:00\",\"dateModified\":\"2022-05-17T14:30:42+00:00\",\"description\":\"G\u00fcvenilir Kimyon tedarik\u00e7isi. Bitkisel \u00fcr\u00fcn toptanc\u0131lar\u0131 ve distrib\u00fct\u00f6rleri i\u00e7in toplu sat\u0131\u015flar yap\u0131l\u0131r. \u00dcCRETS\u0130Z NUMUNE TALEB\u0130\",\"breadcrumb\":{\"@id\":\"https:\\\/\\\/www.herbetwa.net\\\/tr\\\/product\\\/kimyon\\\/#breadcrumb\"},\"inLanguage\":\"tr\",\"potentialAction\":[{\"@type\":\"ReadAction\",\"target\":[\"https:\\\/\\\/www.herbetwa.net\\\/tr\\\/product\\\/kimyon\\\/\"]}]},{\"@type\":\"ImageObject\",\"inLanguage\":\"tr\",\"@id\":\"https:\\\/\\\/www.herbetwa.net\\\/tr\\\/product\\\/kimyon\\\/#primaryimage\",\"url\":\"https:\\\/\\\/herbetwa.net\\\/wp-content\\\/uploads\\\/2022\\\/04\\\/31-kimyon-tohumu-misir-herb-etwa.jpg\",\"contentUrl\":\"https:\\\/\\\/herbetwa.net\\\/wp-content\\\/uploads\\\/2022\\\/04\\\/31-kimyon-tohumu-misir-herb-etwa.jpg\",\"width\":1024,\"height\":1024,\"caption\":\"kimyon Toptan Sat\u0131\u015f yap\u0131l\u0131r\"},{\"@type\":\"BreadcrumbList\",\"@id\":\"https:\\\/\\\/www.herbetwa.net\\\/tr\\\/product\\\/kimyon\\\/#breadcrumb\",\"itemListElement\":[{\"@type\":\"ListItem\",\"position\":1,\"name\":\"Home\",\"item\":\"https:\\\/\\\/www.herbetwa.net\\\/tr\\\/\"},{\"@type\":\"ListItem\",\"position\":2,\"name\":\"Kimyon\"}]},{\"@type\":\"WebSite\",\"@id\":\"https:\\\/\\\/herbetwa.net\\\/en\\\/#website\",\"url\":\"https:\\\/\\\/herbetwa.net\\\/en\\\/\",\"name\":\"Herb Etwa\",\"description\":\"Herbs and Spices From Middle East\",\"potentialAction\":[{\"@type\":\"SearchAction\",\"target\":{\"@type\":\"EntryPoint\",\"urlTemplate\":\"https:\\\/\\\/herbetwa.net\\\/en\\\/?s={search_term_string}\"},\"query-input\":{\"@type\":\"PropertyValueSpecification\",\"valueRequired\":true,\"valueName\":\"search_term_string\"}}],\"inLanguage\":\"tr\"}]}<\/script>\n<!-- \/ Yoast SEO Premium plugin. -->","yoast_head_json":{"title":"Toptan Kimyon Tedarik\u00e7isi | Herb Etwa | Hemen Fiyat Teklifi","description":"G\u00fcvenilir Kimyon tedarik\u00e7isi. Bitkisel \u00fcr\u00fcn toptanc\u0131lar\u0131 ve distrib\u00fct\u00f6rleri i\u00e7in toplu sat\u0131\u015flar yap\u0131l\u0131r. \u00dcCRETS\u0130Z NUMUNE TALEB\u0130","robots":{"index":"index","follow":"follow","max-snippet":"max-snippet:-1","max-image-preview":"max-image-preview:large","max-video-preview":"max-video-preview:-1"},"canonical":"https:\/\/www.herbetwa.net\/tr\/product\/kimyon\/","og_locale":"tr_TR","og_type":"article","og_title":"Kimyon","og_description":"G\u00fcvenilir Kimyon tedarik\u00e7isi. Bitkisel \u00fcr\u00fcn toptanc\u0131lar\u0131 ve distrib\u00fct\u00f6rleri i\u00e7in toplu sat\u0131\u015flar yap\u0131l\u0131r. \u00dcCRETS\u0130Z NUMUNE TALEB\u0130","og_url":"https:\/\/www.herbetwa.net\/tr\/product\/kimyon\/","og_site_name":"Herb Etwa","article_modified_time":"2022-05-17T14:30:42+00:00","og_image":[{"width":1024,"height":1024,"url":"https:\/\/www.herbetwa.net\/wp-content\/uploads\/2022\/04\/31-kimyon-tohumu-misir-herb-etwa.jpg","type":"image\/jpeg"}],"twitter_card":"summary_large_image","twitter_misc":{"Tahmini okuma s\u00fcresi":"1 dakika"},"schema":{"@context":"https:\/\/schema.org","@graph":[{"@type":"WebPage","@id":"https:\/\/www.herbetwa.net\/tr\/product\/kimyon\/","url":"https:\/\/www.herbetwa.net\/tr\/product\/kimyon\/","name":"Toptan Kimyon Tedarik\u00e7isi | Herb Etwa | Hemen Fiyat Teklifi","isPartOf":{"@id":"https:\/\/herbetwa.net\/en\/#website"},"primaryImageOfPage":{"@id":"https:\/\/www.herbetwa.net\/tr\/product\/kimyon\/#primaryimage"},"image":{"@id":"https:\/\/www.herbetwa.net\/tr\/product\/kimyon\/#primaryimage"},"thumbnailUrl":"https:\/\/herbetwa.net\/wp-content\/uploads\/2022\/04\/31-kimyon-tohumu-misir-herb-etwa.jpg","datePublished":"2022-04-03T17:50:02+00:00","dateModified":"2022-05-17T14:30:42+00:00","description":"G\u00fcvenilir Kimyon tedarik\u00e7isi. Bitkisel \u00fcr\u00fcn toptanc\u0131lar\u0131 ve distrib\u00fct\u00f6rleri i\u00e7in toplu sat\u0131\u015flar yap\u0131l\u0131r. \u00dcCRETS\u0130Z NUMUNE TALEB\u0130","breadcrumb":{"@id":"https:\/\/www.herbetwa.net\/tr\/product\/kimyon\/#breadcrumb"},"inLanguage":"tr","potentialAction":[{"@type":"ReadAction","target":["https:\/\/www.herbetwa.net\/tr\/product\/kimyon\/"]}]},{"@type":"ImageObject","inLanguage":"tr","@id":"https:\/\/www.herbetwa.net\/tr\/product\/kimyon\/#primaryimage","url":"https:\/\/herbetwa.net\/wp-content\/uploads\/2022\/04\/31-kimyon-tohumu-misir-herb-etwa.jpg","contentUrl":"https:\/\/herbetwa.net\/wp-content\/uploads\/2022\/04\/31-kimyon-tohumu-misir-herb-etwa.jpg","width":1024,"height":1024,"caption":"kimyon Toptan Sat\u0131\u015f yap\u0131l\u0131r"},{"@type":"BreadcrumbList","@id":"https:\/\/www.herbetwa.net\/tr\/product\/kimyon\/#breadcrumb","itemListElement":[{"@type":"ListItem","position":1,"name":"Home","item":"https:\/\/www.herbetwa.net\/tr\/"},{"@type":"ListItem","position":2,"name":"Kimyon"}]},{"@type":"WebSite","@id":"https:\/\/herbetwa.net\/en\/#website","url":"https:\/\/herbetwa.net\/en\/","name":"Herb Etwa","description":"Herbs and Spices From Middle East","potentialAction":[{"@type":"SearchAction","target":{"@type":"EntryPoint","urlTemplate":"https:\/\/herbetwa.net\/en\/?s={search_term_string}"},"query-input":{"@type":"PropertyValueSpecification","valueRequired":true,"valueName":"search_term_string"}}],"inLanguage":"tr"}]}},"_links":{"self":[{"href":"https:\/\/herbetwa.net\/tr\/wp-json\/wp\/v2\/product\/1079","targetHints":{"allow":["GET"]}}],"collection":[{"href":"https:\/\/herbetwa.net\/tr\/wp-json\/wp\/v2\/product"}],"about":[{"href":"https:\/\/herbetwa.net\/tr\/wp-json\/wp\/v2\/types\/product"}],"wp:featuredmedia":[{"embeddable":true,"href":"https:\/\/herbetwa.net\/tr\/wp-json\/wp\/v2\/media\/892"}],"wp:attachment":[{"href":"https:\/\/herbetwa.net\/tr\/wp-json\/wp\/v2\/media?parent=1079"}],"wp:term":[{"taxonomy":"product-category","embeddable":true,"href":"https:\/\/herbetwa.net\/tr\/wp-json\/wp\/v2\/product-category?post=1079"}],"curies":[{"name":"wp","href":"https:\/\/api.w.org\/{rel}","templated":true}]}}