{"id":1075,"date":"2022-04-03T20:48:19","date_gmt":"2022-04-03T17:48:19","guid":{"rendered":"https:\/\/herbetwa-com-842510.hostingersite.com\/product\/sesame\/"},"modified":"2022-05-20T15:47:02","modified_gmt":"2022-05-20T12:47:02","slug":"susam","status":"publish","type":"product","link":"https:\/\/herbetwa.net\/tr\/product\/susam\/","title":{"rendered":"Susam"},"content":{"rendered":"\n<p>Susam tohumlar\u0131 protein, lif, vitamin, mineral ve sa\u011fl\u0131kl\u0131 ya\u011flarla doludur. Ayr\u0131ca gl\u00fcten i\u00e7ermezler, bu da onlar\u0131 \u00e7\u00f6lyak hastal\u0131\u011f\u0131ndan muzdarip olanlara harika bir katk\u0131 yapar.Her t\u00fcrl\u00fc ekmek, pide, sandvi\u00e7, kek, kuru pasta, kurabiyelerin \u00fczerine konulmak suretiyle kullan\u0131l\u0131r. Ayr\u0131ca tahin helvas\u0131n\u0131n haz\u0131rlanmas\u0131nda kullan\u0131l\u0131r. Hafif kavrulmu\u015fu her t\u00fcr tuzlu yiyece\u011fe serpilir; \u00e7e\u015fni ve tat verir.&nbsp;<\/p>\n\n\n\n<p><strong>Ad\u0131: <\/strong>Susam Tohumu<\/p>\n\n\n\n<p><strong>Botanik<\/strong> <strong>Ad\u0131: <\/strong>Sesamun indicum<\/p>\n\n\n\n<p><strong>Form: <\/strong>Beyaz susam tohumlar\u0131, k\u0131rm\u0131z\u0131 susam tohumlar\u0131, alt\u0131n susam tohumlar\u0131<\/p>\n\n\n\n<p><strong>Ambalaj: <\/strong>25-50 PP torba<\/p>\n\n\n\n<p><strong>Bulunabilirlik: <\/strong>T\u00fcm y\u0131l boyunca kullan\u0131labilir.<\/p>\n\n\n\n<p><strong>Familyas\u0131: <\/strong>Pedaliaceae<\/p>\n\n\n\n<p><strong>Men\u015fei<\/strong>: M\u0131s\u0131r<\/p>\n\n\n\n<figure class=\"wp-block-gallery has-nested-images columns-4 is-cropped wp-block-gallery-1 is-layout-flex wp-block-gallery-is-layout-flex\">\n<figure class=\"wp-block-image size-thumbnail\"><img loading=\"lazy\" decoding=\"async\" width=\"572\" height=\"313\" data-id=\"184\" src=\"https:\/\/herbetwa-com-842510.hostingersite.com\/wp-content\/uploads\/2022\/04\/30-sesame-seeds-golden-colour-egypt-herb-etwa.png\" alt=\"Sesame of  Selling In bulk\" class=\"wp-image-184\" srcset=\"https:\/\/herbetwa.net\/wp-content\/uploads\/2022\/04\/30-sesame-seeds-golden-colour-egypt-herb-etwa.png 572w, https:\/\/herbetwa.net\/wp-content\/uploads\/2022\/04\/30-sesame-seeds-golden-colour-egypt-herb-etwa-300x164.png 300w\" sizes=\"auto, (max-width: 572px) 100vw, 572px\" \/><\/figure>\n\n\n\n<figure class=\"wp-block-image size-thumbnail\"><img loading=\"lazy\" decoding=\"async\" width=\"1024\" height=\"1024\" data-id=\"186\" src=\"https:\/\/herbetwa-com-842510.hostingersite.com\/wp-content\/uploads\/2022\/04\/30-sesame-seeds-white-colour-egypt-herb-etwa.jpg\" alt=\"White Sesame of  Selling In bulk\" class=\"wp-image-186\" srcset=\"https:\/\/herbetwa.net\/wp-content\/uploads\/2022\/04\/30-sesame-seeds-white-colour-egypt-herb-etwa.jpg 1024w, https:\/\/herbetwa.net\/wp-content\/uploads\/2022\/04\/30-sesame-seeds-white-colour-egypt-herb-etwa-300x300.jpg 300w, https:\/\/herbetwa.net\/wp-content\/uploads\/2022\/04\/30-sesame-seeds-white-colour-egypt-herb-etwa-150x150.jpg 150w, https:\/\/herbetwa.net\/wp-content\/uploads\/2022\/04\/30-sesame-seeds-white-colour-egypt-herb-etwa-768x768.jpg 768w\" sizes=\"auto, (max-width: 1024px) 100vw, 1024px\" \/><\/figure>\n\n\n\n<figure class=\"wp-block-image size-thumbnail\"><img loading=\"lazy\" decoding=\"async\" width=\"800\" height=\"800\" data-id=\"185\" src=\"https:\/\/herbetwa-com-842510.hostingersite.com\/wp-content\/uploads\/2022\/04\/30-sesame-seeds-golden-colour-egypt-herb-etwa3.png\" alt=\"Gold Egyptian Sesame of  Selling In bulk\" class=\"wp-image-185\" srcset=\"https:\/\/herbetwa.net\/wp-content\/uploads\/2022\/04\/30-sesame-seeds-golden-colour-egypt-herb-etwa3.png 800w, https:\/\/herbetwa.net\/wp-content\/uploads\/2022\/04\/30-sesame-seeds-golden-colour-egypt-herb-etwa3-300x300.png 300w, https:\/\/herbetwa.net\/wp-content\/uploads\/2022\/04\/30-sesame-seeds-golden-colour-egypt-herb-etwa3-150x150.png 150w, https:\/\/herbetwa.net\/wp-content\/uploads\/2022\/04\/30-sesame-seeds-golden-colour-egypt-herb-etwa3-768x768.png 768w\" sizes=\"auto, (max-width: 800px) 100vw, 800px\" \/><\/figure>\n\n\n\n<figure class=\"wp-block-image size-thumbnail\"><img loading=\"lazy\" decoding=\"async\" width=\"1280\" height=\"847\" data-id=\"183\" src=\"https:\/\/herbetwa-com-842510.hostingersite.com\/wp-content\/uploads\/2022\/04\/30-sesame-seeds-egypt-herb-etwa.png\" alt=\"Sesame of  Selling In bulk\" class=\"wp-image-183\" srcset=\"https:\/\/herbetwa.net\/wp-content\/uploads\/2022\/04\/30-sesame-seeds-egypt-herb-etwa.png 1280w, https:\/\/herbetwa.net\/wp-content\/uploads\/2022\/04\/30-sesame-seeds-egypt-herb-etwa-300x199.png 300w, https:\/\/herbetwa.net\/wp-content\/uploads\/2022\/04\/30-sesame-seeds-egypt-herb-etwa-1024x678.png 1024w, https:\/\/herbetwa.net\/wp-content\/uploads\/2022\/04\/30-sesame-seeds-egypt-herb-etwa-768x508.png 768w\" sizes=\"auto, (max-width: 1280px) 100vw, 1280px\" \/><\/figure>\n<\/figure>\n","protected":false},"featured_media":453,"template":"","product-category":[27],"class_list":["post-1075","product","type-product","status-publish","has-post-thumbnail","hentry","product-category-tohum"],"yoast_head":"<!-- This site is optimized with the Yoast SEO Premium plugin v16.6 (Yoast SEO v27.4) - https:\/\/yoast.com\/product\/yoast-seo-premium-wordpress\/ -->\n<title>Toptan Susam Tohumu Tedarik\u00e7isi | Herb Etwa | Hemen Fiyat Teklifi<\/title>\n<meta name=\"description\" content=\"Toptan Susam Tedarik\u00e7isi. Bitkisel \u00fcr\u00fcn toptanc\u0131lar\u0131 ve distrib\u00fct\u00f6rleri i\u00e7in toplu sat\u0131\u015flar yap\u0131l\u0131r. \u00dcCRETS\u0130Z NUMUNE TALEB\u0130\" \/>\n<meta name=\"robots\" content=\"index, follow, max-snippet:-1, max-image-preview:large, max-video-preview:-1\" \/>\n<link rel=\"canonical\" href=\"https:\/\/herbetwa.net\/tr\/product\/susam\/\" \/>\n<meta property=\"og:locale\" content=\"tr_TR\" \/>\n<meta property=\"og:type\" content=\"article\" \/>\n<meta property=\"og:title\" content=\"Susam\" \/>\n<meta property=\"og:description\" content=\"Toptan Susam Tedarik\u00e7isi. Bitkisel \u00fcr\u00fcn toptanc\u0131lar\u0131 ve distrib\u00fct\u00f6rleri i\u00e7in toplu sat\u0131\u015flar yap\u0131l\u0131r. \u00dcCRETS\u0130Z NUMUNE TALEB\u0130\" \/>\n<meta property=\"og:url\" content=\"https:\/\/herbetwa.net\/tr\/product\/susam\/\" \/>\n<meta property=\"og:site_name\" content=\"Herb Etwa\" \/>\n<meta property=\"article:modified_time\" content=\"2022-05-20T12:47:02+00:00\" \/>\n<meta property=\"og:image\" content=\"https:\/\/herbetwa.net\/wp-content\/uploads\/2022\/04\/30-sesame-seeds-golden-colour-egypt-herb-etwa3.png\" \/>\n\t<meta property=\"og:image:width\" content=\"800\" \/>\n\t<meta property=\"og:image:height\" content=\"800\" \/>\n\t<meta property=\"og:image:type\" content=\"image\/png\" \/>\n<meta name=\"twitter:card\" content=\"summary_large_image\" \/>\n<meta name=\"twitter:label1\" content=\"Tahmini okuma s\u00fcresi\" \/>\n\t<meta name=\"twitter:data1\" content=\"2 dakika\" \/>\n<script type=\"application\/ld+json\" class=\"yoast-schema-graph\">{\"@context\":\"https:\\\/\\\/schema.org\",\"@graph\":[{\"@type\":\"WebPage\",\"@id\":\"https:\\\/\\\/herbetwa.net\\\/tr\\\/product\\\/susam\\\/\",\"url\":\"https:\\\/\\\/herbetwa.net\\\/tr\\\/product\\\/susam\\\/\",\"name\":\"Toptan Susam Tohumu Tedarik\u00e7isi | Herb Etwa | Hemen Fiyat Teklifi\",\"isPartOf\":{\"@id\":\"https:\\\/\\\/herbetwa.net\\\/en\\\/#website\"},\"primaryImageOfPage\":{\"@id\":\"https:\\\/\\\/herbetwa.net\\\/tr\\\/product\\\/susam\\\/#primaryimage\"},\"image\":{\"@id\":\"https:\\\/\\\/herbetwa.net\\\/tr\\\/product\\\/susam\\\/#primaryimage\"},\"thumbnailUrl\":\"https:\\\/\\\/herbetwa.net\\\/wp-content\\\/uploads\\\/2022\\\/04\\\/30-sesame-seeds-golden-colour-egypt-herb-etwa3.png\",\"datePublished\":\"2022-04-03T17:48:19+00:00\",\"dateModified\":\"2022-05-20T12:47:02+00:00\",\"description\":\"Toptan Susam Tedarik\u00e7isi. Bitkisel \u00fcr\u00fcn toptanc\u0131lar\u0131 ve distrib\u00fct\u00f6rleri i\u00e7in toplu sat\u0131\u015flar yap\u0131l\u0131r. \u00dcCRETS\u0130Z NUMUNE TALEB\u0130\",\"breadcrumb\":{\"@id\":\"https:\\\/\\\/herbetwa.net\\\/tr\\\/product\\\/susam\\\/#breadcrumb\"},\"inLanguage\":\"tr\",\"potentialAction\":[{\"@type\":\"ReadAction\",\"target\":[\"https:\\\/\\\/herbetwa.net\\\/tr\\\/product\\\/susam\\\/\"]}]},{\"@type\":\"ImageObject\",\"inLanguage\":\"tr\",\"@id\":\"https:\\\/\\\/herbetwa.net\\\/tr\\\/product\\\/susam\\\/#primaryimage\",\"url\":\"https:\\\/\\\/herbetwa.net\\\/wp-content\\\/uploads\\\/2022\\\/04\\\/30-sesame-seeds-golden-colour-egypt-herb-etwa3.png\",\"contentUrl\":\"https:\\\/\\\/herbetwa.net\\\/wp-content\\\/uploads\\\/2022\\\/04\\\/30-sesame-seeds-golden-colour-egypt-herb-etwa3.png\",\"width\":800,\"height\":800,\"caption\":\"Gold Egyptian Sesame of Selling In bulk\"},{\"@type\":\"BreadcrumbList\",\"@id\":\"https:\\\/\\\/herbetwa.net\\\/tr\\\/product\\\/susam\\\/#breadcrumb\",\"itemListElement\":[{\"@type\":\"ListItem\",\"position\":1,\"name\":\"Home\",\"item\":\"https:\\\/\\\/www.herbetwa.net\\\/tr\\\/\"},{\"@type\":\"ListItem\",\"position\":2,\"name\":\"Susam\"}]},{\"@type\":\"WebSite\",\"@id\":\"https:\\\/\\\/herbetwa.net\\\/en\\\/#website\",\"url\":\"https:\\\/\\\/herbetwa.net\\\/en\\\/\",\"name\":\"Herb Etwa\",\"description\":\"Herbs and Spices From Middle East\",\"potentialAction\":[{\"@type\":\"SearchAction\",\"target\":{\"@type\":\"EntryPoint\",\"urlTemplate\":\"https:\\\/\\\/herbetwa.net\\\/en\\\/?s={search_term_string}\"},\"query-input\":{\"@type\":\"PropertyValueSpecification\",\"valueRequired\":true,\"valueName\":\"search_term_string\"}}],\"inLanguage\":\"tr\"}]}<\/script>\n<!-- \/ Yoast SEO Premium plugin. -->","yoast_head_json":{"title":"Toptan Susam Tohumu Tedarik\u00e7isi | Herb Etwa | Hemen Fiyat Teklifi","description":"Toptan Susam Tedarik\u00e7isi. Bitkisel \u00fcr\u00fcn toptanc\u0131lar\u0131 ve distrib\u00fct\u00f6rleri i\u00e7in toplu sat\u0131\u015flar yap\u0131l\u0131r. \u00dcCRETS\u0130Z NUMUNE TALEB\u0130","robots":{"index":"index","follow":"follow","max-snippet":"max-snippet:-1","max-image-preview":"max-image-preview:large","max-video-preview":"max-video-preview:-1"},"canonical":"https:\/\/herbetwa.net\/tr\/product\/susam\/","og_locale":"tr_TR","og_type":"article","og_title":"Susam","og_description":"Toptan Susam Tedarik\u00e7isi. Bitkisel \u00fcr\u00fcn toptanc\u0131lar\u0131 ve distrib\u00fct\u00f6rleri i\u00e7in toplu sat\u0131\u015flar yap\u0131l\u0131r. \u00dcCRETS\u0130Z NUMUNE TALEB\u0130","og_url":"https:\/\/herbetwa.net\/tr\/product\/susam\/","og_site_name":"Herb Etwa","article_modified_time":"2022-05-20T12:47:02+00:00","og_image":[{"width":800,"height":800,"url":"https:\/\/herbetwa.net\/wp-content\/uploads\/2022\/04\/30-sesame-seeds-golden-colour-egypt-herb-etwa3.png","type":"image\/png"}],"twitter_card":"summary_large_image","twitter_misc":{"Tahmini okuma s\u00fcresi":"2 dakika"},"schema":{"@context":"https:\/\/schema.org","@graph":[{"@type":"WebPage","@id":"https:\/\/herbetwa.net\/tr\/product\/susam\/","url":"https:\/\/herbetwa.net\/tr\/product\/susam\/","name":"Toptan Susam Tohumu Tedarik\u00e7isi | Herb Etwa | Hemen Fiyat Teklifi","isPartOf":{"@id":"https:\/\/herbetwa.net\/en\/#website"},"primaryImageOfPage":{"@id":"https:\/\/herbetwa.net\/tr\/product\/susam\/#primaryimage"},"image":{"@id":"https:\/\/herbetwa.net\/tr\/product\/susam\/#primaryimage"},"thumbnailUrl":"https:\/\/herbetwa.net\/wp-content\/uploads\/2022\/04\/30-sesame-seeds-golden-colour-egypt-herb-etwa3.png","datePublished":"2022-04-03T17:48:19+00:00","dateModified":"2022-05-20T12:47:02+00:00","description":"Toptan Susam Tedarik\u00e7isi. Bitkisel \u00fcr\u00fcn toptanc\u0131lar\u0131 ve distrib\u00fct\u00f6rleri i\u00e7in toplu sat\u0131\u015flar yap\u0131l\u0131r. \u00dcCRETS\u0130Z NUMUNE TALEB\u0130","breadcrumb":{"@id":"https:\/\/herbetwa.net\/tr\/product\/susam\/#breadcrumb"},"inLanguage":"tr","potentialAction":[{"@type":"ReadAction","target":["https:\/\/herbetwa.net\/tr\/product\/susam\/"]}]},{"@type":"ImageObject","inLanguage":"tr","@id":"https:\/\/herbetwa.net\/tr\/product\/susam\/#primaryimage","url":"https:\/\/herbetwa.net\/wp-content\/uploads\/2022\/04\/30-sesame-seeds-golden-colour-egypt-herb-etwa3.png","contentUrl":"https:\/\/herbetwa.net\/wp-content\/uploads\/2022\/04\/30-sesame-seeds-golden-colour-egypt-herb-etwa3.png","width":800,"height":800,"caption":"Gold Egyptian Sesame of Selling In bulk"},{"@type":"BreadcrumbList","@id":"https:\/\/herbetwa.net\/tr\/product\/susam\/#breadcrumb","itemListElement":[{"@type":"ListItem","position":1,"name":"Home","item":"https:\/\/www.herbetwa.net\/tr\/"},{"@type":"ListItem","position":2,"name":"Susam"}]},{"@type":"WebSite","@id":"https:\/\/herbetwa.net\/en\/#website","url":"https:\/\/herbetwa.net\/en\/","name":"Herb Etwa","description":"Herbs and Spices From Middle East","potentialAction":[{"@type":"SearchAction","target":{"@type":"EntryPoint","urlTemplate":"https:\/\/herbetwa.net\/en\/?s={search_term_string}"},"query-input":{"@type":"PropertyValueSpecification","valueRequired":true,"valueName":"search_term_string"}}],"inLanguage":"tr"}]}},"_links":{"self":[{"href":"https:\/\/herbetwa.net\/tr\/wp-json\/wp\/v2\/product\/1075","targetHints":{"allow":["GET"]}}],"collection":[{"href":"https:\/\/herbetwa.net\/tr\/wp-json\/wp\/v2\/product"}],"about":[{"href":"https:\/\/herbetwa.net\/tr\/wp-json\/wp\/v2\/types\/product"}],"wp:featuredmedia":[{"embeddable":true,"href":"https:\/\/herbetwa.net\/tr\/wp-json\/wp\/v2\/media\/453"}],"wp:attachment":[{"href":"https:\/\/herbetwa.net\/tr\/wp-json\/wp\/v2\/media?parent=1075"}],"wp:term":[{"taxonomy":"product-category","embeddable":true,"href":"https:\/\/herbetwa.net\/tr\/wp-json\/wp\/v2\/product-category?post=1075"}],"curies":[{"name":"wp","href":"https:\/\/api.w.org\/{rel}","templated":true}]}}