{"id":1071,"date":"2022-04-03T20:47:22","date_gmt":"2022-04-03T17:47:22","guid":{"rendered":"https:\/\/herbetwa-com-842510.hostingersite.com\/product\/fenugreek-seeds\/"},"modified":"2022-05-20T15:47:31","modified_gmt":"2022-05-20T12:47:31","slug":"cemen-tohumu","status":"publish","type":"product","link":"https:\/\/herbetwa.net\/tr\/product\/cemen-tohumu\/","title":{"rendered":"\u00c7emen Tohumu"},"content":{"rendered":"\n<p>\u00c7emen tohumlar\u0131 baharat ve \u015fifal\u0131 bitki olarak kullan\u0131l\u0131r. Hafif kavrulduktan sonra yemeklere \u00e7e\u015fni vermek i\u00e7in toz halinde veya \u00e7imlendirerek yiyeceklere salatalara kat\u0131l\u0131r. \u00c7imlendirilmi\u015f tohumlar\u0131n biyolojik de\u011feri artar. Kavrulmu\u015f tozu kahve gibi pi\u015firilir, i\u00e7ilir. Taze yapraklar\u0131 salata gibi yenir.<\/p>\n\n\n\n<p>\u015eeker hastal\u0131\u011f\u0131, y\u00fcksek tansiyon, haz\u0131ms\u0131zl\u0131k ve di\u011fer sa\u011fl\u0131k sorunlar\u0131n\u0131n tedavisine yard\u0131mc\u0131 olduklar\u0131 bilinmektedir. \u00c7i\u011f veya pi\u015fmi\u015f olarak yenebilir. Enginar ve bakla kar\u0131\u015f\u0131m\u0131 gibi tad\u0131 var.<\/p>\n\n\n\n<p>\u00c7emen tohumlar\u0131 y\u00fcksek d\u00fczeyde protein, lif, demir, kalsiyum, \u00e7inko, magnezyum, B6 vitamini, folat ve manganez i\u00e7erir. Ayr\u0131ca, uzun bir raf \u00f6mr\u00fcne sahiptir. Bunlar\u0131 oda s\u0131cakl\u0131\u011f\u0131nda iki y\u0131la kadar saklayabilirsiniz.<\/p>\n\n\n\n<p>\u00c7emen tohumu, rezene tohumu ile kar\u0131\u015ft\u0131r\u0131lmamal\u0131d\u0131r. Rezene tohumlar\u0131 genellikle marketlerde aroma maddesi olarak sat\u0131lmaktad\u0131r.<\/p>\n\n\n\n<p><strong>Ad\u0131: <\/strong>\u00c7emen Tohumu, Methi<\/p>\n\n\n\n<p><strong>Botanik<\/strong> <strong>Ad\u0131: <\/strong>Trigonella Foenum-Graecum<\/p>\n\n\n\n<p><strong>Form: <\/strong>B\u00fct\u00fcn Tohumlar<\/p>\n\n\n\n<p><strong>Kalite:<\/strong><\/p>\n\n\n\n<p>A S\u0131n\u0131f\u0131 <\/p>\n\n\n\n<p>B S\u0131n\u0131f\u0131 K\u0131r\u0131k Kaliteli<\/p>\n\n\n\n<p><strong>Paket: <\/strong>25-50 kg PP veya Ka\u011f\u0131t Torbalar<\/p>\n\n\n\n<p><strong>Bulunabilirlik: <\/strong>T\u00fcm y\u0131l boyunca kullan\u0131labilir.<\/p>\n\n\n\n<p><strong>Men\u015fei: <\/strong>M\u0131s\u0131r<\/p>\n\n\n\n<figure class=\"wp-block-gallery has-nested-images columns-default is-cropped wp-block-gallery-1 is-layout-flex wp-block-gallery-is-layout-flex\">\n<figure class=\"wp-block-image size-full\"><img loading=\"lazy\" decoding=\"async\" width=\"1024\" height=\"1024\" data-id=\"874\" src=\"https:\/\/herbetwa-com-842510.hostingersite.com\/wp-content\/uploads\/2022\/04\/29-cemen-tohumu-misir-herb-etwa.jpg\" alt=\"\u0130thal \u00c7emen Tohumu Toptan Sat\u0131\u015f yap\u0131l\u0131r\" class=\"wp-image-874\" srcset=\"https:\/\/herbetwa.net\/wp-content\/uploads\/2022\/04\/29-cemen-tohumu-misir-herb-etwa.jpg 1024w, https:\/\/herbetwa.net\/wp-content\/uploads\/2022\/04\/29-cemen-tohumu-misir-herb-etwa-300x300.jpg 300w, https:\/\/herbetwa.net\/wp-content\/uploads\/2022\/04\/29-cemen-tohumu-misir-herb-etwa-150x150.jpg 150w, https:\/\/herbetwa.net\/wp-content\/uploads\/2022\/04\/29-cemen-tohumu-misir-herb-etwa-768x768.jpg 768w\" sizes=\"auto, (max-width: 1024px) 100vw, 1024px\" \/><\/figure>\n\n\n\n<figure class=\"wp-block-image size-full\"><img loading=\"lazy\" decoding=\"async\" width=\"1024\" height=\"1024\" data-id=\"877\" src=\"https:\/\/herbetwa-com-842510.hostingersite.com\/wp-content\/uploads\/2022\/04\/29-cemen-tohumu-misir-herb-etwa1.jpg\" alt=\"m\u0131s\u0131rdan \u0130thal \u00c7emen Tohumu tozu Toptan Sat\u0131\u015f yap\u0131l\u0131r\" class=\"wp-image-877\" srcset=\"https:\/\/herbetwa.net\/wp-content\/uploads\/2022\/04\/29-cemen-tohumu-misir-herb-etwa1.jpg 1024w, https:\/\/herbetwa.net\/wp-content\/uploads\/2022\/04\/29-cemen-tohumu-misir-herb-etwa1-300x300.jpg 300w, https:\/\/herbetwa.net\/wp-content\/uploads\/2022\/04\/29-cemen-tohumu-misir-herb-etwa1-150x150.jpg 150w, https:\/\/herbetwa.net\/wp-content\/uploads\/2022\/04\/29-cemen-tohumu-misir-herb-etwa1-768x768.jpg 768w\" sizes=\"auto, (max-width: 1024px) 100vw, 1024px\" \/><\/figure>\n<\/figure>\n","protected":false},"featured_media":874,"template":"","product-category":[27],"class_list":["post-1071","product","type-product","status-publish","has-post-thumbnail","hentry","product-category-tohum"],"yoast_head":"<!-- This site is optimized with the Yoast SEO Premium plugin v16.6 (Yoast SEO v27.4) - https:\/\/yoast.com\/product\/yoast-seo-premium-wordpress\/ -->\n<title>Toptan \u00c7emen Tohumu Tedarik\u00e7isi | Herb Etwa | Hemen Fiyat Teklifi<\/title>\n<meta name=\"description\" content=\"\u00c7emen tohumu g\u00fcvenilir tedarik\u00e7isi. Bitkisel \u00fcr\u00fcn toptanc\u0131lar\u0131 ve distrib\u00fct\u00f6rleri i\u00e7in toplu sat\u0131\u015flar yap\u0131l\u0131r. \u00dcCRETS\u0130Z NUMUNE TALEB\u0130\" \/>\n<meta name=\"robots\" content=\"index, follow, max-snippet:-1, max-image-preview:large, max-video-preview:-1\" \/>\n<link rel=\"canonical\" href=\"https:\/\/herbetwa.net\/tr\/product\/cemen-tohumu\/\" \/>\n<meta property=\"og:locale\" content=\"tr_TR\" \/>\n<meta property=\"og:type\" content=\"article\" \/>\n<meta property=\"og:title\" content=\"\u00c7emen Tohumu\" \/>\n<meta property=\"og:description\" content=\"\u00c7emen tohumu g\u00fcvenilir tedarik\u00e7isi. Bitkisel \u00fcr\u00fcn toptanc\u0131lar\u0131 ve distrib\u00fct\u00f6rleri i\u00e7in toplu sat\u0131\u015flar yap\u0131l\u0131r. \u00dcCRETS\u0130Z NUMUNE TALEB\u0130\" \/>\n<meta property=\"og:url\" content=\"https:\/\/herbetwa.net\/tr\/product\/cemen-tohumu\/\" \/>\n<meta property=\"og:site_name\" content=\"Herb Etwa\" \/>\n<meta property=\"article:modified_time\" content=\"2022-05-20T12:47:31+00:00\" \/>\n<meta property=\"og:image\" content=\"https:\/\/herbetwa.net\/wp-content\/uploads\/2022\/04\/29-cemen-tohumu-misir-herb-etwa.jpg\" \/>\n\t<meta property=\"og:image:width\" content=\"1024\" \/>\n\t<meta property=\"og:image:height\" content=\"1024\" \/>\n\t<meta property=\"og:image:type\" content=\"image\/jpeg\" \/>\n<meta name=\"twitter:card\" content=\"summary_large_image\" \/>\n<meta name=\"twitter:label1\" content=\"Tahmini okuma s\u00fcresi\" \/>\n\t<meta name=\"twitter:data1\" content=\"2 dakika\" \/>\n<script type=\"application\/ld+json\" class=\"yoast-schema-graph\">{\"@context\":\"https:\\\/\\\/schema.org\",\"@graph\":[{\"@type\":\"WebPage\",\"@id\":\"https:\\\/\\\/herbetwa.net\\\/tr\\\/product\\\/cemen-tohumu\\\/\",\"url\":\"https:\\\/\\\/herbetwa.net\\\/tr\\\/product\\\/cemen-tohumu\\\/\",\"name\":\"Toptan \u00c7emen Tohumu Tedarik\u00e7isi | Herb Etwa | Hemen Fiyat Teklifi\",\"isPartOf\":{\"@id\":\"https:\\\/\\\/herbetwa.net\\\/en\\\/#website\"},\"primaryImageOfPage\":{\"@id\":\"https:\\\/\\\/herbetwa.net\\\/tr\\\/product\\\/cemen-tohumu\\\/#primaryimage\"},\"image\":{\"@id\":\"https:\\\/\\\/herbetwa.net\\\/tr\\\/product\\\/cemen-tohumu\\\/#primaryimage\"},\"thumbnailUrl\":\"https:\\\/\\\/herbetwa.net\\\/wp-content\\\/uploads\\\/2022\\\/04\\\/29-cemen-tohumu-misir-herb-etwa.jpg\",\"datePublished\":\"2022-04-03T17:47:22+00:00\",\"dateModified\":\"2022-05-20T12:47:31+00:00\",\"description\":\"\u00c7emen tohumu g\u00fcvenilir tedarik\u00e7isi. Bitkisel \u00fcr\u00fcn toptanc\u0131lar\u0131 ve distrib\u00fct\u00f6rleri i\u00e7in toplu sat\u0131\u015flar yap\u0131l\u0131r. \u00dcCRETS\u0130Z NUMUNE TALEB\u0130\",\"breadcrumb\":{\"@id\":\"https:\\\/\\\/herbetwa.net\\\/tr\\\/product\\\/cemen-tohumu\\\/#breadcrumb\"},\"inLanguage\":\"tr\",\"potentialAction\":[{\"@type\":\"ReadAction\",\"target\":[\"https:\\\/\\\/herbetwa.net\\\/tr\\\/product\\\/cemen-tohumu\\\/\"]}]},{\"@type\":\"ImageObject\",\"inLanguage\":\"tr\",\"@id\":\"https:\\\/\\\/herbetwa.net\\\/tr\\\/product\\\/cemen-tohumu\\\/#primaryimage\",\"url\":\"https:\\\/\\\/herbetwa.net\\\/wp-content\\\/uploads\\\/2022\\\/04\\\/29-cemen-tohumu-misir-herb-etwa.jpg\",\"contentUrl\":\"https:\\\/\\\/herbetwa.net\\\/wp-content\\\/uploads\\\/2022\\\/04\\\/29-cemen-tohumu-misir-herb-etwa.jpg\",\"width\":1024,\"height\":1024,\"caption\":\"\u0130thal \u00c7emen Tohumu Toptan Sat\u0131\u015f yap\u0131l\u0131r\"},{\"@type\":\"BreadcrumbList\",\"@id\":\"https:\\\/\\\/herbetwa.net\\\/tr\\\/product\\\/cemen-tohumu\\\/#breadcrumb\",\"itemListElement\":[{\"@type\":\"ListItem\",\"position\":1,\"name\":\"Home\",\"item\":\"https:\\\/\\\/www.herbetwa.net\\\/tr\\\/\"},{\"@type\":\"ListItem\",\"position\":2,\"name\":\"\u00c7emen Tohumu\"}]},{\"@type\":\"WebSite\",\"@id\":\"https:\\\/\\\/herbetwa.net\\\/en\\\/#website\",\"url\":\"https:\\\/\\\/herbetwa.net\\\/en\\\/\",\"name\":\"Herb Etwa\",\"description\":\"Herbs and Spices From Middle East\",\"potentialAction\":[{\"@type\":\"SearchAction\",\"target\":{\"@type\":\"EntryPoint\",\"urlTemplate\":\"https:\\\/\\\/herbetwa.net\\\/en\\\/?s={search_term_string}\"},\"query-input\":{\"@type\":\"PropertyValueSpecification\",\"valueRequired\":true,\"valueName\":\"search_term_string\"}}],\"inLanguage\":\"tr\"}]}<\/script>\n<!-- \/ Yoast SEO Premium plugin. -->","yoast_head_json":{"title":"Toptan \u00c7emen Tohumu Tedarik\u00e7isi | Herb Etwa | Hemen Fiyat Teklifi","description":"\u00c7emen tohumu g\u00fcvenilir tedarik\u00e7isi. Bitkisel \u00fcr\u00fcn toptanc\u0131lar\u0131 ve distrib\u00fct\u00f6rleri i\u00e7in toplu sat\u0131\u015flar yap\u0131l\u0131r. \u00dcCRETS\u0130Z NUMUNE TALEB\u0130","robots":{"index":"index","follow":"follow","max-snippet":"max-snippet:-1","max-image-preview":"max-image-preview:large","max-video-preview":"max-video-preview:-1"},"canonical":"https:\/\/herbetwa.net\/tr\/product\/cemen-tohumu\/","og_locale":"tr_TR","og_type":"article","og_title":"\u00c7emen Tohumu","og_description":"\u00c7emen tohumu g\u00fcvenilir tedarik\u00e7isi. Bitkisel \u00fcr\u00fcn toptanc\u0131lar\u0131 ve distrib\u00fct\u00f6rleri i\u00e7in toplu sat\u0131\u015flar yap\u0131l\u0131r. \u00dcCRETS\u0130Z NUMUNE TALEB\u0130","og_url":"https:\/\/herbetwa.net\/tr\/product\/cemen-tohumu\/","og_site_name":"Herb Etwa","article_modified_time":"2022-05-20T12:47:31+00:00","og_image":[{"width":1024,"height":1024,"url":"https:\/\/herbetwa.net\/wp-content\/uploads\/2022\/04\/29-cemen-tohumu-misir-herb-etwa.jpg","type":"image\/jpeg"}],"twitter_card":"summary_large_image","twitter_misc":{"Tahmini okuma s\u00fcresi":"2 dakika"},"schema":{"@context":"https:\/\/schema.org","@graph":[{"@type":"WebPage","@id":"https:\/\/herbetwa.net\/tr\/product\/cemen-tohumu\/","url":"https:\/\/herbetwa.net\/tr\/product\/cemen-tohumu\/","name":"Toptan \u00c7emen Tohumu Tedarik\u00e7isi | Herb Etwa | Hemen Fiyat Teklifi","isPartOf":{"@id":"https:\/\/herbetwa.net\/en\/#website"},"primaryImageOfPage":{"@id":"https:\/\/herbetwa.net\/tr\/product\/cemen-tohumu\/#primaryimage"},"image":{"@id":"https:\/\/herbetwa.net\/tr\/product\/cemen-tohumu\/#primaryimage"},"thumbnailUrl":"https:\/\/herbetwa.net\/wp-content\/uploads\/2022\/04\/29-cemen-tohumu-misir-herb-etwa.jpg","datePublished":"2022-04-03T17:47:22+00:00","dateModified":"2022-05-20T12:47:31+00:00","description":"\u00c7emen tohumu g\u00fcvenilir tedarik\u00e7isi. Bitkisel \u00fcr\u00fcn toptanc\u0131lar\u0131 ve distrib\u00fct\u00f6rleri i\u00e7in toplu sat\u0131\u015flar yap\u0131l\u0131r. \u00dcCRETS\u0130Z NUMUNE TALEB\u0130","breadcrumb":{"@id":"https:\/\/herbetwa.net\/tr\/product\/cemen-tohumu\/#breadcrumb"},"inLanguage":"tr","potentialAction":[{"@type":"ReadAction","target":["https:\/\/herbetwa.net\/tr\/product\/cemen-tohumu\/"]}]},{"@type":"ImageObject","inLanguage":"tr","@id":"https:\/\/herbetwa.net\/tr\/product\/cemen-tohumu\/#primaryimage","url":"https:\/\/herbetwa.net\/wp-content\/uploads\/2022\/04\/29-cemen-tohumu-misir-herb-etwa.jpg","contentUrl":"https:\/\/herbetwa.net\/wp-content\/uploads\/2022\/04\/29-cemen-tohumu-misir-herb-etwa.jpg","width":1024,"height":1024,"caption":"\u0130thal \u00c7emen Tohumu Toptan Sat\u0131\u015f yap\u0131l\u0131r"},{"@type":"BreadcrumbList","@id":"https:\/\/herbetwa.net\/tr\/product\/cemen-tohumu\/#breadcrumb","itemListElement":[{"@type":"ListItem","position":1,"name":"Home","item":"https:\/\/www.herbetwa.net\/tr\/"},{"@type":"ListItem","position":2,"name":"\u00c7emen Tohumu"}]},{"@type":"WebSite","@id":"https:\/\/herbetwa.net\/en\/#website","url":"https:\/\/herbetwa.net\/en\/","name":"Herb Etwa","description":"Herbs and Spices From Middle East","potentialAction":[{"@type":"SearchAction","target":{"@type":"EntryPoint","urlTemplate":"https:\/\/herbetwa.net\/en\/?s={search_term_string}"},"query-input":{"@type":"PropertyValueSpecification","valueRequired":true,"valueName":"search_term_string"}}],"inLanguage":"tr"}]}},"_links":{"self":[{"href":"https:\/\/herbetwa.net\/tr\/wp-json\/wp\/v2\/product\/1071","targetHints":{"allow":["GET"]}}],"collection":[{"href":"https:\/\/herbetwa.net\/tr\/wp-json\/wp\/v2\/product"}],"about":[{"href":"https:\/\/herbetwa.net\/tr\/wp-json\/wp\/v2\/types\/product"}],"wp:featuredmedia":[{"embeddable":true,"href":"https:\/\/herbetwa.net\/tr\/wp-json\/wp\/v2\/media\/874"}],"wp:attachment":[{"href":"https:\/\/herbetwa.net\/tr\/wp-json\/wp\/v2\/media?parent=1071"}],"wp:term":[{"taxonomy":"product-category","embeddable":true,"href":"https:\/\/herbetwa.net\/tr\/wp-json\/wp\/v2\/product-category?post=1071"}],"curies":[{"name":"wp","href":"https:\/\/api.w.org\/{rel}","templated":true}]}}