{"id":1067,"date":"2022-04-03T20:46:27","date_gmt":"2022-04-03T17:46:27","guid":{"rendered":"https:\/\/herbetwa-com-842510.hostingersite.com\/product\/fennel-seeds\/"},"modified":"2022-05-17T17:31:30","modified_gmt":"2022-05-17T14:31:30","slug":"rezene-tohumu","status":"publish","type":"product","link":"https:\/\/herbetwa.net\/tr\/product\/rezene-tohumu\/","title":{"rendered":"Rezene Tohumu"},"content":{"rendered":"\n<p>Rezene tohumlar\u0131, \u00f6zellikle tatl\u0131 bir tada sahip olan bir\u00e7ok yemekte kullan\u0131l\u0131r. Salatalara, \u00e7orbalara, yahnilere, soslara ve hatta tatl\u0131lara eklenebilirler. Y\u00fcksek d\u00fczeyde C vitamini, kalsiyum, demir, magnezyum, manganez, fosfor, protein, riboflavin, tiamin, \u00e7inko ve lif i\u00e7erir.<\/p>\n\n\n\n<p>Flavonoidler, fenolik bile\u015fikler ve karotenoidler dahil olmak \u00fczere antioksidanlar a\u00e7\u0131s\u0131ndan zengindir.<\/p>\n\n\n\n<p>Rezene tohumlar\u0131n\u0131n kolesterol ve kan bas\u0131nc\u0131n\u0131 d\u00fc\u015f\u00fcrmeye yard\u0131mc\u0131 oldu\u011fu g\u00f6sterilmi\u015ftir.<\/p>\n\n\n\n<p>\u00c7i\u011f olarak yenebilir, kavrulmu\u015f, \u00f6\u011f\u00fct\u00fclerek un haline getirilebilir veya kurutulup toz haline getirilebilir.<\/p>\n\n\n\n<p><strong>Ad\u0131: <\/strong>Rezene tohumlar\u0131 veya Tatl\u0131 Kimyon<\/p>\n\n\n\n<p><strong>Botanik<\/strong> <strong>Ad\u0131: <\/strong>Foeniculum vulgare<\/p>\n\n\n\n<p><strong>Form: <\/strong>B\u00fct\u00fcn Tohumlar<\/p>\n\n\n\n<p><strong>Kalite: <\/strong>%90\/95\/99,5 safla\u015ft\u0131rarak sto\u011fumuzu temizledik<\/p>\n\n\n\n<p><strong>Paket: <\/strong>25-50 kg S.p\/ka\u011f\u0131t<\/p>\n\n\n\n<p><strong>Paket: <\/strong>25kg net a\u011f\u0131rl\u0131k, 50kg net a\u011f\u0131rl\u0131k PP veya ka\u011f\u0131t torbalar<\/p>\n\n\n\n<p><strong>Kalite:<\/strong><\/p>\n\n\n\n<p>A S\u0131n\u0131f\u0131: \u00fcst\u00fcn kaliteli Rezene tohumlar\u0131<\/p>\n\n\n\n<p>B S\u0131n\u0131f\u0131: Kaliteli Rezene tohumlar\u0131<\/p>\n\n\n\n<p><strong>Bulunabilirlik: <\/strong>Mahsul May\u0131s ay\u0131nda ba\u015flar ve t\u00fcm y\u0131l stokta mevcuttur.<\/p>\n\n\n\n<p><strong>Bu \u00fcr\u00fcn farkl\u0131 bi\u00e7imlerde de mevcuttur:<\/strong><\/p>\n\n\n\n<p>\u00b7 K\u0131r\u0131k rezene tohumlar\u0131<\/p>\n\n\n\n<p>\u00b7 Toz<\/p>\n\n\n\n<p><strong>Men\u015fei:&nbsp;<\/strong>M\u0131s\u0131r<\/p>\n\n\n\n<figure class=\"wp-block-gallery has-nested-images columns-default is-cropped wp-block-gallery-1 is-layout-flex wp-block-gallery-is-layout-flex\">\n<figure class=\"wp-block-image size-medium\"><a href=\"https:\/\/herbetwa-com-842510.hostingersite.com\/wp-content\/uploads\/2022\/04\/28-rezene-tohumu-misir-herb-etwa1.png\"><img loading=\"lazy\" decoding=\"async\" width=\"2000\" height=\"2000\" data-id=\"856\" src=\"https:\/\/herbetwa-com-842510.hostingersite.com\/wp-content\/uploads\/2022\/04\/28-rezene-tohumu-misir-herb-etwa1.png\" alt=\"M\u0131s\u0131rdan \u0130thal rezene tohumu Toptan Sat\u0131\u015f yap\u0131l\u0131r\" class=\"wp-image-856\" srcset=\"https:\/\/herbetwa.net\/wp-content\/uploads\/2022\/04\/28-rezene-tohumu-misir-herb-etwa1.png 2000w, https:\/\/herbetwa.net\/wp-content\/uploads\/2022\/04\/28-rezene-tohumu-misir-herb-etwa1-300x300.png 300w, https:\/\/herbetwa.net\/wp-content\/uploads\/2022\/04\/28-rezene-tohumu-misir-herb-etwa1-1024x1024.png 1024w, https:\/\/herbetwa.net\/wp-content\/uploads\/2022\/04\/28-rezene-tohumu-misir-herb-etwa1-150x150.png 150w, https:\/\/herbetwa.net\/wp-content\/uploads\/2022\/04\/28-rezene-tohumu-misir-herb-etwa1-768x768.png 768w, https:\/\/herbetwa.net\/wp-content\/uploads\/2022\/04\/28-rezene-tohumu-misir-herb-etwa1-1536x1536.png 1536w\" sizes=\"auto, (max-width: 2000px) 100vw, 2000px\" \/><\/a><\/figure>\n\n\n\n<figure class=\"wp-block-image size-medium\"><a href=\"https:\/\/herbetwa-com-842510.hostingersite.com\/wp-content\/uploads\/2022\/04\/28-rezene-tohumu-misir-herb-etwa4.jpg\"><img loading=\"lazy\" decoding=\"async\" width=\"900\" height=\"1057\" data-id=\"865\" src=\"https:\/\/herbetwa-com-842510.hostingersite.com\/wp-content\/uploads\/2022\/04\/28-rezene-tohumu-misir-herb-etwa4.jpg\" alt=\"M\u0131s\u0131rdan \u0130thal rezene tohumunun tozu Toptan Sat\u0131\u015f yap\u0131l\u0131r\" class=\"wp-image-865\" srcset=\"https:\/\/herbetwa.net\/wp-content\/uploads\/2022\/04\/28-rezene-tohumu-misir-herb-etwa4.jpg 900w, https:\/\/herbetwa.net\/wp-content\/uploads\/2022\/04\/28-rezene-tohumu-misir-herb-etwa4-255x300.jpg 255w, https:\/\/herbetwa.net\/wp-content\/uploads\/2022\/04\/28-rezene-tohumu-misir-herb-etwa4-872x1024.jpg 872w, https:\/\/herbetwa.net\/wp-content\/uploads\/2022\/04\/28-rezene-tohumu-misir-herb-etwa4-768x902.jpg 768w\" sizes=\"auto, (max-width: 900px) 100vw, 900px\" \/><\/a><\/figure>\n\n\n\n<figure class=\"wp-block-image size-medium\"><a href=\"https:\/\/herbetwa-com-842510.hostingersite.com\/wp-content\/uploads\/2022\/04\/28-yesil-rezene-misir-herb-etwa6.png\"><img loading=\"lazy\" decoding=\"async\" width=\"2500\" height=\"2500\" data-id=\"871\" src=\"https:\/\/herbetwa-com-842510.hostingersite.com\/wp-content\/uploads\/2022\/04\/28-yesil-rezene-misir-herb-etwa6.png\" alt=\"M\u0131s\u0131rdan \u0130thal Taze rezene Toptan Sat\u0131\u015f yap\u0131l\u0131r\" class=\"wp-image-871\" srcset=\"https:\/\/herbetwa.net\/wp-content\/uploads\/2022\/04\/28-yesil-rezene-misir-herb-etwa6.png 2500w, https:\/\/herbetwa.net\/wp-content\/uploads\/2022\/04\/28-yesil-rezene-misir-herb-etwa6-300x300.png 300w, https:\/\/herbetwa.net\/wp-content\/uploads\/2022\/04\/28-yesil-rezene-misir-herb-etwa6-1024x1024.png 1024w, https:\/\/herbetwa.net\/wp-content\/uploads\/2022\/04\/28-yesil-rezene-misir-herb-etwa6-150x150.png 150w, https:\/\/herbetwa.net\/wp-content\/uploads\/2022\/04\/28-yesil-rezene-misir-herb-etwa6-768x768.png 768w, https:\/\/herbetwa.net\/wp-content\/uploads\/2022\/04\/28-yesil-rezene-misir-herb-etwa6-1536x1536.png 1536w, https:\/\/herbetwa.net\/wp-content\/uploads\/2022\/04\/28-yesil-rezene-misir-herb-etwa6-2048x2048.png 2048w\" sizes=\"auto, (max-width: 2500px) 100vw, 2500px\" \/><\/a><\/figure>\n<\/figure>\n","protected":false},"featured_media":868,"template":"","product-category":[27],"class_list":["post-1067","product","type-product","status-publish","has-post-thumbnail","hentry","product-category-tohum"],"yoast_head":"<!-- This site is optimized with the Yoast SEO Premium plugin v16.6 (Yoast SEO v27.4) - https:\/\/yoast.com\/product\/yoast-seo-premium-wordpress\/ -->\n<title>Toptan Rezene Tohumu tedarik\u00e7isi |Herb Etwa| Hemen fiyat teklifi<\/title>\n<meta name=\"description\" content=\"Rezene tohumu g\u00fcvenilir tedarik\u00e7isi. Bitkisel \u00fcr\u00fcn toptanc\u0131lar\u0131 ve distrib\u00fct\u00f6rleri i\u00e7in toplu sat\u0131\u015flar yap\u0131l\u0131r. \u00dcCRETS\u0130Z NUMUNE TALEB\u0130\" \/>\n<meta name=\"robots\" content=\"index, follow, max-snippet:-1, max-image-preview:large, max-video-preview:-1\" \/>\n<link rel=\"canonical\" href=\"https:\/\/herbetwa.net\/tr\/product\/rezene-tohumu\/\" \/>\n<meta property=\"og:locale\" content=\"tr_TR\" \/>\n<meta property=\"og:type\" content=\"article\" \/>\n<meta property=\"og:title\" content=\"Rezene Tohumu\" \/>\n<meta property=\"og:description\" content=\"Rezene tohumu g\u00fcvenilir tedarik\u00e7isi. Bitkisel \u00fcr\u00fcn toptanc\u0131lar\u0131 ve distrib\u00fct\u00f6rleri i\u00e7in toplu sat\u0131\u015flar yap\u0131l\u0131r. \u00dcCRETS\u0130Z NUMUNE TALEB\u0130\" \/>\n<meta property=\"og:url\" content=\"https:\/\/herbetwa.net\/tr\/product\/rezene-tohumu\/\" \/>\n<meta property=\"og:site_name\" content=\"Herb Etwa\" \/>\n<meta property=\"article:modified_time\" content=\"2022-05-17T14:31:30+00:00\" \/>\n<meta property=\"og:image\" content=\"https:\/\/herbetwa.net\/wp-content\/uploads\/2022\/04\/28-rezene-tohumu-misir-herb-etwa5.png\" \/>\n\t<meta property=\"og:image:width\" content=\"724\" \/>\n\t<meta property=\"og:image:height\" content=\"549\" \/>\n\t<meta property=\"og:image:type\" content=\"image\/png\" \/>\n<meta name=\"twitter:card\" content=\"summary_large_image\" \/>\n<meta name=\"twitter:label1\" content=\"Tahmini okuma s\u00fcresi\" \/>\n\t<meta name=\"twitter:data1\" content=\"2 dakika\" \/>\n<script type=\"application\/ld+json\" class=\"yoast-schema-graph\">{\"@context\":\"https:\\\/\\\/schema.org\",\"@graph\":[{\"@type\":\"WebPage\",\"@id\":\"https:\\\/\\\/herbetwa.net\\\/tr\\\/product\\\/rezene-tohumu\\\/\",\"url\":\"https:\\\/\\\/herbetwa.net\\\/tr\\\/product\\\/rezene-tohumu\\\/\",\"name\":\"Toptan Rezene Tohumu tedarik\u00e7isi |Herb Etwa| Hemen fiyat teklifi\",\"isPartOf\":{\"@id\":\"https:\\\/\\\/herbetwa.net\\\/en\\\/#website\"},\"primaryImageOfPage\":{\"@id\":\"https:\\\/\\\/herbetwa.net\\\/tr\\\/product\\\/rezene-tohumu\\\/#primaryimage\"},\"image\":{\"@id\":\"https:\\\/\\\/herbetwa.net\\\/tr\\\/product\\\/rezene-tohumu\\\/#primaryimage\"},\"thumbnailUrl\":\"https:\\\/\\\/herbetwa.net\\\/wp-content\\\/uploads\\\/2022\\\/04\\\/28-rezene-tohumu-misir-herb-etwa5.png\",\"datePublished\":\"2022-04-03T17:46:27+00:00\",\"dateModified\":\"2022-05-17T14:31:30+00:00\",\"description\":\"Rezene tohumu g\u00fcvenilir tedarik\u00e7isi. Bitkisel \u00fcr\u00fcn toptanc\u0131lar\u0131 ve distrib\u00fct\u00f6rleri i\u00e7in toplu sat\u0131\u015flar yap\u0131l\u0131r. \u00dcCRETS\u0130Z NUMUNE TALEB\u0130\",\"breadcrumb\":{\"@id\":\"https:\\\/\\\/herbetwa.net\\\/tr\\\/product\\\/rezene-tohumu\\\/#breadcrumb\"},\"inLanguage\":\"tr\",\"potentialAction\":[{\"@type\":\"ReadAction\",\"target\":[\"https:\\\/\\\/herbetwa.net\\\/tr\\\/product\\\/rezene-tohumu\\\/\"]}]},{\"@type\":\"ImageObject\",\"inLanguage\":\"tr\",\"@id\":\"https:\\\/\\\/herbetwa.net\\\/tr\\\/product\\\/rezene-tohumu\\\/#primaryimage\",\"url\":\"https:\\\/\\\/herbetwa.net\\\/wp-content\\\/uploads\\\/2022\\\/04\\\/28-rezene-tohumu-misir-herb-etwa5.png\",\"contentUrl\":\"https:\\\/\\\/herbetwa.net\\\/wp-content\\\/uploads\\\/2022\\\/04\\\/28-rezene-tohumu-misir-herb-etwa5.png\",\"width\":724,\"height\":549,\"caption\":\"\u0130thal rezene tohumu Toptan Sat\u0131\u015f yap\u0131l\u0131r\"},{\"@type\":\"BreadcrumbList\",\"@id\":\"https:\\\/\\\/herbetwa.net\\\/tr\\\/product\\\/rezene-tohumu\\\/#breadcrumb\",\"itemListElement\":[{\"@type\":\"ListItem\",\"position\":1,\"name\":\"Home\",\"item\":\"https:\\\/\\\/www.herbetwa.net\\\/tr\\\/\"},{\"@type\":\"ListItem\",\"position\":2,\"name\":\"Rezene Tohumu\"}]},{\"@type\":\"WebSite\",\"@id\":\"https:\\\/\\\/herbetwa.net\\\/en\\\/#website\",\"url\":\"https:\\\/\\\/herbetwa.net\\\/en\\\/\",\"name\":\"Herb Etwa\",\"description\":\"Herbs and Spices From Middle East\",\"potentialAction\":[{\"@type\":\"SearchAction\",\"target\":{\"@type\":\"EntryPoint\",\"urlTemplate\":\"https:\\\/\\\/herbetwa.net\\\/en\\\/?s={search_term_string}\"},\"query-input\":{\"@type\":\"PropertyValueSpecification\",\"valueRequired\":true,\"valueName\":\"search_term_string\"}}],\"inLanguage\":\"tr\"}]}<\/script>\n<!-- \/ Yoast SEO Premium plugin. -->","yoast_head_json":{"title":"Toptan Rezene Tohumu tedarik\u00e7isi |Herb Etwa| Hemen fiyat teklifi","description":"Rezene tohumu g\u00fcvenilir tedarik\u00e7isi. Bitkisel \u00fcr\u00fcn toptanc\u0131lar\u0131 ve distrib\u00fct\u00f6rleri i\u00e7in toplu sat\u0131\u015flar yap\u0131l\u0131r. \u00dcCRETS\u0130Z NUMUNE TALEB\u0130","robots":{"index":"index","follow":"follow","max-snippet":"max-snippet:-1","max-image-preview":"max-image-preview:large","max-video-preview":"max-video-preview:-1"},"canonical":"https:\/\/herbetwa.net\/tr\/product\/rezene-tohumu\/","og_locale":"tr_TR","og_type":"article","og_title":"Rezene Tohumu","og_description":"Rezene tohumu g\u00fcvenilir tedarik\u00e7isi. Bitkisel \u00fcr\u00fcn toptanc\u0131lar\u0131 ve distrib\u00fct\u00f6rleri i\u00e7in toplu sat\u0131\u015flar yap\u0131l\u0131r. \u00dcCRETS\u0130Z NUMUNE TALEB\u0130","og_url":"https:\/\/herbetwa.net\/tr\/product\/rezene-tohumu\/","og_site_name":"Herb Etwa","article_modified_time":"2022-05-17T14:31:30+00:00","og_image":[{"width":724,"height":549,"url":"https:\/\/herbetwa.net\/wp-content\/uploads\/2022\/04\/28-rezene-tohumu-misir-herb-etwa5.png","type":"image\/png"}],"twitter_card":"summary_large_image","twitter_misc":{"Tahmini okuma s\u00fcresi":"2 dakika"},"schema":{"@context":"https:\/\/schema.org","@graph":[{"@type":"WebPage","@id":"https:\/\/herbetwa.net\/tr\/product\/rezene-tohumu\/","url":"https:\/\/herbetwa.net\/tr\/product\/rezene-tohumu\/","name":"Toptan Rezene Tohumu tedarik\u00e7isi |Herb Etwa| Hemen fiyat teklifi","isPartOf":{"@id":"https:\/\/herbetwa.net\/en\/#website"},"primaryImageOfPage":{"@id":"https:\/\/herbetwa.net\/tr\/product\/rezene-tohumu\/#primaryimage"},"image":{"@id":"https:\/\/herbetwa.net\/tr\/product\/rezene-tohumu\/#primaryimage"},"thumbnailUrl":"https:\/\/herbetwa.net\/wp-content\/uploads\/2022\/04\/28-rezene-tohumu-misir-herb-etwa5.png","datePublished":"2022-04-03T17:46:27+00:00","dateModified":"2022-05-17T14:31:30+00:00","description":"Rezene tohumu g\u00fcvenilir tedarik\u00e7isi. Bitkisel \u00fcr\u00fcn toptanc\u0131lar\u0131 ve distrib\u00fct\u00f6rleri i\u00e7in toplu sat\u0131\u015flar yap\u0131l\u0131r. \u00dcCRETS\u0130Z NUMUNE TALEB\u0130","breadcrumb":{"@id":"https:\/\/herbetwa.net\/tr\/product\/rezene-tohumu\/#breadcrumb"},"inLanguage":"tr","potentialAction":[{"@type":"ReadAction","target":["https:\/\/herbetwa.net\/tr\/product\/rezene-tohumu\/"]}]},{"@type":"ImageObject","inLanguage":"tr","@id":"https:\/\/herbetwa.net\/tr\/product\/rezene-tohumu\/#primaryimage","url":"https:\/\/herbetwa.net\/wp-content\/uploads\/2022\/04\/28-rezene-tohumu-misir-herb-etwa5.png","contentUrl":"https:\/\/herbetwa.net\/wp-content\/uploads\/2022\/04\/28-rezene-tohumu-misir-herb-etwa5.png","width":724,"height":549,"caption":"\u0130thal rezene tohumu Toptan Sat\u0131\u015f yap\u0131l\u0131r"},{"@type":"BreadcrumbList","@id":"https:\/\/herbetwa.net\/tr\/product\/rezene-tohumu\/#breadcrumb","itemListElement":[{"@type":"ListItem","position":1,"name":"Home","item":"https:\/\/www.herbetwa.net\/tr\/"},{"@type":"ListItem","position":2,"name":"Rezene Tohumu"}]},{"@type":"WebSite","@id":"https:\/\/herbetwa.net\/en\/#website","url":"https:\/\/herbetwa.net\/en\/","name":"Herb Etwa","description":"Herbs and Spices From Middle East","potentialAction":[{"@type":"SearchAction","target":{"@type":"EntryPoint","urlTemplate":"https:\/\/herbetwa.net\/en\/?s={search_term_string}"},"query-input":{"@type":"PropertyValueSpecification","valueRequired":true,"valueName":"search_term_string"}}],"inLanguage":"tr"}]}},"_links":{"self":[{"href":"https:\/\/herbetwa.net\/tr\/wp-json\/wp\/v2\/product\/1067","targetHints":{"allow":["GET"]}}],"collection":[{"href":"https:\/\/herbetwa.net\/tr\/wp-json\/wp\/v2\/product"}],"about":[{"href":"https:\/\/herbetwa.net\/tr\/wp-json\/wp\/v2\/types\/product"}],"wp:featuredmedia":[{"embeddable":true,"href":"https:\/\/herbetwa.net\/tr\/wp-json\/wp\/v2\/media\/868"}],"wp:attachment":[{"href":"https:\/\/herbetwa.net\/tr\/wp-json\/wp\/v2\/media?parent=1067"}],"wp:term":[{"taxonomy":"product-category","embeddable":true,"href":"https:\/\/herbetwa.net\/tr\/wp-json\/wp\/v2\/product-category?post=1067"}],"curies":[{"name":"wp","href":"https:\/\/api.w.org\/{rel}","templated":true}]}}