{"id":1062,"date":"2022-04-03T20:44:35","date_gmt":"2022-04-03T17:44:35","guid":{"rendered":"https:\/\/herbetwa-com-842510.hostingersite.com\/product\/coriander-seeds\/"},"modified":"2022-05-17T15:06:13","modified_gmt":"2022-05-17T12:06:13","slug":"kisnis-tohumu","status":"publish","type":"product","link":"https:\/\/herbetwa.net\/tr\/product\/kisnis-tohumu\/","title":{"rendered":"Ki\u015fni\u015f Tohumu"},"content":{"rendered":"\n<p>Ki\u015fni\u015f tohumlar\u0131 bir\u00e7ok yemekte baharat olarak kullan\u0131l\u0131r. Kanseri \u00f6nlemeye, kolesterol seviyelerini d\u00fc\u015f\u00fcrmeye ve ba\u011f\u0131\u015f\u0131kl\u0131k sistemini g\u00fc\u00e7lendirmeye yard\u0131mc\u0131 olduklar\u0131 bilinmektedir.<\/p>\n\n\n\n<p>Ki\u015fni\u015f tohumlar\u0131, kalp hastal\u0131\u011f\u0131, diyabet ve di\u011fer hastal\u0131klara kar\u015f\u0131 koruma sa\u011flayabilen y\u00fcksek miktarda antioksidan i\u00e7erir. \u0130la\u00e7 olarak uzun bir kullan\u0131m ge\u00e7mi\u015fine sahiptir. Ki\u015fni\u015f tohumu \u00f6ks\u00fcr\u00fck, so\u011fuk alg\u0131nl\u0131\u011f\u0131 ve grip tedavisinde kullan\u0131l\u0131r.<\/p>\n\n\n\n<p>Ki\u015fni\u015f tohumlar\u0131 bir zamanlar M\u0131s\u0131r&#8217;da para birimi olarak kullan\u0131l\u0131yordu.<\/p>\n\n\n\n<p><strong>Ad\u0131: <\/strong>Ki\u015fni\u015f Tohumlar\u0131<\/p>\n\n\n\n<p><strong>Botanik<\/strong> <strong>Ad\u0131: <\/strong>Coriandrum Sativum<\/p>\n\n\n\n<p><strong>Form: <\/strong>B\u00fct\u00fcn Tohumlar<\/p>\n\n\n\n<p><strong>Kalite: <\/strong>%90\/95\/99,5 Ar\u0131nd\u0131r\u0131lm\u0131\u015f temizlenmi\u015f<\/p>\n\n\n\n<p><strong>Paket: <\/strong>25kg net a\u011f\u0131rl\u0131k, 50kg net a\u011f\u0131rl\u0131k PP veya ka\u011f\u0131t torbalar<\/p>\n\n\n\n<p><strong>Kalite:<\/strong><\/p>\n\n\n\n<p>A S\u0131n\u0131f\u0131: %99<\/p>\n\n\n\n<p>B S\u0131n\u0131f\u0131: %95<\/p>\n\n\n\n<p><strong>Bulunabilirlik: <\/strong>Mahsul May\u0131s ay\u0131nda ba\u015flar ve t\u00fcm y\u0131l stokta mevcuttur.<\/p>\n\n\n\n<p><strong>Bu \u00fcr\u00fcn farkl\u0131 bi\u00e7imlerde de mevcuttur:<\/strong><\/p>\n\n\n\n<p>\u00b7 2-4 mm ezilmi\u015f yaprakl\u0131 ki\u015fni\u015f<\/p>\n\n\n\n<p>\u00b7 Toz<\/p>\n\n\n\n<p>\u00b7 \u0130nce kesilmi\u015f<\/p>\n\n\n\n<p><strong>Men\u015fei:&nbsp;<\/strong>M\u0131s\u0131r<\/p>\n\n\n\n<figure class=\"wp-block-gallery has-nested-images columns-4 is-cropped wp-block-gallery-1 is-layout-flex wp-block-gallery-is-layout-flex\">\n<figure class=\"wp-block-image size-large\"><img loading=\"lazy\" decoding=\"async\" width=\"1024\" height=\"1024\" data-id=\"847\" src=\"https:\/\/herbetwa-com-842510.hostingersite.com\/wp-content\/uploads\/2022\/04\/27-kisnis-tohumu-misir-herb-etwa.jpg\" alt=\"\u0130thal ki\u015fni\u015f tohumu Toptan Sat\u0131\u015f yap\u0131l\u0131r\" class=\"wp-image-847\" srcset=\"https:\/\/herbetwa.net\/wp-content\/uploads\/2022\/04\/27-kisnis-tohumu-misir-herb-etwa.jpg 1024w, https:\/\/herbetwa.net\/wp-content\/uploads\/2022\/04\/27-kisnis-tohumu-misir-herb-etwa-300x300.jpg 300w, https:\/\/herbetwa.net\/wp-content\/uploads\/2022\/04\/27-kisnis-tohumu-misir-herb-etwa-150x150.jpg 150w, https:\/\/herbetwa.net\/wp-content\/uploads\/2022\/04\/27-kisnis-tohumu-misir-herb-etwa-768x768.jpg 768w\" sizes=\"auto, (max-width: 1024px) 100vw, 1024px\" \/><\/figure>\n\n\n\n<figure class=\"wp-block-image size-large\"><img loading=\"lazy\" decoding=\"async\" width=\"900\" height=\"1057\" data-id=\"850\" src=\"https:\/\/herbetwa-com-842510.hostingersite.com\/wp-content\/uploads\/2022\/04\/27-toz-kisnis-misir-herb-etwa.jpg\" alt=\"m\u0131s\u0131rdan \u0130thal ki\u015fni\u015f tozu tohumu Toptan Sat\u0131\u015f yap\u0131l\u0131r\" class=\"wp-image-850\" srcset=\"https:\/\/herbetwa.net\/wp-content\/uploads\/2022\/04\/27-toz-kisnis-misir-herb-etwa.jpg 900w, https:\/\/herbetwa.net\/wp-content\/uploads\/2022\/04\/27-toz-kisnis-misir-herb-etwa-255x300.jpg 255w, https:\/\/herbetwa.net\/wp-content\/uploads\/2022\/04\/27-toz-kisnis-misir-herb-etwa-872x1024.jpg 872w, https:\/\/herbetwa.net\/wp-content\/uploads\/2022\/04\/27-toz-kisnis-misir-herb-etwa-768x902.jpg 768w\" sizes=\"auto, (max-width: 900px) 100vw, 900px\" \/><\/figure>\n\n\n\n<figure class=\"wp-block-image size-large is-style-default\"><img loading=\"lazy\" decoding=\"async\" width=\"1024\" height=\"902\" data-id=\"844\" src=\"https:\/\/herbetwa-com-842510.hostingersite.com\/wp-content\/uploads\/2022\/04\/27-kisnis-misir-herb-etwa.png\" alt=\"Taze \u0130thal ki\u015fni\u015f Toptan Sat\u0131\u015f yap\u0131l\u0131r\" class=\"wp-image-844\" srcset=\"https:\/\/herbetwa.net\/wp-content\/uploads\/2022\/04\/27-kisnis-misir-herb-etwa.png 1024w, https:\/\/herbetwa.net\/wp-content\/uploads\/2022\/04\/27-kisnis-misir-herb-etwa-300x264.png 300w, https:\/\/herbetwa.net\/wp-content\/uploads\/2022\/04\/27-kisnis-misir-herb-etwa-768x677.png 768w\" sizes=\"auto, (max-width: 1024px) 100vw, 1024px\" \/><\/figure>\n<\/figure>\n","protected":false},"featured_media":847,"template":"","product-category":[27],"class_list":["post-1062","product","type-product","status-publish","has-post-thumbnail","hentry","product-category-tohum"],"yoast_head":"<!-- This site is optimized with the Yoast SEO Premium plugin v16.6 (Yoast SEO v27.4) - https:\/\/yoast.com\/product\/yoast-seo-premium-wordpress\/ -->\n<title>Toptan ki\u015fni\u015f tohumu tedarik\u00e7isi |Herb Etwa| Hemen fiyat teklifi<\/title>\n<meta name=\"description\" content=\"Ki\u015fni\u015f tohumunun g\u00fcvenilir tedarik\u00e7isi. Bitkisel \u00fcr\u00fcn toptanc\u0131lar\u0131 ve distrib\u00fct\u00f6rleri i\u00e7in toplu sat\u0131\u015flar yap\u0131l\u0131r. \u00dcCRETS\u0130Z NUMUNE TALEB\u0130\" \/>\n<meta name=\"robots\" content=\"index, follow, max-snippet:-1, max-image-preview:large, max-video-preview:-1\" \/>\n<link rel=\"canonical\" href=\"https:\/\/herbetwa.net\/tr\/product\/kisnis-tohumu\/\" \/>\n<meta property=\"og:locale\" content=\"tr_TR\" \/>\n<meta property=\"og:type\" content=\"article\" \/>\n<meta property=\"og:title\" content=\"Ki\u015fni\u015f Tohumu\" \/>\n<meta property=\"og:description\" content=\"Ki\u015fni\u015f tohumunun g\u00fcvenilir tedarik\u00e7isi. Bitkisel \u00fcr\u00fcn toptanc\u0131lar\u0131 ve distrib\u00fct\u00f6rleri i\u00e7in toplu sat\u0131\u015flar yap\u0131l\u0131r. \u00dcCRETS\u0130Z NUMUNE TALEB\u0130\" \/>\n<meta property=\"og:url\" content=\"https:\/\/herbetwa.net\/tr\/product\/kisnis-tohumu\/\" \/>\n<meta property=\"og:site_name\" content=\"Herb Etwa\" \/>\n<meta property=\"article:modified_time\" content=\"2022-05-17T12:06:13+00:00\" \/>\n<meta property=\"og:image\" content=\"https:\/\/herbetwa.net\/wp-content\/uploads\/2022\/04\/27-kisnis-tohumu-misir-herb-etwa.jpg\" \/>\n\t<meta property=\"og:image:width\" content=\"1024\" \/>\n\t<meta property=\"og:image:height\" content=\"1024\" \/>\n\t<meta property=\"og:image:type\" content=\"image\/jpeg\" \/>\n<meta name=\"twitter:card\" content=\"summary_large_image\" \/>\n<meta name=\"twitter:label1\" content=\"Tahmini okuma s\u00fcresi\" \/>\n\t<meta name=\"twitter:data1\" content=\"2 dakika\" \/>\n<script type=\"application\/ld+json\" class=\"yoast-schema-graph\">{\"@context\":\"https:\\\/\\\/schema.org\",\"@graph\":[{\"@type\":\"WebPage\",\"@id\":\"https:\\\/\\\/herbetwa.net\\\/tr\\\/product\\\/kisnis-tohumu\\\/\",\"url\":\"https:\\\/\\\/herbetwa.net\\\/tr\\\/product\\\/kisnis-tohumu\\\/\",\"name\":\"Toptan ki\u015fni\u015f tohumu tedarik\u00e7isi |Herb Etwa| Hemen fiyat teklifi\",\"isPartOf\":{\"@id\":\"https:\\\/\\\/herbetwa.net\\\/en\\\/#website\"},\"primaryImageOfPage\":{\"@id\":\"https:\\\/\\\/herbetwa.net\\\/tr\\\/product\\\/kisnis-tohumu\\\/#primaryimage\"},\"image\":{\"@id\":\"https:\\\/\\\/herbetwa.net\\\/tr\\\/product\\\/kisnis-tohumu\\\/#primaryimage\"},\"thumbnailUrl\":\"https:\\\/\\\/herbetwa.net\\\/wp-content\\\/uploads\\\/2022\\\/04\\\/27-kisnis-tohumu-misir-herb-etwa.jpg\",\"datePublished\":\"2022-04-03T17:44:35+00:00\",\"dateModified\":\"2022-05-17T12:06:13+00:00\",\"description\":\"Ki\u015fni\u015f tohumunun g\u00fcvenilir tedarik\u00e7isi. Bitkisel \u00fcr\u00fcn toptanc\u0131lar\u0131 ve distrib\u00fct\u00f6rleri i\u00e7in toplu sat\u0131\u015flar yap\u0131l\u0131r. \u00dcCRETS\u0130Z NUMUNE TALEB\u0130\",\"breadcrumb\":{\"@id\":\"https:\\\/\\\/herbetwa.net\\\/tr\\\/product\\\/kisnis-tohumu\\\/#breadcrumb\"},\"inLanguage\":\"tr\",\"potentialAction\":[{\"@type\":\"ReadAction\",\"target\":[\"https:\\\/\\\/herbetwa.net\\\/tr\\\/product\\\/kisnis-tohumu\\\/\"]}]},{\"@type\":\"ImageObject\",\"inLanguage\":\"tr\",\"@id\":\"https:\\\/\\\/herbetwa.net\\\/tr\\\/product\\\/kisnis-tohumu\\\/#primaryimage\",\"url\":\"https:\\\/\\\/herbetwa.net\\\/wp-content\\\/uploads\\\/2022\\\/04\\\/27-kisnis-tohumu-misir-herb-etwa.jpg\",\"contentUrl\":\"https:\\\/\\\/herbetwa.net\\\/wp-content\\\/uploads\\\/2022\\\/04\\\/27-kisnis-tohumu-misir-herb-etwa.jpg\",\"width\":1024,\"height\":1024,\"caption\":\"\u0130thal ki\u015fni\u015f tohumu Toptan Sat\u0131\u015f yap\u0131l\u0131r\"},{\"@type\":\"BreadcrumbList\",\"@id\":\"https:\\\/\\\/herbetwa.net\\\/tr\\\/product\\\/kisnis-tohumu\\\/#breadcrumb\",\"itemListElement\":[{\"@type\":\"ListItem\",\"position\":1,\"name\":\"Home\",\"item\":\"https:\\\/\\\/www.herbetwa.net\\\/tr\\\/\"},{\"@type\":\"ListItem\",\"position\":2,\"name\":\"Ki\u015fni\u015f Tohumu\"}]},{\"@type\":\"WebSite\",\"@id\":\"https:\\\/\\\/herbetwa.net\\\/en\\\/#website\",\"url\":\"https:\\\/\\\/herbetwa.net\\\/en\\\/\",\"name\":\"Herb Etwa\",\"description\":\"Herbs and Spices From Middle East\",\"potentialAction\":[{\"@type\":\"SearchAction\",\"target\":{\"@type\":\"EntryPoint\",\"urlTemplate\":\"https:\\\/\\\/herbetwa.net\\\/en\\\/?s={search_term_string}\"},\"query-input\":{\"@type\":\"PropertyValueSpecification\",\"valueRequired\":true,\"valueName\":\"search_term_string\"}}],\"inLanguage\":\"tr\"}]}<\/script>\n<!-- \/ Yoast SEO Premium plugin. -->","yoast_head_json":{"title":"Toptan ki\u015fni\u015f tohumu tedarik\u00e7isi |Herb Etwa| Hemen fiyat teklifi","description":"Ki\u015fni\u015f tohumunun g\u00fcvenilir tedarik\u00e7isi. Bitkisel \u00fcr\u00fcn toptanc\u0131lar\u0131 ve distrib\u00fct\u00f6rleri i\u00e7in toplu sat\u0131\u015flar yap\u0131l\u0131r. \u00dcCRETS\u0130Z NUMUNE TALEB\u0130","robots":{"index":"index","follow":"follow","max-snippet":"max-snippet:-1","max-image-preview":"max-image-preview:large","max-video-preview":"max-video-preview:-1"},"canonical":"https:\/\/herbetwa.net\/tr\/product\/kisnis-tohumu\/","og_locale":"tr_TR","og_type":"article","og_title":"Ki\u015fni\u015f Tohumu","og_description":"Ki\u015fni\u015f tohumunun g\u00fcvenilir tedarik\u00e7isi. Bitkisel \u00fcr\u00fcn toptanc\u0131lar\u0131 ve distrib\u00fct\u00f6rleri i\u00e7in toplu sat\u0131\u015flar yap\u0131l\u0131r. \u00dcCRETS\u0130Z NUMUNE TALEB\u0130","og_url":"https:\/\/herbetwa.net\/tr\/product\/kisnis-tohumu\/","og_site_name":"Herb Etwa","article_modified_time":"2022-05-17T12:06:13+00:00","og_image":[{"width":1024,"height":1024,"url":"https:\/\/herbetwa.net\/wp-content\/uploads\/2022\/04\/27-kisnis-tohumu-misir-herb-etwa.jpg","type":"image\/jpeg"}],"twitter_card":"summary_large_image","twitter_misc":{"Tahmini okuma s\u00fcresi":"2 dakika"},"schema":{"@context":"https:\/\/schema.org","@graph":[{"@type":"WebPage","@id":"https:\/\/herbetwa.net\/tr\/product\/kisnis-tohumu\/","url":"https:\/\/herbetwa.net\/tr\/product\/kisnis-tohumu\/","name":"Toptan ki\u015fni\u015f tohumu tedarik\u00e7isi |Herb Etwa| Hemen fiyat teklifi","isPartOf":{"@id":"https:\/\/herbetwa.net\/en\/#website"},"primaryImageOfPage":{"@id":"https:\/\/herbetwa.net\/tr\/product\/kisnis-tohumu\/#primaryimage"},"image":{"@id":"https:\/\/herbetwa.net\/tr\/product\/kisnis-tohumu\/#primaryimage"},"thumbnailUrl":"https:\/\/herbetwa.net\/wp-content\/uploads\/2022\/04\/27-kisnis-tohumu-misir-herb-etwa.jpg","datePublished":"2022-04-03T17:44:35+00:00","dateModified":"2022-05-17T12:06:13+00:00","description":"Ki\u015fni\u015f tohumunun g\u00fcvenilir tedarik\u00e7isi. Bitkisel \u00fcr\u00fcn toptanc\u0131lar\u0131 ve distrib\u00fct\u00f6rleri i\u00e7in toplu sat\u0131\u015flar yap\u0131l\u0131r. \u00dcCRETS\u0130Z NUMUNE TALEB\u0130","breadcrumb":{"@id":"https:\/\/herbetwa.net\/tr\/product\/kisnis-tohumu\/#breadcrumb"},"inLanguage":"tr","potentialAction":[{"@type":"ReadAction","target":["https:\/\/herbetwa.net\/tr\/product\/kisnis-tohumu\/"]}]},{"@type":"ImageObject","inLanguage":"tr","@id":"https:\/\/herbetwa.net\/tr\/product\/kisnis-tohumu\/#primaryimage","url":"https:\/\/herbetwa.net\/wp-content\/uploads\/2022\/04\/27-kisnis-tohumu-misir-herb-etwa.jpg","contentUrl":"https:\/\/herbetwa.net\/wp-content\/uploads\/2022\/04\/27-kisnis-tohumu-misir-herb-etwa.jpg","width":1024,"height":1024,"caption":"\u0130thal ki\u015fni\u015f tohumu Toptan Sat\u0131\u015f yap\u0131l\u0131r"},{"@type":"BreadcrumbList","@id":"https:\/\/herbetwa.net\/tr\/product\/kisnis-tohumu\/#breadcrumb","itemListElement":[{"@type":"ListItem","position":1,"name":"Home","item":"https:\/\/www.herbetwa.net\/tr\/"},{"@type":"ListItem","position":2,"name":"Ki\u015fni\u015f Tohumu"}]},{"@type":"WebSite","@id":"https:\/\/herbetwa.net\/en\/#website","url":"https:\/\/herbetwa.net\/en\/","name":"Herb Etwa","description":"Herbs and Spices From Middle East","potentialAction":[{"@type":"SearchAction","target":{"@type":"EntryPoint","urlTemplate":"https:\/\/herbetwa.net\/en\/?s={search_term_string}"},"query-input":{"@type":"PropertyValueSpecification","valueRequired":true,"valueName":"search_term_string"}}],"inLanguage":"tr"}]}},"_links":{"self":[{"href":"https:\/\/herbetwa.net\/tr\/wp-json\/wp\/v2\/product\/1062","targetHints":{"allow":["GET"]}}],"collection":[{"href":"https:\/\/herbetwa.net\/tr\/wp-json\/wp\/v2\/product"}],"about":[{"href":"https:\/\/herbetwa.net\/tr\/wp-json\/wp\/v2\/types\/product"}],"wp:featuredmedia":[{"embeddable":true,"href":"https:\/\/herbetwa.net\/tr\/wp-json\/wp\/v2\/media\/847"}],"wp:attachment":[{"href":"https:\/\/herbetwa.net\/tr\/wp-json\/wp\/v2\/media?parent=1062"}],"wp:term":[{"taxonomy":"product-category","embeddable":true,"href":"https:\/\/herbetwa.net\/tr\/wp-json\/wp\/v2\/product-category?post=1062"}],"curies":[{"name":"wp","href":"https:\/\/api.w.org\/{rel}","templated":true}]}}