{"id":1057,"date":"2022-04-03T20:43:02","date_gmt":"2022-04-03T17:43:02","guid":{"rendered":"https:\/\/herbetwa-com-842510.hostingersite.com\/product\/caraway-seeds\/"},"modified":"2022-05-17T17:31:34","modified_gmt":"2022-05-17T14:31:34","slug":"frenk-kimyonu-tohumu","status":"publish","type":"product","link":"https:\/\/herbetwa.net\/tr\/product\/frenk-kimyonu-tohumu\/","title":{"rendered":"Frenk kimyonu tohumu"},"content":{"rendered":"\n<p>Kimyon maydanozgiller familyas\u0131ndan olup may\u0131s ay\u0131 sonuna do\u011fru beyaz ve pembe \u00e7i\u00e7ek a\u00e7an y\u0131ll\u0131k bir bitkidir.Anavatan olarak Do\u011fu Akdeniz ve Orta Do\u011fudur.Ad\u0131, &#8220;\u00e7i\u011fnemek&#8221; anlam\u0131na gelen Latince &#8220;caro&#8221; kelimesinden gelir. Bu bitki genellikle yemek pi\u015firme ve f\u0131r\u0131nlamada kullan\u0131l\u0131r. \u0130\u015ftah\u0131 ve sindirimi uyard\u0131\u011f\u0131 bilinmektedir.&nbsp;<\/p>\n\n\n\n<p>Kimyon tohumlar\u0131 d\u00fcnya \u00e7ap\u0131nda bir\u00e7ok yemekte kullan\u0131lmaktad\u0131r. Antik \u00e7a\u011flardan beri baharat olarak kullan\u0131lm\u0131\u015ft\u0131r. Bug\u00fcn hala Ortado\u011fu mutfa\u011f\u0131nda, \u00f6zellikle T\u00fcrkiye&#8217;de Tahin olarak adland\u0131r\u0131l\u0131yorlar.&nbsp;<\/p>\n\n\n\n<p>Kimyon, di\u011fer baharatlar\u0131 yenebilecek g\u00fc\u00e7l\u00fc bir tada sahiptir. Bu, k\u00fc\u00e7\u00fck miktarlarda faydal\u0131 olmas\u0131n\u0131 sa\u011flar.Baharat ve \u00e7ay olarak t\u00fcketilir. Ya\u011f\u0131 aroma terapide kullan\u0131l\u0131r.Anne s\u00fct\u00fcn\u00fc art\u0131r\u0131r, gaz ve balgam s\u00f6kt\u00fcr\u00fcc\u00fcd\u00fcr.Bakterileri yok eden bitki, mideyi kuvvetlendirir ve ba\u011f\u0131rsaklar\u0131 teskin eder. Kimyonun baharat haline gelmesi s\u00fcrecinde olgunla\u015fan tohumlar toplan\u0131r kurutularak \u00f6\u011f\u00fct\u00fcl\u00fcr.Kimyon tad\u0131 ac\u0131 keskin ve kokuludur.Kimyon bir\u00e7ok yemeklerde s\u0131kl\u0131kla kullan\u0131l\u0131r.<\/p>\n\n\n\n<p>Kimyon y\u00fcksek d\u00fczeyde kalsiyum, magnezyum, demir, bak\u0131r, manganez, \u00e7inko, B6 vitamini ve folik asit i\u00e7erir.<\/p>\n\n\n\n<p>Kimyon tohumlar\u0131 yakla\u015f\u0131k %20 ya\u011f i\u00e7erir. Kimyon tohumlar\u0131nda iki \u00e7e\u015fit ya\u011f bulunur; birinci tip A ve E vitaminlerinden zengin a\u00e7\u0131k sar\u0131 bir ya\u011fd\u0131r. \u0130kinci tip ise omega-3 ya\u011f asitlerinden zengin koyu kahverengi bir ya\u011fd\u0131r.<\/p>\n\n\n\n<p>Kimyon tohumlar\u0131 b\u00fct\u00fcn halde sat\u0131l\u0131r veya toz haline getirilir. B\u00fct\u00fcn tohumlar, \u0131s\u0131 ve nemden uzakta hava ge\u00e7irmez kaplarda saklanmal\u0131d\u0131r. \u00d6\u011f\u00fct\u00fclm\u00fc\u015f tohumlar kapal\u0131 cam kavanozlarda serin ve kuru bir yerde saklanabilir.<\/p>\n\n\n\n<p><strong>Ad\u0131: <\/strong>Kimyon Tohumlar\u0131<\/p>\n\n\n\n<p><strong>Botanik<\/strong> <strong>Ad\u0131: <\/strong>Carum Carvi, Yabani Kimyon ve Carvies<\/p>\n\n\n\n<p><strong>Form: <\/strong>B\u00fct\u00fcn Tohumlar<\/p>\n\n\n\n<p><strong>Kalite:<\/strong><\/p>\n\n\n\n<p>A S\u0131n\u0131f\u0131: %99<\/p>\n\n\n\n<p>B S\u0131n\u0131f\u0131: %95<\/p>\n\n\n\n<p><strong>Paket: <\/strong>25 kg net a\u011f\u0131rl\u0131k PP torbalar<\/p>\n\n\n\n<p><strong>Bulunabilirlik: <\/strong>Mahsul May\u0131s ay\u0131nda ba\u015flar ve t\u00fcm y\u0131l stokta mevcuttur.<\/p>\n\n\n\n<p><strong>Bu \u00fcr\u00fcn farkl\u0131 bi\u00e7imlerde de mevcuttur:<\/strong><\/p>\n\n\n\n<p>\u00b7 Toz<\/p>\n\n\n\n<p>\u00b7&nbsp; \u0130nce kesim<\/p>\n\n\n\n<p><strong>Men\u015fei: <\/strong>M\u0131s\u0131r<\/p>\n\n\n\n<figure class=\"wp-block-gallery has-nested-images columns-default is-cropped wp-block-gallery-1 is-layout-flex wp-block-gallery-is-layout-flex\">\n<figure class=\"wp-block-image size-large\"><img loading=\"lazy\" decoding=\"async\" width=\"1024\" height=\"1024\" data-id=\"838\" src=\"https:\/\/herbetwa-com-842510.hostingersite.com\/wp-content\/uploads\/2022\/04\/26-frenk-kimyonu-tohumu-misir-herb-etwa.jpg\" alt=\"\u0130thal frenk kimyonu Toptan Sat\u0131\u015f yap\u0131l\u0131r\" class=\"wp-image-838\" srcset=\"https:\/\/herbetwa.net\/wp-content\/uploads\/2022\/04\/26-frenk-kimyonu-tohumu-misir-herb-etwa.jpg 1024w, https:\/\/herbetwa.net\/wp-content\/uploads\/2022\/04\/26-frenk-kimyonu-tohumu-misir-herb-etwa-300x300.jpg 300w, https:\/\/herbetwa.net\/wp-content\/uploads\/2022\/04\/26-frenk-kimyonu-tohumu-misir-herb-etwa-150x150.jpg 150w, https:\/\/herbetwa.net\/wp-content\/uploads\/2022\/04\/26-frenk-kimyonu-tohumu-misir-herb-etwa-768x768.jpg 768w\" sizes=\"auto, (max-width: 1024px) 100vw, 1024px\" \/><\/figure>\n\n\n\n<figure class=\"wp-block-image size-large\"><img loading=\"lazy\" decoding=\"async\" width=\"420\" height=\"420\" data-id=\"841\" src=\"https:\/\/herbetwa-com-842510.hostingersite.com\/wp-content\/uploads\/2022\/04\/26-toz-frenk-kimyonu-misir-herb-etwa.jpg\" alt=\"Toz \u0130thal frenk kimyonu Toptan Sat\u0131\u015f yap\u0131l\u0131r.\" class=\"wp-image-841\" srcset=\"https:\/\/herbetwa.net\/wp-content\/uploads\/2022\/04\/26-toz-frenk-kimyonu-misir-herb-etwa.jpg 420w, https:\/\/herbetwa.net\/wp-content\/uploads\/2022\/04\/26-toz-frenk-kimyonu-misir-herb-etwa-300x300.jpg 300w, https:\/\/herbetwa.net\/wp-content\/uploads\/2022\/04\/26-toz-frenk-kimyonu-misir-herb-etwa-150x150.jpg 150w\" sizes=\"auto, (max-width: 420px) 100vw, 420px\" \/><\/figure>\n<\/figure>\n","protected":false},"featured_media":838,"template":"","product-category":[27],"class_list":["post-1057","product","type-product","status-publish","has-post-thumbnail","hentry","product-category-tohum"],"yoast_head":"<!-- This site is optimized with the Yoast SEO Premium plugin v16.6 (Yoast SEO v27.4) - https:\/\/yoast.com\/product\/yoast-seo-premium-wordpress\/ -->\n<title>Toptan Frenk Kimyonu Tohumu | Herb Etwa | Hemen Fiyat Teklifi<\/title>\n<meta name=\"description\" content=\"Frenk kimyonu tohumunun g\u00fcvenilir tedarik\u00e7isi. Bitkisel \u00fcr\u00fcn toptanc\u0131lar\u0131 ve distrib\u00fct\u00f6rleri i\u00e7in toplu sat\u0131\u015flar yap\u0131l\u0131r. \u00dcCRETS\u0130Z NUMUNE TALEB\u0130\" \/>\n<meta name=\"robots\" content=\"index, follow, max-snippet:-1, max-image-preview:large, max-video-preview:-1\" \/>\n<link rel=\"canonical\" href=\"https:\/\/herbetwa.net\/tr\/product\/frenk-kimyonu-tohumu\/\" \/>\n<meta property=\"og:locale\" content=\"tr_TR\" \/>\n<meta property=\"og:type\" content=\"article\" \/>\n<meta property=\"og:title\" content=\"Frenk kimyonu tohumu\" \/>\n<meta property=\"og:description\" content=\"Frenk kimyonu tohumunun g\u00fcvenilir tedarik\u00e7isi. Bitkisel \u00fcr\u00fcn toptanc\u0131lar\u0131 ve distrib\u00fct\u00f6rleri i\u00e7in toplu sat\u0131\u015flar yap\u0131l\u0131r. \u00dcCRETS\u0130Z NUMUNE TALEB\u0130\" \/>\n<meta property=\"og:url\" content=\"https:\/\/herbetwa.net\/tr\/product\/frenk-kimyonu-tohumu\/\" \/>\n<meta property=\"og:site_name\" content=\"Herb Etwa\" \/>\n<meta property=\"article:modified_time\" content=\"2022-05-17T14:31:34+00:00\" \/>\n<meta property=\"og:image\" content=\"https:\/\/herbetwa.net\/wp-content\/uploads\/2022\/04\/26-frenk-kimyonu-tohumu-misir-herb-etwa.jpg\" \/>\n\t<meta property=\"og:image:width\" content=\"1024\" \/>\n\t<meta property=\"og:image:height\" content=\"1024\" \/>\n\t<meta property=\"og:image:type\" content=\"image\/jpeg\" \/>\n<meta name=\"twitter:card\" content=\"summary_large_image\" \/>\n<meta name=\"twitter:label1\" content=\"Tahmini okuma s\u00fcresi\" \/>\n\t<meta name=\"twitter:data1\" content=\"2 dakika\" \/>\n<script type=\"application\/ld+json\" class=\"yoast-schema-graph\">{\"@context\":\"https:\\\/\\\/schema.org\",\"@graph\":[{\"@type\":\"WebPage\",\"@id\":\"https:\\\/\\\/herbetwa.net\\\/tr\\\/product\\\/frenk-kimyonu-tohumu\\\/\",\"url\":\"https:\\\/\\\/herbetwa.net\\\/tr\\\/product\\\/frenk-kimyonu-tohumu\\\/\",\"name\":\"Toptan Frenk Kimyonu Tohumu | Herb Etwa | Hemen Fiyat Teklifi\",\"isPartOf\":{\"@id\":\"https:\\\/\\\/herbetwa.net\\\/en\\\/#website\"},\"primaryImageOfPage\":{\"@id\":\"https:\\\/\\\/herbetwa.net\\\/tr\\\/product\\\/frenk-kimyonu-tohumu\\\/#primaryimage\"},\"image\":{\"@id\":\"https:\\\/\\\/herbetwa.net\\\/tr\\\/product\\\/frenk-kimyonu-tohumu\\\/#primaryimage\"},\"thumbnailUrl\":\"https:\\\/\\\/herbetwa.net\\\/wp-content\\\/uploads\\\/2022\\\/04\\\/26-frenk-kimyonu-tohumu-misir-herb-etwa.jpg\",\"datePublished\":\"2022-04-03T17:43:02+00:00\",\"dateModified\":\"2022-05-17T14:31:34+00:00\",\"description\":\"Frenk kimyonu tohumunun g\u00fcvenilir tedarik\u00e7isi. Bitkisel \u00fcr\u00fcn toptanc\u0131lar\u0131 ve distrib\u00fct\u00f6rleri i\u00e7in toplu sat\u0131\u015flar yap\u0131l\u0131r. \u00dcCRETS\u0130Z NUMUNE TALEB\u0130\",\"breadcrumb\":{\"@id\":\"https:\\\/\\\/herbetwa.net\\\/tr\\\/product\\\/frenk-kimyonu-tohumu\\\/#breadcrumb\"},\"inLanguage\":\"tr\",\"potentialAction\":[{\"@type\":\"ReadAction\",\"target\":[\"https:\\\/\\\/herbetwa.net\\\/tr\\\/product\\\/frenk-kimyonu-tohumu\\\/\"]}]},{\"@type\":\"ImageObject\",\"inLanguage\":\"tr\",\"@id\":\"https:\\\/\\\/herbetwa.net\\\/tr\\\/product\\\/frenk-kimyonu-tohumu\\\/#primaryimage\",\"url\":\"https:\\\/\\\/herbetwa.net\\\/wp-content\\\/uploads\\\/2022\\\/04\\\/26-frenk-kimyonu-tohumu-misir-herb-etwa.jpg\",\"contentUrl\":\"https:\\\/\\\/herbetwa.net\\\/wp-content\\\/uploads\\\/2022\\\/04\\\/26-frenk-kimyonu-tohumu-misir-herb-etwa.jpg\",\"width\":1024,\"height\":1024,\"caption\":\"\u0130thal frenk kimyonu Toptan Sat\u0131\u015f yap\u0131l\u0131r\"},{\"@type\":\"BreadcrumbList\",\"@id\":\"https:\\\/\\\/herbetwa.net\\\/tr\\\/product\\\/frenk-kimyonu-tohumu\\\/#breadcrumb\",\"itemListElement\":[{\"@type\":\"ListItem\",\"position\":1,\"name\":\"Home\",\"item\":\"https:\\\/\\\/www.herbetwa.net\\\/tr\\\/\"},{\"@type\":\"ListItem\",\"position\":2,\"name\":\"Frenk kimyonu tohumu\"}]},{\"@type\":\"WebSite\",\"@id\":\"https:\\\/\\\/herbetwa.net\\\/en\\\/#website\",\"url\":\"https:\\\/\\\/herbetwa.net\\\/en\\\/\",\"name\":\"Herb Etwa\",\"description\":\"Herbs and Spices From Middle East\",\"potentialAction\":[{\"@type\":\"SearchAction\",\"target\":{\"@type\":\"EntryPoint\",\"urlTemplate\":\"https:\\\/\\\/herbetwa.net\\\/en\\\/?s={search_term_string}\"},\"query-input\":{\"@type\":\"PropertyValueSpecification\",\"valueRequired\":true,\"valueName\":\"search_term_string\"}}],\"inLanguage\":\"tr\"}]}<\/script>\n<!-- \/ Yoast SEO Premium plugin. -->","yoast_head_json":{"title":"Toptan Frenk Kimyonu Tohumu | Herb Etwa | Hemen Fiyat Teklifi","description":"Frenk kimyonu tohumunun g\u00fcvenilir tedarik\u00e7isi. Bitkisel \u00fcr\u00fcn toptanc\u0131lar\u0131 ve distrib\u00fct\u00f6rleri i\u00e7in toplu sat\u0131\u015flar yap\u0131l\u0131r. \u00dcCRETS\u0130Z NUMUNE TALEB\u0130","robots":{"index":"index","follow":"follow","max-snippet":"max-snippet:-1","max-image-preview":"max-image-preview:large","max-video-preview":"max-video-preview:-1"},"canonical":"https:\/\/herbetwa.net\/tr\/product\/frenk-kimyonu-tohumu\/","og_locale":"tr_TR","og_type":"article","og_title":"Frenk kimyonu tohumu","og_description":"Frenk kimyonu tohumunun g\u00fcvenilir tedarik\u00e7isi. Bitkisel \u00fcr\u00fcn toptanc\u0131lar\u0131 ve distrib\u00fct\u00f6rleri i\u00e7in toplu sat\u0131\u015flar yap\u0131l\u0131r. \u00dcCRETS\u0130Z NUMUNE TALEB\u0130","og_url":"https:\/\/herbetwa.net\/tr\/product\/frenk-kimyonu-tohumu\/","og_site_name":"Herb Etwa","article_modified_time":"2022-05-17T14:31:34+00:00","og_image":[{"width":1024,"height":1024,"url":"https:\/\/herbetwa.net\/wp-content\/uploads\/2022\/04\/26-frenk-kimyonu-tohumu-misir-herb-etwa.jpg","type":"image\/jpeg"}],"twitter_card":"summary_large_image","twitter_misc":{"Tahmini okuma s\u00fcresi":"2 dakika"},"schema":{"@context":"https:\/\/schema.org","@graph":[{"@type":"WebPage","@id":"https:\/\/herbetwa.net\/tr\/product\/frenk-kimyonu-tohumu\/","url":"https:\/\/herbetwa.net\/tr\/product\/frenk-kimyonu-tohumu\/","name":"Toptan Frenk Kimyonu Tohumu | Herb Etwa | Hemen Fiyat Teklifi","isPartOf":{"@id":"https:\/\/herbetwa.net\/en\/#website"},"primaryImageOfPage":{"@id":"https:\/\/herbetwa.net\/tr\/product\/frenk-kimyonu-tohumu\/#primaryimage"},"image":{"@id":"https:\/\/herbetwa.net\/tr\/product\/frenk-kimyonu-tohumu\/#primaryimage"},"thumbnailUrl":"https:\/\/herbetwa.net\/wp-content\/uploads\/2022\/04\/26-frenk-kimyonu-tohumu-misir-herb-etwa.jpg","datePublished":"2022-04-03T17:43:02+00:00","dateModified":"2022-05-17T14:31:34+00:00","description":"Frenk kimyonu tohumunun g\u00fcvenilir tedarik\u00e7isi. Bitkisel \u00fcr\u00fcn toptanc\u0131lar\u0131 ve distrib\u00fct\u00f6rleri i\u00e7in toplu sat\u0131\u015flar yap\u0131l\u0131r. \u00dcCRETS\u0130Z NUMUNE TALEB\u0130","breadcrumb":{"@id":"https:\/\/herbetwa.net\/tr\/product\/frenk-kimyonu-tohumu\/#breadcrumb"},"inLanguage":"tr","potentialAction":[{"@type":"ReadAction","target":["https:\/\/herbetwa.net\/tr\/product\/frenk-kimyonu-tohumu\/"]}]},{"@type":"ImageObject","inLanguage":"tr","@id":"https:\/\/herbetwa.net\/tr\/product\/frenk-kimyonu-tohumu\/#primaryimage","url":"https:\/\/herbetwa.net\/wp-content\/uploads\/2022\/04\/26-frenk-kimyonu-tohumu-misir-herb-etwa.jpg","contentUrl":"https:\/\/herbetwa.net\/wp-content\/uploads\/2022\/04\/26-frenk-kimyonu-tohumu-misir-herb-etwa.jpg","width":1024,"height":1024,"caption":"\u0130thal frenk kimyonu Toptan Sat\u0131\u015f yap\u0131l\u0131r"},{"@type":"BreadcrumbList","@id":"https:\/\/herbetwa.net\/tr\/product\/frenk-kimyonu-tohumu\/#breadcrumb","itemListElement":[{"@type":"ListItem","position":1,"name":"Home","item":"https:\/\/www.herbetwa.net\/tr\/"},{"@type":"ListItem","position":2,"name":"Frenk kimyonu tohumu"}]},{"@type":"WebSite","@id":"https:\/\/herbetwa.net\/en\/#website","url":"https:\/\/herbetwa.net\/en\/","name":"Herb Etwa","description":"Herbs and Spices From Middle East","potentialAction":[{"@type":"SearchAction","target":{"@type":"EntryPoint","urlTemplate":"https:\/\/herbetwa.net\/en\/?s={search_term_string}"},"query-input":{"@type":"PropertyValueSpecification","valueRequired":true,"valueName":"search_term_string"}}],"inLanguage":"tr"}]}},"_links":{"self":[{"href":"https:\/\/herbetwa.net\/tr\/wp-json\/wp\/v2\/product\/1057","targetHints":{"allow":["GET"]}}],"collection":[{"href":"https:\/\/herbetwa.net\/tr\/wp-json\/wp\/v2\/product"}],"about":[{"href":"https:\/\/herbetwa.net\/tr\/wp-json\/wp\/v2\/types\/product"}],"wp:featuredmedia":[{"embeddable":true,"href":"https:\/\/herbetwa.net\/tr\/wp-json\/wp\/v2\/media\/838"}],"wp:attachment":[{"href":"https:\/\/herbetwa.net\/tr\/wp-json\/wp\/v2\/media?parent=1057"}],"wp:term":[{"taxonomy":"product-category","embeddable":true,"href":"https:\/\/herbetwa.net\/tr\/wp-json\/wp\/v2\/product-category?post=1057"}],"curies":[{"name":"wp","href":"https:\/\/api.w.org\/{rel}","templated":true}]}}