{"id":1054,"date":"2022-04-03T20:41:58","date_gmt":"2022-04-03T17:41:58","guid":{"rendered":"https:\/\/herbetwa-com-842510.hostingersite.com\/product\/anise-seeds\/"},"modified":"2022-05-20T15:48:05","modified_gmt":"2022-05-20T12:48:05","slug":"anason-tohumu","status":"publish","type":"product","link":"https:\/\/herbetwa.net\/tr\/product\/anason-tohumu\/","title":{"rendered":"Anason Tohumu"},"content":{"rendered":"\n<p>Anason (Pimpinella anisum), bir\u00e7ok mutfakta ve t\u0131bbi alanda kullan\u0131lan aromatik bir \u00e7i\u00e7ekli bitkidir.Anason bitkisi tohumundan elde edilen bir tohumdur. Anason bitkisinden \u00e7imlendirilerek elde edilen bir tohumdur. Anason tohumu \u00e7i\u00e7eklerden elde edilmektedir. Olduk\u00e7a faydas\u0131 olan tohumlardan bir tanesidir.&nbsp;<\/p>\n\n\n\n<p>Anason tohumu i\u015ftah a\u00e7ar, uyku kalitesini artt\u0131r\u0131r, a\u011f\u0131zdaki t\u00fcm zararl\u0131 bakterileri yok ederek g\u00fcn boyu a\u011f\u0131z kokusunu ya\u015faman\u0131z\u0131 \u00f6nler.&nbsp;<\/p>\n\n\n\n<p><strong>Ad\u0131:<\/strong> Anason Tohumu<\/p>\n\n\n\n<p><strong>Botanik<\/strong> <strong>ad\u0131: <\/strong>Pimpinella anisum&nbsp;<\/p>\n\n\n\n<p><strong>Form: <\/strong>B\u00fct\u00fcn Tohumlar<\/p>\n\n\n\n<p><strong>Kalite:<\/strong><\/p>\n\n\n\n<p>A S\u0131n\u0131f\u0131: %97 (b\u00fcy\u00fck boy anason tohumu ile k\u00fc\u00e7\u00fck boy kar\u0131\u015f\u0131k)<\/p>\n\n\n\n<p>B S\u0131n\u0131f\u0131: %99,5 (sadece b\u00fcy\u00fck boy anason tohumlar\u0131) ar\u0131nd\u0131r\u0131lm\u0131\u015f temizlenmi\u015f<\/p>\n\n\n\n<p><strong>Paket: <\/strong>25 kg net a\u011f\u0131rl\u0131k PP torbalar<\/p>\n\n\n\n<p><strong>Bulunabilirlik: <\/strong>Mahsul Nisan ay\u0131nda ba\u015flar ve t\u00fcm y\u0131l stokta mevcuttur.<\/p>\n\n\n\n<p><strong>Bu \u00fcr\u00fcn farkl\u0131 bi\u00e7imlerde de mevcuttur:<\/strong><\/p>\n\n\n\n<p>\u00b7 Toz<\/p>\n\n\n\n<p>\u00b7&nbsp; \u0130nce kesim<\/p>\n\n\n\n<p><strong>Men\u015fei:&nbsp;<\/strong>M\u0131s\u0131r<\/p>\n\n\n\n<figure class=\"wp-block-gallery has-nested-images columns-default is-cropped wp-block-gallery-1 is-layout-flex wp-block-gallery-is-layout-flex\">\n<figure class=\"wp-block-image size-large\"><img loading=\"lazy\" decoding=\"async\" width=\"420\" height=\"420\" data-id=\"832\" src=\"https:\/\/herbetwa-com-842510.hostingersite.com\/wp-content\/uploads\/2022\/04\/25-meyan-koku-tohumu-misir-herb-etwa.jpg\" alt=\"\u0130thal misrli Anason Tohumu Toptan Sat\u0131\u015f yap\u0131l\u0131r\" class=\"wp-image-832\" srcset=\"https:\/\/herbetwa.net\/wp-content\/uploads\/2022\/04\/25-meyan-koku-tohumu-misir-herb-etwa.jpg 420w, https:\/\/herbetwa.net\/wp-content\/uploads\/2022\/04\/25-meyan-koku-tohumu-misir-herb-etwa-300x300.jpg 300w, https:\/\/herbetwa.net\/wp-content\/uploads\/2022\/04\/25-meyan-koku-tohumu-misir-herb-etwa-150x150.jpg 150w\" sizes=\"auto, (max-width: 420px) 100vw, 420px\" \/><\/figure>\n\n\n\n<figure class=\"wp-block-image size-large\"><img loading=\"lazy\" decoding=\"async\" width=\"1024\" height=\"1024\" data-id=\"835\" src=\"https:\/\/herbetwa-com-842510.hostingersite.com\/wp-content\/uploads\/2022\/04\/25-toz-meyan-koku-misir-herb-etwa.jpg\" alt=\"\u0130thal misrli Anason Tohumu Toptan Sat\u0131\u015f yap\u0131l\u0131r\" class=\"wp-image-835\" srcset=\"https:\/\/herbetwa.net\/wp-content\/uploads\/2022\/04\/25-toz-meyan-koku-misir-herb-etwa.jpg 1024w, https:\/\/herbetwa.net\/wp-content\/uploads\/2022\/04\/25-toz-meyan-koku-misir-herb-etwa-300x300.jpg 300w, https:\/\/herbetwa.net\/wp-content\/uploads\/2022\/04\/25-toz-meyan-koku-misir-herb-etwa-150x150.jpg 150w, https:\/\/herbetwa.net\/wp-content\/uploads\/2022\/04\/25-toz-meyan-koku-misir-herb-etwa-768x768.jpg 768w\" sizes=\"auto, (max-width: 1024px) 100vw, 1024px\" \/><\/figure>\n<\/figure>\n","protected":false},"featured_media":832,"template":"","product-category":[27],"class_list":["post-1054","product","type-product","status-publish","has-post-thumbnail","hentry","product-category-tohum"],"yoast_head":"<!-- This site is optimized with the Yoast SEO Premium plugin v16.6 (Yoast SEO v27.4) - https:\/\/yoast.com\/product\/yoast-seo-premium-wordpress\/ -->\n<title>Toptan Anason Tohumu | Herb Etwa | Hemen fiyat teklifi<\/title>\n<meta name=\"description\" content=\"Anason tohumunun g\u00fcvenilir tedarik\u00e7isi. Bitkisel \u00fcr\u00fcn toptanc\u0131lar\u0131 ve distrib\u00fct\u00f6rleri i\u00e7in toplu sat\u0131\u015flar yap\u0131l\u0131r. \u00dcCRETS\u0130Z NUMUNE TALEB\u0130\" \/>\n<meta name=\"robots\" content=\"index, follow, max-snippet:-1, max-image-preview:large, max-video-preview:-1\" \/>\n<link rel=\"canonical\" href=\"https:\/\/herbetwa.net\/tr\/product\/anason-tohumu\/\" \/>\n<meta property=\"og:locale\" content=\"tr_TR\" \/>\n<meta property=\"og:type\" content=\"article\" \/>\n<meta property=\"og:title\" content=\"Anason Tohumu\" \/>\n<meta property=\"og:description\" content=\"Anason tohumunun g\u00fcvenilir tedarik\u00e7isi. Bitkisel \u00fcr\u00fcn toptanc\u0131lar\u0131 ve distrib\u00fct\u00f6rleri i\u00e7in toplu sat\u0131\u015flar yap\u0131l\u0131r. \u00dcCRETS\u0130Z NUMUNE TALEB\u0130\" \/>\n<meta property=\"og:url\" content=\"https:\/\/herbetwa.net\/tr\/product\/anason-tohumu\/\" \/>\n<meta property=\"og:site_name\" content=\"Herb Etwa\" \/>\n<meta property=\"article:modified_time\" content=\"2022-05-20T12:48:05+00:00\" \/>\n<meta property=\"og:image\" content=\"https:\/\/herbetwa.net\/wp-content\/uploads\/2022\/04\/25-meyan-koku-tohumu-misir-herb-etwa.jpg\" \/>\n\t<meta property=\"og:image:width\" content=\"420\" \/>\n\t<meta property=\"og:image:height\" content=\"420\" \/>\n\t<meta property=\"og:image:type\" content=\"image\/jpeg\" \/>\n<meta name=\"twitter:card\" content=\"summary_large_image\" \/>\n<meta name=\"twitter:label1\" content=\"Tahmini okuma s\u00fcresi\" \/>\n\t<meta name=\"twitter:data1\" content=\"1 dakika\" \/>\n<script type=\"application\/ld+json\" class=\"yoast-schema-graph\">{\"@context\":\"https:\\\/\\\/schema.org\",\"@graph\":[{\"@type\":\"WebPage\",\"@id\":\"https:\\\/\\\/herbetwa.net\\\/tr\\\/product\\\/anason-tohumu\\\/\",\"url\":\"https:\\\/\\\/herbetwa.net\\\/tr\\\/product\\\/anason-tohumu\\\/\",\"name\":\"Toptan Anason Tohumu | Herb Etwa | Hemen fiyat teklifi\",\"isPartOf\":{\"@id\":\"https:\\\/\\\/herbetwa.net\\\/en\\\/#website\"},\"primaryImageOfPage\":{\"@id\":\"https:\\\/\\\/herbetwa.net\\\/tr\\\/product\\\/anason-tohumu\\\/#primaryimage\"},\"image\":{\"@id\":\"https:\\\/\\\/herbetwa.net\\\/tr\\\/product\\\/anason-tohumu\\\/#primaryimage\"},\"thumbnailUrl\":\"https:\\\/\\\/herbetwa.net\\\/wp-content\\\/uploads\\\/2022\\\/04\\\/25-meyan-koku-tohumu-misir-herb-etwa.jpg\",\"datePublished\":\"2022-04-03T17:41:58+00:00\",\"dateModified\":\"2022-05-20T12:48:05+00:00\",\"description\":\"Anason tohumunun g\u00fcvenilir tedarik\u00e7isi. Bitkisel \u00fcr\u00fcn toptanc\u0131lar\u0131 ve distrib\u00fct\u00f6rleri i\u00e7in toplu sat\u0131\u015flar yap\u0131l\u0131r. \u00dcCRETS\u0130Z NUMUNE TALEB\u0130\",\"breadcrumb\":{\"@id\":\"https:\\\/\\\/herbetwa.net\\\/tr\\\/product\\\/anason-tohumu\\\/#breadcrumb\"},\"inLanguage\":\"tr\",\"potentialAction\":[{\"@type\":\"ReadAction\",\"target\":[\"https:\\\/\\\/herbetwa.net\\\/tr\\\/product\\\/anason-tohumu\\\/\"]}]},{\"@type\":\"ImageObject\",\"inLanguage\":\"tr\",\"@id\":\"https:\\\/\\\/herbetwa.net\\\/tr\\\/product\\\/anason-tohumu\\\/#primaryimage\",\"url\":\"https:\\\/\\\/herbetwa.net\\\/wp-content\\\/uploads\\\/2022\\\/04\\\/25-meyan-koku-tohumu-misir-herb-etwa.jpg\",\"contentUrl\":\"https:\\\/\\\/herbetwa.net\\\/wp-content\\\/uploads\\\/2022\\\/04\\\/25-meyan-koku-tohumu-misir-herb-etwa.jpg\",\"width\":420,\"height\":420,\"caption\":\"\u0130thal misrli Anason Tohumu Toptan Sat\u0131\u015f yap\u0131l\u0131r\"},{\"@type\":\"BreadcrumbList\",\"@id\":\"https:\\\/\\\/herbetwa.net\\\/tr\\\/product\\\/anason-tohumu\\\/#breadcrumb\",\"itemListElement\":[{\"@type\":\"ListItem\",\"position\":1,\"name\":\"Home\",\"item\":\"https:\\\/\\\/www.herbetwa.net\\\/tr\\\/\"},{\"@type\":\"ListItem\",\"position\":2,\"name\":\"Anason Tohumu\"}]},{\"@type\":\"WebSite\",\"@id\":\"https:\\\/\\\/herbetwa.net\\\/en\\\/#website\",\"url\":\"https:\\\/\\\/herbetwa.net\\\/en\\\/\",\"name\":\"Herb Etwa\",\"description\":\"Herbs and Spices From Middle East\",\"potentialAction\":[{\"@type\":\"SearchAction\",\"target\":{\"@type\":\"EntryPoint\",\"urlTemplate\":\"https:\\\/\\\/herbetwa.net\\\/en\\\/?s={search_term_string}\"},\"query-input\":{\"@type\":\"PropertyValueSpecification\",\"valueRequired\":true,\"valueName\":\"search_term_string\"}}],\"inLanguage\":\"tr\"}]}<\/script>\n<!-- \/ Yoast SEO Premium plugin. -->","yoast_head_json":{"title":"Toptan Anason Tohumu | Herb Etwa | Hemen fiyat teklifi","description":"Anason tohumunun g\u00fcvenilir tedarik\u00e7isi. Bitkisel \u00fcr\u00fcn toptanc\u0131lar\u0131 ve distrib\u00fct\u00f6rleri i\u00e7in toplu sat\u0131\u015flar yap\u0131l\u0131r. \u00dcCRETS\u0130Z NUMUNE TALEB\u0130","robots":{"index":"index","follow":"follow","max-snippet":"max-snippet:-1","max-image-preview":"max-image-preview:large","max-video-preview":"max-video-preview:-1"},"canonical":"https:\/\/herbetwa.net\/tr\/product\/anason-tohumu\/","og_locale":"tr_TR","og_type":"article","og_title":"Anason Tohumu","og_description":"Anason tohumunun g\u00fcvenilir tedarik\u00e7isi. Bitkisel \u00fcr\u00fcn toptanc\u0131lar\u0131 ve distrib\u00fct\u00f6rleri i\u00e7in toplu sat\u0131\u015flar yap\u0131l\u0131r. \u00dcCRETS\u0130Z NUMUNE TALEB\u0130","og_url":"https:\/\/herbetwa.net\/tr\/product\/anason-tohumu\/","og_site_name":"Herb Etwa","article_modified_time":"2022-05-20T12:48:05+00:00","og_image":[{"width":420,"height":420,"url":"https:\/\/herbetwa.net\/wp-content\/uploads\/2022\/04\/25-meyan-koku-tohumu-misir-herb-etwa.jpg","type":"image\/jpeg"}],"twitter_card":"summary_large_image","twitter_misc":{"Tahmini okuma s\u00fcresi":"1 dakika"},"schema":{"@context":"https:\/\/schema.org","@graph":[{"@type":"WebPage","@id":"https:\/\/herbetwa.net\/tr\/product\/anason-tohumu\/","url":"https:\/\/herbetwa.net\/tr\/product\/anason-tohumu\/","name":"Toptan Anason Tohumu | Herb Etwa | Hemen fiyat teklifi","isPartOf":{"@id":"https:\/\/herbetwa.net\/en\/#website"},"primaryImageOfPage":{"@id":"https:\/\/herbetwa.net\/tr\/product\/anason-tohumu\/#primaryimage"},"image":{"@id":"https:\/\/herbetwa.net\/tr\/product\/anason-tohumu\/#primaryimage"},"thumbnailUrl":"https:\/\/herbetwa.net\/wp-content\/uploads\/2022\/04\/25-meyan-koku-tohumu-misir-herb-etwa.jpg","datePublished":"2022-04-03T17:41:58+00:00","dateModified":"2022-05-20T12:48:05+00:00","description":"Anason tohumunun g\u00fcvenilir tedarik\u00e7isi. Bitkisel \u00fcr\u00fcn toptanc\u0131lar\u0131 ve distrib\u00fct\u00f6rleri i\u00e7in toplu sat\u0131\u015flar yap\u0131l\u0131r. \u00dcCRETS\u0130Z NUMUNE TALEB\u0130","breadcrumb":{"@id":"https:\/\/herbetwa.net\/tr\/product\/anason-tohumu\/#breadcrumb"},"inLanguage":"tr","potentialAction":[{"@type":"ReadAction","target":["https:\/\/herbetwa.net\/tr\/product\/anason-tohumu\/"]}]},{"@type":"ImageObject","inLanguage":"tr","@id":"https:\/\/herbetwa.net\/tr\/product\/anason-tohumu\/#primaryimage","url":"https:\/\/herbetwa.net\/wp-content\/uploads\/2022\/04\/25-meyan-koku-tohumu-misir-herb-etwa.jpg","contentUrl":"https:\/\/herbetwa.net\/wp-content\/uploads\/2022\/04\/25-meyan-koku-tohumu-misir-herb-etwa.jpg","width":420,"height":420,"caption":"\u0130thal misrli Anason Tohumu Toptan Sat\u0131\u015f yap\u0131l\u0131r"},{"@type":"BreadcrumbList","@id":"https:\/\/herbetwa.net\/tr\/product\/anason-tohumu\/#breadcrumb","itemListElement":[{"@type":"ListItem","position":1,"name":"Home","item":"https:\/\/www.herbetwa.net\/tr\/"},{"@type":"ListItem","position":2,"name":"Anason Tohumu"}]},{"@type":"WebSite","@id":"https:\/\/herbetwa.net\/en\/#website","url":"https:\/\/herbetwa.net\/en\/","name":"Herb Etwa","description":"Herbs and Spices From Middle East","potentialAction":[{"@type":"SearchAction","target":{"@type":"EntryPoint","urlTemplate":"https:\/\/herbetwa.net\/en\/?s={search_term_string}"},"query-input":{"@type":"PropertyValueSpecification","valueRequired":true,"valueName":"search_term_string"}}],"inLanguage":"tr"}]}},"_links":{"self":[{"href":"https:\/\/herbetwa.net\/tr\/wp-json\/wp\/v2\/product\/1054","targetHints":{"allow":["GET"]}}],"collection":[{"href":"https:\/\/herbetwa.net\/tr\/wp-json\/wp\/v2\/product"}],"about":[{"href":"https:\/\/herbetwa.net\/tr\/wp-json\/wp\/v2\/types\/product"}],"wp:featuredmedia":[{"embeddable":true,"href":"https:\/\/herbetwa.net\/tr\/wp-json\/wp\/v2\/media\/832"}],"wp:attachment":[{"href":"https:\/\/herbetwa.net\/tr\/wp-json\/wp\/v2\/media?parent=1054"}],"wp:term":[{"taxonomy":"product-category","embeddable":true,"href":"https:\/\/herbetwa.net\/tr\/wp-json\/wp\/v2\/product-category?post=1054"}],"curies":[{"name":"wp","href":"https:\/\/api.w.org\/{rel}","templated":true}]}}