{"id":1045,"date":"2022-04-03T20:37:55","date_gmt":"2022-04-03T17:37:55","guid":{"rendered":"https:\/\/herbetwa-com-842510.hostingersite.com\/product\/parsley\/"},"modified":"2022-05-17T17:31:45","modified_gmt":"2022-05-17T14:31:45","slug":"maydanoz-tozu","status":"publish","type":"product","link":"https:\/\/herbetwa.net\/tr\/product\/maydanoz-tozu\/","title":{"rendered":"Maydanoz Tozu"},"content":{"rendered":"\n<p>Maydanoz Zemin, \u00e7ok \u00e7e\u015fitli yemek ve soslarda kullan\u0131lan tamamen do\u011fal bir bitkidir. M\u0131s\u0131r ve T\u00fcrkiye&#8217;den ithal edilen ve %100 b\u00fct\u00fcn maydanozdan \u00fcretilen \u00fcr\u00fcnlerimiz, yeme\u011finize en taze lezzeti sunar. D\u00fcnyan\u0131n en iyi maydanozunu ke\u015ffedin!<\/p>\n\n\n\n<p>Bu bitki eski zamanlardan beri mutfak baharat\u0131 ve \u015fifal\u0131 bitki olarak kullan\u0131lmaktad\u0131r. A, C, K vitaminleri, kalsiyum, demir, magnezyum, manganez, bak\u0131r, \u00e7inko, B6 vitamini, folat ve lif bak\u0131m\u0131ndan zengindir. Karotenoidler, flavonoller ve polifenoller gibi y\u00fcksek miktarda antioksidan i\u00e7erir. Ayr\u0131ca anti-inflamatuar \u00f6zelliklere sahip oldu\u011fu bilinmektedir.Maydanoz da t\u0131pk\u0131 nane gibi as\u0131rlar boyu alternatif t\u0131pta, hastal\u0131klar\u0131n tedavisinde ila\u00e7 olarak kullan\u0131lm\u0131\u015f \u015fifal\u0131 bir bitkidir. Sindirim sistemine iyi gelip, b\u00f6brek ta\u015f\u0131, ba\u011f\u0131rsak, idrar yolu enfeksiyonu ve solunum yolu enfeksiyonu ve ast\u0131m rahats\u0131zl\u0131klar\u0131n tedavisinde kullan\u0131lan bir bitkidir.<\/p>\n\n\n\n<p>Bu bitkinin yapraklar\u0131 genellikle salatalarda ve garnit\u00fcrlerde kullan\u0131l\u0131r. A, C, E ve K vitaminleri dahil olmak \u00fczere bir\u00e7ok besin i\u00e7erirler; kalsiyum, demir, magnezyum ve potasyum gibi mineraller; ve fenolik bile\u015fikler, flavonoidler ve terpenler gibi fitokimyasallar.<\/p>\n\n\n\n<p>Bu bitki, g\u00fcney Avrupa ve Kuzey Afrika&#8217;ya \u00f6zg\u00fcd\u00fcr. Yapraklar\u0131 yemek pi\u015firmede ve t\u0131pta kullan\u0131l\u0131r. A vitamini, C vitamini, K vitamini, tiamin, riboflavin, niasin, pantotenik asit, folik asit, biotin ve diyet lifi a\u00e7\u0131s\u0131ndan zengindir.<\/p>\n\n\n\n<p><strong>Ad\u0131:<\/strong> Maydanoz<\/p>\n\n\n\n<p><strong>Botanik<\/strong> <strong>Ad\u0131: <\/strong>Petroselinum Crispum<\/p>\n\n\n\n<p><strong>Form: <\/strong>Yapraklar 3.5-4<\/p>\n\n\n\n<p><strong>Kalite: <\/strong>1. s\u0131n\u0131f<\/p>\n\n\n\n<p><strong>Paket: <\/strong>10-20 kg PP &amp; Ka\u011f\u0131t &amp; Karton Torbalar.<\/p>\n\n\n\n<p><strong>Bulunabilirlik: <\/strong>Mahsul Aral\u0131k ay\u0131nda ba\u015flar ve t\u00fcm y\u0131l stokta mevcuttur.<\/p>\n\n\n\n<p><strong>Bu \u00fcr\u00fcn farkl\u0131 bi\u00e7imlerde de mevcuttur:<\/strong><\/p>\n\n\n\n<p>\u00b7 G\u00fcne\u015fte kurutulmu\u015f yapraklar<\/p>\n\n\n\n<p>\u00b7 Makinede kurutulmu\u015f yapraklar<\/p>\n\n\n\n<p>\u00b7 K\u0131v\u0131rc\u0131k<\/p>\n\n\n\n<p>\u00b7 Toz<\/p>\n\n\n\n<p><strong>Men\u015fei:&nbsp;<\/strong>M\u0131s\u0131r<\/p>\n\n\n\n<figure class=\"wp-block-image size-large\"><img loading=\"lazy\" decoding=\"async\" width=\"1024\" height=\"1024\" src=\"https:\/\/herbetwa-com-842510.hostingersite.com\/wp-content\/uploads\/2022\/04\/23-toz-maydanoz-misir-herb-etwa-1024x1024.jpg\" alt=\"\u0130thal \u00f6\u011f\u00fct\u00fclm\u00fc\u015f maydanoz Toptan Sat\u0131\u015f yap\u0131l\u0131r.\" class=\"wp-image-823\" srcset=\"https:\/\/herbetwa.net\/wp-content\/uploads\/2022\/04\/23-toz-maydanoz-misir-herb-etwa.jpg 1024w, https:\/\/herbetwa.net\/wp-content\/uploads\/2022\/04\/23-toz-maydanoz-misir-herb-etwa-300x300.jpg 300w, https:\/\/herbetwa.net\/wp-content\/uploads\/2022\/04\/23-toz-maydanoz-misir-herb-etwa-150x150.jpg 150w, https:\/\/herbetwa.net\/wp-content\/uploads\/2022\/04\/23-toz-maydanoz-misir-herb-etwa-768x768.jpg 768w\" sizes=\"auto, (max-width: 1024px) 100vw, 1024px\" \/><\/figure>\n","protected":false},"featured_media":823,"template":"","product-category":[25],"class_list":["post-1045","product","type-product","status-publish","has-post-thumbnail","hentry","product-category-baharatlar"],"yoast_head":"<!-- This site is optimized with the Yoast SEO Premium plugin v16.6 (Yoast SEO v27.4) - https:\/\/yoast.com\/product\/yoast-seo-premium-wordpress\/ -->\n<title>Toptan Maydanoz tedarik\u00e7isi | Herb Etwa | Hemen fiyat teklifi<\/title>\n<meta name=\"description\" content=\"Maydanoz tozunun g\u00fcvenilir tedarik\u00e7isi. Bitkisel \u00fcr\u00fcn toptanc\u0131lar\u0131 ve distrib\u00fct\u00f6rleri i\u00e7in toplu sat\u0131\u015flar yap\u0131l\u0131r. \u00dcCRETS\u0130Z NUMUNE TALEB\u0130\" \/>\n<meta name=\"robots\" content=\"index, follow, max-snippet:-1, max-image-preview:large, max-video-preview:-1\" \/>\n<link rel=\"canonical\" href=\"https:\/\/herbetwa.net\/tr\/product\/maydanoz-tozu\/\" \/>\n<meta property=\"og:locale\" content=\"tr_TR\" \/>\n<meta property=\"og:type\" content=\"article\" \/>\n<meta property=\"og:title\" content=\"Maydanoz Tozu\" \/>\n<meta property=\"og:description\" content=\"Maydanoz tozunun g\u00fcvenilir tedarik\u00e7isi. Bitkisel \u00fcr\u00fcn toptanc\u0131lar\u0131 ve distrib\u00fct\u00f6rleri i\u00e7in toplu sat\u0131\u015flar yap\u0131l\u0131r. \u00dcCRETS\u0130Z NUMUNE TALEB\u0130\" \/>\n<meta property=\"og:url\" content=\"https:\/\/herbetwa.net\/tr\/product\/maydanoz-tozu\/\" \/>\n<meta property=\"og:site_name\" content=\"Herb Etwa\" \/>\n<meta property=\"article:modified_time\" content=\"2022-05-17T14:31:45+00:00\" \/>\n<meta property=\"og:image\" content=\"https:\/\/herbetwa.net\/wp-content\/uploads\/2022\/04\/23-toz-maydanoz-misir-herb-etwa.jpg\" \/>\n\t<meta property=\"og:image:width\" content=\"1024\" \/>\n\t<meta property=\"og:image:height\" content=\"1024\" \/>\n\t<meta property=\"og:image:type\" content=\"image\/jpeg\" \/>\n<meta name=\"twitter:card\" content=\"summary_large_image\" \/>\n<meta name=\"twitter:label1\" content=\"Tahmini okuma s\u00fcresi\" \/>\n\t<meta name=\"twitter:data1\" content=\"2 dakika\" \/>\n<script type=\"application\/ld+json\" class=\"yoast-schema-graph\">{\"@context\":\"https:\\\/\\\/schema.org\",\"@graph\":[{\"@type\":\"WebPage\",\"@id\":\"https:\\\/\\\/herbetwa.net\\\/tr\\\/product\\\/maydanoz-tozu\\\/\",\"url\":\"https:\\\/\\\/herbetwa.net\\\/tr\\\/product\\\/maydanoz-tozu\\\/\",\"name\":\"Toptan Maydanoz tedarik\u00e7isi | Herb Etwa | Hemen fiyat teklifi\",\"isPartOf\":{\"@id\":\"https:\\\/\\\/herbetwa.net\\\/en\\\/#website\"},\"primaryImageOfPage\":{\"@id\":\"https:\\\/\\\/herbetwa.net\\\/tr\\\/product\\\/maydanoz-tozu\\\/#primaryimage\"},\"image\":{\"@id\":\"https:\\\/\\\/herbetwa.net\\\/tr\\\/product\\\/maydanoz-tozu\\\/#primaryimage\"},\"thumbnailUrl\":\"https:\\\/\\\/herbetwa.net\\\/wp-content\\\/uploads\\\/2022\\\/04\\\/23-toz-maydanoz-misir-herb-etwa.jpg\",\"datePublished\":\"2022-04-03T17:37:55+00:00\",\"dateModified\":\"2022-05-17T14:31:45+00:00\",\"description\":\"Maydanoz tozunun g\u00fcvenilir tedarik\u00e7isi. Bitkisel \u00fcr\u00fcn toptanc\u0131lar\u0131 ve distrib\u00fct\u00f6rleri i\u00e7in toplu sat\u0131\u015flar yap\u0131l\u0131r. \u00dcCRETS\u0130Z NUMUNE TALEB\u0130\",\"breadcrumb\":{\"@id\":\"https:\\\/\\\/herbetwa.net\\\/tr\\\/product\\\/maydanoz-tozu\\\/#breadcrumb\"},\"inLanguage\":\"tr\",\"potentialAction\":[{\"@type\":\"ReadAction\",\"target\":[\"https:\\\/\\\/herbetwa.net\\\/tr\\\/product\\\/maydanoz-tozu\\\/\"]}]},{\"@type\":\"ImageObject\",\"inLanguage\":\"tr\",\"@id\":\"https:\\\/\\\/herbetwa.net\\\/tr\\\/product\\\/maydanoz-tozu\\\/#primaryimage\",\"url\":\"https:\\\/\\\/herbetwa.net\\\/wp-content\\\/uploads\\\/2022\\\/04\\\/23-toz-maydanoz-misir-herb-etwa.jpg\",\"contentUrl\":\"https:\\\/\\\/herbetwa.net\\\/wp-content\\\/uploads\\\/2022\\\/04\\\/23-toz-maydanoz-misir-herb-etwa.jpg\",\"width\":1024,\"height\":1024,\"caption\":\"\u0130thal \u00f6\u011f\u00fct\u00fclm\u00fc\u015f maydanoz Toptan Sat\u0131\u015f yap\u0131l\u0131r.\"},{\"@type\":\"BreadcrumbList\",\"@id\":\"https:\\\/\\\/herbetwa.net\\\/tr\\\/product\\\/maydanoz-tozu\\\/#breadcrumb\",\"itemListElement\":[{\"@type\":\"ListItem\",\"position\":1,\"name\":\"Home\",\"item\":\"https:\\\/\\\/www.herbetwa.net\\\/tr\\\/\"},{\"@type\":\"ListItem\",\"position\":2,\"name\":\"Maydanoz Tozu\"}]},{\"@type\":\"WebSite\",\"@id\":\"https:\\\/\\\/herbetwa.net\\\/en\\\/#website\",\"url\":\"https:\\\/\\\/herbetwa.net\\\/en\\\/\",\"name\":\"Herb Etwa\",\"description\":\"Herbs and Spices From Middle East\",\"potentialAction\":[{\"@type\":\"SearchAction\",\"target\":{\"@type\":\"EntryPoint\",\"urlTemplate\":\"https:\\\/\\\/herbetwa.net\\\/en\\\/?s={search_term_string}\"},\"query-input\":{\"@type\":\"PropertyValueSpecification\",\"valueRequired\":true,\"valueName\":\"search_term_string\"}}],\"inLanguage\":\"tr\"}]}<\/script>\n<!-- \/ Yoast SEO Premium plugin. -->","yoast_head_json":{"title":"Toptan Maydanoz tedarik\u00e7isi | Herb Etwa | Hemen fiyat teklifi","description":"Maydanoz tozunun g\u00fcvenilir tedarik\u00e7isi. Bitkisel \u00fcr\u00fcn toptanc\u0131lar\u0131 ve distrib\u00fct\u00f6rleri i\u00e7in toplu sat\u0131\u015flar yap\u0131l\u0131r. \u00dcCRETS\u0130Z NUMUNE TALEB\u0130","robots":{"index":"index","follow":"follow","max-snippet":"max-snippet:-1","max-image-preview":"max-image-preview:large","max-video-preview":"max-video-preview:-1"},"canonical":"https:\/\/herbetwa.net\/tr\/product\/maydanoz-tozu\/","og_locale":"tr_TR","og_type":"article","og_title":"Maydanoz Tozu","og_description":"Maydanoz tozunun g\u00fcvenilir tedarik\u00e7isi. Bitkisel \u00fcr\u00fcn toptanc\u0131lar\u0131 ve distrib\u00fct\u00f6rleri i\u00e7in toplu sat\u0131\u015flar yap\u0131l\u0131r. \u00dcCRETS\u0130Z NUMUNE TALEB\u0130","og_url":"https:\/\/herbetwa.net\/tr\/product\/maydanoz-tozu\/","og_site_name":"Herb Etwa","article_modified_time":"2022-05-17T14:31:45+00:00","og_image":[{"width":1024,"height":1024,"url":"https:\/\/herbetwa.net\/wp-content\/uploads\/2022\/04\/23-toz-maydanoz-misir-herb-etwa.jpg","type":"image\/jpeg"}],"twitter_card":"summary_large_image","twitter_misc":{"Tahmini okuma s\u00fcresi":"2 dakika"},"schema":{"@context":"https:\/\/schema.org","@graph":[{"@type":"WebPage","@id":"https:\/\/herbetwa.net\/tr\/product\/maydanoz-tozu\/","url":"https:\/\/herbetwa.net\/tr\/product\/maydanoz-tozu\/","name":"Toptan Maydanoz tedarik\u00e7isi | Herb Etwa | Hemen fiyat teklifi","isPartOf":{"@id":"https:\/\/herbetwa.net\/en\/#website"},"primaryImageOfPage":{"@id":"https:\/\/herbetwa.net\/tr\/product\/maydanoz-tozu\/#primaryimage"},"image":{"@id":"https:\/\/herbetwa.net\/tr\/product\/maydanoz-tozu\/#primaryimage"},"thumbnailUrl":"https:\/\/herbetwa.net\/wp-content\/uploads\/2022\/04\/23-toz-maydanoz-misir-herb-etwa.jpg","datePublished":"2022-04-03T17:37:55+00:00","dateModified":"2022-05-17T14:31:45+00:00","description":"Maydanoz tozunun g\u00fcvenilir tedarik\u00e7isi. Bitkisel \u00fcr\u00fcn toptanc\u0131lar\u0131 ve distrib\u00fct\u00f6rleri i\u00e7in toplu sat\u0131\u015flar yap\u0131l\u0131r. \u00dcCRETS\u0130Z NUMUNE TALEB\u0130","breadcrumb":{"@id":"https:\/\/herbetwa.net\/tr\/product\/maydanoz-tozu\/#breadcrumb"},"inLanguage":"tr","potentialAction":[{"@type":"ReadAction","target":["https:\/\/herbetwa.net\/tr\/product\/maydanoz-tozu\/"]}]},{"@type":"ImageObject","inLanguage":"tr","@id":"https:\/\/herbetwa.net\/tr\/product\/maydanoz-tozu\/#primaryimage","url":"https:\/\/herbetwa.net\/wp-content\/uploads\/2022\/04\/23-toz-maydanoz-misir-herb-etwa.jpg","contentUrl":"https:\/\/herbetwa.net\/wp-content\/uploads\/2022\/04\/23-toz-maydanoz-misir-herb-etwa.jpg","width":1024,"height":1024,"caption":"\u0130thal \u00f6\u011f\u00fct\u00fclm\u00fc\u015f maydanoz Toptan Sat\u0131\u015f yap\u0131l\u0131r."},{"@type":"BreadcrumbList","@id":"https:\/\/herbetwa.net\/tr\/product\/maydanoz-tozu\/#breadcrumb","itemListElement":[{"@type":"ListItem","position":1,"name":"Home","item":"https:\/\/www.herbetwa.net\/tr\/"},{"@type":"ListItem","position":2,"name":"Maydanoz Tozu"}]},{"@type":"WebSite","@id":"https:\/\/herbetwa.net\/en\/#website","url":"https:\/\/herbetwa.net\/en\/","name":"Herb Etwa","description":"Herbs and Spices From Middle East","potentialAction":[{"@type":"SearchAction","target":{"@type":"EntryPoint","urlTemplate":"https:\/\/herbetwa.net\/en\/?s={search_term_string}"},"query-input":{"@type":"PropertyValueSpecification","valueRequired":true,"valueName":"search_term_string"}}],"inLanguage":"tr"}]}},"_links":{"self":[{"href":"https:\/\/herbetwa.net\/tr\/wp-json\/wp\/v2\/product\/1045","targetHints":{"allow":["GET"]}}],"collection":[{"href":"https:\/\/herbetwa.net\/tr\/wp-json\/wp\/v2\/product"}],"about":[{"href":"https:\/\/herbetwa.net\/tr\/wp-json\/wp\/v2\/types\/product"}],"wp:featuredmedia":[{"embeddable":true,"href":"https:\/\/herbetwa.net\/tr\/wp-json\/wp\/v2\/media\/823"}],"wp:attachment":[{"href":"https:\/\/herbetwa.net\/tr\/wp-json\/wp\/v2\/media?parent=1045"}],"wp:term":[{"taxonomy":"product-category","embeddable":true,"href":"https:\/\/herbetwa.net\/tr\/wp-json\/wp\/v2\/product-category?post=1045"}],"curies":[{"name":"wp","href":"https:\/\/api.w.org\/{rel}","templated":true}]}}