{"id":1033,"date":"2022-04-03T20:35:59","date_gmt":"2022-04-03T17:35:59","guid":{"rendered":"https:\/\/herbetwa-com-842510.hostingersite.com\/product\/onion-granules\/"},"modified":"2022-05-20T15:59:41","modified_gmt":"2022-05-20T12:59:41","slug":"sogan-granulleri","status":"publish","type":"product","link":"https:\/\/herbetwa.net\/tr\/product\/sogan-granulleri\/","title":{"rendered":"So\u011fan Gran\u00fclleri"},"content":{"rendered":"\n<p>Taze so\u011fan\u0131n \u00f6zel bir y\u00f6ntemle kurutulup \u00e7ekilmesinden elde edilmi\u015ftir. Taze so\u011fan\u0131n kullan\u0131ld\u0131\u011f\u0131 et ve sebzeli yemeklerde, k\u00f6fte, dolma, omlet, tavuk, \u00f6rdek, tav\u015fan etlerinin haz\u0131rlanmas\u0131nda ve b\u00fct\u00fcn sebzelerde (ha\u015flama ve zeytinya\u011fl\u0131) kullan\u0131l\u0131r. So\u011fan gran\u00fclleri, do\u011fal bir tatland\u0131r\u0131c\u0131 ve aroma maddesi olarak kullan\u0131l\u0131r. Kurutulmu\u015f ve k\u00fc\u00e7\u00fck par\u00e7alar halinde \u00f6\u011f\u00fct\u00fclm\u00fc\u015f so\u011fanlardan \u00fcretilirler. Bu \u00fcr\u00fcn pi\u015firme tariflerinde \u015feker yerine kullan\u0131labilir.<\/p>\n\n\n\n<p>So\u011fanlar A, B6, C, E, K, kalsiyum, magnezyum, demir, \u00e7inko, selenyum ve manganez vitaminleri a\u00e7\u0131s\u0131ndan zengindir. Ayr\u0131ca lif oran\u0131 y\u00fcksektir ve antioksidanlar i\u00e7erirler.So\u011fan ni\u015fastal\u0131 yemeklerin sindirimini kolayla\u015ft\u0131r\u0131r. So\u011fan\u0131n antibakteriyel etkiside salatalarda tart\u0131\u015f\u0131lmaz bir ger\u00e7ektir.<\/p>\n\n\n\n<p>So\u011fan, d\u00fcnya \u00e7ap\u0131nda bir\u00e7ok yemekte kullan\u0131lmaktad\u0131r. Genellikle \u00e7orbalara, yahnilere, salatalara, sandvi\u00e7lere, g\u00fcve\u00e7lere ve hatta tatl\u0131lara eklenirler.<\/p>\n\n\n\n<p>Et yemeklerinde garnit\u00fcr olarak kullan\u0131l\u0131r. Hamburger, biftek, sosis ve sosisli sandvi\u00e7 gibi yiyeceklere lezzet ve renk katarlar. Ayr\u0131ca tur\u015fu yapmak i\u00e7in kullan\u0131l\u0131r. Kavanoza kapat\u0131lmadan \u00f6nce sirke ve baharatlara bat\u0131r\u0131l\u0131rlar.<\/p>\n\n\n\n<p><strong>Ad\u0131: <\/strong>So\u011fan Gran\u00fcl\u00fc<\/p>\n\n\n\n<p><strong>Botanik<\/strong> <strong>Ad\u0131: <\/strong>Allium cepa<\/p>\n\n\n\n<p><strong>Form: <\/strong>Gran\u00fcl, Kuru So\u011fan<\/p>\n\n\n\n<p><strong>Paket: <\/strong>25 KG PP torba<\/p>\n\n\n\n<p><strong>Bulunabilirlik: <\/strong>Mahsul t\u00fcm y\u0131l boyunca mevcuttur.<\/p>\n\n\n\n<p><strong>Bu \u00fcr\u00fcn farkl\u0131 bi\u00e7imlerde de mevcuttur:<\/strong><\/p>\n\n\n\n<p>\u00b7 Sar\u0131 gevrek so\u011fan<\/p>\n\n\n\n<p>\u00b7 Beyaz so\u011fan&nbsp;<\/p>\n\n\n\n<p>\u00b7 Pul k\u0131rm\u0131z\u0131 so\u011fan&nbsp;<\/p>\n\n\n\n<p>\u00b7 Toz<\/p>\n\n\n\n<p>\u00b7 Gran\u00fcl<\/p>\n\n\n\n<p>\u00b7 K\u0131y\u0131lm\u0131\u015f<\/p>\n\n\n\n<p>\u00b7 Kavrulmu\u015f<\/p>\n\n\n\n<p>\u00b7 Dilimlenmi\u015f<\/p>\n\n\n\n<p>\u00b7 Y\u00fcz\u00fck<\/p>\n\n\n\n<p><strong>Men\u015fei:<\/strong> M\u0131s\u0131r<\/p>\n","protected":false},"featured_media":814,"template":"","product-category":[25],"class_list":["post-1033","product","type-product","status-publish","has-post-thumbnail","hentry","product-category-baharatlar"],"yoast_head":"<!-- This site is optimized with the Yoast SEO Premium plugin v16.6 (Yoast SEO v27.4) - https:\/\/yoast.com\/product\/yoast-seo-premium-wordpress\/ -->\n<title>Toptan so\u011fan gran\u00fclleri tedarik\u00e7isi |Herb Etwa| Hemen fiyat teklifi<\/title>\n<meta name=\"description\" content=\"So\u011fan gran\u00fcllerinin g\u00fcvenilir tedarik\u00e7isi. Bitkisel \u00fcr\u00fcn toptanc\u0131lar\u0131 ve distrib\u00fct\u00f6rleri i\u00e7in toplu sat\u0131\u015flar yap\u0131l\u0131r. \u00dcCRETS\u0130Z NUMUNE TALEB\u0130\" \/>\n<meta name=\"robots\" content=\"index, follow, max-snippet:-1, max-image-preview:large, max-video-preview:-1\" \/>\n<link rel=\"canonical\" href=\"https:\/\/herbetwa.net\/tr\/product\/sogan-granulleri\/\" \/>\n<meta property=\"og:locale\" content=\"tr_TR\" \/>\n<meta property=\"og:type\" content=\"article\" \/>\n<meta property=\"og:title\" content=\"So\u011fan Gran\u00fclleri\" \/>\n<meta property=\"og:description\" content=\"So\u011fan gran\u00fcllerinin g\u00fcvenilir tedarik\u00e7isi. Bitkisel \u00fcr\u00fcn toptanc\u0131lar\u0131 ve distrib\u00fct\u00f6rleri i\u00e7in toplu sat\u0131\u015flar yap\u0131l\u0131r. \u00dcCRETS\u0130Z NUMUNE TALEB\u0130\" \/>\n<meta property=\"og:url\" content=\"https:\/\/herbetwa.net\/tr\/product\/sogan-granulleri\/\" \/>\n<meta property=\"og:site_name\" content=\"Herb Etwa\" \/>\n<meta property=\"article:modified_time\" content=\"2022-05-20T12:59:41+00:00\" \/>\n<meta property=\"og:image\" content=\"https:\/\/herbetwa.net\/wp-content\/uploads\/2022\/04\/20-sogan-granulleri-misir-herb-etwa.jpg\" \/>\n\t<meta property=\"og:image:width\" content=\"1024\" \/>\n\t<meta property=\"og:image:height\" content=\"1024\" \/>\n\t<meta property=\"og:image:type\" content=\"image\/jpeg\" \/>\n<meta name=\"twitter:card\" content=\"summary_large_image\" \/>\n<meta name=\"twitter:label1\" content=\"Tahmini okuma s\u00fcresi\" \/>\n\t<meta name=\"twitter:data1\" content=\"1 dakika\" \/>\n<script type=\"application\/ld+json\" class=\"yoast-schema-graph\">{\"@context\":\"https:\\\/\\\/schema.org\",\"@graph\":[{\"@type\":\"WebPage\",\"@id\":\"https:\\\/\\\/herbetwa.net\\\/tr\\\/product\\\/sogan-granulleri\\\/\",\"url\":\"https:\\\/\\\/herbetwa.net\\\/tr\\\/product\\\/sogan-granulleri\\\/\",\"name\":\"Toptan so\u011fan gran\u00fclleri tedarik\u00e7isi |Herb Etwa| Hemen fiyat teklifi\",\"isPartOf\":{\"@id\":\"https:\\\/\\\/herbetwa.net\\\/en\\\/#website\"},\"primaryImageOfPage\":{\"@id\":\"https:\\\/\\\/herbetwa.net\\\/tr\\\/product\\\/sogan-granulleri\\\/#primaryimage\"},\"image\":{\"@id\":\"https:\\\/\\\/herbetwa.net\\\/tr\\\/product\\\/sogan-granulleri\\\/#primaryimage\"},\"thumbnailUrl\":\"https:\\\/\\\/herbetwa.net\\\/wp-content\\\/uploads\\\/2022\\\/04\\\/20-sogan-granulleri-misir-herb-etwa.jpg\",\"datePublished\":\"2022-04-03T17:35:59+00:00\",\"dateModified\":\"2022-05-20T12:59:41+00:00\",\"description\":\"So\u011fan gran\u00fcllerinin g\u00fcvenilir tedarik\u00e7isi. Bitkisel \u00fcr\u00fcn toptanc\u0131lar\u0131 ve distrib\u00fct\u00f6rleri i\u00e7in toplu sat\u0131\u015flar yap\u0131l\u0131r. \u00dcCRETS\u0130Z NUMUNE TALEB\u0130\",\"breadcrumb\":{\"@id\":\"https:\\\/\\\/herbetwa.net\\\/tr\\\/product\\\/sogan-granulleri\\\/#breadcrumb\"},\"inLanguage\":\"tr\",\"potentialAction\":[{\"@type\":\"ReadAction\",\"target\":[\"https:\\\/\\\/herbetwa.net\\\/tr\\\/product\\\/sogan-granulleri\\\/\"]}]},{\"@type\":\"ImageObject\",\"inLanguage\":\"tr\",\"@id\":\"https:\\\/\\\/herbetwa.net\\\/tr\\\/product\\\/sogan-granulleri\\\/#primaryimage\",\"url\":\"https:\\\/\\\/herbetwa.net\\\/wp-content\\\/uploads\\\/2022\\\/04\\\/20-sogan-granulleri-misir-herb-etwa.jpg\",\"contentUrl\":\"https:\\\/\\\/herbetwa.net\\\/wp-content\\\/uploads\\\/2022\\\/04\\\/20-sogan-granulleri-misir-herb-etwa.jpg\",\"width\":1024,\"height\":1024,\"caption\":\"\u0130thal so\u011fan gran\u00fclleri Toptan Sat\u0131\u015f yap\u0131l\u0131r\"},{\"@type\":\"BreadcrumbList\",\"@id\":\"https:\\\/\\\/herbetwa.net\\\/tr\\\/product\\\/sogan-granulleri\\\/#breadcrumb\",\"itemListElement\":[{\"@type\":\"ListItem\",\"position\":1,\"name\":\"Home\",\"item\":\"https:\\\/\\\/www.herbetwa.net\\\/tr\\\/\"},{\"@type\":\"ListItem\",\"position\":2,\"name\":\"So\u011fan Gran\u00fclleri\"}]},{\"@type\":\"WebSite\",\"@id\":\"https:\\\/\\\/herbetwa.net\\\/en\\\/#website\",\"url\":\"https:\\\/\\\/herbetwa.net\\\/en\\\/\",\"name\":\"Herb Etwa\",\"description\":\"Herbs and Spices From Middle East\",\"potentialAction\":[{\"@type\":\"SearchAction\",\"target\":{\"@type\":\"EntryPoint\",\"urlTemplate\":\"https:\\\/\\\/herbetwa.net\\\/en\\\/?s={search_term_string}\"},\"query-input\":{\"@type\":\"PropertyValueSpecification\",\"valueRequired\":true,\"valueName\":\"search_term_string\"}}],\"inLanguage\":\"tr\"}]}<\/script>\n<!-- \/ Yoast SEO Premium plugin. -->","yoast_head_json":{"title":"Toptan so\u011fan gran\u00fclleri tedarik\u00e7isi |Herb Etwa| Hemen fiyat teklifi","description":"So\u011fan gran\u00fcllerinin g\u00fcvenilir tedarik\u00e7isi. Bitkisel \u00fcr\u00fcn toptanc\u0131lar\u0131 ve distrib\u00fct\u00f6rleri i\u00e7in toplu sat\u0131\u015flar yap\u0131l\u0131r. \u00dcCRETS\u0130Z NUMUNE TALEB\u0130","robots":{"index":"index","follow":"follow","max-snippet":"max-snippet:-1","max-image-preview":"max-image-preview:large","max-video-preview":"max-video-preview:-1"},"canonical":"https:\/\/herbetwa.net\/tr\/product\/sogan-granulleri\/","og_locale":"tr_TR","og_type":"article","og_title":"So\u011fan Gran\u00fclleri","og_description":"So\u011fan gran\u00fcllerinin g\u00fcvenilir tedarik\u00e7isi. Bitkisel \u00fcr\u00fcn toptanc\u0131lar\u0131 ve distrib\u00fct\u00f6rleri i\u00e7in toplu sat\u0131\u015flar yap\u0131l\u0131r. \u00dcCRETS\u0130Z NUMUNE TALEB\u0130","og_url":"https:\/\/herbetwa.net\/tr\/product\/sogan-granulleri\/","og_site_name":"Herb Etwa","article_modified_time":"2022-05-20T12:59:41+00:00","og_image":[{"width":1024,"height":1024,"url":"https:\/\/herbetwa.net\/wp-content\/uploads\/2022\/04\/20-sogan-granulleri-misir-herb-etwa.jpg","type":"image\/jpeg"}],"twitter_card":"summary_large_image","twitter_misc":{"Tahmini okuma s\u00fcresi":"1 dakika"},"schema":{"@context":"https:\/\/schema.org","@graph":[{"@type":"WebPage","@id":"https:\/\/herbetwa.net\/tr\/product\/sogan-granulleri\/","url":"https:\/\/herbetwa.net\/tr\/product\/sogan-granulleri\/","name":"Toptan so\u011fan gran\u00fclleri tedarik\u00e7isi |Herb Etwa| Hemen fiyat teklifi","isPartOf":{"@id":"https:\/\/herbetwa.net\/en\/#website"},"primaryImageOfPage":{"@id":"https:\/\/herbetwa.net\/tr\/product\/sogan-granulleri\/#primaryimage"},"image":{"@id":"https:\/\/herbetwa.net\/tr\/product\/sogan-granulleri\/#primaryimage"},"thumbnailUrl":"https:\/\/herbetwa.net\/wp-content\/uploads\/2022\/04\/20-sogan-granulleri-misir-herb-etwa.jpg","datePublished":"2022-04-03T17:35:59+00:00","dateModified":"2022-05-20T12:59:41+00:00","description":"So\u011fan gran\u00fcllerinin g\u00fcvenilir tedarik\u00e7isi. Bitkisel \u00fcr\u00fcn toptanc\u0131lar\u0131 ve distrib\u00fct\u00f6rleri i\u00e7in toplu sat\u0131\u015flar yap\u0131l\u0131r. \u00dcCRETS\u0130Z NUMUNE TALEB\u0130","breadcrumb":{"@id":"https:\/\/herbetwa.net\/tr\/product\/sogan-granulleri\/#breadcrumb"},"inLanguage":"tr","potentialAction":[{"@type":"ReadAction","target":["https:\/\/herbetwa.net\/tr\/product\/sogan-granulleri\/"]}]},{"@type":"ImageObject","inLanguage":"tr","@id":"https:\/\/herbetwa.net\/tr\/product\/sogan-granulleri\/#primaryimage","url":"https:\/\/herbetwa.net\/wp-content\/uploads\/2022\/04\/20-sogan-granulleri-misir-herb-etwa.jpg","contentUrl":"https:\/\/herbetwa.net\/wp-content\/uploads\/2022\/04\/20-sogan-granulleri-misir-herb-etwa.jpg","width":1024,"height":1024,"caption":"\u0130thal so\u011fan gran\u00fclleri Toptan Sat\u0131\u015f yap\u0131l\u0131r"},{"@type":"BreadcrumbList","@id":"https:\/\/herbetwa.net\/tr\/product\/sogan-granulleri\/#breadcrumb","itemListElement":[{"@type":"ListItem","position":1,"name":"Home","item":"https:\/\/www.herbetwa.net\/tr\/"},{"@type":"ListItem","position":2,"name":"So\u011fan Gran\u00fclleri"}]},{"@type":"WebSite","@id":"https:\/\/herbetwa.net\/en\/#website","url":"https:\/\/herbetwa.net\/en\/","name":"Herb Etwa","description":"Herbs and Spices From Middle East","potentialAction":[{"@type":"SearchAction","target":{"@type":"EntryPoint","urlTemplate":"https:\/\/herbetwa.net\/en\/?s={search_term_string}"},"query-input":{"@type":"PropertyValueSpecification","valueRequired":true,"valueName":"search_term_string"}}],"inLanguage":"tr"}]}},"_links":{"self":[{"href":"https:\/\/herbetwa.net\/tr\/wp-json\/wp\/v2\/product\/1033","targetHints":{"allow":["GET"]}}],"collection":[{"href":"https:\/\/herbetwa.net\/tr\/wp-json\/wp\/v2\/product"}],"about":[{"href":"https:\/\/herbetwa.net\/tr\/wp-json\/wp\/v2\/types\/product"}],"wp:featuredmedia":[{"embeddable":true,"href":"https:\/\/herbetwa.net\/tr\/wp-json\/wp\/v2\/media\/814"}],"wp:attachment":[{"href":"https:\/\/herbetwa.net\/tr\/wp-json\/wp\/v2\/media?parent=1033"}],"wp:term":[{"taxonomy":"product-category","embeddable":true,"href":"https:\/\/herbetwa.net\/tr\/wp-json\/wp\/v2\/product-category?post=1033"}],"curies":[{"name":"wp","href":"https:\/\/api.w.org\/{rel}","templated":true}]}}