{"id":1029,"date":"2022-04-03T20:35:15","date_gmt":"2022-04-03T17:35:15","guid":{"rendered":"https:\/\/herbetwa-com-842510.hostingersite.com\/product\/onion-flakes\/"},"modified":"2022-05-20T15:55:02","modified_gmt":"2022-05-20T12:55:02","slug":"dogranmis-sogan","status":"publish","type":"product","link":"https:\/\/herbetwa.net\/tr\/product\/dogranmis-sogan\/","title":{"rendered":"Do\u011franm\u0131\u015f So\u011fan"},"content":{"rendered":"\n<p>Do\u011franm\u0131\u015f so\u011fan bir\u00e7ok yemekte aroma maddesi olarak kullan\u0131l\u0131r. \u00c7orbalara, yahnilere, soslara, salatalara ve hatta tatl\u0131lara eklenebilirler.<\/p>\n\n\n\n<p>So\u011fan eski zamanlardan beri yeti\u015ftirilmektedir. M\u0131s\u0131rl\u0131lar so\u011fan\u0131 M\u00d6 4000 kadar erken bir tarihte kullan\u0131yorlard\u0131. Geni\u015f tarlalarda yeti\u015ftirilir ve genellikle k\u0131\u015f sonunda hasat edilirler.<\/p>\n\n\n\n<p>Bug\u00fcn so\u011fan hala d\u00fcnya \u00e7ap\u0131nda pop\u00fcler bir sebzedir. Boyut, \u015fekil, renk, lezzet ve doku bak\u0131m\u0131ndan farkl\u0131l\u0131k g\u00f6steren 100&#8217;den fazla farkl\u0131 so\u011fan \u00e7e\u015fidi vard\u0131r.<\/p>\n\n\n\n<p>Bir\u00e7ok insan yemeklerinde baharat olarak so\u011fan gevre\u011fi kullan\u0131r. Yiyeceklere a\u015f\u0131r\u0131 g\u00fc\u00e7 vermeden hafif bir so\u011fan tad\u0131 katarlar.<\/p>\n\n\n\n<p>So\u011fan gevre\u011fi genellikle ekmek, kek, kurabiye, kek ve hamur i\u015fleri gibi unlu mamullerde kullan\u0131l\u0131r.<\/p>\n\n\n\n<p>So\u011fanlar A, B6, C, E, K, kalsiyum, magnezyum, demir, \u00e7inko, selenyum ve manganez vitaminleri a\u00e7\u0131s\u0131ndan zengindir. Ayr\u0131ca lif oran\u0131 y\u00fcksektir ve antioksidanlar i\u00e7erirler.<\/p>\n\n\n\n<p><strong>Ad\u0131: <\/strong>K\u0131y\u0131lm\u0131\u015f So\u011fan<\/p>\n\n\n\n<p><strong>Botanik<\/strong> <strong>Ad\u0131: <\/strong>Allium cepa<\/p>\n\n\n\n<p><strong>Form: <\/strong>Pul, Kuru So\u011fan<\/p>\n\n\n\n<p><strong>Paket: <\/strong>12.5 karton \u00e7anta<\/p>\n\n\n\n<p><strong>Bulunabilirlik: <\/strong>Mahsul t\u00fcm y\u0131l boyunca mevcuttur.<\/p>\n\n\n\n<p><strong>Bu \u00fcr\u00fcn farkl\u0131 bi\u00e7imlerde de mevcuttur:<\/strong><\/p>\n\n\n\n<p>\u00b7 Sar\u0131 gevrek so\u011fan<\/p>\n\n\n\n<p>\u00b7 Beyaz so\u011fan&nbsp;<\/p>\n\n\n\n<p>\u00b7 Pul k\u0131rm\u0131z\u0131 so\u011fan&nbsp;<\/p>\n\n\n\n<p>\u00b7 Toz<\/p>\n\n\n\n<p>\u00b7 Gran\u00fcl<\/p>\n\n\n\n<p>\u00b7 K\u0131y\u0131lm\u0131\u015f<\/p>\n\n\n\n<p>\u00b7 Kavrulmu\u015f<\/p>\n\n\n\n<p>\u00b7 Dilimlenmi\u015f<\/p>\n\n\n\n<p>\u00b7 Y\u00fcz\u00fck<\/p>\n\n\n\n<p><strong>Men\u015fei:<\/strong> M\u0131s\u0131r<\/p>\n","protected":false},"featured_media":811,"template":"","product-category":[25],"class_list":["post-1029","product","type-product","status-publish","has-post-thumbnail","hentry","product-category-baharatlar"],"yoast_head":"<!-- This site is optimized with the Yoast SEO Premium plugin v16.6 (Yoast SEO v27.4) - https:\/\/yoast.com\/product\/yoast-seo-premium-wordpress\/ -->\n<title>Do\u011franm\u0131\u015f So\u011fan tedarik\u00e7isi |Herb Etwa| Hemen fiyat teklifi<\/title>\n<meta name=\"description\" content=\"Do\u011franm\u0131\u015f so\u011fan\u0131n g\u00fcvenilir tedarik\u00e7isi. Bitkisel \u00fcr\u00fcn toptanc\u0131lar\u0131 ve distrib\u00fct\u00f6rleri i\u00e7in toplu sat\u0131\u015flar yap\u0131l\u0131r. \u00dcCRETS\u0130Z NUMUNE TALEB\u0130\" \/>\n<meta name=\"robots\" content=\"index, follow, max-snippet:-1, max-image-preview:large, max-video-preview:-1\" \/>\n<link rel=\"canonical\" href=\"https:\/\/herbetwa.net\/tr\/product\/dogranmis-sogan\/\" \/>\n<meta property=\"og:locale\" content=\"tr_TR\" \/>\n<meta property=\"og:type\" content=\"article\" \/>\n<meta property=\"og:title\" content=\"Do\u011franm\u0131\u015f So\u011fan\" \/>\n<meta property=\"og:description\" content=\"Do\u011franm\u0131\u015f so\u011fan\u0131n g\u00fcvenilir tedarik\u00e7isi. Bitkisel \u00fcr\u00fcn toptanc\u0131lar\u0131 ve distrib\u00fct\u00f6rleri i\u00e7in toplu sat\u0131\u015flar yap\u0131l\u0131r. \u00dcCRETS\u0130Z NUMUNE TALEB\u0130\" \/>\n<meta property=\"og:url\" content=\"https:\/\/herbetwa.net\/tr\/product\/dogranmis-sogan\/\" \/>\n<meta property=\"og:site_name\" content=\"Herb Etwa\" \/>\n<meta property=\"article:modified_time\" content=\"2022-05-20T12:55:02+00:00\" \/>\n<meta property=\"og:image\" content=\"https:\/\/herbetwa.net\/wp-content\/uploads\/2022\/04\/19-kiyilmis-sogan-misir-herb-etwa.png\" \/>\n\t<meta property=\"og:image:width\" content=\"633\" \/>\n\t<meta property=\"og:image:height\" content=\"381\" \/>\n\t<meta property=\"og:image:type\" content=\"image\/png\" \/>\n<meta name=\"twitter:card\" content=\"summary_large_image\" \/>\n<meta name=\"twitter:label1\" content=\"Tahmini okuma s\u00fcresi\" \/>\n\t<meta name=\"twitter:data1\" content=\"1 dakika\" \/>\n<script type=\"application\/ld+json\" class=\"yoast-schema-graph\">{\"@context\":\"https:\\\/\\\/schema.org\",\"@graph\":[{\"@type\":\"WebPage\",\"@id\":\"https:\\\/\\\/herbetwa.net\\\/tr\\\/product\\\/dogranmis-sogan\\\/\",\"url\":\"https:\\\/\\\/herbetwa.net\\\/tr\\\/product\\\/dogranmis-sogan\\\/\",\"name\":\"Do\u011franm\u0131\u015f So\u011fan tedarik\u00e7isi |Herb Etwa| Hemen fiyat teklifi\",\"isPartOf\":{\"@id\":\"https:\\\/\\\/herbetwa.net\\\/en\\\/#website\"},\"primaryImageOfPage\":{\"@id\":\"https:\\\/\\\/herbetwa.net\\\/tr\\\/product\\\/dogranmis-sogan\\\/#primaryimage\"},\"image\":{\"@id\":\"https:\\\/\\\/herbetwa.net\\\/tr\\\/product\\\/dogranmis-sogan\\\/#primaryimage\"},\"thumbnailUrl\":\"https:\\\/\\\/herbetwa.net\\\/wp-content\\\/uploads\\\/2022\\\/04\\\/19-kiyilmis-sogan-misir-herb-etwa.png\",\"datePublished\":\"2022-04-03T17:35:15+00:00\",\"dateModified\":\"2022-05-20T12:55:02+00:00\",\"description\":\"Do\u011franm\u0131\u015f so\u011fan\u0131n g\u00fcvenilir tedarik\u00e7isi. Bitkisel \u00fcr\u00fcn toptanc\u0131lar\u0131 ve distrib\u00fct\u00f6rleri i\u00e7in toplu sat\u0131\u015flar yap\u0131l\u0131r. \u00dcCRETS\u0130Z NUMUNE TALEB\u0130\",\"breadcrumb\":{\"@id\":\"https:\\\/\\\/herbetwa.net\\\/tr\\\/product\\\/dogranmis-sogan\\\/#breadcrumb\"},\"inLanguage\":\"tr\",\"potentialAction\":[{\"@type\":\"ReadAction\",\"target\":[\"https:\\\/\\\/herbetwa.net\\\/tr\\\/product\\\/dogranmis-sogan\\\/\"]}]},{\"@type\":\"ImageObject\",\"inLanguage\":\"tr\",\"@id\":\"https:\\\/\\\/herbetwa.net\\\/tr\\\/product\\\/dogranmis-sogan\\\/#primaryimage\",\"url\":\"https:\\\/\\\/herbetwa.net\\\/wp-content\\\/uploads\\\/2022\\\/04\\\/19-kiyilmis-sogan-misir-herb-etwa.png\",\"contentUrl\":\"https:\\\/\\\/herbetwa.net\\\/wp-content\\\/uploads\\\/2022\\\/04\\\/19-kiyilmis-sogan-misir-herb-etwa.png\",\"width\":633,\"height\":381,\"caption\":\"\u0130thal do\u011franm\u0131\u015f so\u011fan Toptan Sat\u0131\u015f yap\u0131l\u0131r\"},{\"@type\":\"BreadcrumbList\",\"@id\":\"https:\\\/\\\/herbetwa.net\\\/tr\\\/product\\\/dogranmis-sogan\\\/#breadcrumb\",\"itemListElement\":[{\"@type\":\"ListItem\",\"position\":1,\"name\":\"Home\",\"item\":\"https:\\\/\\\/www.herbetwa.net\\\/tr\\\/\"},{\"@type\":\"ListItem\",\"position\":2,\"name\":\"Do\u011franm\u0131\u015f So\u011fan\"}]},{\"@type\":\"WebSite\",\"@id\":\"https:\\\/\\\/herbetwa.net\\\/en\\\/#website\",\"url\":\"https:\\\/\\\/herbetwa.net\\\/en\\\/\",\"name\":\"Herb Etwa\",\"description\":\"Herbs and Spices From Middle East\",\"potentialAction\":[{\"@type\":\"SearchAction\",\"target\":{\"@type\":\"EntryPoint\",\"urlTemplate\":\"https:\\\/\\\/herbetwa.net\\\/en\\\/?s={search_term_string}\"},\"query-input\":{\"@type\":\"PropertyValueSpecification\",\"valueRequired\":true,\"valueName\":\"search_term_string\"}}],\"inLanguage\":\"tr\"}]}<\/script>\n<!-- \/ Yoast SEO Premium plugin. -->","yoast_head_json":{"title":"Do\u011franm\u0131\u015f So\u011fan tedarik\u00e7isi |Herb Etwa| Hemen fiyat teklifi","description":"Do\u011franm\u0131\u015f so\u011fan\u0131n g\u00fcvenilir tedarik\u00e7isi. Bitkisel \u00fcr\u00fcn toptanc\u0131lar\u0131 ve distrib\u00fct\u00f6rleri i\u00e7in toplu sat\u0131\u015flar yap\u0131l\u0131r. \u00dcCRETS\u0130Z NUMUNE TALEB\u0130","robots":{"index":"index","follow":"follow","max-snippet":"max-snippet:-1","max-image-preview":"max-image-preview:large","max-video-preview":"max-video-preview:-1"},"canonical":"https:\/\/herbetwa.net\/tr\/product\/dogranmis-sogan\/","og_locale":"tr_TR","og_type":"article","og_title":"Do\u011franm\u0131\u015f So\u011fan","og_description":"Do\u011franm\u0131\u015f so\u011fan\u0131n g\u00fcvenilir tedarik\u00e7isi. Bitkisel \u00fcr\u00fcn toptanc\u0131lar\u0131 ve distrib\u00fct\u00f6rleri i\u00e7in toplu sat\u0131\u015flar yap\u0131l\u0131r. \u00dcCRETS\u0130Z NUMUNE TALEB\u0130","og_url":"https:\/\/herbetwa.net\/tr\/product\/dogranmis-sogan\/","og_site_name":"Herb Etwa","article_modified_time":"2022-05-20T12:55:02+00:00","og_image":[{"width":633,"height":381,"url":"https:\/\/herbetwa.net\/wp-content\/uploads\/2022\/04\/19-kiyilmis-sogan-misir-herb-etwa.png","type":"image\/png"}],"twitter_card":"summary_large_image","twitter_misc":{"Tahmini okuma s\u00fcresi":"1 dakika"},"schema":{"@context":"https:\/\/schema.org","@graph":[{"@type":"WebPage","@id":"https:\/\/herbetwa.net\/tr\/product\/dogranmis-sogan\/","url":"https:\/\/herbetwa.net\/tr\/product\/dogranmis-sogan\/","name":"Do\u011franm\u0131\u015f So\u011fan tedarik\u00e7isi |Herb Etwa| Hemen fiyat teklifi","isPartOf":{"@id":"https:\/\/herbetwa.net\/en\/#website"},"primaryImageOfPage":{"@id":"https:\/\/herbetwa.net\/tr\/product\/dogranmis-sogan\/#primaryimage"},"image":{"@id":"https:\/\/herbetwa.net\/tr\/product\/dogranmis-sogan\/#primaryimage"},"thumbnailUrl":"https:\/\/herbetwa.net\/wp-content\/uploads\/2022\/04\/19-kiyilmis-sogan-misir-herb-etwa.png","datePublished":"2022-04-03T17:35:15+00:00","dateModified":"2022-05-20T12:55:02+00:00","description":"Do\u011franm\u0131\u015f so\u011fan\u0131n g\u00fcvenilir tedarik\u00e7isi. Bitkisel \u00fcr\u00fcn toptanc\u0131lar\u0131 ve distrib\u00fct\u00f6rleri i\u00e7in toplu sat\u0131\u015flar yap\u0131l\u0131r. \u00dcCRETS\u0130Z NUMUNE TALEB\u0130","breadcrumb":{"@id":"https:\/\/herbetwa.net\/tr\/product\/dogranmis-sogan\/#breadcrumb"},"inLanguage":"tr","potentialAction":[{"@type":"ReadAction","target":["https:\/\/herbetwa.net\/tr\/product\/dogranmis-sogan\/"]}]},{"@type":"ImageObject","inLanguage":"tr","@id":"https:\/\/herbetwa.net\/tr\/product\/dogranmis-sogan\/#primaryimage","url":"https:\/\/herbetwa.net\/wp-content\/uploads\/2022\/04\/19-kiyilmis-sogan-misir-herb-etwa.png","contentUrl":"https:\/\/herbetwa.net\/wp-content\/uploads\/2022\/04\/19-kiyilmis-sogan-misir-herb-etwa.png","width":633,"height":381,"caption":"\u0130thal do\u011franm\u0131\u015f so\u011fan Toptan Sat\u0131\u015f yap\u0131l\u0131r"},{"@type":"BreadcrumbList","@id":"https:\/\/herbetwa.net\/tr\/product\/dogranmis-sogan\/#breadcrumb","itemListElement":[{"@type":"ListItem","position":1,"name":"Home","item":"https:\/\/www.herbetwa.net\/tr\/"},{"@type":"ListItem","position":2,"name":"Do\u011franm\u0131\u015f So\u011fan"}]},{"@type":"WebSite","@id":"https:\/\/herbetwa.net\/en\/#website","url":"https:\/\/herbetwa.net\/en\/","name":"Herb Etwa","description":"Herbs and Spices From Middle East","potentialAction":[{"@type":"SearchAction","target":{"@type":"EntryPoint","urlTemplate":"https:\/\/herbetwa.net\/en\/?s={search_term_string}"},"query-input":{"@type":"PropertyValueSpecification","valueRequired":true,"valueName":"search_term_string"}}],"inLanguage":"tr"}]}},"_links":{"self":[{"href":"https:\/\/herbetwa.net\/tr\/wp-json\/wp\/v2\/product\/1029","targetHints":{"allow":["GET"]}}],"collection":[{"href":"https:\/\/herbetwa.net\/tr\/wp-json\/wp\/v2\/product"}],"about":[{"href":"https:\/\/herbetwa.net\/tr\/wp-json\/wp\/v2\/types\/product"}],"wp:featuredmedia":[{"embeddable":true,"href":"https:\/\/herbetwa.net\/tr\/wp-json\/wp\/v2\/media\/811"}],"wp:attachment":[{"href":"https:\/\/herbetwa.net\/tr\/wp-json\/wp\/v2\/media?parent=1029"}],"wp:term":[{"taxonomy":"product-category","embeddable":true,"href":"https:\/\/herbetwa.net\/tr\/wp-json\/wp\/v2\/product-category?post=1029"}],"curies":[{"name":"wp","href":"https:\/\/api.w.org\/{rel}","templated":true}]}}