{"id":1022,"date":"2022-04-03T20:33:57","date_gmt":"2022-04-03T17:33:57","guid":{"rendered":"https:\/\/herbetwa-com-842510.hostingersite.com\/product\/marjoram\/"},"modified":"2022-05-20T15:54:28","modified_gmt":"2022-05-20T12:54:28","slug":"mercankosk","status":"publish","type":"product","link":"https:\/\/herbetwa.net\/tr\/product\/mercankosk\/","title":{"rendered":"Mercank\u00f6\u015fk"},"content":{"rendered":"\n<p>Mercank\u00f6\u015fk (M\u0131s\u0131r k\u00f6kenli)<\/p>\n\n\n\n<p>Mercank\u00f6\u015fk, ball\u0131babagiller familyas\u0131ndand\u0131r. Kurak yerlerde, kayal\u0131k b\u00f6lgelerde s\u0131k\u00e7a rastlanan, \u00e7al\u0131 g\u00f6r\u00fcn\u00fcml\u00fc, ho\u015f kokulu uzun y\u0131ll\u0131k bir bitkidir.Mercank\u00f6\u015fk bir\u00e7ok yemekte baharat olarak kullan\u0131l\u0131r. Ayr\u0131ca t\u0131bbi \u00f6zelliklere sahip oldu\u011fu bilinmektedir. Mercank\u00f6\u015fk\u00fcn ilk olarak eski M\u0131s\u0131r&#8217;da yeti\u015ftirildi\u011fine inan\u0131l\u0131yor. Lamiaceae nane ailesine ait \u00e7ok y\u0131ll\u0131k otsu bir bitkidir. Bu bitkinin k\u00fc\u00e7\u00fck yapraklar\u0131 ve beyaz \u00e7i\u00e7ekleri vard\u0131r. Boyu 2 metreye kadar b\u00fcy\u00fcyebilir.Baz\u0131 y\u00f6relerde G\u00fcveyotu, Keklikotu ya da Mercank\u00f6\u015fk isimleriyle de bilinir. Koyu ye\u015fil yapraklar\u0131 kekik gibi aromal\u0131 kokar. Haziran ve Ekim aylar\u0131 aras\u0131nda beyaz ya da pembe \u00e7i\u00e7eklerle do\u011fay\u0131 \u015fenlendirir. Romal\u0131lar d\u00f6neminden beri \u00f6zellikle Orta Avrupa\u2019da keki\u011fe yak\u0131n bir tatta olu\u015fuyla \u00fcn salm\u0131\u015ft\u0131r. Hemen her t\u00fcrl\u00fc et yeme\u011finde, sebzelerde, salatalarda kendine has aromas\u0131n\u0131 \u00f6zg\u00fcrce sergiler. Afrodit, Mercank\u00f6\u015fk\u00fcn m\u00fcthi\u015f kokusunu \u2018mutluluk\u2019 simgesi olarak kabul etmi\u015ftir.<\/p>\n\n\n\n<p>Mercank\u00f6\u015fk\u00fcn Kullan\u0131m Alanlar\u0131<\/p>\n\n\n\n<p>Bir mutfak otu ve baharat olarak kullan\u0131l\u0131r. Genellikle \u00e7orbalara, yahnilere, soslara ve di\u011fer tuzlu yemeklere eklenir. Akdeniz mutfa\u011f\u0131nda da yayg\u0131n olarak kullan\u0131l\u0131r. Bazen kekik olarak da adland\u0131r\u0131l\u0131r, ancak bu isim do\u011fru de\u011fildir. Kekik, &#8220;da\u011f nektar\u0131&#8221; anlam\u0131na gelen Yunanca &#8220;oregein&#8221; kelimesinden gelir. Mercank\u00f6\u015fk asl\u0131nda nane ailesinin bir \u00fcyesidir.<\/p>\n\n\n\n<p>Mercank\u00f6\u015fk\u00fcn Sa\u011fl\u0131\u011fa Faydalar\u0131<\/p>\n\n\n\n<p>&nbsp;Mercank\u00f6\u015fk\u00fcn faydalar\u0131 \u00e7oktur. Kan bas\u0131nc\u0131n\u0131 d\u00fc\u015f\u00fcrmeye, kolesterol seviyelerini d\u00fc\u015f\u00fcrmeye, sindirimi uyarmaya ve haz\u0131ms\u0131zl\u0131\u011f\u0131 gidermeye yard\u0131mc\u0131 oldu\u011fu s\u00f6ylenir. Ayr\u0131ca so\u011fuk alg\u0131nl\u0131\u011f\u0131, grip ve solunum yolu enfeksiyonlar\u0131na kar\u015f\u0131 etkili oldu\u011fu d\u00fc\u015f\u00fcn\u00fclmektedir.<\/p>\n\n\n\n<p><strong>Ad\u0131: <\/strong>Mercank\u00f6\u015fk<\/p>\n\n\n\n<p><strong>Botanik<\/strong> <strong>Ad\u0131: <\/strong>Origanum Majorana Alternatif isimler Tatl\u0131 Mercank\u00f6\u015fk<\/p>\n\n\n\n<p><strong>Form:<\/strong>3.5-4 mm\/ toz b\u0131rak\u0131r<\/p>\n\n\n\n<p><strong>Kalite: <\/strong>1. s\u0131n\u0131f<\/p>\n\n\n\n<p><strong>Paket: <\/strong>20 kg ka\u011f\u0131t torba veya 25 kg polipropilen torba<\/p>\n\n\n\n<p><strong>Bulunabilirlik: <\/strong>Mahsul May\u0131s ay\u0131nda ba\u015flar ve t\u00fcm y\u0131l stokta mevcuttur.<\/p>\n\n\n\n<p><strong>Bu \u00fcr\u00fcn farkl\u0131 bi\u00e7imlerde de mevcuttur:<\/strong>:<\/p>\n\n\n\n<p>\u00b7 \u0130ri kesim mercank\u00f6\u015fk&nbsp;<\/p>\n\n\n\n<p>\u00b7 Standart kesim mercank\u00f6\u015fk&nbsp;<\/p>\n\n\n\n<p>\u00b7 \u0130nce kesim mercank\u00f6\u015fk<\/p>\n\n\n\n<p>\u00b7 Mercank\u00f6\u015fk tozu<\/p>\n\n\n\n<p><strong>Men\u015fei:<\/strong> M\u0131s\u0131r<\/p>\n\n\n\n<figure class=\"wp-block-gallery has-nested-images columns-default is-cropped wp-block-gallery-1 is-layout-flex wp-block-gallery-is-layout-flex\">\n<figure class=\"wp-block-image size-large\"><img loading=\"lazy\" decoding=\"async\" width=\"1024\" height=\"1024\" data-id=\"805\" src=\"https:\/\/herbetwa-com-842510.hostingersite.com\/wp-content\/uploads\/2022\/04\/18-ince-dogranmis-mercan-kosk-misir-herb-etwa-1024x1024.jpg\" alt=\"\u0130thal do\u011franmi\u015f mercank\u00f6\u015fk Toptan sat\u0131\u015f yap\u0131l\u0131r\" class=\"wp-image-805\" srcset=\"https:\/\/herbetwa.net\/wp-content\/uploads\/2022\/04\/18-ince-dogranmis-mercan-kosk-misir-herb-etwa.jpg 1024w, https:\/\/herbetwa.net\/wp-content\/uploads\/2022\/04\/18-ince-dogranmis-mercan-kosk-misir-herb-etwa-300x300.jpg 300w, https:\/\/herbetwa.net\/wp-content\/uploads\/2022\/04\/18-ince-dogranmis-mercan-kosk-misir-herb-etwa-150x150.jpg 150w, https:\/\/herbetwa.net\/wp-content\/uploads\/2022\/04\/18-ince-dogranmis-mercan-kosk-misir-herb-etwa-768x768.jpg 768w\" sizes=\"auto, (max-width: 1024px) 100vw, 1024px\" \/><\/figure>\n\n\n\n<figure class=\"wp-block-image size-large\"><img loading=\"lazy\" decoding=\"async\" width=\"1024\" height=\"1024\" data-id=\"808\" src=\"https:\/\/herbetwa-com-842510.hostingersite.com\/wp-content\/uploads\/2022\/04\/18-toz-mercan-kosk-misir-herb-etwa-1024x1024.jpg\" alt=\"\u0130thal Toz mercank\u00f6\u015fk Toptan sat\u0131\u015f yap\u0131l\u0131r\" class=\"wp-image-808\" srcset=\"https:\/\/herbetwa.net\/wp-content\/uploads\/2022\/04\/18-toz-mercan-kosk-misir-herb-etwa.jpg 1024w, https:\/\/herbetwa.net\/wp-content\/uploads\/2022\/04\/18-toz-mercan-kosk-misir-herb-etwa-300x300.jpg 300w, https:\/\/herbetwa.net\/wp-content\/uploads\/2022\/04\/18-toz-mercan-kosk-misir-herb-etwa-150x150.jpg 150w, https:\/\/herbetwa.net\/wp-content\/uploads\/2022\/04\/18-toz-mercan-kosk-misir-herb-etwa-768x768.jpg 768w\" sizes=\"auto, (max-width: 1024px) 100vw, 1024px\" \/><\/figure>\n<\/figure>\n","protected":false},"featured_media":808,"template":"","product-category":[25],"class_list":["post-1022","product","type-product","status-publish","has-post-thumbnail","hentry","product-category-baharatlar"],"yoast_head":"<!-- This site is optimized with the Yoast SEO Premium plugin v16.6 (Yoast SEO v27.4) - https:\/\/yoast.com\/product\/yoast-seo-premium-wordpress\/ -->\n<title>Toptan mercank\u00f6\u015fk tedarik\u00e7isi |Herb Etwa | Hemen fiyat teklifi<\/title>\n<meta name=\"description\" content=\"Mercank\u00f6\u015fk\u00fcn g\u00fcvenilir tedarik\u00e7isi. Bitkisel \u00fcr\u00fcn toptanc\u0131lar\u0131 ve distrib\u00fct\u00f6rleri i\u00e7in toplu sat\u0131\u015flar yap\u0131l\u0131r. \u00dcCRETS\u0130Z NUMUNE TALEB\u0130\" \/>\n<meta name=\"robots\" content=\"index, follow, max-snippet:-1, max-image-preview:large, max-video-preview:-1\" \/>\n<link rel=\"canonical\" href=\"https:\/\/herbetwa.net\/tr\/product\/mercankosk\/\" \/>\n<meta property=\"og:locale\" content=\"tr_TR\" \/>\n<meta property=\"og:type\" content=\"article\" \/>\n<meta property=\"og:title\" content=\"Mercank\u00f6\u015fk\" \/>\n<meta property=\"og:description\" content=\"Mercank\u00f6\u015fk\u00fcn g\u00fcvenilir tedarik\u00e7isi. Bitkisel \u00fcr\u00fcn toptanc\u0131lar\u0131 ve distrib\u00fct\u00f6rleri i\u00e7in toplu sat\u0131\u015flar yap\u0131l\u0131r. \u00dcCRETS\u0130Z NUMUNE TALEB\u0130\" \/>\n<meta property=\"og:url\" content=\"https:\/\/herbetwa.net\/tr\/product\/mercankosk\/\" \/>\n<meta property=\"og:site_name\" content=\"Herb Etwa\" \/>\n<meta property=\"article:modified_time\" content=\"2022-05-20T12:54:28+00:00\" \/>\n<meta property=\"og:image\" content=\"https:\/\/herbetwa.net\/wp-content\/uploads\/2022\/04\/18-toz-mercan-kosk-misir-herb-etwa.jpg\" \/>\n\t<meta property=\"og:image:width\" content=\"1024\" \/>\n\t<meta property=\"og:image:height\" content=\"1024\" \/>\n\t<meta property=\"og:image:type\" content=\"image\/jpeg\" \/>\n<meta name=\"twitter:card\" content=\"summary_large_image\" \/>\n<meta name=\"twitter:label1\" content=\"Tahmini okuma s\u00fcresi\" \/>\n\t<meta name=\"twitter:data1\" content=\"2 dakika\" \/>\n<script type=\"application\/ld+json\" class=\"yoast-schema-graph\">{\"@context\":\"https:\\\/\\\/schema.org\",\"@graph\":[{\"@type\":\"WebPage\",\"@id\":\"https:\\\/\\\/herbetwa.net\\\/tr\\\/product\\\/mercankosk\\\/\",\"url\":\"https:\\\/\\\/herbetwa.net\\\/tr\\\/product\\\/mercankosk\\\/\",\"name\":\"Toptan mercank\u00f6\u015fk tedarik\u00e7isi |Herb Etwa | Hemen fiyat teklifi\",\"isPartOf\":{\"@id\":\"https:\\\/\\\/herbetwa.net\\\/en\\\/#website\"},\"primaryImageOfPage\":{\"@id\":\"https:\\\/\\\/herbetwa.net\\\/tr\\\/product\\\/mercankosk\\\/#primaryimage\"},\"image\":{\"@id\":\"https:\\\/\\\/herbetwa.net\\\/tr\\\/product\\\/mercankosk\\\/#primaryimage\"},\"thumbnailUrl\":\"https:\\\/\\\/herbetwa.net\\\/wp-content\\\/uploads\\\/2022\\\/04\\\/18-toz-mercan-kosk-misir-herb-etwa.jpg\",\"datePublished\":\"2022-04-03T17:33:57+00:00\",\"dateModified\":\"2022-05-20T12:54:28+00:00\",\"description\":\"Mercank\u00f6\u015fk\u00fcn g\u00fcvenilir tedarik\u00e7isi. Bitkisel \u00fcr\u00fcn toptanc\u0131lar\u0131 ve distrib\u00fct\u00f6rleri i\u00e7in toplu sat\u0131\u015flar yap\u0131l\u0131r. \u00dcCRETS\u0130Z NUMUNE TALEB\u0130\",\"breadcrumb\":{\"@id\":\"https:\\\/\\\/herbetwa.net\\\/tr\\\/product\\\/mercankosk\\\/#breadcrumb\"},\"inLanguage\":\"tr\",\"potentialAction\":[{\"@type\":\"ReadAction\",\"target\":[\"https:\\\/\\\/herbetwa.net\\\/tr\\\/product\\\/mercankosk\\\/\"]}]},{\"@type\":\"ImageObject\",\"inLanguage\":\"tr\",\"@id\":\"https:\\\/\\\/herbetwa.net\\\/tr\\\/product\\\/mercankosk\\\/#primaryimage\",\"url\":\"https:\\\/\\\/herbetwa.net\\\/wp-content\\\/uploads\\\/2022\\\/04\\\/18-toz-mercan-kosk-misir-herb-etwa.jpg\",\"contentUrl\":\"https:\\\/\\\/herbetwa.net\\\/wp-content\\\/uploads\\\/2022\\\/04\\\/18-toz-mercan-kosk-misir-herb-etwa.jpg\",\"width\":1024,\"height\":1024,\"caption\":\"\u0130thal Toz mercank\u00f6\u015fk Toptan sat\u0131\u015f yap\u0131l\u0131r\"},{\"@type\":\"BreadcrumbList\",\"@id\":\"https:\\\/\\\/herbetwa.net\\\/tr\\\/product\\\/mercankosk\\\/#breadcrumb\",\"itemListElement\":[{\"@type\":\"ListItem\",\"position\":1,\"name\":\"Home\",\"item\":\"https:\\\/\\\/www.herbetwa.net\\\/tr\\\/\"},{\"@type\":\"ListItem\",\"position\":2,\"name\":\"Mercank\u00f6\u015fk\"}]},{\"@type\":\"WebSite\",\"@id\":\"https:\\\/\\\/herbetwa.net\\\/en\\\/#website\",\"url\":\"https:\\\/\\\/herbetwa.net\\\/en\\\/\",\"name\":\"Herb Etwa\",\"description\":\"Herbs and Spices From Middle East\",\"potentialAction\":[{\"@type\":\"SearchAction\",\"target\":{\"@type\":\"EntryPoint\",\"urlTemplate\":\"https:\\\/\\\/herbetwa.net\\\/en\\\/?s={search_term_string}\"},\"query-input\":{\"@type\":\"PropertyValueSpecification\",\"valueRequired\":true,\"valueName\":\"search_term_string\"}}],\"inLanguage\":\"tr\"}]}<\/script>\n<!-- \/ Yoast SEO Premium plugin. -->","yoast_head_json":{"title":"Toptan mercank\u00f6\u015fk tedarik\u00e7isi |Herb Etwa | Hemen fiyat teklifi","description":"Mercank\u00f6\u015fk\u00fcn g\u00fcvenilir tedarik\u00e7isi. Bitkisel \u00fcr\u00fcn toptanc\u0131lar\u0131 ve distrib\u00fct\u00f6rleri i\u00e7in toplu sat\u0131\u015flar yap\u0131l\u0131r. \u00dcCRETS\u0130Z NUMUNE TALEB\u0130","robots":{"index":"index","follow":"follow","max-snippet":"max-snippet:-1","max-image-preview":"max-image-preview:large","max-video-preview":"max-video-preview:-1"},"canonical":"https:\/\/herbetwa.net\/tr\/product\/mercankosk\/","og_locale":"tr_TR","og_type":"article","og_title":"Mercank\u00f6\u015fk","og_description":"Mercank\u00f6\u015fk\u00fcn g\u00fcvenilir tedarik\u00e7isi. Bitkisel \u00fcr\u00fcn toptanc\u0131lar\u0131 ve distrib\u00fct\u00f6rleri i\u00e7in toplu sat\u0131\u015flar yap\u0131l\u0131r. \u00dcCRETS\u0130Z NUMUNE TALEB\u0130","og_url":"https:\/\/herbetwa.net\/tr\/product\/mercankosk\/","og_site_name":"Herb Etwa","article_modified_time":"2022-05-20T12:54:28+00:00","og_image":[{"width":1024,"height":1024,"url":"https:\/\/herbetwa.net\/wp-content\/uploads\/2022\/04\/18-toz-mercan-kosk-misir-herb-etwa.jpg","type":"image\/jpeg"}],"twitter_card":"summary_large_image","twitter_misc":{"Tahmini okuma s\u00fcresi":"2 dakika"},"schema":{"@context":"https:\/\/schema.org","@graph":[{"@type":"WebPage","@id":"https:\/\/herbetwa.net\/tr\/product\/mercankosk\/","url":"https:\/\/herbetwa.net\/tr\/product\/mercankosk\/","name":"Toptan mercank\u00f6\u015fk tedarik\u00e7isi |Herb Etwa | Hemen fiyat teklifi","isPartOf":{"@id":"https:\/\/herbetwa.net\/en\/#website"},"primaryImageOfPage":{"@id":"https:\/\/herbetwa.net\/tr\/product\/mercankosk\/#primaryimage"},"image":{"@id":"https:\/\/herbetwa.net\/tr\/product\/mercankosk\/#primaryimage"},"thumbnailUrl":"https:\/\/herbetwa.net\/wp-content\/uploads\/2022\/04\/18-toz-mercan-kosk-misir-herb-etwa.jpg","datePublished":"2022-04-03T17:33:57+00:00","dateModified":"2022-05-20T12:54:28+00:00","description":"Mercank\u00f6\u015fk\u00fcn g\u00fcvenilir tedarik\u00e7isi. Bitkisel \u00fcr\u00fcn toptanc\u0131lar\u0131 ve distrib\u00fct\u00f6rleri i\u00e7in toplu sat\u0131\u015flar yap\u0131l\u0131r. \u00dcCRETS\u0130Z NUMUNE TALEB\u0130","breadcrumb":{"@id":"https:\/\/herbetwa.net\/tr\/product\/mercankosk\/#breadcrumb"},"inLanguage":"tr","potentialAction":[{"@type":"ReadAction","target":["https:\/\/herbetwa.net\/tr\/product\/mercankosk\/"]}]},{"@type":"ImageObject","inLanguage":"tr","@id":"https:\/\/herbetwa.net\/tr\/product\/mercankosk\/#primaryimage","url":"https:\/\/herbetwa.net\/wp-content\/uploads\/2022\/04\/18-toz-mercan-kosk-misir-herb-etwa.jpg","contentUrl":"https:\/\/herbetwa.net\/wp-content\/uploads\/2022\/04\/18-toz-mercan-kosk-misir-herb-etwa.jpg","width":1024,"height":1024,"caption":"\u0130thal Toz mercank\u00f6\u015fk Toptan sat\u0131\u015f yap\u0131l\u0131r"},{"@type":"BreadcrumbList","@id":"https:\/\/herbetwa.net\/tr\/product\/mercankosk\/#breadcrumb","itemListElement":[{"@type":"ListItem","position":1,"name":"Home","item":"https:\/\/www.herbetwa.net\/tr\/"},{"@type":"ListItem","position":2,"name":"Mercank\u00f6\u015fk"}]},{"@type":"WebSite","@id":"https:\/\/herbetwa.net\/en\/#website","url":"https:\/\/herbetwa.net\/en\/","name":"Herb Etwa","description":"Herbs and Spices From Middle East","potentialAction":[{"@type":"SearchAction","target":{"@type":"EntryPoint","urlTemplate":"https:\/\/herbetwa.net\/en\/?s={search_term_string}"},"query-input":{"@type":"PropertyValueSpecification","valueRequired":true,"valueName":"search_term_string"}}],"inLanguage":"tr"}]}},"_links":{"self":[{"href":"https:\/\/herbetwa.net\/tr\/wp-json\/wp\/v2\/product\/1022","targetHints":{"allow":["GET"]}}],"collection":[{"href":"https:\/\/herbetwa.net\/tr\/wp-json\/wp\/v2\/product"}],"about":[{"href":"https:\/\/herbetwa.net\/tr\/wp-json\/wp\/v2\/types\/product"}],"wp:featuredmedia":[{"embeddable":true,"href":"https:\/\/herbetwa.net\/tr\/wp-json\/wp\/v2\/media\/808"}],"wp:attachment":[{"href":"https:\/\/herbetwa.net\/tr\/wp-json\/wp\/v2\/media?parent=1022"}],"wp:term":[{"taxonomy":"product-category","embeddable":true,"href":"https:\/\/herbetwa.net\/tr\/wp-json\/wp\/v2\/product-category?post=1022"}],"curies":[{"name":"wp","href":"https:\/\/api.w.org\/{rel}","templated":true}]}}