{"id":1017,"date":"2022-04-03T20:32:15","date_gmt":"2022-04-03T20:32:15","guid":{"rendered":"https:\/\/herbetwa-com-842510.hostingersite.com\/product\/laurel-leaves\/"},"modified":"2022-05-20T15:53:53","modified_gmt":"2022-05-20T12:53:53","slug":"defne-yapragi","status":"publish","type":"product","link":"https:\/\/herbetwa.net\/tr\/product\/defne-yapragi\/","title":{"rendered":"Defne Yapra\u011f\u0131"},"content":{"rendered":"\n<p>Defne a\u011fac\u0131 (Laurus nobilis), g\u00fcney Avrupa ve bat\u0131 Asya&#8217;ya \u00f6zg\u00fcd\u00fcr. Yemeklerde, parf\u00fcmlerde ve t\u0131pta kullan\u0131lan aromatik yapraklar\u0131 i\u00e7in eski zamanlardan beri yeti\u015ftirilmektedir. Ad\u0131, &#8220;alt\u0131n&#8221; anlam\u0131na gelen Latince &#8220;laurea&#8221; kelimesinden gelir. Yapraklar ilkbaharda hasat edilir ve g\u00fcne\u015fte kurutulur. Kalitelerini kaybetmeden birka\u00e7 ay saklanabilirler.<\/p>\n\n\n\n<p>Laurus Nobilis Ya\u011f\u0131<\/p>\n\n\n\n<p>&nbsp;&nbsp;Bu ya\u011f defne a\u011fac\u0131n\u0131n yapraklar\u0131ndan elde edilir. Linalool, geraniol, nerol, sitronellal, sitral ve terpinen-4-ol dahil olmak \u00fczere y\u00fcksek monoterpen i\u00e7eri\u011fi ile bilinir. Bu bile\u015fikler, onlar\u0131 kozmetik ve aromaterapide faydal\u0131 k\u0131lan g\u00fc\u00e7l\u00fc bir aromaya sahiptir.<\/p>\n\n\n\n<p>Hindistan cevizi ya\u011f\u0131ndan elde edilen doymu\u015f bir ya\u011f asididir. Antimikrobiyal \u00f6zelliklerinden dolay\u0131 g\u0131dalarda, ila\u00e7larda ve ki\u015fisel bak\u0131m \u00fcr\u00fcnlerinde yayg\u0131n olarak kullan\u0131lmaktad\u0131r.<\/p>\n\n\n\n<p><strong>Ad\u0131: <\/strong>Defne yapra\u011f\u0131<\/p>\n\n\n\n<p><strong>Botanik<\/strong> <strong>Ad\u0131: <\/strong>Laurus nobilis<\/p>\n\n\n\n<p><strong>Form: <\/strong>Kesilmi\u015f ve Elenmi\u015f, K\u0131r\u0131k, \u00d6\u011f\u00fct\u00fclm\u00fc\u015f<\/p>\n\n\n\n<p><strong>Kalite: <\/strong>1. S\u0131n\u0131f<\/p>\n\n\n\n<p><strong>Ambalaj: <\/strong>10-20 kg net a\u011f\u0131rl\u0131k Karton Kutular veya 25 kg Net a\u011f\u0131rl\u0131k PP torbalar<\/p>\n\n\n\n<p><strong>Bulunabilirlik: <\/strong>Mahsul t\u00fcm y\u0131l boyunca mevcuttur.<\/p>\n\n\n\n<p><strong>Familyas\u0131: <\/strong>Lauraceae<\/p>\n\n\n\n<p><strong>Men\u015fei:<\/strong> M\u0131s\u0131r<\/p>\n\n\n\n<figure class=\"wp-block-gallery has-nested-images columns-default is-cropped wp-block-gallery-1 is-layout-flex wp-block-gallery-is-layout-flex\">\n<figure class=\"wp-block-image size-large\"><img loading=\"lazy\" decoding=\"async\" width=\"1024\" height=\"1024\" data-id=\"796\" src=\"https:\/\/herbetwa-com-842510.hostingersite.com\/wp-content\/uploads\/2022\/04\/17-defne-yapragi-misir-herb-etwa.jpg\" alt=\"\u0130thal Tam defne yapra\u011f\u0131 Toptan sat\u0131\u015f yap\u0131l\u0131r\" class=\"wp-image-796\" srcset=\"https:\/\/herbetwa.net\/wp-content\/uploads\/2022\/04\/17-defne-yapragi-misir-herb-etwa.jpg 1024w, https:\/\/herbetwa.net\/wp-content\/uploads\/2022\/04\/17-defne-yapragi-misir-herb-etwa-300x300.jpg 300w, https:\/\/herbetwa.net\/wp-content\/uploads\/2022\/04\/17-defne-yapragi-misir-herb-etwa-150x150.jpg 150w, https:\/\/herbetwa.net\/wp-content\/uploads\/2022\/04\/17-defne-yapragi-misir-herb-etwa-768x768.jpg 768w\" sizes=\"auto, (max-width: 1024px) 100vw, 1024px\" \/><\/figure>\n\n\n\n<figure class=\"wp-block-image size-large\"><img loading=\"lazy\" decoding=\"async\" width=\"1024\" height=\"1024\" data-id=\"799\" src=\"https:\/\/herbetwa-com-842510.hostingersite.com\/wp-content\/uploads\/2022\/04\/17-ince-dogranmis-defne-yapragi-misir-herb-etwa.jpg\" alt=\"\u0130thal do\u011franm\u0131\u015f defne yapra\u011f\u0131 Toptan sat\u0131\u015f yap\u0131l\u0131r\" class=\"wp-image-799\" srcset=\"https:\/\/herbetwa.net\/wp-content\/uploads\/2022\/04\/17-ince-dogranmis-defne-yapragi-misir-herb-etwa.jpg 1024w, https:\/\/herbetwa.net\/wp-content\/uploads\/2022\/04\/17-ince-dogranmis-defne-yapragi-misir-herb-etwa-300x300.jpg 300w, https:\/\/herbetwa.net\/wp-content\/uploads\/2022\/04\/17-ince-dogranmis-defne-yapragi-misir-herb-etwa-150x150.jpg 150w, https:\/\/herbetwa.net\/wp-content\/uploads\/2022\/04\/17-ince-dogranmis-defne-yapragi-misir-herb-etwa-768x768.jpg 768w\" sizes=\"auto, (max-width: 1024px) 100vw, 1024px\" \/><\/figure>\n\n\n\n<figure class=\"wp-block-image size-large\"><img loading=\"lazy\" decoding=\"async\" width=\"1024\" height=\"1024\" data-id=\"802\" src=\"https:\/\/herbetwa-com-842510.hostingersite.com\/wp-content\/uploads\/2022\/04\/17-toz-defne-yapragi-misir-herb-etwa.jpg\" alt=\"\u0130thal Toz defne yapra\u011f\u0131 Toptan sat\u0131\u015f yap\u0131l\u0131r\" class=\"wp-image-802\" srcset=\"https:\/\/herbetwa.net\/wp-content\/uploads\/2022\/04\/17-toz-defne-yapragi-misir-herb-etwa.jpg 1024w, https:\/\/herbetwa.net\/wp-content\/uploads\/2022\/04\/17-toz-defne-yapragi-misir-herb-etwa-300x300.jpg 300w, https:\/\/herbetwa.net\/wp-content\/uploads\/2022\/04\/17-toz-defne-yapragi-misir-herb-etwa-150x150.jpg 150w, https:\/\/herbetwa.net\/wp-content\/uploads\/2022\/04\/17-toz-defne-yapragi-misir-herb-etwa-768x768.jpg 768w\" sizes=\"auto, (max-width: 1024px) 100vw, 1024px\" \/><\/figure>\n<\/figure>\n","protected":false},"featured_media":796,"template":"","product-category":[25],"class_list":["post-1017","product","type-product","status-publish","has-post-thumbnail","hentry","product-category-baharatlar"],"yoast_head":"<!-- This site is optimized with the Yoast SEO Premium plugin v16.6 (Yoast SEO v27.4) - https:\/\/yoast.com\/product\/yoast-seo-premium-wordpress\/ -->\n<title>Toptan Defne Yapra\u011f\u0131 Tedarik\u00e7isi | Herb Etwa | Hemen Fiyat Teklifi<\/title>\n<meta name=\"description\" content=\"Defne yapra\u011f\u0131n\u0131n g\u00fcvenilir tedarik\u00e7isi. Bitkisel \u00fcr\u00fcn toptanc\u0131lar\u0131 ve distrib\u00fct\u00f6rleri i\u00e7in toplu sat\u0131\u015flar yap\u0131l\u0131r. \u00dcCRETS\u0130Z NUMUNE TALEB\u0130\" \/>\n<meta name=\"robots\" content=\"index, follow, max-snippet:-1, max-image-preview:large, max-video-preview:-1\" \/>\n<link rel=\"canonical\" href=\"https:\/\/herbetwa.net\/tr\/product\/defne-yapragi\/\" \/>\n<meta property=\"og:locale\" content=\"tr_TR\" \/>\n<meta property=\"og:type\" content=\"article\" \/>\n<meta property=\"og:title\" content=\"Defne Yapra\u011f\u0131\" \/>\n<meta property=\"og:description\" content=\"Defne yapra\u011f\u0131n\u0131n g\u00fcvenilir tedarik\u00e7isi. Bitkisel \u00fcr\u00fcn toptanc\u0131lar\u0131 ve distrib\u00fct\u00f6rleri i\u00e7in toplu sat\u0131\u015flar yap\u0131l\u0131r. \u00dcCRETS\u0130Z NUMUNE TALEB\u0130\" \/>\n<meta property=\"og:url\" content=\"https:\/\/herbetwa.net\/tr\/product\/defne-yapragi\/\" \/>\n<meta property=\"og:site_name\" content=\"Herb Etwa\" \/>\n<meta property=\"article:modified_time\" content=\"2022-05-20T12:53:53+00:00\" \/>\n<meta property=\"og:image\" content=\"https:\/\/herbetwa.net\/wp-content\/uploads\/2022\/04\/17-defne-yapragi-misir-herb-etwa.jpg\" \/>\n\t<meta property=\"og:image:width\" content=\"1024\" \/>\n\t<meta property=\"og:image:height\" content=\"1024\" \/>\n\t<meta property=\"og:image:type\" content=\"image\/jpeg\" \/>\n<meta name=\"twitter:card\" content=\"summary_large_image\" \/>\n<meta name=\"twitter:label1\" content=\"Tahmini okuma s\u00fcresi\" \/>\n\t<meta name=\"twitter:data1\" content=\"2 dakika\" \/>\n<script type=\"application\/ld+json\" class=\"yoast-schema-graph\">{\"@context\":\"https:\\\/\\\/schema.org\",\"@graph\":[{\"@type\":\"WebPage\",\"@id\":\"https:\\\/\\\/herbetwa.net\\\/tr\\\/product\\\/defne-yapragi\\\/\",\"url\":\"https:\\\/\\\/herbetwa.net\\\/tr\\\/product\\\/defne-yapragi\\\/\",\"name\":\"Toptan Defne Yapra\u011f\u0131 Tedarik\u00e7isi | Herb Etwa | Hemen Fiyat Teklifi\",\"isPartOf\":{\"@id\":\"https:\\\/\\\/herbetwa.net\\\/en\\\/#website\"},\"primaryImageOfPage\":{\"@id\":\"https:\\\/\\\/herbetwa.net\\\/tr\\\/product\\\/defne-yapragi\\\/#primaryimage\"},\"image\":{\"@id\":\"https:\\\/\\\/herbetwa.net\\\/tr\\\/product\\\/defne-yapragi\\\/#primaryimage\"},\"thumbnailUrl\":\"https:\\\/\\\/herbetwa.net\\\/wp-content\\\/uploads\\\/2022\\\/04\\\/17-defne-yapragi-misir-herb-etwa.jpg\",\"datePublished\":\"2022-04-03T20:32:15+00:00\",\"dateModified\":\"2022-05-20T12:53:53+00:00\",\"description\":\"Defne yapra\u011f\u0131n\u0131n g\u00fcvenilir tedarik\u00e7isi. Bitkisel \u00fcr\u00fcn toptanc\u0131lar\u0131 ve distrib\u00fct\u00f6rleri i\u00e7in toplu sat\u0131\u015flar yap\u0131l\u0131r. \u00dcCRETS\u0130Z NUMUNE TALEB\u0130\",\"breadcrumb\":{\"@id\":\"https:\\\/\\\/herbetwa.net\\\/tr\\\/product\\\/defne-yapragi\\\/#breadcrumb\"},\"inLanguage\":\"tr\",\"potentialAction\":[{\"@type\":\"ReadAction\",\"target\":[\"https:\\\/\\\/herbetwa.net\\\/tr\\\/product\\\/defne-yapragi\\\/\"]}]},{\"@type\":\"ImageObject\",\"inLanguage\":\"tr\",\"@id\":\"https:\\\/\\\/herbetwa.net\\\/tr\\\/product\\\/defne-yapragi\\\/#primaryimage\",\"url\":\"https:\\\/\\\/herbetwa.net\\\/wp-content\\\/uploads\\\/2022\\\/04\\\/17-defne-yapragi-misir-herb-etwa.jpg\",\"contentUrl\":\"https:\\\/\\\/herbetwa.net\\\/wp-content\\\/uploads\\\/2022\\\/04\\\/17-defne-yapragi-misir-herb-etwa.jpg\",\"width\":1024,\"height\":1024,\"caption\":\"\u0130thal Tam defne yapra\u011f\u0131 Toptan sat\u0131\u015f yap\u0131l\u0131r\"},{\"@type\":\"BreadcrumbList\",\"@id\":\"https:\\\/\\\/herbetwa.net\\\/tr\\\/product\\\/defne-yapragi\\\/#breadcrumb\",\"itemListElement\":[{\"@type\":\"ListItem\",\"position\":1,\"name\":\"Home\",\"item\":\"https:\\\/\\\/www.herbetwa.net\\\/tr\\\/\"},{\"@type\":\"ListItem\",\"position\":2,\"name\":\"Defne Yapra\u011f\u0131\"}]},{\"@type\":\"WebSite\",\"@id\":\"https:\\\/\\\/herbetwa.net\\\/en\\\/#website\",\"url\":\"https:\\\/\\\/herbetwa.net\\\/en\\\/\",\"name\":\"Herb Etwa\",\"description\":\"Herbs and Spices From Middle East\",\"potentialAction\":[{\"@type\":\"SearchAction\",\"target\":{\"@type\":\"EntryPoint\",\"urlTemplate\":\"https:\\\/\\\/herbetwa.net\\\/en\\\/?s={search_term_string}\"},\"query-input\":{\"@type\":\"PropertyValueSpecification\",\"valueRequired\":true,\"valueName\":\"search_term_string\"}}],\"inLanguage\":\"tr\"}]}<\/script>\n<!-- \/ Yoast SEO Premium plugin. -->","yoast_head_json":{"title":"Toptan Defne Yapra\u011f\u0131 Tedarik\u00e7isi | Herb Etwa | Hemen Fiyat Teklifi","description":"Defne yapra\u011f\u0131n\u0131n g\u00fcvenilir tedarik\u00e7isi. Bitkisel \u00fcr\u00fcn toptanc\u0131lar\u0131 ve distrib\u00fct\u00f6rleri i\u00e7in toplu sat\u0131\u015flar yap\u0131l\u0131r. \u00dcCRETS\u0130Z NUMUNE TALEB\u0130","robots":{"index":"index","follow":"follow","max-snippet":"max-snippet:-1","max-image-preview":"max-image-preview:large","max-video-preview":"max-video-preview:-1"},"canonical":"https:\/\/herbetwa.net\/tr\/product\/defne-yapragi\/","og_locale":"tr_TR","og_type":"article","og_title":"Defne Yapra\u011f\u0131","og_description":"Defne yapra\u011f\u0131n\u0131n g\u00fcvenilir tedarik\u00e7isi. Bitkisel \u00fcr\u00fcn toptanc\u0131lar\u0131 ve distrib\u00fct\u00f6rleri i\u00e7in toplu sat\u0131\u015flar yap\u0131l\u0131r. \u00dcCRETS\u0130Z NUMUNE TALEB\u0130","og_url":"https:\/\/herbetwa.net\/tr\/product\/defne-yapragi\/","og_site_name":"Herb Etwa","article_modified_time":"2022-05-20T12:53:53+00:00","og_image":[{"width":1024,"height":1024,"url":"https:\/\/herbetwa.net\/wp-content\/uploads\/2022\/04\/17-defne-yapragi-misir-herb-etwa.jpg","type":"image\/jpeg"}],"twitter_card":"summary_large_image","twitter_misc":{"Tahmini okuma s\u00fcresi":"2 dakika"},"schema":{"@context":"https:\/\/schema.org","@graph":[{"@type":"WebPage","@id":"https:\/\/herbetwa.net\/tr\/product\/defne-yapragi\/","url":"https:\/\/herbetwa.net\/tr\/product\/defne-yapragi\/","name":"Toptan Defne Yapra\u011f\u0131 Tedarik\u00e7isi | Herb Etwa | Hemen Fiyat Teklifi","isPartOf":{"@id":"https:\/\/herbetwa.net\/en\/#website"},"primaryImageOfPage":{"@id":"https:\/\/herbetwa.net\/tr\/product\/defne-yapragi\/#primaryimage"},"image":{"@id":"https:\/\/herbetwa.net\/tr\/product\/defne-yapragi\/#primaryimage"},"thumbnailUrl":"https:\/\/herbetwa.net\/wp-content\/uploads\/2022\/04\/17-defne-yapragi-misir-herb-etwa.jpg","datePublished":"2022-04-03T20:32:15+00:00","dateModified":"2022-05-20T12:53:53+00:00","description":"Defne yapra\u011f\u0131n\u0131n g\u00fcvenilir tedarik\u00e7isi. Bitkisel \u00fcr\u00fcn toptanc\u0131lar\u0131 ve distrib\u00fct\u00f6rleri i\u00e7in toplu sat\u0131\u015flar yap\u0131l\u0131r. \u00dcCRETS\u0130Z NUMUNE TALEB\u0130","breadcrumb":{"@id":"https:\/\/herbetwa.net\/tr\/product\/defne-yapragi\/#breadcrumb"},"inLanguage":"tr","potentialAction":[{"@type":"ReadAction","target":["https:\/\/herbetwa.net\/tr\/product\/defne-yapragi\/"]}]},{"@type":"ImageObject","inLanguage":"tr","@id":"https:\/\/herbetwa.net\/tr\/product\/defne-yapragi\/#primaryimage","url":"https:\/\/herbetwa.net\/wp-content\/uploads\/2022\/04\/17-defne-yapragi-misir-herb-etwa.jpg","contentUrl":"https:\/\/herbetwa.net\/wp-content\/uploads\/2022\/04\/17-defne-yapragi-misir-herb-etwa.jpg","width":1024,"height":1024,"caption":"\u0130thal Tam defne yapra\u011f\u0131 Toptan sat\u0131\u015f yap\u0131l\u0131r"},{"@type":"BreadcrumbList","@id":"https:\/\/herbetwa.net\/tr\/product\/defne-yapragi\/#breadcrumb","itemListElement":[{"@type":"ListItem","position":1,"name":"Home","item":"https:\/\/www.herbetwa.net\/tr\/"},{"@type":"ListItem","position":2,"name":"Defne Yapra\u011f\u0131"}]},{"@type":"WebSite","@id":"https:\/\/herbetwa.net\/en\/#website","url":"https:\/\/herbetwa.net\/en\/","name":"Herb Etwa","description":"Herbs and Spices From Middle East","potentialAction":[{"@type":"SearchAction","target":{"@type":"EntryPoint","urlTemplate":"https:\/\/herbetwa.net\/en\/?s={search_term_string}"},"query-input":{"@type":"PropertyValueSpecification","valueRequired":true,"valueName":"search_term_string"}}],"inLanguage":"tr"}]}},"_links":{"self":[{"href":"https:\/\/herbetwa.net\/tr\/wp-json\/wp\/v2\/product\/1017","targetHints":{"allow":["GET"]}}],"collection":[{"href":"https:\/\/herbetwa.net\/tr\/wp-json\/wp\/v2\/product"}],"about":[{"href":"https:\/\/herbetwa.net\/tr\/wp-json\/wp\/v2\/types\/product"}],"wp:featuredmedia":[{"embeddable":true,"href":"https:\/\/herbetwa.net\/tr\/wp-json\/wp\/v2\/media\/796"}],"wp:attachment":[{"href":"https:\/\/herbetwa.net\/tr\/wp-json\/wp\/v2\/media?parent=1017"}],"wp:term":[{"taxonomy":"product-category","embeddable":true,"href":"https:\/\/herbetwa.net\/tr\/wp-json\/wp\/v2\/product-category?post=1017"}],"curies":[{"name":"wp","href":"https:\/\/api.w.org\/{rel}","templated":true}]}}