{"id":1012,"date":"2022-04-03T20:30:52","date_gmt":"2022-04-03T20:30:52","guid":{"rendered":"https:\/\/herbetwa-com-842510.hostingersite.com\/product\/dill-tips\/"},"modified":"2022-05-20T15:53:14","modified_gmt":"2022-05-20T12:53:14","slug":"dereotu","status":"publish","type":"product","link":"https:\/\/herbetwa.net\/tr\/product\/dereotu\/","title":{"rendered":"Dereotu"},"content":{"rendered":"\n<p>Kurutulmu\u015f dereotu u\u00e7lar\u0131 bir\u00e7ok yemekte baharat ve aroma maddesi olarak kullan\u0131l\u0131r. \u00c7orbalarda, yahnilerde, salatalarda, soslarda ve hatta f\u0131r\u0131nlanm\u0131\u015f \u00fcr\u00fcnlerde kullan\u0131l\u0131r. Bu bitki y\u00fczy\u0131llard\u0131r sindirime yard\u0131mc\u0131 olarak ve mide problemlerini tedavi etmek i\u00e7in kullan\u0131lm\u0131\u015ft\u0131r.<\/p>\n\n\n\n<p>Taze dereotu genellikle yemek pi\u015firme ve f\u0131r\u0131nlama da kullan\u0131l\u0131r. Bal\u0131k, tavuk, yumurta, sebze ve di\u011fer yiyeceklere lezzet katar. Ayr\u0131ca tur\u015fu ve konserve yap\u0131m\u0131nda da kullan\u0131l\u0131r.<\/p>\n\n\n\n<p>Dereotu tohumlar\u0131n\u0131n \u015fifal\u0131 bir bitki olarak uzun bir kullan\u0131m ge\u00e7mi\u015fi vard\u0131r. Bir zamanlar so\u011fuk alg\u0131nl\u0131\u011f\u0131, grip ve mide rahats\u0131zl\u0131klar\u0131n\u0131 tedavi etmek i\u00e7in kullan\u0131lm\u0131\u015ft\u0131r. Bug\u00fcn hala haz\u0131ms\u0131zl\u0131k, mide bulant\u0131s\u0131 ve gaz\u0131n giderilmesine yard\u0131mc\u0131 olmak i\u00e7in kullan\u0131lmaktad\u0131r.<\/p>\n\n\n\n<p><strong>Ad\u0131: <\/strong>Dereotu<\/p>\n\n\n\n<p><strong>Botanik<\/strong> <strong>Ad\u0131: <\/strong>Anethum Graveolen<\/p>\n\n\n\n<p><strong>Form: <\/strong>&nbsp;U\u00e7lar 2-2,5 mm<\/p>\n\n\n\n<p><strong>Paket: <\/strong>20-20 kg PP &amp; Ka\u011f\u0131t &amp; Karton Torbalar.<\/p>\n\n\n\n<p><strong>Bulunabilirlik: <\/strong>Mahsul Kas\u0131m ay\u0131nda ba\u015flar ve t\u00fcm y\u0131l stoklar\u0131m\u0131zda mevcuttur<\/p>\n\n\n\n<p><strong>Bu \u00fcr\u00fcn farkl\u0131 bi\u00e7imlerde de mevcuttur:<\/strong><\/p>\n\n\n\n<p>\u00b7 Toz<\/p>\n\n\n\n<p><strong>Familyas\u0131: <\/strong>Umbelliferae<\/p>\n\n\n\n<p><strong>Kullan\u0131lan K\u0131sm\u0131:<\/strong> Yapra\u011f\u0131, sap\u0131 ve tohumu (\u00e7ekilmi\u015f veya \u00e7ekilmemi\u015f)<\/p>\n\n\n\n<p><strong>Mutfakta Kullan\u0131l\u0131\u015f\u0131:<\/strong> Bor\u015f \u00e7orbas\u0131, kuzu eti, lahana tur\u015fusu veya salatas\u0131, pirin\u00e7li dolmalar, beyaz peynir, kabak, tereya\u011f\u0131, pilav vb. Toz haline getirilen tohum keklere, bisk\u00fcvilere, baz\u0131 kremalara kullan\u0131l\u0131r. Taze yapraklar\u0131 salatalara, yemeklere, \u00e7erezlere \u00e7e\u015fni, tat ve koku verir.<\/p>\n\n\n\n<p><strong>Men\u015fei:<\/strong> M\u0131s\u0131r<\/p>\n","protected":false},"featured_media":790,"template":"","product-category":[25],"class_list":["post-1012","product","type-product","status-publish","has-post-thumbnail","hentry","product-category-baharatlar"],"yoast_head":"<!-- This site is optimized with the Yoast SEO Premium plugin v16.6 (Yoast SEO v27.4) - https:\/\/yoast.com\/product\/yoast-seo-premium-wordpress\/ -->\n<title>Toptan Dere Otu tedarik\u00e7isi | Herb Etwa | Hemen fiyat teklifi<\/title>\n<meta name=\"description\" content=\"Dere otunun g\u00fcvenilir tedarik\u00e7isi. Bitkisel \u00fcr\u00fcn toptanc\u0131lar\u0131 ve distrib\u00fct\u00f6rleri i\u00e7in toplu sat\u0131\u015flar yap\u0131l\u0131r. \u00dcCRETS\u0130Z NUMUNE TALEB\u0130\" \/>\n<meta name=\"robots\" content=\"index, follow, max-snippet:-1, max-image-preview:large, max-video-preview:-1\" \/>\n<link rel=\"canonical\" href=\"https:\/\/herbetwa.net\/tr\/product\/dereotu\/\" \/>\n<meta property=\"og:locale\" content=\"tr_TR\" \/>\n<meta property=\"og:type\" content=\"article\" \/>\n<meta property=\"og:title\" content=\"Dereotu\" \/>\n<meta property=\"og:description\" content=\"Dere otunun g\u00fcvenilir tedarik\u00e7isi. Bitkisel \u00fcr\u00fcn toptanc\u0131lar\u0131 ve distrib\u00fct\u00f6rleri i\u00e7in toplu sat\u0131\u015flar yap\u0131l\u0131r. \u00dcCRETS\u0130Z NUMUNE TALEB\u0130\" \/>\n<meta property=\"og:url\" content=\"https:\/\/herbetwa.net\/tr\/product\/dereotu\/\" \/>\n<meta property=\"og:site_name\" content=\"Herb Etwa\" \/>\n<meta property=\"article:modified_time\" content=\"2022-05-20T12:53:14+00:00\" \/>\n<meta property=\"og:image\" content=\"https:\/\/herbetwa.net\/wp-content\/uploads\/2022\/04\/16-ince-dogranmis-dere-otu-misir-herb-etwa.jpg\" \/>\n\t<meta property=\"og:image:width\" content=\"1024\" \/>\n\t<meta property=\"og:image:height\" content=\"1024\" \/>\n\t<meta property=\"og:image:type\" content=\"image\/jpeg\" \/>\n<meta name=\"twitter:card\" content=\"summary_large_image\" \/>\n<meta name=\"twitter:label1\" content=\"Tahmini okuma s\u00fcresi\" \/>\n\t<meta name=\"twitter:data1\" content=\"1 dakika\" \/>\n<script type=\"application\/ld+json\" class=\"yoast-schema-graph\">{\"@context\":\"https:\\\/\\\/schema.org\",\"@graph\":[{\"@type\":\"WebPage\",\"@id\":\"https:\\\/\\\/herbetwa.net\\\/tr\\\/product\\\/dereotu\\\/\",\"url\":\"https:\\\/\\\/herbetwa.net\\\/tr\\\/product\\\/dereotu\\\/\",\"name\":\"Toptan Dere Otu tedarik\u00e7isi | Herb Etwa | Hemen fiyat teklifi\",\"isPartOf\":{\"@id\":\"https:\\\/\\\/herbetwa.net\\\/en\\\/#website\"},\"primaryImageOfPage\":{\"@id\":\"https:\\\/\\\/herbetwa.net\\\/tr\\\/product\\\/dereotu\\\/#primaryimage\"},\"image\":{\"@id\":\"https:\\\/\\\/herbetwa.net\\\/tr\\\/product\\\/dereotu\\\/#primaryimage\"},\"thumbnailUrl\":\"https:\\\/\\\/herbetwa.net\\\/wp-content\\\/uploads\\\/2022\\\/04\\\/16-ince-dogranmis-dere-otu-misir-herb-etwa.jpg\",\"datePublished\":\"2022-04-03T20:30:52+00:00\",\"dateModified\":\"2022-05-20T12:53:14+00:00\",\"description\":\"Dere otunun g\u00fcvenilir tedarik\u00e7isi. Bitkisel \u00fcr\u00fcn toptanc\u0131lar\u0131 ve distrib\u00fct\u00f6rleri i\u00e7in toplu sat\u0131\u015flar yap\u0131l\u0131r. \u00dcCRETS\u0130Z NUMUNE TALEB\u0130\",\"breadcrumb\":{\"@id\":\"https:\\\/\\\/herbetwa.net\\\/tr\\\/product\\\/dereotu\\\/#breadcrumb\"},\"inLanguage\":\"tr\",\"potentialAction\":[{\"@type\":\"ReadAction\",\"target\":[\"https:\\\/\\\/herbetwa.net\\\/tr\\\/product\\\/dereotu\\\/\"]}]},{\"@type\":\"ImageObject\",\"inLanguage\":\"tr\",\"@id\":\"https:\\\/\\\/herbetwa.net\\\/tr\\\/product\\\/dereotu\\\/#primaryimage\",\"url\":\"https:\\\/\\\/herbetwa.net\\\/wp-content\\\/uploads\\\/2022\\\/04\\\/16-ince-dogranmis-dere-otu-misir-herb-etwa.jpg\",\"contentUrl\":\"https:\\\/\\\/herbetwa.net\\\/wp-content\\\/uploads\\\/2022\\\/04\\\/16-ince-dogranmis-dere-otu-misir-herb-etwa.jpg\",\"width\":1024,\"height\":1024,\"caption\":\"\u0130thal dogranmi\u015f dereotu Toptan Sat\u0131\u015f yap\u0131l\u0131r\"},{\"@type\":\"BreadcrumbList\",\"@id\":\"https:\\\/\\\/herbetwa.net\\\/tr\\\/product\\\/dereotu\\\/#breadcrumb\",\"itemListElement\":[{\"@type\":\"ListItem\",\"position\":1,\"name\":\"Home\",\"item\":\"https:\\\/\\\/www.herbetwa.net\\\/tr\\\/\"},{\"@type\":\"ListItem\",\"position\":2,\"name\":\"Dereotu\"}]},{\"@type\":\"WebSite\",\"@id\":\"https:\\\/\\\/herbetwa.net\\\/en\\\/#website\",\"url\":\"https:\\\/\\\/herbetwa.net\\\/en\\\/\",\"name\":\"Herb Etwa\",\"description\":\"Herbs and Spices From Middle East\",\"potentialAction\":[{\"@type\":\"SearchAction\",\"target\":{\"@type\":\"EntryPoint\",\"urlTemplate\":\"https:\\\/\\\/herbetwa.net\\\/en\\\/?s={search_term_string}\"},\"query-input\":{\"@type\":\"PropertyValueSpecification\",\"valueRequired\":true,\"valueName\":\"search_term_string\"}}],\"inLanguage\":\"tr\"}]}<\/script>\n<!-- \/ Yoast SEO Premium plugin. -->","yoast_head_json":{"title":"Toptan Dere Otu tedarik\u00e7isi | Herb Etwa | Hemen fiyat teklifi","description":"Dere otunun g\u00fcvenilir tedarik\u00e7isi. Bitkisel \u00fcr\u00fcn toptanc\u0131lar\u0131 ve distrib\u00fct\u00f6rleri i\u00e7in toplu sat\u0131\u015flar yap\u0131l\u0131r. \u00dcCRETS\u0130Z NUMUNE TALEB\u0130","robots":{"index":"index","follow":"follow","max-snippet":"max-snippet:-1","max-image-preview":"max-image-preview:large","max-video-preview":"max-video-preview:-1"},"canonical":"https:\/\/herbetwa.net\/tr\/product\/dereotu\/","og_locale":"tr_TR","og_type":"article","og_title":"Dereotu","og_description":"Dere otunun g\u00fcvenilir tedarik\u00e7isi. Bitkisel \u00fcr\u00fcn toptanc\u0131lar\u0131 ve distrib\u00fct\u00f6rleri i\u00e7in toplu sat\u0131\u015flar yap\u0131l\u0131r. \u00dcCRETS\u0130Z NUMUNE TALEB\u0130","og_url":"https:\/\/herbetwa.net\/tr\/product\/dereotu\/","og_site_name":"Herb Etwa","article_modified_time":"2022-05-20T12:53:14+00:00","og_image":[{"width":1024,"height":1024,"url":"https:\/\/herbetwa.net\/wp-content\/uploads\/2022\/04\/16-ince-dogranmis-dere-otu-misir-herb-etwa.jpg","type":"image\/jpeg"}],"twitter_card":"summary_large_image","twitter_misc":{"Tahmini okuma s\u00fcresi":"1 dakika"},"schema":{"@context":"https:\/\/schema.org","@graph":[{"@type":"WebPage","@id":"https:\/\/herbetwa.net\/tr\/product\/dereotu\/","url":"https:\/\/herbetwa.net\/tr\/product\/dereotu\/","name":"Toptan Dere Otu tedarik\u00e7isi | Herb Etwa | Hemen fiyat teklifi","isPartOf":{"@id":"https:\/\/herbetwa.net\/en\/#website"},"primaryImageOfPage":{"@id":"https:\/\/herbetwa.net\/tr\/product\/dereotu\/#primaryimage"},"image":{"@id":"https:\/\/herbetwa.net\/tr\/product\/dereotu\/#primaryimage"},"thumbnailUrl":"https:\/\/herbetwa.net\/wp-content\/uploads\/2022\/04\/16-ince-dogranmis-dere-otu-misir-herb-etwa.jpg","datePublished":"2022-04-03T20:30:52+00:00","dateModified":"2022-05-20T12:53:14+00:00","description":"Dere otunun g\u00fcvenilir tedarik\u00e7isi. Bitkisel \u00fcr\u00fcn toptanc\u0131lar\u0131 ve distrib\u00fct\u00f6rleri i\u00e7in toplu sat\u0131\u015flar yap\u0131l\u0131r. \u00dcCRETS\u0130Z NUMUNE TALEB\u0130","breadcrumb":{"@id":"https:\/\/herbetwa.net\/tr\/product\/dereotu\/#breadcrumb"},"inLanguage":"tr","potentialAction":[{"@type":"ReadAction","target":["https:\/\/herbetwa.net\/tr\/product\/dereotu\/"]}]},{"@type":"ImageObject","inLanguage":"tr","@id":"https:\/\/herbetwa.net\/tr\/product\/dereotu\/#primaryimage","url":"https:\/\/herbetwa.net\/wp-content\/uploads\/2022\/04\/16-ince-dogranmis-dere-otu-misir-herb-etwa.jpg","contentUrl":"https:\/\/herbetwa.net\/wp-content\/uploads\/2022\/04\/16-ince-dogranmis-dere-otu-misir-herb-etwa.jpg","width":1024,"height":1024,"caption":"\u0130thal dogranmi\u015f dereotu Toptan Sat\u0131\u015f yap\u0131l\u0131r"},{"@type":"BreadcrumbList","@id":"https:\/\/herbetwa.net\/tr\/product\/dereotu\/#breadcrumb","itemListElement":[{"@type":"ListItem","position":1,"name":"Home","item":"https:\/\/www.herbetwa.net\/tr\/"},{"@type":"ListItem","position":2,"name":"Dereotu"}]},{"@type":"WebSite","@id":"https:\/\/herbetwa.net\/en\/#website","url":"https:\/\/herbetwa.net\/en\/","name":"Herb Etwa","description":"Herbs and Spices From Middle East","potentialAction":[{"@type":"SearchAction","target":{"@type":"EntryPoint","urlTemplate":"https:\/\/herbetwa.net\/en\/?s={search_term_string}"},"query-input":{"@type":"PropertyValueSpecification","valueRequired":true,"valueName":"search_term_string"}}],"inLanguage":"tr"}]}},"_links":{"self":[{"href":"https:\/\/herbetwa.net\/tr\/wp-json\/wp\/v2\/product\/1012","targetHints":{"allow":["GET"]}}],"collection":[{"href":"https:\/\/herbetwa.net\/tr\/wp-json\/wp\/v2\/product"}],"about":[{"href":"https:\/\/herbetwa.net\/tr\/wp-json\/wp\/v2\/types\/product"}],"wp:featuredmedia":[{"embeddable":true,"href":"https:\/\/herbetwa.net\/tr\/wp-json\/wp\/v2\/media\/790"}],"wp:attachment":[{"href":"https:\/\/herbetwa.net\/tr\/wp-json\/wp\/v2\/media?parent=1012"}],"wp:term":[{"taxonomy":"product-category","embeddable":true,"href":"https:\/\/herbetwa.net\/tr\/wp-json\/wp\/v2\/product-category?post=1012"}],"curies":[{"name":"wp","href":"https:\/\/api.w.org\/{rel}","templated":true}]}}