{"id":1009,"date":"2022-04-03T20:29:57","date_gmt":"2022-04-03T20:29:57","guid":{"rendered":"https:\/\/herbetwa-com-842510.hostingersite.com\/product\/black-cumin\/"},"modified":"2022-05-20T15:52:17","modified_gmt":"2022-05-20T12:52:17","slug":"corek-otu","status":"publish","type":"product","link":"https:\/\/herbetwa.net\/tr\/product\/corek-otu\/","title":{"rendered":"\u00c7\u00f6rek otu"},"content":{"rendered":"\n<p>\u00c7\u00f6rek otu (Nigella sativa), sa\u011fl\u0131\u011fa bir\u00e7ok faydas\u0131 nedeniyle binlerce y\u0131ld\u0131r kullan\u0131lan bir baharatt\u0131r. \u00c7\u00f6rek otu, y\u00fcksek d\u00fczeyde antioksidanlar ve anti-inflamatuar \u00f6zellikler i\u00e7erir. Bu baharat salatalara, \u00e7orbalara, yahnilere, k\u00f6rilere, ekmeklere ve hatta smoothielere eklenebilir.<\/p>\n\n\n\n<p>Tohumlar\u0131 bir\u00e7ok yemekte baharat ve \u00e7e\u015fni olarak kullan\u0131l\u0131r. Eski zamanlardan beri kullan\u0131lmaktad\u0131rlar. \u00c7\u00f6rek otu tohumlar\u0131 antioksidanlar a\u00e7\u0131s\u0131ndan zengindir ve y\u00fcksek miktarda B6 vitamini, kalsiyum, demir, magnezyum, manganez, fosfor, \u00e7inko, bak\u0131r, protein, lif ve omega-3 ya\u011f asidi i\u00e7erir. \u00c7\u00f6rek otu tohumlar\u0131, kanser ve kalp hastal\u0131klar\u0131na kar\u015f\u0131 koruma sa\u011flayan y\u00fcksek d\u00fczeyde antioksidan i\u00e7erir.<\/p>\n\n\n\n<p>\u00c7\u00f6rek otu ya\u011f\u0131, buhar dam\u0131tma ve so\u011fuk presleme y\u00f6ntemleri kullan\u0131larak tohumlardan elde edilir. Cevizli bir tada sahiptir ve salata soslar\u0131nda, soslarda, \u00e7orbalarda, yahnilerde, k\u00f6rilerde ve di\u011fer yemeklerde kullan\u0131labilir.Estetik A\u00e7\u0131dan \u00e7\u00f6erk otu ya\u011f\u0131 sa\u00e7\u0131n d\u00f6k\u00fclmesini \u00f6nler; sa\u00e7 diplerine s\u00fcr\u00fcld\u00fc\u011f\u00fcnde kepe\u011fin olu\u015fmas\u0131n\u0131 \u00f6nler.<\/p>\n\n\n\n<p>\u00c7\u00f6rek otu tohumu ya\u011f\u0131, \u00f6\u011f\u00fct\u00fclm\u00fc\u015f \u00e7\u00f6rek otu tohumlar\u0131n\u0131n hindistan cevizi ya\u011f\u0131 ile kar\u0131\u015ft\u0131r\u0131lmas\u0131 ve daha sonra p\u00fcr\u00fczs\u00fcz olana kadar \u00e7alkalanmas\u0131yla elde edilir. Bu s\u00fcr\u00fclebilir tereya\u011f\u0131, omega-6 ya\u011f asitleri i\u00e7erir ve bu da onu ekmek, kraker, kurabiye ve keklerle t\u00fcketildi\u011finde harika bir tada ula\u015ft\u0131r\u0131r.<\/p>\n\n\n\n<p><strong>Ad\u0131: <\/strong>\u00c7\u00f6rek otu, \u00e7\u00f6rek otu tohumlar\u0131, \u00e7\u00f6rek otu veya kalonji olarak da bilinir<\/p>\n\n\n\n<p><strong>Botanik Ad\u0131<\/strong> :Nigella sativa<\/p>\n\n\n\n<p><strong>Form: <\/strong>B\u00fct\u00fcn Tohumlar<\/p>\n\n\n\n<p><strong>Kalite: <\/strong>\u00c7\u00f6rek otu tohumlar\u0131 %97-99<\/p>\n\n\n\n<p><strong>Paket: <\/strong>25 kg Net A\u011f\u0131rl\u0131k PP torbalar<\/p>\n\n\n\n<p><strong>Bulunabilirlik: <\/strong>Mahsul t\u00fcm y\u0131l boyunca mevcuttur.<\/p>\n\n\n\n<p><strong>Bu \u00fcr\u00fcn farkl\u0131 bi\u00e7imlerde de mevcuttur:<\/strong><\/p>\n\n\n\n<p>\u00b7 Temizlenmi\u015f<\/p>\n\n\n\n<p>\u00b7 Toz<\/p>\n\n\n\n<p><strong>Familyas\u0131<\/strong>: Ranunculaceae<\/p>\n\n\n\n<p><strong>Kullan\u0131lan K\u0131sm\u0131<\/strong>: Olgun tohumu<\/p>\n\n\n\n<p><strong>Besin De\u011feri:<\/strong> 1 gr \u00e7\u00f6rek otunun besin i\u00e7eri\u011fi;<\/p>\n\n\n\n<p>17,9 mg karbohidrat<\/p>\n\n\n\n<p>0,56 mg kalsiyum<\/p>\n\n\n\n<p><strong>Men\u015fei:<\/strong> M\u0131s\u0131r<\/p>\n\n\n\n<figure class=\"wp-block-image size-large\"><img loading=\"lazy\" decoding=\"async\" width=\"1024\" height=\"1024\" src=\"https:\/\/herbetwa-com-842510.hostingersite.com\/wp-content\/uploads\/2022\/04\/15-corek-otu-misir-herb-etwa-1024x1024.jpg\" alt=\"\u0130thal \u00c7\u00f6rek Otu G\u0131da maddesi olarak kullan\u0131l\u0131r, Toptan Sat\u0131\u015f yap\u0131l\u0131r\" class=\"wp-image-787\" srcset=\"https:\/\/herbetwa.net\/wp-content\/uploads\/2022\/04\/15-corek-otu-misir-herb-etwa.jpg 1024w, https:\/\/herbetwa.net\/wp-content\/uploads\/2022\/04\/15-corek-otu-misir-herb-etwa-300x300.jpg 300w, https:\/\/herbetwa.net\/wp-content\/uploads\/2022\/04\/15-corek-otu-misir-herb-etwa-150x150.jpg 150w, https:\/\/herbetwa.net\/wp-content\/uploads\/2022\/04\/15-corek-otu-misir-herb-etwa-768x768.jpg 768w\" sizes=\"auto, (max-width: 1024px) 100vw, 1024px\" \/><\/figure>\n","protected":false},"featured_media":787,"template":"","product-category":[25],"class_list":["post-1009","product","type-product","status-publish","has-post-thumbnail","hentry","product-category-baharatlar"],"yoast_head":"<!-- This site is optimized with the Yoast SEO Premium plugin v16.6 (Yoast SEO v27.4) - https:\/\/yoast.com\/product\/yoast-seo-premium-wordpress\/ -->\n<title>Toptan \u00c7\u00f6rek Otu tedarik\u00e7isi | Herb Etwa | Hemen fiyat teklifi<\/title>\n<meta name=\"description\" content=\"\u00c7\u00f6rek otunun g\u00fcvenilir tedarik\u00e7isi. Bitkisel \u00fcr\u00fcn toptanc\u0131lar\u0131 ve distrib\u00fct\u00f6rleri i\u00e7in toplu sat\u0131\u015flar yap\u0131l\u0131r. \u00dcCRETS\u0130Z NUMUNE TALEB\u0130\" \/>\n<meta name=\"robots\" content=\"index, follow, max-snippet:-1, max-image-preview:large, max-video-preview:-1\" \/>\n<link rel=\"canonical\" href=\"https:\/\/herbetwa.net\/tr\/product\/corek-otu\/\" \/>\n<meta property=\"og:locale\" content=\"tr_TR\" \/>\n<meta property=\"og:type\" content=\"article\" \/>\n<meta property=\"og:title\" content=\"\u00c7\u00f6rek otu\" \/>\n<meta property=\"og:description\" content=\"\u00c7\u00f6rek otunun g\u00fcvenilir tedarik\u00e7isi. Bitkisel \u00fcr\u00fcn toptanc\u0131lar\u0131 ve distrib\u00fct\u00f6rleri i\u00e7in toplu sat\u0131\u015flar yap\u0131l\u0131r. \u00dcCRETS\u0130Z NUMUNE TALEB\u0130\" \/>\n<meta property=\"og:url\" content=\"https:\/\/herbetwa.net\/tr\/product\/corek-otu\/\" \/>\n<meta property=\"og:site_name\" content=\"Herb Etwa\" \/>\n<meta property=\"article:modified_time\" content=\"2022-05-20T12:52:17+00:00\" \/>\n<meta property=\"og:image\" content=\"https:\/\/herbetwa.net\/wp-content\/uploads\/2022\/04\/15-corek-otu-misir-herb-etwa.jpg\" \/>\n\t<meta property=\"og:image:width\" content=\"1024\" \/>\n\t<meta property=\"og:image:height\" content=\"1024\" \/>\n\t<meta property=\"og:image:type\" content=\"image\/jpeg\" \/>\n<meta name=\"twitter:card\" content=\"summary_large_image\" \/>\n<meta name=\"twitter:label1\" content=\"Tahmini okuma s\u00fcresi\" \/>\n\t<meta name=\"twitter:data1\" content=\"2 dakika\" \/>\n<script type=\"application\/ld+json\" class=\"yoast-schema-graph\">{\"@context\":\"https:\\\/\\\/schema.org\",\"@graph\":[{\"@type\":\"WebPage\",\"@id\":\"https:\\\/\\\/herbetwa.net\\\/tr\\\/product\\\/corek-otu\\\/\",\"url\":\"https:\\\/\\\/herbetwa.net\\\/tr\\\/product\\\/corek-otu\\\/\",\"name\":\"Toptan \u00c7\u00f6rek Otu tedarik\u00e7isi | Herb Etwa | Hemen fiyat teklifi\",\"isPartOf\":{\"@id\":\"https:\\\/\\\/herbetwa.net\\\/en\\\/#website\"},\"primaryImageOfPage\":{\"@id\":\"https:\\\/\\\/herbetwa.net\\\/tr\\\/product\\\/corek-otu\\\/#primaryimage\"},\"image\":{\"@id\":\"https:\\\/\\\/herbetwa.net\\\/tr\\\/product\\\/corek-otu\\\/#primaryimage\"},\"thumbnailUrl\":\"https:\\\/\\\/herbetwa.net\\\/wp-content\\\/uploads\\\/2022\\\/04\\\/15-corek-otu-misir-herb-etwa.jpg\",\"datePublished\":\"2022-04-03T20:29:57+00:00\",\"dateModified\":\"2022-05-20T12:52:17+00:00\",\"description\":\"\u00c7\u00f6rek otunun g\u00fcvenilir tedarik\u00e7isi. Bitkisel \u00fcr\u00fcn toptanc\u0131lar\u0131 ve distrib\u00fct\u00f6rleri i\u00e7in toplu sat\u0131\u015flar yap\u0131l\u0131r. \u00dcCRETS\u0130Z NUMUNE TALEB\u0130\",\"breadcrumb\":{\"@id\":\"https:\\\/\\\/herbetwa.net\\\/tr\\\/product\\\/corek-otu\\\/#breadcrumb\"},\"inLanguage\":\"tr\",\"potentialAction\":[{\"@type\":\"ReadAction\",\"target\":[\"https:\\\/\\\/herbetwa.net\\\/tr\\\/product\\\/corek-otu\\\/\"]}]},{\"@type\":\"ImageObject\",\"inLanguage\":\"tr\",\"@id\":\"https:\\\/\\\/herbetwa.net\\\/tr\\\/product\\\/corek-otu\\\/#primaryimage\",\"url\":\"https:\\\/\\\/herbetwa.net\\\/wp-content\\\/uploads\\\/2022\\\/04\\\/15-corek-otu-misir-herb-etwa.jpg\",\"contentUrl\":\"https:\\\/\\\/herbetwa.net\\\/wp-content\\\/uploads\\\/2022\\\/04\\\/15-corek-otu-misir-herb-etwa.jpg\",\"width\":1024,\"height\":1024,\"caption\":\"\u0130thal \u00c7\u00f6rek Otu G\u0131da maddesi olarak kullan\u0131l\u0131r, Toptan Sat\u0131\u015f yap\u0131l\u0131r\"},{\"@type\":\"BreadcrumbList\",\"@id\":\"https:\\\/\\\/herbetwa.net\\\/tr\\\/product\\\/corek-otu\\\/#breadcrumb\",\"itemListElement\":[{\"@type\":\"ListItem\",\"position\":1,\"name\":\"Home\",\"item\":\"https:\\\/\\\/www.herbetwa.net\\\/tr\\\/\"},{\"@type\":\"ListItem\",\"position\":2,\"name\":\"\u00c7\u00f6rek otu\"}]},{\"@type\":\"WebSite\",\"@id\":\"https:\\\/\\\/herbetwa.net\\\/en\\\/#website\",\"url\":\"https:\\\/\\\/herbetwa.net\\\/en\\\/\",\"name\":\"Herb Etwa\",\"description\":\"Herbs and Spices From Middle East\",\"potentialAction\":[{\"@type\":\"SearchAction\",\"target\":{\"@type\":\"EntryPoint\",\"urlTemplate\":\"https:\\\/\\\/herbetwa.net\\\/en\\\/?s={search_term_string}\"},\"query-input\":{\"@type\":\"PropertyValueSpecification\",\"valueRequired\":true,\"valueName\":\"search_term_string\"}}],\"inLanguage\":\"tr\"}]}<\/script>\n<!-- \/ Yoast SEO Premium plugin. -->","yoast_head_json":{"title":"Toptan \u00c7\u00f6rek Otu tedarik\u00e7isi | Herb Etwa | Hemen fiyat teklifi","description":"\u00c7\u00f6rek otunun g\u00fcvenilir tedarik\u00e7isi. Bitkisel \u00fcr\u00fcn toptanc\u0131lar\u0131 ve distrib\u00fct\u00f6rleri i\u00e7in toplu sat\u0131\u015flar yap\u0131l\u0131r. \u00dcCRETS\u0130Z NUMUNE TALEB\u0130","robots":{"index":"index","follow":"follow","max-snippet":"max-snippet:-1","max-image-preview":"max-image-preview:large","max-video-preview":"max-video-preview:-1"},"canonical":"https:\/\/herbetwa.net\/tr\/product\/corek-otu\/","og_locale":"tr_TR","og_type":"article","og_title":"\u00c7\u00f6rek otu","og_description":"\u00c7\u00f6rek otunun g\u00fcvenilir tedarik\u00e7isi. Bitkisel \u00fcr\u00fcn toptanc\u0131lar\u0131 ve distrib\u00fct\u00f6rleri i\u00e7in toplu sat\u0131\u015flar yap\u0131l\u0131r. \u00dcCRETS\u0130Z NUMUNE TALEB\u0130","og_url":"https:\/\/herbetwa.net\/tr\/product\/corek-otu\/","og_site_name":"Herb Etwa","article_modified_time":"2022-05-20T12:52:17+00:00","og_image":[{"width":1024,"height":1024,"url":"https:\/\/herbetwa.net\/wp-content\/uploads\/2022\/04\/15-corek-otu-misir-herb-etwa.jpg","type":"image\/jpeg"}],"twitter_card":"summary_large_image","twitter_misc":{"Tahmini okuma s\u00fcresi":"2 dakika"},"schema":{"@context":"https:\/\/schema.org","@graph":[{"@type":"WebPage","@id":"https:\/\/herbetwa.net\/tr\/product\/corek-otu\/","url":"https:\/\/herbetwa.net\/tr\/product\/corek-otu\/","name":"Toptan \u00c7\u00f6rek Otu tedarik\u00e7isi | Herb Etwa | Hemen fiyat teklifi","isPartOf":{"@id":"https:\/\/herbetwa.net\/en\/#website"},"primaryImageOfPage":{"@id":"https:\/\/herbetwa.net\/tr\/product\/corek-otu\/#primaryimage"},"image":{"@id":"https:\/\/herbetwa.net\/tr\/product\/corek-otu\/#primaryimage"},"thumbnailUrl":"https:\/\/herbetwa.net\/wp-content\/uploads\/2022\/04\/15-corek-otu-misir-herb-etwa.jpg","datePublished":"2022-04-03T20:29:57+00:00","dateModified":"2022-05-20T12:52:17+00:00","description":"\u00c7\u00f6rek otunun g\u00fcvenilir tedarik\u00e7isi. Bitkisel \u00fcr\u00fcn toptanc\u0131lar\u0131 ve distrib\u00fct\u00f6rleri i\u00e7in toplu sat\u0131\u015flar yap\u0131l\u0131r. \u00dcCRETS\u0130Z NUMUNE TALEB\u0130","breadcrumb":{"@id":"https:\/\/herbetwa.net\/tr\/product\/corek-otu\/#breadcrumb"},"inLanguage":"tr","potentialAction":[{"@type":"ReadAction","target":["https:\/\/herbetwa.net\/tr\/product\/corek-otu\/"]}]},{"@type":"ImageObject","inLanguage":"tr","@id":"https:\/\/herbetwa.net\/tr\/product\/corek-otu\/#primaryimage","url":"https:\/\/herbetwa.net\/wp-content\/uploads\/2022\/04\/15-corek-otu-misir-herb-etwa.jpg","contentUrl":"https:\/\/herbetwa.net\/wp-content\/uploads\/2022\/04\/15-corek-otu-misir-herb-etwa.jpg","width":1024,"height":1024,"caption":"\u0130thal \u00c7\u00f6rek Otu G\u0131da maddesi olarak kullan\u0131l\u0131r, Toptan Sat\u0131\u015f yap\u0131l\u0131r"},{"@type":"BreadcrumbList","@id":"https:\/\/herbetwa.net\/tr\/product\/corek-otu\/#breadcrumb","itemListElement":[{"@type":"ListItem","position":1,"name":"Home","item":"https:\/\/www.herbetwa.net\/tr\/"},{"@type":"ListItem","position":2,"name":"\u00c7\u00f6rek otu"}]},{"@type":"WebSite","@id":"https:\/\/herbetwa.net\/en\/#website","url":"https:\/\/herbetwa.net\/en\/","name":"Herb Etwa","description":"Herbs and Spices From Middle East","potentialAction":[{"@type":"SearchAction","target":{"@type":"EntryPoint","urlTemplate":"https:\/\/herbetwa.net\/en\/?s={search_term_string}"},"query-input":{"@type":"PropertyValueSpecification","valueRequired":true,"valueName":"search_term_string"}}],"inLanguage":"tr"}]}},"_links":{"self":[{"href":"https:\/\/herbetwa.net\/tr\/wp-json\/wp\/v2\/product\/1009","targetHints":{"allow":["GET"]}}],"collection":[{"href":"https:\/\/herbetwa.net\/tr\/wp-json\/wp\/v2\/product"}],"about":[{"href":"https:\/\/herbetwa.net\/tr\/wp-json\/wp\/v2\/types\/product"}],"wp:featuredmedia":[{"embeddable":true,"href":"https:\/\/herbetwa.net\/tr\/wp-json\/wp\/v2\/media\/787"}],"wp:attachment":[{"href":"https:\/\/herbetwa.net\/tr\/wp-json\/wp\/v2\/media?parent=1009"}],"wp:term":[{"taxonomy":"product-category","embeddable":true,"href":"https:\/\/herbetwa.net\/tr\/wp-json\/wp\/v2\/product-category?post=1009"}],"curies":[{"name":"wp","href":"https:\/\/api.w.org\/{rel}","templated":true}]}}