{"id":1005,"date":"2022-04-03T20:28:17","date_gmt":"2022-04-03T20:28:17","guid":{"rendered":"https:\/\/herbetwa-com-842510.hostingersite.com\/product\/dried-basil\/"},"modified":"2022-05-20T15:51:14","modified_gmt":"2022-05-20T12:51:14","slug":"feslegen","status":"publish","type":"product","link":"https:\/\/herbetwa.net\/tr\/product\/feslegen\/","title":{"rendered":"Fesle\u011fen"},"content":{"rendered":"\n<p>Fesle\u011fen, y\u00fczy\u0131llard\u0131r yemeklere lezzet katmak i\u00e7in kullan\u0131lan bir bitkidir. D\u00fcnyan\u0131n bir\u00e7ok mutfa\u011f\u0131nda pop\u00fcler bir bitkidir ve marketlerde ve marketlerde taze olarak bulunabilir. Genellikle salatalarda, \u00e7orbalarda, makarna yemeklerinde, sandvi\u00e7lerde, pizzalarda, soslarda, yahnilerde, g\u00fcve\u00e7lerde, pirin\u00e7 yemeklerinde, sebzelerde ve hatta tatl\u0131larda kullan\u0131l\u0131r!Fesle\u011fen gerekirse keki\u011fin yerine kullan\u0131labilir. Estetik A\u00e7\u0131dan ise y\u00fcz\u00fcn alt k\u0131sm\u0131yla boyun bak\u0131m\u0131nda kullan\u0131l\u0131r.&nbsp;<\/p>\n\n\n\n<p><strong>Fesle\u011fenin, <\/strong>anti-inflamatuar \u00f6zellikler, ba\u011f\u0131\u015f\u0131kl\u0131k g\u00fc\u00e7lendirici etkiler, antioksidan aktivite ve antimikrobiyal \u00f6zellikler dahil olmak \u00fczere sa\u011fl\u0131\u011fa yararl\u0131 \u00f6zellikleri oldu\u011fu bilinmektedir. Y\u00fcksek d\u00fczeyde K vitamini, kalsiyum, demir, magnezyum, manganez ve \u00e7inko i\u00e7erir.<\/p>\n\n\n\n<p>Satt\u0131\u011f\u0131m\u0131z organik fesle\u011fen T\u00fcrkiye ve M\u0131s\u0131r&#8217;dan geliyor. M\u00fc\u015fterilerimizin m\u00fcmk\u00fcn olan en kaliteli \u00fcr\u00fcn\u00fc almalar\u0131n\u0131 sa\u011flamak i\u00e7in sadece en kaliteli otlar\u0131 ve baharatlar\u0131 kullan\u0131yoruz. Organik fesle\u011fenimiz b\u00f6cek ilac\u0131, herbisit veya kimyasal g\u00fcbre kullan\u0131lmadan yeti\u015ftirilir.<\/p>\n\n\n\n<p>Bu organik fesle\u011feni toplu olarak toptan fiyat\u0131na sat\u0131yoruz. B\u00fcy\u00fck miktarlarda organik fesle\u011fen sat\u0131n almakla ilgileniyorsan\u0131z, l\u00fctfen bizimle ileti\u015fime ge\u00e7in.<\/p>\n\n\n\n<p><strong>Ad\u0131: <\/strong>Fesle\u011fen, Kuru Fesle\u011fen Yapraklar\u0131, Fesle\u011fen ve Fesle\u011fen<\/p>\n\n\n\n<p><strong>Botanik<\/strong> <strong>Ad\u0131: <\/strong>Ocimum Basilicum.<\/p>\n\n\n\n<p><strong>Form: <\/strong>B\u00fcy\u00fck kesim 2-4 mm ovu\u015fturdu b\u0131rak\u0131r<\/p>\n\n\n\n<p><strong>Kalite: <\/strong>1. S\u0131n\u0131f<\/p>\n\n\n\n<p><strong>Paket: <\/strong>20 kg ka\u011f\u0131t torba veya 25 kg PP torba (m\u00fc\u015fteri talebine g\u00f6re paket yap\u0131labilir)<\/p>\n\n\n\n<p><strong>Bulunabilirlik: <\/strong>Mahsul Haziranda ba\u015flar ve t\u00fcm y\u0131l stoklar\u0131m\u0131zda mevcuttur.<\/p>\n\n\n\n<p><strong>Bu \u00fcr\u00fcn farkl\u0131 bi\u00e7imlerde de mevcuttur:<\/strong><\/p>\n\n\n\n<p>\u00b7 Ezilmi\u015f Fesle\u011fen<\/p>\n\n\n\n<p>\u00b7 Saf ince fesle\u011fen tozu<\/p>\n\n\n\n<p><strong>Familyas\u0131:<\/strong> Labiatae<\/p>\n\n\n\n<p><strong>Kullan\u0131lan K\u0131sm\u0131:<\/strong> Kurutulmu\u015f yapra\u011f\u0131 ve \u00e7i\u00e7e\u011fi<\/p>\n\n\n\n<p><strong>Men\u015fei:<\/strong> M\u0131s\u0131r<\/p>\n\n\n\n<figure class=\"wp-block-gallery has-nested-images columns-default is-cropped wp-block-gallery-1 is-layout-flex wp-block-gallery-is-layout-flex\">\n<figure class=\"wp-block-image\"><img loading=\"lazy\" decoding=\"async\" width=\"1024\" height=\"1024\" data-id=\"781\" src=\"https:\/\/herbetwa-com-842510.hostingersite.com\/wp-content\/uploads\/2022\/04\/14-ince-dogranmis-feslegen-misir-herb-etwa.jpg\" alt=\"ithal Organik Fesle\u011fen G\u0131da maddesi olarak kullan\u0131l\u0131r Toptan Sat\u0131\u015f yap\u0131l\u0131r.\" class=\"wp-image-781\" srcset=\"https:\/\/herbetwa.net\/wp-content\/uploads\/2022\/04\/14-ince-dogranmis-feslegen-misir-herb-etwa.jpg 1024w, https:\/\/herbetwa.net\/wp-content\/uploads\/2022\/04\/14-ince-dogranmis-feslegen-misir-herb-etwa-300x300.jpg 300w, https:\/\/herbetwa.net\/wp-content\/uploads\/2022\/04\/14-ince-dogranmis-feslegen-misir-herb-etwa-150x150.jpg 150w, https:\/\/herbetwa.net\/wp-content\/uploads\/2022\/04\/14-ince-dogranmis-feslegen-misir-herb-etwa-768x768.jpg 768w\" sizes=\"auto, (max-width: 1024px) 100vw, 1024px\" \/><\/figure>\n\n\n\n<figure class=\"wp-block-image\"><img loading=\"lazy\" decoding=\"async\" width=\"1024\" height=\"1024\" data-id=\"784\" src=\"https:\/\/herbetwa-com-842510.hostingersite.com\/wp-content\/uploads\/2022\/04\/14-toz-feslegen-misir-herb-etwa.jpg\" alt=\"ithal Organik Ezilmi\u015f Fesle\u011fen Toptanc\u0131lar\" class=\"wp-image-784\" srcset=\"https:\/\/herbetwa.net\/wp-content\/uploads\/2022\/04\/14-toz-feslegen-misir-herb-etwa.jpg 1024w, https:\/\/herbetwa.net\/wp-content\/uploads\/2022\/04\/14-toz-feslegen-misir-herb-etwa-300x300.jpg 300w, https:\/\/herbetwa.net\/wp-content\/uploads\/2022\/04\/14-toz-feslegen-misir-herb-etwa-150x150.jpg 150w, https:\/\/herbetwa.net\/wp-content\/uploads\/2022\/04\/14-toz-feslegen-misir-herb-etwa-768x768.jpg 768w\" sizes=\"auto, (max-width: 1024px) 100vw, 1024px\" \/><\/figure>\n<\/figure>\n","protected":false},"featured_media":781,"template":"","product-category":[25],"class_list":["post-1005","product","type-product","status-publish","has-post-thumbnail","hentry","product-category-baharatlar"],"yoast_head":"<!-- This site is optimized with the Yoast SEO Premium plugin v16.6 (Yoast SEO v27.4) - https:\/\/yoast.com\/product\/yoast-seo-premium-wordpress\/ -->\n<title>Toptan Ezilmi\u015f\/ince Fesle\u011fen tedarik\u00e7isi | Herb Etwa | fiyat teklifi<\/title>\n<meta name=\"description\" content=\"Ezilmi\u015f\/ince Fesle\u011fen g\u00fcvenilir tedarik\u00e7isi. Bitkisel \u00fcr\u00fcn toptanc\u0131lar\u0131 ve distrib\u00fct\u00f6rleri i\u00e7in toplu sat\u0131\u015flar yap\u0131l\u0131r. \u00dcCRETS\u0130Z NUMUNE TALEB\u0130\" \/>\n<meta name=\"robots\" content=\"index, follow, max-snippet:-1, max-image-preview:large, max-video-preview:-1\" \/>\n<link rel=\"canonical\" href=\"https:\/\/herbetwa.net\/tr\/product\/feslegen\/\" \/>\n<meta property=\"og:locale\" content=\"tr_TR\" \/>\n<meta property=\"og:type\" content=\"article\" \/>\n<meta property=\"og:title\" content=\"Fesle\u011fen\" \/>\n<meta property=\"og:description\" content=\"Ezilmi\u015f\/ince Fesle\u011fen g\u00fcvenilir tedarik\u00e7isi. Bitkisel \u00fcr\u00fcn toptanc\u0131lar\u0131 ve distrib\u00fct\u00f6rleri i\u00e7in toplu sat\u0131\u015flar yap\u0131l\u0131r. \u00dcCRETS\u0130Z NUMUNE TALEB\u0130\" \/>\n<meta property=\"og:url\" content=\"https:\/\/herbetwa.net\/tr\/product\/feslegen\/\" \/>\n<meta property=\"og:site_name\" content=\"Herb Etwa\" \/>\n<meta property=\"article:modified_time\" content=\"2022-05-20T12:51:14+00:00\" \/>\n<meta property=\"og:image\" content=\"https:\/\/herbetwa.net\/wp-content\/uploads\/2022\/04\/14-ince-dogranmis-feslegen-misir-herb-etwa.jpg\" \/>\n\t<meta property=\"og:image:width\" content=\"1024\" \/>\n\t<meta property=\"og:image:height\" content=\"1024\" \/>\n\t<meta property=\"og:image:type\" content=\"image\/jpeg\" \/>\n<meta name=\"twitter:card\" content=\"summary_large_image\" \/>\n<meta name=\"twitter:label1\" content=\"Tahmini okuma s\u00fcresi\" \/>\n\t<meta name=\"twitter:data1\" content=\"2 dakika\" \/>\n<script type=\"application\/ld+json\" class=\"yoast-schema-graph\">{\"@context\":\"https:\\\/\\\/schema.org\",\"@graph\":[{\"@type\":\"WebPage\",\"@id\":\"https:\\\/\\\/herbetwa.net\\\/tr\\\/product\\\/feslegen\\\/\",\"url\":\"https:\\\/\\\/herbetwa.net\\\/tr\\\/product\\\/feslegen\\\/\",\"name\":\"Toptan Ezilmi\u015f\\\/ince Fesle\u011fen tedarik\u00e7isi | Herb Etwa | fiyat teklifi\",\"isPartOf\":{\"@id\":\"https:\\\/\\\/herbetwa.net\\\/en\\\/#website\"},\"primaryImageOfPage\":{\"@id\":\"https:\\\/\\\/herbetwa.net\\\/tr\\\/product\\\/feslegen\\\/#primaryimage\"},\"image\":{\"@id\":\"https:\\\/\\\/herbetwa.net\\\/tr\\\/product\\\/feslegen\\\/#primaryimage\"},\"thumbnailUrl\":\"https:\\\/\\\/herbetwa.net\\\/wp-content\\\/uploads\\\/2022\\\/04\\\/14-ince-dogranmis-feslegen-misir-herb-etwa.jpg\",\"datePublished\":\"2022-04-03T20:28:17+00:00\",\"dateModified\":\"2022-05-20T12:51:14+00:00\",\"description\":\"Ezilmi\u015f\\\/ince Fesle\u011fen g\u00fcvenilir tedarik\u00e7isi. Bitkisel \u00fcr\u00fcn toptanc\u0131lar\u0131 ve distrib\u00fct\u00f6rleri i\u00e7in toplu sat\u0131\u015flar yap\u0131l\u0131r. \u00dcCRETS\u0130Z NUMUNE TALEB\u0130\",\"breadcrumb\":{\"@id\":\"https:\\\/\\\/herbetwa.net\\\/tr\\\/product\\\/feslegen\\\/#breadcrumb\"},\"inLanguage\":\"tr\",\"potentialAction\":[{\"@type\":\"ReadAction\",\"target\":[\"https:\\\/\\\/herbetwa.net\\\/tr\\\/product\\\/feslegen\\\/\"]}]},{\"@type\":\"ImageObject\",\"inLanguage\":\"tr\",\"@id\":\"https:\\\/\\\/herbetwa.net\\\/tr\\\/product\\\/feslegen\\\/#primaryimage\",\"url\":\"https:\\\/\\\/herbetwa.net\\\/wp-content\\\/uploads\\\/2022\\\/04\\\/14-ince-dogranmis-feslegen-misir-herb-etwa.jpg\",\"contentUrl\":\"https:\\\/\\\/herbetwa.net\\\/wp-content\\\/uploads\\\/2022\\\/04\\\/14-ince-dogranmis-feslegen-misir-herb-etwa.jpg\",\"width\":1024,\"height\":1024,\"caption\":\"ithal Organik Fesle\u011fen G\u0131da maddesi olarak kullan\u0131l\u0131r Toptan Sat\u0131\u015f yap\u0131l\u0131r.\"},{\"@type\":\"BreadcrumbList\",\"@id\":\"https:\\\/\\\/herbetwa.net\\\/tr\\\/product\\\/feslegen\\\/#breadcrumb\",\"itemListElement\":[{\"@type\":\"ListItem\",\"position\":1,\"name\":\"Home\",\"item\":\"https:\\\/\\\/www.herbetwa.net\\\/tr\\\/\"},{\"@type\":\"ListItem\",\"position\":2,\"name\":\"Fesle\u011fen\"}]},{\"@type\":\"WebSite\",\"@id\":\"https:\\\/\\\/herbetwa.net\\\/en\\\/#website\",\"url\":\"https:\\\/\\\/herbetwa.net\\\/en\\\/\",\"name\":\"Herb Etwa\",\"description\":\"Herbs and Spices From Middle East\",\"potentialAction\":[{\"@type\":\"SearchAction\",\"target\":{\"@type\":\"EntryPoint\",\"urlTemplate\":\"https:\\\/\\\/herbetwa.net\\\/en\\\/?s={search_term_string}\"},\"query-input\":{\"@type\":\"PropertyValueSpecification\",\"valueRequired\":true,\"valueName\":\"search_term_string\"}}],\"inLanguage\":\"tr\"}]}<\/script>\n<!-- \/ Yoast SEO Premium plugin. -->","yoast_head_json":{"title":"Toptan Ezilmi\u015f\/ince Fesle\u011fen tedarik\u00e7isi | Herb Etwa | fiyat teklifi","description":"Ezilmi\u015f\/ince Fesle\u011fen g\u00fcvenilir tedarik\u00e7isi. Bitkisel \u00fcr\u00fcn toptanc\u0131lar\u0131 ve distrib\u00fct\u00f6rleri i\u00e7in toplu sat\u0131\u015flar yap\u0131l\u0131r. \u00dcCRETS\u0130Z NUMUNE TALEB\u0130","robots":{"index":"index","follow":"follow","max-snippet":"max-snippet:-1","max-image-preview":"max-image-preview:large","max-video-preview":"max-video-preview:-1"},"canonical":"https:\/\/herbetwa.net\/tr\/product\/feslegen\/","og_locale":"tr_TR","og_type":"article","og_title":"Fesle\u011fen","og_description":"Ezilmi\u015f\/ince Fesle\u011fen g\u00fcvenilir tedarik\u00e7isi. Bitkisel \u00fcr\u00fcn toptanc\u0131lar\u0131 ve distrib\u00fct\u00f6rleri i\u00e7in toplu sat\u0131\u015flar yap\u0131l\u0131r. \u00dcCRETS\u0130Z NUMUNE TALEB\u0130","og_url":"https:\/\/herbetwa.net\/tr\/product\/feslegen\/","og_site_name":"Herb Etwa","article_modified_time":"2022-05-20T12:51:14+00:00","og_image":[{"width":1024,"height":1024,"url":"https:\/\/herbetwa.net\/wp-content\/uploads\/2022\/04\/14-ince-dogranmis-feslegen-misir-herb-etwa.jpg","type":"image\/jpeg"}],"twitter_card":"summary_large_image","twitter_misc":{"Tahmini okuma s\u00fcresi":"2 dakika"},"schema":{"@context":"https:\/\/schema.org","@graph":[{"@type":"WebPage","@id":"https:\/\/herbetwa.net\/tr\/product\/feslegen\/","url":"https:\/\/herbetwa.net\/tr\/product\/feslegen\/","name":"Toptan Ezilmi\u015f\/ince Fesle\u011fen tedarik\u00e7isi | Herb Etwa | fiyat teklifi","isPartOf":{"@id":"https:\/\/herbetwa.net\/en\/#website"},"primaryImageOfPage":{"@id":"https:\/\/herbetwa.net\/tr\/product\/feslegen\/#primaryimage"},"image":{"@id":"https:\/\/herbetwa.net\/tr\/product\/feslegen\/#primaryimage"},"thumbnailUrl":"https:\/\/herbetwa.net\/wp-content\/uploads\/2022\/04\/14-ince-dogranmis-feslegen-misir-herb-etwa.jpg","datePublished":"2022-04-03T20:28:17+00:00","dateModified":"2022-05-20T12:51:14+00:00","description":"Ezilmi\u015f\/ince Fesle\u011fen g\u00fcvenilir tedarik\u00e7isi. Bitkisel \u00fcr\u00fcn toptanc\u0131lar\u0131 ve distrib\u00fct\u00f6rleri i\u00e7in toplu sat\u0131\u015flar yap\u0131l\u0131r. \u00dcCRETS\u0130Z NUMUNE TALEB\u0130","breadcrumb":{"@id":"https:\/\/herbetwa.net\/tr\/product\/feslegen\/#breadcrumb"},"inLanguage":"tr","potentialAction":[{"@type":"ReadAction","target":["https:\/\/herbetwa.net\/tr\/product\/feslegen\/"]}]},{"@type":"ImageObject","inLanguage":"tr","@id":"https:\/\/herbetwa.net\/tr\/product\/feslegen\/#primaryimage","url":"https:\/\/herbetwa.net\/wp-content\/uploads\/2022\/04\/14-ince-dogranmis-feslegen-misir-herb-etwa.jpg","contentUrl":"https:\/\/herbetwa.net\/wp-content\/uploads\/2022\/04\/14-ince-dogranmis-feslegen-misir-herb-etwa.jpg","width":1024,"height":1024,"caption":"ithal Organik Fesle\u011fen G\u0131da maddesi olarak kullan\u0131l\u0131r Toptan Sat\u0131\u015f yap\u0131l\u0131r."},{"@type":"BreadcrumbList","@id":"https:\/\/herbetwa.net\/tr\/product\/feslegen\/#breadcrumb","itemListElement":[{"@type":"ListItem","position":1,"name":"Home","item":"https:\/\/www.herbetwa.net\/tr\/"},{"@type":"ListItem","position":2,"name":"Fesle\u011fen"}]},{"@type":"WebSite","@id":"https:\/\/herbetwa.net\/en\/#website","url":"https:\/\/herbetwa.net\/en\/","name":"Herb Etwa","description":"Herbs and Spices From Middle East","potentialAction":[{"@type":"SearchAction","target":{"@type":"EntryPoint","urlTemplate":"https:\/\/herbetwa.net\/en\/?s={search_term_string}"},"query-input":{"@type":"PropertyValueSpecification","valueRequired":true,"valueName":"search_term_string"}}],"inLanguage":"tr"}]}},"_links":{"self":[{"href":"https:\/\/herbetwa.net\/tr\/wp-json\/wp\/v2\/product\/1005","targetHints":{"allow":["GET"]}}],"collection":[{"href":"https:\/\/herbetwa.net\/tr\/wp-json\/wp\/v2\/product"}],"about":[{"href":"https:\/\/herbetwa.net\/tr\/wp-json\/wp\/v2\/types\/product"}],"wp:featuredmedia":[{"embeddable":true,"href":"https:\/\/herbetwa.net\/tr\/wp-json\/wp\/v2\/media\/781"}],"wp:attachment":[{"href":"https:\/\/herbetwa.net\/tr\/wp-json\/wp\/v2\/media?parent=1005"}],"wp:term":[{"taxonomy":"product-category","embeddable":true,"href":"https:\/\/herbetwa.net\/tr\/wp-json\/wp\/v2\/product-category?post=1005"}],"curies":[{"name":"wp","href":"https:\/\/api.w.org\/{rel}","templated":true}]}}