{"id":559,"date":"2022-03-29T08:30:32","date_gmt":"2022-03-29T05:30:32","guid":{"rendered":"https:\/\/herbetwa-com-842510.hostingersite.com\/about\/"},"modified":"2022-05-16T13:37:54","modified_gmt":"2022-05-16T10:37:54","slug":"hakkimizda","status":"publish","type":"page","link":"https:\/\/herbetwa.net\/tr\/hakkimizda\/","title":{"rendered":"Hakk\u0131m\u0131zda"},"content":{"rendered":"<p>[vc_section][vc_row][vc_column width=&#8221;2\/3&#8243;]<div id=\"ultimate-heading-802569f771c2959a5\" class=\"uvc-heading ult-adjust-bottom-margin ultimate-heading-802569f771c2959a5 uvc-8975 \" data-hspacer=\"line_only\"  data-halign=\"left\" style=\"text-align:left\"><div class=\"uvc-main-heading ult-responsive\"  data-ultimate-target='.uvc-heading.ultimate-heading-802569f771c2959a5 h2'  data-responsive-json-new='{\"font-size\":\"\",\"line-height\":\"\"}' ><h2 style=\"font-weight:normal;\">Orta Do\u011fu Ot ve Baharatlar\u0131<\/h2><\/div><div class=\"uvc-heading-spacer line_only\" style=\"topheight:1px;\"><span class=\"uvc-headings-line\" style=\"border-style:solid;border-bottom-width:1px;border-color:#b2c67c;width:autopx;\"><\/span><\/div><\/div>[vc_empty_space height=&#8221;16px&#8221;][vc_column_text]<b>Herb Etwa, d\u00fcnyay\u0131 organik otlar ve baharatlarla g\u00fc\u00e7lendiren bir M\u0131s\u0131r-T\u00fcrk ortak giri\u015fimidir. Alan\u0131nda lider bir ihracat\u00e7\u0131 olan firmam\u0131z, size rekabet\u00e7i fiyatlarla y\u00fcksek kaliteli \u00fcr\u00fcnler sunmaktad\u0131r.<\/b>[\/vc_column_text][vc_empty_space]<div id=\"ultimate-heading-791269f771c2959dd\" class=\"uvc-heading ult-adjust-bottom-margin ultimate-heading-791269f771c2959dd uvc-6615 \" data-hspacer=\"line_only\"  data-halign=\"left\" style=\"text-align:left\"><div class=\"uvc-main-heading ult-responsive\"  data-ultimate-target='.uvc-heading.ultimate-heading-791269f771c2959dd h2'  data-responsive-json-new='{\"font-size\":\"\",\"line-height\":\"\"}' ><h2 style=\"font-weight:normal;\">Hakk\u0131m\u0131zda<\/h2><\/div><div class=\"uvc-heading-spacer line_only\" style=\"topheight:1px;\"><span class=\"uvc-headings-line\" style=\"border-style:solid;border-bottom-width:1px;border-color:#b2c67c;width:autopx;\"><\/span><\/div><\/div>[vc_empty_space height=&#8221;16px&#8221;][vc_column_text]M\u0131s\u0131r ve T\u00fcrkiye&#8217;den toptanc\u0131lara toptan sat\u0131\u015f yapan firmam\u0131z; organik kuru otlar, botanik \u00fcr\u00fcnler, kesme \u00e7i\u00e7ekler, baharatlar, bitki \u00e7aylar\u0131 &amp; \u00f6\u011f\u00fct\u00fclm\u00fc\u015f tohumlar \u00fcretmekte, ihra\u00e7 etmekte ve pazarlamaktad\u0131r.<\/p>\n<p>Yery\u00fcz\u00fcn\u00fcn verimli topraklar\u0131nda geli\u015fip b\u00fcy\u00fcyen bitkilerin; tohum, \u00e7i\u00e7ek, meyve, \u00e7ekirdek, kabuk, k\u00f6k, yaprak gibi aromatik k\u0131s\u0131mlar\u0131ndan elde edilen baharatlar, yemeklerinize ve hayat\u0131n\u0131za lezzet katmaya, sofralar\u0131n\u0131za \u00f6zel tatlar sunmaya HerbEtwa ile devam ediyor.<br \/>\nT\u00fcm Avrupa ve Asya \u00fclkelerine kadar uzanan geni\u015f da\u011f\u0131t\u0131m a\u011f\u0131na sahip bir firma olarak g\u00fcvenilir markam\u0131zla ihracat\u0131m\u0131z\u0131 ger\u00e7ekle\u015ftirmekteyiz. HerbEtwa olarak amac\u0131m\u0131z, t\u00fcm m\u00fc\u015fterilerimize sa\u011fl\u0131kl\u0131 ve hijyenik \u015fartlarda, geleneksel aroma ve tad\u0131 kaybetmeden, g\u00fcn\u00fcm\u00fcz\u00fcn modern teknolojisi ve y\u0131llar\u0131n tecr\u00fcbesi ile kaliteli baharat \u00fcr\u00fcnleri sunmakt\u0131r.[\/vc_column_text][vc_empty_space][\/vc_column][vc_column width=&#8221;1\/3&#8243;][vc_single_image image=&#8221;907&#8243; img_size=&#8221;full&#8221;][\/vc_column][\/vc_row][vc_row][vc_column width=&#8221;1\/3&#8243;][vc_single_image image=&#8221;918&#8243; img_size=&#8221;full&#8221;][\/vc_column][vc_column width=&#8221;2\/3&#8243;]<div id=\"ultimate-heading-926469f771c295a05\" class=\"uvc-heading ult-adjust-bottom-margin ultimate-heading-926469f771c295a05 uvc-8181 \" data-hspacer=\"line_only\"  data-halign=\"left\" style=\"text-align:left\"><div class=\"uvc-main-heading ult-responsive\"  data-ultimate-target='.uvc-heading.ultimate-heading-926469f771c295a05 h2'  data-responsive-json-new='{\"font-size\":\"\",\"line-height\":\"\"}' ><h2 style=\"font-weight:normal;\">Kalite ve G\u00fcven<\/h2><\/div><div class=\"uvc-heading-spacer line_only\" style=\"topheight:1px;\"><span class=\"uvc-headings-line\" style=\"border-style:solid;border-bottom-width:1px;border-color:#b2c67c;width:autopx;\"><\/span><\/div><\/div>[vc_empty_space height=&#8221;16px&#8221;][vc_column_text]<span style=\"font-weight: 400;\">M\u0131s\u0131r ve T\u00fcrkiye&#8217;den sadece en kaliteli otlar\u0131 ve baharatlar\u0131 kullan\u0131yoruz. Bu nedenle, her \u00fcr\u00fcn\u00fcn en y\u00fcksek kalitede oldu\u011fundan emin olabilirsiniz!<\/span><\/p>\n<p><span style=\"font-weight: 400;\">Firmam\u0131z M\u0131s\u0131r Tar\u0131m \u00dcr\u00fcnleri Kalite Kontrol Kurumu ve T\u00fcrkiye Tar\u0131msal Kalite Kontrol Kurulu&#8217;nun sertifikal\u0131 \u00fcyesi\u00a0 oldu\u011fu i\u00e7in \u00fcr\u00fcnlerimiz %100 do\u011fal bitki ve botaniklerdir ve\u00a0 herhangi bir sentetik i\u00e7erik i\u00e7ermemektedir. \u00dcr\u00fcnlerimizde kesinlikle pestisitler, insektisitler, fungisitler, herbisitler, kimyasal g\u00fcbreler ve GDO&#8217;lar bulunmamaktad\u0131r<\/span><\/p>\n<p><span style=\"font-weight: 400;\">\u00dcr\u00fcnlerimizi toptan fiyatlarla toplu miktarlarda satmaktay\u0131z, b\u00fcy\u00fck sipari\u015fler i\u00e7in indirimler sunuyoru ve d\u00fcnya \u00e7ap\u0131nda g\u00f6nderi sa\u011flaya biliyoruz..<\/span><\/p>\n<p><span style=\"font-weight: 400;\">\u00dcr\u00fcnlerimiz do\u011frudan M\u0131s\u0131r ve T\u00fcrkiye&#8217;deki \u00e7iftli\u011fimizden sevk edilmektedir.<\/span><\/p>\n<p><span style=\"font-weight: 400;\">Sadece en kaliteli bitkileri kulland\u0131\u011f\u0131m\u0131z\u0131 garanti ediyor ve piyasadaki en iyi fiyatlar\u0131 sunuyoruz.<\/span><\/p>\n<p><b>Memnuniyetiniz bizim \u00f6nceli\u011fimizdir.<\/b><\/p>\n<p><span style=\"font-weight: 400;\">\u00dcr\u00fcnlerimizin taze ve m\u00fckemmel kalitede olmas\u0131n\u0131 garanti ediyor ve memnuniyetiniz garanti alt\u0131na al\u0131yoruz.M\u00fc\u015fterilerimizin en iyi kaliteyi ald\u0131klar\u0131ndan emin olmak i\u00e7in her g\u00f6nderiyi fabrikadan \u00e7\u0131kmadan \u00f6nce kontrol eden \u00f6zel bir ekibimiz bulunmaktad\u0131r.<\/span>[\/vc_column_text][\/vc_column][\/vc_row][\/vc_section][vc_row][vc_column][vc_empty_space][\/vc_column][\/vc_row][vc_section full_width=&#8221;stretch_row&#8221; css=&#8221;.vc_custom_1649410916265{background-color: #1b6a88 !important;}&#8221;][vc_row][vc_column width=&#8221;2\/3&#8243;]<div id=\"ultimate-heading-716369f771c295a26\" class=\"uvc-heading ult-adjust-bottom-margin ultimate-heading-716369f771c295a26 uvc-957 \" data-hspacer=\"no_spacer\"  data-halign=\"center\" style=\"text-align:center\"><div class=\"uvc-heading-spacer no_spacer\" style=\"top\"><\/div><div class=\"uvc-main-heading ult-responsive\"  data-ultimate-target='.uvc-heading.ultimate-heading-716369f771c295a26 h2'  data-responsive-json-new='{\"font-size\":\"\",\"line-height\":\"\"}' ><h2 style=\"font-weight:normal;color:#ffffff;margin-top:20PX;\">Daha fazla bilgi i\u00e7in bizimle ileti\u015fime ge\u00e7in<\/h2><\/div><\/div>[\/vc_column][vc_column width=&#8221;1\/3&#8243;]<div class=\" ubtn-ctn-center \"><a class=\"ubtn-link ult-adjust-bottom-margin ubtn-center ubtn-block \" href=\"https:\/\/herbetwa.test\/en\/contact\/\" title=\"Contact us\" ><button type=\"button\" id=\"ubtn-4654\"  class=\"ubtn ult-adjust-bottom-margin ult-responsive ubtn-block ubtn-fade-bg  ulta-shrink  ubtn-center   tooltip-69f771c295a55 ubtn-block\"  data-hover=\"#b2c67c\" data-border-color=\"\" data-bg=\"#b2c67c\" data-hover-bg=\"#ffffff\" data-border-hover=\"\" data-shadow-hover=\"\" data-shadow-click=\"none\" data-shadow=\"\" data-shd-shadow=\"\"  data-ultimate-target='#ubtn-4654'  data-responsive-json-new='{\"font-size\":\"desktop:18px;\",\"line-height\":\"\"}'  style=\"font-weight:normal;border:none;background: #b2c67c;color: #ffffff;\"><span class=\"ubtn-hover\" style=\"background-color:#ffffff\"><\/span><span class=\"ubtn-data ubtn-text \" >Bize Ula\u015f\u0131n<\/span><\/button><\/a><\/div>[\/vc_column][\/vc_row][\/vc_section]<\/p>\n","protected":false},"excerpt":{"rendered":"<p>[vc_section][vc_row][vc_column width=&#8221;2\/3&#8243;][vc_empty_space height=&#8221;16px&#8221;][vc_column_text]Herb Etwa, d\u00fcnyay\u0131 organik otlar ve baharatlarla g\u00fc\u00e7lendiren bir M\u0131s\u0131r-T\u00fcrk ortak giri\u015fimidir. Alan\u0131nda lider bir ihracat\u00e7\u0131 olan firmam\u0131z, size rekabet\u00e7i fiyatlarla y\u00fcksek kaliteli \u00fcr\u00fcnler sunmaktad\u0131r.[\/vc_column_text][vc_empty_space][vc_empty_space height=&#8221;16px&#8221;][vc_column_text]M\u0131s\u0131r ve T\u00fcrkiye&#8217;den toptanc\u0131lara toptan sat\u0131\u015f yapan firmam\u0131z; organik kuru otlar, botanik \u00fcr\u00fcnler, kesme \u00e7i\u00e7ekler, baharatlar, bitki \u00e7aylar\u0131 &amp; \u00f6\u011f\u00fct\u00fclm\u00fc\u015f tohumlar \u00fcretmekte, ihra\u00e7 etmekte ve pazarlamaktad\u0131r. Yery\u00fcz\u00fcn\u00fcn verimli [&hellip;]<\/p>\n","protected":false},"author":1,"featured_media":0,"parent":0,"menu_order":0,"comment_status":"closed","ping_status":"closed","template":"","meta":{"footnotes":""},"class_list":["post-559","page","type-page","status-publish","hentry"],"yoast_head":"<!-- This site is optimized with the Yoast SEO Premium plugin v16.6 (Yoast SEO v27.4) - https:\/\/yoast.com\/product\/yoast-seo-premium-wordpress\/ -->\n<title>Hakk\u0131m\u0131zda - kurutulmu\u015f Ot &amp; Baharat \u0130thalat\u0131-Herb Hemen fiyat teklifi<\/title>\n<meta name=\"description\" content=\"Herb Etwa g\u00fcvenilir baharat tedarik\u00e7isi; kurutulmu\u015f Otlar, Tohumlar, Baharatlar &amp; Bitki \u00c7aylar\u0131n\u0131n \u0130thalat\u0131n\u0131 yapan bir uluslararas\u0131 firma giri\u015fimidir\" \/>\n<meta name=\"robots\" content=\"index, follow, max-snippet:-1, max-image-preview:large, max-video-preview:-1\" \/>\n<link rel=\"canonical\" href=\"https:\/\/herbetwa.net\/tr\/hakkimizda\/\" \/>\n<meta property=\"og:locale\" content=\"tr_TR\" \/>\n<meta property=\"og:type\" content=\"article\" \/>\n<meta property=\"og:title\" content=\"Hakk\u0131m\u0131zda\" \/>\n<meta property=\"og:description\" content=\"Herb Etwa g\u00fcvenilir baharat tedarik\u00e7isi; kurutulmu\u015f Otlar, Tohumlar, Baharatlar &amp; Bitki \u00c7aylar\u0131n\u0131n \u0130thalat\u0131n\u0131 yapan bir uluslararas\u0131 firma giri\u015fimidir\" \/>\n<meta property=\"og:url\" content=\"https:\/\/herbetwa.net\/tr\/hakkimizda\/\" \/>\n<meta property=\"og:site_name\" content=\"Herb Etwa\" \/>\n<meta property=\"article:modified_time\" content=\"2022-05-16T10:37:54+00:00\" \/>\n<meta name=\"twitter:card\" content=\"summary_large_image\" \/>\n<meta name=\"twitter:label1\" content=\"Tahmini okuma s\u00fcresi\" \/>\n\t<meta name=\"twitter:data1\" content=\"2 dakika\" \/>\n<script type=\"application\/ld+json\" class=\"yoast-schema-graph\">{\"@context\":\"https:\\\/\\\/schema.org\",\"@graph\":[{\"@type\":\"WebPage\",\"@id\":\"https:\\\/\\\/herbetwa.net\\\/tr\\\/hakkimizda\\\/\",\"url\":\"https:\\\/\\\/herbetwa.net\\\/tr\\\/hakkimizda\\\/\",\"name\":\"Hakk\u0131m\u0131zda - kurutulmu\u015f Ot & Baharat \u0130thalat\u0131-Herb Hemen fiyat teklifi\",\"isPartOf\":{\"@id\":\"https:\\\/\\\/herbetwa.net\\\/en\\\/#website\"},\"datePublished\":\"2022-03-29T05:30:32+00:00\",\"dateModified\":\"2022-05-16T10:37:54+00:00\",\"description\":\"Herb Etwa g\u00fcvenilir baharat tedarik\u00e7isi; kurutulmu\u015f Otlar, Tohumlar, Baharatlar & Bitki \u00c7aylar\u0131n\u0131n \u0130thalat\u0131n\u0131 yapan bir uluslararas\u0131 firma giri\u015fimidir\",\"breadcrumb\":{\"@id\":\"https:\\\/\\\/herbetwa.net\\\/tr\\\/hakkimizda\\\/#breadcrumb\"},\"inLanguage\":\"tr\",\"potentialAction\":[{\"@type\":\"ReadAction\",\"target\":[\"https:\\\/\\\/herbetwa.net\\\/tr\\\/hakkimizda\\\/\"]}]},{\"@type\":\"BreadcrumbList\",\"@id\":\"https:\\\/\\\/herbetwa.net\\\/tr\\\/hakkimizda\\\/#breadcrumb\",\"itemListElement\":[{\"@type\":\"ListItem\",\"position\":1,\"name\":\"Home\",\"item\":\"https:\\\/\\\/www.herbetwa.net\\\/tr\\\/\"},{\"@type\":\"ListItem\",\"position\":2,\"name\":\"Hakk\u0131m\u0131zda\"}]},{\"@type\":\"WebSite\",\"@id\":\"https:\\\/\\\/herbetwa.net\\\/en\\\/#website\",\"url\":\"https:\\\/\\\/herbetwa.net\\\/en\\\/\",\"name\":\"Herb Etwa\",\"description\":\"Herbs and Spices From Middle East\",\"potentialAction\":[{\"@type\":\"SearchAction\",\"target\":{\"@type\":\"EntryPoint\",\"urlTemplate\":\"https:\\\/\\\/herbetwa.net\\\/en\\\/?s={search_term_string}\"},\"query-input\":{\"@type\":\"PropertyValueSpecification\",\"valueRequired\":true,\"valueName\":\"search_term_string\"}}],\"inLanguage\":\"tr\"}]}<\/script>\n<!-- \/ Yoast SEO Premium plugin. -->","yoast_head_json":{"title":"Hakk\u0131m\u0131zda - kurutulmu\u015f Ot & Baharat \u0130thalat\u0131-Herb Hemen fiyat teklifi","description":"Herb Etwa g\u00fcvenilir baharat tedarik\u00e7isi; kurutulmu\u015f Otlar, Tohumlar, Baharatlar & Bitki \u00c7aylar\u0131n\u0131n \u0130thalat\u0131n\u0131 yapan bir uluslararas\u0131 firma giri\u015fimidir","robots":{"index":"index","follow":"follow","max-snippet":"max-snippet:-1","max-image-preview":"max-image-preview:large","max-video-preview":"max-video-preview:-1"},"canonical":"https:\/\/herbetwa.net\/tr\/hakkimizda\/","og_locale":"tr_TR","og_type":"article","og_title":"Hakk\u0131m\u0131zda","og_description":"Herb Etwa g\u00fcvenilir baharat tedarik\u00e7isi; kurutulmu\u015f Otlar, Tohumlar, Baharatlar & Bitki \u00c7aylar\u0131n\u0131n \u0130thalat\u0131n\u0131 yapan bir uluslararas\u0131 firma giri\u015fimidir","og_url":"https:\/\/herbetwa.net\/tr\/hakkimizda\/","og_site_name":"Herb Etwa","article_modified_time":"2022-05-16T10:37:54+00:00","twitter_card":"summary_large_image","twitter_misc":{"Tahmini okuma s\u00fcresi":"2 dakika"},"schema":{"@context":"https:\/\/schema.org","@graph":[{"@type":"WebPage","@id":"https:\/\/herbetwa.net\/tr\/hakkimizda\/","url":"https:\/\/herbetwa.net\/tr\/hakkimizda\/","name":"Hakk\u0131m\u0131zda - kurutulmu\u015f Ot & Baharat \u0130thalat\u0131-Herb Hemen fiyat teklifi","isPartOf":{"@id":"https:\/\/herbetwa.net\/en\/#website"},"datePublished":"2022-03-29T05:30:32+00:00","dateModified":"2022-05-16T10:37:54+00:00","description":"Herb Etwa g\u00fcvenilir baharat tedarik\u00e7isi; kurutulmu\u015f Otlar, Tohumlar, Baharatlar & Bitki \u00c7aylar\u0131n\u0131n \u0130thalat\u0131n\u0131 yapan bir uluslararas\u0131 firma giri\u015fimidir","breadcrumb":{"@id":"https:\/\/herbetwa.net\/tr\/hakkimizda\/#breadcrumb"},"inLanguage":"tr","potentialAction":[{"@type":"ReadAction","target":["https:\/\/herbetwa.net\/tr\/hakkimizda\/"]}]},{"@type":"BreadcrumbList","@id":"https:\/\/herbetwa.net\/tr\/hakkimizda\/#breadcrumb","itemListElement":[{"@type":"ListItem","position":1,"name":"Home","item":"https:\/\/www.herbetwa.net\/tr\/"},{"@type":"ListItem","position":2,"name":"Hakk\u0131m\u0131zda"}]},{"@type":"WebSite","@id":"https:\/\/herbetwa.net\/en\/#website","url":"https:\/\/herbetwa.net\/en\/","name":"Herb Etwa","description":"Herbs and Spices From Middle East","potentialAction":[{"@type":"SearchAction","target":{"@type":"EntryPoint","urlTemplate":"https:\/\/herbetwa.net\/en\/?s={search_term_string}"},"query-input":{"@type":"PropertyValueSpecification","valueRequired":true,"valueName":"search_term_string"}}],"inLanguage":"tr"}]}},"_links":{"self":[{"href":"https:\/\/herbetwa.net\/tr\/wp-json\/wp\/v2\/pages\/559","targetHints":{"allow":["GET"]}}],"collection":[{"href":"https:\/\/herbetwa.net\/tr\/wp-json\/wp\/v2\/pages"}],"about":[{"href":"https:\/\/herbetwa.net\/tr\/wp-json\/wp\/v2\/types\/page"}],"author":[{"embeddable":true,"href":"https:\/\/herbetwa.net\/tr\/wp-json\/wp\/v2\/users\/1"}],"replies":[{"embeddable":true,"href":"https:\/\/herbetwa.net\/tr\/wp-json\/wp\/v2\/comments?post=559"}],"version-history":[{"count":14,"href":"https:\/\/herbetwa.net\/tr\/wp-json\/wp\/v2\/pages\/559\/revisions"}],"predecessor-version":[{"id":1477,"href":"https:\/\/herbetwa.net\/tr\/wp-json\/wp\/v2\/pages\/559\/revisions\/1477"}],"wp:attachment":[{"href":"https:\/\/herbetwa.net\/tr\/wp-json\/wp\/v2\/media?parent=559"}],"curies":[{"name":"wp","href":"https:\/\/api.w.org\/{rel}","templated":true}]}}