{"id":993,"date":"2022-04-03T20:24:09","date_gmt":"2022-04-03T17:24:09","guid":{"rendered":"https:\/\/herbetwa-com-842510.hostingersite.com\/product\/rosemary\/"},"modified":"2022-05-18T10:43:42","modified_gmt":"2022-05-18T07:43:42","slug":"rosmarin","status":"publish","type":"product","link":"https:\/\/herbetwa.net\/de\/product\/rosmarin\/","title":{"rendered":"Rosmarin"},"content":{"rendered":"\n<p>Rosmarin wird seit der Antike wegen seiner medizinischen Eigenschaften verwendet. Fr\u00fcher dachte man, Rosmarin sei den G\u00f6ttern und G\u00f6ttinnen heilig. Heute ist es f\u00fcr seine F\u00e4higkeit bekannt, bei Depressionen, Angstzust\u00e4nden, Stress, Schlaflosigkeit, Kopfschmerzen, Migr\u00e4ne und anderen Erkrankungen zu helfen. Rosmarin ist ein gro\u00dfartiges Kraut zum Kochen, insbesondere f\u00fcr italienische Gerichte. Es kann zu Suppen, Eint\u00f6pfen, Saucen, Salaten und sogar Desserts hinzugef\u00fcgt werden.<\/p>\n\n\n\n<p><strong>Name:<\/strong>Rosmarin<\/p>\n\n\n\n<p><strong>Botanischer Name:<\/strong>Rosmarinus officinalis<\/p>\n\n\n\n<p><strong>Form:<\/strong> Getrocknete Rosmarinbl\u00e4tter<\/p>\n\n\n\n<p><strong>Qualit\u00e4t: <\/strong>1. Klasse<\/p>\n\n\n\n<p><strong>Paket: <\/strong>25 kg Nettogewicht in Beuteln.<\/p>\n\n\n\n<p><strong>Beh\u00e4lterkapazit\u00e4t:<\/strong><\/p>\n\n\n\n<p>20 FCL-Container 6-7 Tonnen<\/p>\n\n\n\n<p>40 FCL Container 12-13 Tonnen<\/p>\n\n\n\n<p><strong>Verf\u00fcgbarkeit: <\/strong>Die Ernte ist das ganze Jahr \u00fcber verf\u00fcgbar.<\/p>\n\n\n\n<p><strong>Dieses Produkt ist auch in verschiedenen Formaten erh\u00e4ltlich:<\/strong><\/p>\n\n\n\n<p>\u00b7 Ganz gereinigt<\/p>\n\n\n\n<p>. Standard geschnittener Rosmarin<\/p>\n\n\n\n<p>\u00b7 Gro\u00df geschnittener Rosmarin<\/p>\n\n\n\n<p>\u00b7 Staub<\/p>\n\n\n\n<p>\u00b7 Fein gehackt<\/p>\n\n\n\n<p><strong>&nbsp;Ursprung:<\/strong> \u00c4gypten<\/p>\n\n\n\n<figure class=\"wp-block-gallery has-nested-images columns-default is-cropped wp-block-gallery-1 is-layout-flex wp-block-gallery-is-layout-flex\">\n<figure class=\"wp-block-image size-large\"><img loading=\"lazy\" decoding=\"async\" width=\"900\" height=\"1057\" data-id=\"126\" src=\"https:\/\/herbetwa-com-842510.hostingersite.com\/wp-content\/uploads\/2022\/04\/12-rosemary-ground-egypt-herb-etwa.jpg\" alt=\"Rosemary Ground of Egyptian origin Bulk Selling\" class=\"wp-image-126\" srcset=\"https:\/\/herbetwa.net\/wp-content\/uploads\/2022\/04\/12-rosemary-ground-egypt-herb-etwa.jpg 900w, https:\/\/herbetwa.net\/wp-content\/uploads\/2022\/04\/12-rosemary-ground-egypt-herb-etwa-255x300.jpg 255w, https:\/\/herbetwa.net\/wp-content\/uploads\/2022\/04\/12-rosemary-ground-egypt-herb-etwa-872x1024.jpg 872w, https:\/\/herbetwa.net\/wp-content\/uploads\/2022\/04\/12-rosemary-ground-egypt-herb-etwa-768x902.jpg 768w\" sizes=\"auto, (max-width: 900px) 100vw, 900px\" \/><\/figure>\n\n\n\n<figure class=\"wp-block-image size-large\"><img loading=\"lazy\" decoding=\"async\" width=\"768\" height=\"562\" data-id=\"127\" src=\"https:\/\/herbetwa-com-842510.hostingersite.com\/wp-content\/uploads\/2022\/04\/12-rosemary-egypt-herb-etwa-green.png\" alt=\"Green Rosemary Selling In bulk\" class=\"wp-image-127\" srcset=\"https:\/\/herbetwa.net\/wp-content\/uploads\/2022\/04\/12-rosemary-egypt-herb-etwa-green.png 768w, https:\/\/herbetwa.net\/wp-content\/uploads\/2022\/04\/12-rosemary-egypt-herb-etwa-green-300x220.png 300w\" sizes=\"auto, (max-width: 768px) 100vw, 768px\" \/><\/figure>\n\n\n\n<figure class=\"wp-block-image size-large\"><img loading=\"lazy\" decoding=\"async\" width=\"1024\" height=\"1024\" data-id=\"128\" src=\"https:\/\/herbetwa-com-842510.hostingersite.com\/wp-content\/uploads\/2022\/04\/12-rosemary-fine-cut-egypt-herb-etwa.jpg\" alt=\"Rosemary Fine cut of Egyptian origin Using as food ingredient Selling In bulk\" class=\"wp-image-128\" srcset=\"https:\/\/herbetwa.net\/wp-content\/uploads\/2022\/04\/12-rosemary-fine-cut-egypt-herb-etwa.jpg 1024w, https:\/\/herbetwa.net\/wp-content\/uploads\/2022\/04\/12-rosemary-fine-cut-egypt-herb-etwa-300x300.jpg 300w, https:\/\/herbetwa.net\/wp-content\/uploads\/2022\/04\/12-rosemary-fine-cut-egypt-herb-etwa-150x150.jpg 150w, https:\/\/herbetwa.net\/wp-content\/uploads\/2022\/04\/12-rosemary-fine-cut-egypt-herb-etwa-768x768.jpg 768w\" sizes=\"auto, (max-width: 1024px) 100vw, 1024px\" \/><\/figure>\n<\/figure>\n","protected":false},"featured_media":374,"template":"","product-category":[22],"class_list":["post-993","product","type-product","status-publish","has-post-thumbnail","hentry","product-category-kraut"],"yoast_head":"<!-- This site is optimized with the Yoast SEO Premium plugin v16.6 (Yoast SEO v27.4) - https:\/\/yoast.com\/product\/yoast-seo-premium-wordpress\/ -->\n<title>Bio-Rosmarin Sch\u00fcttung | Herb Etwa | JETZT zitieren<\/title>\n<meta name=\"description\" content=\"Vertrauens w\u00fcrdiger Kr\u00e4uterlieferant von Rosmarin. Verkauf Sch\u00fcttung f\u00fcr Kr\u00e4utergro\u00dfh\u00e4ndler und verteiler FORDERN SIE IHRE KOSTENLOSE PROBE AN\" \/>\n<meta name=\"robots\" content=\"index, follow, max-snippet:-1, max-image-preview:large, max-video-preview:-1\" \/>\n<link rel=\"canonical\" href=\"https:\/\/herbetwa.net\/de\/product\/rosmarin\/\" \/>\n<meta property=\"og:locale\" content=\"de_DE\" \/>\n<meta property=\"og:type\" content=\"article\" \/>\n<meta property=\"og:title\" content=\"Rosmarin\" \/>\n<meta property=\"og:description\" content=\"Vertrauens w\u00fcrdiger Kr\u00e4uterlieferant von Rosmarin. Verkauf Sch\u00fcttung f\u00fcr Kr\u00e4utergro\u00dfh\u00e4ndler und verteiler FORDERN SIE IHRE KOSTENLOSE PROBE AN\" \/>\n<meta property=\"og:url\" content=\"https:\/\/herbetwa.net\/de\/product\/rosmarin\/\" \/>\n<meta property=\"og:site_name\" content=\"Herb Etwa\" \/>\n<meta property=\"article:modified_time\" content=\"2022-05-18T07:43:42+00:00\" \/>\n<meta property=\"og:image\" content=\"https:\/\/herbetwa.net\/wp-content\/uploads\/2022\/04\/12-rosemary-fine-cut-egypt-herb-etwa.jpg\" \/>\n\t<meta property=\"og:image:width\" content=\"1024\" \/>\n\t<meta property=\"og:image:height\" content=\"1024\" \/>\n\t<meta property=\"og:image:type\" content=\"image\/jpeg\" \/>\n<meta name=\"twitter:card\" content=\"summary_large_image\" \/>\n<meta name=\"twitter:label1\" content=\"Gesch\u00e4tzte Lesezeit\" \/>\n\t<meta name=\"twitter:data1\" content=\"2\u00a0Minuten\" \/>\n<script type=\"application\/ld+json\" class=\"yoast-schema-graph\">{\"@context\":\"https:\\\/\\\/schema.org\",\"@graph\":[{\"@type\":\"WebPage\",\"@id\":\"https:\\\/\\\/herbetwa.net\\\/de\\\/product\\\/rosmarin\\\/\",\"url\":\"https:\\\/\\\/herbetwa.net\\\/de\\\/product\\\/rosmarin\\\/\",\"name\":\"Bio-Rosmarin Sch\u00fcttung | Herb Etwa | JETZT zitieren\",\"isPartOf\":{\"@id\":\"https:\\\/\\\/herbetwa.net\\\/en\\\/#website\"},\"primaryImageOfPage\":{\"@id\":\"https:\\\/\\\/herbetwa.net\\\/de\\\/product\\\/rosmarin\\\/#primaryimage\"},\"image\":{\"@id\":\"https:\\\/\\\/herbetwa.net\\\/de\\\/product\\\/rosmarin\\\/#primaryimage\"},\"thumbnailUrl\":\"https:\\\/\\\/herbetwa.net\\\/wp-content\\\/uploads\\\/2022\\\/04\\\/12-rosemary-fine-cut-egypt-herb-etwa.jpg\",\"datePublished\":\"2022-04-03T17:24:09+00:00\",\"dateModified\":\"2022-05-18T07:43:42+00:00\",\"description\":\"Vertrauens w\u00fcrdiger Kr\u00e4uterlieferant von Rosmarin. Verkauf Sch\u00fcttung f\u00fcr Kr\u00e4utergro\u00dfh\u00e4ndler und verteiler FORDERN SIE IHRE KOSTENLOSE PROBE AN\",\"breadcrumb\":{\"@id\":\"https:\\\/\\\/herbetwa.net\\\/de\\\/product\\\/rosmarin\\\/#breadcrumb\"},\"inLanguage\":\"de\",\"potentialAction\":[{\"@type\":\"ReadAction\",\"target\":[\"https:\\\/\\\/herbetwa.net\\\/de\\\/product\\\/rosmarin\\\/\"]}]},{\"@type\":\"ImageObject\",\"inLanguage\":\"de\",\"@id\":\"https:\\\/\\\/herbetwa.net\\\/de\\\/product\\\/rosmarin\\\/#primaryimage\",\"url\":\"https:\\\/\\\/herbetwa.net\\\/wp-content\\\/uploads\\\/2022\\\/04\\\/12-rosemary-fine-cut-egypt-herb-etwa.jpg\",\"contentUrl\":\"https:\\\/\\\/herbetwa.net\\\/wp-content\\\/uploads\\\/2022\\\/04\\\/12-rosemary-fine-cut-egypt-herb-etwa.jpg\",\"width\":1024,\"height\":1024,\"caption\":\"Rosemary Fine cut of Egyptian origin Using as food ingredient Selling In bulk\"},{\"@type\":\"BreadcrumbList\",\"@id\":\"https:\\\/\\\/herbetwa.net\\\/de\\\/product\\\/rosmarin\\\/#breadcrumb\",\"itemListElement\":[{\"@type\":\"ListItem\",\"position\":1,\"name\":\"Home\",\"item\":\"https:\\\/\\\/herbetwa.net\\\/de\\\/\"},{\"@type\":\"ListItem\",\"position\":2,\"name\":\"Rosmarin\"}]},{\"@type\":\"WebSite\",\"@id\":\"https:\\\/\\\/herbetwa.net\\\/en\\\/#website\",\"url\":\"https:\\\/\\\/herbetwa.net\\\/en\\\/\",\"name\":\"Herb Etwa\",\"description\":\"Herbs and Spices From Middle East\",\"potentialAction\":[{\"@type\":\"SearchAction\",\"target\":{\"@type\":\"EntryPoint\",\"urlTemplate\":\"https:\\\/\\\/herbetwa.net\\\/en\\\/?s={search_term_string}\"},\"query-input\":{\"@type\":\"PropertyValueSpecification\",\"valueRequired\":true,\"valueName\":\"search_term_string\"}}],\"inLanguage\":\"de\"}]}<\/script>\n<!-- \/ Yoast SEO Premium plugin. -->","yoast_head_json":{"title":"Bio-Rosmarin Sch\u00fcttung | Herb Etwa | JETZT zitieren","description":"Vertrauens w\u00fcrdiger Kr\u00e4uterlieferant von Rosmarin. Verkauf Sch\u00fcttung f\u00fcr Kr\u00e4utergro\u00dfh\u00e4ndler und verteiler FORDERN SIE IHRE KOSTENLOSE PROBE AN","robots":{"index":"index","follow":"follow","max-snippet":"max-snippet:-1","max-image-preview":"max-image-preview:large","max-video-preview":"max-video-preview:-1"},"canonical":"https:\/\/herbetwa.net\/de\/product\/rosmarin\/","og_locale":"de_DE","og_type":"article","og_title":"Rosmarin","og_description":"Vertrauens w\u00fcrdiger Kr\u00e4uterlieferant von Rosmarin. Verkauf Sch\u00fcttung f\u00fcr Kr\u00e4utergro\u00dfh\u00e4ndler und verteiler FORDERN SIE IHRE KOSTENLOSE PROBE AN","og_url":"https:\/\/herbetwa.net\/de\/product\/rosmarin\/","og_site_name":"Herb Etwa","article_modified_time":"2022-05-18T07:43:42+00:00","og_image":[{"width":1024,"height":1024,"url":"https:\/\/herbetwa.net\/wp-content\/uploads\/2022\/04\/12-rosemary-fine-cut-egypt-herb-etwa.jpg","type":"image\/jpeg"}],"twitter_card":"summary_large_image","twitter_misc":{"Gesch\u00e4tzte Lesezeit":"2\u00a0Minuten"},"schema":{"@context":"https:\/\/schema.org","@graph":[{"@type":"WebPage","@id":"https:\/\/herbetwa.net\/de\/product\/rosmarin\/","url":"https:\/\/herbetwa.net\/de\/product\/rosmarin\/","name":"Bio-Rosmarin Sch\u00fcttung | Herb Etwa | JETZT zitieren","isPartOf":{"@id":"https:\/\/herbetwa.net\/en\/#website"},"primaryImageOfPage":{"@id":"https:\/\/herbetwa.net\/de\/product\/rosmarin\/#primaryimage"},"image":{"@id":"https:\/\/herbetwa.net\/de\/product\/rosmarin\/#primaryimage"},"thumbnailUrl":"https:\/\/herbetwa.net\/wp-content\/uploads\/2022\/04\/12-rosemary-fine-cut-egypt-herb-etwa.jpg","datePublished":"2022-04-03T17:24:09+00:00","dateModified":"2022-05-18T07:43:42+00:00","description":"Vertrauens w\u00fcrdiger Kr\u00e4uterlieferant von Rosmarin. Verkauf Sch\u00fcttung f\u00fcr Kr\u00e4utergro\u00dfh\u00e4ndler und verteiler FORDERN SIE IHRE KOSTENLOSE PROBE AN","breadcrumb":{"@id":"https:\/\/herbetwa.net\/de\/product\/rosmarin\/#breadcrumb"},"inLanguage":"de","potentialAction":[{"@type":"ReadAction","target":["https:\/\/herbetwa.net\/de\/product\/rosmarin\/"]}]},{"@type":"ImageObject","inLanguage":"de","@id":"https:\/\/herbetwa.net\/de\/product\/rosmarin\/#primaryimage","url":"https:\/\/herbetwa.net\/wp-content\/uploads\/2022\/04\/12-rosemary-fine-cut-egypt-herb-etwa.jpg","contentUrl":"https:\/\/herbetwa.net\/wp-content\/uploads\/2022\/04\/12-rosemary-fine-cut-egypt-herb-etwa.jpg","width":1024,"height":1024,"caption":"Rosemary Fine cut of Egyptian origin Using as food ingredient Selling In bulk"},{"@type":"BreadcrumbList","@id":"https:\/\/herbetwa.net\/de\/product\/rosmarin\/#breadcrumb","itemListElement":[{"@type":"ListItem","position":1,"name":"Home","item":"https:\/\/herbetwa.net\/de\/"},{"@type":"ListItem","position":2,"name":"Rosmarin"}]},{"@type":"WebSite","@id":"https:\/\/herbetwa.net\/en\/#website","url":"https:\/\/herbetwa.net\/en\/","name":"Herb Etwa","description":"Herbs and Spices From Middle East","potentialAction":[{"@type":"SearchAction","target":{"@type":"EntryPoint","urlTemplate":"https:\/\/herbetwa.net\/en\/?s={search_term_string}"},"query-input":{"@type":"PropertyValueSpecification","valueRequired":true,"valueName":"search_term_string"}}],"inLanguage":"de"}]}},"_links":{"self":[{"href":"https:\/\/herbetwa.net\/de\/wp-json\/wp\/v2\/product\/993","targetHints":{"allow":["GET"]}}],"collection":[{"href":"https:\/\/herbetwa.net\/de\/wp-json\/wp\/v2\/product"}],"about":[{"href":"https:\/\/herbetwa.net\/de\/wp-json\/wp\/v2\/types\/product"}],"wp:featuredmedia":[{"embeddable":true,"href":"https:\/\/herbetwa.net\/de\/wp-json\/wp\/v2\/media\/374"}],"wp:attachment":[{"href":"https:\/\/herbetwa.net\/de\/wp-json\/wp\/v2\/media?parent=993"}],"wp:term":[{"taxonomy":"product-category","embeddable":true,"href":"https:\/\/herbetwa.net\/de\/wp-json\/wp\/v2\/product-category?post=993"}],"curies":[{"name":"wp","href":"https:\/\/api.w.org\/{rel}","templated":true}]}}