{"id":984,"date":"2022-04-03T20:21:14","date_gmt":"2022-04-03T17:21:14","guid":{"rendered":"https:\/\/herbetwa-com-842510.hostingersite.com\/product\/calendula-flower\/"},"modified":"2022-05-18T10:46:21","modified_gmt":"2022-05-18T07:46:21","slug":"ringelblume","status":"publish","type":"product","link":"https:\/\/herbetwa.net\/de\/product\/ringelblume\/","title":{"rendered":"Ringelblume"},"content":{"rendered":"\n<p>The calendula flower has been used since ancient times for medicinal purposes. The Egyptians used this h<\/p>\n\n\n\n<p>Die Calendula-Blume wird seit der Antike f\u00fcr medizinische Zwecke verwendet. Die \u00c4gypter verwendeten dieses Kraut zur Behandlung von Wunden und Verbrennungen, Schnitten, Prellungen, Insektenstichen und anderen kleineren Verletzungen. Dieses Kraut wurde urspr\u00fcnglich im alten \u00c4gypten angebaut, wo es als Majoran bekannt war. Sie w\u00fcrden die Blumen zu einer Paste zerdr\u00fccken und sie direkt auf die betroffene Stelle auftragen. heute wird Ringelblume immer noch in ganz Europa und Nordamerika angebaut.<\/p>\n\n\n\n<p>Calendula-Bl\u00fcten werden oft in Cremes verwendet, die helfen, kleinere Schnitte und Kratzer zu heilen. Sie k\u00f6nnen auch verwendet werden, um eine beruhigende Salbe gegen Sonnenbrand und Insektenstiche herzustellen.<\/p>\n\n\n\n<p>Ringelblumen\u00f6l wird aus den Bl\u00fctenbl\u00e4ttern der Ringelblume gewonnen. Das \u00d6l enth\u00e4lt viele n\u00fctzliche Verbindungen, darunter die Vitamine A, C, D, E, B6, Beta-Carotin, Kalzium, Magnesium, Eisen, Zink, Mangan, Kupfer, Jod und Selen.<\/p>\n\n\n\n<p>Ringelblumen\u00f6l hat entz\u00fcndungshemmende Eigenschaften und hilft, Schwellungen und Schmerzen zu reduzieren. Es kann auch verwendet werden, um Juckreiz zu lindern, der durch Giftefeu, Gifteiche und Giftsumach verursacht wird.<\/p>\n\n\n\n<p>Ringelblumen\u00f6l kann direkt auf die Haut aufgetragen oder in Lotionen und Cremes eingemischt werden. Es kann auch dem Badewasser zugesetzt werden, um die Heilung zu f\u00f6rdern.<\/p>\n\n\n\n<p><strong>Name:<\/strong>Calendula-Blume<\/p>\n\n\n\n<p><strong>Botanischer Name:<\/strong>Calendula Officinalis Alternative Namen Ringelblume<\/p>\n\n\n\n<p><strong>Form:<\/strong> Ganze Bl\u00fcten<\/p>\n\n\n\n<p><strong>Qualit\u00e4t<\/strong>:<strong> <\/strong>1. Klasse<\/p>\n\n\n\n<p><strong>Verpackung: <\/strong>12,5 kg Karton und PP-Beutel<\/p>\n\n\n\n<p><strong>Beh\u00e4lterkapazit\u00e4t:<\/strong><\/p>\n\n\n\n<p>20 FCL-Container 3,5 Tonnen<\/p>\n\n\n\n<p>40 FCL-Container 7 Tonnen<\/p>\n\n\n\n<p><strong>Verf\u00fcgbarkeit: <\/strong>Die Ernte beginnt im April und ist das ganze Jahr auf Lager.<\/p>\n\n\n\n<p><strong>Ursprung:<\/strong> \u00c4gypten<\/p>\n\n\n\n<figure class=\"wp-block-gallery has-nested-images columns-default is-cropped wp-block-gallery-1 is-layout-flex wp-block-gallery-is-layout-flex\">\n<figure class=\"wp-block-image size-large\"><img loading=\"lazy\" decoding=\"async\" width=\"1280\" height=\"853\" data-id=\"120\" src=\"https:\/\/herbetwa-com-842510.hostingersite.com\/wp-content\/uploads\/2022\/04\/10-calendula-flower-egypt-herb-etwa22.png\" alt=\"Calendula leaves or Marigold Flowers\" class=\"wp-image-120\" srcset=\"https:\/\/herbetwa.net\/wp-content\/uploads\/2022\/04\/10-calendula-flower-egypt-herb-etwa22.png 1280w, https:\/\/herbetwa.net\/wp-content\/uploads\/2022\/04\/10-calendula-flower-egypt-herb-etwa22-300x200.png 300w, https:\/\/herbetwa.net\/wp-content\/uploads\/2022\/04\/10-calendula-flower-egypt-herb-etwa22-1024x682.png 1024w, https:\/\/herbetwa.net\/wp-content\/uploads\/2022\/04\/10-calendula-flower-egypt-herb-etwa22-768x512.png 768w\" sizes=\"auto, (max-width: 1280px) 100vw, 1280px\" \/><\/figure>\n\n\n\n<figure class=\"wp-block-image size-large\"><img loading=\"lazy\" decoding=\"async\" width=\"800\" height=\"800\" data-id=\"119\" src=\"https:\/\/herbetwa-com-842510.hostingersite.com\/wp-content\/uploads\/2022\/04\/10-calendula-flower-egypt-herb-etwa5.png\" alt=\"Calendula of Egyptian origin\" class=\"wp-image-119\" srcset=\"https:\/\/herbetwa.net\/wp-content\/uploads\/2022\/04\/10-calendula-flower-egypt-herb-etwa5.png 800w, https:\/\/herbetwa.net\/wp-content\/uploads\/2022\/04\/10-calendula-flower-egypt-herb-etwa5-300x300.png 300w, https:\/\/herbetwa.net\/wp-content\/uploads\/2022\/04\/10-calendula-flower-egypt-herb-etwa5-150x150.png 150w, https:\/\/herbetwa.net\/wp-content\/uploads\/2022\/04\/10-calendula-flower-egypt-herb-etwa5-768x768.png 768w\" sizes=\"auto, (max-width: 800px) 100vw, 800px\" \/><\/figure>\n\n\n\n<figure class=\"wp-block-image size-large\"><img loading=\"lazy\" decoding=\"async\" width=\"2560\" height=\"1707\" data-id=\"117\" src=\"https:\/\/herbetwa-com-842510.hostingersite.com\/wp-content\/uploads\/2022\/04\/10-calendula-flower-egypt-herb-etwa3-scaled.jpg\" alt=\"Calendula Flower &amp; leaves or Marigold Flowers of Egyptian origin Using in making Creams For skin, Extract Oil Selling In bulk\" class=\"wp-image-117\" srcset=\"https:\/\/herbetwa.net\/wp-content\/uploads\/2022\/04\/10-calendula-flower-egypt-herb-etwa3-scaled.jpg 2560w, https:\/\/herbetwa.net\/wp-content\/uploads\/2022\/04\/10-calendula-flower-egypt-herb-etwa3-scaled-300x200.jpg 300w, https:\/\/herbetwa.net\/wp-content\/uploads\/2022\/04\/10-calendula-flower-egypt-herb-etwa3-scaled-1024x683.jpg 1024w, https:\/\/herbetwa.net\/wp-content\/uploads\/2022\/04\/10-calendula-flower-egypt-herb-etwa3-scaled-768x512.jpg 768w, https:\/\/herbetwa.net\/wp-content\/uploads\/2022\/04\/10-calendula-flower-egypt-herb-etwa3-scaled-1536x1024.jpg 1536w, https:\/\/herbetwa.net\/wp-content\/uploads\/2022\/04\/10-calendula-flower-egypt-herb-etwa3-scaled-2048x1366.jpg 2048w\" sizes=\"auto, (max-width: 2560px) 100vw, 2560px\" \/><\/figure>\n\n\n\n<figure class=\"wp-block-image size-large\"><img loading=\"lazy\" decoding=\"async\" width=\"5000\" height=\"5000\" data-id=\"116\" src=\"https:\/\/herbetwa-com-842510.hostingersite.com\/wp-content\/uploads\/2022\/04\/10-calendula-flower-egypt-herb-etwa.png\" alt=\"Best Calendula &amp; leaves or Marigold\" class=\"wp-image-116\" srcset=\"https:\/\/herbetwa.net\/wp-content\/uploads\/2022\/04\/10-calendula-flower-egypt-herb-etwa.png 5000w, https:\/\/herbetwa.net\/wp-content\/uploads\/2022\/04\/10-calendula-flower-egypt-herb-etwa-300x300.png 300w, https:\/\/herbetwa.net\/wp-content\/uploads\/2022\/04\/10-calendula-flower-egypt-herb-etwa-1024x1024.png 1024w, https:\/\/herbetwa.net\/wp-content\/uploads\/2022\/04\/10-calendula-flower-egypt-herb-etwa-150x150.png 150w, https:\/\/herbetwa.net\/wp-content\/uploads\/2022\/04\/10-calendula-flower-egypt-herb-etwa-768x768.png 768w, https:\/\/herbetwa.net\/wp-content\/uploads\/2022\/04\/10-calendula-flower-egypt-herb-etwa-1536x1536.png 1536w, https:\/\/herbetwa.net\/wp-content\/uploads\/2022\/04\/10-calendula-flower-egypt-herb-etwa-2048x2048.png 2048w\" sizes=\"auto, (max-width: 5000px) 100vw, 5000px\" \/><\/figure>\n\n\n\n<figure class=\"wp-block-image size-large\"><img loading=\"lazy\" decoding=\"async\" width=\"1181\" height=\"986\" data-id=\"118\" src=\"https:\/\/herbetwa-com-842510.hostingersite.com\/wp-content\/uploads\/2022\/04\/10-calendula-flower-egypt-herb-etwa4.png\" alt=\"Calendula leaves or Marigold Flowers of Egyptian origin For medical use\" class=\"wp-image-118\" srcset=\"https:\/\/herbetwa.net\/wp-content\/uploads\/2022\/04\/10-calendula-flower-egypt-herb-etwa4.png 1181w, https:\/\/herbetwa.net\/wp-content\/uploads\/2022\/04\/10-calendula-flower-egypt-herb-etwa4-300x250.png 300w, https:\/\/herbetwa.net\/wp-content\/uploads\/2022\/04\/10-calendula-flower-egypt-herb-etwa4-1024x855.png 1024w, https:\/\/herbetwa.net\/wp-content\/uploads\/2022\/04\/10-calendula-flower-egypt-herb-etwa4-768x641.png 768w\" sizes=\"auto, (max-width: 1181px) 100vw, 1181px\" \/><\/figure>\n<\/figure>\n","protected":false},"featured_media":360,"template":"","product-category":[22],"class_list":["post-984","product","type-product","status-publish","has-post-thumbnail","hentry","product-category-kraut"],"yoast_head":"<!-- This site is optimized with the Yoast SEO Premium plugin v16.6 (Yoast SEO v27.4) - https:\/\/yoast.com\/product\/yoast-seo-premium-wordpress\/ -->\n<title>Calendula-Blumen Sch\u00fcttung | Herb Etwa | JETZT zitieren<\/title>\n<meta name=\"description\" content=\"Vertrauensw\u00fcrdiger Kr\u00e4uterlieferant von Calendula-Bl\u00fcten Verkauf Sch\u00fcttung f\u00fcr Kr\u00e4utergro\u00dfh\u00e4ndler und -verteiler FORDERN SIE IHRE KOSTENLOSE PROBE AN\" \/>\n<meta name=\"robots\" content=\"index, follow, max-snippet:-1, max-image-preview:large, max-video-preview:-1\" \/>\n<link rel=\"canonical\" href=\"https:\/\/herbetwa.net\/de\/product\/ringelblume\/\" \/>\n<meta property=\"og:locale\" content=\"de_DE\" \/>\n<meta property=\"og:type\" content=\"article\" \/>\n<meta property=\"og:title\" content=\"Ringelblume\" \/>\n<meta property=\"og:description\" content=\"Vertrauensw\u00fcrdiger Kr\u00e4uterlieferant von Calendula-Bl\u00fcten Verkauf Sch\u00fcttung f\u00fcr Kr\u00e4utergro\u00dfh\u00e4ndler und -verteiler FORDERN SIE IHRE KOSTENLOSE PROBE AN\" \/>\n<meta property=\"og:url\" content=\"https:\/\/herbetwa.net\/de\/product\/ringelblume\/\" \/>\n<meta property=\"og:site_name\" content=\"Herb Etwa\" \/>\n<meta property=\"article:modified_time\" content=\"2022-05-18T07:46:21+00:00\" \/>\n<meta property=\"og:image\" content=\"https:\/\/herbetwa.net\/wp-content\/uploads\/2022\/04\/10-calendula-flower-egypt-herb-etwa5.png\" \/>\n\t<meta property=\"og:image:width\" content=\"800\" \/>\n\t<meta property=\"og:image:height\" content=\"800\" \/>\n\t<meta property=\"og:image:type\" content=\"image\/png\" \/>\n<meta name=\"twitter:card\" content=\"summary_large_image\" \/>\n<meta name=\"twitter:label1\" content=\"Gesch\u00e4tzte Lesezeit\" \/>\n\t<meta name=\"twitter:data1\" content=\"3\u00a0Minuten\" \/>\n<script type=\"application\/ld+json\" class=\"yoast-schema-graph\">{\"@context\":\"https:\\\/\\\/schema.org\",\"@graph\":[{\"@type\":\"WebPage\",\"@id\":\"https:\\\/\\\/herbetwa.net\\\/de\\\/product\\\/ringelblume\\\/\",\"url\":\"https:\\\/\\\/herbetwa.net\\\/de\\\/product\\\/ringelblume\\\/\",\"name\":\"Calendula-Blumen Sch\u00fcttung | Herb Etwa | JETZT zitieren\",\"isPartOf\":{\"@id\":\"https:\\\/\\\/herbetwa.net\\\/en\\\/#website\"},\"primaryImageOfPage\":{\"@id\":\"https:\\\/\\\/herbetwa.net\\\/de\\\/product\\\/ringelblume\\\/#primaryimage\"},\"image\":{\"@id\":\"https:\\\/\\\/herbetwa.net\\\/de\\\/product\\\/ringelblume\\\/#primaryimage\"},\"thumbnailUrl\":\"https:\\\/\\\/herbetwa.net\\\/wp-content\\\/uploads\\\/2022\\\/04\\\/10-calendula-flower-egypt-herb-etwa5.png\",\"datePublished\":\"2022-04-03T17:21:14+00:00\",\"dateModified\":\"2022-05-18T07:46:21+00:00\",\"description\":\"Vertrauensw\u00fcrdiger Kr\u00e4uterlieferant von Calendula-Bl\u00fcten Verkauf Sch\u00fcttung f\u00fcr Kr\u00e4utergro\u00dfh\u00e4ndler und -verteiler FORDERN SIE IHRE KOSTENLOSE PROBE AN\",\"breadcrumb\":{\"@id\":\"https:\\\/\\\/herbetwa.net\\\/de\\\/product\\\/ringelblume\\\/#breadcrumb\"},\"inLanguage\":\"de\",\"potentialAction\":[{\"@type\":\"ReadAction\",\"target\":[\"https:\\\/\\\/herbetwa.net\\\/de\\\/product\\\/ringelblume\\\/\"]}]},{\"@type\":\"ImageObject\",\"inLanguage\":\"de\",\"@id\":\"https:\\\/\\\/herbetwa.net\\\/de\\\/product\\\/ringelblume\\\/#primaryimage\",\"url\":\"https:\\\/\\\/herbetwa.net\\\/wp-content\\\/uploads\\\/2022\\\/04\\\/10-calendula-flower-egypt-herb-etwa5.png\",\"contentUrl\":\"https:\\\/\\\/herbetwa.net\\\/wp-content\\\/uploads\\\/2022\\\/04\\\/10-calendula-flower-egypt-herb-etwa5.png\",\"width\":800,\"height\":800,\"caption\":\"Calendula Flower & leaves or Marigold Flowers of Egyptian origin Using in making Creams For skin, Extract Oil Selling In bulk\"},{\"@type\":\"BreadcrumbList\",\"@id\":\"https:\\\/\\\/herbetwa.net\\\/de\\\/product\\\/ringelblume\\\/#breadcrumb\",\"itemListElement\":[{\"@type\":\"ListItem\",\"position\":1,\"name\":\"Home\",\"item\":\"https:\\\/\\\/herbetwa.net\\\/de\\\/\"},{\"@type\":\"ListItem\",\"position\":2,\"name\":\"Ringelblume\"}]},{\"@type\":\"WebSite\",\"@id\":\"https:\\\/\\\/herbetwa.net\\\/en\\\/#website\",\"url\":\"https:\\\/\\\/herbetwa.net\\\/en\\\/\",\"name\":\"Herb Etwa\",\"description\":\"Herbs and Spices From Middle East\",\"potentialAction\":[{\"@type\":\"SearchAction\",\"target\":{\"@type\":\"EntryPoint\",\"urlTemplate\":\"https:\\\/\\\/herbetwa.net\\\/en\\\/?s={search_term_string}\"},\"query-input\":{\"@type\":\"PropertyValueSpecification\",\"valueRequired\":true,\"valueName\":\"search_term_string\"}}],\"inLanguage\":\"de\"}]}<\/script>\n<!-- \/ Yoast SEO Premium plugin. -->","yoast_head_json":{"title":"Calendula-Blumen Sch\u00fcttung | Herb Etwa | JETZT zitieren","description":"Vertrauensw\u00fcrdiger Kr\u00e4uterlieferant von Calendula-Bl\u00fcten Verkauf Sch\u00fcttung f\u00fcr Kr\u00e4utergro\u00dfh\u00e4ndler und -verteiler FORDERN SIE IHRE KOSTENLOSE PROBE AN","robots":{"index":"index","follow":"follow","max-snippet":"max-snippet:-1","max-image-preview":"max-image-preview:large","max-video-preview":"max-video-preview:-1"},"canonical":"https:\/\/herbetwa.net\/de\/product\/ringelblume\/","og_locale":"de_DE","og_type":"article","og_title":"Ringelblume","og_description":"Vertrauensw\u00fcrdiger Kr\u00e4uterlieferant von Calendula-Bl\u00fcten Verkauf Sch\u00fcttung f\u00fcr Kr\u00e4utergro\u00dfh\u00e4ndler und -verteiler FORDERN SIE IHRE KOSTENLOSE PROBE AN","og_url":"https:\/\/herbetwa.net\/de\/product\/ringelblume\/","og_site_name":"Herb Etwa","article_modified_time":"2022-05-18T07:46:21+00:00","og_image":[{"width":800,"height":800,"url":"https:\/\/herbetwa.net\/wp-content\/uploads\/2022\/04\/10-calendula-flower-egypt-herb-etwa5.png","type":"image\/png"}],"twitter_card":"summary_large_image","twitter_misc":{"Gesch\u00e4tzte Lesezeit":"3\u00a0Minuten"},"schema":{"@context":"https:\/\/schema.org","@graph":[{"@type":"WebPage","@id":"https:\/\/herbetwa.net\/de\/product\/ringelblume\/","url":"https:\/\/herbetwa.net\/de\/product\/ringelblume\/","name":"Calendula-Blumen Sch\u00fcttung | Herb Etwa | JETZT zitieren","isPartOf":{"@id":"https:\/\/herbetwa.net\/en\/#website"},"primaryImageOfPage":{"@id":"https:\/\/herbetwa.net\/de\/product\/ringelblume\/#primaryimage"},"image":{"@id":"https:\/\/herbetwa.net\/de\/product\/ringelblume\/#primaryimage"},"thumbnailUrl":"https:\/\/herbetwa.net\/wp-content\/uploads\/2022\/04\/10-calendula-flower-egypt-herb-etwa5.png","datePublished":"2022-04-03T17:21:14+00:00","dateModified":"2022-05-18T07:46:21+00:00","description":"Vertrauensw\u00fcrdiger Kr\u00e4uterlieferant von Calendula-Bl\u00fcten Verkauf Sch\u00fcttung f\u00fcr Kr\u00e4utergro\u00dfh\u00e4ndler und -verteiler FORDERN SIE IHRE KOSTENLOSE PROBE AN","breadcrumb":{"@id":"https:\/\/herbetwa.net\/de\/product\/ringelblume\/#breadcrumb"},"inLanguage":"de","potentialAction":[{"@type":"ReadAction","target":["https:\/\/herbetwa.net\/de\/product\/ringelblume\/"]}]},{"@type":"ImageObject","inLanguage":"de","@id":"https:\/\/herbetwa.net\/de\/product\/ringelblume\/#primaryimage","url":"https:\/\/herbetwa.net\/wp-content\/uploads\/2022\/04\/10-calendula-flower-egypt-herb-etwa5.png","contentUrl":"https:\/\/herbetwa.net\/wp-content\/uploads\/2022\/04\/10-calendula-flower-egypt-herb-etwa5.png","width":800,"height":800,"caption":"Calendula Flower & leaves or Marigold Flowers of Egyptian origin Using in making Creams For skin, Extract Oil Selling In bulk"},{"@type":"BreadcrumbList","@id":"https:\/\/herbetwa.net\/de\/product\/ringelblume\/#breadcrumb","itemListElement":[{"@type":"ListItem","position":1,"name":"Home","item":"https:\/\/herbetwa.net\/de\/"},{"@type":"ListItem","position":2,"name":"Ringelblume"}]},{"@type":"WebSite","@id":"https:\/\/herbetwa.net\/en\/#website","url":"https:\/\/herbetwa.net\/en\/","name":"Herb Etwa","description":"Herbs and Spices From Middle East","potentialAction":[{"@type":"SearchAction","target":{"@type":"EntryPoint","urlTemplate":"https:\/\/herbetwa.net\/en\/?s={search_term_string}"},"query-input":{"@type":"PropertyValueSpecification","valueRequired":true,"valueName":"search_term_string"}}],"inLanguage":"de"}]}},"_links":{"self":[{"href":"https:\/\/herbetwa.net\/de\/wp-json\/wp\/v2\/product\/984","targetHints":{"allow":["GET"]}}],"collection":[{"href":"https:\/\/herbetwa.net\/de\/wp-json\/wp\/v2\/product"}],"about":[{"href":"https:\/\/herbetwa.net\/de\/wp-json\/wp\/v2\/types\/product"}],"wp:featuredmedia":[{"embeddable":true,"href":"https:\/\/herbetwa.net\/de\/wp-json\/wp\/v2\/media\/360"}],"wp:attachment":[{"href":"https:\/\/herbetwa.net\/de\/wp-json\/wp\/v2\/media?parent=984"}],"wp:term":[{"taxonomy":"product-category","embeddable":true,"href":"https:\/\/herbetwa.net\/de\/wp-json\/wp\/v2\/product-category?post=984"}],"curies":[{"name":"wp","href":"https:\/\/api.w.org\/{rel}","templated":true}]}}