{"id":1183,"date":"2022-04-01T15:12:49","date_gmt":"2022-04-01T12:12:49","guid":{"rendered":"https:\/\/herbetwa-com-842510.hostingersite.com\/product\/parsley-leaves\/"},"modified":"2022-05-18T10:28:26","modified_gmt":"2022-05-18T07:28:26","slug":"petersilienblatt","status":"publish","type":"product","link":"https:\/\/herbetwa.net\/de\/product\/petersilienblatt\/","title":{"rendered":"Petersilienblatt"},"content":{"rendered":"\n<p>Bio-Petersilienbl\u00e4tter werden f\u00fcr medizinische Zwecke verwendet. Sie sind reich an den Vitaminen A, B6, C, E, K, Kalzium, Eisen, Magnesium, Mangan, Zink, Kupfer, Ballaststoffen, Proteinen, Omega-3-Fetts\u00e4uren und Antioxidantien. Diese Bl\u00e4tter k\u00f6nnen verwendet werden, um Kr\u00e4utertee, Suppen, Salate und Gerichte zu garnieren.<\/p>\n\n\n\n<p>Petersilienbl\u00e4tter werden in der traditionellen Medizin seit Jahrhunderten zur Behandlung von Erk\u00e4ltungen, Grippe, Fieber, Verdauungsst\u00f6rungen und Magenproblemen verwendet. Es enth\u00e4lt Flavonoide, die entz\u00fcndungshemmende Eigenschaften haben. Flavonoide helfen, Schwellungen und Entz\u00fcndungen zu reduzieren, und sie k\u00f6nnen sogar die Vermehrung von Krebszellen verhindern.<\/p>\n\n\n\n<p>Es reinigt und st\u00e4rkt die Niere und kann sogar helfen, Nierensteine aufzul\u00f6sen. Es wirkt entz\u00fcndungshemmend und reduziert Gelenkschmerzen und Steifheit. Das in Petersilie enthaltene Kalzium und Fluor kann Knochen und Z\u00e4hne st\u00e4rken.<\/p>\n\n\n\n<p><strong>Name:<\/strong> Petersilienblatt<\/p>\n\n\n\n<p><strong>Botanischer Name:<\/strong>Petroselinum Crispum<\/p>\n\n\n\n<p><strong>Produktformen:<\/strong><\/p>\n\n\n\n<p>Bl\u00e4tter (Stempel)<\/p>\n\n\n\n<p>Petersilie zerkleinerte Bl\u00e4tter 2-4 mm<\/p>\n\n\n\n<p>Petersilie 30 Mesh<\/p>\n\n\n\n<p>Petersilie fein gehackt<\/p>\n\n\n\n<p><strong>Verf\u00fcgbarkeit: <\/strong>Ganzj\u00e4hrig<\/p>\n\n\n\n<p><strong>Verpackung: <\/strong>Zerkleinerte oder auf Bestellung gefertigte Bl\u00e4tter:<\/p>\n\n\n\n<p><strong>Kartons<\/strong><\/p>\n\n\n\n<p>15kg Papiert\u00fcte bzw<\/p>\n\n\n\n<p>20 kg PP-S\u00e4cke<\/p>\n\n\n\n<p><strong>Eigenschaften:<\/strong> 99 % Reinheit, Mischung 1 %, 5 % Feuchtigkeit<\/p>\n\n\n\n<p><strong>Ernteprozess: <\/strong>Von Bauernh\u00f6fen gesammelt, sonnengetrocknet oder maschinengetrocknet bei 8 % Luftfeuchtigkeit.<\/p>\n\n\n\n<p><strong>Beh\u00e4lterkapazit\u00e4t:<\/strong><\/p>\n\n\n\n<p>20 FCL-Container 6 Tonnen<\/p>\n\n\n\n<p>40 FCL-Container 13 Tonnen<\/p>\n\n\n\n<p><strong>Ursprung:<\/strong> \u00c4gypten<\/p>\n\n\n\n<p><\/p>\n\n\n\n<figure class=\"wp-block-gallery has-nested-images columns-4 is-cropped wp-block-gallery-1 is-layout-flex wp-block-gallery-is-layout-flex\">\n<figure class=\"wp-block-image size-full\"><a href=\"https:\/\/herbetwa-com-842510.hostingersite.com\/wp-content\/uploads\/2022\/04\/3-parsley-fine-cut-egypt-herb-etwa4.png\" target=\"_blank\" rel=\"noopener\"><img loading=\"lazy\" decoding=\"async\" width=\"5261\" height=\"6000\" data-id=\"93\" src=\"https:\/\/herbetwa-com-842510.hostingersite.com\/wp-content\/uploads\/2022\/04\/3-parsley-fine-cut-egypt-herb-etwa4.png\" alt=\"\" class=\"wp-image-93\" srcset=\"https:\/\/herbetwa.net\/wp-content\/uploads\/2022\/04\/3-parsley-fine-cut-egypt-herb-etwa4.png 5261w, https:\/\/herbetwa.net\/wp-content\/uploads\/2022\/04\/3-parsley-fine-cut-egypt-herb-etwa4-263x300.png 263w, https:\/\/herbetwa.net\/wp-content\/uploads\/2022\/04\/3-parsley-fine-cut-egypt-herb-etwa4-898x1024.png 898w, https:\/\/herbetwa.net\/wp-content\/uploads\/2022\/04\/3-parsley-fine-cut-egypt-herb-etwa4-768x876.png 768w, https:\/\/herbetwa.net\/wp-content\/uploads\/2022\/04\/3-parsley-fine-cut-egypt-herb-etwa4-1347x1536.png 1347w, https:\/\/herbetwa.net\/wp-content\/uploads\/2022\/04\/3-parsley-fine-cut-egypt-herb-etwa4-1796x2048.png 1796w\" sizes=\"auto, (max-width: 5261px) 100vw, 5261px\" \/><\/a><\/figure>\n\n\n\n<figure class=\"wp-block-image size-full\"><a href=\"https:\/\/herbetwa-com-842510.hostingersite.com\/wp-content\/uploads\/2022\/04\/3-parsley-fine-cut-egypt-herb-etwa3.jpg\" target=\"_blank\" rel=\"noopener\"><img loading=\"lazy\" decoding=\"async\" width=\"1024\" height=\"1024\" data-id=\"92\" src=\"https:\/\/herbetwa-com-842510.hostingersite.com\/wp-content\/uploads\/2022\/04\/3-parsley-fine-cut-egypt-herb-etwa3.jpg\" alt=\"\" class=\"wp-image-92\" srcset=\"https:\/\/herbetwa.net\/wp-content\/uploads\/2022\/04\/3-parsley-fine-cut-egypt-herb-etwa3.jpg 1024w, https:\/\/herbetwa.net\/wp-content\/uploads\/2022\/04\/3-parsley-fine-cut-egypt-herb-etwa3-300x300.jpg 300w, https:\/\/herbetwa.net\/wp-content\/uploads\/2022\/04\/3-parsley-fine-cut-egypt-herb-etwa3-150x150.jpg 150w, https:\/\/herbetwa.net\/wp-content\/uploads\/2022\/04\/3-parsley-fine-cut-egypt-herb-etwa3-768x768.jpg 768w\" sizes=\"auto, (max-width: 1024px) 100vw, 1024px\" \/><\/a><\/figure>\n\n\n\n<figure class=\"wp-block-image size-full\"><a href=\"https:\/\/herbetwa-com-842510.hostingersite.com\/wp-content\/uploads\/2022\/04\/3-parsley-fine-cut-egypt-herb-etwa.jpg\" target=\"_blank\" rel=\"noopener\"><img loading=\"lazy\" decoding=\"async\" width=\"1024\" height=\"1024\" data-id=\"90\" src=\"https:\/\/herbetwa-com-842510.hostingersite.com\/wp-content\/uploads\/2022\/04\/3-parsley-fine-cut-egypt-herb-etwa.jpg\" alt=\"\" class=\"wp-image-90\" srcset=\"https:\/\/herbetwa.net\/wp-content\/uploads\/2022\/04\/3-parsley-fine-cut-egypt-herb-etwa.jpg 1024w, https:\/\/herbetwa.net\/wp-content\/uploads\/2022\/04\/3-parsley-fine-cut-egypt-herb-etwa-300x300.jpg 300w, https:\/\/herbetwa.net\/wp-content\/uploads\/2022\/04\/3-parsley-fine-cut-egypt-herb-etwa-150x150.jpg 150w, https:\/\/herbetwa.net\/wp-content\/uploads\/2022\/04\/3-parsley-fine-cut-egypt-herb-etwa-768x768.jpg 768w\" sizes=\"auto, (max-width: 1024px) 100vw, 1024px\" \/><\/a><\/figure>\n\n\n\n<figure class=\"wp-block-image size-full\"><a href=\"https:\/\/herbetwa-com-842510.hostingersite.com\/wp-content\/uploads\/2022\/04\/3-parsley-fine-cut-egypt-herb-etwa2.jpg\" target=\"_blank\" rel=\"noopener\"><img loading=\"lazy\" decoding=\"async\" width=\"1024\" height=\"1024\" data-id=\"91\" src=\"https:\/\/herbetwa-com-842510.hostingersite.com\/wp-content\/uploads\/2022\/04\/3-parsley-fine-cut-egypt-herb-etwa2.jpg\" alt=\"\" class=\"wp-image-91\" srcset=\"https:\/\/herbetwa.net\/wp-content\/uploads\/2022\/04\/3-parsley-fine-cut-egypt-herb-etwa2.jpg 1024w, https:\/\/herbetwa.net\/wp-content\/uploads\/2022\/04\/3-parsley-fine-cut-egypt-herb-etwa2-300x300.jpg 300w, https:\/\/herbetwa.net\/wp-content\/uploads\/2022\/04\/3-parsley-fine-cut-egypt-herb-etwa2-150x150.jpg 150w, https:\/\/herbetwa.net\/wp-content\/uploads\/2022\/04\/3-parsley-fine-cut-egypt-herb-etwa2-768x768.jpg 768w\" sizes=\"auto, (max-width: 1024px) 100vw, 1024px\" \/><\/a><\/figure>\n<\/figure>\n","protected":false},"featured_media":320,"template":"","product-category":[21],"class_list":["post-1183","product","type-product","status-publish","has-post-thumbnail","hentry","product-category-kraeutertee"],"yoast_head":"<!-- This site is optimized with the Yoast SEO Premium plugin v16.6 (Yoast SEO v27.4) - https:\/\/yoast.com\/product\/yoast-seo-premium-wordpress\/ -->\n<title>Petersilienbl\u00e4tter Sch\u00fcttung | Herb Etwa | JETZT zitieren<\/title>\n<meta name=\"description\" content=\"Vertrauens w\u00fcrdiger kr\u00e4uterlieferant von petersilien getrockneten bl\u00e4ttern verkauf sch\u00fcttung f\u00fcr kr\u00e4utergro\u00dfh\u00e4ndler FORDERN SIE IHRE KOSTENLOSE PROBE AN\" \/>\n<meta name=\"robots\" content=\"index, follow, max-snippet:-1, max-image-preview:large, max-video-preview:-1\" \/>\n<link rel=\"canonical\" href=\"https:\/\/herbetwa.net\/de\/product\/petersilienblatt\/\" \/>\n<meta property=\"og:locale\" content=\"de_DE\" \/>\n<meta property=\"og:type\" content=\"article\" \/>\n<meta property=\"og:title\" content=\"Petersilienblatt\" \/>\n<meta property=\"og:description\" content=\"Vertrauens w\u00fcrdiger kr\u00e4uterlieferant von petersilien getrockneten bl\u00e4ttern verkauf sch\u00fcttung f\u00fcr kr\u00e4utergro\u00dfh\u00e4ndler FORDERN SIE IHRE KOSTENLOSE PROBE AN\" \/>\n<meta property=\"og:url\" content=\"https:\/\/herbetwa.net\/de\/product\/petersilienblatt\/\" \/>\n<meta property=\"og:site_name\" content=\"Herb Etwa\" \/>\n<meta property=\"article:modified_time\" content=\"2022-05-18T07:28:26+00:00\" \/>\n<meta property=\"og:image\" content=\"https:\/\/herbetwa.net\/wp-content\/uploads\/2022\/04\/3-parsley-fine-cut-egypt-herb-etwa3.jpg\" \/>\n\t<meta property=\"og:image:width\" content=\"1024\" \/>\n\t<meta property=\"og:image:height\" content=\"1024\" \/>\n\t<meta property=\"og:image:type\" content=\"image\/jpeg\" \/>\n<meta name=\"twitter:card\" content=\"summary_large_image\" \/>\n<meta name=\"twitter:label1\" content=\"Gesch\u00e4tzte Lesezeit\" \/>\n\t<meta name=\"twitter:data1\" content=\"2\u00a0Minuten\" \/>\n<script type=\"application\/ld+json\" class=\"yoast-schema-graph\">{\"@context\":\"https:\\\/\\\/schema.org\",\"@graph\":[{\"@type\":\"WebPage\",\"@id\":\"https:\\\/\\\/herbetwa.net\\\/de\\\/product\\\/petersilienblatt\\\/\",\"url\":\"https:\\\/\\\/herbetwa.net\\\/de\\\/product\\\/petersilienblatt\\\/\",\"name\":\"Petersilienbl\u00e4tter Sch\u00fcttung | Herb Etwa | JETZT zitieren\",\"isPartOf\":{\"@id\":\"https:\\\/\\\/herbetwa.net\\\/en\\\/#website\"},\"primaryImageOfPage\":{\"@id\":\"https:\\\/\\\/herbetwa.net\\\/de\\\/product\\\/petersilienblatt\\\/#primaryimage\"},\"image\":{\"@id\":\"https:\\\/\\\/herbetwa.net\\\/de\\\/product\\\/petersilienblatt\\\/#primaryimage\"},\"thumbnailUrl\":\"https:\\\/\\\/herbetwa.net\\\/wp-content\\\/uploads\\\/2022\\\/04\\\/3-parsley-fine-cut-egypt-herb-etwa3.jpg\",\"datePublished\":\"2022-04-01T12:12:49+00:00\",\"dateModified\":\"2022-05-18T07:28:26+00:00\",\"description\":\"Vertrauens w\u00fcrdiger kr\u00e4uterlieferant von petersilien getrockneten bl\u00e4ttern verkauf sch\u00fcttung f\u00fcr kr\u00e4utergro\u00dfh\u00e4ndler FORDERN SIE IHRE KOSTENLOSE PROBE AN\",\"breadcrumb\":{\"@id\":\"https:\\\/\\\/herbetwa.net\\\/de\\\/product\\\/petersilienblatt\\\/#breadcrumb\"},\"inLanguage\":\"de\",\"potentialAction\":[{\"@type\":\"ReadAction\",\"target\":[\"https:\\\/\\\/herbetwa.net\\\/de\\\/product\\\/petersilienblatt\\\/\"]}]},{\"@type\":\"ImageObject\",\"inLanguage\":\"de\",\"@id\":\"https:\\\/\\\/herbetwa.net\\\/de\\\/product\\\/petersilienblatt\\\/#primaryimage\",\"url\":\"https:\\\/\\\/herbetwa.net\\\/wp-content\\\/uploads\\\/2022\\\/04\\\/3-parsley-fine-cut-egypt-herb-etwa3.jpg\",\"contentUrl\":\"https:\\\/\\\/herbetwa.net\\\/wp-content\\\/uploads\\\/2022\\\/04\\\/3-parsley-fine-cut-egypt-herb-etwa3.jpg\",\"width\":1024,\"height\":1024},{\"@type\":\"BreadcrumbList\",\"@id\":\"https:\\\/\\\/herbetwa.net\\\/de\\\/product\\\/petersilienblatt\\\/#breadcrumb\",\"itemListElement\":[{\"@type\":\"ListItem\",\"position\":1,\"name\":\"Home\",\"item\":\"https:\\\/\\\/herbetwa.net\\\/de\\\/\"},{\"@type\":\"ListItem\",\"position\":2,\"name\":\"Petersilienblatt\"}]},{\"@type\":\"WebSite\",\"@id\":\"https:\\\/\\\/herbetwa.net\\\/en\\\/#website\",\"url\":\"https:\\\/\\\/herbetwa.net\\\/en\\\/\",\"name\":\"Herb Etwa\",\"description\":\"Herbs and Spices From Middle East\",\"potentialAction\":[{\"@type\":\"SearchAction\",\"target\":{\"@type\":\"EntryPoint\",\"urlTemplate\":\"https:\\\/\\\/herbetwa.net\\\/en\\\/?s={search_term_string}\"},\"query-input\":{\"@type\":\"PropertyValueSpecification\",\"valueRequired\":true,\"valueName\":\"search_term_string\"}}],\"inLanguage\":\"de\"}]}<\/script>\n<!-- \/ Yoast SEO Premium plugin. -->","yoast_head_json":{"title":"Petersilienbl\u00e4tter Sch\u00fcttung | Herb Etwa | JETZT zitieren","description":"Vertrauens w\u00fcrdiger kr\u00e4uterlieferant von petersilien getrockneten bl\u00e4ttern verkauf sch\u00fcttung f\u00fcr kr\u00e4utergro\u00dfh\u00e4ndler FORDERN SIE IHRE KOSTENLOSE PROBE AN","robots":{"index":"index","follow":"follow","max-snippet":"max-snippet:-1","max-image-preview":"max-image-preview:large","max-video-preview":"max-video-preview:-1"},"canonical":"https:\/\/herbetwa.net\/de\/product\/petersilienblatt\/","og_locale":"de_DE","og_type":"article","og_title":"Petersilienblatt","og_description":"Vertrauens w\u00fcrdiger kr\u00e4uterlieferant von petersilien getrockneten bl\u00e4ttern verkauf sch\u00fcttung f\u00fcr kr\u00e4utergro\u00dfh\u00e4ndler FORDERN SIE IHRE KOSTENLOSE PROBE AN","og_url":"https:\/\/herbetwa.net\/de\/product\/petersilienblatt\/","og_site_name":"Herb Etwa","article_modified_time":"2022-05-18T07:28:26+00:00","og_image":[{"width":1024,"height":1024,"url":"https:\/\/herbetwa.net\/wp-content\/uploads\/2022\/04\/3-parsley-fine-cut-egypt-herb-etwa3.jpg","type":"image\/jpeg"}],"twitter_card":"summary_large_image","twitter_misc":{"Gesch\u00e4tzte Lesezeit":"2\u00a0Minuten"},"schema":{"@context":"https:\/\/schema.org","@graph":[{"@type":"WebPage","@id":"https:\/\/herbetwa.net\/de\/product\/petersilienblatt\/","url":"https:\/\/herbetwa.net\/de\/product\/petersilienblatt\/","name":"Petersilienbl\u00e4tter Sch\u00fcttung | Herb Etwa | JETZT zitieren","isPartOf":{"@id":"https:\/\/herbetwa.net\/en\/#website"},"primaryImageOfPage":{"@id":"https:\/\/herbetwa.net\/de\/product\/petersilienblatt\/#primaryimage"},"image":{"@id":"https:\/\/herbetwa.net\/de\/product\/petersilienblatt\/#primaryimage"},"thumbnailUrl":"https:\/\/herbetwa.net\/wp-content\/uploads\/2022\/04\/3-parsley-fine-cut-egypt-herb-etwa3.jpg","datePublished":"2022-04-01T12:12:49+00:00","dateModified":"2022-05-18T07:28:26+00:00","description":"Vertrauens w\u00fcrdiger kr\u00e4uterlieferant von petersilien getrockneten bl\u00e4ttern verkauf sch\u00fcttung f\u00fcr kr\u00e4utergro\u00dfh\u00e4ndler FORDERN SIE IHRE KOSTENLOSE PROBE AN","breadcrumb":{"@id":"https:\/\/herbetwa.net\/de\/product\/petersilienblatt\/#breadcrumb"},"inLanguage":"de","potentialAction":[{"@type":"ReadAction","target":["https:\/\/herbetwa.net\/de\/product\/petersilienblatt\/"]}]},{"@type":"ImageObject","inLanguage":"de","@id":"https:\/\/herbetwa.net\/de\/product\/petersilienblatt\/#primaryimage","url":"https:\/\/herbetwa.net\/wp-content\/uploads\/2022\/04\/3-parsley-fine-cut-egypt-herb-etwa3.jpg","contentUrl":"https:\/\/herbetwa.net\/wp-content\/uploads\/2022\/04\/3-parsley-fine-cut-egypt-herb-etwa3.jpg","width":1024,"height":1024},{"@type":"BreadcrumbList","@id":"https:\/\/herbetwa.net\/de\/product\/petersilienblatt\/#breadcrumb","itemListElement":[{"@type":"ListItem","position":1,"name":"Home","item":"https:\/\/herbetwa.net\/de\/"},{"@type":"ListItem","position":2,"name":"Petersilienblatt"}]},{"@type":"WebSite","@id":"https:\/\/herbetwa.net\/en\/#website","url":"https:\/\/herbetwa.net\/en\/","name":"Herb Etwa","description":"Herbs and Spices From Middle East","potentialAction":[{"@type":"SearchAction","target":{"@type":"EntryPoint","urlTemplate":"https:\/\/herbetwa.net\/en\/?s={search_term_string}"},"query-input":{"@type":"PropertyValueSpecification","valueRequired":true,"valueName":"search_term_string"}}],"inLanguage":"de"}]}},"_links":{"self":[{"href":"https:\/\/herbetwa.net\/de\/wp-json\/wp\/v2\/product\/1183","targetHints":{"allow":["GET"]}}],"collection":[{"href":"https:\/\/herbetwa.net\/de\/wp-json\/wp\/v2\/product"}],"about":[{"href":"https:\/\/herbetwa.net\/de\/wp-json\/wp\/v2\/types\/product"}],"wp:featuredmedia":[{"embeddable":true,"href":"https:\/\/herbetwa.net\/de\/wp-json\/wp\/v2\/media\/320"}],"wp:attachment":[{"href":"https:\/\/herbetwa.net\/de\/wp-json\/wp\/v2\/media?parent=1183"}],"wp:term":[{"taxonomy":"product-category","embeddable":true,"href":"https:\/\/herbetwa.net\/de\/wp-json\/wp\/v2\/product-category?post=1183"}],"curies":[{"name":"wp","href":"https:\/\/api.w.org\/{rel}","templated":true}]}}