{"id":1181,"date":"2022-04-01T15:14:15","date_gmt":"2022-04-01T12:14:15","guid":{"rendered":"https:\/\/herbetwa-com-842510.hostingersite.com\/product\/hibiscus-flowers\/"},"modified":"2022-05-18T10:27:23","modified_gmt":"2022-05-18T07:27:23","slug":"hibiskus","status":"publish","type":"product","link":"https:\/\/herbetwa.net\/de\/product\/hibiskus\/","title":{"rendered":"Hibiskus"},"content":{"rendered":"\n<p>Hibiskusbl\u00fcten sind f\u00fcr ihre medizinischen Eigenschaften bekannt und werden seit Jahrhunderten zur Behandlung verschiedener Gesundheitszust\u00e4nde eingesetzt. Sie sind reich an Antioxidantien, Vitaminen, Mineralien und anderen n\u00fctzlichen Verbindungen, die zur Verbesserung Ihrer allgemeinen Gesundheit beitragen k\u00f6nnen.<\/p>\n\n\n\n<p>Hibiskusbl\u00fcten werden traditionell zur Behandlung von Fieber, Erk\u00e4ltungen, Grippe, Bauchschmerzen, Durchfall, Verdauungsst\u00f6rungen, Geschw\u00fcren und vielen anderen Beschwerden verwendet. Es hilft auch, Stress abzubauen und die Entspannung zu f\u00f6rdern.<\/p>\n\n\n\n<p>Die Hibiskusbl\u00fcte enth\u00e4lt hohe Mengen an Vitamin C, Kalzium, Eisen, Magnesium, Mangan, Kupfer, Zink und Ballaststoffen. Es ist auch vollgepackt mit Flavonoiden, Alkaloiden, Tanninen, Saponinen, Glykosiden, Phenolverbindungen und Anthocyanen. Diese sekund\u00e4ren Pflanzenstoffe machen Hibiskusbl\u00fcten zu einem starken Antioxidans, das vor freien Radikalen, Krebs, Herzerkrankungen und Diabetes sch\u00fctzen kann.<\/p>\n\n\n\n<p>Hibiscum sabdariffa (allgemein Roselle genannt) ist ein tropischer Strauch, der in Afrika und Asien beheimatet ist. Seine Bl\u00e4tter enthalten eine Vielzahl bioaktiver Verbindungen, darunter Anthrachinone, Polyphenole, Flavonoide und Triterpene. Es ist auch reich an Vitamin A, B6, C, E, K, Fols\u00e4ure, Pantothens\u00e4ure, Biotin, Niacin, Riboflavin, Thiamin und Pyridoxin.<\/p>\n\n\n\n<p>Hibiskusbl\u00fcten werden heute auf der ganzen Welt angebaut. Tats\u00e4chlich werden sie in \u00fcber 30 L\u00e4ndern weltweit kommerziell angebaut<\/p>\n\n\n\n<p><strong>Name:<\/strong>Hibiskus<\/p>\n\n\n\n<p><strong>Botanischer Name:<\/strong>Hibiscus sabdariffa<\/p>\n\n\n\n<p><strong>Form:<\/strong> Blumen<\/p>\n\n\n\n<p><strong>Qualit\u00e4t: <\/strong>1. Klasse<\/p>\n\n\n\n<p><strong>Verpackung: <\/strong>10 kg oder 20 kg PP &amp; Papiert\u00fcten oder Kartons<\/p>\n\n\n\n<p><strong>Beh\u00e4lterkapazit\u00e4t:<\/strong><\/p>\n\n\n\n<p>20 FCL-Container 5-6 Tonnen<\/p>\n\n\n\n<p>40 FCL Container 10-11 Tonnen<\/p>\n\n\n\n<p><strong>Merkmale:<\/strong><\/p>\n\n\n\n<p>Reinheit 99,5 % &#8211; Trocken, 5 % Feuchtigkeit<\/p>\n\n\n\n<p><strong>Verf\u00fcgbarkeit: <\/strong>Die Ernte beginnt im Dezember und ist das ganze Jahr auf Lager.<\/p>\n\n\n\n<p><strong>Ursprung:<\/strong> \u00c4gypten&nbsp;<\/p>\n\n\n\n<figure class=\"wp-block-gallery has-nested-images columns-default is-cropped wp-block-gallery-1 is-layout-flex wp-block-gallery-is-layout-flex\">\n<figure class=\"wp-block-image size-large\"><img loading=\"lazy\" decoding=\"async\" width=\"1024\" height=\"1024\" data-id=\"95\" src=\"https:\/\/herbetwa-com-842510.hostingersite.com\/wp-content\/uploads\/2022\/04\/4-hibiscus-flowers-egypt-herb-etwa.jpg\" alt=\"\" class=\"wp-image-95\" srcset=\"https:\/\/herbetwa.net\/wp-content\/uploads\/2022\/04\/4-hibiscus-flowers-egypt-herb-etwa.jpg 1024w, https:\/\/herbetwa.net\/wp-content\/uploads\/2022\/04\/4-hibiscus-flowers-egypt-herb-etwa-300x300.jpg 300w, https:\/\/herbetwa.net\/wp-content\/uploads\/2022\/04\/4-hibiscus-flowers-egypt-herb-etwa-150x150.jpg 150w, https:\/\/herbetwa.net\/wp-content\/uploads\/2022\/04\/4-hibiscus-flowers-egypt-herb-etwa-768x768.jpg 768w\" sizes=\"auto, (max-width: 1024px) 100vw, 1024px\" \/><\/figure>\n\n\n\n<figure class=\"wp-block-image size-large\"><img loading=\"lazy\" decoding=\"async\" width=\"1000\" height=\"1000\" data-id=\"96\" src=\"https:\/\/herbetwa-com-842510.hostingersite.com\/wp-content\/uploads\/2022\/04\/4-hibiscus-flowers-egypt-herb-etwa2.png\" alt=\"\" class=\"wp-image-96\" srcset=\"https:\/\/herbetwa.net\/wp-content\/uploads\/2022\/04\/4-hibiscus-flowers-egypt-herb-etwa2.png 1000w, https:\/\/herbetwa.net\/wp-content\/uploads\/2022\/04\/4-hibiscus-flowers-egypt-herb-etwa2-300x300.png 300w, https:\/\/herbetwa.net\/wp-content\/uploads\/2022\/04\/4-hibiscus-flowers-egypt-herb-etwa2-150x150.png 150w, https:\/\/herbetwa.net\/wp-content\/uploads\/2022\/04\/4-hibiscus-flowers-egypt-herb-etwa2-768x768.png 768w\" sizes=\"auto, (max-width: 1000px) 100vw, 1000px\" \/><\/figure>\n\n\n\n<figure class=\"wp-block-image size-large\"><img loading=\"lazy\" decoding=\"async\" width=\"1378\" height=\"1129\" data-id=\"97\" src=\"https:\/\/herbetwa-com-842510.hostingersite.com\/wp-content\/uploads\/2022\/04\/4-hibiscus-flowers-egypt-herb-etwa3.png\" alt=\"\" class=\"wp-image-97\" srcset=\"https:\/\/herbetwa.net\/wp-content\/uploads\/2022\/04\/4-hibiscus-flowers-egypt-herb-etwa3.png 1378w, https:\/\/herbetwa.net\/wp-content\/uploads\/2022\/04\/4-hibiscus-flowers-egypt-herb-etwa3-300x246.png 300w, https:\/\/herbetwa.net\/wp-content\/uploads\/2022\/04\/4-hibiscus-flowers-egypt-herb-etwa3-1024x839.png 1024w, https:\/\/herbetwa.net\/wp-content\/uploads\/2022\/04\/4-hibiscus-flowers-egypt-herb-etwa3-768x629.png 768w\" sizes=\"auto, (max-width: 1378px) 100vw, 1378px\" \/><\/figure>\n<\/figure>\n","protected":false},"featured_media":326,"template":"","product-category":[21],"class_list":["post-1181","product","type-product","status-publish","has-post-thumbnail","hentry","product-category-kraeutertee"],"yoast_head":"<!-- This site is optimized with the Yoast SEO Premium plugin v16.6 (Yoast SEO v27.4) - https:\/\/yoast.com\/product\/yoast-seo-premium-wordpress\/ -->\n<title>Lieferant von Hibiskusbl\u00fcten | Herb Etwa | JETZT zitieren<\/title>\n<meta name=\"description\" content=\"Vertrauensw\u00fcrdiger Kr\u00e4uterlieferant von Hibiskusbl\u00fcten Verkauf Sch\u00fcttung f\u00fcr Kr\u00e4utergro\u00dfh\u00e4ndler und -verteiler FORDERN SIE IHRE KOSTENLOSE PROBE AN\" \/>\n<meta name=\"robots\" content=\"index, follow, max-snippet:-1, max-image-preview:large, max-video-preview:-1\" \/>\n<link rel=\"canonical\" href=\"https:\/\/herbetwa.net\/de\/product\/hibiskus\/\" \/>\n<meta property=\"og:locale\" content=\"de_DE\" \/>\n<meta property=\"og:type\" content=\"article\" \/>\n<meta property=\"og:title\" content=\"Hibiskus\" \/>\n<meta property=\"og:description\" content=\"Vertrauensw\u00fcrdiger Kr\u00e4uterlieferant von Hibiskusbl\u00fcten Verkauf Sch\u00fcttung f\u00fcr Kr\u00e4utergro\u00dfh\u00e4ndler und -verteiler FORDERN SIE IHRE KOSTENLOSE PROBE AN\" \/>\n<meta property=\"og:url\" content=\"https:\/\/herbetwa.net\/de\/product\/hibiskus\/\" \/>\n<meta property=\"og:site_name\" content=\"Herb Etwa\" \/>\n<meta property=\"article:modified_time\" content=\"2022-05-18T07:27:23+00:00\" \/>\n<meta property=\"og:image\" content=\"https:\/\/herbetwa.net\/wp-content\/uploads\/2022\/04\/4-hibiscus-flowers-egypt-herb-etwa2.png\" \/>\n\t<meta property=\"og:image:width\" content=\"1000\" \/>\n\t<meta property=\"og:image:height\" content=\"1000\" \/>\n\t<meta property=\"og:image:type\" content=\"image\/png\" \/>\n<meta name=\"twitter:card\" content=\"summary_large_image\" \/>\n<meta name=\"twitter:label1\" content=\"Gesch\u00e4tzte Lesezeit\" \/>\n\t<meta name=\"twitter:data1\" content=\"2\u00a0Minuten\" \/>\n<script type=\"application\/ld+json\" class=\"yoast-schema-graph\">{\"@context\":\"https:\\\/\\\/schema.org\",\"@graph\":[{\"@type\":\"WebPage\",\"@id\":\"https:\\\/\\\/herbetwa.net\\\/de\\\/product\\\/hibiskus\\\/\",\"url\":\"https:\\\/\\\/herbetwa.net\\\/de\\\/product\\\/hibiskus\\\/\",\"name\":\"Lieferant von Hibiskusbl\u00fcten | Herb Etwa | JETZT zitieren\",\"isPartOf\":{\"@id\":\"https:\\\/\\\/herbetwa.net\\\/en\\\/#website\"},\"primaryImageOfPage\":{\"@id\":\"https:\\\/\\\/herbetwa.net\\\/de\\\/product\\\/hibiskus\\\/#primaryimage\"},\"image\":{\"@id\":\"https:\\\/\\\/herbetwa.net\\\/de\\\/product\\\/hibiskus\\\/#primaryimage\"},\"thumbnailUrl\":\"https:\\\/\\\/herbetwa.net\\\/wp-content\\\/uploads\\\/2022\\\/04\\\/4-hibiscus-flowers-egypt-herb-etwa2.png\",\"datePublished\":\"2022-04-01T12:14:15+00:00\",\"dateModified\":\"2022-05-18T07:27:23+00:00\",\"description\":\"Vertrauensw\u00fcrdiger Kr\u00e4uterlieferant von Hibiskusbl\u00fcten Verkauf Sch\u00fcttung f\u00fcr Kr\u00e4utergro\u00dfh\u00e4ndler und -verteiler FORDERN SIE IHRE KOSTENLOSE PROBE AN\",\"breadcrumb\":{\"@id\":\"https:\\\/\\\/herbetwa.net\\\/de\\\/product\\\/hibiskus\\\/#breadcrumb\"},\"inLanguage\":\"de\",\"potentialAction\":[{\"@type\":\"ReadAction\",\"target\":[\"https:\\\/\\\/herbetwa.net\\\/de\\\/product\\\/hibiskus\\\/\"]}]},{\"@type\":\"ImageObject\",\"inLanguage\":\"de\",\"@id\":\"https:\\\/\\\/herbetwa.net\\\/de\\\/product\\\/hibiskus\\\/#primaryimage\",\"url\":\"https:\\\/\\\/herbetwa.net\\\/wp-content\\\/uploads\\\/2022\\\/04\\\/4-hibiscus-flowers-egypt-herb-etwa2.png\",\"contentUrl\":\"https:\\\/\\\/herbetwa.net\\\/wp-content\\\/uploads\\\/2022\\\/04\\\/4-hibiscus-flowers-egypt-herb-etwa2.png\",\"width\":1000,\"height\":1000},{\"@type\":\"BreadcrumbList\",\"@id\":\"https:\\\/\\\/herbetwa.net\\\/de\\\/product\\\/hibiskus\\\/#breadcrumb\",\"itemListElement\":[{\"@type\":\"ListItem\",\"position\":1,\"name\":\"Home\",\"item\":\"https:\\\/\\\/herbetwa.net\\\/de\\\/\"},{\"@type\":\"ListItem\",\"position\":2,\"name\":\"Hibiskus\"}]},{\"@type\":\"WebSite\",\"@id\":\"https:\\\/\\\/herbetwa.net\\\/en\\\/#website\",\"url\":\"https:\\\/\\\/herbetwa.net\\\/en\\\/\",\"name\":\"Herb Etwa\",\"description\":\"Herbs and Spices From Middle East\",\"potentialAction\":[{\"@type\":\"SearchAction\",\"target\":{\"@type\":\"EntryPoint\",\"urlTemplate\":\"https:\\\/\\\/herbetwa.net\\\/en\\\/?s={search_term_string}\"},\"query-input\":{\"@type\":\"PropertyValueSpecification\",\"valueRequired\":true,\"valueName\":\"search_term_string\"}}],\"inLanguage\":\"de\"}]}<\/script>\n<!-- \/ Yoast SEO Premium plugin. -->","yoast_head_json":{"title":"Lieferant von Hibiskusbl\u00fcten | Herb Etwa | JETZT zitieren","description":"Vertrauensw\u00fcrdiger Kr\u00e4uterlieferant von Hibiskusbl\u00fcten Verkauf Sch\u00fcttung f\u00fcr Kr\u00e4utergro\u00dfh\u00e4ndler und -verteiler FORDERN SIE IHRE KOSTENLOSE PROBE AN","robots":{"index":"index","follow":"follow","max-snippet":"max-snippet:-1","max-image-preview":"max-image-preview:large","max-video-preview":"max-video-preview:-1"},"canonical":"https:\/\/herbetwa.net\/de\/product\/hibiskus\/","og_locale":"de_DE","og_type":"article","og_title":"Hibiskus","og_description":"Vertrauensw\u00fcrdiger Kr\u00e4uterlieferant von Hibiskusbl\u00fcten Verkauf Sch\u00fcttung f\u00fcr Kr\u00e4utergro\u00dfh\u00e4ndler und -verteiler FORDERN SIE IHRE KOSTENLOSE PROBE AN","og_url":"https:\/\/herbetwa.net\/de\/product\/hibiskus\/","og_site_name":"Herb Etwa","article_modified_time":"2022-05-18T07:27:23+00:00","og_image":[{"width":1000,"height":1000,"url":"https:\/\/herbetwa.net\/wp-content\/uploads\/2022\/04\/4-hibiscus-flowers-egypt-herb-etwa2.png","type":"image\/png"}],"twitter_card":"summary_large_image","twitter_misc":{"Gesch\u00e4tzte Lesezeit":"2\u00a0Minuten"},"schema":{"@context":"https:\/\/schema.org","@graph":[{"@type":"WebPage","@id":"https:\/\/herbetwa.net\/de\/product\/hibiskus\/","url":"https:\/\/herbetwa.net\/de\/product\/hibiskus\/","name":"Lieferant von Hibiskusbl\u00fcten | Herb Etwa | JETZT zitieren","isPartOf":{"@id":"https:\/\/herbetwa.net\/en\/#website"},"primaryImageOfPage":{"@id":"https:\/\/herbetwa.net\/de\/product\/hibiskus\/#primaryimage"},"image":{"@id":"https:\/\/herbetwa.net\/de\/product\/hibiskus\/#primaryimage"},"thumbnailUrl":"https:\/\/herbetwa.net\/wp-content\/uploads\/2022\/04\/4-hibiscus-flowers-egypt-herb-etwa2.png","datePublished":"2022-04-01T12:14:15+00:00","dateModified":"2022-05-18T07:27:23+00:00","description":"Vertrauensw\u00fcrdiger Kr\u00e4uterlieferant von Hibiskusbl\u00fcten Verkauf Sch\u00fcttung f\u00fcr Kr\u00e4utergro\u00dfh\u00e4ndler und -verteiler FORDERN SIE IHRE KOSTENLOSE PROBE AN","breadcrumb":{"@id":"https:\/\/herbetwa.net\/de\/product\/hibiskus\/#breadcrumb"},"inLanguage":"de","potentialAction":[{"@type":"ReadAction","target":["https:\/\/herbetwa.net\/de\/product\/hibiskus\/"]}]},{"@type":"ImageObject","inLanguage":"de","@id":"https:\/\/herbetwa.net\/de\/product\/hibiskus\/#primaryimage","url":"https:\/\/herbetwa.net\/wp-content\/uploads\/2022\/04\/4-hibiscus-flowers-egypt-herb-etwa2.png","contentUrl":"https:\/\/herbetwa.net\/wp-content\/uploads\/2022\/04\/4-hibiscus-flowers-egypt-herb-etwa2.png","width":1000,"height":1000},{"@type":"BreadcrumbList","@id":"https:\/\/herbetwa.net\/de\/product\/hibiskus\/#breadcrumb","itemListElement":[{"@type":"ListItem","position":1,"name":"Home","item":"https:\/\/herbetwa.net\/de\/"},{"@type":"ListItem","position":2,"name":"Hibiskus"}]},{"@type":"WebSite","@id":"https:\/\/herbetwa.net\/en\/#website","url":"https:\/\/herbetwa.net\/en\/","name":"Herb Etwa","description":"Herbs and Spices From Middle East","potentialAction":[{"@type":"SearchAction","target":{"@type":"EntryPoint","urlTemplate":"https:\/\/herbetwa.net\/en\/?s={search_term_string}"},"query-input":{"@type":"PropertyValueSpecification","valueRequired":true,"valueName":"search_term_string"}}],"inLanguage":"de"}]}},"_links":{"self":[{"href":"https:\/\/herbetwa.net\/de\/wp-json\/wp\/v2\/product\/1181","targetHints":{"allow":["GET"]}}],"collection":[{"href":"https:\/\/herbetwa.net\/de\/wp-json\/wp\/v2\/product"}],"about":[{"href":"https:\/\/herbetwa.net\/de\/wp-json\/wp\/v2\/types\/product"}],"wp:featuredmedia":[{"embeddable":true,"href":"https:\/\/herbetwa.net\/de\/wp-json\/wp\/v2\/media\/326"}],"wp:attachment":[{"href":"https:\/\/herbetwa.net\/de\/wp-json\/wp\/v2\/media?parent=1181"}],"wp:term":[{"taxonomy":"product-category","embeddable":true,"href":"https:\/\/herbetwa.net\/de\/wp-json\/wp\/v2\/product-category?post=1181"}],"curies":[{"name":"wp","href":"https:\/\/api.w.org\/{rel}","templated":true}]}}