{"id":1178,"date":"2022-04-01T15:17:51","date_gmt":"2022-04-01T12:17:51","guid":{"rendered":"https:\/\/herbetwa-com-842510.hostingersite.com\/product\/hibiscus-ground\/"},"modified":"2022-05-18T10:21:40","modified_gmt":"2022-05-18T07:21:40","slug":"hibiskus-pulver","status":"publish","type":"product","link":"https:\/\/herbetwa.net\/de\/product\/hibiskus-pulver\/","title":{"rendered":"Hibiskus Pulver"},"content":{"rendered":"\n<p>Verwenden Sie dieses mit Antioxidantien angereicherte Wunderpulver als Gesichtsmaske und genie\u00dfen Sie eine j\u00fcnger aussehende, elastischere Haut. Als nat\u00fcrlicher Feuchtigkeitsspender entfernt Hibiskuspulver abgestorbene Haut und erneuert Zellen, macht Ihr Gesicht glatter und beugt Zeichen der Hautalterung vor. Die Wirkstoffe f\u00f6rdern zudem ein schnelles Haarwachstum und k\u00f6nnen als 100 % nat\u00fcrliche rote Haarfarbe verwendet werden.<\/p>\n\n\n\n<p>Hibiskuspulver ist ideal f\u00fcr Menschen mit besonderen Ern\u00e4hrungsbed\u00fcrfnissen, da es vegan, glutenfrei, milch- und koffeinfrei ist. Auch in leckeren Marmeladen-Gelee-Kombinationen oder als Naturkosmetik f\u00fcr alle Hauttypen bestens geeignet!<\/p>\n\n\n\n<p><strong>Name:<\/strong>Hibiskus pulver<\/p>\n\n\n\n<p><strong>Botanischer Name:<\/strong> Hibiscus sabdariffa, Malva<\/p>\n\n\n\n<p><strong>Form:<\/strong> TBC 10kg oder 25kg P.P oder Papiers\u00e4cke<\/p>\n\n\n\n<p><strong>Qualit\u00e4t: <\/strong>1. Klasse<\/p>\n\n\n\n<p><strong>Verpackung: <\/strong>10 kg oder 25 kg PP- oder Papiert\u00fcten (Paket kann nach Kundenwunsch hergestellt werden)<\/p>\n\n\n\n<p><strong>Beh\u00e4lterkapazit\u00e4t:<\/strong><\/p>\n\n\n\n<p>20 FCL-Container 12 Tonnen<\/p>\n\n\n\n<p>40 FCL-Container 25 Tonnen<\/p>\n\n\n\n<p><strong>Verf\u00fcgbarkeit: <\/strong>Die Ernte beginnt im Dezember und ist das ganze Jahr auf Lager.<\/p>\n\n\n\n<p><strong>Ursprung:<\/strong> \u00c4gypten&nbsp;<\/p>\n\n\n\n<figure class=\"wp-block-gallery has-nested-images columns-default is-cropped wp-block-gallery-1 is-layout-flex wp-block-gallery-is-layout-flex\">\n<figure class=\"wp-block-image size-large\"><img loading=\"lazy\" decoding=\"async\" width=\"600\" height=\"600\" data-id=\"101\" src=\"https:\/\/herbetwa-com-842510.hostingersite.com\/wp-content\/uploads\/2022\/04\/6-hibiscus-ground-egypt-herb-etwa.png\" alt=\"Hibiscus Flower of Egyptian &amp; Sudan origin using as Tea &amp; Food ingredient Selling In bulk\" class=\"wp-image-101\" srcset=\"https:\/\/herbetwa.net\/wp-content\/uploads\/2022\/04\/6-hibiscus-ground-egypt-herb-etwa.png 600w, https:\/\/herbetwa.net\/wp-content\/uploads\/2022\/04\/6-hibiscus-ground-egypt-herb-etwa-300x300.png 300w, https:\/\/herbetwa.net\/wp-content\/uploads\/2022\/04\/6-hibiscus-ground-egypt-herb-etwa-150x150.png 150w\" sizes=\"auto, (max-width: 600px) 100vw, 600px\" \/><\/figure>\n<\/figure>\n\n\n\n<p><\/p>\n","protected":false},"featured_media":332,"template":"","product-category":[21],"class_list":["post-1178","product","type-product","status-publish","has-post-thumbnail","hentry","product-category-kraeutertee"],"yoast_head":"<!-- This site is optimized with the Yoast SEO Premium plugin v16.6 (Yoast SEO v27.4) - https:\/\/yoast.com\/product\/yoast-seo-premium-wordpress\/ -->\n<title>Lieferung von Hibiskus Sch\u00fcttung |Herb Etwa| JETZT zitieren<\/title>\n<meta name=\"description\" content=\"Vertrauensw\u00fcrdiger Kr\u00e4uterlieferant von Hibiscus Ground Verkauf Sch\u00fcttung f\u00fcr Kr\u00e4utergro\u00dfh\u00e4ndler und -h\u00e4ndler FORDERN SIE IHRE KOSTENLOSE PROBE AN\" \/>\n<meta name=\"robots\" content=\"index, follow, max-snippet:-1, max-image-preview:large, max-video-preview:-1\" \/>\n<link rel=\"canonical\" href=\"https:\/\/herbetwa.net\/de\/product\/hibiskus-pulver\/\" \/>\n<meta property=\"og:locale\" content=\"de_DE\" \/>\n<meta property=\"og:type\" content=\"article\" \/>\n<meta property=\"og:title\" content=\"Hibiskus Pulver\" \/>\n<meta property=\"og:description\" content=\"Vertrauensw\u00fcrdiger Kr\u00e4uterlieferant von Hibiscus Ground Verkauf Sch\u00fcttung f\u00fcr Kr\u00e4utergro\u00dfh\u00e4ndler und -h\u00e4ndler FORDERN SIE IHRE KOSTENLOSE PROBE AN\" \/>\n<meta property=\"og:url\" content=\"https:\/\/herbetwa.net\/de\/product\/hibiskus-pulver\/\" \/>\n<meta property=\"og:site_name\" content=\"Herb Etwa\" \/>\n<meta property=\"article:modified_time\" content=\"2022-05-18T07:21:40+00:00\" \/>\n<meta property=\"og:image\" content=\"https:\/\/herbetwa.net\/wp-content\/uploads\/2022\/04\/6-hibiscus-ground-egypt-herb-etwa.png\" \/>\n\t<meta property=\"og:image:width\" content=\"600\" \/>\n\t<meta property=\"og:image:height\" content=\"600\" \/>\n\t<meta property=\"og:image:type\" content=\"image\/png\" \/>\n<meta name=\"twitter:card\" content=\"summary_large_image\" \/>\n<meta name=\"twitter:label1\" content=\"Gesch\u00e4tzte Lesezeit\" \/>\n\t<meta name=\"twitter:data1\" content=\"1\u00a0Minute\" \/>\n<script type=\"application\/ld+json\" class=\"yoast-schema-graph\">{\"@context\":\"https:\\\/\\\/schema.org\",\"@graph\":[{\"@type\":\"WebPage\",\"@id\":\"https:\\\/\\\/herbetwa.net\\\/de\\\/product\\\/hibiskus-pulver\\\/\",\"url\":\"https:\\\/\\\/herbetwa.net\\\/de\\\/product\\\/hibiskus-pulver\\\/\",\"name\":\"Lieferung von Hibiskus Sch\u00fcttung |Herb Etwa| JETZT zitieren\",\"isPartOf\":{\"@id\":\"https:\\\/\\\/herbetwa.net\\\/en\\\/#website\"},\"primaryImageOfPage\":{\"@id\":\"https:\\\/\\\/herbetwa.net\\\/de\\\/product\\\/hibiskus-pulver\\\/#primaryimage\"},\"image\":{\"@id\":\"https:\\\/\\\/herbetwa.net\\\/de\\\/product\\\/hibiskus-pulver\\\/#primaryimage\"},\"thumbnailUrl\":\"https:\\\/\\\/herbetwa.net\\\/wp-content\\\/uploads\\\/2022\\\/04\\\/6-hibiscus-ground-egypt-herb-etwa.png\",\"datePublished\":\"2022-04-01T12:17:51+00:00\",\"dateModified\":\"2022-05-18T07:21:40+00:00\",\"description\":\"Vertrauensw\u00fcrdiger Kr\u00e4uterlieferant von Hibiscus Ground Verkauf Sch\u00fcttung f\u00fcr Kr\u00e4utergro\u00dfh\u00e4ndler und -h\u00e4ndler FORDERN SIE IHRE KOSTENLOSE PROBE AN\",\"breadcrumb\":{\"@id\":\"https:\\\/\\\/herbetwa.net\\\/de\\\/product\\\/hibiskus-pulver\\\/#breadcrumb\"},\"inLanguage\":\"de\",\"potentialAction\":[{\"@type\":\"ReadAction\",\"target\":[\"https:\\\/\\\/herbetwa.net\\\/de\\\/product\\\/hibiskus-pulver\\\/\"]}]},{\"@type\":\"ImageObject\",\"inLanguage\":\"de\",\"@id\":\"https:\\\/\\\/herbetwa.net\\\/de\\\/product\\\/hibiskus-pulver\\\/#primaryimage\",\"url\":\"https:\\\/\\\/herbetwa.net\\\/wp-content\\\/uploads\\\/2022\\\/04\\\/6-hibiscus-ground-egypt-herb-etwa.png\",\"contentUrl\":\"https:\\\/\\\/herbetwa.net\\\/wp-content\\\/uploads\\\/2022\\\/04\\\/6-hibiscus-ground-egypt-herb-etwa.png\",\"width\":600,\"height\":600,\"caption\":\"High Quality Hibiscus Ground from Egypt & Sudan Selling In bulk\"},{\"@type\":\"BreadcrumbList\",\"@id\":\"https:\\\/\\\/herbetwa.net\\\/de\\\/product\\\/hibiskus-pulver\\\/#breadcrumb\",\"itemListElement\":[{\"@type\":\"ListItem\",\"position\":1,\"name\":\"Home\",\"item\":\"https:\\\/\\\/herbetwa.net\\\/de\\\/\"},{\"@type\":\"ListItem\",\"position\":2,\"name\":\"Hibiskus Pulver\"}]},{\"@type\":\"WebSite\",\"@id\":\"https:\\\/\\\/herbetwa.net\\\/en\\\/#website\",\"url\":\"https:\\\/\\\/herbetwa.net\\\/en\\\/\",\"name\":\"Herb Etwa\",\"description\":\"Herbs and Spices From Middle East\",\"potentialAction\":[{\"@type\":\"SearchAction\",\"target\":{\"@type\":\"EntryPoint\",\"urlTemplate\":\"https:\\\/\\\/herbetwa.net\\\/en\\\/?s={search_term_string}\"},\"query-input\":{\"@type\":\"PropertyValueSpecification\",\"valueRequired\":true,\"valueName\":\"search_term_string\"}}],\"inLanguage\":\"de\"}]}<\/script>\n<!-- \/ Yoast SEO Premium plugin. -->","yoast_head_json":{"title":"Lieferung von Hibiskus Sch\u00fcttung |Herb Etwa| JETZT zitieren","description":"Vertrauensw\u00fcrdiger Kr\u00e4uterlieferant von Hibiscus Ground Verkauf Sch\u00fcttung f\u00fcr Kr\u00e4utergro\u00dfh\u00e4ndler und -h\u00e4ndler FORDERN SIE IHRE KOSTENLOSE PROBE AN","robots":{"index":"index","follow":"follow","max-snippet":"max-snippet:-1","max-image-preview":"max-image-preview:large","max-video-preview":"max-video-preview:-1"},"canonical":"https:\/\/herbetwa.net\/de\/product\/hibiskus-pulver\/","og_locale":"de_DE","og_type":"article","og_title":"Hibiskus Pulver","og_description":"Vertrauensw\u00fcrdiger Kr\u00e4uterlieferant von Hibiscus Ground Verkauf Sch\u00fcttung f\u00fcr Kr\u00e4utergro\u00dfh\u00e4ndler und -h\u00e4ndler FORDERN SIE IHRE KOSTENLOSE PROBE AN","og_url":"https:\/\/herbetwa.net\/de\/product\/hibiskus-pulver\/","og_site_name":"Herb Etwa","article_modified_time":"2022-05-18T07:21:40+00:00","og_image":[{"width":600,"height":600,"url":"https:\/\/herbetwa.net\/wp-content\/uploads\/2022\/04\/6-hibiscus-ground-egypt-herb-etwa.png","type":"image\/png"}],"twitter_card":"summary_large_image","twitter_misc":{"Gesch\u00e4tzte Lesezeit":"1\u00a0Minute"},"schema":{"@context":"https:\/\/schema.org","@graph":[{"@type":"WebPage","@id":"https:\/\/herbetwa.net\/de\/product\/hibiskus-pulver\/","url":"https:\/\/herbetwa.net\/de\/product\/hibiskus-pulver\/","name":"Lieferung von Hibiskus Sch\u00fcttung |Herb Etwa| JETZT zitieren","isPartOf":{"@id":"https:\/\/herbetwa.net\/en\/#website"},"primaryImageOfPage":{"@id":"https:\/\/herbetwa.net\/de\/product\/hibiskus-pulver\/#primaryimage"},"image":{"@id":"https:\/\/herbetwa.net\/de\/product\/hibiskus-pulver\/#primaryimage"},"thumbnailUrl":"https:\/\/herbetwa.net\/wp-content\/uploads\/2022\/04\/6-hibiscus-ground-egypt-herb-etwa.png","datePublished":"2022-04-01T12:17:51+00:00","dateModified":"2022-05-18T07:21:40+00:00","description":"Vertrauensw\u00fcrdiger Kr\u00e4uterlieferant von Hibiscus Ground Verkauf Sch\u00fcttung f\u00fcr Kr\u00e4utergro\u00dfh\u00e4ndler und -h\u00e4ndler FORDERN SIE IHRE KOSTENLOSE PROBE AN","breadcrumb":{"@id":"https:\/\/herbetwa.net\/de\/product\/hibiskus-pulver\/#breadcrumb"},"inLanguage":"de","potentialAction":[{"@type":"ReadAction","target":["https:\/\/herbetwa.net\/de\/product\/hibiskus-pulver\/"]}]},{"@type":"ImageObject","inLanguage":"de","@id":"https:\/\/herbetwa.net\/de\/product\/hibiskus-pulver\/#primaryimage","url":"https:\/\/herbetwa.net\/wp-content\/uploads\/2022\/04\/6-hibiscus-ground-egypt-herb-etwa.png","contentUrl":"https:\/\/herbetwa.net\/wp-content\/uploads\/2022\/04\/6-hibiscus-ground-egypt-herb-etwa.png","width":600,"height":600,"caption":"High Quality Hibiscus Ground from Egypt & Sudan Selling In bulk"},{"@type":"BreadcrumbList","@id":"https:\/\/herbetwa.net\/de\/product\/hibiskus-pulver\/#breadcrumb","itemListElement":[{"@type":"ListItem","position":1,"name":"Home","item":"https:\/\/herbetwa.net\/de\/"},{"@type":"ListItem","position":2,"name":"Hibiskus Pulver"}]},{"@type":"WebSite","@id":"https:\/\/herbetwa.net\/en\/#website","url":"https:\/\/herbetwa.net\/en\/","name":"Herb Etwa","description":"Herbs and Spices From Middle East","potentialAction":[{"@type":"SearchAction","target":{"@type":"EntryPoint","urlTemplate":"https:\/\/herbetwa.net\/en\/?s={search_term_string}"},"query-input":{"@type":"PropertyValueSpecification","valueRequired":true,"valueName":"search_term_string"}}],"inLanguage":"de"}]}},"_links":{"self":[{"href":"https:\/\/herbetwa.net\/de\/wp-json\/wp\/v2\/product\/1178","targetHints":{"allow":["GET"]}}],"collection":[{"href":"https:\/\/herbetwa.net\/de\/wp-json\/wp\/v2\/product"}],"about":[{"href":"https:\/\/herbetwa.net\/de\/wp-json\/wp\/v2\/types\/product"}],"wp:featuredmedia":[{"embeddable":true,"href":"https:\/\/herbetwa.net\/de\/wp-json\/wp\/v2\/media\/332"}],"wp:attachment":[{"href":"https:\/\/herbetwa.net\/de\/wp-json\/wp\/v2\/media?parent=1178"}],"wp:term":[{"taxonomy":"product-category","embeddable":true,"href":"https:\/\/herbetwa.net\/de\/wp-json\/wp\/v2\/product-category?post=1178"}],"curies":[{"name":"wp","href":"https:\/\/api.w.org\/{rel}","templated":true}]}}