{"id":1177,"date":"2022-04-01T15:21:25","date_gmt":"2022-04-01T12:21:25","guid":{"rendered":"https:\/\/herbetwa-com-842510.hostingersite.com\/product\/lemon-grass\/"},"modified":"2022-05-18T10:20:34","modified_gmt":"2022-05-18T07:20:34","slug":"zitronengras","status":"publish","type":"product","link":"https:\/\/herbetwa.net\/de\/product\/zitronengras\/","title":{"rendered":"Zitronengras"},"content":{"rendered":"\n<p>It can be used in bath water for a soot<\/p>\n\n\n\n<p>Zitronengras wird seit Jahrhunderten als nat\u00fcrliches Heilmittel f\u00fcr verschiedene Gesundheitszust\u00e4nde verwendet. Es ist reich an den Vitaminen A, B6, C, E, Kalzium, Magnesium, Eisen, Zink, Kupfer, Mangan, Ballaststoffen, Proteinen, Kohlenhydraten, Fetten und vielen anderen Mineralien.<\/p>\n\n\n\n<p>Zitronengras ist ein gro\u00dfartiges Kraut f\u00fcr die Verdauung, das Immunsystem, die Hautpflege, die Haarpflege und hilft sogar beim Abnehmen.<\/p>\n\n\n\n<p>Dieses Kraut kann frisch oder getrocknet verwendet werden. Sie k\u00f6nnen dieses Kraut in Tee, Saft, Suppe, Salatdressing, Pfannengerichten, Curry, Suppen, Smoothies, Desserts, Brot, Kuchen, Keksen, Eis, Getr\u00e4nken usw. verwenden.<\/p>\n\n\n\n<p>Wir verkaufen Bio-Zitronengras zu erschwinglichen Preisen. Wir haben verschiedene Sorten Bio-Zitronengras, die in gro\u00dfen Mengen gekauft werden k\u00f6nnen. Unser Bio-Zitronengras ist 100 % rein und frei von Pestiziden, Insektiziden, Fungiziden, Herbiziden, chemischen D\u00fcngemitteln und GVO.<\/p>\n\n\n\n<p>&nbsp;&nbsp;Unsere Produkte werden direkt von unserer Farm in \u00c4gypten versendet. Wir garantieren die Qualit\u00e4t unseres Produkts und bieten den besten Preis auf dem Markt.<\/p>\n\n\n\n<p><strong>Name:<\/strong>Zitronengras<\/p>\n\n\n\n<p><strong>Botanischer Name:<\/strong>Cymbopogon citratus<\/p>\n\n\n\n<p><strong>Form:<\/strong> Schneiden Sie verschiedene Gr\u00f6\u00dfen 1,5-2,5 cm 12,5-3,5 cm \/ 4-5 cm und Boden<\/p>\n\n\n\n<p><strong>Qualit\u00e4t: <\/strong>1. Klasse<\/p>\n\n\n\n<p><strong>Verpackung: <\/strong>15 kg Papier oder 20 kg PP-Beutel<\/p>\n\n\n\n<p><strong>Beh\u00e4lterkapazit\u00e4t:<\/strong><\/p>\n\n\n\n<p>20 FCL-Container 5-6 Tonnen<\/p>\n\n\n\n<p>40 FCL Container 11-12 Tonnen<\/p>\n\n\n\n<p><strong>Verf\u00fcgbarkeit: <\/strong>Die Ernte beginnt mit xxxxx und ist das ganze Jahr \u00fcber auf Lager.<\/p>\n\n\n\n<p><strong>Ursprung:<\/strong> \u00c4gypten&nbsp;<\/p>\n\n\n\n<figure class=\"wp-block-gallery has-nested-images columns-4 wp-block-gallery-1 is-layout-flex wp-block-gallery-is-layout-flex\">\n<figure class=\"wp-block-image size-medium\"><a href=\"https:\/\/herbetwa-com-842510.hostingersite.com\/wp-content\/uploads\/2022\/04\/7-lemon-grass-Egypt-herb-etwa.jpg\"><img loading=\"lazy\" decoding=\"async\" width=\"300\" height=\"300\" data-id=\"103\" src=\"https:\/\/herbetwa-com-842510.hostingersite.com\/wp-content\/uploads\/2022\/04\/7-lemon-grass-Egypt-herb-etwa-300x300.jpg\" alt=\"\" class=\"wp-image-103\" srcset=\"https:\/\/herbetwa.net\/wp-content\/uploads\/2022\/04\/7-lemon-grass-Egypt-herb-etwa-300x300.jpg 300w, https:\/\/herbetwa.net\/wp-content\/uploads\/2022\/04\/7-lemon-grass-Egypt-herb-etwa.jpg 1024w, https:\/\/herbetwa.net\/wp-content\/uploads\/2022\/04\/7-lemon-grass-Egypt-herb-etwa-150x150.jpg 150w, https:\/\/herbetwa.net\/wp-content\/uploads\/2022\/04\/7-lemon-grass-Egypt-herb-etwa-768x768.jpg 768w\" sizes=\"auto, (max-width: 300px) 100vw, 300px\" \/><\/a><\/figure>\n\n\n\n<figure class=\"wp-block-image size-medium\"><a href=\"https:\/\/herbetwa-com-842510.hostingersite.com\/wp-content\/uploads\/2022\/04\/7-lemon-grass-Egypt-herb-etwa-fine-cut.jpg\"><img loading=\"lazy\" decoding=\"async\" width=\"300\" height=\"300\" data-id=\"104\" src=\"https:\/\/herbetwa-com-842510.hostingersite.com\/wp-content\/uploads\/2022\/04\/7-lemon-grass-Egypt-herb-etwa-fine-cut-300x300.jpg\" alt=\"\" class=\"wp-image-104\" srcset=\"https:\/\/herbetwa.net\/wp-content\/uploads\/2022\/04\/7-lemon-grass-Egypt-herb-etwa-fine-cut-300x300.jpg 300w, https:\/\/herbetwa.net\/wp-content\/uploads\/2022\/04\/7-lemon-grass-Egypt-herb-etwa-fine-cut.jpg 1024w, https:\/\/herbetwa.net\/wp-content\/uploads\/2022\/04\/7-lemon-grass-Egypt-herb-etwa-fine-cut-150x150.jpg 150w, https:\/\/herbetwa.net\/wp-content\/uploads\/2022\/04\/7-lemon-grass-Egypt-herb-etwa-fine-cut-768x768.jpg 768w\" sizes=\"auto, (max-width: 300px) 100vw, 300px\" \/><\/a><\/figure>\n\n\n\n<figure class=\"wp-block-image size-medium\"><a href=\"https:\/\/herbetwa-com-842510.hostingersite.com\/wp-content\/uploads\/2022\/04\/7-lemon-grass-egypt-herb-etwa-green.png\"><img loading=\"lazy\" decoding=\"async\" width=\"177\" height=\"300\" data-id=\"105\" src=\"https:\/\/herbetwa-com-842510.hostingersite.com\/wp-content\/uploads\/2022\/04\/7-lemon-grass-egypt-herb-etwa-green-177x300.png\" alt=\"\" class=\"wp-image-105\" srcset=\"https:\/\/herbetwa.net\/wp-content\/uploads\/2022\/04\/7-lemon-grass-egypt-herb-etwa-green-177x300.png 177w, https:\/\/herbetwa.net\/wp-content\/uploads\/2022\/04\/7-lemon-grass-egypt-herb-etwa-green.png 589w\" sizes=\"auto, (max-width: 177px) 100vw, 177px\" \/><\/a><\/figure>\n\n\n\n<figure class=\"wp-block-image size-medium\"><a href=\"https:\/\/herbetwa-com-842510.hostingersite.com\/wp-content\/uploads\/2022\/04\/7-lemon-grass-egypt-herb-etwa-ground.jpg\"><img loading=\"lazy\" decoding=\"async\" width=\"300\" height=\"300\" data-id=\"106\" src=\"https:\/\/herbetwa-com-842510.hostingersite.com\/wp-content\/uploads\/2022\/04\/7-lemon-grass-egypt-herb-etwa-ground-300x300.jpg\" alt=\"\" class=\"wp-image-106\" srcset=\"https:\/\/herbetwa.net\/wp-content\/uploads\/2022\/04\/7-lemon-grass-egypt-herb-etwa-ground-300x300.jpg 300w, https:\/\/herbetwa.net\/wp-content\/uploads\/2022\/04\/7-lemon-grass-egypt-herb-etwa-ground.jpg 1024w, https:\/\/herbetwa.net\/wp-content\/uploads\/2022\/04\/7-lemon-grass-egypt-herb-etwa-ground-150x150.jpg 150w, https:\/\/herbetwa.net\/wp-content\/uploads\/2022\/04\/7-lemon-grass-egypt-herb-etwa-ground-768x768.jpg 768w\" sizes=\"auto, (max-width: 300px) 100vw, 300px\" \/><\/a><\/figure>\n<\/figure>\n","protected":false},"featured_media":336,"template":"","product-category":[21],"class_list":["post-1177","product","type-product","status-publish","has-post-thumbnail","hentry","product-category-kraeutertee"],"yoast_head":"<!-- This site is optimized with the Yoast SEO Premium plugin v16.6 (Yoast SEO v27.4) - https:\/\/yoast.com\/product\/yoast-seo-premium-wordpress\/ -->\n<title>Lieferant Zitronengras Sch\u00fcttung | Herb Etwa | JETZT zitieren<\/title>\n<meta name=\"description\" content=\"Vertrauensw\u00fcrdiger Kr\u00e4uterlieferant von Zitronengras Verkauf Sch\u00fcttung f\u00fcr Kr\u00e4utergro\u00dfh\u00e4ndler und -verteiler FORDERN SIE IHRE KOSTENLOSE PROBE AN\" \/>\n<meta name=\"robots\" content=\"index, follow, max-snippet:-1, max-image-preview:large, max-video-preview:-1\" \/>\n<link rel=\"canonical\" href=\"https:\/\/herbetwa.net\/de\/product\/zitronengras\/\" \/>\n<meta property=\"og:locale\" content=\"de_DE\" \/>\n<meta property=\"og:type\" content=\"article\" \/>\n<meta property=\"og:title\" content=\"Zitronengras\" \/>\n<meta property=\"og:description\" content=\"Vertrauensw\u00fcrdiger Kr\u00e4uterlieferant von Zitronengras Verkauf Sch\u00fcttung f\u00fcr Kr\u00e4utergro\u00dfh\u00e4ndler und -verteiler FORDERN SIE IHRE KOSTENLOSE PROBE AN\" \/>\n<meta property=\"og:url\" content=\"https:\/\/herbetwa.net\/de\/product\/zitronengras\/\" \/>\n<meta property=\"og:site_name\" content=\"Herb Etwa\" \/>\n<meta property=\"article:modified_time\" content=\"2022-05-18T07:20:34+00:00\" \/>\n<meta property=\"og:image\" content=\"https:\/\/herbetwa.net\/wp-content\/uploads\/2022\/04\/7-lemon-grass-Egypt-herb-etwa-fine-cut.jpg\" \/>\n\t<meta property=\"og:image:width\" content=\"1024\" \/>\n\t<meta property=\"og:image:height\" content=\"1024\" \/>\n\t<meta property=\"og:image:type\" content=\"image\/jpeg\" \/>\n<meta name=\"twitter:card\" content=\"summary_large_image\" \/>\n<meta name=\"twitter:label1\" content=\"Gesch\u00e4tzte Lesezeit\" \/>\n\t<meta name=\"twitter:data1\" content=\"2\u00a0Minuten\" \/>\n<script type=\"application\/ld+json\" class=\"yoast-schema-graph\">{\"@context\":\"https:\\\/\\\/schema.org\",\"@graph\":[{\"@type\":\"WebPage\",\"@id\":\"https:\\\/\\\/herbetwa.net\\\/de\\\/product\\\/zitronengras\\\/\",\"url\":\"https:\\\/\\\/herbetwa.net\\\/de\\\/product\\\/zitronengras\\\/\",\"name\":\"Lieferant Zitronengras Sch\u00fcttung | Herb Etwa | JETZT zitieren\",\"isPartOf\":{\"@id\":\"https:\\\/\\\/herbetwa.net\\\/en\\\/#website\"},\"primaryImageOfPage\":{\"@id\":\"https:\\\/\\\/herbetwa.net\\\/de\\\/product\\\/zitronengras\\\/#primaryimage\"},\"image\":{\"@id\":\"https:\\\/\\\/herbetwa.net\\\/de\\\/product\\\/zitronengras\\\/#primaryimage\"},\"thumbnailUrl\":\"https:\\\/\\\/herbetwa.net\\\/wp-content\\\/uploads\\\/2022\\\/04\\\/7-lemon-grass-Egypt-herb-etwa-fine-cut.jpg\",\"datePublished\":\"2022-04-01T12:21:25+00:00\",\"dateModified\":\"2022-05-18T07:20:34+00:00\",\"description\":\"Vertrauensw\u00fcrdiger Kr\u00e4uterlieferant von Zitronengras Verkauf Sch\u00fcttung f\u00fcr Kr\u00e4utergro\u00dfh\u00e4ndler und -verteiler FORDERN SIE IHRE KOSTENLOSE PROBE AN\",\"breadcrumb\":{\"@id\":\"https:\\\/\\\/herbetwa.net\\\/de\\\/product\\\/zitronengras\\\/#breadcrumb\"},\"inLanguage\":\"de\",\"potentialAction\":[{\"@type\":\"ReadAction\",\"target\":[\"https:\\\/\\\/herbetwa.net\\\/de\\\/product\\\/zitronengras\\\/\"]}]},{\"@type\":\"ImageObject\",\"inLanguage\":\"de\",\"@id\":\"https:\\\/\\\/herbetwa.net\\\/de\\\/product\\\/zitronengras\\\/#primaryimage\",\"url\":\"https:\\\/\\\/herbetwa.net\\\/wp-content\\\/uploads\\\/2022\\\/04\\\/7-lemon-grass-Egypt-herb-etwa-fine-cut.jpg\",\"contentUrl\":\"https:\\\/\\\/herbetwa.net\\\/wp-content\\\/uploads\\\/2022\\\/04\\\/7-lemon-grass-Egypt-herb-etwa-fine-cut.jpg\",\"width\":1024,\"height\":1024},{\"@type\":\"BreadcrumbList\",\"@id\":\"https:\\\/\\\/herbetwa.net\\\/de\\\/product\\\/zitronengras\\\/#breadcrumb\",\"itemListElement\":[{\"@type\":\"ListItem\",\"position\":1,\"name\":\"Home\",\"item\":\"https:\\\/\\\/herbetwa.net\\\/de\\\/\"},{\"@type\":\"ListItem\",\"position\":2,\"name\":\"Zitronengras\"}]},{\"@type\":\"WebSite\",\"@id\":\"https:\\\/\\\/herbetwa.net\\\/en\\\/#website\",\"url\":\"https:\\\/\\\/herbetwa.net\\\/en\\\/\",\"name\":\"Herb Etwa\",\"description\":\"Herbs and Spices From Middle East\",\"potentialAction\":[{\"@type\":\"SearchAction\",\"target\":{\"@type\":\"EntryPoint\",\"urlTemplate\":\"https:\\\/\\\/herbetwa.net\\\/en\\\/?s={search_term_string}\"},\"query-input\":{\"@type\":\"PropertyValueSpecification\",\"valueRequired\":true,\"valueName\":\"search_term_string\"}}],\"inLanguage\":\"de\"}]}<\/script>\n<!-- \/ Yoast SEO Premium plugin. -->","yoast_head_json":{"title":"Lieferant Zitronengras Sch\u00fcttung | Herb Etwa | JETZT zitieren","description":"Vertrauensw\u00fcrdiger Kr\u00e4uterlieferant von Zitronengras Verkauf Sch\u00fcttung f\u00fcr Kr\u00e4utergro\u00dfh\u00e4ndler und -verteiler FORDERN SIE IHRE KOSTENLOSE PROBE AN","robots":{"index":"index","follow":"follow","max-snippet":"max-snippet:-1","max-image-preview":"max-image-preview:large","max-video-preview":"max-video-preview:-1"},"canonical":"https:\/\/herbetwa.net\/de\/product\/zitronengras\/","og_locale":"de_DE","og_type":"article","og_title":"Zitronengras","og_description":"Vertrauensw\u00fcrdiger Kr\u00e4uterlieferant von Zitronengras Verkauf Sch\u00fcttung f\u00fcr Kr\u00e4utergro\u00dfh\u00e4ndler und -verteiler FORDERN SIE IHRE KOSTENLOSE PROBE AN","og_url":"https:\/\/herbetwa.net\/de\/product\/zitronengras\/","og_site_name":"Herb Etwa","article_modified_time":"2022-05-18T07:20:34+00:00","og_image":[{"width":1024,"height":1024,"url":"https:\/\/herbetwa.net\/wp-content\/uploads\/2022\/04\/7-lemon-grass-Egypt-herb-etwa-fine-cut.jpg","type":"image\/jpeg"}],"twitter_card":"summary_large_image","twitter_misc":{"Gesch\u00e4tzte Lesezeit":"2\u00a0Minuten"},"schema":{"@context":"https:\/\/schema.org","@graph":[{"@type":"WebPage","@id":"https:\/\/herbetwa.net\/de\/product\/zitronengras\/","url":"https:\/\/herbetwa.net\/de\/product\/zitronengras\/","name":"Lieferant Zitronengras Sch\u00fcttung | Herb Etwa | JETZT zitieren","isPartOf":{"@id":"https:\/\/herbetwa.net\/en\/#website"},"primaryImageOfPage":{"@id":"https:\/\/herbetwa.net\/de\/product\/zitronengras\/#primaryimage"},"image":{"@id":"https:\/\/herbetwa.net\/de\/product\/zitronengras\/#primaryimage"},"thumbnailUrl":"https:\/\/herbetwa.net\/wp-content\/uploads\/2022\/04\/7-lemon-grass-Egypt-herb-etwa-fine-cut.jpg","datePublished":"2022-04-01T12:21:25+00:00","dateModified":"2022-05-18T07:20:34+00:00","description":"Vertrauensw\u00fcrdiger Kr\u00e4uterlieferant von Zitronengras Verkauf Sch\u00fcttung f\u00fcr Kr\u00e4utergro\u00dfh\u00e4ndler und -verteiler FORDERN SIE IHRE KOSTENLOSE PROBE AN","breadcrumb":{"@id":"https:\/\/herbetwa.net\/de\/product\/zitronengras\/#breadcrumb"},"inLanguage":"de","potentialAction":[{"@type":"ReadAction","target":["https:\/\/herbetwa.net\/de\/product\/zitronengras\/"]}]},{"@type":"ImageObject","inLanguage":"de","@id":"https:\/\/herbetwa.net\/de\/product\/zitronengras\/#primaryimage","url":"https:\/\/herbetwa.net\/wp-content\/uploads\/2022\/04\/7-lemon-grass-Egypt-herb-etwa-fine-cut.jpg","contentUrl":"https:\/\/herbetwa.net\/wp-content\/uploads\/2022\/04\/7-lemon-grass-Egypt-herb-etwa-fine-cut.jpg","width":1024,"height":1024},{"@type":"BreadcrumbList","@id":"https:\/\/herbetwa.net\/de\/product\/zitronengras\/#breadcrumb","itemListElement":[{"@type":"ListItem","position":1,"name":"Home","item":"https:\/\/herbetwa.net\/de\/"},{"@type":"ListItem","position":2,"name":"Zitronengras"}]},{"@type":"WebSite","@id":"https:\/\/herbetwa.net\/en\/#website","url":"https:\/\/herbetwa.net\/en\/","name":"Herb Etwa","description":"Herbs and Spices From Middle East","potentialAction":[{"@type":"SearchAction","target":{"@type":"EntryPoint","urlTemplate":"https:\/\/herbetwa.net\/en\/?s={search_term_string}"},"query-input":{"@type":"PropertyValueSpecification","valueRequired":true,"valueName":"search_term_string"}}],"inLanguage":"de"}]}},"_links":{"self":[{"href":"https:\/\/herbetwa.net\/de\/wp-json\/wp\/v2\/product\/1177","targetHints":{"allow":["GET"]}}],"collection":[{"href":"https:\/\/herbetwa.net\/de\/wp-json\/wp\/v2\/product"}],"about":[{"href":"https:\/\/herbetwa.net\/de\/wp-json\/wp\/v2\/types\/product"}],"wp:featuredmedia":[{"embeddable":true,"href":"https:\/\/herbetwa.net\/de\/wp-json\/wp\/v2\/media\/336"}],"wp:attachment":[{"href":"https:\/\/herbetwa.net\/de\/wp-json\/wp\/v2\/media?parent=1177"}],"wp:term":[{"taxonomy":"product-category","embeddable":true,"href":"https:\/\/herbetwa.net\/de\/wp-json\/wp\/v2\/product-category?post=1177"}],"curies":[{"name":"wp","href":"https:\/\/api.w.org\/{rel}","templated":true}]}}