{"id":1174,"date":"2022-04-01T15:24:37","date_gmt":"2022-04-01T12:24:37","guid":{"rendered":"https:\/\/herbetwa-com-842510.hostingersite.com\/product\/spearmint\/"},"modified":"2022-05-18T10:16:28","modified_gmt":"2022-05-18T07:16:28","slug":"gruene-minze","status":"publish","type":"product","link":"https:\/\/herbetwa.net\/de\/product\/gruene-minze\/","title":{"rendered":"Gr\u00fcne Minze"},"content":{"rendered":"\n<p>Gr\u00fcne Minze ist ein Kraut, das seit der Antike angebaut wird. Sein Name leitet sich vom lateinischen Wort \u201espearum\u201c ab, was Minze bedeutet. Es wurde erstmals um das 16. Jahrhundert in Europa eingef\u00fchrt. Heute wird Gr\u00fcne Minze auf der ganzen Welt angebaut.<\/p>\n\n\n\n<p>Gr\u00fcne Minze ist in \u00c4gypten beheimatet, wo sie entlang des Nils wild w\u00e4chst. Es wurde nach Griechenland und Rom gebracht, wo es zu einem beliebten K\u00fcchenkraut wurde.<\/p>\n\n\n\n<p>Gr\u00fcne Minze ist f\u00fcr ihre medizinischen Eigenschaften bekannt. Es wird zur Behandlung von Verdauungsst\u00f6rungen, Erk\u00e4ltungen, Husten und Kopfschmerzen eingesetzt. Es kann auch helfen, Stress und Angst abzubauen.<\/p>\n\n\n\n<p>Gr\u00fcne Minze wird auf viele verschiedene Arten verwendet. Sie k\u00f6nnen es frisch in Ihrem Tee verwenden, es Ihrer Seife hinzuf\u00fcgen oder sogar ein Parf\u00fcm daraus machen. Es wird sowohl in getrockneter als auch in frischer Form verkauft. Getrocknete Krauseminze wird h\u00e4ufig zum W\u00fcrzen von Speisen wie Keksen, Kuchen und Eiscreme verwendet. Frische Krauseminze wird oft zu Salaten und Sandwiches hinzugef\u00fcgt. Gr\u00fcne Minze ist reich an Vitamin C, Kalzium, Eisen, Magnesium und Zink.<\/p>\n\n\n\n<p><strong>Name: <\/strong>Minze<\/p>\n\n\n\n<p><strong>Botanischer Name: <\/strong>Mentha Spicata<\/p>\n\n\n\n<p><strong>Form:<\/strong> 3-3,5 mm zerkleinerte Bl\u00e4tter<\/p>\n\n\n\n<p><strong>Qualit\u00e4t: <\/strong>1. Klasse<\/p>\n\n\n\n<p><strong>Paket: <\/strong>10 kg oder 20 kg pp oder Papiersack (Paket kann nach Kundenwunsch hergestellt werden)<\/p>\n\n\n\n<p><strong>Verf\u00fcgbarkeit: <\/strong>Die Ernte beginnt im April und ist das ganze Jahr auf Lager.<\/p>\n\n\n\n<p><strong>Beh\u00e4lterkapazit\u00e4t:<\/strong><\/p>\n\n\n\n<p>20 FCL-Container 5-6 Tonnen<\/p>\n\n\n\n<p>40 FCL Container 11-12 Tonnen<\/p>\n\n\n\n<p><strong>Ursprung:<\/strong> \u00c4gypten<\/p>\n\n\n\n<figure class=\"wp-block-gallery has-nested-images columns-default is-cropped wp-block-gallery-1 is-layout-flex wp-block-gallery-is-layout-flex\">\n<figure class=\"wp-block-image size-large\"><img loading=\"lazy\" decoding=\"async\" width=\"1024\" height=\"1024\" data-id=\"114\" src=\"https:\/\/herbetwa-com-842510.hostingersite.com\/wp-content\/uploads\/2022\/04\/9-speamint-egypt-herb-etwa-fine-cut.jpg\" alt=\"Spearmint of Egyptian origin Spearmint is used as a flavouring in herbal teas, a fragrance in soaps, and cosmetics Selling In bulk\" class=\"wp-image-114\" srcset=\"https:\/\/herbetwa.net\/wp-content\/uploads\/2022\/04\/9-speamint-egypt-herb-etwa-fine-cut.jpg 1024w, https:\/\/herbetwa.net\/wp-content\/uploads\/2022\/04\/9-speamint-egypt-herb-etwa-fine-cut-300x300.jpg 300w, https:\/\/herbetwa.net\/wp-content\/uploads\/2022\/04\/9-speamint-egypt-herb-etwa-fine-cut-150x150.jpg 150w, https:\/\/herbetwa.net\/wp-content\/uploads\/2022\/04\/9-speamint-egypt-herb-etwa-fine-cut-768x768.jpg 768w\" sizes=\"auto, (max-width: 1024px) 100vw, 1024px\" \/><\/figure>\n<\/figure>\n","protected":false},"featured_media":352,"template":"","product-category":[21],"class_list":["post-1174","product","type-product","status-publish","has-post-thumbnail","hentry","product-category-kraeutertee"],"yoast_head":"<!-- This site is optimized with the Yoast SEO Premium plugin v16.6 (Yoast SEO v27.4) - https:\/\/yoast.com\/product\/yoast-seo-premium-wordpress\/ -->\n<title>Bio Gr\u00fcne Minze Sch\u00fcttung | Herb Etwa| JETZT zitieren<\/title>\n<meta name=\"description\" content=\"Vertrauensw\u00fcrdiger Kr\u00e4uterlieferant f\u00fcr Gr\u00fcne Minze Verkauf Sch\u00fcttung f\u00fcr Kr\u00e4utergro\u00dfh\u00e4ndler und -verteiler FORDERN SIE IHRE KOSTENLOSE PROBE AN\" \/>\n<meta name=\"robots\" content=\"index, follow, max-snippet:-1, max-image-preview:large, max-video-preview:-1\" \/>\n<link rel=\"canonical\" href=\"https:\/\/herbetwa.net\/de\/product\/gruene-minze\/\" \/>\n<meta property=\"og:locale\" content=\"de_DE\" \/>\n<meta property=\"og:type\" content=\"article\" \/>\n<meta property=\"og:title\" content=\"Gr\u00fcne Minze\" \/>\n<meta property=\"og:description\" content=\"Vertrauensw\u00fcrdiger Kr\u00e4uterlieferant f\u00fcr Gr\u00fcne Minze Verkauf Sch\u00fcttung f\u00fcr Kr\u00e4utergro\u00dfh\u00e4ndler und -verteiler FORDERN SIE IHRE KOSTENLOSE PROBE AN\" \/>\n<meta property=\"og:url\" content=\"https:\/\/herbetwa.net\/de\/product\/gruene-minze\/\" \/>\n<meta property=\"og:site_name\" content=\"Herb Etwa\" \/>\n<meta property=\"article:modified_time\" content=\"2022-05-18T07:16:28+00:00\" \/>\n<meta property=\"og:image\" content=\"https:\/\/herbetwa.net\/wp-content\/uploads\/2022\/04\/9-speamint-egypt-herb-etwa-fine-cut.jpg\" \/>\n\t<meta property=\"og:image:width\" content=\"1024\" \/>\n\t<meta property=\"og:image:height\" content=\"1024\" \/>\n\t<meta property=\"og:image:type\" content=\"image\/jpeg\" \/>\n<meta name=\"twitter:card\" content=\"summary_large_image\" \/>\n<meta name=\"twitter:label1\" content=\"Gesch\u00e4tzte Lesezeit\" \/>\n\t<meta name=\"twitter:data1\" content=\"2\u00a0Minuten\" \/>\n<script type=\"application\/ld+json\" class=\"yoast-schema-graph\">{\"@context\":\"https:\\\/\\\/schema.org\",\"@graph\":[{\"@type\":\"WebPage\",\"@id\":\"https:\\\/\\\/herbetwa.net\\\/de\\\/product\\\/gruene-minze\\\/\",\"url\":\"https:\\\/\\\/herbetwa.net\\\/de\\\/product\\\/gruene-minze\\\/\",\"name\":\"Bio Gr\u00fcne Minze Sch\u00fcttung | Herb Etwa| JETZT zitieren\",\"isPartOf\":{\"@id\":\"https:\\\/\\\/herbetwa.net\\\/en\\\/#website\"},\"primaryImageOfPage\":{\"@id\":\"https:\\\/\\\/herbetwa.net\\\/de\\\/product\\\/gruene-minze\\\/#primaryimage\"},\"image\":{\"@id\":\"https:\\\/\\\/herbetwa.net\\\/de\\\/product\\\/gruene-minze\\\/#primaryimage\"},\"thumbnailUrl\":\"https:\\\/\\\/herbetwa.net\\\/wp-content\\\/uploads\\\/2022\\\/04\\\/9-speamint-egypt-herb-etwa-fine-cut.jpg\",\"datePublished\":\"2022-04-01T12:24:37+00:00\",\"dateModified\":\"2022-05-18T07:16:28+00:00\",\"description\":\"Vertrauensw\u00fcrdiger Kr\u00e4uterlieferant f\u00fcr Gr\u00fcne Minze Verkauf Sch\u00fcttung f\u00fcr Kr\u00e4utergro\u00dfh\u00e4ndler und -verteiler FORDERN SIE IHRE KOSTENLOSE PROBE AN\",\"breadcrumb\":{\"@id\":\"https:\\\/\\\/herbetwa.net\\\/de\\\/product\\\/gruene-minze\\\/#breadcrumb\"},\"inLanguage\":\"de\",\"potentialAction\":[{\"@type\":\"ReadAction\",\"target\":[\"https:\\\/\\\/herbetwa.net\\\/de\\\/product\\\/gruene-minze\\\/\"]}]},{\"@type\":\"ImageObject\",\"inLanguage\":\"de\",\"@id\":\"https:\\\/\\\/herbetwa.net\\\/de\\\/product\\\/gruene-minze\\\/#primaryimage\",\"url\":\"https:\\\/\\\/herbetwa.net\\\/wp-content\\\/uploads\\\/2022\\\/04\\\/9-speamint-egypt-herb-etwa-fine-cut.jpg\",\"contentUrl\":\"https:\\\/\\\/herbetwa.net\\\/wp-content\\\/uploads\\\/2022\\\/04\\\/9-speamint-egypt-herb-etwa-fine-cut.jpg\",\"width\":1024,\"height\":1024,\"caption\":\"Spearmint of Egyptian origin Spearmint is used as a flavouring in herbal teas, a fragrance in soaps, and cosmetics Selling In bulk\"},{\"@type\":\"BreadcrumbList\",\"@id\":\"https:\\\/\\\/herbetwa.net\\\/de\\\/product\\\/gruene-minze\\\/#breadcrumb\",\"itemListElement\":[{\"@type\":\"ListItem\",\"position\":1,\"name\":\"Home\",\"item\":\"https:\\\/\\\/herbetwa.net\\\/de\\\/\"},{\"@type\":\"ListItem\",\"position\":2,\"name\":\"Gr\u00fcne Minze\"}]},{\"@type\":\"WebSite\",\"@id\":\"https:\\\/\\\/herbetwa.net\\\/en\\\/#website\",\"url\":\"https:\\\/\\\/herbetwa.net\\\/en\\\/\",\"name\":\"Herb Etwa\",\"description\":\"Herbs and Spices From Middle East\",\"potentialAction\":[{\"@type\":\"SearchAction\",\"target\":{\"@type\":\"EntryPoint\",\"urlTemplate\":\"https:\\\/\\\/herbetwa.net\\\/en\\\/?s={search_term_string}\"},\"query-input\":{\"@type\":\"PropertyValueSpecification\",\"valueRequired\":true,\"valueName\":\"search_term_string\"}}],\"inLanguage\":\"de\"}]}<\/script>\n<!-- \/ Yoast SEO Premium plugin. -->","yoast_head_json":{"title":"Bio Gr\u00fcne Minze Sch\u00fcttung | Herb Etwa| JETZT zitieren","description":"Vertrauensw\u00fcrdiger Kr\u00e4uterlieferant f\u00fcr Gr\u00fcne Minze Verkauf Sch\u00fcttung f\u00fcr Kr\u00e4utergro\u00dfh\u00e4ndler und -verteiler FORDERN SIE IHRE KOSTENLOSE PROBE AN","robots":{"index":"index","follow":"follow","max-snippet":"max-snippet:-1","max-image-preview":"max-image-preview:large","max-video-preview":"max-video-preview:-1"},"canonical":"https:\/\/herbetwa.net\/de\/product\/gruene-minze\/","og_locale":"de_DE","og_type":"article","og_title":"Gr\u00fcne Minze","og_description":"Vertrauensw\u00fcrdiger Kr\u00e4uterlieferant f\u00fcr Gr\u00fcne Minze Verkauf Sch\u00fcttung f\u00fcr Kr\u00e4utergro\u00dfh\u00e4ndler und -verteiler FORDERN SIE IHRE KOSTENLOSE PROBE AN","og_url":"https:\/\/herbetwa.net\/de\/product\/gruene-minze\/","og_site_name":"Herb Etwa","article_modified_time":"2022-05-18T07:16:28+00:00","og_image":[{"width":1024,"height":1024,"url":"https:\/\/herbetwa.net\/wp-content\/uploads\/2022\/04\/9-speamint-egypt-herb-etwa-fine-cut.jpg","type":"image\/jpeg"}],"twitter_card":"summary_large_image","twitter_misc":{"Gesch\u00e4tzte Lesezeit":"2\u00a0Minuten"},"schema":{"@context":"https:\/\/schema.org","@graph":[{"@type":"WebPage","@id":"https:\/\/herbetwa.net\/de\/product\/gruene-minze\/","url":"https:\/\/herbetwa.net\/de\/product\/gruene-minze\/","name":"Bio Gr\u00fcne Minze Sch\u00fcttung | Herb Etwa| JETZT zitieren","isPartOf":{"@id":"https:\/\/herbetwa.net\/en\/#website"},"primaryImageOfPage":{"@id":"https:\/\/herbetwa.net\/de\/product\/gruene-minze\/#primaryimage"},"image":{"@id":"https:\/\/herbetwa.net\/de\/product\/gruene-minze\/#primaryimage"},"thumbnailUrl":"https:\/\/herbetwa.net\/wp-content\/uploads\/2022\/04\/9-speamint-egypt-herb-etwa-fine-cut.jpg","datePublished":"2022-04-01T12:24:37+00:00","dateModified":"2022-05-18T07:16:28+00:00","description":"Vertrauensw\u00fcrdiger Kr\u00e4uterlieferant f\u00fcr Gr\u00fcne Minze Verkauf Sch\u00fcttung f\u00fcr Kr\u00e4utergro\u00dfh\u00e4ndler und -verteiler FORDERN SIE IHRE KOSTENLOSE PROBE AN","breadcrumb":{"@id":"https:\/\/herbetwa.net\/de\/product\/gruene-minze\/#breadcrumb"},"inLanguage":"de","potentialAction":[{"@type":"ReadAction","target":["https:\/\/herbetwa.net\/de\/product\/gruene-minze\/"]}]},{"@type":"ImageObject","inLanguage":"de","@id":"https:\/\/herbetwa.net\/de\/product\/gruene-minze\/#primaryimage","url":"https:\/\/herbetwa.net\/wp-content\/uploads\/2022\/04\/9-speamint-egypt-herb-etwa-fine-cut.jpg","contentUrl":"https:\/\/herbetwa.net\/wp-content\/uploads\/2022\/04\/9-speamint-egypt-herb-etwa-fine-cut.jpg","width":1024,"height":1024,"caption":"Spearmint of Egyptian origin Spearmint is used as a flavouring in herbal teas, a fragrance in soaps, and cosmetics Selling In bulk"},{"@type":"BreadcrumbList","@id":"https:\/\/herbetwa.net\/de\/product\/gruene-minze\/#breadcrumb","itemListElement":[{"@type":"ListItem","position":1,"name":"Home","item":"https:\/\/herbetwa.net\/de\/"},{"@type":"ListItem","position":2,"name":"Gr\u00fcne Minze"}]},{"@type":"WebSite","@id":"https:\/\/herbetwa.net\/en\/#website","url":"https:\/\/herbetwa.net\/en\/","name":"Herb Etwa","description":"Herbs and Spices From Middle East","potentialAction":[{"@type":"SearchAction","target":{"@type":"EntryPoint","urlTemplate":"https:\/\/herbetwa.net\/en\/?s={search_term_string}"},"query-input":{"@type":"PropertyValueSpecification","valueRequired":true,"valueName":"search_term_string"}}],"inLanguage":"de"}]}},"_links":{"self":[{"href":"https:\/\/herbetwa.net\/de\/wp-json\/wp\/v2\/product\/1174","targetHints":{"allow":["GET"]}}],"collection":[{"href":"https:\/\/herbetwa.net\/de\/wp-json\/wp\/v2\/product"}],"about":[{"href":"https:\/\/herbetwa.net\/de\/wp-json\/wp\/v2\/types\/product"}],"wp:featuredmedia":[{"embeddable":true,"href":"https:\/\/herbetwa.net\/de\/wp-json\/wp\/v2\/media\/352"}],"wp:attachment":[{"href":"https:\/\/herbetwa.net\/de\/wp-json\/wp\/v2\/media?parent=1174"}],"wp:term":[{"taxonomy":"product-category","embeddable":true,"href":"https:\/\/herbetwa.net\/de\/wp-json\/wp\/v2\/product-category?post=1174"}],"curies":[{"name":"wp","href":"https:\/\/api.w.org\/{rel}","templated":true}]}}