{"id":1070,"date":"2022-04-03T20:47:22","date_gmt":"2022-04-03T17:47:22","guid":{"rendered":"https:\/\/herbetwa-com-842510.hostingersite.com\/product\/fenugreek-seeds\/"},"modified":"2022-05-18T11:29:50","modified_gmt":"2022-05-18T08:29:50","slug":"bockshornklee-samen","status":"publish","type":"product","link":"https:\/\/herbetwa.net\/de\/product\/bockshornklee-samen\/","title":{"rendered":"Bockshornklee Samen"},"content":{"rendered":"\n<p>Bockshornkleesamen werden als Gew\u00fcrz und Heilkraut verwendet. Es ist bekannt, dass sie bei der Behandlung von Diabetes, Bluthochdruck, Verdauungsst\u00f6rungen und anderen Gesundheitsproblemen helfen. Es kann roh oder gekocht gegessen werden. Sie schmecken wie eine Kombination aus Artischocke und Ackerbohnen.<\/p>\n\n\n\n<p>Bockshornkleesamen enthalten viel Protein, Ballaststoffe, Eisen, Kalzium, Zink, Magnesium, Vitamin B6, Fols\u00e4ure und Mangan. Au\u00dferdem hat es eine lange Haltbarkeit. Sie k\u00f6nnen sie bis zu zwei Jahre bei Raumtemperatur lagern.<\/p>\n\n\n\n<p>Bockshornkleesamen sollten nicht mit Fenchelsamen verwechselt werden. Fenchelsamen werden normalerweise in Lebensmittelgesch\u00e4ften als Aromastoff verkauft.<\/p>\n\n\n\n<p><strong>Name:<\/strong>Bockshornkleesamen, Methi<\/p>\n\n\n\n<p><strong>Botanischer Name:<\/strong>Trigonella Foenum-Graecum<\/p>\n\n\n\n<p><strong>Form:<\/strong> ganze Samen<\/p>\n\n\n\n<p><strong>Qualit\u00e4t:<\/strong><\/p>\n\n\n\n<p>Bockshornkleesamen der G\u00fcteklasse A<\/p>\n\n\n\n<p>Bockshornkleesamen der Klasse B in gebrochener Qualit\u00e4t<\/p>\n\n\n\n<p><strong>Verpackung: <\/strong>25-50 kg PP- oder Papiers\u00e4cke<\/p>\n\n\n\n<p><strong>Verf\u00fcgbarkeit: <\/strong>ganzj\u00e4hrig verf\u00fcgbar.<\/p>\n\n\n\n<p><strong>Beh\u00e4lterkapazit\u00e4t:<\/strong><\/p>\n\n\n\n<p>20 FCL-Container 20 Tonnen<\/p>\n\n\n\n<p>40 FCL-Container 27 Tonnen<\/p>\n\n\n\n<p><strong>Ursprung:<\/strong> \u00c4gypten<\/p>\n\n\n\n<figure class=\"wp-block-gallery has-nested-images columns-default is-cropped wp-block-gallery-1 is-layout-flex wp-block-gallery-is-layout-flex\">\n<figure class=\"wp-block-image size-full\"><img loading=\"lazy\" decoding=\"async\" width=\"1024\" height=\"1024\" data-id=\"180\" src=\"https:\/\/herbetwa-com-842510.hostingersite.com\/wp-content\/uploads\/2022\/04\/29-fenugreek-seeds-egypt-herb-etwa.jpg\" alt=\"Egyptian Fenugreek Seeds Selling In bulk\" class=\"wp-image-180\" srcset=\"https:\/\/herbetwa.net\/wp-content\/uploads\/2022\/04\/29-fenugreek-seeds-egypt-herb-etwa.jpg 1024w, https:\/\/herbetwa.net\/wp-content\/uploads\/2022\/04\/29-fenugreek-seeds-egypt-herb-etwa-300x300.jpg 300w, https:\/\/herbetwa.net\/wp-content\/uploads\/2022\/04\/29-fenugreek-seeds-egypt-herb-etwa-150x150.jpg 150w, https:\/\/herbetwa.net\/wp-content\/uploads\/2022\/04\/29-fenugreek-seeds-egypt-herb-etwa-768x768.jpg 768w\" sizes=\"auto, (max-width: 1024px) 100vw, 1024px\" \/><\/figure>\n\n\n\n<figure class=\"wp-block-image size-full\"><img loading=\"lazy\" decoding=\"async\" width=\"1024\" height=\"1024\" data-id=\"181\" src=\"https:\/\/herbetwa-com-842510.hostingersite.com\/wp-content\/uploads\/2022\/04\/29-fenugreek-seeds-ground-egypt-herb-etwa.jpg\" alt=\"Egyptian Ground Fenugreek Seeds Selling In bulk\" class=\"wp-image-181\" srcset=\"https:\/\/herbetwa.net\/wp-content\/uploads\/2022\/04\/29-fenugreek-seeds-ground-egypt-herb-etwa.jpg 1024w, https:\/\/herbetwa.net\/wp-content\/uploads\/2022\/04\/29-fenugreek-seeds-ground-egypt-herb-etwa-300x300.jpg 300w, https:\/\/herbetwa.net\/wp-content\/uploads\/2022\/04\/29-fenugreek-seeds-ground-egypt-herb-etwa-150x150.jpg 150w, https:\/\/herbetwa.net\/wp-content\/uploads\/2022\/04\/29-fenugreek-seeds-ground-egypt-herb-etwa-768x768.jpg 768w\" sizes=\"auto, (max-width: 1024px) 100vw, 1024px\" \/><\/figure>\n<\/figure>\n","protected":false},"featured_media":444,"template":"","product-category":[26],"class_list":["post-1070","product","type-product","status-publish","has-post-thumbnail","hentry","product-category-samen"],"yoast_head":"<!-- This site is optimized with the Yoast SEO Premium plugin v16.6 (Yoast SEO v27.4) - https:\/\/yoast.com\/product\/yoast-seo-premium-wordpress\/ -->\n<title>Bockshornklee samen gro\u00dfhandel verk |Herb Etwa| JETZT zitieren<\/title>\n<meta name=\"description\" content=\"Vertrauensw\u00fcrdiger Kr\u00e4uterlieferant von Bockshornkleesamen. Verkauf Sch\u00fcttung f\u00fcr Kr\u00e4utergro\u00dfh\u00e4ndler und -verteiler FORDERN SIE IHRE KOSTENLOSE PROBE AN\" \/>\n<meta name=\"robots\" content=\"index, follow, max-snippet:-1, max-image-preview:large, max-video-preview:-1\" \/>\n<link rel=\"canonical\" href=\"https:\/\/herbetwa.net\/de\/product\/bockshornklee-samen\/\" \/>\n<meta property=\"og:locale\" content=\"de_DE\" \/>\n<meta property=\"og:type\" content=\"article\" \/>\n<meta property=\"og:title\" content=\"Bockshornklee Samen\" \/>\n<meta property=\"og:description\" content=\"Vertrauensw\u00fcrdiger Kr\u00e4uterlieferant von Bockshornkleesamen. Verkauf Sch\u00fcttung f\u00fcr Kr\u00e4utergro\u00dfh\u00e4ndler und -verteiler FORDERN SIE IHRE KOSTENLOSE PROBE AN\" \/>\n<meta property=\"og:url\" content=\"https:\/\/herbetwa.net\/de\/product\/bockshornklee-samen\/\" \/>\n<meta property=\"og:site_name\" content=\"Herb Etwa\" \/>\n<meta property=\"article:modified_time\" content=\"2022-05-18T08:29:50+00:00\" \/>\n<meta property=\"og:image\" content=\"https:\/\/herbetwa.net\/wp-content\/uploads\/2022\/04\/29-fenugreek-seeds-egypt-herb-etwa.jpg\" \/>\n\t<meta property=\"og:image:width\" content=\"1024\" \/>\n\t<meta property=\"og:image:height\" content=\"1024\" \/>\n\t<meta property=\"og:image:type\" content=\"image\/jpeg\" \/>\n<meta name=\"twitter:card\" content=\"summary_large_image\" \/>\n<meta name=\"twitter:label1\" content=\"Gesch\u00e4tzte Lesezeit\" \/>\n\t<meta name=\"twitter:data1\" content=\"1\u00a0Minute\" \/>\n<script type=\"application\/ld+json\" class=\"yoast-schema-graph\">{\"@context\":\"https:\\\/\\\/schema.org\",\"@graph\":[{\"@type\":\"WebPage\",\"@id\":\"https:\\\/\\\/herbetwa.net\\\/de\\\/product\\\/bockshornklee-samen\\\/\",\"url\":\"https:\\\/\\\/herbetwa.net\\\/de\\\/product\\\/bockshornklee-samen\\\/\",\"name\":\"Bockshornklee samen gro\u00dfhandel verk |Herb Etwa| JETZT zitieren\",\"isPartOf\":{\"@id\":\"https:\\\/\\\/herbetwa.net\\\/en\\\/#website\"},\"primaryImageOfPage\":{\"@id\":\"https:\\\/\\\/herbetwa.net\\\/de\\\/product\\\/bockshornklee-samen\\\/#primaryimage\"},\"image\":{\"@id\":\"https:\\\/\\\/herbetwa.net\\\/de\\\/product\\\/bockshornklee-samen\\\/#primaryimage\"},\"thumbnailUrl\":\"https:\\\/\\\/herbetwa.net\\\/wp-content\\\/uploads\\\/2022\\\/04\\\/29-fenugreek-seeds-egypt-herb-etwa.jpg\",\"datePublished\":\"2022-04-03T17:47:22+00:00\",\"dateModified\":\"2022-05-18T08:29:50+00:00\",\"description\":\"Vertrauensw\u00fcrdiger Kr\u00e4uterlieferant von Bockshornkleesamen. Verkauf Sch\u00fcttung f\u00fcr Kr\u00e4utergro\u00dfh\u00e4ndler und -verteiler FORDERN SIE IHRE KOSTENLOSE PROBE AN\",\"breadcrumb\":{\"@id\":\"https:\\\/\\\/herbetwa.net\\\/de\\\/product\\\/bockshornklee-samen\\\/#breadcrumb\"},\"inLanguage\":\"de\",\"potentialAction\":[{\"@type\":\"ReadAction\",\"target\":[\"https:\\\/\\\/herbetwa.net\\\/de\\\/product\\\/bockshornklee-samen\\\/\"]}]},{\"@type\":\"ImageObject\",\"inLanguage\":\"de\",\"@id\":\"https:\\\/\\\/herbetwa.net\\\/de\\\/product\\\/bockshornklee-samen\\\/#primaryimage\",\"url\":\"https:\\\/\\\/herbetwa.net\\\/wp-content\\\/uploads\\\/2022\\\/04\\\/29-fenugreek-seeds-egypt-herb-etwa.jpg\",\"contentUrl\":\"https:\\\/\\\/herbetwa.net\\\/wp-content\\\/uploads\\\/2022\\\/04\\\/29-fenugreek-seeds-egypt-herb-etwa.jpg\",\"width\":1024,\"height\":1024,\"caption\":\"Egyptian Fenugreek Seeds Selling In bulk\"},{\"@type\":\"BreadcrumbList\",\"@id\":\"https:\\\/\\\/herbetwa.net\\\/de\\\/product\\\/bockshornklee-samen\\\/#breadcrumb\",\"itemListElement\":[{\"@type\":\"ListItem\",\"position\":1,\"name\":\"Home\",\"item\":\"https:\\\/\\\/herbetwa.net\\\/de\\\/\"},{\"@type\":\"ListItem\",\"position\":2,\"name\":\"Bockshornklee Samen\"}]},{\"@type\":\"WebSite\",\"@id\":\"https:\\\/\\\/herbetwa.net\\\/en\\\/#website\",\"url\":\"https:\\\/\\\/herbetwa.net\\\/en\\\/\",\"name\":\"Herb Etwa\",\"description\":\"Herbs and Spices From Middle East\",\"potentialAction\":[{\"@type\":\"SearchAction\",\"target\":{\"@type\":\"EntryPoint\",\"urlTemplate\":\"https:\\\/\\\/herbetwa.net\\\/en\\\/?s={search_term_string}\"},\"query-input\":{\"@type\":\"PropertyValueSpecification\",\"valueRequired\":true,\"valueName\":\"search_term_string\"}}],\"inLanguage\":\"de\"}]}<\/script>\n<!-- \/ Yoast SEO Premium plugin. -->","yoast_head_json":{"title":"Bockshornklee samen gro\u00dfhandel verk |Herb Etwa| JETZT zitieren","description":"Vertrauensw\u00fcrdiger Kr\u00e4uterlieferant von Bockshornkleesamen. Verkauf Sch\u00fcttung f\u00fcr Kr\u00e4utergro\u00dfh\u00e4ndler und -verteiler FORDERN SIE IHRE KOSTENLOSE PROBE AN","robots":{"index":"index","follow":"follow","max-snippet":"max-snippet:-1","max-image-preview":"max-image-preview:large","max-video-preview":"max-video-preview:-1"},"canonical":"https:\/\/herbetwa.net\/de\/product\/bockshornklee-samen\/","og_locale":"de_DE","og_type":"article","og_title":"Bockshornklee Samen","og_description":"Vertrauensw\u00fcrdiger Kr\u00e4uterlieferant von Bockshornkleesamen. Verkauf Sch\u00fcttung f\u00fcr Kr\u00e4utergro\u00dfh\u00e4ndler und -verteiler FORDERN SIE IHRE KOSTENLOSE PROBE AN","og_url":"https:\/\/herbetwa.net\/de\/product\/bockshornklee-samen\/","og_site_name":"Herb Etwa","article_modified_time":"2022-05-18T08:29:50+00:00","og_image":[{"width":1024,"height":1024,"url":"https:\/\/herbetwa.net\/wp-content\/uploads\/2022\/04\/29-fenugreek-seeds-egypt-herb-etwa.jpg","type":"image\/jpeg"}],"twitter_card":"summary_large_image","twitter_misc":{"Gesch\u00e4tzte Lesezeit":"1\u00a0Minute"},"schema":{"@context":"https:\/\/schema.org","@graph":[{"@type":"WebPage","@id":"https:\/\/herbetwa.net\/de\/product\/bockshornklee-samen\/","url":"https:\/\/herbetwa.net\/de\/product\/bockshornklee-samen\/","name":"Bockshornklee samen gro\u00dfhandel verk |Herb Etwa| JETZT zitieren","isPartOf":{"@id":"https:\/\/herbetwa.net\/en\/#website"},"primaryImageOfPage":{"@id":"https:\/\/herbetwa.net\/de\/product\/bockshornklee-samen\/#primaryimage"},"image":{"@id":"https:\/\/herbetwa.net\/de\/product\/bockshornklee-samen\/#primaryimage"},"thumbnailUrl":"https:\/\/herbetwa.net\/wp-content\/uploads\/2022\/04\/29-fenugreek-seeds-egypt-herb-etwa.jpg","datePublished":"2022-04-03T17:47:22+00:00","dateModified":"2022-05-18T08:29:50+00:00","description":"Vertrauensw\u00fcrdiger Kr\u00e4uterlieferant von Bockshornkleesamen. Verkauf Sch\u00fcttung f\u00fcr Kr\u00e4utergro\u00dfh\u00e4ndler und -verteiler FORDERN SIE IHRE KOSTENLOSE PROBE AN","breadcrumb":{"@id":"https:\/\/herbetwa.net\/de\/product\/bockshornklee-samen\/#breadcrumb"},"inLanguage":"de","potentialAction":[{"@type":"ReadAction","target":["https:\/\/herbetwa.net\/de\/product\/bockshornklee-samen\/"]}]},{"@type":"ImageObject","inLanguage":"de","@id":"https:\/\/herbetwa.net\/de\/product\/bockshornklee-samen\/#primaryimage","url":"https:\/\/herbetwa.net\/wp-content\/uploads\/2022\/04\/29-fenugreek-seeds-egypt-herb-etwa.jpg","contentUrl":"https:\/\/herbetwa.net\/wp-content\/uploads\/2022\/04\/29-fenugreek-seeds-egypt-herb-etwa.jpg","width":1024,"height":1024,"caption":"Egyptian Fenugreek Seeds Selling In bulk"},{"@type":"BreadcrumbList","@id":"https:\/\/herbetwa.net\/de\/product\/bockshornklee-samen\/#breadcrumb","itemListElement":[{"@type":"ListItem","position":1,"name":"Home","item":"https:\/\/herbetwa.net\/de\/"},{"@type":"ListItem","position":2,"name":"Bockshornklee Samen"}]},{"@type":"WebSite","@id":"https:\/\/herbetwa.net\/en\/#website","url":"https:\/\/herbetwa.net\/en\/","name":"Herb Etwa","description":"Herbs and Spices From Middle East","potentialAction":[{"@type":"SearchAction","target":{"@type":"EntryPoint","urlTemplate":"https:\/\/herbetwa.net\/en\/?s={search_term_string}"},"query-input":{"@type":"PropertyValueSpecification","valueRequired":true,"valueName":"search_term_string"}}],"inLanguage":"de"}]}},"_links":{"self":[{"href":"https:\/\/herbetwa.net\/de\/wp-json\/wp\/v2\/product\/1070","targetHints":{"allow":["GET"]}}],"collection":[{"href":"https:\/\/herbetwa.net\/de\/wp-json\/wp\/v2\/product"}],"about":[{"href":"https:\/\/herbetwa.net\/de\/wp-json\/wp\/v2\/types\/product"}],"wp:featuredmedia":[{"embeddable":true,"href":"https:\/\/herbetwa.net\/de\/wp-json\/wp\/v2\/media\/444"}],"wp:attachment":[{"href":"https:\/\/herbetwa.net\/de\/wp-json\/wp\/v2\/media?parent=1070"}],"wp:term":[{"taxonomy":"product-category","embeddable":true,"href":"https:\/\/herbetwa.net\/de\/wp-json\/wp\/v2\/product-category?post=1070"}],"curies":[{"name":"wp","href":"https:\/\/api.w.org\/{rel}","templated":true}]}}