{"id":1056,"date":"2022-04-03T20:43:02","date_gmt":"2022-04-03T17:43:02","guid":{"rendered":"https:\/\/herbetwa-com-842510.hostingersite.com\/product\/caraway-seeds\/"},"modified":"2022-05-18T11:31:35","modified_gmt":"2022-05-18T08:31:35","slug":"kuemmel-gemahlen","status":"publish","type":"product","link":"https:\/\/herbetwa.net\/de\/product\/kuemmel-gemahlen\/","title":{"rendered":"K\u00fcmmel Gemahlen"},"content":{"rendered":"\n<p>Dieses Kraut stammt aus dem Mittelmeerraum und wird seit Tausenden von Jahren kultiviert. Sein Name kommt vom lateinischen Wort \u201ecaro\u201c, was \u201ekauen\u201c bedeutet. Dieses Kraut wird h\u00e4ufig zum Kochen und Backen verwendet. Es ist bekannt, dass es den Appetit und die Verdauung anregt.<\/p>\n\n\n\n<p>K\u00fcmmelsamen werden in vielen Gerichten auf der ganzen Welt verwendet. Sie werden seit der Antike als Gew\u00fcrz verwendet. Heute werden sie immer noch in der K\u00fcche des Nahen Ostens verwendet, insbesondere in der T\u00fcrkei, wo sie Tahini genannt werden.<\/p>\n\n\n\n<p>K\u00fcmmel hat einen starken Geschmack, der andere Gew\u00fcrze \u00fcberw\u00e4ltigen kann. Dies macht es in kleinen Mengen n\u00fctzlich. Es wird oft am Ende des Kochens hinzugef\u00fcgt, um einen subtilen Hauch von Geschmack hinzuzuf\u00fcgen.<\/p>\n\n\n\n<p>K\u00fcmmel enth\u00e4lt viel Calcium, Magnesium, Eisen, Kupfer, Mangan, Zink, Vitamin B6 und Fols\u00e4ure.<\/p>\n\n\n\n<p>K\u00fcmmel enth\u00e4lt etwa 20 % \u00d6l. Es gibt zwei Arten von \u00d6len in K\u00fcmmel; Der erste Typ ist ein hellgelbes \u00d6l, das reich an Vitamin A und E ist. Der zweite Typ ist ein dunkelbraunes \u00d6l, das reich an Omega-3-Fetts\u00e4uren ist.<\/p>\n\n\n\n<p>K\u00fcmmelsamen werden in ganzer Form oder zu Pulver gemahlen verkauft. Ganze Samen sollten in luftdichten Beh\u00e4ltern fern von Hitze und Feuchtigkeit aufbewahrt werden. Gemahlene Samen k\u00f6nnen in verschlossenen Gl\u00e4sern an einem k\u00fchlen, trockenen Ort aufbewahrt werden.<\/p>\n\n\n\n<p><strong>Name:<\/strong>K\u00dcMMEL GEMAHLEN<\/p>\n\n\n\n<p><strong>Botanischer Name:<\/strong>Carum Carvi, Wilder Kreuzk\u00fcmmel und Carvies<\/p>\n\n\n\n<p><strong>Form:<\/strong> ganze Samen<\/p>\n\n\n\n<p><strong>Qualit\u00e4t:<\/strong><\/p>\n\n\n\n<p>Klasse A: 99 % Sortex-Qualit\u00e4t<\/p>\n\n\n\n<p>Klasse B: 95 %<\/p>\n\n\n\n<p><strong>Paket: <\/strong>PP-Beutel mit 25 kg Nettogewicht<\/p>\n\n\n\n<p><strong>Verf\u00fcgbarkeit: <\/strong>Die Ernte beginnt im Mai und ist das ganze Jahr auf Lager.<\/p>\n\n\n\n<p><strong>Beh\u00e4lterkapazit\u00e4t:<\/strong><\/p>\n\n\n\n<p>20 FCL-Container 13 Tonnen<\/p>\n\n\n\n<p>40 FCL-Container 26 Tonnen<\/p>\n\n\n\n<p><strong>Dieses Produkt ist auch in verschiedenen Formaten erh\u00e4ltlich:<\/strong><\/p>\n\n\n\n<p>\u00b7 Staub<\/p>\n\n\n\n<p>. Feiner Schnitt<\/p>\n\n\n\n<p><strong>Ursprung:<\/strong> \u00c4gypten<\/p>\n\n\n\n<figure class=\"wp-block-gallery has-nested-images columns-default is-cropped wp-block-gallery-1 is-layout-flex wp-block-gallery-is-layout-flex\">\n<figure class=\"wp-block-image size-large\"><img loading=\"lazy\" decoding=\"async\" width=\"420\" height=\"420\" data-id=\"165\" src=\"https:\/\/herbetwa-com-842510.hostingersite.com\/wp-content\/uploads\/2022\/04\/26-caraway-ground-egypt-herb-etwa.jpg\" alt=\"Egyptian Ground Caraway Seeds Selling In bulk\" class=\"wp-image-165\" srcset=\"https:\/\/herbetwa.net\/wp-content\/uploads\/2022\/04\/26-caraway-ground-egypt-herb-etwa.jpg 420w, https:\/\/herbetwa.net\/wp-content\/uploads\/2022\/04\/26-caraway-ground-egypt-herb-etwa-300x300.jpg 300w, https:\/\/herbetwa.net\/wp-content\/uploads\/2022\/04\/26-caraway-ground-egypt-herb-etwa-150x150.jpg 150w\" sizes=\"auto, (max-width: 420px) 100vw, 420px\" \/><\/figure>\n\n\n\n<figure class=\"wp-block-image size-large\"><img loading=\"lazy\" decoding=\"async\" width=\"1024\" height=\"1024\" data-id=\"166\" src=\"https:\/\/herbetwa-com-842510.hostingersite.com\/wp-content\/uploads\/2022\/04\/26-caraway-seeds-egypt-herb-etwa.jpg\" alt=\"Egyptian Caraway Seeds Selling In bulk\" class=\"wp-image-166\" srcset=\"https:\/\/herbetwa.net\/wp-content\/uploads\/2022\/04\/26-caraway-seeds-egypt-herb-etwa.jpg 1024w, https:\/\/herbetwa.net\/wp-content\/uploads\/2022\/04\/26-caraway-seeds-egypt-herb-etwa-300x300.jpg 300w, https:\/\/herbetwa.net\/wp-content\/uploads\/2022\/04\/26-caraway-seeds-egypt-herb-etwa-150x150.jpg 150w, https:\/\/herbetwa.net\/wp-content\/uploads\/2022\/04\/26-caraway-seeds-egypt-herb-etwa-768x768.jpg 768w\" sizes=\"auto, (max-width: 1024px) 100vw, 1024px\" \/><\/figure>\n<\/figure>\n","protected":false},"featured_media":420,"template":"","product-category":[26],"class_list":["post-1056","product","type-product","status-publish","has-post-thumbnail","hentry","product-category-samen"],"yoast_head":"<!-- This site is optimized with the Yoast SEO Premium plugin v16.6 (Yoast SEO v27.4) - https:\/\/yoast.com\/product\/yoast-seo-premium-wordpress\/ -->\n<title>K\u00fcmmel Sch\u00fcttung verkaufen | Herb Etwa | JETZT zitieren<\/title>\n<meta name=\"description\" content=\"Vertrauensw\u00fcrdiger Kr\u00e4uterlieferant von K\u00fcmmelsamen. Verkauf Sch\u00fcttung f\u00fcr Kr\u00e4utergro\u00dfh\u00e4ndler und -verteiler FORDERN SIE IHRE KOSTENLOSE PROBE AN\" \/>\n<meta name=\"robots\" content=\"index, follow, max-snippet:-1, max-image-preview:large, max-video-preview:-1\" \/>\n<link rel=\"canonical\" href=\"https:\/\/herbetwa.net\/de\/product\/kuemmel-gemahlen\/\" \/>\n<meta property=\"og:locale\" content=\"de_DE\" \/>\n<meta property=\"og:type\" content=\"article\" \/>\n<meta property=\"og:title\" content=\"K\u00fcmmel Gemahlen\" \/>\n<meta property=\"og:description\" content=\"Vertrauensw\u00fcrdiger Kr\u00e4uterlieferant von K\u00fcmmelsamen. Verkauf Sch\u00fcttung f\u00fcr Kr\u00e4utergro\u00dfh\u00e4ndler und -verteiler FORDERN SIE IHRE KOSTENLOSE PROBE AN\" \/>\n<meta property=\"og:url\" content=\"https:\/\/herbetwa.net\/de\/product\/kuemmel-gemahlen\/\" \/>\n<meta property=\"og:site_name\" content=\"Herb Etwa\" \/>\n<meta property=\"article:modified_time\" content=\"2022-05-18T08:31:35+00:00\" \/>\n<meta property=\"og:image\" content=\"https:\/\/herbetwa.net\/wp-content\/uploads\/2022\/04\/26-caraway-ground-egypt-herb-etwa.jpg\" \/>\n\t<meta property=\"og:image:width\" content=\"420\" \/>\n\t<meta property=\"og:image:height\" content=\"420\" \/>\n\t<meta property=\"og:image:type\" content=\"image\/jpeg\" \/>\n<meta name=\"twitter:card\" content=\"summary_large_image\" \/>\n<meta name=\"twitter:label1\" content=\"Gesch\u00e4tzte Lesezeit\" \/>\n\t<meta name=\"twitter:data1\" content=\"2\u00a0Minuten\" \/>\n<script type=\"application\/ld+json\" class=\"yoast-schema-graph\">{\"@context\":\"https:\\\/\\\/schema.org\",\"@graph\":[{\"@type\":\"WebPage\",\"@id\":\"https:\\\/\\\/herbetwa.net\\\/de\\\/product\\\/kuemmel-gemahlen\\\/\",\"url\":\"https:\\\/\\\/herbetwa.net\\\/de\\\/product\\\/kuemmel-gemahlen\\\/\",\"name\":\"K\u00fcmmel Sch\u00fcttung verkaufen | Herb Etwa | JETZT zitieren\",\"isPartOf\":{\"@id\":\"https:\\\/\\\/herbetwa.net\\\/en\\\/#website\"},\"primaryImageOfPage\":{\"@id\":\"https:\\\/\\\/herbetwa.net\\\/de\\\/product\\\/kuemmel-gemahlen\\\/#primaryimage\"},\"image\":{\"@id\":\"https:\\\/\\\/herbetwa.net\\\/de\\\/product\\\/kuemmel-gemahlen\\\/#primaryimage\"},\"thumbnailUrl\":\"https:\\\/\\\/herbetwa.net\\\/wp-content\\\/uploads\\\/2022\\\/04\\\/26-caraway-ground-egypt-herb-etwa.jpg\",\"datePublished\":\"2022-04-03T17:43:02+00:00\",\"dateModified\":\"2022-05-18T08:31:35+00:00\",\"description\":\"Vertrauensw\u00fcrdiger Kr\u00e4uterlieferant von K\u00fcmmelsamen. Verkauf Sch\u00fcttung f\u00fcr Kr\u00e4utergro\u00dfh\u00e4ndler und -verteiler FORDERN SIE IHRE KOSTENLOSE PROBE AN\",\"breadcrumb\":{\"@id\":\"https:\\\/\\\/herbetwa.net\\\/de\\\/product\\\/kuemmel-gemahlen\\\/#breadcrumb\"},\"inLanguage\":\"de\",\"potentialAction\":[{\"@type\":\"ReadAction\",\"target\":[\"https:\\\/\\\/herbetwa.net\\\/de\\\/product\\\/kuemmel-gemahlen\\\/\"]}]},{\"@type\":\"ImageObject\",\"inLanguage\":\"de\",\"@id\":\"https:\\\/\\\/herbetwa.net\\\/de\\\/product\\\/kuemmel-gemahlen\\\/#primaryimage\",\"url\":\"https:\\\/\\\/herbetwa.net\\\/wp-content\\\/uploads\\\/2022\\\/04\\\/26-caraway-ground-egypt-herb-etwa.jpg\",\"contentUrl\":\"https:\\\/\\\/herbetwa.net\\\/wp-content\\\/uploads\\\/2022\\\/04\\\/26-caraway-ground-egypt-herb-etwa.jpg\",\"width\":420,\"height\":420,\"caption\":\"Egyptian Ground Caraway Seeds Selling In bulk\"},{\"@type\":\"BreadcrumbList\",\"@id\":\"https:\\\/\\\/herbetwa.net\\\/de\\\/product\\\/kuemmel-gemahlen\\\/#breadcrumb\",\"itemListElement\":[{\"@type\":\"ListItem\",\"position\":1,\"name\":\"Home\",\"item\":\"https:\\\/\\\/herbetwa.net\\\/de\\\/\"},{\"@type\":\"ListItem\",\"position\":2,\"name\":\"K\u00fcmmel Gemahlen\"}]},{\"@type\":\"WebSite\",\"@id\":\"https:\\\/\\\/herbetwa.net\\\/en\\\/#website\",\"url\":\"https:\\\/\\\/herbetwa.net\\\/en\\\/\",\"name\":\"Herb Etwa\",\"description\":\"Herbs and Spices From Middle East\",\"potentialAction\":[{\"@type\":\"SearchAction\",\"target\":{\"@type\":\"EntryPoint\",\"urlTemplate\":\"https:\\\/\\\/herbetwa.net\\\/en\\\/?s={search_term_string}\"},\"query-input\":{\"@type\":\"PropertyValueSpecification\",\"valueRequired\":true,\"valueName\":\"search_term_string\"}}],\"inLanguage\":\"de\"}]}<\/script>\n<!-- \/ Yoast SEO Premium plugin. -->","yoast_head_json":{"title":"K\u00fcmmel Sch\u00fcttung verkaufen | Herb Etwa | JETZT zitieren","description":"Vertrauensw\u00fcrdiger Kr\u00e4uterlieferant von K\u00fcmmelsamen. Verkauf Sch\u00fcttung f\u00fcr Kr\u00e4utergro\u00dfh\u00e4ndler und -verteiler FORDERN SIE IHRE KOSTENLOSE PROBE AN","robots":{"index":"index","follow":"follow","max-snippet":"max-snippet:-1","max-image-preview":"max-image-preview:large","max-video-preview":"max-video-preview:-1"},"canonical":"https:\/\/herbetwa.net\/de\/product\/kuemmel-gemahlen\/","og_locale":"de_DE","og_type":"article","og_title":"K\u00fcmmel Gemahlen","og_description":"Vertrauensw\u00fcrdiger Kr\u00e4uterlieferant von K\u00fcmmelsamen. Verkauf Sch\u00fcttung f\u00fcr Kr\u00e4utergro\u00dfh\u00e4ndler und -verteiler FORDERN SIE IHRE KOSTENLOSE PROBE AN","og_url":"https:\/\/herbetwa.net\/de\/product\/kuemmel-gemahlen\/","og_site_name":"Herb Etwa","article_modified_time":"2022-05-18T08:31:35+00:00","og_image":[{"width":420,"height":420,"url":"https:\/\/herbetwa.net\/wp-content\/uploads\/2022\/04\/26-caraway-ground-egypt-herb-etwa.jpg","type":"image\/jpeg"}],"twitter_card":"summary_large_image","twitter_misc":{"Gesch\u00e4tzte Lesezeit":"2\u00a0Minuten"},"schema":{"@context":"https:\/\/schema.org","@graph":[{"@type":"WebPage","@id":"https:\/\/herbetwa.net\/de\/product\/kuemmel-gemahlen\/","url":"https:\/\/herbetwa.net\/de\/product\/kuemmel-gemahlen\/","name":"K\u00fcmmel Sch\u00fcttung verkaufen | Herb Etwa | JETZT zitieren","isPartOf":{"@id":"https:\/\/herbetwa.net\/en\/#website"},"primaryImageOfPage":{"@id":"https:\/\/herbetwa.net\/de\/product\/kuemmel-gemahlen\/#primaryimage"},"image":{"@id":"https:\/\/herbetwa.net\/de\/product\/kuemmel-gemahlen\/#primaryimage"},"thumbnailUrl":"https:\/\/herbetwa.net\/wp-content\/uploads\/2022\/04\/26-caraway-ground-egypt-herb-etwa.jpg","datePublished":"2022-04-03T17:43:02+00:00","dateModified":"2022-05-18T08:31:35+00:00","description":"Vertrauensw\u00fcrdiger Kr\u00e4uterlieferant von K\u00fcmmelsamen. Verkauf Sch\u00fcttung f\u00fcr Kr\u00e4utergro\u00dfh\u00e4ndler und -verteiler FORDERN SIE IHRE KOSTENLOSE PROBE AN","breadcrumb":{"@id":"https:\/\/herbetwa.net\/de\/product\/kuemmel-gemahlen\/#breadcrumb"},"inLanguage":"de","potentialAction":[{"@type":"ReadAction","target":["https:\/\/herbetwa.net\/de\/product\/kuemmel-gemahlen\/"]}]},{"@type":"ImageObject","inLanguage":"de","@id":"https:\/\/herbetwa.net\/de\/product\/kuemmel-gemahlen\/#primaryimage","url":"https:\/\/herbetwa.net\/wp-content\/uploads\/2022\/04\/26-caraway-ground-egypt-herb-etwa.jpg","contentUrl":"https:\/\/herbetwa.net\/wp-content\/uploads\/2022\/04\/26-caraway-ground-egypt-herb-etwa.jpg","width":420,"height":420,"caption":"Egyptian Ground Caraway Seeds Selling In bulk"},{"@type":"BreadcrumbList","@id":"https:\/\/herbetwa.net\/de\/product\/kuemmel-gemahlen\/#breadcrumb","itemListElement":[{"@type":"ListItem","position":1,"name":"Home","item":"https:\/\/herbetwa.net\/de\/"},{"@type":"ListItem","position":2,"name":"K\u00fcmmel Gemahlen"}]},{"@type":"WebSite","@id":"https:\/\/herbetwa.net\/en\/#website","url":"https:\/\/herbetwa.net\/en\/","name":"Herb Etwa","description":"Herbs and Spices From Middle East","potentialAction":[{"@type":"SearchAction","target":{"@type":"EntryPoint","urlTemplate":"https:\/\/herbetwa.net\/en\/?s={search_term_string}"},"query-input":{"@type":"PropertyValueSpecification","valueRequired":true,"valueName":"search_term_string"}}],"inLanguage":"de"}]}},"_links":{"self":[{"href":"https:\/\/herbetwa.net\/de\/wp-json\/wp\/v2\/product\/1056","targetHints":{"allow":["GET"]}}],"collection":[{"href":"https:\/\/herbetwa.net\/de\/wp-json\/wp\/v2\/product"}],"about":[{"href":"https:\/\/herbetwa.net\/de\/wp-json\/wp\/v2\/types\/product"}],"wp:featuredmedia":[{"embeddable":true,"href":"https:\/\/herbetwa.net\/de\/wp-json\/wp\/v2\/media\/420"}],"wp:attachment":[{"href":"https:\/\/herbetwa.net\/de\/wp-json\/wp\/v2\/media?parent=1056"}],"wp:term":[{"taxonomy":"product-category","embeddable":true,"href":"https:\/\/herbetwa.net\/de\/wp-json\/wp\/v2\/product-category?post=1056"}],"curies":[{"name":"wp","href":"https:\/\/api.w.org\/{rel}","templated":true}]}}