{"id":1044,"date":"2022-04-03T20:37:55","date_gmt":"2022-04-03T17:37:55","guid":{"rendered":"https:\/\/herbetwa-com-842510.hostingersite.com\/product\/parsley\/"},"modified":"2022-05-18T10:57:39","modified_gmt":"2022-05-18T07:57:39","slug":"petersilie","status":"publish","type":"product","link":"https:\/\/herbetwa.net\/de\/product\/petersilie\/","title":{"rendered":"Petersilie"},"content":{"rendered":"\n<p>Gemahlene Petersilie ist ein ganz nat\u00fcrliches Kraut, das in einer Vielzahl von Gerichten und Saucen verwendet wird. Unsere Produkte werden aus \u00c4gypten und der T\u00fcrkei importiert und aus 100 % ganzer Petersilie hergestellt, die Ihrem Gericht den frischesten Geschmack verleiht. Entdecken Sie die beste Petersilie der Welt!<\/p>\n\n\n\n<p>Dieses Kraut wird seit der Antike als K\u00fcchengew\u00fcrz und Heilkraut verwendet. Es ist reich an Vitamin A, C, K, Kalzium, Eisen, Magnesium, Mangan, Kupfer, Zink, Vitamin B6, Fols\u00e4ure und Ballaststoffen. Es enth\u00e4lt hohe Mengen an Antioxidantien wie Carotinoide, Flavonole und Polyphenole. Es ist auch bekannt, dass es entz\u00fcndungshemmende Eigenschaften hat.<\/p>\n\n\n\n<p>Die Bl\u00e4tter dieses Krauts werden h\u00e4ufig in Salaten und Beilagen verwendet. Sie enthalten viele N\u00e4hrstoffe, darunter die Vitamine A, C, E und K; Mineralien wie Calcium, Eisen, Magnesium und Kalium; und sekund\u00e4re Pflanzenstoffe wie Phenolverbindungen, Flavonoide und Terpene.<\/p>\n\n\n\n<p>Dieses Kraut ist in S\u00fcdeuropa und Nordafrika beheimatet. Seine Bl\u00e4tter werden in der K\u00fcche und in der Medizin verwendet. Es ist reich an Vitamin A, Vitamin C, Vitamin K, Thiamin, Riboflavin, Niacin, Pantothens\u00e4ure, Fols\u00e4ure, Biotin und Ballaststoffen.<\/p>\n\n\n\n<p><strong>Name:<\/strong>Petersilie<\/p>\n\n\n\n<p><strong>Botanischer Name:<\/strong>Petroselinum Crispum<\/p>\n\n\n\n<p><strong>Form:<\/strong> Bl\u00e4tter 3,5-4<\/p>\n\n\n\n<p><strong>Qualit\u00e4t: <\/strong>1. Klasse<\/p>\n\n\n\n<p><strong>Paket: <\/strong>10-20 kg PP &amp; Papier &amp; Kartons\u00e4cke.<\/p>\n\n\n\n<p><strong>Verf\u00fcgbarkeit: <\/strong>Die Ernte beginnt im Dezember und ist das ganze Jahr auf Lager.<\/p>\n\n\n\n<p><strong>Beh\u00e4lterkapazit\u00e4t:<\/strong><\/p>\n\n\n\n<p>20 FCL-Container 6 Tonnen<\/p>\n\n\n\n<p>40 FCL-Container 12 Tonnen<\/p>\n\n\n\n<p><strong>Dieses Produkt ist auch in verschiedenen Formaten erh\u00e4ltlich:<\/strong><\/p>\n\n\n\n<p>. Sonnengetrocknete Bl\u00e4tter<\/p>\n\n\n\n<p>. Maschinengetrocknete Bl\u00e4tter<\/p>\n\n\n\n<p>\u00b7 Lockig<\/p>\n\n\n\n<p>\u00b7 Staub<\/p>\n\n\n\n<p><strong>Ursprung: <\/strong>\u00c4gypten<\/p>\n\n\n\n<figure class=\"wp-block-image size-full\"><img loading=\"lazy\" decoding=\"async\" width=\"1024\" height=\"1024\" src=\"https:\/\/herbetwa-com-842510.hostingersite.com\/wp-content\/uploads\/2022\/04\/23-parsley-ground-egypt-herb-etwa.jpg\" alt=\"Parsley Ground of Egyptian Origin Selling In bulk\" class=\"wp-image-157\" srcset=\"https:\/\/herbetwa.net\/wp-content\/uploads\/2022\/04\/23-parsley-ground-egypt-herb-etwa.jpg 1024w, https:\/\/herbetwa.net\/wp-content\/uploads\/2022\/04\/23-parsley-ground-egypt-herb-etwa-300x300.jpg 300w, https:\/\/herbetwa.net\/wp-content\/uploads\/2022\/04\/23-parsley-ground-egypt-herb-etwa-150x150.jpg 150w, https:\/\/herbetwa.net\/wp-content\/uploads\/2022\/04\/23-parsley-ground-egypt-herb-etwa-768x768.jpg 768w\" sizes=\"auto, (max-width: 1024px) 100vw, 1024px\" \/><\/figure>\n","protected":false},"featured_media":410,"template":"","product-category":[24],"class_list":["post-1044","product","type-product","status-publish","has-post-thumbnail","hentry","product-category-gewurze"],"yoast_head":"<!-- This site is optimized with the Yoast SEO Premium plugin v16.6 (Yoast SEO v27.4) - https:\/\/yoast.com\/product\/yoast-seo-premium-wordpress\/ -->\n<title>Verkauf gemahlener Petersilie | Herb Etwa | JETZT zitieren<\/title>\n<meta name=\"description\" content=\"Vertrauensw\u00fcrdiger Kr\u00e4uterlieferant f\u00fcr gemahlene Petersilie. Verkauf Sch\u00fcttung f\u00fcr Kr\u00e4utergro\u00dfh\u00e4ndler und verteiler FORDERN SIE IHRE KOSTENLOSE PROBE AN\" \/>\n<meta name=\"robots\" content=\"index, follow, max-snippet:-1, max-image-preview:large, max-video-preview:-1\" \/>\n<link rel=\"canonical\" href=\"https:\/\/herbetwa.net\/de\/product\/petersilie\/\" \/>\n<meta property=\"og:locale\" content=\"de_DE\" \/>\n<meta property=\"og:type\" content=\"article\" \/>\n<meta property=\"og:title\" content=\"Petersilie\" \/>\n<meta property=\"og:description\" content=\"Vertrauensw\u00fcrdiger Kr\u00e4uterlieferant f\u00fcr gemahlene Petersilie. Verkauf Sch\u00fcttung f\u00fcr Kr\u00e4utergro\u00dfh\u00e4ndler und verteiler FORDERN SIE IHRE KOSTENLOSE PROBE AN\" \/>\n<meta property=\"og:url\" content=\"https:\/\/herbetwa.net\/de\/product\/petersilie\/\" \/>\n<meta property=\"og:site_name\" content=\"Herb Etwa\" \/>\n<meta property=\"article:modified_time\" content=\"2022-05-18T07:57:39+00:00\" \/>\n<meta property=\"og:image\" content=\"https:\/\/herbetwa.net\/wp-content\/uploads\/2022\/04\/23-parsley-ground-egypt-herb-etwa.jpg\" \/>\n\t<meta property=\"og:image:width\" content=\"1024\" \/>\n\t<meta property=\"og:image:height\" content=\"1024\" \/>\n\t<meta property=\"og:image:type\" content=\"image\/jpeg\" \/>\n<meta name=\"twitter:card\" content=\"summary_large_image\" \/>\n<meta name=\"twitter:label1\" content=\"Gesch\u00e4tzte Lesezeit\" \/>\n\t<meta name=\"twitter:data1\" content=\"2\u00a0Minuten\" \/>\n<script type=\"application\/ld+json\" class=\"yoast-schema-graph\">{\"@context\":\"https:\\\/\\\/schema.org\",\"@graph\":[{\"@type\":\"WebPage\",\"@id\":\"https:\\\/\\\/herbetwa.net\\\/de\\\/product\\\/petersilie\\\/\",\"url\":\"https:\\\/\\\/herbetwa.net\\\/de\\\/product\\\/petersilie\\\/\",\"name\":\"Verkauf gemahlener Petersilie | Herb Etwa | JETZT zitieren\",\"isPartOf\":{\"@id\":\"https:\\\/\\\/herbetwa.net\\\/en\\\/#website\"},\"primaryImageOfPage\":{\"@id\":\"https:\\\/\\\/herbetwa.net\\\/de\\\/product\\\/petersilie\\\/#primaryimage\"},\"image\":{\"@id\":\"https:\\\/\\\/herbetwa.net\\\/de\\\/product\\\/petersilie\\\/#primaryimage\"},\"thumbnailUrl\":\"https:\\\/\\\/herbetwa.net\\\/wp-content\\\/uploads\\\/2022\\\/04\\\/23-parsley-ground-egypt-herb-etwa.jpg\",\"datePublished\":\"2022-04-03T17:37:55+00:00\",\"dateModified\":\"2022-05-18T07:57:39+00:00\",\"description\":\"Vertrauensw\u00fcrdiger Kr\u00e4uterlieferant f\u00fcr gemahlene Petersilie. Verkauf Sch\u00fcttung f\u00fcr Kr\u00e4utergro\u00dfh\u00e4ndler und verteiler FORDERN SIE IHRE KOSTENLOSE PROBE AN\",\"breadcrumb\":{\"@id\":\"https:\\\/\\\/herbetwa.net\\\/de\\\/product\\\/petersilie\\\/#breadcrumb\"},\"inLanguage\":\"de\",\"potentialAction\":[{\"@type\":\"ReadAction\",\"target\":[\"https:\\\/\\\/herbetwa.net\\\/de\\\/product\\\/petersilie\\\/\"]}]},{\"@type\":\"ImageObject\",\"inLanguage\":\"de\",\"@id\":\"https:\\\/\\\/herbetwa.net\\\/de\\\/product\\\/petersilie\\\/#primaryimage\",\"url\":\"https:\\\/\\\/herbetwa.net\\\/wp-content\\\/uploads\\\/2022\\\/04\\\/23-parsley-ground-egypt-herb-etwa.jpg\",\"contentUrl\":\"https:\\\/\\\/herbetwa.net\\\/wp-content\\\/uploads\\\/2022\\\/04\\\/23-parsley-ground-egypt-herb-etwa.jpg\",\"width\":1024,\"height\":1024,\"caption\":\"Parsley Ground of Egyptian Origin Selling In bulk\"},{\"@type\":\"BreadcrumbList\",\"@id\":\"https:\\\/\\\/herbetwa.net\\\/de\\\/product\\\/petersilie\\\/#breadcrumb\",\"itemListElement\":[{\"@type\":\"ListItem\",\"position\":1,\"name\":\"Home\",\"item\":\"https:\\\/\\\/herbetwa.net\\\/de\\\/\"},{\"@type\":\"ListItem\",\"position\":2,\"name\":\"Petersilie\"}]},{\"@type\":\"WebSite\",\"@id\":\"https:\\\/\\\/herbetwa.net\\\/en\\\/#website\",\"url\":\"https:\\\/\\\/herbetwa.net\\\/en\\\/\",\"name\":\"Herb Etwa\",\"description\":\"Herbs and Spices From Middle East\",\"potentialAction\":[{\"@type\":\"SearchAction\",\"target\":{\"@type\":\"EntryPoint\",\"urlTemplate\":\"https:\\\/\\\/herbetwa.net\\\/en\\\/?s={search_term_string}\"},\"query-input\":{\"@type\":\"PropertyValueSpecification\",\"valueRequired\":true,\"valueName\":\"search_term_string\"}}],\"inLanguage\":\"de\"}]}<\/script>\n<!-- \/ Yoast SEO Premium plugin. -->","yoast_head_json":{"title":"Verkauf gemahlener Petersilie | Herb Etwa | JETZT zitieren","description":"Vertrauensw\u00fcrdiger Kr\u00e4uterlieferant f\u00fcr gemahlene Petersilie. Verkauf Sch\u00fcttung f\u00fcr Kr\u00e4utergro\u00dfh\u00e4ndler und verteiler FORDERN SIE IHRE KOSTENLOSE PROBE AN","robots":{"index":"index","follow":"follow","max-snippet":"max-snippet:-1","max-image-preview":"max-image-preview:large","max-video-preview":"max-video-preview:-1"},"canonical":"https:\/\/herbetwa.net\/de\/product\/petersilie\/","og_locale":"de_DE","og_type":"article","og_title":"Petersilie","og_description":"Vertrauensw\u00fcrdiger Kr\u00e4uterlieferant f\u00fcr gemahlene Petersilie. Verkauf Sch\u00fcttung f\u00fcr Kr\u00e4utergro\u00dfh\u00e4ndler und verteiler FORDERN SIE IHRE KOSTENLOSE PROBE AN","og_url":"https:\/\/herbetwa.net\/de\/product\/petersilie\/","og_site_name":"Herb Etwa","article_modified_time":"2022-05-18T07:57:39+00:00","og_image":[{"width":1024,"height":1024,"url":"https:\/\/herbetwa.net\/wp-content\/uploads\/2022\/04\/23-parsley-ground-egypt-herb-etwa.jpg","type":"image\/jpeg"}],"twitter_card":"summary_large_image","twitter_misc":{"Gesch\u00e4tzte Lesezeit":"2\u00a0Minuten"},"schema":{"@context":"https:\/\/schema.org","@graph":[{"@type":"WebPage","@id":"https:\/\/herbetwa.net\/de\/product\/petersilie\/","url":"https:\/\/herbetwa.net\/de\/product\/petersilie\/","name":"Verkauf gemahlener Petersilie | Herb Etwa | JETZT zitieren","isPartOf":{"@id":"https:\/\/herbetwa.net\/en\/#website"},"primaryImageOfPage":{"@id":"https:\/\/herbetwa.net\/de\/product\/petersilie\/#primaryimage"},"image":{"@id":"https:\/\/herbetwa.net\/de\/product\/petersilie\/#primaryimage"},"thumbnailUrl":"https:\/\/herbetwa.net\/wp-content\/uploads\/2022\/04\/23-parsley-ground-egypt-herb-etwa.jpg","datePublished":"2022-04-03T17:37:55+00:00","dateModified":"2022-05-18T07:57:39+00:00","description":"Vertrauensw\u00fcrdiger Kr\u00e4uterlieferant f\u00fcr gemahlene Petersilie. Verkauf Sch\u00fcttung f\u00fcr Kr\u00e4utergro\u00dfh\u00e4ndler und verteiler FORDERN SIE IHRE KOSTENLOSE PROBE AN","breadcrumb":{"@id":"https:\/\/herbetwa.net\/de\/product\/petersilie\/#breadcrumb"},"inLanguage":"de","potentialAction":[{"@type":"ReadAction","target":["https:\/\/herbetwa.net\/de\/product\/petersilie\/"]}]},{"@type":"ImageObject","inLanguage":"de","@id":"https:\/\/herbetwa.net\/de\/product\/petersilie\/#primaryimage","url":"https:\/\/herbetwa.net\/wp-content\/uploads\/2022\/04\/23-parsley-ground-egypt-herb-etwa.jpg","contentUrl":"https:\/\/herbetwa.net\/wp-content\/uploads\/2022\/04\/23-parsley-ground-egypt-herb-etwa.jpg","width":1024,"height":1024,"caption":"Parsley Ground of Egyptian Origin Selling In bulk"},{"@type":"BreadcrumbList","@id":"https:\/\/herbetwa.net\/de\/product\/petersilie\/#breadcrumb","itemListElement":[{"@type":"ListItem","position":1,"name":"Home","item":"https:\/\/herbetwa.net\/de\/"},{"@type":"ListItem","position":2,"name":"Petersilie"}]},{"@type":"WebSite","@id":"https:\/\/herbetwa.net\/en\/#website","url":"https:\/\/herbetwa.net\/en\/","name":"Herb Etwa","description":"Herbs and Spices From Middle East","potentialAction":[{"@type":"SearchAction","target":{"@type":"EntryPoint","urlTemplate":"https:\/\/herbetwa.net\/en\/?s={search_term_string}"},"query-input":{"@type":"PropertyValueSpecification","valueRequired":true,"valueName":"search_term_string"}}],"inLanguage":"de"}]}},"_links":{"self":[{"href":"https:\/\/herbetwa.net\/de\/wp-json\/wp\/v2\/product\/1044","targetHints":{"allow":["GET"]}}],"collection":[{"href":"https:\/\/herbetwa.net\/de\/wp-json\/wp\/v2\/product"}],"about":[{"href":"https:\/\/herbetwa.net\/de\/wp-json\/wp\/v2\/types\/product"}],"wp:featuredmedia":[{"embeddable":true,"href":"https:\/\/herbetwa.net\/de\/wp-json\/wp\/v2\/media\/410"}],"wp:attachment":[{"href":"https:\/\/herbetwa.net\/de\/wp-json\/wp\/v2\/media?parent=1044"}],"wp:term":[{"taxonomy":"product-category","embeddable":true,"href":"https:\/\/herbetwa.net\/de\/wp-json\/wp\/v2\/product-category?post=1044"}],"curies":[{"name":"wp","href":"https:\/\/api.w.org\/{rel}","templated":true}]}}