{"id":1039,"date":"2022-04-03T20:37:10","date_gmt":"2022-04-03T17:37:10","guid":{"rendered":"https:\/\/herbetwa-com-842510.hostingersite.com\/product\/oregano-leaves\/"},"modified":"2022-05-18T10:58:58","modified_gmt":"2022-05-18T07:58:58","slug":"oregano-chile","status":"publish","type":"product","link":"https:\/\/herbetwa.net\/de\/product\/oregano-chile\/","title":{"rendered":"Oregano Chile"},"content":{"rendered":"\n<p>Das Oregano-Kraut wird seit Jahrhunderten zur Behandlung von Atemwegserkrankungen, Infektionen und Verdauungsproblemen verwendet. Es enth\u00e4lt viele n\u00fctzliche Verbindungen, darunter Carvacrol, Thymol und Gamma-Terpinen. Diese Verbindungen haben starke antibakterielle Eigenschaften, die dazu beitragen, die Ausbreitung sch\u00e4dlicher Bakterien zu verhindern.<\/p>\n\n\n\n<p><strong>Name:<\/strong>Oregano chile<\/p>\n\n\n\n<p><strong>Botanischer Name:<\/strong>Origanum vulgare<\/p>\n\n\n\n<p><strong>Form:<\/strong> zerkleinerte Bl\u00e4tter<\/p>\n\n\n\n<p><strong>Qualit\u00e4t: <\/strong>1. Klasse<\/p>\n\n\n\n<p><strong>Verpackung: <\/strong>10 kg und 20 kg Papier- und PP-Beutel<\/p>\n\n\n\n<p><strong>Verf\u00fcgbarkeit: <\/strong>Die Ernte ist das ganze Jahr \u00fcber verf\u00fcgbar.<\/p>\n\n\n\n<p><strong>Beh\u00e4lterkapazit\u00e4t:<\/strong><\/p>\n\n\n\n<p>20 FCL-Container 7-8 Tonnen<\/p>\n\n\n\n<p>40 FCL Container 15-16 Tonnen<\/p>\n\n\n\n<p><strong>Dieses Produkt ist auch in verschiedenen Formaten erh\u00e4ltlich:<\/strong><\/p>\n\n\n\n<p>\u00b7 Staub<\/p>\n\n\n\n<p><strong>Ursprung:<\/strong> \u00c4gypten<\/p>\n","protected":false},"featured_media":408,"template":"","product-category":[24],"class_list":["post-1039","product","type-product","status-publish","has-post-thumbnail","hentry","product-category-gewurze"],"yoast_head":"<!-- This site is optimized with the Yoast SEO Premium plugin v16.6 (Yoast SEO v27.4) - https:\/\/yoast.com\/product\/yoast-seo-premium-wordpress\/ -->\n<title>Oregano-Bl\u00e4tter verkauft werden | Herb Etwa | JETZT zitieren<\/title>\n<meta name=\"description\" content=\"Vertrauensw\u00fcrdiger Kr\u00e4uterlieferant von Oregano-Bl\u00e4ttern. Verkauf Sch\u00fcttung f\u00fcr Kr\u00e4utergro\u00dfh\u00e4ndler und -verteiler FORDERN SIE IHRE KOSTENLOSE PROBE AN\" \/>\n<meta name=\"robots\" content=\"index, follow, max-snippet:-1, max-image-preview:large, max-video-preview:-1\" \/>\n<link rel=\"canonical\" href=\"https:\/\/www.herbetwa.net\/de\/product\/oregano-chile\/\" \/>\n<meta property=\"og:locale\" content=\"de_DE\" \/>\n<meta property=\"og:type\" content=\"article\" \/>\n<meta property=\"og:title\" content=\"Oregano Chile\" \/>\n<meta property=\"og:description\" content=\"Vertrauensw\u00fcrdiger Kr\u00e4uterlieferant von Oregano-Bl\u00e4ttern. Verkauf Sch\u00fcttung f\u00fcr Kr\u00e4utergro\u00dfh\u00e4ndler und -verteiler FORDERN SIE IHRE KOSTENLOSE PROBE AN\" \/>\n<meta property=\"og:url\" content=\"https:\/\/www.herbetwa.net\/de\/product\/oregano-chile\/\" \/>\n<meta property=\"og:site_name\" content=\"Herb Etwa\" \/>\n<meta property=\"article:modified_time\" content=\"2022-05-18T07:58:58+00:00\" \/>\n<meta property=\"og:image\" content=\"https:\/\/www.herbetwa.net\/wp-content\/uploads\/2022\/04\/22-oregano-leaves-egypt-herb-etwa.jpg\" \/>\n\t<meta property=\"og:image:width\" content=\"1024\" \/>\n\t<meta property=\"og:image:height\" content=\"1024\" \/>\n\t<meta property=\"og:image:type\" content=\"image\/jpeg\" \/>\n<meta name=\"twitter:card\" content=\"summary_large_image\" \/>\n<meta name=\"twitter:label1\" content=\"Gesch\u00e4tzte Lesezeit\" \/>\n\t<meta name=\"twitter:data1\" content=\"1\u00a0Minute\" \/>\n<script type=\"application\/ld+json\" class=\"yoast-schema-graph\">{\"@context\":\"https:\\\/\\\/schema.org\",\"@graph\":[{\"@type\":\"WebPage\",\"@id\":\"https:\\\/\\\/www.herbetwa.net\\\/de\\\/product\\\/oregano-chile\\\/\",\"url\":\"https:\\\/\\\/www.herbetwa.net\\\/de\\\/product\\\/oregano-chile\\\/\",\"name\":\"Oregano-Bl\u00e4tter verkauft werden | Herb Etwa | JETZT zitieren\",\"isPartOf\":{\"@id\":\"https:\\\/\\\/herbetwa.net\\\/en\\\/#website\"},\"primaryImageOfPage\":{\"@id\":\"https:\\\/\\\/www.herbetwa.net\\\/de\\\/product\\\/oregano-chile\\\/#primaryimage\"},\"image\":{\"@id\":\"https:\\\/\\\/www.herbetwa.net\\\/de\\\/product\\\/oregano-chile\\\/#primaryimage\"},\"thumbnailUrl\":\"https:\\\/\\\/herbetwa.net\\\/wp-content\\\/uploads\\\/2022\\\/04\\\/22-oregano-leaves-egypt-herb-etwa.jpg\",\"datePublished\":\"2022-04-03T17:37:10+00:00\",\"dateModified\":\"2022-05-18T07:58:58+00:00\",\"description\":\"Vertrauensw\u00fcrdiger Kr\u00e4uterlieferant von Oregano-Bl\u00e4ttern. Verkauf Sch\u00fcttung f\u00fcr Kr\u00e4utergro\u00dfh\u00e4ndler und -verteiler FORDERN SIE IHRE KOSTENLOSE PROBE AN\",\"breadcrumb\":{\"@id\":\"https:\\\/\\\/www.herbetwa.net\\\/de\\\/product\\\/oregano-chile\\\/#breadcrumb\"},\"inLanguage\":\"de\",\"potentialAction\":[{\"@type\":\"ReadAction\",\"target\":[\"https:\\\/\\\/www.herbetwa.net\\\/de\\\/product\\\/oregano-chile\\\/\"]}]},{\"@type\":\"ImageObject\",\"inLanguage\":\"de\",\"@id\":\"https:\\\/\\\/www.herbetwa.net\\\/de\\\/product\\\/oregano-chile\\\/#primaryimage\",\"url\":\"https:\\\/\\\/herbetwa.net\\\/wp-content\\\/uploads\\\/2022\\\/04\\\/22-oregano-leaves-egypt-herb-etwa.jpg\",\"contentUrl\":\"https:\\\/\\\/herbetwa.net\\\/wp-content\\\/uploads\\\/2022\\\/04\\\/22-oregano-leaves-egypt-herb-etwa.jpg\",\"width\":1024,\"height\":1024,\"caption\":\"Oregano Leaves of Egyptian & Turkish origin Selling In bulk\"},{\"@type\":\"BreadcrumbList\",\"@id\":\"https:\\\/\\\/www.herbetwa.net\\\/de\\\/product\\\/oregano-chile\\\/#breadcrumb\",\"itemListElement\":[{\"@type\":\"ListItem\",\"position\":1,\"name\":\"Home\",\"item\":\"https:\\\/\\\/herbetwa.net\\\/de\\\/\"},{\"@type\":\"ListItem\",\"position\":2,\"name\":\"Oregano Chile\"}]},{\"@type\":\"WebSite\",\"@id\":\"https:\\\/\\\/herbetwa.net\\\/en\\\/#website\",\"url\":\"https:\\\/\\\/herbetwa.net\\\/en\\\/\",\"name\":\"Herb Etwa\",\"description\":\"Herbs and Spices From Middle East\",\"potentialAction\":[{\"@type\":\"SearchAction\",\"target\":{\"@type\":\"EntryPoint\",\"urlTemplate\":\"https:\\\/\\\/herbetwa.net\\\/en\\\/?s={search_term_string}\"},\"query-input\":{\"@type\":\"PropertyValueSpecification\",\"valueRequired\":true,\"valueName\":\"search_term_string\"}}],\"inLanguage\":\"de\"}]}<\/script>\n<!-- \/ Yoast SEO Premium plugin. -->","yoast_head_json":{"title":"Oregano-Bl\u00e4tter verkauft werden | Herb Etwa | JETZT zitieren","description":"Vertrauensw\u00fcrdiger Kr\u00e4uterlieferant von Oregano-Bl\u00e4ttern. Verkauf Sch\u00fcttung f\u00fcr Kr\u00e4utergro\u00dfh\u00e4ndler und -verteiler FORDERN SIE IHRE KOSTENLOSE PROBE AN","robots":{"index":"index","follow":"follow","max-snippet":"max-snippet:-1","max-image-preview":"max-image-preview:large","max-video-preview":"max-video-preview:-1"},"canonical":"https:\/\/www.herbetwa.net\/de\/product\/oregano-chile\/","og_locale":"de_DE","og_type":"article","og_title":"Oregano Chile","og_description":"Vertrauensw\u00fcrdiger Kr\u00e4uterlieferant von Oregano-Bl\u00e4ttern. Verkauf Sch\u00fcttung f\u00fcr Kr\u00e4utergro\u00dfh\u00e4ndler und -verteiler FORDERN SIE IHRE KOSTENLOSE PROBE AN","og_url":"https:\/\/www.herbetwa.net\/de\/product\/oregano-chile\/","og_site_name":"Herb Etwa","article_modified_time":"2022-05-18T07:58:58+00:00","og_image":[{"width":1024,"height":1024,"url":"https:\/\/www.herbetwa.net\/wp-content\/uploads\/2022\/04\/22-oregano-leaves-egypt-herb-etwa.jpg","type":"image\/jpeg"}],"twitter_card":"summary_large_image","twitter_misc":{"Gesch\u00e4tzte Lesezeit":"1\u00a0Minute"},"schema":{"@context":"https:\/\/schema.org","@graph":[{"@type":"WebPage","@id":"https:\/\/www.herbetwa.net\/de\/product\/oregano-chile\/","url":"https:\/\/www.herbetwa.net\/de\/product\/oregano-chile\/","name":"Oregano-Bl\u00e4tter verkauft werden | Herb Etwa | JETZT zitieren","isPartOf":{"@id":"https:\/\/herbetwa.net\/en\/#website"},"primaryImageOfPage":{"@id":"https:\/\/www.herbetwa.net\/de\/product\/oregano-chile\/#primaryimage"},"image":{"@id":"https:\/\/www.herbetwa.net\/de\/product\/oregano-chile\/#primaryimage"},"thumbnailUrl":"https:\/\/herbetwa.net\/wp-content\/uploads\/2022\/04\/22-oregano-leaves-egypt-herb-etwa.jpg","datePublished":"2022-04-03T17:37:10+00:00","dateModified":"2022-05-18T07:58:58+00:00","description":"Vertrauensw\u00fcrdiger Kr\u00e4uterlieferant von Oregano-Bl\u00e4ttern. Verkauf Sch\u00fcttung f\u00fcr Kr\u00e4utergro\u00dfh\u00e4ndler und -verteiler FORDERN SIE IHRE KOSTENLOSE PROBE AN","breadcrumb":{"@id":"https:\/\/www.herbetwa.net\/de\/product\/oregano-chile\/#breadcrumb"},"inLanguage":"de","potentialAction":[{"@type":"ReadAction","target":["https:\/\/www.herbetwa.net\/de\/product\/oregano-chile\/"]}]},{"@type":"ImageObject","inLanguage":"de","@id":"https:\/\/www.herbetwa.net\/de\/product\/oregano-chile\/#primaryimage","url":"https:\/\/herbetwa.net\/wp-content\/uploads\/2022\/04\/22-oregano-leaves-egypt-herb-etwa.jpg","contentUrl":"https:\/\/herbetwa.net\/wp-content\/uploads\/2022\/04\/22-oregano-leaves-egypt-herb-etwa.jpg","width":1024,"height":1024,"caption":"Oregano Leaves of Egyptian & Turkish origin Selling In bulk"},{"@type":"BreadcrumbList","@id":"https:\/\/www.herbetwa.net\/de\/product\/oregano-chile\/#breadcrumb","itemListElement":[{"@type":"ListItem","position":1,"name":"Home","item":"https:\/\/herbetwa.net\/de\/"},{"@type":"ListItem","position":2,"name":"Oregano Chile"}]},{"@type":"WebSite","@id":"https:\/\/herbetwa.net\/en\/#website","url":"https:\/\/herbetwa.net\/en\/","name":"Herb Etwa","description":"Herbs and Spices From Middle East","potentialAction":[{"@type":"SearchAction","target":{"@type":"EntryPoint","urlTemplate":"https:\/\/herbetwa.net\/en\/?s={search_term_string}"},"query-input":{"@type":"PropertyValueSpecification","valueRequired":true,"valueName":"search_term_string"}}],"inLanguage":"de"}]}},"_links":{"self":[{"href":"https:\/\/herbetwa.net\/de\/wp-json\/wp\/v2\/product\/1039","targetHints":{"allow":["GET"]}}],"collection":[{"href":"https:\/\/herbetwa.net\/de\/wp-json\/wp\/v2\/product"}],"about":[{"href":"https:\/\/herbetwa.net\/de\/wp-json\/wp\/v2\/types\/product"}],"wp:featuredmedia":[{"embeddable":true,"href":"https:\/\/herbetwa.net\/de\/wp-json\/wp\/v2\/media\/408"}],"wp:attachment":[{"href":"https:\/\/herbetwa.net\/de\/wp-json\/wp\/v2\/media?parent=1039"}],"wp:term":[{"taxonomy":"product-category","embeddable":true,"href":"https:\/\/herbetwa.net\/de\/wp-json\/wp\/v2\/product-category?post=1039"}],"curies":[{"name":"wp","href":"https:\/\/api.w.org\/{rel}","templated":true}]}}