{"id":1035,"date":"2022-04-03T20:36:38","date_gmt":"2022-04-03T17:36:38","guid":{"rendered":"https:\/\/herbetwa-com-842510.hostingersite.com\/product\/onion-powder\/"},"modified":"2022-05-18T10:59:41","modified_gmt":"2022-05-18T07:59:41","slug":"zwiebel-pulver","status":"publish","type":"product","link":"https:\/\/herbetwa.net\/de\/product\/zwiebel-pulver\/","title":{"rendered":"Zwiebel Pulver"},"content":{"rendered":"\n<p>Zwiebelpulver wird als Gew\u00fcrz, Aromastoff und Gew\u00fcrz verwendet. Es wird seit der Antike in \u00c4gypten und anderen Teilen Afrikas verwendet. Zwiebeln sind reich an den Vitaminen A, B6, C, E, K, Kalzium, Eisen, Magnesium, Phosphor, Eiwei\u00df, Riboflavin, Thiamin, Zink und Vitamin K.<\/p>\n\n\n\n<p>Zwiebeln werden seit Jahrhunderten als Medizin verwendet. Fr\u00fcher glaubte man, dass sie alles von Kopfschmerzen bis Krebs heilen w\u00fcrden. Heute werden Zwiebeln immer noch zur Behandlung vieler Krankheiten verwendet, darunter Erk\u00e4ltungen, Husten, Bluthochdruck, Diabetes, Herzkrankheiten, Arthritis und sogar Kater.<\/p>\n\n\n\n<p>Zwiebeln k\u00f6nnen helfen, Infektionen abzuwehren. Sie enthalten Schwefelverbindungen, die Bakterien und Viren abt\u00f6ten. Das macht sie wirksam gegen Erk\u00e4ltungen, Grippe und Magengeschw\u00fcre.<\/p>\n\n\n\n<p>Zwiebeln sind gut f\u00fcr Ihr Sehverm\u00f6gen. Sie sind voller Antioxidantien, die Ihre K\u00f6rperzellen vor Sch\u00e4den durch freie Radikale sch\u00fctzen. Freie Radikale verursachen Augenprobleme wie Katarakte, Glaukom und Makuladegeneration.<\/p>\n\n\n\n<p>Zwiebeln k\u00f6nnen Krebs vorbeugen. Sie enthalten Quercetin, ein starkes Antioxidans, das hilft, die Bildung krebserregender Substanzen in unserem K\u00f6rper zu verhindern. Quercetin st\u00e4rkt auch unser Immunsystem und reduziert Entz\u00fcndungen.<\/p>\n\n\n\n<p>Zwiebeln sind toll f\u00fcr deine Haut. Sie enthalten Schwefelverbindungen, sogenannte Sulfide, die Ihre Haut weich und glatt halten. Schwefel ist auch daf\u00fcr bekannt, Akneausbr\u00fcche zu reduzieren.<\/p>\n\n\n\n<p><strong>Name:<\/strong>Zwiebel pulver<\/p>\n\n\n\n<p><strong>Botanischer Name:<\/strong>Allium cepa<\/p>\n\n\n\n<p><strong>Form:<\/strong> Pulver, Zwiebel<\/p>\n\n\n\n<p><strong>Paket: <\/strong>25 kg PP-Beutel<\/p>\n\n\n\n<p><strong>Verf\u00fcgbarkeit: <\/strong>Die Ernte ist das ganze Jahr \u00fcber verf\u00fcgbar.<\/p>\n\n\n\n<p><strong>Beh\u00e4lterkapazit\u00e4t:<\/strong><\/p>\n\n\n\n<p>20 FCL-Container 12,5 Tonnen<\/p>\n\n\n\n<p>40 FCL-Container 25 Tonnen<\/p>\n\n\n\n<p><strong>Dieses Produkt ist auch in verschiedenen Formaten erh\u00e4ltlich:<\/strong><\/p>\n\n\n\n<p>. Gelbe knackige Zwiebel<\/p>\n\n\n\n<p>\u00b7 Wei\u00dfe Zwiebel<\/p>\n\n\n\n<p>. Flocken Sie rote Zwiebel<\/p>\n\n\n\n<p>\u00b7 Staub<\/p>\n\n\n\n<p>. K\u00f6rnig<\/p>\n\n\n\n<p>\u00b7 Gehackt<\/p>\n\n\n\n<p>\u00b7 Ger\u00f6stet<\/p>\n\n\n\n<p>\u00b7 Geschnitten<\/p>\n\n\n\n<p>\u00b7 Ring<\/p>\n\n\n\n<p><strong>Ursprung:<\/strong> \u00c4gypten<\/p>\n","protected":false},"featured_media":406,"template":"","product-category":[24],"class_list":["post-1035","product","type-product","status-publish","has-post-thumbnail","hentry","product-category-gewurze"],"yoast_head":"<!-- This site is optimized with the Yoast SEO Premium plugin v16.6 (Yoast SEO v27.4) - https:\/\/yoast.com\/product\/yoast-seo-premium-wordpress\/ -->\n<title>Verkauf zwiebelpulver in gro\u00dfen |Herb Etwa| JETZT zitieren<\/title>\n<meta name=\"description\" content=\"Vertrauensw\u00fcrdiger Kr\u00e4uterlieferant f\u00fcr Zwiebelpulver. Verkauf Sch\u00fcttung f\u00fcr Kr\u00e4utergro\u00dfh\u00e4ndler und -verteiler FORDERN SIE IHRE KOSTENLOSE PROBE AN\" \/>\n<meta name=\"robots\" content=\"index, follow, max-snippet:-1, max-image-preview:large, max-video-preview:-1\" \/>\n<link rel=\"canonical\" href=\"https:\/\/herbetwa.net\/de\/product\/zwiebel-pulver\/\" \/>\n<meta property=\"og:locale\" content=\"de_DE\" \/>\n<meta property=\"og:type\" content=\"article\" \/>\n<meta property=\"og:title\" content=\"Zwiebel Pulver\" \/>\n<meta property=\"og:description\" content=\"Vertrauensw\u00fcrdiger Kr\u00e4uterlieferant f\u00fcr Zwiebelpulver. Verkauf Sch\u00fcttung f\u00fcr Kr\u00e4utergro\u00dfh\u00e4ndler und -verteiler FORDERN SIE IHRE KOSTENLOSE PROBE AN\" \/>\n<meta property=\"og:url\" content=\"https:\/\/herbetwa.net\/de\/product\/zwiebel-pulver\/\" \/>\n<meta property=\"og:site_name\" content=\"Herb Etwa\" \/>\n<meta property=\"article:modified_time\" content=\"2022-05-18T07:59:41+00:00\" \/>\n<meta property=\"og:image\" content=\"https:\/\/herbetwa.net\/wp-content\/uploads\/2022\/04\/21-onion-powder-egypt-herb-etwa.jpg\" \/>\n\t<meta property=\"og:image:width\" content=\"750\" \/>\n\t<meta property=\"og:image:height\" content=\"750\" \/>\n\t<meta property=\"og:image:type\" content=\"image\/jpeg\" \/>\n<meta name=\"twitter:card\" content=\"summary_large_image\" \/>\n<meta name=\"twitter:label1\" content=\"Gesch\u00e4tzte Lesezeit\" \/>\n\t<meta name=\"twitter:data1\" content=\"2\u00a0Minuten\" \/>\n<script type=\"application\/ld+json\" class=\"yoast-schema-graph\">{\"@context\":\"https:\\\/\\\/schema.org\",\"@graph\":[{\"@type\":\"WebPage\",\"@id\":\"https:\\\/\\\/herbetwa.net\\\/de\\\/product\\\/zwiebel-pulver\\\/\",\"url\":\"https:\\\/\\\/herbetwa.net\\\/de\\\/product\\\/zwiebel-pulver\\\/\",\"name\":\"Verkauf zwiebelpulver in gro\u00dfen |Herb Etwa| JETZT zitieren\",\"isPartOf\":{\"@id\":\"https:\\\/\\\/herbetwa.net\\\/en\\\/#website\"},\"primaryImageOfPage\":{\"@id\":\"https:\\\/\\\/herbetwa.net\\\/de\\\/product\\\/zwiebel-pulver\\\/#primaryimage\"},\"image\":{\"@id\":\"https:\\\/\\\/herbetwa.net\\\/de\\\/product\\\/zwiebel-pulver\\\/#primaryimage\"},\"thumbnailUrl\":\"https:\\\/\\\/herbetwa.net\\\/wp-content\\\/uploads\\\/2022\\\/04\\\/21-onion-powder-egypt-herb-etwa.jpg\",\"datePublished\":\"2022-04-03T17:36:38+00:00\",\"dateModified\":\"2022-05-18T07:59:41+00:00\",\"description\":\"Vertrauensw\u00fcrdiger Kr\u00e4uterlieferant f\u00fcr Zwiebelpulver. Verkauf Sch\u00fcttung f\u00fcr Kr\u00e4utergro\u00dfh\u00e4ndler und -verteiler FORDERN SIE IHRE KOSTENLOSE PROBE AN\",\"breadcrumb\":{\"@id\":\"https:\\\/\\\/herbetwa.net\\\/de\\\/product\\\/zwiebel-pulver\\\/#breadcrumb\"},\"inLanguage\":\"de\",\"potentialAction\":[{\"@type\":\"ReadAction\",\"target\":[\"https:\\\/\\\/herbetwa.net\\\/de\\\/product\\\/zwiebel-pulver\\\/\"]}]},{\"@type\":\"ImageObject\",\"inLanguage\":\"de\",\"@id\":\"https:\\\/\\\/herbetwa.net\\\/de\\\/product\\\/zwiebel-pulver\\\/#primaryimage\",\"url\":\"https:\\\/\\\/herbetwa.net\\\/wp-content\\\/uploads\\\/2022\\\/04\\\/21-onion-powder-egypt-herb-etwa.jpg\",\"contentUrl\":\"https:\\\/\\\/herbetwa.net\\\/wp-content\\\/uploads\\\/2022\\\/04\\\/21-onion-powder-egypt-herb-etwa.jpg\",\"width\":750,\"height\":750,\"caption\":\"Onion Powder of Egyptian origin Selling In bulk\"},{\"@type\":\"BreadcrumbList\",\"@id\":\"https:\\\/\\\/herbetwa.net\\\/de\\\/product\\\/zwiebel-pulver\\\/#breadcrumb\",\"itemListElement\":[{\"@type\":\"ListItem\",\"position\":1,\"name\":\"Home\",\"item\":\"https:\\\/\\\/herbetwa.net\\\/de\\\/\"},{\"@type\":\"ListItem\",\"position\":2,\"name\":\"Zwiebel Pulver\"}]},{\"@type\":\"WebSite\",\"@id\":\"https:\\\/\\\/herbetwa.net\\\/en\\\/#website\",\"url\":\"https:\\\/\\\/herbetwa.net\\\/en\\\/\",\"name\":\"Herb Etwa\",\"description\":\"Herbs and Spices From Middle East\",\"potentialAction\":[{\"@type\":\"SearchAction\",\"target\":{\"@type\":\"EntryPoint\",\"urlTemplate\":\"https:\\\/\\\/herbetwa.net\\\/en\\\/?s={search_term_string}\"},\"query-input\":{\"@type\":\"PropertyValueSpecification\",\"valueRequired\":true,\"valueName\":\"search_term_string\"}}],\"inLanguage\":\"de\"}]}<\/script>\n<!-- \/ Yoast SEO Premium plugin. -->","yoast_head_json":{"title":"Verkauf zwiebelpulver in gro\u00dfen |Herb Etwa| JETZT zitieren","description":"Vertrauensw\u00fcrdiger Kr\u00e4uterlieferant f\u00fcr Zwiebelpulver. Verkauf Sch\u00fcttung f\u00fcr Kr\u00e4utergro\u00dfh\u00e4ndler und -verteiler FORDERN SIE IHRE KOSTENLOSE PROBE AN","robots":{"index":"index","follow":"follow","max-snippet":"max-snippet:-1","max-image-preview":"max-image-preview:large","max-video-preview":"max-video-preview:-1"},"canonical":"https:\/\/herbetwa.net\/de\/product\/zwiebel-pulver\/","og_locale":"de_DE","og_type":"article","og_title":"Zwiebel Pulver","og_description":"Vertrauensw\u00fcrdiger Kr\u00e4uterlieferant f\u00fcr Zwiebelpulver. Verkauf Sch\u00fcttung f\u00fcr Kr\u00e4utergro\u00dfh\u00e4ndler und -verteiler FORDERN SIE IHRE KOSTENLOSE PROBE AN","og_url":"https:\/\/herbetwa.net\/de\/product\/zwiebel-pulver\/","og_site_name":"Herb Etwa","article_modified_time":"2022-05-18T07:59:41+00:00","og_image":[{"width":750,"height":750,"url":"https:\/\/herbetwa.net\/wp-content\/uploads\/2022\/04\/21-onion-powder-egypt-herb-etwa.jpg","type":"image\/jpeg"}],"twitter_card":"summary_large_image","twitter_misc":{"Gesch\u00e4tzte Lesezeit":"2\u00a0Minuten"},"schema":{"@context":"https:\/\/schema.org","@graph":[{"@type":"WebPage","@id":"https:\/\/herbetwa.net\/de\/product\/zwiebel-pulver\/","url":"https:\/\/herbetwa.net\/de\/product\/zwiebel-pulver\/","name":"Verkauf zwiebelpulver in gro\u00dfen |Herb Etwa| JETZT zitieren","isPartOf":{"@id":"https:\/\/herbetwa.net\/en\/#website"},"primaryImageOfPage":{"@id":"https:\/\/herbetwa.net\/de\/product\/zwiebel-pulver\/#primaryimage"},"image":{"@id":"https:\/\/herbetwa.net\/de\/product\/zwiebel-pulver\/#primaryimage"},"thumbnailUrl":"https:\/\/herbetwa.net\/wp-content\/uploads\/2022\/04\/21-onion-powder-egypt-herb-etwa.jpg","datePublished":"2022-04-03T17:36:38+00:00","dateModified":"2022-05-18T07:59:41+00:00","description":"Vertrauensw\u00fcrdiger Kr\u00e4uterlieferant f\u00fcr Zwiebelpulver. Verkauf Sch\u00fcttung f\u00fcr Kr\u00e4utergro\u00dfh\u00e4ndler und -verteiler FORDERN SIE IHRE KOSTENLOSE PROBE AN","breadcrumb":{"@id":"https:\/\/herbetwa.net\/de\/product\/zwiebel-pulver\/#breadcrumb"},"inLanguage":"de","potentialAction":[{"@type":"ReadAction","target":["https:\/\/herbetwa.net\/de\/product\/zwiebel-pulver\/"]}]},{"@type":"ImageObject","inLanguage":"de","@id":"https:\/\/herbetwa.net\/de\/product\/zwiebel-pulver\/#primaryimage","url":"https:\/\/herbetwa.net\/wp-content\/uploads\/2022\/04\/21-onion-powder-egypt-herb-etwa.jpg","contentUrl":"https:\/\/herbetwa.net\/wp-content\/uploads\/2022\/04\/21-onion-powder-egypt-herb-etwa.jpg","width":750,"height":750,"caption":"Onion Powder of Egyptian origin Selling In bulk"},{"@type":"BreadcrumbList","@id":"https:\/\/herbetwa.net\/de\/product\/zwiebel-pulver\/#breadcrumb","itemListElement":[{"@type":"ListItem","position":1,"name":"Home","item":"https:\/\/herbetwa.net\/de\/"},{"@type":"ListItem","position":2,"name":"Zwiebel Pulver"}]},{"@type":"WebSite","@id":"https:\/\/herbetwa.net\/en\/#website","url":"https:\/\/herbetwa.net\/en\/","name":"Herb Etwa","description":"Herbs and Spices From Middle East","potentialAction":[{"@type":"SearchAction","target":{"@type":"EntryPoint","urlTemplate":"https:\/\/herbetwa.net\/en\/?s={search_term_string}"},"query-input":{"@type":"PropertyValueSpecification","valueRequired":true,"valueName":"search_term_string"}}],"inLanguage":"de"}]}},"_links":{"self":[{"href":"https:\/\/herbetwa.net\/de\/wp-json\/wp\/v2\/product\/1035","targetHints":{"allow":["GET"]}}],"collection":[{"href":"https:\/\/herbetwa.net\/de\/wp-json\/wp\/v2\/product"}],"about":[{"href":"https:\/\/herbetwa.net\/de\/wp-json\/wp\/v2\/types\/product"}],"wp:featuredmedia":[{"embeddable":true,"href":"https:\/\/herbetwa.net\/de\/wp-json\/wp\/v2\/media\/406"}],"wp:attachment":[{"href":"https:\/\/herbetwa.net\/de\/wp-json\/wp\/v2\/media?parent=1035"}],"wp:term":[{"taxonomy":"product-category","embeddable":true,"href":"https:\/\/herbetwa.net\/de\/wp-json\/wp\/v2\/product-category?post=1035"}],"curies":[{"name":"wp","href":"https:\/\/api.w.org\/{rel}","templated":true}]}}