{"id":1032,"date":"2022-04-03T20:35:59","date_gmt":"2022-04-03T17:35:59","guid":{"rendered":"https:\/\/herbetwa-com-842510.hostingersite.com\/product\/onion-granules\/"},"modified":"2022-05-18T11:08:03","modified_gmt":"2022-05-18T08:08:03","slug":"zwiebel-granulat","status":"publish","type":"product","link":"https:\/\/herbetwa.net\/de\/product\/zwiebel-granulat\/","title":{"rendered":"Zwiebel Granulat"},"content":{"rendered":"\n<p>Zwiebelgranulat wird als nat\u00fcrlicher S\u00fc\u00dfstoff und Aromastoff verwendet. Sie werden aus getrockneten und in kleine St\u00fccke gemahlenen Zwiebelknollen hergestellt. Dieses Produkt kann anstelle von Zucker in Backrezepten verwendet werden.<\/p>\n\n\n\n<p>Zwiebeln sind reich an den Vitaminen A, B6, C, E, K, Kalzium, Magnesium, Eisen, Zink, Selen und Mangan. Sie sind auch reich an Ballaststoffen und enthalten Antioxidantien.<\/p>\n\n\n\n<p>Zwiebeln werden in vielen Gerichten auf der ganzen Welt verwendet. Sie werden oft zu Suppen, Eint\u00f6pfen, Salaten, Sandwiches, Aufl\u00e4ufen und sogar Desserts hinzugef\u00fcgt.<\/p>\n\n\n\n<p>Zwiebeln werden h\u00e4ufig in der indischen K\u00fcche verwendet. Sie werden zu Currys, Dals und anderen Gerichten hinzugef\u00fcgt.<\/p>\n\n\n\n<p>Es wird als Beilage f\u00fcr Fleischgerichte verwendet. Sie verleihen Lebensmitteln wie Burgern, Steaks, W\u00fcrstchen und Hot Dogs Geschmack und Farbe. Wird auch zur Herstellung von Gurken verwendet. Sie werden in Essig und Gew\u00fcrzen eingeweicht, bevor sie in Gl\u00e4sern versiegelt werden.<\/p>\n\n\n\n<p><strong>Name:<\/strong>Zwiebel granulat<\/p>\n\n\n\n<p><strong>Botanischer <\/strong>Name<strong>:<\/strong>Allium cepa<\/p>\n\n\n\n<p><strong>Form:<\/strong> Granuliert, Zwiebel<\/p>\n\n\n\n<p><strong>Paket: <\/strong>25 kg PP-Beutel<\/p>\n\n\n\n<p><strong>Verf\u00fcgbarkeit: <\/strong>Die Ernte ist das ganze Jahr \u00fcber verf\u00fcgbar.<\/p>\n\n\n\n<p><strong>Beh\u00e4lterkapazit\u00e4t:<\/strong><\/p>\n\n\n\n<p>20 FCL-Container 12,5 Tonnen<\/p>\n\n\n\n<p>40 FCL-Container 25 Tonnen<\/p>\n\n\n\n<p><strong>Dieses Produkt ist auch in verschiedenen Formaten erh\u00e4ltlich:<\/strong><\/p>\n\n\n\n<p>. Gelbe knackige Zwiebel<\/p>\n\n\n\n<p>\u00b7 Wei\u00dfe Zwiebel<\/p>\n\n\n\n<p>. Gestempelte rote Zwiebel<\/p>\n\n\n\n<p>\u00b7 Staub<\/p>\n\n\n\n<p>. K\u00f6rnig<\/p>\n\n\n\n<p>\u00b7 Gehackt<\/p>\n\n\n\n<p>\u00b7 Ger\u00f6stet<\/p>\n\n\n\n<p>\u00b7 Geschnitten<\/p>\n\n\n\n<p>\u00b7 Ring<\/p>\n\n\n\n<p><strong>Ursprung:<\/strong> \u00c4gypten<\/p>\n","protected":false},"featured_media":404,"template":"","product-category":[24],"class_list":["post-1032","product","type-product","status-publish","has-post-thumbnail","hentry","product-category-gewurze"],"yoast_head":"<!-- This site is optimized with the Yoast SEO Premium plugin v16.6 (Yoast SEO v27.4) - https:\/\/yoast.com\/product\/yoast-seo-premium-wordpress\/ -->\n<title>Zwiebelflocken sch\u00fcttung verkauft |Herb Etwa| JETZT zitiere<\/title>\n<meta name=\"description\" content=\"Vertrauensw\u00fcrdiger Kr\u00e4uterlieferant von Zwiebelgranulat. Verkauf Sch\u00fcttung f\u00fcr Kr\u00e4utergro\u00dfh\u00e4ndler und -verteiler FORDERN SIE IHRE KOSTENLOSE PROBE AN\" \/>\n<meta name=\"robots\" content=\"index, follow, max-snippet:-1, max-image-preview:large, max-video-preview:-1\" \/>\n<link rel=\"canonical\" href=\"https:\/\/herbetwa.net\/de\/product\/zwiebel-granulat\/\" \/>\n<meta property=\"og:locale\" content=\"de_DE\" \/>\n<meta property=\"og:type\" content=\"article\" \/>\n<meta property=\"og:title\" content=\"Zwiebel Granulat\" \/>\n<meta property=\"og:description\" content=\"Vertrauensw\u00fcrdiger Kr\u00e4uterlieferant von Zwiebelgranulat. Verkauf Sch\u00fcttung f\u00fcr Kr\u00e4utergro\u00dfh\u00e4ndler und -verteiler FORDERN SIE IHRE KOSTENLOSE PROBE AN\" \/>\n<meta property=\"og:url\" content=\"https:\/\/herbetwa.net\/de\/product\/zwiebel-granulat\/\" \/>\n<meta property=\"og:site_name\" content=\"Herb Etwa\" \/>\n<meta property=\"article:modified_time\" content=\"2022-05-18T08:08:03+00:00\" \/>\n<meta property=\"og:image\" content=\"https:\/\/herbetwa.net\/wp-content\/uploads\/2022\/04\/20-onion-granules-egypt-herb-etwa.jpg\" \/>\n\t<meta property=\"og:image:width\" content=\"1024\" \/>\n\t<meta property=\"og:image:height\" content=\"1024\" \/>\n\t<meta property=\"og:image:type\" content=\"image\/jpeg\" \/>\n<meta name=\"twitter:card\" content=\"summary_large_image\" \/>\n<meta name=\"twitter:label1\" content=\"Gesch\u00e4tzte Lesezeit\" \/>\n\t<meta name=\"twitter:data1\" content=\"1\u00a0Minute\" \/>\n<script type=\"application\/ld+json\" class=\"yoast-schema-graph\">{\"@context\":\"https:\\\/\\\/schema.org\",\"@graph\":[{\"@type\":\"WebPage\",\"@id\":\"https:\\\/\\\/herbetwa.net\\\/de\\\/product\\\/zwiebel-granulat\\\/\",\"url\":\"https:\\\/\\\/herbetwa.net\\\/de\\\/product\\\/zwiebel-granulat\\\/\",\"name\":\"Zwiebelflocken sch\u00fcttung verkauft |Herb Etwa| JETZT zitiere\",\"isPartOf\":{\"@id\":\"https:\\\/\\\/herbetwa.net\\\/en\\\/#website\"},\"primaryImageOfPage\":{\"@id\":\"https:\\\/\\\/herbetwa.net\\\/de\\\/product\\\/zwiebel-granulat\\\/#primaryimage\"},\"image\":{\"@id\":\"https:\\\/\\\/herbetwa.net\\\/de\\\/product\\\/zwiebel-granulat\\\/#primaryimage\"},\"thumbnailUrl\":\"https:\\\/\\\/herbetwa.net\\\/wp-content\\\/uploads\\\/2022\\\/04\\\/20-onion-granules-egypt-herb-etwa.jpg\",\"datePublished\":\"2022-04-03T17:35:59+00:00\",\"dateModified\":\"2022-05-18T08:08:03+00:00\",\"description\":\"Vertrauensw\u00fcrdiger Kr\u00e4uterlieferant von Zwiebelgranulat. Verkauf Sch\u00fcttung f\u00fcr Kr\u00e4utergro\u00dfh\u00e4ndler und -verteiler FORDERN SIE IHRE KOSTENLOSE PROBE AN\",\"breadcrumb\":{\"@id\":\"https:\\\/\\\/herbetwa.net\\\/de\\\/product\\\/zwiebel-granulat\\\/#breadcrumb\"},\"inLanguage\":\"de\",\"potentialAction\":[{\"@type\":\"ReadAction\",\"target\":[\"https:\\\/\\\/herbetwa.net\\\/de\\\/product\\\/zwiebel-granulat\\\/\"]}]},{\"@type\":\"ImageObject\",\"inLanguage\":\"de\",\"@id\":\"https:\\\/\\\/herbetwa.net\\\/de\\\/product\\\/zwiebel-granulat\\\/#primaryimage\",\"url\":\"https:\\\/\\\/herbetwa.net\\\/wp-content\\\/uploads\\\/2022\\\/04\\\/20-onion-granules-egypt-herb-etwa.jpg\",\"contentUrl\":\"https:\\\/\\\/herbetwa.net\\\/wp-content\\\/uploads\\\/2022\\\/04\\\/20-onion-granules-egypt-herb-etwa.jpg\",\"width\":1024,\"height\":1024,\"caption\":\"Onion Granules of Egyptian origin selling In bulk\"},{\"@type\":\"BreadcrumbList\",\"@id\":\"https:\\\/\\\/herbetwa.net\\\/de\\\/product\\\/zwiebel-granulat\\\/#breadcrumb\",\"itemListElement\":[{\"@type\":\"ListItem\",\"position\":1,\"name\":\"Home\",\"item\":\"https:\\\/\\\/herbetwa.net\\\/de\\\/\"},{\"@type\":\"ListItem\",\"position\":2,\"name\":\"Zwiebel Granulat\"}]},{\"@type\":\"WebSite\",\"@id\":\"https:\\\/\\\/herbetwa.net\\\/en\\\/#website\",\"url\":\"https:\\\/\\\/herbetwa.net\\\/en\\\/\",\"name\":\"Herb Etwa\",\"description\":\"Herbs and Spices From Middle East\",\"potentialAction\":[{\"@type\":\"SearchAction\",\"target\":{\"@type\":\"EntryPoint\",\"urlTemplate\":\"https:\\\/\\\/herbetwa.net\\\/en\\\/?s={search_term_string}\"},\"query-input\":{\"@type\":\"PropertyValueSpecification\",\"valueRequired\":true,\"valueName\":\"search_term_string\"}}],\"inLanguage\":\"de\"}]}<\/script>\n<!-- \/ Yoast SEO Premium plugin. -->","yoast_head_json":{"title":"Zwiebelflocken sch\u00fcttung verkauft |Herb Etwa| JETZT zitiere","description":"Vertrauensw\u00fcrdiger Kr\u00e4uterlieferant von Zwiebelgranulat. Verkauf Sch\u00fcttung f\u00fcr Kr\u00e4utergro\u00dfh\u00e4ndler und -verteiler FORDERN SIE IHRE KOSTENLOSE PROBE AN","robots":{"index":"index","follow":"follow","max-snippet":"max-snippet:-1","max-image-preview":"max-image-preview:large","max-video-preview":"max-video-preview:-1"},"canonical":"https:\/\/herbetwa.net\/de\/product\/zwiebel-granulat\/","og_locale":"de_DE","og_type":"article","og_title":"Zwiebel Granulat","og_description":"Vertrauensw\u00fcrdiger Kr\u00e4uterlieferant von Zwiebelgranulat. Verkauf Sch\u00fcttung f\u00fcr Kr\u00e4utergro\u00dfh\u00e4ndler und -verteiler FORDERN SIE IHRE KOSTENLOSE PROBE AN","og_url":"https:\/\/herbetwa.net\/de\/product\/zwiebel-granulat\/","og_site_name":"Herb Etwa","article_modified_time":"2022-05-18T08:08:03+00:00","og_image":[{"width":1024,"height":1024,"url":"https:\/\/herbetwa.net\/wp-content\/uploads\/2022\/04\/20-onion-granules-egypt-herb-etwa.jpg","type":"image\/jpeg"}],"twitter_card":"summary_large_image","twitter_misc":{"Gesch\u00e4tzte Lesezeit":"1\u00a0Minute"},"schema":{"@context":"https:\/\/schema.org","@graph":[{"@type":"WebPage","@id":"https:\/\/herbetwa.net\/de\/product\/zwiebel-granulat\/","url":"https:\/\/herbetwa.net\/de\/product\/zwiebel-granulat\/","name":"Zwiebelflocken sch\u00fcttung verkauft |Herb Etwa| JETZT zitiere","isPartOf":{"@id":"https:\/\/herbetwa.net\/en\/#website"},"primaryImageOfPage":{"@id":"https:\/\/herbetwa.net\/de\/product\/zwiebel-granulat\/#primaryimage"},"image":{"@id":"https:\/\/herbetwa.net\/de\/product\/zwiebel-granulat\/#primaryimage"},"thumbnailUrl":"https:\/\/herbetwa.net\/wp-content\/uploads\/2022\/04\/20-onion-granules-egypt-herb-etwa.jpg","datePublished":"2022-04-03T17:35:59+00:00","dateModified":"2022-05-18T08:08:03+00:00","description":"Vertrauensw\u00fcrdiger Kr\u00e4uterlieferant von Zwiebelgranulat. Verkauf Sch\u00fcttung f\u00fcr Kr\u00e4utergro\u00dfh\u00e4ndler und -verteiler FORDERN SIE IHRE KOSTENLOSE PROBE AN","breadcrumb":{"@id":"https:\/\/herbetwa.net\/de\/product\/zwiebel-granulat\/#breadcrumb"},"inLanguage":"de","potentialAction":[{"@type":"ReadAction","target":["https:\/\/herbetwa.net\/de\/product\/zwiebel-granulat\/"]}]},{"@type":"ImageObject","inLanguage":"de","@id":"https:\/\/herbetwa.net\/de\/product\/zwiebel-granulat\/#primaryimage","url":"https:\/\/herbetwa.net\/wp-content\/uploads\/2022\/04\/20-onion-granules-egypt-herb-etwa.jpg","contentUrl":"https:\/\/herbetwa.net\/wp-content\/uploads\/2022\/04\/20-onion-granules-egypt-herb-etwa.jpg","width":1024,"height":1024,"caption":"Onion Granules of Egyptian origin selling In bulk"},{"@type":"BreadcrumbList","@id":"https:\/\/herbetwa.net\/de\/product\/zwiebel-granulat\/#breadcrumb","itemListElement":[{"@type":"ListItem","position":1,"name":"Home","item":"https:\/\/herbetwa.net\/de\/"},{"@type":"ListItem","position":2,"name":"Zwiebel Granulat"}]},{"@type":"WebSite","@id":"https:\/\/herbetwa.net\/en\/#website","url":"https:\/\/herbetwa.net\/en\/","name":"Herb Etwa","description":"Herbs and Spices From Middle East","potentialAction":[{"@type":"SearchAction","target":{"@type":"EntryPoint","urlTemplate":"https:\/\/herbetwa.net\/en\/?s={search_term_string}"},"query-input":{"@type":"PropertyValueSpecification","valueRequired":true,"valueName":"search_term_string"}}],"inLanguage":"de"}]}},"_links":{"self":[{"href":"https:\/\/herbetwa.net\/de\/wp-json\/wp\/v2\/product\/1032","targetHints":{"allow":["GET"]}}],"collection":[{"href":"https:\/\/herbetwa.net\/de\/wp-json\/wp\/v2\/product"}],"about":[{"href":"https:\/\/herbetwa.net\/de\/wp-json\/wp\/v2\/types\/product"}],"wp:featuredmedia":[{"embeddable":true,"href":"https:\/\/herbetwa.net\/de\/wp-json\/wp\/v2\/media\/404"}],"wp:attachment":[{"href":"https:\/\/herbetwa.net\/de\/wp-json\/wp\/v2\/media?parent=1032"}],"wp:term":[{"taxonomy":"product-category","embeddable":true,"href":"https:\/\/herbetwa.net\/de\/wp-json\/wp\/v2\/product-category?post=1032"}],"curies":[{"name":"wp","href":"https:\/\/api.w.org\/{rel}","templated":true}]}}