{"id":1028,"date":"2022-04-03T20:35:15","date_gmt":"2022-04-03T17:35:15","guid":{"rendered":"https:\/\/herbetwa-com-842510.hostingersite.com\/product\/onion-flakes\/"},"modified":"2022-05-18T11:12:23","modified_gmt":"2022-05-18T08:12:23","slug":"zwiebel-minced","status":"publish","type":"product","link":"https:\/\/herbetwa.net\/de\/product\/zwiebel-minced\/","title":{"rendered":"Zwiebel Minced"},"content":{"rendered":"\n<p>Zwiebelflocken werden in vielen Gerichten als Aromastoff verwendet. Sie k\u00f6nnen zu Suppen, Eint\u00f6pfen, Saucen, Salaten und sogar Desserts hinzugef\u00fcgt werden.<\/p>\n\n\n\n<p>Zwiebeln werden seit der Antike angebaut. Bereits 4000 v. Chr. verwendeten die \u00c4gypter Zwiebeln. Sie wurden auf gro\u00dfen Feldern angebaut und normalerweise am Ende des Winters geerntet.<\/p>\n\n\n\n<p>Noch heute sind Zwiebeln weltweit ein beliebtes Gem\u00fcse. Es gibt \u00fcber 100 verschiedene Zwiebelsorten, die sich in Gr\u00f6\u00dfe, Form, Farbe, Geschmack und Textur unterscheiden.<\/p>\n\n\n\n<p>Viele Menschen verwenden Zwiebelflocken als Gew\u00fcrz in ihren Mahlzeiten. Sie verleihen Lebensmitteln einen milden Zwiebelgeschmack, ohne sie zu \u00fcberw\u00e4ltigen.<\/p>\n\n\n\n<p>Zwiebelflocken werden oft in Backwaren wie Brot, Kuchen, Keksen, Muffins und Geb\u00e4ck verwendet.<\/p>\n\n\n\n<p>Zwiebeln sind reich an den Vitaminen A, B6, C, E, K, Kalzium, Magnesium, Eisen, Zink, Selen und Mangan. Sie sind auch reich an Ballaststoffen und enthalten Antioxidantien.<\/p>\n\n\n\n<p><strong>Name:<\/strong>Zwiebel minced<\/p>\n\n\n\n<p><strong>Botanischer Name<\/strong>:Allium cepa<\/p>\n\n\n\n<p><strong>Form:<\/strong> Flocke, Zwiebel<\/p>\n\n\n\n<p><strong>Paket: <\/strong>12,5 Kartons<\/p>\n\n\n\n<p><strong>Verf\u00fcgbarkeit: <\/strong>Die Ernte ist das ganze Jahr \u00fcber verf\u00fcgbar.<\/p>\n\n\n\n<p><strong>Beh\u00e4lterkapazit\u00e4t:<\/strong><\/p>\n\n\n\n<p>20 FCL-Container 6-7 Tonnen<\/p>\n\n\n\n<p>40 FCL-Container 13 Tonnen<\/p>\n\n\n\n<p><strong>Dieses Produkt ist auch in verschiedenen Formaten erh\u00e4ltlich:<\/strong><\/p>\n\n\n\n<p>. Gelbe knackige Zwiebel<\/p>\n\n\n\n<p>\u00b7 Wei\u00dfe Zwiebel<\/p>\n\n\n\n<p>. Gestempelte rote Zwiebel<\/p>\n\n\n\n<p>\u00b7 Staub<\/p>\n\n\n\n<p>. K\u00f6rnig<\/p>\n\n\n\n<p>\u00b7 Gehackt<\/p>\n\n\n\n<p>\u00b7 Ger\u00f6stet<\/p>\n\n\n\n<p>\u00b7 Geschnitten<\/p>\n\n\n\n<p>\u00b7 Ring<\/p>\n\n\n\n<p><strong>Ursprung:<\/strong> \u00c4gypten<\/p>\n","protected":false},"featured_media":402,"template":"","product-category":[24],"class_list":["post-1028","product","type-product","status-publish","has-post-thumbnail","hentry","product-category-gewurze"],"yoast_head":"<!-- This site is optimized with the Yoast SEO Premium plugin v16.6 (Yoast SEO v27.4) - https:\/\/yoast.com\/product\/yoast-seo-premium-wordpress\/ -->\n<title>Zwiebelflocken sch\u00fcttung verkauft |Herb Etwa| JETZT zitieren<\/title>\n<meta name=\"description\" content=\"Vertrauensw\u00fcrdiger Kr\u00e4uterlieferant f\u00fcr Zwiebelflocken. Verkauf Sch\u00fcttung f\u00fcr Kr\u00e4utergro\u00dfh\u00e4ndler und -verteiler FORDERN SIE IHRE KOSTENLOSE PROBE AN\" \/>\n<meta name=\"robots\" content=\"index, follow, max-snippet:-1, max-image-preview:large, max-video-preview:-1\" \/>\n<link rel=\"canonical\" href=\"https:\/\/herbetwa.net\/de\/product\/zwiebel-minced\/\" \/>\n<meta property=\"og:locale\" content=\"de_DE\" \/>\n<meta property=\"og:type\" content=\"article\" \/>\n<meta property=\"og:title\" content=\"Zwiebel Minced\" \/>\n<meta property=\"og:description\" content=\"Vertrauensw\u00fcrdiger Kr\u00e4uterlieferant f\u00fcr Zwiebelflocken. Verkauf Sch\u00fcttung f\u00fcr Kr\u00e4utergro\u00dfh\u00e4ndler und -verteiler FORDERN SIE IHRE KOSTENLOSE PROBE AN\" \/>\n<meta property=\"og:url\" content=\"https:\/\/herbetwa.net\/de\/product\/zwiebel-minced\/\" \/>\n<meta property=\"og:site_name\" content=\"Herb Etwa\" \/>\n<meta property=\"article:modified_time\" content=\"2022-05-18T08:12:23+00:00\" \/>\n<meta property=\"og:image\" content=\"https:\/\/herbetwa.net\/wp-content\/uploads\/2022\/04\/19-onion-flakes-egypt-herb-etwa.png\" \/>\n\t<meta property=\"og:image:width\" content=\"633\" \/>\n\t<meta property=\"og:image:height\" content=\"381\" \/>\n\t<meta property=\"og:image:type\" content=\"image\/png\" \/>\n<meta name=\"twitter:card\" content=\"summary_large_image\" \/>\n<meta name=\"twitter:label1\" content=\"Gesch\u00e4tzte Lesezeit\" \/>\n\t<meta name=\"twitter:data1\" content=\"1\u00a0Minute\" \/>\n<script type=\"application\/ld+json\" class=\"yoast-schema-graph\">{\"@context\":\"https:\\\/\\\/schema.org\",\"@graph\":[{\"@type\":\"WebPage\",\"@id\":\"https:\\\/\\\/herbetwa.net\\\/de\\\/product\\\/zwiebel-minced\\\/\",\"url\":\"https:\\\/\\\/herbetwa.net\\\/de\\\/product\\\/zwiebel-minced\\\/\",\"name\":\"Zwiebelflocken sch\u00fcttung verkauft |Herb Etwa| JETZT zitieren\",\"isPartOf\":{\"@id\":\"https:\\\/\\\/herbetwa.net\\\/en\\\/#website\"},\"primaryImageOfPage\":{\"@id\":\"https:\\\/\\\/herbetwa.net\\\/de\\\/product\\\/zwiebel-minced\\\/#primaryimage\"},\"image\":{\"@id\":\"https:\\\/\\\/herbetwa.net\\\/de\\\/product\\\/zwiebel-minced\\\/#primaryimage\"},\"thumbnailUrl\":\"https:\\\/\\\/herbetwa.net\\\/wp-content\\\/uploads\\\/2022\\\/04\\\/19-onion-flakes-egypt-herb-etwa.png\",\"datePublished\":\"2022-04-03T17:35:15+00:00\",\"dateModified\":\"2022-05-18T08:12:23+00:00\",\"description\":\"Vertrauensw\u00fcrdiger Kr\u00e4uterlieferant f\u00fcr Zwiebelflocken. Verkauf Sch\u00fcttung f\u00fcr Kr\u00e4utergro\u00dfh\u00e4ndler und -verteiler FORDERN SIE IHRE KOSTENLOSE PROBE AN\",\"breadcrumb\":{\"@id\":\"https:\\\/\\\/herbetwa.net\\\/de\\\/product\\\/zwiebel-minced\\\/#breadcrumb\"},\"inLanguage\":\"de\",\"potentialAction\":[{\"@type\":\"ReadAction\",\"target\":[\"https:\\\/\\\/herbetwa.net\\\/de\\\/product\\\/zwiebel-minced\\\/\"]}]},{\"@type\":\"ImageObject\",\"inLanguage\":\"de\",\"@id\":\"https:\\\/\\\/herbetwa.net\\\/de\\\/product\\\/zwiebel-minced\\\/#primaryimage\",\"url\":\"https:\\\/\\\/herbetwa.net\\\/wp-content\\\/uploads\\\/2022\\\/04\\\/19-onion-flakes-egypt-herb-etwa.png\",\"contentUrl\":\"https:\\\/\\\/herbetwa.net\\\/wp-content\\\/uploads\\\/2022\\\/04\\\/19-onion-flakes-egypt-herb-etwa.png\",\"width\":633,\"height\":381,\"caption\":\"Onion Flakes of Egyptian origin Using as food ingredient Selling In bulk\"},{\"@type\":\"BreadcrumbList\",\"@id\":\"https:\\\/\\\/herbetwa.net\\\/de\\\/product\\\/zwiebel-minced\\\/#breadcrumb\",\"itemListElement\":[{\"@type\":\"ListItem\",\"position\":1,\"name\":\"Home\",\"item\":\"https:\\\/\\\/herbetwa.net\\\/de\\\/\"},{\"@type\":\"ListItem\",\"position\":2,\"name\":\"Zwiebel Minced\"}]},{\"@type\":\"WebSite\",\"@id\":\"https:\\\/\\\/herbetwa.net\\\/en\\\/#website\",\"url\":\"https:\\\/\\\/herbetwa.net\\\/en\\\/\",\"name\":\"Herb Etwa\",\"description\":\"Herbs and Spices From Middle East\",\"potentialAction\":[{\"@type\":\"SearchAction\",\"target\":{\"@type\":\"EntryPoint\",\"urlTemplate\":\"https:\\\/\\\/herbetwa.net\\\/en\\\/?s={search_term_string}\"},\"query-input\":{\"@type\":\"PropertyValueSpecification\",\"valueRequired\":true,\"valueName\":\"search_term_string\"}}],\"inLanguage\":\"de\"}]}<\/script>\n<!-- \/ Yoast SEO Premium plugin. -->","yoast_head_json":{"title":"Zwiebelflocken sch\u00fcttung verkauft |Herb Etwa| JETZT zitieren","description":"Vertrauensw\u00fcrdiger Kr\u00e4uterlieferant f\u00fcr Zwiebelflocken. Verkauf Sch\u00fcttung f\u00fcr Kr\u00e4utergro\u00dfh\u00e4ndler und -verteiler FORDERN SIE IHRE KOSTENLOSE PROBE AN","robots":{"index":"index","follow":"follow","max-snippet":"max-snippet:-1","max-image-preview":"max-image-preview:large","max-video-preview":"max-video-preview:-1"},"canonical":"https:\/\/herbetwa.net\/de\/product\/zwiebel-minced\/","og_locale":"de_DE","og_type":"article","og_title":"Zwiebel Minced","og_description":"Vertrauensw\u00fcrdiger Kr\u00e4uterlieferant f\u00fcr Zwiebelflocken. Verkauf Sch\u00fcttung f\u00fcr Kr\u00e4utergro\u00dfh\u00e4ndler und -verteiler FORDERN SIE IHRE KOSTENLOSE PROBE AN","og_url":"https:\/\/herbetwa.net\/de\/product\/zwiebel-minced\/","og_site_name":"Herb Etwa","article_modified_time":"2022-05-18T08:12:23+00:00","og_image":[{"width":633,"height":381,"url":"https:\/\/herbetwa.net\/wp-content\/uploads\/2022\/04\/19-onion-flakes-egypt-herb-etwa.png","type":"image\/png"}],"twitter_card":"summary_large_image","twitter_misc":{"Gesch\u00e4tzte Lesezeit":"1\u00a0Minute"},"schema":{"@context":"https:\/\/schema.org","@graph":[{"@type":"WebPage","@id":"https:\/\/herbetwa.net\/de\/product\/zwiebel-minced\/","url":"https:\/\/herbetwa.net\/de\/product\/zwiebel-minced\/","name":"Zwiebelflocken sch\u00fcttung verkauft |Herb Etwa| JETZT zitieren","isPartOf":{"@id":"https:\/\/herbetwa.net\/en\/#website"},"primaryImageOfPage":{"@id":"https:\/\/herbetwa.net\/de\/product\/zwiebel-minced\/#primaryimage"},"image":{"@id":"https:\/\/herbetwa.net\/de\/product\/zwiebel-minced\/#primaryimage"},"thumbnailUrl":"https:\/\/herbetwa.net\/wp-content\/uploads\/2022\/04\/19-onion-flakes-egypt-herb-etwa.png","datePublished":"2022-04-03T17:35:15+00:00","dateModified":"2022-05-18T08:12:23+00:00","description":"Vertrauensw\u00fcrdiger Kr\u00e4uterlieferant f\u00fcr Zwiebelflocken. Verkauf Sch\u00fcttung f\u00fcr Kr\u00e4utergro\u00dfh\u00e4ndler und -verteiler FORDERN SIE IHRE KOSTENLOSE PROBE AN","breadcrumb":{"@id":"https:\/\/herbetwa.net\/de\/product\/zwiebel-minced\/#breadcrumb"},"inLanguage":"de","potentialAction":[{"@type":"ReadAction","target":["https:\/\/herbetwa.net\/de\/product\/zwiebel-minced\/"]}]},{"@type":"ImageObject","inLanguage":"de","@id":"https:\/\/herbetwa.net\/de\/product\/zwiebel-minced\/#primaryimage","url":"https:\/\/herbetwa.net\/wp-content\/uploads\/2022\/04\/19-onion-flakes-egypt-herb-etwa.png","contentUrl":"https:\/\/herbetwa.net\/wp-content\/uploads\/2022\/04\/19-onion-flakes-egypt-herb-etwa.png","width":633,"height":381,"caption":"Onion Flakes of Egyptian origin Using as food ingredient Selling In bulk"},{"@type":"BreadcrumbList","@id":"https:\/\/herbetwa.net\/de\/product\/zwiebel-minced\/#breadcrumb","itemListElement":[{"@type":"ListItem","position":1,"name":"Home","item":"https:\/\/herbetwa.net\/de\/"},{"@type":"ListItem","position":2,"name":"Zwiebel Minced"}]},{"@type":"WebSite","@id":"https:\/\/herbetwa.net\/en\/#website","url":"https:\/\/herbetwa.net\/en\/","name":"Herb Etwa","description":"Herbs and Spices From Middle East","potentialAction":[{"@type":"SearchAction","target":{"@type":"EntryPoint","urlTemplate":"https:\/\/herbetwa.net\/en\/?s={search_term_string}"},"query-input":{"@type":"PropertyValueSpecification","valueRequired":true,"valueName":"search_term_string"}}],"inLanguage":"de"}]}},"_links":{"self":[{"href":"https:\/\/herbetwa.net\/de\/wp-json\/wp\/v2\/product\/1028","targetHints":{"allow":["GET"]}}],"collection":[{"href":"https:\/\/herbetwa.net\/de\/wp-json\/wp\/v2\/product"}],"about":[{"href":"https:\/\/herbetwa.net\/de\/wp-json\/wp\/v2\/types\/product"}],"wp:featuredmedia":[{"embeddable":true,"href":"https:\/\/herbetwa.net\/de\/wp-json\/wp\/v2\/media\/402"}],"wp:attachment":[{"href":"https:\/\/herbetwa.net\/de\/wp-json\/wp\/v2\/media?parent=1028"}],"wp:term":[{"taxonomy":"product-category","embeddable":true,"href":"https:\/\/herbetwa.net\/de\/wp-json\/wp\/v2\/product-category?post=1028"}],"curies":[{"name":"wp","href":"https:\/\/api.w.org\/{rel}","templated":true}]}}