{"id":1021,"date":"2022-04-03T20:33:57","date_gmt":"2022-04-03T17:33:57","guid":{"rendered":"https:\/\/herbetwa-com-842510.hostingersite.com\/product\/marjoram\/"},"modified":"2022-05-18T11:14:24","modified_gmt":"2022-05-18T08:14:24","slug":"majoran","status":"publish","type":"product","link":"https:\/\/herbetwa.net\/de\/product\/majoran\/","title":{"rendered":"Majoran"},"content":{"rendered":"\n<p>Majoran (aus \u00c4gypten stammend)<\/p>\n\n\n\n<p>Majoran wird als Gew\u00fcrz in vielen Gerichten verwendet. Es ist auch bekannt, dass es medizinische Eigenschaften hat. Es wird angenommen, dass Majoran erstmals im alten \u00c4gypten angebaut wurde. Es ist eine mehrj\u00e4hrige krautige Pflanze, die zur Familie der Lippenbl\u00fctler (Lamiaceae) geh\u00f6rt. Dieses Kraut hat kleine Bl\u00e4tter und wei\u00dfe Bl\u00fcten. Sie kann bis zu 2 Meter hoch werden.<\/p>\n\n\n\n<p>Verwendung von Majoran<\/p>\n\n\n\n<p>Es wird als K\u00fcchenkraut und Gew\u00fcrz verwendet. Es wird oft zu Suppen, Eint\u00f6pfen, Saucen und anderen herzhaften Gerichten hinzugef\u00fcgt. Es wird auch h\u00e4ufig in der mediterranen K\u00fcche verwendet. Es wird manchmal Oregano genannt, aber dieser Name ist nicht genau. Oregano kommt vom griechischen Wort \u201eoregein\u201c und bedeutet \u201eBergnektar\u201c. Majoran geh\u00f6rt eigentlich zur Familie der Lippenbl\u00fctler.<\/p>\n\n\n\n<p><strong>Name: <\/strong>Majoran<\/p>\n\n\n\n<p><strong>Botanischer Name: <\/strong>Origanum Majorana Alternative Namen Majoran<\/p>\n\n\n\n<p><strong>Form:<\/strong> xxxxxx 3,5-4 mm<\/p>\n\n\n\n<p><strong>Qualit\u00e4t: <\/strong>1. Klasse<\/p>\n\n\n\n<p><strong>Verpackung: <\/strong>20 kg Papiersack oder 25 kg Polypropylensack<\/p>\n\n\n\n<p><strong>Verf\u00fcgbarkeit: <\/strong>Die Ernte beginnt im Mai und ist das ganze Jahr auf Lager.<\/p>\n\n\n\n<p><strong>Beh\u00e4lterkapazit\u00e4t:<\/strong><\/p>\n\n\n\n<p>20 FCL-Container 6 Tonnen<\/p>\n\n\n\n<p>40 FCL-Container 11 Tonnen<\/p>\n\n\n\n<p><strong>Dieses Produkt ist auch in verschiedenen <\/strong>Formaten<strong> erh\u00e4ltlich:<\/strong><\/p>\n\n\n\n<p>\u00b7 Gro\u00df geschnittener Majoran<\/p>\n\n\n\n<p>\u00b7 Standard geschnittener Majoran<\/p>\n\n\n\n<p>. Fein geschnittener Majoran<\/p>\n\n\n\n<p>. Majoranpulver<\/p>\n\n\n\n<p><strong>Ursprung:<\/strong> \u00c4gypten<\/p>\n\n\n\n<figure class=\"wp-block-gallery has-nested-images columns-default is-cropped wp-block-gallery-1 is-layout-flex wp-block-gallery-is-layout-flex\">\n<figure class=\"wp-block-image size-large\"><img loading=\"lazy\" decoding=\"async\" width=\"1024\" height=\"1024\" data-id=\"147\" src=\"https:\/\/herbetwa-com-842510.hostingersite.com\/wp-content\/uploads\/2022\/04\/18-Marjoram-ground-egypt-herb-etwa.jpg\" alt=\"Ground Marjoram of Egyptian origin Using as food ingredient Selling In bulk\" class=\"wp-image-147\" srcset=\"https:\/\/herbetwa.net\/wp-content\/uploads\/2022\/04\/18-Marjoram-ground-egypt-herb-etwa.jpg 1024w, https:\/\/herbetwa.net\/wp-content\/uploads\/2022\/04\/18-Marjoram-ground-egypt-herb-etwa-300x300.jpg 300w, https:\/\/herbetwa.net\/wp-content\/uploads\/2022\/04\/18-Marjoram-ground-egypt-herb-etwa-150x150.jpg 150w, https:\/\/herbetwa.net\/wp-content\/uploads\/2022\/04\/18-Marjoram-ground-egypt-herb-etwa-768x768.jpg 768w\" sizes=\"auto, (max-width: 1024px) 100vw, 1024px\" \/><\/figure>\n\n\n\n<figure class=\"wp-block-image size-large\"><img loading=\"lazy\" decoding=\"async\" width=\"1024\" height=\"1024\" data-id=\"146\" src=\"https:\/\/herbetwa-com-842510.hostingersite.com\/wp-content\/uploads\/2022\/04\/18-marjoram-fine-cut-egypt-herb-etwa.jpg\" alt=\"Fine Cut Marjoram of Egyptian origin selling in Bulk\" class=\"wp-image-146\" srcset=\"https:\/\/herbetwa.net\/wp-content\/uploads\/2022\/04\/18-marjoram-fine-cut-egypt-herb-etwa.jpg 1024w, https:\/\/herbetwa.net\/wp-content\/uploads\/2022\/04\/18-marjoram-fine-cut-egypt-herb-etwa-300x300.jpg 300w, https:\/\/herbetwa.net\/wp-content\/uploads\/2022\/04\/18-marjoram-fine-cut-egypt-herb-etwa-150x150.jpg 150w, https:\/\/herbetwa.net\/wp-content\/uploads\/2022\/04\/18-marjoram-fine-cut-egypt-herb-etwa-768x768.jpg 768w\" sizes=\"auto, (max-width: 1024px) 100vw, 1024px\" \/><\/figure>\n<\/figure>\n","protected":false},"featured_media":398,"template":"","product-category":[24],"class_list":["post-1021","product","type-product","status-publish","has-post-thumbnail","hentry","product-category-gewurze"],"yoast_head":"<!-- This site is optimized with the Yoast SEO Premium plugin v16.6 (Yoast SEO v27.4) - https:\/\/yoast.com\/product\/yoast-seo-premium-wordpress\/ -->\n<title>Majoran Verkauf Sch\u00fcttung | Herb Etwa | JETZT zitieren<\/title>\n<meta name=\"description\" content=\"Vertrauensw\u00fcrdiger Kr\u00e4uterlieferant von Majoran. Verkauf Sch\u00fcttung f\u00fcr Kr\u00e4utergro\u00dfh\u00e4ndler und -verteiler FORDERN SIE IHRE KOSTENLOSE PROBE AN\" \/>\n<meta name=\"robots\" content=\"index, follow, max-snippet:-1, max-image-preview:large, max-video-preview:-1\" \/>\n<link rel=\"canonical\" href=\"https:\/\/herbetwa.net\/de\/product\/majoran\/\" \/>\n<meta property=\"og:locale\" content=\"de_DE\" \/>\n<meta property=\"og:type\" content=\"article\" \/>\n<meta property=\"og:title\" content=\"Majoran\" \/>\n<meta property=\"og:description\" content=\"Vertrauensw\u00fcrdiger Kr\u00e4uterlieferant von Majoran. Verkauf Sch\u00fcttung f\u00fcr Kr\u00e4utergro\u00dfh\u00e4ndler und -verteiler FORDERN SIE IHRE KOSTENLOSE PROBE AN\" \/>\n<meta property=\"og:url\" content=\"https:\/\/herbetwa.net\/de\/product\/majoran\/\" \/>\n<meta property=\"og:site_name\" content=\"Herb Etwa\" \/>\n<meta property=\"article:modified_time\" content=\"2022-05-18T08:14:24+00:00\" \/>\n<meta property=\"og:image\" content=\"https:\/\/herbetwa.net\/wp-content\/uploads\/2022\/04\/18-marjoram-fine-cut-egypt-herb-etwa.jpg\" \/>\n\t<meta property=\"og:image:width\" content=\"1024\" \/>\n\t<meta property=\"og:image:height\" content=\"1024\" \/>\n\t<meta property=\"og:image:type\" content=\"image\/jpeg\" \/>\n<meta name=\"twitter:card\" content=\"summary_large_image\" \/>\n<meta name=\"twitter:label1\" content=\"Gesch\u00e4tzte Lesezeit\" \/>\n\t<meta name=\"twitter:data1\" content=\"2\u00a0Minuten\" \/>\n<script type=\"application\/ld+json\" class=\"yoast-schema-graph\">{\"@context\":\"https:\\\/\\\/schema.org\",\"@graph\":[{\"@type\":\"WebPage\",\"@id\":\"https:\\\/\\\/herbetwa.net\\\/de\\\/product\\\/majoran\\\/\",\"url\":\"https:\\\/\\\/herbetwa.net\\\/de\\\/product\\\/majoran\\\/\",\"name\":\"Majoran Verkauf Sch\u00fcttung | Herb Etwa | JETZT zitieren\",\"isPartOf\":{\"@id\":\"https:\\\/\\\/herbetwa.net\\\/en\\\/#website\"},\"primaryImageOfPage\":{\"@id\":\"https:\\\/\\\/herbetwa.net\\\/de\\\/product\\\/majoran\\\/#primaryimage\"},\"image\":{\"@id\":\"https:\\\/\\\/herbetwa.net\\\/de\\\/product\\\/majoran\\\/#primaryimage\"},\"thumbnailUrl\":\"https:\\\/\\\/herbetwa.net\\\/wp-content\\\/uploads\\\/2022\\\/04\\\/18-marjoram-fine-cut-egypt-herb-etwa.jpg\",\"datePublished\":\"2022-04-03T17:33:57+00:00\",\"dateModified\":\"2022-05-18T08:14:24+00:00\",\"description\":\"Vertrauensw\u00fcrdiger Kr\u00e4uterlieferant von Majoran. Verkauf Sch\u00fcttung f\u00fcr Kr\u00e4utergro\u00dfh\u00e4ndler und -verteiler FORDERN SIE IHRE KOSTENLOSE PROBE AN\",\"breadcrumb\":{\"@id\":\"https:\\\/\\\/herbetwa.net\\\/de\\\/product\\\/majoran\\\/#breadcrumb\"},\"inLanguage\":\"de\",\"potentialAction\":[{\"@type\":\"ReadAction\",\"target\":[\"https:\\\/\\\/herbetwa.net\\\/de\\\/product\\\/majoran\\\/\"]}]},{\"@type\":\"ImageObject\",\"inLanguage\":\"de\",\"@id\":\"https:\\\/\\\/herbetwa.net\\\/de\\\/product\\\/majoran\\\/#primaryimage\",\"url\":\"https:\\\/\\\/herbetwa.net\\\/wp-content\\\/uploads\\\/2022\\\/04\\\/18-marjoram-fine-cut-egypt-herb-etwa.jpg\",\"contentUrl\":\"https:\\\/\\\/herbetwa.net\\\/wp-content\\\/uploads\\\/2022\\\/04\\\/18-marjoram-fine-cut-egypt-herb-etwa.jpg\",\"width\":1024,\"height\":1024,\"caption\":\"Marjoram of Egyptian origin selling in Bulk\"},{\"@type\":\"BreadcrumbList\",\"@id\":\"https:\\\/\\\/herbetwa.net\\\/de\\\/product\\\/majoran\\\/#breadcrumb\",\"itemListElement\":[{\"@type\":\"ListItem\",\"position\":1,\"name\":\"Home\",\"item\":\"https:\\\/\\\/herbetwa.net\\\/de\\\/\"},{\"@type\":\"ListItem\",\"position\":2,\"name\":\"Majoran\"}]},{\"@type\":\"WebSite\",\"@id\":\"https:\\\/\\\/herbetwa.net\\\/en\\\/#website\",\"url\":\"https:\\\/\\\/herbetwa.net\\\/en\\\/\",\"name\":\"Herb Etwa\",\"description\":\"Herbs and Spices From Middle East\",\"potentialAction\":[{\"@type\":\"SearchAction\",\"target\":{\"@type\":\"EntryPoint\",\"urlTemplate\":\"https:\\\/\\\/herbetwa.net\\\/en\\\/?s={search_term_string}\"},\"query-input\":{\"@type\":\"PropertyValueSpecification\",\"valueRequired\":true,\"valueName\":\"search_term_string\"}}],\"inLanguage\":\"de\"}]}<\/script>\n<!-- \/ Yoast SEO Premium plugin. -->","yoast_head_json":{"title":"Majoran Verkauf Sch\u00fcttung | Herb Etwa | JETZT zitieren","description":"Vertrauensw\u00fcrdiger Kr\u00e4uterlieferant von Majoran. Verkauf Sch\u00fcttung f\u00fcr Kr\u00e4utergro\u00dfh\u00e4ndler und -verteiler FORDERN SIE IHRE KOSTENLOSE PROBE AN","robots":{"index":"index","follow":"follow","max-snippet":"max-snippet:-1","max-image-preview":"max-image-preview:large","max-video-preview":"max-video-preview:-1"},"canonical":"https:\/\/herbetwa.net\/de\/product\/majoran\/","og_locale":"de_DE","og_type":"article","og_title":"Majoran","og_description":"Vertrauensw\u00fcrdiger Kr\u00e4uterlieferant von Majoran. Verkauf Sch\u00fcttung f\u00fcr Kr\u00e4utergro\u00dfh\u00e4ndler und -verteiler FORDERN SIE IHRE KOSTENLOSE PROBE AN","og_url":"https:\/\/herbetwa.net\/de\/product\/majoran\/","og_site_name":"Herb Etwa","article_modified_time":"2022-05-18T08:14:24+00:00","og_image":[{"width":1024,"height":1024,"url":"https:\/\/herbetwa.net\/wp-content\/uploads\/2022\/04\/18-marjoram-fine-cut-egypt-herb-etwa.jpg","type":"image\/jpeg"}],"twitter_card":"summary_large_image","twitter_misc":{"Gesch\u00e4tzte Lesezeit":"2\u00a0Minuten"},"schema":{"@context":"https:\/\/schema.org","@graph":[{"@type":"WebPage","@id":"https:\/\/herbetwa.net\/de\/product\/majoran\/","url":"https:\/\/herbetwa.net\/de\/product\/majoran\/","name":"Majoran Verkauf Sch\u00fcttung | Herb Etwa | JETZT zitieren","isPartOf":{"@id":"https:\/\/herbetwa.net\/en\/#website"},"primaryImageOfPage":{"@id":"https:\/\/herbetwa.net\/de\/product\/majoran\/#primaryimage"},"image":{"@id":"https:\/\/herbetwa.net\/de\/product\/majoran\/#primaryimage"},"thumbnailUrl":"https:\/\/herbetwa.net\/wp-content\/uploads\/2022\/04\/18-marjoram-fine-cut-egypt-herb-etwa.jpg","datePublished":"2022-04-03T17:33:57+00:00","dateModified":"2022-05-18T08:14:24+00:00","description":"Vertrauensw\u00fcrdiger Kr\u00e4uterlieferant von Majoran. Verkauf Sch\u00fcttung f\u00fcr Kr\u00e4utergro\u00dfh\u00e4ndler und -verteiler FORDERN SIE IHRE KOSTENLOSE PROBE AN","breadcrumb":{"@id":"https:\/\/herbetwa.net\/de\/product\/majoran\/#breadcrumb"},"inLanguage":"de","potentialAction":[{"@type":"ReadAction","target":["https:\/\/herbetwa.net\/de\/product\/majoran\/"]}]},{"@type":"ImageObject","inLanguage":"de","@id":"https:\/\/herbetwa.net\/de\/product\/majoran\/#primaryimage","url":"https:\/\/herbetwa.net\/wp-content\/uploads\/2022\/04\/18-marjoram-fine-cut-egypt-herb-etwa.jpg","contentUrl":"https:\/\/herbetwa.net\/wp-content\/uploads\/2022\/04\/18-marjoram-fine-cut-egypt-herb-etwa.jpg","width":1024,"height":1024,"caption":"Marjoram of Egyptian origin selling in Bulk"},{"@type":"BreadcrumbList","@id":"https:\/\/herbetwa.net\/de\/product\/majoran\/#breadcrumb","itemListElement":[{"@type":"ListItem","position":1,"name":"Home","item":"https:\/\/herbetwa.net\/de\/"},{"@type":"ListItem","position":2,"name":"Majoran"}]},{"@type":"WebSite","@id":"https:\/\/herbetwa.net\/en\/#website","url":"https:\/\/herbetwa.net\/en\/","name":"Herb Etwa","description":"Herbs and Spices From Middle East","potentialAction":[{"@type":"SearchAction","target":{"@type":"EntryPoint","urlTemplate":"https:\/\/herbetwa.net\/en\/?s={search_term_string}"},"query-input":{"@type":"PropertyValueSpecification","valueRequired":true,"valueName":"search_term_string"}}],"inLanguage":"de"}]}},"_links":{"self":[{"href":"https:\/\/herbetwa.net\/de\/wp-json\/wp\/v2\/product\/1021","targetHints":{"allow":["GET"]}}],"collection":[{"href":"https:\/\/herbetwa.net\/de\/wp-json\/wp\/v2\/product"}],"about":[{"href":"https:\/\/herbetwa.net\/de\/wp-json\/wp\/v2\/types\/product"}],"wp:featuredmedia":[{"embeddable":true,"href":"https:\/\/herbetwa.net\/de\/wp-json\/wp\/v2\/media\/398"}],"wp:attachment":[{"href":"https:\/\/herbetwa.net\/de\/wp-json\/wp\/v2\/media?parent=1021"}],"wp:term":[{"taxonomy":"product-category","embeddable":true,"href":"https:\/\/herbetwa.net\/de\/wp-json\/wp\/v2\/product-category?post=1021"}],"curies":[{"name":"wp","href":"https:\/\/api.w.org\/{rel}","templated":true}]}}