{"id":1016,"date":"2022-04-03T20:32:15","date_gmt":"2022-04-03T17:32:15","guid":{"rendered":"https:\/\/herbetwa-com-842510.hostingersite.com\/product\/laurel-leaves\/"},"modified":"2022-05-18T11:15:25","modified_gmt":"2022-05-18T08:15:25","slug":"lorbeer-blaetter","status":"publish","type":"product","link":"https:\/\/herbetwa.net\/de\/product\/lorbeer-blaetter\/","title":{"rendered":"Lorbeer Blatter"},"content":{"rendered":"\n<p>Der Lorbeerbaum (Laurus nobilis) ist in S\u00fcdeuropa und Westasien beheimatet. Es wird seit der Antike wegen seiner aromatischen Bl\u00e4tter kultiviert, die in der K\u00fcche, in Parfums und in der Medizin verwendet werden. Sein Name leitet sich vom lateinischen Wort \u201elaurea\u201c ab, was \u201egolden\u201c bedeutet. Die Bl\u00e4tter werden im Fr\u00fchjahr geerntet und in der Sonne getrocknet. Sie k\u00f6nnen mehrere Monate gelagert werden, ohne an Qualit\u00e4t zu verlieren.<\/p>\n\n\n\n<p>Laurus Nobilis-\u00d6l<\/p>\n\n\n\n<p>&nbsp;&nbsp;Dieses \u00d6l wird aus den Bl\u00e4ttern des Lorbeerbaums gewonnen. Es ist bekannt f\u00fcr seinen hohen Gehalt an Monoterpenen, darunter Linalool, Geraniol, Nerol, Citronellal, Citral und Terpinen-4-ol. Diese Verbindungen haben ein starkes Aroma, das sie in der Kosmetik und Aromatherapie n\u00fctzlich macht.<\/p>\n\n\n\n<p>Es ist eine ges\u00e4ttigte Fetts\u00e4ure, die aus Kokos\u00f6l gewonnen wird. Aufgrund seiner antimikrobiellen Eigenschaften wird es h\u00e4ufig in Lebensmitteln, Arzneimitteln und K\u00f6rperpflegeprodukten verwendet.<\/p>\n\n\n\n<p><strong>Name:<\/strong>Lorbeer blatter<\/p>\n\n\n\n<p><strong>Botanischer Name:<\/strong>Laurus nobilis<\/p>\n\n\n\n<p><strong>Form:<\/strong> Geschnitten und gescreent, gebrochen, geschliffen<\/p>\n\n\n\n<p><strong>Qualit\u00e4t: <\/strong>1. Klasse<\/p>\n\n\n\n<p><strong>Verpackung: <\/strong>10-20 kg Nettogewicht Kartons oder 25 kg Nettogewicht PP-S\u00e4cke<\/p>\n\n\n\n<p><strong>Verf\u00fcgbarkeit: <\/strong>Die Ernte ist das ganze Jahr \u00fcber verf\u00fcgbar.<\/p>\n\n\n\n<p><strong>Beh\u00e4lterkapazit\u00e4t:<\/strong><\/p>\n\n\n\n<p>3,5\u20134 metrische Tonnen, wenn sie in 20 FCL-Beh\u00e4lterkartons gef\u00fcllt werden, 5\u20136 metrische Tonnen, wenn sie in PP-Beutel gef\u00fcllt werden<\/p>\n\n\n\n<p>6-7 metrische Tonnen, wenn sie in 40 FCL-Containerkartons gef\u00fcllt werden, 10-12 metrische Tonnen, wenn sie in PP-Beutel gef\u00fcllt werden<\/p>\n\n\n\n<p><strong>Ursprung: <\/strong>\u00c4gypten<\/p>\n\n\n\n<figure class=\"wp-block-gallery has-nested-images columns-default is-cropped wp-block-gallery-1 is-layout-flex wp-block-gallery-is-layout-flex\">\n<figure class=\"wp-block-image size-large\"><img loading=\"lazy\" decoding=\"async\" width=\"1024\" height=\"1024\" data-id=\"144\" src=\"https:\/\/herbetwa-com-842510.hostingersite.com\/wp-content\/uploads\/2022\/04\/17-laurel-leaves-egypt-herb-etwa.jpg\" alt=\"Laurel leaves For Bulk and Wholesales\" class=\"wp-image-144\" srcset=\"https:\/\/herbetwa.net\/wp-content\/uploads\/2022\/04\/17-laurel-leaves-egypt-herb-etwa.jpg 1024w, https:\/\/herbetwa.net\/wp-content\/uploads\/2022\/04\/17-laurel-leaves-egypt-herb-etwa-300x300.jpg 300w, https:\/\/herbetwa.net\/wp-content\/uploads\/2022\/04\/17-laurel-leaves-egypt-herb-etwa-150x150.jpg 150w, https:\/\/herbetwa.net\/wp-content\/uploads\/2022\/04\/17-laurel-leaves-egypt-herb-etwa-768x768.jpg 768w\" sizes=\"auto, (max-width: 1024px) 100vw, 1024px\" \/><\/figure>\n\n\n\n<figure class=\"wp-block-image size-large\"><img loading=\"lazy\" decoding=\"async\" width=\"1024\" height=\"1024\" data-id=\"143\" src=\"https:\/\/herbetwa-com-842510.hostingersite.com\/wp-content\/uploads\/2022\/04\/17-laurel-fine-cut-egypt-herb-etwa.jpg\" alt=\"Laurel leaves of Turkish origin Selling In bulk\" class=\"wp-image-143\" srcset=\"https:\/\/herbetwa.net\/wp-content\/uploads\/2022\/04\/17-laurel-fine-cut-egypt-herb-etwa.jpg 1024w, https:\/\/herbetwa.net\/wp-content\/uploads\/2022\/04\/17-laurel-fine-cut-egypt-herb-etwa-300x300.jpg 300w, https:\/\/herbetwa.net\/wp-content\/uploads\/2022\/04\/17-laurel-fine-cut-egypt-herb-etwa-150x150.jpg 150w, https:\/\/herbetwa.net\/wp-content\/uploads\/2022\/04\/17-laurel-fine-cut-egypt-herb-etwa-768x768.jpg 768w\" sizes=\"auto, (max-width: 1024px) 100vw, 1024px\" \/><\/figure>\n\n\n\n<figure class=\"wp-block-image size-large\"><img loading=\"lazy\" decoding=\"async\" width=\"1024\" height=\"1024\" data-id=\"142\" src=\"https:\/\/herbetwa-com-842510.hostingersite.com\/wp-content\/uploads\/2022\/04\/17-laurel-leaves-ground-egypt-herb-etwa.jpg\" alt=\"Ground Laurel leaves of Egyptian origin\" class=\"wp-image-142\" srcset=\"https:\/\/herbetwa.net\/wp-content\/uploads\/2022\/04\/17-laurel-leaves-ground-egypt-herb-etwa.jpg 1024w, https:\/\/herbetwa.net\/wp-content\/uploads\/2022\/04\/17-laurel-leaves-ground-egypt-herb-etwa-300x300.jpg 300w, https:\/\/herbetwa.net\/wp-content\/uploads\/2022\/04\/17-laurel-leaves-ground-egypt-herb-etwa-150x150.jpg 150w, https:\/\/herbetwa.net\/wp-content\/uploads\/2022\/04\/17-laurel-leaves-ground-egypt-herb-etwa-768x768.jpg 768w\" sizes=\"auto, (max-width: 1024px) 100vw, 1024px\" \/><\/figure>\n<\/figure>\n","protected":false},"featured_media":396,"template":"","product-category":[24],"class_list":["post-1016","product","type-product","status-publish","has-post-thumbnail","hentry","product-category-gewurze"],"yoast_head":"<!-- This site is optimized with the Yoast SEO Premium plugin v16.6 (Yoast SEO v27.4) - https:\/\/yoast.com\/product\/yoast-seo-premium-wordpress\/ -->\n<title>Lorbeerbl\u00e4tter Verkauf Sch\u00fcttung | Herb Etwa| JETZT zitieren<\/title>\n<meta name=\"description\" content=\"Vertrauensw\u00fcrdiger Kr\u00e4uterlieferant f\u00fcr Lorbeerbl\u00e4tter. Verkauf Sch\u00fcttung f\u00fcr Kr\u00e4utergro\u00dfh\u00e4ndler und -verteiler FORDERN SIE IHRE KOSTENLOSE PROBE AN\" \/>\n<meta name=\"robots\" content=\"index, follow, max-snippet:-1, max-image-preview:large, max-video-preview:-1\" \/>\n<link rel=\"canonical\" href=\"https:\/\/www.herbetwa.net\/de\/product\/lorbeer-blaetter\/\" \/>\n<meta property=\"og:locale\" content=\"de_DE\" \/>\n<meta property=\"og:type\" content=\"article\" \/>\n<meta property=\"og:title\" content=\"Lorbeer Blatter\" \/>\n<meta property=\"og:description\" content=\"Vertrauensw\u00fcrdiger Kr\u00e4uterlieferant f\u00fcr Lorbeerbl\u00e4tter. Verkauf Sch\u00fcttung f\u00fcr Kr\u00e4utergro\u00dfh\u00e4ndler und -verteiler FORDERN SIE IHRE KOSTENLOSE PROBE AN\" \/>\n<meta property=\"og:url\" content=\"https:\/\/www.herbetwa.net\/de\/product\/lorbeer-blaetter\/\" \/>\n<meta property=\"og:site_name\" content=\"Herb Etwa\" \/>\n<meta property=\"article:modified_time\" content=\"2022-05-18T08:15:25+00:00\" \/>\n<meta property=\"og:image\" content=\"https:\/\/www.herbetwa.net\/wp-content\/uploads\/2022\/04\/17-laurel-leaves-egypt-herb-etwa.jpg\" \/>\n\t<meta property=\"og:image:width\" content=\"1024\" \/>\n\t<meta property=\"og:image:height\" content=\"1024\" \/>\n\t<meta property=\"og:image:type\" content=\"image\/jpeg\" \/>\n<meta name=\"twitter:card\" content=\"summary_large_image\" \/>\n<meta name=\"twitter:label1\" content=\"Gesch\u00e4tzte Lesezeit\" \/>\n\t<meta name=\"twitter:data1\" content=\"2\u00a0Minuten\" \/>\n<script type=\"application\/ld+json\" class=\"yoast-schema-graph\">{\"@context\":\"https:\\\/\\\/schema.org\",\"@graph\":[{\"@type\":\"WebPage\",\"@id\":\"https:\\\/\\\/www.herbetwa.net\\\/de\\\/product\\\/lorbeer-blaetter\\\/\",\"url\":\"https:\\\/\\\/www.herbetwa.net\\\/de\\\/product\\\/lorbeer-blaetter\\\/\",\"name\":\"Lorbeerbl\u00e4tter Verkauf Sch\u00fcttung | Herb Etwa| JETZT zitieren\",\"isPartOf\":{\"@id\":\"https:\\\/\\\/herbetwa.net\\\/en\\\/#website\"},\"primaryImageOfPage\":{\"@id\":\"https:\\\/\\\/www.herbetwa.net\\\/de\\\/product\\\/lorbeer-blaetter\\\/#primaryimage\"},\"image\":{\"@id\":\"https:\\\/\\\/www.herbetwa.net\\\/de\\\/product\\\/lorbeer-blaetter\\\/#primaryimage\"},\"thumbnailUrl\":\"https:\\\/\\\/herbetwa.net\\\/wp-content\\\/uploads\\\/2022\\\/04\\\/17-laurel-leaves-egypt-herb-etwa.jpg\",\"datePublished\":\"2022-04-03T17:32:15+00:00\",\"dateModified\":\"2022-05-18T08:15:25+00:00\",\"description\":\"Vertrauensw\u00fcrdiger Kr\u00e4uterlieferant f\u00fcr Lorbeerbl\u00e4tter. Verkauf Sch\u00fcttung f\u00fcr Kr\u00e4utergro\u00dfh\u00e4ndler und -verteiler FORDERN SIE IHRE KOSTENLOSE PROBE AN\",\"breadcrumb\":{\"@id\":\"https:\\\/\\\/www.herbetwa.net\\\/de\\\/product\\\/lorbeer-blaetter\\\/#breadcrumb\"},\"inLanguage\":\"de\",\"potentialAction\":[{\"@type\":\"ReadAction\",\"target\":[\"https:\\\/\\\/www.herbetwa.net\\\/de\\\/product\\\/lorbeer-blaetter\\\/\"]}]},{\"@type\":\"ImageObject\",\"inLanguage\":\"de\",\"@id\":\"https:\\\/\\\/www.herbetwa.net\\\/de\\\/product\\\/lorbeer-blaetter\\\/#primaryimage\",\"url\":\"https:\\\/\\\/herbetwa.net\\\/wp-content\\\/uploads\\\/2022\\\/04\\\/17-laurel-leaves-egypt-herb-etwa.jpg\",\"contentUrl\":\"https:\\\/\\\/herbetwa.net\\\/wp-content\\\/uploads\\\/2022\\\/04\\\/17-laurel-leaves-egypt-herb-etwa.jpg\",\"width\":1024,\"height\":1024,\"caption\":\"Laurel leaves For Bulk and Wholesales\"},{\"@type\":\"BreadcrumbList\",\"@id\":\"https:\\\/\\\/www.herbetwa.net\\\/de\\\/product\\\/lorbeer-blaetter\\\/#breadcrumb\",\"itemListElement\":[{\"@type\":\"ListItem\",\"position\":1,\"name\":\"Home\",\"item\":\"https:\\\/\\\/herbetwa.net\\\/de\\\/\"},{\"@type\":\"ListItem\",\"position\":2,\"name\":\"Lorbeer Blatter\"}]},{\"@type\":\"WebSite\",\"@id\":\"https:\\\/\\\/herbetwa.net\\\/en\\\/#website\",\"url\":\"https:\\\/\\\/herbetwa.net\\\/en\\\/\",\"name\":\"Herb Etwa\",\"description\":\"Herbs and Spices From Middle East\",\"potentialAction\":[{\"@type\":\"SearchAction\",\"target\":{\"@type\":\"EntryPoint\",\"urlTemplate\":\"https:\\\/\\\/herbetwa.net\\\/en\\\/?s={search_term_string}\"},\"query-input\":{\"@type\":\"PropertyValueSpecification\",\"valueRequired\":true,\"valueName\":\"search_term_string\"}}],\"inLanguage\":\"de\"}]}<\/script>\n<!-- \/ Yoast SEO Premium plugin. -->","yoast_head_json":{"title":"Lorbeerbl\u00e4tter Verkauf Sch\u00fcttung | Herb Etwa| JETZT zitieren","description":"Vertrauensw\u00fcrdiger Kr\u00e4uterlieferant f\u00fcr Lorbeerbl\u00e4tter. Verkauf Sch\u00fcttung f\u00fcr Kr\u00e4utergro\u00dfh\u00e4ndler und -verteiler FORDERN SIE IHRE KOSTENLOSE PROBE AN","robots":{"index":"index","follow":"follow","max-snippet":"max-snippet:-1","max-image-preview":"max-image-preview:large","max-video-preview":"max-video-preview:-1"},"canonical":"https:\/\/www.herbetwa.net\/de\/product\/lorbeer-blaetter\/","og_locale":"de_DE","og_type":"article","og_title":"Lorbeer Blatter","og_description":"Vertrauensw\u00fcrdiger Kr\u00e4uterlieferant f\u00fcr Lorbeerbl\u00e4tter. Verkauf Sch\u00fcttung f\u00fcr Kr\u00e4utergro\u00dfh\u00e4ndler und -verteiler FORDERN SIE IHRE KOSTENLOSE PROBE AN","og_url":"https:\/\/www.herbetwa.net\/de\/product\/lorbeer-blaetter\/","og_site_name":"Herb Etwa","article_modified_time":"2022-05-18T08:15:25+00:00","og_image":[{"width":1024,"height":1024,"url":"https:\/\/www.herbetwa.net\/wp-content\/uploads\/2022\/04\/17-laurel-leaves-egypt-herb-etwa.jpg","type":"image\/jpeg"}],"twitter_card":"summary_large_image","twitter_misc":{"Gesch\u00e4tzte Lesezeit":"2\u00a0Minuten"},"schema":{"@context":"https:\/\/schema.org","@graph":[{"@type":"WebPage","@id":"https:\/\/www.herbetwa.net\/de\/product\/lorbeer-blaetter\/","url":"https:\/\/www.herbetwa.net\/de\/product\/lorbeer-blaetter\/","name":"Lorbeerbl\u00e4tter Verkauf Sch\u00fcttung | Herb Etwa| JETZT zitieren","isPartOf":{"@id":"https:\/\/herbetwa.net\/en\/#website"},"primaryImageOfPage":{"@id":"https:\/\/www.herbetwa.net\/de\/product\/lorbeer-blaetter\/#primaryimage"},"image":{"@id":"https:\/\/www.herbetwa.net\/de\/product\/lorbeer-blaetter\/#primaryimage"},"thumbnailUrl":"https:\/\/herbetwa.net\/wp-content\/uploads\/2022\/04\/17-laurel-leaves-egypt-herb-etwa.jpg","datePublished":"2022-04-03T17:32:15+00:00","dateModified":"2022-05-18T08:15:25+00:00","description":"Vertrauensw\u00fcrdiger Kr\u00e4uterlieferant f\u00fcr Lorbeerbl\u00e4tter. Verkauf Sch\u00fcttung f\u00fcr Kr\u00e4utergro\u00dfh\u00e4ndler und -verteiler FORDERN SIE IHRE KOSTENLOSE PROBE AN","breadcrumb":{"@id":"https:\/\/www.herbetwa.net\/de\/product\/lorbeer-blaetter\/#breadcrumb"},"inLanguage":"de","potentialAction":[{"@type":"ReadAction","target":["https:\/\/www.herbetwa.net\/de\/product\/lorbeer-blaetter\/"]}]},{"@type":"ImageObject","inLanguage":"de","@id":"https:\/\/www.herbetwa.net\/de\/product\/lorbeer-blaetter\/#primaryimage","url":"https:\/\/herbetwa.net\/wp-content\/uploads\/2022\/04\/17-laurel-leaves-egypt-herb-etwa.jpg","contentUrl":"https:\/\/herbetwa.net\/wp-content\/uploads\/2022\/04\/17-laurel-leaves-egypt-herb-etwa.jpg","width":1024,"height":1024,"caption":"Laurel leaves For Bulk and Wholesales"},{"@type":"BreadcrumbList","@id":"https:\/\/www.herbetwa.net\/de\/product\/lorbeer-blaetter\/#breadcrumb","itemListElement":[{"@type":"ListItem","position":1,"name":"Home","item":"https:\/\/herbetwa.net\/de\/"},{"@type":"ListItem","position":2,"name":"Lorbeer Blatter"}]},{"@type":"WebSite","@id":"https:\/\/herbetwa.net\/en\/#website","url":"https:\/\/herbetwa.net\/en\/","name":"Herb Etwa","description":"Herbs and Spices From Middle East","potentialAction":[{"@type":"SearchAction","target":{"@type":"EntryPoint","urlTemplate":"https:\/\/herbetwa.net\/en\/?s={search_term_string}"},"query-input":{"@type":"PropertyValueSpecification","valueRequired":true,"valueName":"search_term_string"}}],"inLanguage":"de"}]}},"_links":{"self":[{"href":"https:\/\/herbetwa.net\/de\/wp-json\/wp\/v2\/product\/1016","targetHints":{"allow":["GET"]}}],"collection":[{"href":"https:\/\/herbetwa.net\/de\/wp-json\/wp\/v2\/product"}],"about":[{"href":"https:\/\/herbetwa.net\/de\/wp-json\/wp\/v2\/types\/product"}],"wp:featuredmedia":[{"embeddable":true,"href":"https:\/\/herbetwa.net\/de\/wp-json\/wp\/v2\/media\/396"}],"wp:attachment":[{"href":"https:\/\/herbetwa.net\/de\/wp-json\/wp\/v2\/media?parent=1016"}],"wp:term":[{"taxonomy":"product-category","embeddable":true,"href":"https:\/\/herbetwa.net\/de\/wp-json\/wp\/v2\/product-category?post=1016"}],"curies":[{"name":"wp","href":"https:\/\/api.w.org\/{rel}","templated":true}]}}