{"id":1011,"date":"2022-04-03T20:30:52","date_gmt":"2022-04-03T17:30:52","guid":{"rendered":"https:\/\/herbetwa-com-842510.hostingersite.com\/product\/dill-tips\/"},"modified":"2022-05-18T11:20:00","modified_gmt":"2022-05-18T08:20:00","slug":"dill-spitzen","status":"publish","type":"product","link":"https:\/\/herbetwa.net\/de\/product\/dill-spitzen\/","title":{"rendered":"Dill Spitzen"},"content":{"rendered":"\n<p>Die getrockneten Dillspitzen werden als Gew\u00fcrz und Aromastoff in vielen Gerichten verwendet. Sie k\u00f6nnen zu Suppen, Eint\u00f6pfen, Salaten, Saucen und sogar Backwaren hinzugef\u00fcgt werden. Dieses Kraut wird seit Jahrhunderten als Verdauungshilfe und zur Behandlung von Magenproblemen verwendet.<\/p>\n\n\n\n<p>Frischer Dill wird h\u00e4ufig zum Kochen und Backen verwendet. Es verleiht Fisch, Huhn, Eiern, Gem\u00fcse und anderen Lebensmitteln Geschmack. Es wird auch zur Herstellung von Gurken und Konserven verwendet.<\/p>\n\n\n\n<p>Dillsamen haben eine lange Tradition als Heilkraut. Fr\u00fcher wurden sie zur Behandlung von Erk\u00e4ltungen, Grippe und Magenbeschwerden eingesetzt. Heute werden sie immer noch verwendet, um Verdauungsst\u00f6rungen, \u00dcbelkeit und Bl\u00e4hungen zu lindern.<\/p>\n\n\n\n<p><strong>Name:<\/strong>Dill Spitzen<\/p>\n\n\n\n<p><strong>Botanischer Name:<\/strong>Anethum Graveolen<\/p>\n\n\n\n<p><strong>Form:<\/strong> Spitzen 2-2,5 mm<\/p>\n\n\n\n<p><strong>Paket: <\/strong>20-20 kg PP &amp; Papier &amp; Kartons\u00e4cke.<\/p>\n\n\n\n<p><strong>Verf\u00fcgbarkeit: <\/strong>Die Ernte beginnt im November und ist das ganze Jahr auf Lager<\/p>\n\n\n\n<p><strong>Dieses Produkt ist auch in verschiedenen Formaten erh\u00e4ltlich:<\/strong><\/p>\n\n\n\n<p>\u00b7 Staub<\/p>\n\n\n\n<p><strong>Beh\u00e4lterkapazit\u00e4t:<\/strong><\/p>\n\n\n\n<p>20 FCL-Container 13 Tonnen<\/p>\n\n\n\n<p>40 FCL-Container 25 Tonnen<\/p>\n\n\n\n<p><strong>Ursprung:<\/strong> \u00c4gypten<\/p>\n","protected":false},"featured_media":388,"template":"","product-category":[24],"class_list":["post-1011","product","type-product","status-publish","has-post-thumbnail","hentry","product-category-gewurze"],"yoast_head":"<!-- This site is optimized with the Yoast SEO Premium plugin v16.6 (Yoast SEO v27.4) - https:\/\/yoast.com\/product\/yoast-seo-premium-wordpress\/ -->\n<title>Dill-Tipp die in gro\u00dfen verkauft |Herb Etwa| JETZT zitieren<\/title>\n<meta name=\"description\" content=\"Vertrauensw\u00fcrdiger Kr\u00e4uterlieferant f\u00fcr Dillspitzen. Verkauf Sch\u00fcttung f\u00fcr Kr\u00e4utergro\u00dfh\u00e4ndler und -verteiler FORDERN SIE IHRE KOSTENLOSE PROBE AN\" \/>\n<meta name=\"robots\" content=\"index, follow, max-snippet:-1, max-image-preview:large, max-video-preview:-1\" \/>\n<link rel=\"canonical\" href=\"https:\/\/herbetwa.net\/de\/product\/dill-spitzen\/\" \/>\n<meta property=\"og:locale\" content=\"de_DE\" \/>\n<meta property=\"og:type\" content=\"article\" \/>\n<meta property=\"og:title\" content=\"Dill Spitzen\" \/>\n<meta property=\"og:description\" content=\"Vertrauensw\u00fcrdiger Kr\u00e4uterlieferant f\u00fcr Dillspitzen. Verkauf Sch\u00fcttung f\u00fcr Kr\u00e4utergro\u00dfh\u00e4ndler und -verteiler FORDERN SIE IHRE KOSTENLOSE PROBE AN\" \/>\n<meta property=\"og:url\" content=\"https:\/\/herbetwa.net\/de\/product\/dill-spitzen\/\" \/>\n<meta property=\"og:site_name\" content=\"Herb Etwa\" \/>\n<meta property=\"article:modified_time\" content=\"2022-05-18T08:20:00+00:00\" \/>\n<meta property=\"og:image\" content=\"https:\/\/herbetwa.net\/wp-content\/uploads\/2022\/04\/16-dill-tips-egypt-fine-cut-herb-etwa.jpg\" \/>\n\t<meta property=\"og:image:width\" content=\"1024\" \/>\n\t<meta property=\"og:image:height\" content=\"1024\" \/>\n\t<meta property=\"og:image:type\" content=\"image\/jpeg\" \/>\n<meta name=\"twitter:card\" content=\"summary_large_image\" \/>\n<meta name=\"twitter:label1\" content=\"Gesch\u00e4tzte Lesezeit\" \/>\n\t<meta name=\"twitter:data1\" content=\"1\u00a0Minute\" \/>\n<script type=\"application\/ld+json\" class=\"yoast-schema-graph\">{\"@context\":\"https:\\\/\\\/schema.org\",\"@graph\":[{\"@type\":\"WebPage\",\"@id\":\"https:\\\/\\\/herbetwa.net\\\/de\\\/product\\\/dill-spitzen\\\/\",\"url\":\"https:\\\/\\\/herbetwa.net\\\/de\\\/product\\\/dill-spitzen\\\/\",\"name\":\"Dill-Tipp die in gro\u00dfen verkauft |Herb Etwa| JETZT zitieren\",\"isPartOf\":{\"@id\":\"https:\\\/\\\/herbetwa.net\\\/en\\\/#website\"},\"primaryImageOfPage\":{\"@id\":\"https:\\\/\\\/herbetwa.net\\\/de\\\/product\\\/dill-spitzen\\\/#primaryimage\"},\"image\":{\"@id\":\"https:\\\/\\\/herbetwa.net\\\/de\\\/product\\\/dill-spitzen\\\/#primaryimage\"},\"thumbnailUrl\":\"https:\\\/\\\/herbetwa.net\\\/wp-content\\\/uploads\\\/2022\\\/04\\\/16-dill-tips-egypt-fine-cut-herb-etwa.jpg\",\"datePublished\":\"2022-04-03T17:30:52+00:00\",\"dateModified\":\"2022-05-18T08:20:00+00:00\",\"description\":\"Vertrauensw\u00fcrdiger Kr\u00e4uterlieferant f\u00fcr Dillspitzen. Verkauf Sch\u00fcttung f\u00fcr Kr\u00e4utergro\u00dfh\u00e4ndler und -verteiler FORDERN SIE IHRE KOSTENLOSE PROBE AN\",\"breadcrumb\":{\"@id\":\"https:\\\/\\\/herbetwa.net\\\/de\\\/product\\\/dill-spitzen\\\/#breadcrumb\"},\"inLanguage\":\"de\",\"potentialAction\":[{\"@type\":\"ReadAction\",\"target\":[\"https:\\\/\\\/herbetwa.net\\\/de\\\/product\\\/dill-spitzen\\\/\"]}]},{\"@type\":\"ImageObject\",\"inLanguage\":\"de\",\"@id\":\"https:\\\/\\\/herbetwa.net\\\/de\\\/product\\\/dill-spitzen\\\/#primaryimage\",\"url\":\"https:\\\/\\\/herbetwa.net\\\/wp-content\\\/uploads\\\/2022\\\/04\\\/16-dill-tips-egypt-fine-cut-herb-etwa.jpg\",\"contentUrl\":\"https:\\\/\\\/herbetwa.net\\\/wp-content\\\/uploads\\\/2022\\\/04\\\/16-dill-tips-egypt-fine-cut-herb-etwa.jpg\",\"width\":1024,\"height\":1024,\"caption\":\"Dill Tips of Egyptian origin Using as food ingredient Selling In bulk\"},{\"@type\":\"BreadcrumbList\",\"@id\":\"https:\\\/\\\/herbetwa.net\\\/de\\\/product\\\/dill-spitzen\\\/#breadcrumb\",\"itemListElement\":[{\"@type\":\"ListItem\",\"position\":1,\"name\":\"Home\",\"item\":\"https:\\\/\\\/herbetwa.net\\\/de\\\/\"},{\"@type\":\"ListItem\",\"position\":2,\"name\":\"Dill Spitzen\"}]},{\"@type\":\"WebSite\",\"@id\":\"https:\\\/\\\/herbetwa.net\\\/en\\\/#website\",\"url\":\"https:\\\/\\\/herbetwa.net\\\/en\\\/\",\"name\":\"Herb Etwa\",\"description\":\"Herbs and Spices From Middle East\",\"potentialAction\":[{\"@type\":\"SearchAction\",\"target\":{\"@type\":\"EntryPoint\",\"urlTemplate\":\"https:\\\/\\\/herbetwa.net\\\/en\\\/?s={search_term_string}\"},\"query-input\":{\"@type\":\"PropertyValueSpecification\",\"valueRequired\":true,\"valueName\":\"search_term_string\"}}],\"inLanguage\":\"de\"}]}<\/script>\n<!-- \/ Yoast SEO Premium plugin. -->","yoast_head_json":{"title":"Dill-Tipp die in gro\u00dfen verkauft |Herb Etwa| JETZT zitieren","description":"Vertrauensw\u00fcrdiger Kr\u00e4uterlieferant f\u00fcr Dillspitzen. Verkauf Sch\u00fcttung f\u00fcr Kr\u00e4utergro\u00dfh\u00e4ndler und -verteiler FORDERN SIE IHRE KOSTENLOSE PROBE AN","robots":{"index":"index","follow":"follow","max-snippet":"max-snippet:-1","max-image-preview":"max-image-preview:large","max-video-preview":"max-video-preview:-1"},"canonical":"https:\/\/herbetwa.net\/de\/product\/dill-spitzen\/","og_locale":"de_DE","og_type":"article","og_title":"Dill Spitzen","og_description":"Vertrauensw\u00fcrdiger Kr\u00e4uterlieferant f\u00fcr Dillspitzen. Verkauf Sch\u00fcttung f\u00fcr Kr\u00e4utergro\u00dfh\u00e4ndler und -verteiler FORDERN SIE IHRE KOSTENLOSE PROBE AN","og_url":"https:\/\/herbetwa.net\/de\/product\/dill-spitzen\/","og_site_name":"Herb Etwa","article_modified_time":"2022-05-18T08:20:00+00:00","og_image":[{"width":1024,"height":1024,"url":"https:\/\/herbetwa.net\/wp-content\/uploads\/2022\/04\/16-dill-tips-egypt-fine-cut-herb-etwa.jpg","type":"image\/jpeg"}],"twitter_card":"summary_large_image","twitter_misc":{"Gesch\u00e4tzte Lesezeit":"1\u00a0Minute"},"schema":{"@context":"https:\/\/schema.org","@graph":[{"@type":"WebPage","@id":"https:\/\/herbetwa.net\/de\/product\/dill-spitzen\/","url":"https:\/\/herbetwa.net\/de\/product\/dill-spitzen\/","name":"Dill-Tipp die in gro\u00dfen verkauft |Herb Etwa| JETZT zitieren","isPartOf":{"@id":"https:\/\/herbetwa.net\/en\/#website"},"primaryImageOfPage":{"@id":"https:\/\/herbetwa.net\/de\/product\/dill-spitzen\/#primaryimage"},"image":{"@id":"https:\/\/herbetwa.net\/de\/product\/dill-spitzen\/#primaryimage"},"thumbnailUrl":"https:\/\/herbetwa.net\/wp-content\/uploads\/2022\/04\/16-dill-tips-egypt-fine-cut-herb-etwa.jpg","datePublished":"2022-04-03T17:30:52+00:00","dateModified":"2022-05-18T08:20:00+00:00","description":"Vertrauensw\u00fcrdiger Kr\u00e4uterlieferant f\u00fcr Dillspitzen. Verkauf Sch\u00fcttung f\u00fcr Kr\u00e4utergro\u00dfh\u00e4ndler und -verteiler FORDERN SIE IHRE KOSTENLOSE PROBE AN","breadcrumb":{"@id":"https:\/\/herbetwa.net\/de\/product\/dill-spitzen\/#breadcrumb"},"inLanguage":"de","potentialAction":[{"@type":"ReadAction","target":["https:\/\/herbetwa.net\/de\/product\/dill-spitzen\/"]}]},{"@type":"ImageObject","inLanguage":"de","@id":"https:\/\/herbetwa.net\/de\/product\/dill-spitzen\/#primaryimage","url":"https:\/\/herbetwa.net\/wp-content\/uploads\/2022\/04\/16-dill-tips-egypt-fine-cut-herb-etwa.jpg","contentUrl":"https:\/\/herbetwa.net\/wp-content\/uploads\/2022\/04\/16-dill-tips-egypt-fine-cut-herb-etwa.jpg","width":1024,"height":1024,"caption":"Dill Tips of Egyptian origin Using as food ingredient Selling In bulk"},{"@type":"BreadcrumbList","@id":"https:\/\/herbetwa.net\/de\/product\/dill-spitzen\/#breadcrumb","itemListElement":[{"@type":"ListItem","position":1,"name":"Home","item":"https:\/\/herbetwa.net\/de\/"},{"@type":"ListItem","position":2,"name":"Dill Spitzen"}]},{"@type":"WebSite","@id":"https:\/\/herbetwa.net\/en\/#website","url":"https:\/\/herbetwa.net\/en\/","name":"Herb Etwa","description":"Herbs and Spices From Middle East","potentialAction":[{"@type":"SearchAction","target":{"@type":"EntryPoint","urlTemplate":"https:\/\/herbetwa.net\/en\/?s={search_term_string}"},"query-input":{"@type":"PropertyValueSpecification","valueRequired":true,"valueName":"search_term_string"}}],"inLanguage":"de"}]}},"_links":{"self":[{"href":"https:\/\/herbetwa.net\/de\/wp-json\/wp\/v2\/product\/1011","targetHints":{"allow":["GET"]}}],"collection":[{"href":"https:\/\/herbetwa.net\/de\/wp-json\/wp\/v2\/product"}],"about":[{"href":"https:\/\/herbetwa.net\/de\/wp-json\/wp\/v2\/types\/product"}],"wp:featuredmedia":[{"embeddable":true,"href":"https:\/\/herbetwa.net\/de\/wp-json\/wp\/v2\/media\/388"}],"wp:attachment":[{"href":"https:\/\/herbetwa.net\/de\/wp-json\/wp\/v2\/media?parent=1011"}],"wp:term":[{"taxonomy":"product-category","embeddable":true,"href":"https:\/\/herbetwa.net\/de\/wp-json\/wp\/v2\/product-category?post=1011"}],"curies":[{"name":"wp","href":"https:\/\/api.w.org\/{rel}","templated":true}]}}