{"id":1008,"date":"2022-04-03T20:29:57","date_gmt":"2022-04-03T17:29:57","guid":{"rendered":"https:\/\/herbetwa-com-842510.hostingersite.com\/product\/black-cumin\/"},"modified":"2022-05-18T11:21:12","modified_gmt":"2022-05-18T08:21:12","slug":"schwarzkuemmel","status":"publish","type":"product","link":"https:\/\/herbetwa.net\/de\/product\/schwarzkuemmel\/","title":{"rendered":"Shwarzk\u00fcmmel"},"content":{"rendered":"\n<p>Schwarzk\u00fcmmel (Nigella sativa) ist ein Gew\u00fcrz, das aufgrund seiner vielen gesundheitlichen Vorteile seit Tausenden von Jahren verwendet wird. Schwarzk\u00fcmmel enth\u00e4lt viele Antioxidantien und entz\u00fcndungshemmende Eigenschaften. Dieses Gew\u00fcrz kann zu Salaten, Suppen, Eint\u00f6pfen, Currys, Brot und sogar Smoothies hinzugef\u00fcgt werden.<\/p>\n\n\n\n<p>Die Samen werden als Gew\u00fcrz und Gew\u00fcrz in vielen Gerichten verwendet. Sie werden seit der Antike verwendet. Schwarzk\u00fcmmelsamen sind reich an Antioxidantien und enthalten hohe Mengen an Vitamin B6, Kalzium, Eisen, Magnesium, Mangan, Phosphor, Zink, Kupfer, Protein, Ballaststoffe und Omega-3-Fetts\u00e4uren. Schwarzk\u00fcmmelsamen enthalten einen hohen Anteil an Antioxidantien, die vor Krebs und Herzerkrankungen sch\u00fctzen.<\/p>\n\n\n\n<p>Schwarzk\u00fcmmel\u00f6l wird durch Wasserdampfdestillation und Kaltpressung aus den Samen gewonnen. Es hat einen nussigen Geschmack und kann zu Salatdressings, Saucen, Dips, Suppen, Eint\u00f6pfen, Currys und anderen Gerichten hinzugef\u00fcgt werden.<\/p>\n\n\n\n<p>Schwarzk\u00fcmmelbutter wird hergestellt, indem gemahlene Schwarzk\u00fcmmelsamen mit Kokosnuss\u00f6l gemischt und dann glatt ger\u00fchrt werden. Diese streichf\u00e4hige Butter enth\u00e4lt Omega-6-Fetts\u00e4uren, was sie zu einer gro\u00dfartigen Erg\u00e4nzung f\u00fcr Brot, Cracker, Kekse und Muffins macht<\/p>\n\n\n\n<p><strong>Name:<\/strong> Schwarzk\u00fcmmel, auch bekannt als Nigella Sativa, Nigella Sativa-Samen, Nigella Sativa oder Kalonji<\/p>\n\n\n\n<p><strong>Botanischer <\/strong>Name<strong>:<\/strong>Nigella sativa<\/p>\n\n\n\n<p><strong>Form:<\/strong> ganze Samen<\/p>\n\n\n\n<p><strong>Qualit\u00e4t: <\/strong>Nigella sativa Samen 97-99%<\/p>\n\n\n\n<p><strong>Paket: <\/strong>25 kg Nettogewicht PP-Beutel<\/p>\n\n\n\n<p><strong>Verf\u00fcgbarkeit: <\/strong>Die Ernte ist das ganze Jahr \u00fcber verf\u00fcgbar.<\/p>\n\n\n\n<p><strong>Beh\u00e4lterkapazit\u00e4t:<\/strong><\/p>\n\n\n\n<p>20 FCL-Container 13 Tonnen<\/p>\n\n\n\n<p>40 FCL-Container 25 Tonnen<\/p>\n\n\n\n<p><strong>Dieses Produkt ist auch in verschiedenen Formaten erh\u00e4ltlich:<\/strong><\/p>\n\n\n\n<p>\u00b7 Gereinigt<\/p>\n\n\n\n<p>\u00b7 Staub<\/p>\n\n\n\n<p><strong>Ursprung: <\/strong>\u00c4gypten<\/p>\n\n\n\n<figure class=\"wp-block-image size-full\"><img loading=\"lazy\" decoding=\"async\" width=\"1024\" height=\"1024\" src=\"https:\/\/herbetwa-com-842510.hostingersite.com\/wp-content\/uploads\/2022\/04\/15-black-cumin-egypt-herb-etwa.jpg\" alt=\"Black Cumin of Egyptian origin Using as food ingredient Selling In bulk\" class=\"wp-image-137\" srcset=\"https:\/\/herbetwa.net\/wp-content\/uploads\/2022\/04\/15-black-cumin-egypt-herb-etwa.jpg 1024w, https:\/\/herbetwa.net\/wp-content\/uploads\/2022\/04\/15-black-cumin-egypt-herb-etwa-300x300.jpg 300w, https:\/\/herbetwa.net\/wp-content\/uploads\/2022\/04\/15-black-cumin-egypt-herb-etwa-150x150.jpg 150w, https:\/\/herbetwa.net\/wp-content\/uploads\/2022\/04\/15-black-cumin-egypt-herb-etwa-768x768.jpg 768w\" sizes=\"auto, (max-width: 1024px) 100vw, 1024px\" \/><\/figure>\n","protected":false},"featured_media":386,"template":"","product-category":[24],"class_list":["post-1008","product","type-product","status-publish","has-post-thumbnail","hentry","product-category-gewurze"],"yoast_head":"<!-- This site is optimized with the Yoast SEO Premium plugin v16.6 (Yoast SEO v27.4) - https:\/\/yoast.com\/product\/yoast-seo-premium-wordpress\/ -->\n<title>Schwarzk\u00fcmmel Sch\u00fcttung verkaufen | Herb Etwa| JETZT zitieren<\/title>\n<meta name=\"description\" content=\"Vertrauensw\u00fcrdiger Kr\u00e4uterlieferant von Schwarzk\u00fcmmel. Verkauf Sch\u00fcttung f\u00fcr Kr\u00e4utergro\u00dfh\u00e4ndler und -verteiler FORDERN SIE IHRE KOSTENLOSE PROBE AN\" \/>\n<meta name=\"robots\" content=\"index, follow, max-snippet:-1, max-image-preview:large, max-video-preview:-1\" \/>\n<link rel=\"canonical\" href=\"https:\/\/herbetwa.net\/de\/product\/schwarzkuemmel\/\" \/>\n<meta property=\"og:locale\" content=\"de_DE\" \/>\n<meta property=\"og:type\" content=\"article\" \/>\n<meta property=\"og:title\" content=\"Shwarzk\u00fcmmel\" \/>\n<meta property=\"og:description\" content=\"Vertrauensw\u00fcrdiger Kr\u00e4uterlieferant von Schwarzk\u00fcmmel. Verkauf Sch\u00fcttung f\u00fcr Kr\u00e4utergro\u00dfh\u00e4ndler und -verteiler FORDERN SIE IHRE KOSTENLOSE PROBE AN\" \/>\n<meta property=\"og:url\" content=\"https:\/\/herbetwa.net\/de\/product\/schwarzkuemmel\/\" \/>\n<meta property=\"og:site_name\" content=\"Herb Etwa\" \/>\n<meta property=\"article:modified_time\" content=\"2022-05-18T08:21:12+00:00\" \/>\n<meta property=\"og:image\" content=\"https:\/\/herbetwa.net\/wp-content\/uploads\/2022\/04\/15-black-cumin-egypt-herb-etwa.jpg\" \/>\n\t<meta property=\"og:image:width\" content=\"1024\" \/>\n\t<meta property=\"og:image:height\" content=\"1024\" \/>\n\t<meta property=\"og:image:type\" content=\"image\/jpeg\" \/>\n<meta name=\"twitter:card\" content=\"summary_large_image\" \/>\n<meta name=\"twitter:label1\" content=\"Gesch\u00e4tzte Lesezeit\" \/>\n\t<meta name=\"twitter:data1\" content=\"2\u00a0Minuten\" \/>\n<script type=\"application\/ld+json\" class=\"yoast-schema-graph\">{\"@context\":\"https:\\\/\\\/schema.org\",\"@graph\":[{\"@type\":\"WebPage\",\"@id\":\"https:\\\/\\\/herbetwa.net\\\/de\\\/product\\\/schwarzkuemmel\\\/\",\"url\":\"https:\\\/\\\/herbetwa.net\\\/de\\\/product\\\/schwarzkuemmel\\\/\",\"name\":\"Schwarzk\u00fcmmel Sch\u00fcttung verkaufen | Herb Etwa| JETZT zitieren\",\"isPartOf\":{\"@id\":\"https:\\\/\\\/herbetwa.net\\\/en\\\/#website\"},\"primaryImageOfPage\":{\"@id\":\"https:\\\/\\\/herbetwa.net\\\/de\\\/product\\\/schwarzkuemmel\\\/#primaryimage\"},\"image\":{\"@id\":\"https:\\\/\\\/herbetwa.net\\\/de\\\/product\\\/schwarzkuemmel\\\/#primaryimage\"},\"thumbnailUrl\":\"https:\\\/\\\/herbetwa.net\\\/wp-content\\\/uploads\\\/2022\\\/04\\\/15-black-cumin-egypt-herb-etwa.jpg\",\"datePublished\":\"2022-04-03T17:29:57+00:00\",\"dateModified\":\"2022-05-18T08:21:12+00:00\",\"description\":\"Vertrauensw\u00fcrdiger Kr\u00e4uterlieferant von Schwarzk\u00fcmmel. Verkauf Sch\u00fcttung f\u00fcr Kr\u00e4utergro\u00dfh\u00e4ndler und -verteiler FORDERN SIE IHRE KOSTENLOSE PROBE AN\",\"breadcrumb\":{\"@id\":\"https:\\\/\\\/herbetwa.net\\\/de\\\/product\\\/schwarzkuemmel\\\/#breadcrumb\"},\"inLanguage\":\"de\",\"potentialAction\":[{\"@type\":\"ReadAction\",\"target\":[\"https:\\\/\\\/herbetwa.net\\\/de\\\/product\\\/schwarzkuemmel\\\/\"]}]},{\"@type\":\"ImageObject\",\"inLanguage\":\"de\",\"@id\":\"https:\\\/\\\/herbetwa.net\\\/de\\\/product\\\/schwarzkuemmel\\\/#primaryimage\",\"url\":\"https:\\\/\\\/herbetwa.net\\\/wp-content\\\/uploads\\\/2022\\\/04\\\/15-black-cumin-egypt-herb-etwa.jpg\",\"contentUrl\":\"https:\\\/\\\/herbetwa.net\\\/wp-content\\\/uploads\\\/2022\\\/04\\\/15-black-cumin-egypt-herb-etwa.jpg\",\"width\":1024,\"height\":1024,\"caption\":\"Black Cumin of Egyptian origin Using as food ingredient Selling In bulk\"},{\"@type\":\"BreadcrumbList\",\"@id\":\"https:\\\/\\\/herbetwa.net\\\/de\\\/product\\\/schwarzkuemmel\\\/#breadcrumb\",\"itemListElement\":[{\"@type\":\"ListItem\",\"position\":1,\"name\":\"Home\",\"item\":\"https:\\\/\\\/herbetwa.net\\\/de\\\/\"},{\"@type\":\"ListItem\",\"position\":2,\"name\":\"Shwarzk\u00fcmmel\"}]},{\"@type\":\"WebSite\",\"@id\":\"https:\\\/\\\/herbetwa.net\\\/en\\\/#website\",\"url\":\"https:\\\/\\\/herbetwa.net\\\/en\\\/\",\"name\":\"Herb Etwa\",\"description\":\"Herbs and Spices From Middle East\",\"potentialAction\":[{\"@type\":\"SearchAction\",\"target\":{\"@type\":\"EntryPoint\",\"urlTemplate\":\"https:\\\/\\\/herbetwa.net\\\/en\\\/?s={search_term_string}\"},\"query-input\":{\"@type\":\"PropertyValueSpecification\",\"valueRequired\":true,\"valueName\":\"search_term_string\"}}],\"inLanguage\":\"de\"}]}<\/script>\n<!-- \/ Yoast SEO Premium plugin. -->","yoast_head_json":{"title":"Schwarzk\u00fcmmel Sch\u00fcttung verkaufen | Herb Etwa| JETZT zitieren","description":"Vertrauensw\u00fcrdiger Kr\u00e4uterlieferant von Schwarzk\u00fcmmel. Verkauf Sch\u00fcttung f\u00fcr Kr\u00e4utergro\u00dfh\u00e4ndler und -verteiler FORDERN SIE IHRE KOSTENLOSE PROBE AN","robots":{"index":"index","follow":"follow","max-snippet":"max-snippet:-1","max-image-preview":"max-image-preview:large","max-video-preview":"max-video-preview:-1"},"canonical":"https:\/\/herbetwa.net\/de\/product\/schwarzkuemmel\/","og_locale":"de_DE","og_type":"article","og_title":"Shwarzk\u00fcmmel","og_description":"Vertrauensw\u00fcrdiger Kr\u00e4uterlieferant von Schwarzk\u00fcmmel. Verkauf Sch\u00fcttung f\u00fcr Kr\u00e4utergro\u00dfh\u00e4ndler und -verteiler FORDERN SIE IHRE KOSTENLOSE PROBE AN","og_url":"https:\/\/herbetwa.net\/de\/product\/schwarzkuemmel\/","og_site_name":"Herb Etwa","article_modified_time":"2022-05-18T08:21:12+00:00","og_image":[{"width":1024,"height":1024,"url":"https:\/\/herbetwa.net\/wp-content\/uploads\/2022\/04\/15-black-cumin-egypt-herb-etwa.jpg","type":"image\/jpeg"}],"twitter_card":"summary_large_image","twitter_misc":{"Gesch\u00e4tzte Lesezeit":"2\u00a0Minuten"},"schema":{"@context":"https:\/\/schema.org","@graph":[{"@type":"WebPage","@id":"https:\/\/herbetwa.net\/de\/product\/schwarzkuemmel\/","url":"https:\/\/herbetwa.net\/de\/product\/schwarzkuemmel\/","name":"Schwarzk\u00fcmmel Sch\u00fcttung verkaufen | Herb Etwa| JETZT zitieren","isPartOf":{"@id":"https:\/\/herbetwa.net\/en\/#website"},"primaryImageOfPage":{"@id":"https:\/\/herbetwa.net\/de\/product\/schwarzkuemmel\/#primaryimage"},"image":{"@id":"https:\/\/herbetwa.net\/de\/product\/schwarzkuemmel\/#primaryimage"},"thumbnailUrl":"https:\/\/herbetwa.net\/wp-content\/uploads\/2022\/04\/15-black-cumin-egypt-herb-etwa.jpg","datePublished":"2022-04-03T17:29:57+00:00","dateModified":"2022-05-18T08:21:12+00:00","description":"Vertrauensw\u00fcrdiger Kr\u00e4uterlieferant von Schwarzk\u00fcmmel. Verkauf Sch\u00fcttung f\u00fcr Kr\u00e4utergro\u00dfh\u00e4ndler und -verteiler FORDERN SIE IHRE KOSTENLOSE PROBE AN","breadcrumb":{"@id":"https:\/\/herbetwa.net\/de\/product\/schwarzkuemmel\/#breadcrumb"},"inLanguage":"de","potentialAction":[{"@type":"ReadAction","target":["https:\/\/herbetwa.net\/de\/product\/schwarzkuemmel\/"]}]},{"@type":"ImageObject","inLanguage":"de","@id":"https:\/\/herbetwa.net\/de\/product\/schwarzkuemmel\/#primaryimage","url":"https:\/\/herbetwa.net\/wp-content\/uploads\/2022\/04\/15-black-cumin-egypt-herb-etwa.jpg","contentUrl":"https:\/\/herbetwa.net\/wp-content\/uploads\/2022\/04\/15-black-cumin-egypt-herb-etwa.jpg","width":1024,"height":1024,"caption":"Black Cumin of Egyptian origin Using as food ingredient Selling In bulk"},{"@type":"BreadcrumbList","@id":"https:\/\/herbetwa.net\/de\/product\/schwarzkuemmel\/#breadcrumb","itemListElement":[{"@type":"ListItem","position":1,"name":"Home","item":"https:\/\/herbetwa.net\/de\/"},{"@type":"ListItem","position":2,"name":"Shwarzk\u00fcmmel"}]},{"@type":"WebSite","@id":"https:\/\/herbetwa.net\/en\/#website","url":"https:\/\/herbetwa.net\/en\/","name":"Herb Etwa","description":"Herbs and Spices From Middle East","potentialAction":[{"@type":"SearchAction","target":{"@type":"EntryPoint","urlTemplate":"https:\/\/herbetwa.net\/en\/?s={search_term_string}"},"query-input":{"@type":"PropertyValueSpecification","valueRequired":true,"valueName":"search_term_string"}}],"inLanguage":"de"}]}},"_links":{"self":[{"href":"https:\/\/herbetwa.net\/de\/wp-json\/wp\/v2\/product\/1008","targetHints":{"allow":["GET"]}}],"collection":[{"href":"https:\/\/herbetwa.net\/de\/wp-json\/wp\/v2\/product"}],"about":[{"href":"https:\/\/herbetwa.net\/de\/wp-json\/wp\/v2\/types\/product"}],"wp:featuredmedia":[{"embeddable":true,"href":"https:\/\/herbetwa.net\/de\/wp-json\/wp\/v2\/media\/386"}],"wp:attachment":[{"href":"https:\/\/herbetwa.net\/de\/wp-json\/wp\/v2\/media?parent=1008"}],"wp:term":[{"taxonomy":"product-category","embeddable":true,"href":"https:\/\/herbetwa.net\/de\/wp-json\/wp\/v2\/product-category?post=1008"}],"curies":[{"name":"wp","href":"https:\/\/api.w.org\/{rel}","templated":true}]}}