{"id":558,"date":"2022-03-29T08:30:32","date_gmt":"2022-03-29T05:30:32","guid":{"rendered":"https:\/\/herbetwa-com-842510.hostingersite.com\/about\/"},"modified":"2022-05-16T17:09:12","modified_gmt":"2022-05-16T14:09:12","slug":"ueber-uns","status":"publish","type":"page","link":"https:\/\/herbetwa.net\/de\/ueber-uns\/","title":{"rendered":"\u00dcber uns"},"content":{"rendered":"<p>[vc_section][vc_row][vc_column width=&#8220;2\/3&#8243;]<div id=\"ultimate-heading-41069f77ed84d57e\" class=\"uvc-heading ult-adjust-bottom-margin ultimate-heading-41069f77ed84d57e uvc-5922 \" data-hspacer=\"line_only\"  data-halign=\"left\" style=\"text-align:left\"><div class=\"uvc-main-heading ult-responsive\"  data-ultimate-target='.uvc-heading.ultimate-heading-41069f77ed84d57e h2'  data-responsive-json-new='{\"font-size\":\"\",\"line-height\":\"\"}' ><h2 style=\"font-weight:normal;\">Kr\u00e4uter und Gew\u00fcrze aus dem Nahen Osten<\/h2><\/div><div class=\"uvc-heading-spacer line_only\" style=\"topheight:1px;\"><span class=\"uvc-headings-line\" style=\"border-style:solid;border-bottom-width:1px;border-color:#b2c67c;width:autopx;\"><\/span><\/div><\/div>[vc_empty_space height=&#8220;16px&#8220;][vc_column_text]<b>Herb Etwa ist ein \u00e4gyptisch-t\u00fcrkisches Joint Venture, das die Welt mit Bio-Kr\u00e4utern und Gew\u00fcrzen versorgt. Als f\u00fchrender Exporteur auf diesem Gebiet bieten wir Ihnen hochwertige Massenprodukte zu wettbewerbsf\u00e4higen Preisen f\u00fcr Kr\u00e4uter- und Pflanzengro\u00dfh\u00e4ndler an.<\/b>[\/vc_column_text][vc_empty_space]<div id=\"ultimate-heading-707269f77ed84d5ba\" class=\"uvc-heading ult-adjust-bottom-margin ultimate-heading-707269f77ed84d5ba uvc-9695 \" data-hspacer=\"line_only\"  data-halign=\"left\" style=\"text-align:left\"><div class=\"uvc-main-heading ult-responsive\"  data-ultimate-target='.uvc-heading.ultimate-heading-707269f77ed84d5ba h2'  data-responsive-json-new='{\"font-size\":\"\",\"line-height\":\"\"}' ><h2 style=\"font-weight:normal;\">\u00dcber uns<\/h2><\/div><div class=\"uvc-heading-spacer line_only\" style=\"topheight:1px;\"><span class=\"uvc-headings-line\" style=\"border-style:solid;border-bottom-width:1px;border-color:#b2c67c;width:autopx;\"><\/span><\/div><\/div>[vc_empty_space height=&#8220;16px&#8220;][vc_column_text]<b>Wir verarbeiten, exportieren und vermarkten getrocknete Bio-Kr\u00e4uter, Pflanzen, Blumenschnitt, Gew\u00fcrze, Kr\u00e4utertee und gemahlene Samen, die in gro\u00dfen Mengen an Kr\u00e4utern Gro\u00dfh\u00e4ndler aus \u00c4gypten und der T\u00fcrkei verkauft werden<\/b>[\/vc_column_text][vc_empty_space][\/vc_column][vc_column width=&#8220;1\/3&#8243;][vc_single_image image=&#8220;506&#8243; img_size=&#8220;full&#8220;][\/vc_column][\/vc_row][vc_row][vc_column width=&#8220;1\/3&#8243;][vc_single_image image=&#8220;516&#8243; img_size=&#8220;full&#8220;][\/vc_column][vc_column width=&#8220;2\/3&#8243;]<div id=\"ultimate-heading-612169f77ed84d5e3\" class=\"uvc-heading ult-adjust-bottom-margin ultimate-heading-612169f77ed84d5e3 uvc-3785 \" data-hspacer=\"line_only\"  data-halign=\"left\" style=\"text-align:left\"><div class=\"uvc-main-heading ult-responsive\"  data-ultimate-target='.uvc-heading.ultimate-heading-612169f77ed84d5e3 h2'  data-responsive-json-new='{\"font-size\":\"\",\"line-height\":\"\"}' ><h2 style=\"font-weight:normal;\">Qualit\u00e4t und Vertrauen<\/h2><\/div><div class=\"uvc-heading-spacer line_only\" style=\"topheight:1px;\"><span class=\"uvc-headings-line\" style=\"border-style:solid;border-bottom-width:1px;border-color:#b2c67c;width:autopx;\"><\/span><\/div><\/div>[vc_empty_space height=&#8220;16px&#8220;][vc_column_text]<span style=\"font-weight: 400;\">Qualit\u00e4t und Vertrauen Wir verwenden nur die besten Kr\u00e4uter und Gew\u00fcrze aus \u00c4gypten und der T\u00fcrkei. So k\u00f6nnen Sie sicher sein, dass jedes Produkt von h\u00f6chster Qualit\u00e4t ist!<\/span><\/p>\n<p><span style=\"font-weight: 400;\">Da wir zertifizierte Mitglieder der \u00e4gyptischen Qualit\u00e4tskontrollbeh\u00f6rde f\u00fcr landwirtschaftliche Produkte sind, sind unsere Produkte 100 % nat\u00fcrliche Kr\u00e4uter und Pflanzenstoffe und frei von synthetischen Inhaltsstoffen. Pestizide, Insektizide, Fungizide, Herbizide, chemische D\u00fcngemittel und GMOs.<\/span><\/p>\n<p><span style=\"font-weight: 400;\">Wir verkaufen in gro\u00dfen Mengen zu Gro\u00dfhandelspreisen, wir bieten Rabatte f\u00fcr gro\u00dfe Bestellungen und versenden weltweit.<\/span><\/p>\n<p><span style=\"font-weight: 400;\">Unsere Produkte werden direkt von unserer Farm in \u00c4gypten und der T\u00fcrkei versendet. Wir garantieren, dass wir nur die besten Kr\u00e4uter verwenden. und wir bieten den besten Preis auf dem Markt.<\/span>[\/vc_column_text][\/vc_column][\/vc_row][\/vc_section][vc_row][vc_column][vc_empty_space][\/vc_column][\/vc_row][vc_section full_width=&#8220;stretch_row&#8220; css=&#8220;.vc_custom_1649410916265{background-color: #1b6a88 !important;}&#8220;][vc_row][vc_column width=&#8220;2\/3&#8243;]<div id=\"ultimate-heading-472169f77ed84d602\" class=\"uvc-heading ult-adjust-bottom-margin ultimate-heading-472169f77ed84d602 uvc-8894 \" data-hspacer=\"no_spacer\"  data-halign=\"center\" style=\"text-align:center\"><div class=\"uvc-heading-spacer no_spacer\" style=\"top\"><\/div><div class=\"uvc-main-heading ult-responsive\"  data-ultimate-target='.uvc-heading.ultimate-heading-472169f77ed84d602 h2'  data-responsive-json-new='{\"font-size\":\"\",\"line-height\":\"\"}' ><h2 style=\"font-weight:normal;color:#ffffff;\">Kontaktieren Sie uns f\u00fcr weitere Details<\/h2><\/div><\/div>[\/vc_column][vc_column width=&#8220;1\/3&#8243;]<div class=\" ubtn-ctn-center \"><a class=\"ubtn-link ult-adjust-bottom-margin ubtn-center ubtn-block \" href=\"https:\/\/herbetwa.test\/en\/contact\/\" title=\"Contact us\" ><button type=\"button\" id=\"ubtn-6489\"  class=\"ubtn ult-adjust-bottom-margin ult-responsive ubtn-block ubtn-fade-bg  ulta-shrink  ubtn-center   tooltip-69f77ed84d635 ubtn-block\"  data-hover=\"#b2c67c\" data-border-color=\"\" data-bg=\"#b2c67c\" data-hover-bg=\"#ffffff\" data-border-hover=\"\" data-shadow-hover=\"\" data-shadow-click=\"none\" data-shadow=\"\" data-shd-shadow=\"\"  data-ultimate-target='#ubtn-6489'  data-responsive-json-new='{\"font-size\":\"desktop:18px;\",\"line-height\":\"\"}'  style=\"font-weight:normal;border:none;background: #b2c67c;color: #ffffff;\"><span class=\"ubtn-hover\" style=\"background-color:#ffffff\"><\/span><span class=\"ubtn-data ubtn-text \" >Kontaktieren Sie uns <\/span><\/button><\/a><\/div>[\/vc_column][\/vc_row][\/vc_section]<\/p>\n","protected":false},"excerpt":{"rendered":"<p>[vc_section][vc_row][vc_column width=&#8220;2\/3&#8243;][vc_empty_space height=&#8220;16px&#8220;][vc_column_text]Herb Etwa ist ein \u00e4gyptisch-t\u00fcrkisches Joint Venture, das die Welt mit Bio-Kr\u00e4utern und Gew\u00fcrzen versorgt. Als f\u00fchrender Exporteur auf diesem Gebiet bieten wir Ihnen hochwertige Massenprodukte zu wettbewerbsf\u00e4higen Preisen f\u00fcr Kr\u00e4uter- und Pflanzengro\u00dfh\u00e4ndler an.[\/vc_column_text][vc_empty_space][vc_empty_space height=&#8220;16px&#8220;][vc_column_text]Wir verarbeiten, exportieren und vermarkten getrocknete Bio-Kr\u00e4uter, Pflanzen, Blumenschnitt, Gew\u00fcrze, Kr\u00e4utertee und gemahlene Samen, die in gro\u00dfen Mengen an [&hellip;]<\/p>\n","protected":false},"author":1,"featured_media":0,"parent":0,"menu_order":0,"comment_status":"closed","ping_status":"closed","template":"","meta":{"footnotes":""},"class_list":["post-558","page","type-page","status-publish","hentry"],"yoast_head":"<!-- This site is optimized with the Yoast SEO Premium plugin v16.6 (Yoast SEO v27.4) - https:\/\/yoast.com\/product\/yoast-seo-premium-wordpress\/ -->\n<title>\u00dcber uns - Export trockene kr\u00e4uter &amp; Gew\u00fcrzen - Herb Etwa<\/title>\n<meta name=\"description\" content=\"Herb etwa is export organischen getrockneten kr\u00e4utern, pflanzen, gew\u00fcrzen, kr\u00e4utertee, gemahlenen samen gro\u00dfen mengen an kr\u00e4utergro\u00df h\u00e4ndler verkauft\" \/>\n<meta name=\"robots\" content=\"index, follow, max-snippet:-1, max-image-preview:large, max-video-preview:-1\" \/>\n<link rel=\"canonical\" href=\"https:\/\/herbetwa.net\/de\/ueber-uns\/\" \/>\n<meta property=\"og:locale\" content=\"de_DE\" \/>\n<meta property=\"og:type\" content=\"article\" \/>\n<meta property=\"og:title\" content=\"\u00dcber uns\" \/>\n<meta property=\"og:description\" content=\"Herb etwa is export organischen getrockneten kr\u00e4utern, pflanzen, gew\u00fcrzen, kr\u00e4utertee, gemahlenen samen gro\u00dfen mengen an kr\u00e4utergro\u00df h\u00e4ndler verkauft\" \/>\n<meta property=\"og:url\" content=\"https:\/\/herbetwa.net\/de\/ueber-uns\/\" \/>\n<meta property=\"og:site_name\" content=\"Herb Etwa\" \/>\n<meta property=\"article:modified_time\" content=\"2022-05-16T14:09:12+00:00\" \/>\n<meta name=\"twitter:card\" content=\"summary_large_image\" \/>\n<meta name=\"twitter:label1\" content=\"Gesch\u00e4tzte Lesezeit\" \/>\n\t<meta name=\"twitter:data1\" content=\"2\u00a0Minuten\" \/>\n<script type=\"application\/ld+json\" class=\"yoast-schema-graph\">{\"@context\":\"https:\\\/\\\/schema.org\",\"@graph\":[{\"@type\":\"WebPage\",\"@id\":\"https:\\\/\\\/herbetwa.net\\\/de\\\/ueber-uns\\\/\",\"url\":\"https:\\\/\\\/herbetwa.net\\\/de\\\/ueber-uns\\\/\",\"name\":\"\u00dcber uns - Export trockene kr\u00e4uter & Gew\u00fcrzen - Herb Etwa\",\"isPartOf\":{\"@id\":\"https:\\\/\\\/herbetwa.net\\\/en\\\/#website\"},\"datePublished\":\"2022-03-29T05:30:32+00:00\",\"dateModified\":\"2022-05-16T14:09:12+00:00\",\"description\":\"Herb etwa is export organischen getrockneten kr\u00e4utern, pflanzen, gew\u00fcrzen, kr\u00e4utertee, gemahlenen samen gro\u00dfen mengen an kr\u00e4utergro\u00df h\u00e4ndler verkauft\",\"breadcrumb\":{\"@id\":\"https:\\\/\\\/herbetwa.net\\\/de\\\/ueber-uns\\\/#breadcrumb\"},\"inLanguage\":\"de\",\"potentialAction\":[{\"@type\":\"ReadAction\",\"target\":[\"https:\\\/\\\/herbetwa.net\\\/de\\\/ueber-uns\\\/\"]}]},{\"@type\":\"BreadcrumbList\",\"@id\":\"https:\\\/\\\/herbetwa.net\\\/de\\\/ueber-uns\\\/#breadcrumb\",\"itemListElement\":[{\"@type\":\"ListItem\",\"position\":1,\"name\":\"Home\",\"item\":\"https:\\\/\\\/herbetwa.net\\\/de\\\/\"},{\"@type\":\"ListItem\",\"position\":2,\"name\":\"\u00dcber uns\"}]},{\"@type\":\"WebSite\",\"@id\":\"https:\\\/\\\/herbetwa.net\\\/en\\\/#website\",\"url\":\"https:\\\/\\\/herbetwa.net\\\/en\\\/\",\"name\":\"Herb Etwa\",\"description\":\"Herbs and Spices From Middle East\",\"potentialAction\":[{\"@type\":\"SearchAction\",\"target\":{\"@type\":\"EntryPoint\",\"urlTemplate\":\"https:\\\/\\\/herbetwa.net\\\/en\\\/?s={search_term_string}\"},\"query-input\":{\"@type\":\"PropertyValueSpecification\",\"valueRequired\":true,\"valueName\":\"search_term_string\"}}],\"inLanguage\":\"de\"}]}<\/script>\n<!-- \/ Yoast SEO Premium plugin. -->","yoast_head_json":{"title":"\u00dcber uns - Export trockene kr\u00e4uter & Gew\u00fcrzen - Herb Etwa","description":"Herb etwa is export organischen getrockneten kr\u00e4utern, pflanzen, gew\u00fcrzen, kr\u00e4utertee, gemahlenen samen gro\u00dfen mengen an kr\u00e4utergro\u00df h\u00e4ndler verkauft","robots":{"index":"index","follow":"follow","max-snippet":"max-snippet:-1","max-image-preview":"max-image-preview:large","max-video-preview":"max-video-preview:-1"},"canonical":"https:\/\/herbetwa.net\/de\/ueber-uns\/","og_locale":"de_DE","og_type":"article","og_title":"\u00dcber uns","og_description":"Herb etwa is export organischen getrockneten kr\u00e4utern, pflanzen, gew\u00fcrzen, kr\u00e4utertee, gemahlenen samen gro\u00dfen mengen an kr\u00e4utergro\u00df h\u00e4ndler verkauft","og_url":"https:\/\/herbetwa.net\/de\/ueber-uns\/","og_site_name":"Herb Etwa","article_modified_time":"2022-05-16T14:09:12+00:00","twitter_card":"summary_large_image","twitter_misc":{"Gesch\u00e4tzte Lesezeit":"2\u00a0Minuten"},"schema":{"@context":"https:\/\/schema.org","@graph":[{"@type":"WebPage","@id":"https:\/\/herbetwa.net\/de\/ueber-uns\/","url":"https:\/\/herbetwa.net\/de\/ueber-uns\/","name":"\u00dcber uns - Export trockene kr\u00e4uter & Gew\u00fcrzen - Herb Etwa","isPartOf":{"@id":"https:\/\/herbetwa.net\/en\/#website"},"datePublished":"2022-03-29T05:30:32+00:00","dateModified":"2022-05-16T14:09:12+00:00","description":"Herb etwa is export organischen getrockneten kr\u00e4utern, pflanzen, gew\u00fcrzen, kr\u00e4utertee, gemahlenen samen gro\u00dfen mengen an kr\u00e4utergro\u00df h\u00e4ndler verkauft","breadcrumb":{"@id":"https:\/\/herbetwa.net\/de\/ueber-uns\/#breadcrumb"},"inLanguage":"de","potentialAction":[{"@type":"ReadAction","target":["https:\/\/herbetwa.net\/de\/ueber-uns\/"]}]},{"@type":"BreadcrumbList","@id":"https:\/\/herbetwa.net\/de\/ueber-uns\/#breadcrumb","itemListElement":[{"@type":"ListItem","position":1,"name":"Home","item":"https:\/\/herbetwa.net\/de\/"},{"@type":"ListItem","position":2,"name":"\u00dcber uns"}]},{"@type":"WebSite","@id":"https:\/\/herbetwa.net\/en\/#website","url":"https:\/\/herbetwa.net\/en\/","name":"Herb Etwa","description":"Herbs and Spices From Middle East","potentialAction":[{"@type":"SearchAction","target":{"@type":"EntryPoint","urlTemplate":"https:\/\/herbetwa.net\/en\/?s={search_term_string}"},"query-input":{"@type":"PropertyValueSpecification","valueRequired":true,"valueName":"search_term_string"}}],"inLanguage":"de"}]}},"_links":{"self":[{"href":"https:\/\/herbetwa.net\/de\/wp-json\/wp\/v2\/pages\/558","targetHints":{"allow":["GET"]}}],"collection":[{"href":"https:\/\/herbetwa.net\/de\/wp-json\/wp\/v2\/pages"}],"about":[{"href":"https:\/\/herbetwa.net\/de\/wp-json\/wp\/v2\/types\/page"}],"author":[{"embeddable":true,"href":"https:\/\/herbetwa.net\/de\/wp-json\/wp\/v2\/users\/1"}],"replies":[{"embeddable":true,"href":"https:\/\/herbetwa.net\/de\/wp-json\/wp\/v2\/comments?post=558"}],"version-history":[{"count":5,"href":"https:\/\/herbetwa.net\/de\/wp-json\/wp\/v2\/pages\/558\/revisions"}],"predecessor-version":[{"id":1163,"href":"https:\/\/herbetwa.net\/de\/wp-json\/wp\/v2\/pages\/558\/revisions\/1163"}],"wp:attachment":[{"href":"https:\/\/herbetwa.net\/de\/wp-json\/wp\/v2\/media?parent=558"}],"curies":[{"name":"wp","href":"https:\/\/api.w.org\/{rel}","templated":true}]}}